{"id":47763,"date":"2015-09-24T10:31:22","date_gmt":"2015-09-24T10:31:22","guid":{"rendered":"http:\/\/enseyes.com\/natlinser\/"},"modified":"2021-04-20T10:57:43","modified_gmt":"2021-04-20T09:57:43","slug":"natlinser","status":"publish","type":"page","link":"https:\/\/enseyes.com\/fi\/natlinser\/","title":{"rendered":"Y\u00f6linssit"},"content":{"rendered":"<div class=\"wpb-content-wrapper\"><p>[vc_row][vc_column][vc_column_text]<\/p>\n<h2>TARKKA N\u00c4K\u00d6 \u2013 ILMAN SILM\u00c4LASEJA TAI PIILOLINSSEJ\u00c4<\/h2>\n<p>Haluatko n\u00e4hd\u00e4 tarkasti ilman silm\u00e4laseja tai piilolinssej\u00e4 joka p\u00e4iv\u00e4? Innovatiivisilla y\u00f6linsseill\u00e4 toiveesi voi toteutua. Y\u00f6linssi on kiinte\u00e4 piilolinssi, jonka ominaisuudet ovat t\u00e4ysin ainutlaatuiset. Y\u00f6linssej\u00e4 k\u00e4ytet\u00e4\u00e4n nimens\u00e4 mukaisesti y\u00f6ll\u00e4. Nukkuessasi y\u00f6linssi muokkaa sarveiskalvoasi. Kun her\u00e4\u00e4t aamulla, poistat linssit silmist\u00e4 ja n\u00e4et tarkasti koko p\u00e4iv\u00e4n ajan ilman silm\u00e4laseja tai piilolinssej\u00e4.[\/vc_column_text][vc_video link=&#8221;https:\/\/vimeo.com\/333107969&#8243;][\/vc_column][\/vc_row][vc_row][vc_column][vc_column_text]<\/p>\n<h4>Vaihtoehto laserleikkaukselle<\/h4>\n<p>Ortokeratologisen* menetelm\u00e4n avulla tehty korjaus ei ole lopullinen, kuten leikkauksessa. Kun lopetat y\u00f6linssien k\u00e4yt\u00f6n, n\u00e4k\u00f6si palautuu takaisin l\u00e4ht\u00f6tilanteeseen. Y\u00f6linssien ja leikkauksen lopputulokset ovat kuitenkin vertailukelpoisia. Tarkka n\u00e4k\u00f6 ilman silm\u00e4laseja tai piilolinssej\u00e4. Y\u00f6linssit ovat riskit\u00f6n vaihtoehto.<\/p>\n<h4>N\u00e4in y\u00f6linssit toimivat<\/h4>\n<p>Y\u00f6linssit muokkaavat silm\u00e4n sarveiskalvoa nukkuessasi, ja seuraavana p\u00e4iv\u00e4n\u00e4 n\u00e4et tarkasti. Jo ensimm\u00e4isen y\u00f6n j\u00e4lkeen huomaat selv\u00e4n eron, ja yleens\u00e4 y\u00f6linssien lopullinen tulos saavutetaan 3-12 p\u00e4iv\u00e4ss\u00e4. Y\u00f6linssien vaikutus kest\u00e4\u00e4 koko p\u00e4iv\u00e4n, v\u00e4hint\u00e4\u00e4n 16 tuntia. Mit\u00e4 pienempi vahvuus, sit\u00e4 pidemp\u00e4\u00e4n teho kest\u00e4\u00e4.<\/p>\n<h4>Sarveiskalvon joustavuus mahdollistaa korjauksen<\/h4>\n<p>Ortokeratologisessa prosessissa hy\u00f6dynnet\u00e4\u00e4n sarveiskalvon elastisuutta. Y\u00f6n aikana linssi muokkaa sarveiskalvoa hienovaraisesti mikrometrin tarkkuudella kuin muotin painalluksesta. T\u00e4m\u00e4n muokkauksen tulos s\u00e4ilyy v\u00e4hint\u00e4\u00e4n 16 tuntia, jonka j\u00e4lkeen sarveiskalvo palaa takaisin luonnolliseen muotoonsa.<\/p>\n<h4>Palautuva korjaus<\/h4>\n<p>Ortokeratologisen prosessin aikaansaama korjaus on palautuva, mik\u00e4 tarkoittaa sit\u00e4, ett\u00e4 kun lopetat y\u00f6linssien k\u00e4yt\u00f6n, sarveiskalvo palautuu takaisin luonnolliseen muotoonsa lyhyess\u00e4 ajassa.<\/p>\n<h4>Sopii useimmille likin\u00e4k\u00f6isille<\/h4>\n<p>Y\u00f6linssit korjaavat likin\u00e4k\u00f6\u00e4 -5,50 dioptriaan asti. Noin 75 % kaikista likin\u00e4k\u00f6isist\u00e4 kuuluu t\u00e4h\u00e4n kategoriaan. Y\u00f6linsseill\u00e4 voidaan korjata my\u00f6s taittovirheit\u00e4 -2,50 dioptriaan asti, ja l\u00e4hilis\u00e4 voi olla korkeintaan +1,75 dioptriaa.<\/p>\n<h4>Vain ammattilaisen sovittamana<\/h4>\n<p>Y\u00f6linssej\u00e4 voi k\u00e4ytt\u00e4\u00e4 vain terveiss\u00e4 silmiss\u00e4. Piilolinssien ammattilainen tekee aina arvion siit\u00e4, sopivatko y\u00f6linssit juuri sinun silmiisi. Y\u00f6linssit sovitetaan yksil\u00f6llisesti tarkkojen topografiamittausten** perusteella, joten ne valmistetaan juuri sinun silmiisi sopiviksi. Alussa tarkastusk\u00e4yntej\u00e4 on p\u00e4ivitt\u00e4in, jotta voidaan varmistua siit\u00e4, ett\u00e4 linssien toivottu teho saavutetaan. My\u00f6hemmin tarkastusk\u00e4yntej\u00e4 on kuuden kuukauden v\u00e4lein.<\/p>\n<h4>Likin\u00e4k\u00f6isyys<\/h4>\n<p>Useiden tutkimusten*** mukaan y\u00f6linssien k\u00e4ytt\u00f6 jarruttaa likin\u00e4k\u00f6isyyden kehittymist\u00e4. T\u00e4m\u00e4 tarkoittaa sit\u00e4, ett\u00e4 jos 12-vuotias lapsi, jonka n\u00e4k\u00f6 on -1,00 dioptria, aloittaa silm\u00e4lasien tai tavallisten piilolinssien k\u00e4yt\u00f6n, n\u00e4\u00f6ntarkkuus aikuisena on -3,00 ja -4,00 dioptrian v\u00e4lill\u00e4, kun taas 12-vuotiaan, jonka n\u00e4k\u00f6 on -1,00 dioptriaa ja joka aloittaa y\u00f6linssien k\u00e4yt\u00f6n, n\u00e4\u00f6ntarkkuus on aikuisena -2,00 dioptrian paikkeilla.<\/p>\n<h4>Kysymyksi\u00e4 ja vastauksia<\/h4>\n<p><a href=\"http:\/\/enseyes.com\/fi\/natlinser\/sporgsmal-og-svar\/\">Lue kysymyksi\u00e4 ja vastauksia t\u00e4\u00e4lt\u00e4.<\/a><\/p>\n<p><a href=\"https:\/\/enseyes.com\/fi\/forskningsprojekt\/\">Artikla<\/a>[\/vc_column_text][\/vc_column][\/vc_row]<\/p>\n<\/div>","protected":false},"excerpt":{"rendered":"<p>[vc_row][vc_column][vc_column_text] TARKKA N\u00c4K\u00d6 \u2013 ILMAN SILM\u00c4LASEJA TAI PIILOLINSSEJ\u00c4 Haluatko n\u00e4hd\u00e4 tarkasti ilman silm\u00e4laseja tai piilolinssej\u00e4 joka p\u00e4iv\u00e4? Innovatiivisilla y\u00f6linsseill\u00e4 toiveesi voi toteutua. Y\u00f6linssi on kiinte\u00e4 piilolinssi, jonka ominaisuudet ovat t\u00e4ysin ainutlaatuiset. Y\u00f6linssej\u00e4 k\u00e4ytet\u00e4\u00e4n nimens\u00e4 mukaisesti y\u00f6ll\u00e4. Nukkuessasi y\u00f6linssi muokkaa sarveiskalvoasi.<\/p>\n","protected":false},"author":1,"featured_media":0,"parent":0,"menu_order":0,"comment_status":"closed","ping_status":"closed","template":"templates\/over-category.php","meta":{"_acf_changed":false,"footnotes":""},"class_list":["post-47763","page","type-page","status-publish","hentry"],"acf":[],"yoast_head":"<!-- This site is optimized with the Yoast SEO plugin v27.4 - https:\/\/yoast.com\/product\/yoast-seo-wordpress\/ -->\n<title>Y\u00f6linssit - EnsEyes<\/title>\n<meta name=\"robots\" content=\"index, follow, max-snippet:-1, max-image-preview:large, max-video-preview:-1\" \/>\n<link rel=\"canonical\" href=\"https:\/\/enseyes.com\/fi\/natlinser\/\" \/>\n<meta property=\"og:locale\" content=\"fi_FI\" \/>\n<meta property=\"og:type\" content=\"article\" \/>\n<meta property=\"og:title\" content=\"Y\u00f6linssit - EnsEyes\" \/>\n<meta property=\"og:description\" content=\"[vc_row][vc_column][vc_column_text] TARKKA N\u00c4K\u00d6 \u2013 ILMAN SILM\u00c4LASEJA TAI PIILOLINSSEJ\u00c4 Haluatko n\u00e4hd\u00e4 tarkasti ilman silm\u00e4laseja tai piilolinssej\u00e4 joka p\u00e4iv\u00e4? Innovatiivisilla y\u00f6linsseill\u00e4 toiveesi voi toteutua. Y\u00f6linssi on kiinte\u00e4 piilolinssi, jonka ominaisuudet ovat t\u00e4ysin ainutlaatuiset. Y\u00f6linssej\u00e4 k\u00e4ytet\u00e4\u00e4n nimens\u00e4 mukaisesti y\u00f6ll\u00e4. Nukkuessasi y\u00f6linssi muokkaa sarveiskalvoasi.\" \/>\n<meta property=\"og:url\" content=\"https:\/\/enseyes.com\/fi\/natlinser\/\" \/>\n<meta property=\"og:site_name\" content=\"EnsEyes\" \/>\n<meta property=\"article:modified_time\" content=\"2021-04-20T09:57:43+00:00\" \/>\n<meta name=\"twitter:card\" content=\"summary_large_image\" \/>\n<meta name=\"twitter:label1\" content=\"Arvioitu lukuaika\" \/>\n\t<meta name=\"twitter:data1\" content=\"2 minuuttia\" \/>\n<script type=\"application\/ld+json\" class=\"yoast-schema-graph\">{\"@context\":\"https:\\\/\\\/schema.org\",\"@graph\":[{\"@type\":\"WebPage\",\"@id\":\"https:\\\/\\\/enseyes.com\\\/fi\\\/natlinser\\\/\",\"url\":\"https:\\\/\\\/enseyes.com\\\/fi\\\/natlinser\\\/\",\"name\":\"Y\u00f6linssit - EnsEyes\",\"isPartOf\":{\"@id\":\"https:\\\/\\\/enseyes.com\\\/sv\\\/#website\"},\"datePublished\":\"2015-09-24T10:31:22+00:00\",\"dateModified\":\"2021-04-20T09:57:43+00:00\",\"breadcrumb\":{\"@id\":\"https:\\\/\\\/enseyes.com\\\/fi\\\/natlinser\\\/#breadcrumb\"},\"inLanguage\":\"fi\",\"potentialAction\":[{\"@type\":\"ReadAction\",\"target\":[\"https:\\\/\\\/enseyes.com\\\/fi\\\/natlinser\\\/\"]}]},{\"@type\":\"BreadcrumbList\",\"@id\":\"https:\\\/\\\/enseyes.com\\\/fi\\\/natlinser\\\/#breadcrumb\",\"itemListElement\":[{\"@type\":\"ListItem\",\"position\":1,\"name\":\"Hjem\",\"item\":\"https:\\\/\\\/enseyes.com\\\/fi\\\/\"},{\"@type\":\"ListItem\",\"position\":2,\"name\":\"Y\u00f6linssit\"}]},{\"@type\":\"WebSite\",\"@id\":\"https:\\\/\\\/enseyes.com\\\/sv\\\/#website\",\"url\":\"https:\\\/\\\/enseyes.com\\\/sv\\\/\",\"name\":\"EnsEyes\",\"description\":\"Cornea Care\",\"potentialAction\":[{\"@type\":\"SearchAction\",\"target\":{\"@type\":\"EntryPoint\",\"urlTemplate\":\"https:\\\/\\\/enseyes.com\\\/sv\\\/?s={search_term_string}\"},\"query-input\":{\"@type\":\"PropertyValueSpecification\",\"valueRequired\":true,\"valueName\":\"search_term_string\"}}],\"inLanguage\":\"fi\"}]}<\/script>\n<!-- \/ Yoast SEO plugin. -->","yoast_head_json":{"title":"Y\u00f6linssit - EnsEyes","robots":{"index":"index","follow":"follow","max-snippet":"max-snippet:-1","max-image-preview":"max-image-preview:large","max-video-preview":"max-video-preview:-1"},"canonical":"https:\/\/enseyes.com\/fi\/natlinser\/","og_locale":"fi_FI","og_type":"article","og_title":"Y\u00f6linssit - EnsEyes","og_description":"[vc_row][vc_column][vc_column_text] TARKKA N\u00c4K\u00d6 \u2013 ILMAN SILM\u00c4LASEJA TAI PIILOLINSSEJ\u00c4 Haluatko n\u00e4hd\u00e4 tarkasti ilman silm\u00e4laseja tai piilolinssej\u00e4 joka p\u00e4iv\u00e4? Innovatiivisilla y\u00f6linsseill\u00e4 toiveesi voi toteutua. Y\u00f6linssi on kiinte\u00e4 piilolinssi, jonka ominaisuudet ovat t\u00e4ysin ainutlaatuiset. Y\u00f6linssej\u00e4 k\u00e4ytet\u00e4\u00e4n nimens\u00e4 mukaisesti y\u00f6ll\u00e4. Nukkuessasi y\u00f6linssi muokkaa sarveiskalvoasi.","og_url":"https:\/\/enseyes.com\/fi\/natlinser\/","og_site_name":"EnsEyes","article_modified_time":"2021-04-20T09:57:43+00:00","twitter_card":"summary_large_image","twitter_misc":{"Arvioitu lukuaika":"2 minuuttia"},"schema":{"@context":"https:\/\/schema.org","@graph":[{"@type":"WebPage","@id":"https:\/\/enseyes.com\/fi\/natlinser\/","url":"https:\/\/enseyes.com\/fi\/natlinser\/","name":"Y\u00f6linssit - EnsEyes","isPartOf":{"@id":"https:\/\/enseyes.com\/sv\/#website"},"datePublished":"2015-09-24T10:31:22+00:00","dateModified":"2021-04-20T09:57:43+00:00","breadcrumb":{"@id":"https:\/\/enseyes.com\/fi\/natlinser\/#breadcrumb"},"inLanguage":"fi","potentialAction":[{"@type":"ReadAction","target":["https:\/\/enseyes.com\/fi\/natlinser\/"]}]},{"@type":"BreadcrumbList","@id":"https:\/\/enseyes.com\/fi\/natlinser\/#breadcrumb","itemListElement":[{"@type":"ListItem","position":1,"name":"Hjem","item":"https:\/\/enseyes.com\/fi\/"},{"@type":"ListItem","position":2,"name":"Y\u00f6linssit"}]},{"@type":"WebSite","@id":"https:\/\/enseyes.com\/sv\/#website","url":"https:\/\/enseyes.com\/sv\/","name":"EnsEyes","description":"Cornea Care","potentialAction":[{"@type":"SearchAction","target":{"@type":"EntryPoint","urlTemplate":"https:\/\/enseyes.com\/sv\/?s={search_term_string}"},"query-input":{"@type":"PropertyValueSpecification","valueRequired":true,"valueName":"search_term_string"}}],"inLanguage":"fi"}]}},"_links":{"self":[{"href":"https:\/\/enseyes.com\/fi\/wp-json\/wp\/v2\/pages\/47763","targetHints":{"allow":["GET"]}}],"collection":[{"href":"https:\/\/enseyes.com\/fi\/wp-json\/wp\/v2\/pages"}],"about":[{"href":"https:\/\/enseyes.com\/fi\/wp-json\/wp\/v2\/types\/page"}],"author":[{"embeddable":true,"href":"https:\/\/enseyes.com\/fi\/wp-json\/wp\/v2\/users\/1"}],"replies":[{"embeddable":true,"href":"https:\/\/enseyes.com\/fi\/wp-json\/wp\/v2\/comments?post=47763"}],"version-history":[{"count":0,"href":"https:\/\/enseyes.com\/fi\/wp-json\/wp\/v2\/pages\/47763\/revisions"}],"wp:attachment":[{"href":"https:\/\/enseyes.com\/fi\/wp-json\/wp\/v2\/media?parent=47763"}],"curies":[{"name":"wp","href":"https:\/\/api.w.org\/{rel}","templated":true}]}}