{"id":47776,"date":"2015-09-24T10:32:03","date_gmt":"2015-09-24T10:32:03","guid":{"rendered":"http:\/\/enseyes.com\/produkter\/"},"modified":"2022-10-17T12:15:56","modified_gmt":"2022-10-17T11:15:56","slug":"produkter","status":"publish","type":"page","link":"https:\/\/enseyes.com\/fi\/produkter\/","title":{"rendered":"Tuotteet"},"content":{"rendered":"<div class=\"wpb-content-wrapper\"><p>[vc_row][vc_column][vc_single_image image=&#8221;49994&#8243; img_size=&#8221;large&#8221; onclick=&#8221;custom_link&#8221; link=&#8221;https:\/\/enseyes.com\/fi\/produkter\/topografisesti-sovitetut-linssit\/&#8221;][\/vc_column][\/vc_row][vc_row][vc_column][vc_column_text]<\/p>\n<h4><a href=\"https:\/\/enseyes.com\/fi\/produkter\/topografisesti-sovitetut-linssit\/\">Topografisesti mukautetut linssit<\/a><\/h4>\n<p>Onko sinulla piilolinsseiss\u00e4si ongelmia? Topografisesti mukautettujen linssien avulla saat ainutlaatuisen muotoilun, joka sopii juuri sinun silm\u00e4si. Innovatiivisten linssien avulla saat nopeamman istuvuuden, paremman mukavuuden ja ter\u00e4v\u00e4n n\u00e4k\u00f6isen koko p\u00e4iv\u00e4n.<br \/>\n<a href=\"https:\/\/enseyes.com\/fi\/produkter\/topografisesti-sovitetut-linssit\/\">Katso lis\u00e4\u00e4 t\u00e4\u00e4lt\u00e4<\/a><\/p>\n<hr \/>\n<p>[\/vc_column_text][\/vc_column][\/vc_row][vc_row][vc_column][vc_single_image image=&#8221;50094&#8243; img_size=&#8221;large&#8221; onclick=&#8221;custom_link&#8221; link=&#8221;https:\/\/enseyes.com\/fi\/produkter\/med\/&#8221;][\/vc_column][\/vc_row][vc_row][vc_column][vc_column_text]<\/p>\n<h4><a href=\"https:\/\/enseyes.com\/fi\/produkter\/med\/\">L\u00e4\u00e4ketieteelliset linssit<\/a><\/h4>\n<p>L\u00e4\u00e4ketieteelliset linssimme on suunniteltu erityisesti keratokonus, ep\u00e4s\u00e4\u00e4nn\u00f6llinen sarveiskalvo, herk\u00e4t silm\u00e4t ja taittumisen j\u00e4lkeiset leikkaukset.<br \/>\nMuu kuin:<\/p>\n<ul>\n<li>S\u00e4\u00e4nn\u00f6llinen cornea<\/li>\n<li>PMD<\/li>\n<li>Post Graft<\/li>\n<li>ICRS<\/li>\n<li>Sj\u00f6grens Oireyhtym\u00e4<\/li>\n<li>Corneal Trauma<\/li>\n<li>Facialisparese<\/li>\n<\/ul>\n<p><a href=\"https:\/\/enseyes.com\/fi\/produkter\/med\/\">Katso lis\u00e4\u00e4 t\u00e4\u00e4lt\u00e4<\/a><\/p>\n<hr \/>\n<p>[\/vc_column_text][\/vc_column][\/vc_row][vc_row][vc_column][vc_single_image image=&#8221;50110&#8243; img_size=&#8221;large&#8221; onclick=&#8221;custom_link&#8221; link=&#8221;https:\/\/enseyes.com\/fi\/produkter\/pehmeat-linssit\/&#8221;][\/vc_column][\/vc_row][vc_row][vc_column][vc_column_text]<\/p>\n<h4><a href=\"https:\/\/enseyes.com\/fi\/produkter\/pehmeat-linssit\/\">Pehme\u00e4t linssit &#8211; pehmeiden linssien edut<\/a><\/h4>\n<p>Jos sinulla on aktiivinen el\u00e4m\u00e4ntapa ja k\u00e4yt\u00e4t silm\u00e4laseja, lasit voivat olla toisinaan hankalia. Yrit\u00e4 kuvitella, kuinka paljon vapautta voisit saada piilolinsseill\u00e4, kun urheilet. Piilolinssien k\u00e4ytt\u00e4minen ei ole koskaan ollut n\u00e4in helppoa, riippumatta siit\u00e4, pit\u00e4isik\u00f6 niit\u00e4 k\u00e4ytt\u00e4\u00e4 koko ajan vai vain satunnaisesti. Nykyaikaiset piilolinssit sallivat ihmisten, jotka eiv\u00e4t aiemmin voineet k\u00e4ytt\u00e4\u00e4 piilolinssej\u00e4, k\u00e4ytt\u00e4\u00e4 niit\u00e4.<br \/>\n<a href=\"https:\/\/enseyes.com\/fi\/produkter\/pehmeat-linssit\/\">Katso lis\u00e4\u00e4 t\u00e4\u00e4lt\u00e4<\/a><\/p>\n<hr \/>\n<p>[\/vc_column_text][\/vc_column][\/vc_row][vc_row][vc_column][vc_single_image image=&#8221;50098&#8243; img_size=&#8221;large&#8221; onclick=&#8221;custom_link&#8221; link=&#8221;https:\/\/enseyes.com\/fi\/produkter\/piilolinssinesteet\/&#8221;][\/vc_column][\/vc_row][vc_row][vc_column][vc_column_text]<\/p>\n<h4><a href=\"https:\/\/enseyes.com\/fi\/produkter\/piilolinssinesteet\/\">Linssineste &#8211; Ens Eyes tarjoaa vain s\u00e4il\u00f6nt\u00e4aineettomia piilolinssinesteit\u00e4<\/a><\/h4>\n<p>Suurin osa piilolinssinesteist\u00e4 sis\u00e4lt\u00e4\u00e4 s\u00e4il\u00f6nt\u00e4aineita. S\u00e4il\u00f6nt\u00e4aineet auttavat est\u00e4m\u00e4\u00e4n bakteerien kasvua.<br \/>\nS\u00e4il\u00f6nt\u00e4aineiden haittana on, ett\u00e4 pitk\u00e4ll\u00e4 aikav\u00e4lill\u00e4 on olemassa riski yliherkkyyden tai jopa allergian kehittymisest\u00e4 s\u00e4il\u00f6nt\u00e4aineelle. T\u00e4m\u00e4 voi aiheuttaa silmien \u00e4rsytyst\u00e4, punoitusta tai kuivumista.<br \/>\n<a href=\"https:\/\/enseyes.com\/fi\/produkter\/piilolinssinesteet\/\">Katso lis\u00e4\u00e4 t\u00e4\u00e4lt\u00e4<\/a><\/p>\n<hr \/>\n<p>[\/vc_column_text][\/vc_column][\/vc_row]<\/p>\n<\/div>","protected":false},"excerpt":{"rendered":"<p>[vc_row][vc_column][vc_single_image image=&#8221;49994&#8243; img_size=&#8221;large&#8221; onclick=&#8221;custom_link&#8221; link=&#8221;https:\/\/enseyes.com\/fi\/produkter\/topografisesti-sovitetut-linssit\/&#8221;][\/vc_column][\/vc_row][vc_row][vc_column][vc_column_text] Topografisesti mukautetut linssit Onko sinulla piilolinsseiss\u00e4si ongelmia? Topografisesti mukautettujen linssien avulla saat ainutlaatuisen muotoilun, joka sopii juuri sinun silm\u00e4si. Innovatiivisten linssien avulla saat nopeamman istuvuuden, paremman mukavuuden ja ter\u00e4v\u00e4n n\u00e4k\u00f6isen koko p\u00e4iv\u00e4n. Katso lis\u00e4\u00e4 t\u00e4\u00e4lt\u00e4<\/p>\n","protected":false},"author":1,"featured_media":0,"parent":0,"menu_order":0,"comment_status":"closed","ping_status":"closed","template":"templates\/product-category.php","meta":{"_acf_changed":false,"footnotes":""},"class_list":["post-47776","page","type-page","status-publish","hentry"],"acf":[],"yoast_head":"<!-- This site is optimized with the Yoast SEO plugin v27.4 - https:\/\/yoast.com\/product\/yoast-seo-wordpress\/ -->\n<title>Tuotteet - EnsEyes<\/title>\n<meta name=\"robots\" content=\"index, follow, max-snippet:-1, max-image-preview:large, max-video-preview:-1\" \/>\n<link rel=\"canonical\" href=\"https:\/\/enseyes.com\/fi\/produkter\/\" \/>\n<meta property=\"og:locale\" content=\"fi_FI\" \/>\n<meta property=\"og:type\" content=\"article\" \/>\n<meta property=\"og:title\" content=\"Tuotteet - EnsEyes\" \/>\n<meta property=\"og:description\" content=\"[vc_row][vc_column][vc_single_image image=&#8221;49994&#8243; img_size=&#8221;large&#8221; onclick=&#8221;custom_link&#8221; link=&#8221;https:\/\/enseyes.com\/fi\/produkter\/topografisesti-sovitetut-linssit\/&#8221;][\/vc_column][\/vc_row][vc_row][vc_column][vc_column_text] Topografisesti mukautetut linssit Onko sinulla piilolinsseiss\u00e4si ongelmia? Topografisesti mukautettujen linssien avulla saat ainutlaatuisen muotoilun, joka sopii juuri sinun silm\u00e4si. Innovatiivisten linssien avulla saat nopeamman istuvuuden, paremman mukavuuden ja ter\u00e4v\u00e4n n\u00e4k\u00f6isen koko p\u00e4iv\u00e4n. Katso lis\u00e4\u00e4 t\u00e4\u00e4lt\u00e4\" \/>\n<meta property=\"og:url\" content=\"https:\/\/enseyes.com\/fi\/produkter\/\" \/>\n<meta property=\"og:site_name\" content=\"EnsEyes\" \/>\n<meta property=\"article:modified_time\" content=\"2022-10-17T11:15:56+00:00\" \/>\n<meta name=\"twitter:card\" content=\"summary_large_image\" \/>\n<meta name=\"twitter:label1\" content=\"Arvioitu lukuaika\" \/>\n\t<meta name=\"twitter:data1\" content=\"2 minuuttia\" \/>\n<script type=\"application\/ld+json\" class=\"yoast-schema-graph\">{\"@context\":\"https:\\\/\\\/schema.org\",\"@graph\":[{\"@type\":\"WebPage\",\"@id\":\"https:\\\/\\\/enseyes.com\\\/fi\\\/produkter\\\/\",\"url\":\"https:\\\/\\\/enseyes.com\\\/fi\\\/produkter\\\/\",\"name\":\"Tuotteet - EnsEyes\",\"isPartOf\":{\"@id\":\"https:\\\/\\\/enseyes.com\\\/sv\\\/#website\"},\"datePublished\":\"2015-09-24T10:32:03+00:00\",\"dateModified\":\"2022-10-17T11:15:56+00:00\",\"breadcrumb\":{\"@id\":\"https:\\\/\\\/enseyes.com\\\/fi\\\/produkter\\\/#breadcrumb\"},\"inLanguage\":\"fi\",\"potentialAction\":[{\"@type\":\"ReadAction\",\"target\":[\"https:\\\/\\\/enseyes.com\\\/fi\\\/produkter\\\/\"]}]},{\"@type\":\"BreadcrumbList\",\"@id\":\"https:\\\/\\\/enseyes.com\\\/fi\\\/produkter\\\/#breadcrumb\",\"itemListElement\":[{\"@type\":\"ListItem\",\"position\":1,\"name\":\"Hjem\",\"item\":\"https:\\\/\\\/enseyes.com\\\/fi\\\/\"},{\"@type\":\"ListItem\",\"position\":2,\"name\":\"Tuotteet\"}]},{\"@type\":\"WebSite\",\"@id\":\"https:\\\/\\\/enseyes.com\\\/sv\\\/#website\",\"url\":\"https:\\\/\\\/enseyes.com\\\/sv\\\/\",\"name\":\"EnsEyes\",\"description\":\"Cornea Care\",\"potentialAction\":[{\"@type\":\"SearchAction\",\"target\":{\"@type\":\"EntryPoint\",\"urlTemplate\":\"https:\\\/\\\/enseyes.com\\\/sv\\\/?s={search_term_string}\"},\"query-input\":{\"@type\":\"PropertyValueSpecification\",\"valueRequired\":true,\"valueName\":\"search_term_string\"}}],\"inLanguage\":\"fi\"}]}<\/script>\n<!-- \/ Yoast SEO plugin. -->","yoast_head_json":{"title":"Tuotteet - EnsEyes","robots":{"index":"index","follow":"follow","max-snippet":"max-snippet:-1","max-image-preview":"max-image-preview:large","max-video-preview":"max-video-preview:-1"},"canonical":"https:\/\/enseyes.com\/fi\/produkter\/","og_locale":"fi_FI","og_type":"article","og_title":"Tuotteet - EnsEyes","og_description":"[vc_row][vc_column][vc_single_image image=&#8221;49994&#8243; img_size=&#8221;large&#8221; onclick=&#8221;custom_link&#8221; link=&#8221;https:\/\/enseyes.com\/fi\/produkter\/topografisesti-sovitetut-linssit\/&#8221;][\/vc_column][\/vc_row][vc_row][vc_column][vc_column_text] Topografisesti mukautetut linssit Onko sinulla piilolinsseiss\u00e4si ongelmia? Topografisesti mukautettujen linssien avulla saat ainutlaatuisen muotoilun, joka sopii juuri sinun silm\u00e4si. Innovatiivisten linssien avulla saat nopeamman istuvuuden, paremman mukavuuden ja ter\u00e4v\u00e4n n\u00e4k\u00f6isen koko p\u00e4iv\u00e4n. Katso lis\u00e4\u00e4 t\u00e4\u00e4lt\u00e4","og_url":"https:\/\/enseyes.com\/fi\/produkter\/","og_site_name":"EnsEyes","article_modified_time":"2022-10-17T11:15:56+00:00","twitter_card":"summary_large_image","twitter_misc":{"Arvioitu lukuaika":"2 minuuttia"},"schema":{"@context":"https:\/\/schema.org","@graph":[{"@type":"WebPage","@id":"https:\/\/enseyes.com\/fi\/produkter\/","url":"https:\/\/enseyes.com\/fi\/produkter\/","name":"Tuotteet - EnsEyes","isPartOf":{"@id":"https:\/\/enseyes.com\/sv\/#website"},"datePublished":"2015-09-24T10:32:03+00:00","dateModified":"2022-10-17T11:15:56+00:00","breadcrumb":{"@id":"https:\/\/enseyes.com\/fi\/produkter\/#breadcrumb"},"inLanguage":"fi","potentialAction":[{"@type":"ReadAction","target":["https:\/\/enseyes.com\/fi\/produkter\/"]}]},{"@type":"BreadcrumbList","@id":"https:\/\/enseyes.com\/fi\/produkter\/#breadcrumb","itemListElement":[{"@type":"ListItem","position":1,"name":"Hjem","item":"https:\/\/enseyes.com\/fi\/"},{"@type":"ListItem","position":2,"name":"Tuotteet"}]},{"@type":"WebSite","@id":"https:\/\/enseyes.com\/sv\/#website","url":"https:\/\/enseyes.com\/sv\/","name":"EnsEyes","description":"Cornea Care","potentialAction":[{"@type":"SearchAction","target":{"@type":"EntryPoint","urlTemplate":"https:\/\/enseyes.com\/sv\/?s={search_term_string}"},"query-input":{"@type":"PropertyValueSpecification","valueRequired":true,"valueName":"search_term_string"}}],"inLanguage":"fi"}]}},"_links":{"self":[{"href":"https:\/\/enseyes.com\/fi\/wp-json\/wp\/v2\/pages\/47776","targetHints":{"allow":["GET"]}}],"collection":[{"href":"https:\/\/enseyes.com\/fi\/wp-json\/wp\/v2\/pages"}],"about":[{"href":"https:\/\/enseyes.com\/fi\/wp-json\/wp\/v2\/types\/page"}],"author":[{"embeddable":true,"href":"https:\/\/enseyes.com\/fi\/wp-json\/wp\/v2\/users\/1"}],"replies":[{"embeddable":true,"href":"https:\/\/enseyes.com\/fi\/wp-json\/wp\/v2\/comments?post=47776"}],"version-history":[{"count":0,"href":"https:\/\/enseyes.com\/fi\/wp-json\/wp\/v2\/pages\/47776\/revisions"}],"wp:attachment":[{"href":"https:\/\/enseyes.com\/fi\/wp-json\/wp\/v2\/media?parent=47776"}],"curies":[{"name":"wp","href":"https:\/\/api.w.org\/{rel}","templated":true}]}}