{"id":47803,"date":"2015-09-25T09:04:13","date_gmt":"2015-09-25T08:04:13","guid":{"rendered":"http:\/\/enseyes.com\/tuki\/eventkalender\/"},"modified":"2023-05-08T12:30:24","modified_gmt":"2023-05-08T11:30:24","slug":"tapahtumakalenteri","status":"publish","type":"page","link":"https:\/\/enseyes.com\/fi\/tuki\/tapahtumakalenteri\/","title":{"rendered":"Tapahtumakalenteri"},"content":{"rendered":"<div class=\"wpb-content-wrapper\"><p>&nbsp;<\/p>\n<p>[vc_row][vc_column][vc_images_carousel images=&#8221;52374,52378,52382,52386,52390,52394,52398,52402&#8243; img_size=&#8221;large&#8221; speed=&#8221;10000&#8243; slides_per_view=&#8221;2&#8243; autoplay=&#8221;yes&#8221; partial_view=&#8221;yes&#8221; wrap=&#8221;yes&#8221;][\/vc_column][\/vc_row][vc_row el_class=&#8221;text-center&#8221;][vc_column][vc_column_text]<br \/>\n[vc_row el_class=&#8221;text-center&#8221;][vc_column width=&#8221;1\/2&#8243;][vc_single_image image=&#8221;48794&#8243; img_size=&#8221;full&#8221; alignment=&#8221;center&#8221;][vc_column_text]<\/p>\n<h3 style=\"text-align: left;\">The event is canceled for now due to the COVID-19 situation.<br \/>\nHow to manage myopia in children from a clinical point of view.<\/h3>\n<p style=\"text-align: left;\">The purpose of the day is to provide you with the latest information on myopia management in Scandinavian children and how to optimize the management of myopia.<\/p>\n<p style=\"text-align: left;\">After participating at \u201cMyopia Management day\u201d, you will gain access to a whole new myopia management module in MyProcornea. This will allow for optimization of myopia management by modifying the Ortho-K effect and topography fitting of soft multifocal contact lenses.<\/p>\n<p style=\"text-align: left;\">Where:\u00a0CROWNE PLAZA COPENHAGEN TOWERS (5 mins. from CPH airport)<\/p>\n<p style=\"text-align: left;\">Cost: Attendance is free, but a fee of DKR 980,- will be charged in the event of a no-show.<\/p>\n<p style=\"text-align: left;\"><a href=\"https:\/\/enseyes.com\/docs\/Invitation_Myopia_Management.pdf\" target=\"_blank\" rel=\"noopener noreferrer\">Please click here to see the final program<\/a><\/p>\n<p style=\"text-align: left;\"><strong>BRIEF DESCRIPTION OF PRESENTATIONS:<\/strong><\/p>\n<p style=\"text-align: left;\"><strong>Flemming M\u00f8ller<\/strong><br \/>\n<strong>MD, Ph.D., MSci, associated professor, Dept. Ophthalmology, Vejle Sygehus<br \/>\n<\/strong><\/p>\n<div class=\"page\" title=\"Page 2\">\n<div class=\"layoutArea\">\n<div class=\"column\">\n<p style=\"text-align: left;\">This talk will give an u<a href=\"https:\/\/enseyes.com\/wp-content\/uploads\/2020\/03\/flemming_moeller.png\"><img loading=\"lazy\" decoding=\"async\" class=\"wp-image-48799 size-thumbnail alignright\" src=\"https:\/\/enseyes.com\/wp-content\/uploads\/2020\/03\/flemming_moeller-150x150.png\" alt=\"\" width=\"150\" height=\"150\" \/><\/a>pdate on atropine for myopic control and present the Low-dose Atropine for the Prevention of Myopia Progression in Danish Children &#8211; a Randomized, Double-masked, Multicenter, 36-month Prospective 1:1:1 Study of Safety and Efficacy of 0.1% Atropine Loading Dose to Single 0.01% Atropine and Placebo<\/p>\n<\/div>\n<\/div>\n<\/div>\n<p>[\/vc_column_text][\/vc_column][vc_column width=&#8221;1\/2&#8243;][vc_column_text]<\/p>\n<p style=\"text-align: left;\"><strong>Trine M\u00f8ldrup Jakobsen<br \/>\nMD, PhD fellow<br \/>\n<\/strong><\/p>\n<ol>\n<li style=\"text-align: left;\">Ortho-K lenses for myopia management <a href=\"https:\/\/enseyes.com\/wp-content\/uploads\/2020\/02\/trine.jpg\"><img loading=\"lazy\" decoding=\"async\" class=\"alignright wp-image-48533 size-thumbnail\" src=\"https:\/\/enseyes.com\/wp-content\/uploads\/2020\/02\/trine-150x150.jpg\" alt=\"\" width=\"150\" height=\"150\" \/><\/a>in Scandinavian children (Denmark).<br \/>\nThis talk will present the method and the latest findings in the Danish study \u201cClinical study of Nearsightedness; Treatment with Orthokeratology Lenses\u201d (CONTROL Study). The study is a longitudinal, controlled clinical trial evaluating progression of myopia in myopic Danish children randomized to either orthokeratology lenses or single-vision glasses. The presenta- tion will include treatment efficacy, safety, and dropout rates.<\/li>\n<li style=\"text-align: left;\">Presentation of evidence-based clinical guidelines for myopia management at the Department of Ophthamology at Vejle Hospital.<br \/>\nMore and more children are becoming myopic, but how do we spot children at risk of developing high myopia? This talk will present the evidence-based clinical guidelines used at the Department of Ophthamology at Vejle Hospital on when and on whom to initiate myopia control and with what modality. In addition, guidelines will be presented on when to refer a child for a paediatric eye evaluation \u2013 keep differential diagnosis in mind.<\/li>\n<\/ol>\n<p style=\"text-align: left;\"><strong>Gabi Steenbekkers<br \/>\nMyopia Management Specialist Optometrist<\/strong><\/p>\n<ol>\n<li>Myopia management using Ortho-K lenses.<a href=\"https:\/\/enseyes.com\/wp-content\/uploads\/2020\/02\/gabi.jpg\"><img loading=\"lazy\" decoding=\"async\" class=\"alignright wp-image-48542 size-thumbnail\" src=\"https:\/\/enseyes.com\/wp-content\/uploads\/2020\/02\/gabi-150x150.jpg\" alt=\"\" width=\"150\" height=\"150\" \/><\/a><br \/>\nThis talk will present how to fit Ortho-K lenses for myopia management. We will discuss how to evaluate the fit using topography images and what we can change to achieve the optimal solution for myopic management. We will also discuss how the design of the lens can be modified to optimize the effect of myopic defocus.<\/li>\n<li>Myopia management using multifocal soft contact lenses. This talk will present the options available to us if Ortho-K lenses are not an option. We will discuss topography fitting of soft multifocal myopic control lenses and what options we have. Finally, we will present the MyProcornea tool for following up on myopic management.<\/li>\n<\/ol>\n<p>[\/vc_column_text][\/vc_column][\/vc_row][vc_row][vc_column][vc_separator][\/vc_column][\/vc_row][vc_row el_class=&#8221;text-center&#8221;][vc_column width=&#8221;1\/2&#8243;][vc_single_image image=&#8221;4514&#8243; img_size=&#8221;medium&#8221; alignment=&#8221;center&#8221;][\/vc_column][vc_column width=&#8221;1\/2&#8243;][vc_column_text]<\/p>\n<h3>KOLDING Toukokuu 2017<\/h3>\n<p>T\u00e4m\u00e4n vuoden kokouksessa k\u00e4siteltiin myopian etenemist\u00e4 ja sen vaikutuksia silm\u00e4lle.<br \/>\nIllalla silm\u00e4l\u00e4\u00e4k\u00e4ri Flemming M\u00f8ller piti esityksen myopiasta, ja painopisteen\u00e4 oli sairaudet, joita voi esiinty\u00e4 korkeassa myopiassa. M\u00f8ller kertoi my\u00f6s atropiinin vaikutuksesta sek\u00e4 hoidon aikana esiintyvist\u00e4 eduista ja haitoista.<\/p>\n<p>Illan toinen puhuja oli Ron Beerten, joka kertoi muista hoitomahdollisuuksista, kuten pehmeist\u00e4 moniteholinsseist\u00e4 ja ortokeratologisista linsseist\u00e4 (y\u00f6linssit), joiden k\u00e4yt\u00f6ll\u00e4 myopian etenemist\u00e4 voidaan ehk\u00e4ist\u00e4.<\/p>\n<p>Lopuksi Esben S\u00f8rensen antoi vinkkej\u00e4 ammattilaisille myopiakontrollin j\u00e4rjest\u00e4misest\u00e4 sek\u00e4 potilasryhmien valitsemisesta.[\/vc_column_text][\/vc_column][\/vc_row][vc_row][vc_column][vc_separator][\/vc_column][\/vc_row][vc_row el_class=&#8221;text-center&#8221;][vc_column width=&#8221;1\/2&#8243;][vc_column_text]<\/p>\n<h3>OSLO SYYSKYY 2015<\/h3>\n<p>Oslossa pidettyyn kokoukseen osallistuivat ylil\u00e4\u00e4k\u00e4ri Andreas Thorsrud, optometristi (MSc) Esben S\u00f8rensen ja optometristi (MSc) Ingebret Mojord.<\/p>\n<p>Ylil\u00e4\u00e4k\u00e4ri Andreas Thorsrud piti mielenkiintoisen esitelm\u00e4n sarveiskalvon kartiorappeumasta (keratokonus) ja siit\u00e4, milloin on syyt\u00e4 k\u00e4ytt\u00e4\u00e4 crosslinking-hoitoa ja sen uusimpia metodeja.<br \/>\nLis\u00e4ksi Thorsrud kertoi sarveiskalvon kartiorappeuman kirurgisista hoitomenetelmist\u00e4 (sarveiskalvosiirre, Intacs-renkaat, PRK-leikkaus &amp; CXL) sek\u00e4 crosslinking-hoidon tuloksista.<\/p>\n<p>Optometristi (MSc) Esben S\u00f8rensen piti luennon, jossa h\u00e4n kertoi piilolinssien mahdollisuuksista vaikeiden sarveiskalvosairauksien hoidossa. H\u00e4n kertoi topografian ja sen kautta saatavien tietojen tuomista mahdollisuuksista sek\u00e4 miten n\u00e4it\u00e4 tietoja ja topografiamittauksia voidaan hy\u00f6dynt\u00e4\u00e4.<\/p>\n<p>Optometristi (MSc) Ingebret Mojordin luento k\u00e4sitteli menestyksen avaimia potilasty\u00f6ss\u00e4. Mojord puhui kommunikaation merkityksest\u00e4 potilaan kanssa, potilaan opastamisen t\u00e4rkeydest\u00e4 koskien potilaan omaa terveydentilaa sek\u00e4 siit\u00e4, miten voimme varmistua, ett\u00e4 potilas todella ymm\u00e4rt\u00e4\u00e4, mit\u00e4 kerromme heille.<\/p>\n<p>Kiitos kaikille osallistuneille ja kiitos puhujille mielenkiintoisesta p\u00e4iv\u00e4st\u00e4.[\/vc_column_text][\/vc_column][vc_column width=&#8221;1\/2&#8243;][vc_single_image image=&#8221;1791&#8243; img_size=&#8221;medium&#8221; alignment=&#8221;center&#8221;][\/vc_column][\/vc_row][vc_row][vc_column][vc_separator][\/vc_column][\/vc_row][vc_row el_class=&#8221;text-center&#8221;][vc_column width=&#8221;1\/2&#8243;][vc_single_image image=&#8221;1789&#8243; img_size=&#8221;medium&#8221; alignment=&#8221;center&#8221;][\/vc_column][vc_column width=&#8221;1\/2&#8243;][vc_column_text]<\/p>\n<h3>K\u00d6\u00d6PENHAMINA 2015<\/h3>\n<p>K\u00f6\u00f6penhaminassa\/Glostrupissa pidetyss\u00e4 kokouksessa silm\u00e4l\u00e4\u00e4k\u00e4ri Jens Lindegaard kertoi sarveiskalvon kartiorappeuman (keratokonus) diagnosoimisesta ja crosslinking-hoidon hy\u00f6dynt\u00e4misest\u00e4 sek\u00e4 erilaisista kirurgisista hoitomenetelmist\u00e4.<\/p>\n<p>Optometristi (MSc) Esben S\u00f8rensen piti luennon piilolinssien mahdollisuuksista vaikeissa sarveiskalvosairauksissa.<\/p>\n<p>Lopuksi optometristi Trussit Dave (PhD, BSc, McOptom) luennoi topografiasta, sen antamasta tiedosta ja mittauksista ja miten n\u00e4it\u00e4 mittaustuloksia ja tietoja voidaan hy\u00f6dynt\u00e4\u00e4.[\/vc_column_text][\/vc_column][\/vc_row][vc_row][vc_column][vc_separator][\/vc_column][\/vc_row][vc_row el_class=&#8221;text-center&#8221;][vc_column width=&#8221;1\/2&#8243;][vc_column_text]<\/p>\n<h3>\u00c5RHUS HELMIKUU 2015<\/h3>\n<p>\u00c5rhusissa pidetyss\u00e4 kokouksessa ylil\u00e4\u00e4k\u00e4rit Jesper Hjortdal &amp; Anders Ivarsen luennoivat sarveiskalvon kartiorappeuman (keratokonus) diagnosoimisesta ja crosslinking-hoidon hy\u00f6dynt\u00e4misest\u00e4 sek\u00e4 kartiorappeuman kirurgisista hoitomenetelmist\u00e4 (sarveiskalvosiirre, Intacs-renkaat)<\/p>\n<p>Optometristi (MSc) Esben S\u00f8rensen piti luennon, jossa h\u00e4n kertoi piilolinssien mahdollisuuksista vaikeiden sarveiskalvosairauksien hoidossa.<\/p>\n<p>Lopuksi optometristi Nicolaj Aagaard luennoi topografiasta,<br \/>\nsen antamista tiedoista, topografiakuvien tulkitsemisesta sek\u00e4 topografiamittausten hy\u00f6dynt\u00e4misest\u00e4.[\/vc_column_text][\/vc_column][vc_column width=&#8221;1\/2&#8243;][vc_single_image image=&#8221;1790&#8243; img_size=&#8221;medium&#8221; alignment=&#8221;center&#8221;][\/vc_column][\/vc_row][vc_row][vc_column][vc_separator][\/vc_column][\/vc_row][vc_row el_class=&#8221;text-center&#8221;][vc_column width=&#8221;1\/2&#8243;][vc_single_image image=&#8221;96&#8243; img_size=&#8221;medium&#8221; alignment=&#8221;center&#8221;][\/vc_column][vc_column width=&#8221;1\/2&#8243;][vc_column_text]<\/p>\n<h3>LUNDIN YLIOPISTOLLINEN SAIRAALA \u2013 18. MARRASKUU 2014<\/h3>\n<p>Vuoden viimeinen kokous j\u00e4rjestettiin Lundin yliopistollisessa sairaalassa. Kiitokset l\u00e4\u00e4k\u00e4ri ja Lundin yliopiston v\u00e4it\u00f6skirjatutkija Ingemar Gustafssonille mielenkiintoisesta esityksest\u00e4, joka k\u00e4sitteli sarveiskalvon kartiorappeumaa ja crosslinking-hoitoa. Ruotsissa j\u00e4rjestettyjen kokousten osanottajam\u00e4\u00e4r\u00e4t ovat olleet suuria ja siksi selvit\u00e4mmekin mahdollisuutta j\u00e4rjest\u00e4\u00e4 tulevia kokouksia Ruotsissa.[\/vc_column_text][\/vc_column][\/vc_row][vc_row][vc_column][vc_separator][\/vc_column][\/vc_row][vc_row el_class=&#8221;text-center&#8221;][vc_column width=&#8221;1\/2&#8243;][vc_column_text]<\/p>\n<h3>KOKOUS, HOTEL GOTHIA TOWERS, G\u00d6TEBORG \u2013 10. MARRASKUU 2014<\/h3>\n<p>G\u00f6teborgin kokouksessa optometristit saivat kuulla esityksen sarveiskalvon kartiorappeumasta ja crosslinking-hoidosta sek\u00e4 n\u00e4\u00f6n korjaamisesta piilolinsseill\u00e4, jotka on mukautettu l\u00e4\u00e4ketieteellisesti tai topografian avulla. Vierailevana luennoitsijana oli silm\u00e4l\u00e4\u00e4k\u00e4ri Dr. Wolf Wonneberg Sahlgrenskan yliopistollisesta sairaalasta M\u00f6lndalista.[\/vc_column_text][\/vc_column][vc_column width=&#8221;1\/2&#8243; css=&#8221;.vc_custom_1443174360248{padding-bottom: 15px !important;}&#8221;][vc_single_image image=&#8221;95&#8243; img_size=&#8221;medium&#8221; alignment=&#8221;center&#8221;][\/vc_column][\/vc_row][vc_row][vc_column][vc_separator][\/vc_column][\/vc_row][vc_row el_class=&#8221;text-center&#8221;][vc_column width=&#8221;1\/2&#8243;][vc_single_image image=&#8221;97&#8243; img_size=&#8221;medium&#8221; alignment=&#8221;center&#8221;][\/vc_column][vc_column width=&#8221;1\/2&#8243;][vc_column_text]<\/p>\n<h3>KOKOUS ST. ERIKIN SILM\u00c4SAIRAALASSA TUKHOLMASSA \u2013 4. MARRASKUU 2014<\/h3>\n<p>Ens Eyes j\u00e4rjesti Ruotsissa kolme kokousta, joiden aiheina oli keratokonus, crosslinking ja n\u00e4\u00f6n korjaaminen l\u00e4\u00e4ketieteellisesti tai topografian avulla sovitetuilla piilolinsseill\u00e4. Tukholmassa 4. marraskuuta pidettyyn kokoukseen osallistui noin 60 aiheesta kiinnostunutta optometristia. Puhujina olivat: St. Erikin silm\u00e4sairaalan silm\u00e4l\u00e4\u00e4k\u00e4ri Dr. Branka Samolo, optometristi (MSc) Anita Robertson ja optometristi (MSc) Esben S\u00f8rensen.[\/vc_column_text][\/vc_column][\/vc_row]<\/p>\n<\/div>","protected":false},"excerpt":{"rendered":"<p>&nbsp; [vc_row][vc_column][vc_images_carousel images=&#8221;52374,52378,52382,52386,52390,52394,52398,52402&#8243; img_size=&#8221;large&#8221; speed=&#8221;10000&#8243; slides_per_view=&#8221;2&#8243; autoplay=&#8221;yes&#8221; partial_view=&#8221;yes&#8221; wrap=&#8221;yes&#8221;][\/vc_column][\/vc_row][vc_row el_class=&#8221;text-center&#8221;][vc_column][vc_column_text] [vc_row el_class=&#8221;text-center&#8221;][vc_column width=&#8221;1\/2&#8243;][vc_single_image image=&#8221;48794&#8243; img_size=&#8221;full&#8221; alignment=&#8221;center&#8221;][vc_column_text] The event is canceled for now due to the COVID-19 situation. How to manage myopia in children from a clinical point of view. The<\/p>\n","protected":false},"author":1,"featured_media":0,"parent":47800,"menu_order":0,"comment_status":"closed","ping_status":"closed","template":"templates\/child-page.php","meta":{"_acf_changed":false,"footnotes":""},"class_list":["post-47803","page","type-page","status-publish","hentry"],"acf":[],"yoast_head":"<!-- This site is optimized with the Yoast SEO plugin v27.4 - https:\/\/yoast.com\/product\/yoast-seo-wordpress\/ -->\n<title>Tapahtumakalenteri - EnsEyes<\/title>\n<meta name=\"robots\" content=\"index, follow, max-snippet:-1, max-image-preview:large, max-video-preview:-1\" \/>\n<link rel=\"canonical\" href=\"https:\/\/enseyes.com\/fi\/tuki\/tapahtumakalenteri\/\" \/>\n<meta property=\"og:locale\" content=\"fi_FI\" \/>\n<meta property=\"og:type\" content=\"article\" \/>\n<meta property=\"og:title\" content=\"Tapahtumakalenteri - EnsEyes\" \/>\n<meta property=\"og:description\" content=\"&nbsp; [vc_row][vc_column][vc_images_carousel images=&#8221;52374,52378,52382,52386,52390,52394,52398,52402&#8243; img_size=&#8221;large&#8221; speed=&#8221;10000&#8243; slides_per_view=&#8221;2&#8243; autoplay=&#8221;yes&#8221; partial_view=&#8221;yes&#8221; wrap=&#8221;yes&#8221;][\/vc_column][\/vc_row][vc_row el_class=&#8221;text-center&#8221;][vc_column][vc_column_text] [vc_row el_class=&#8221;text-center&#8221;][vc_column width=&#8221;1\/2&#8243;][vc_single_image image=&#8221;48794&#8243; img_size=&#8221;full&#8221; alignment=&#8221;center&#8221;][vc_column_text] The event is canceled for now due to the COVID-19 situation. How to manage myopia in children from a clinical point of view. The\" \/>\n<meta property=\"og:url\" content=\"https:\/\/enseyes.com\/fi\/tuki\/tapahtumakalenteri\/\" \/>\n<meta property=\"og:site_name\" content=\"EnsEyes\" \/>\n<meta property=\"article:modified_time\" content=\"2023-05-08T11:30:24+00:00\" \/>\n<meta property=\"og:image\" content=\"https:\/\/enseyes.com\/wp-content\/uploads\/2020\/03\/flemming_moeller-150x150.png\" \/>\n<meta name=\"twitter:card\" content=\"summary_large_image\" \/>\n<meta name=\"twitter:label1\" content=\"Arvioitu lukuaika\" \/>\n\t<meta name=\"twitter:data1\" content=\"6 minuuttia\" \/>\n<script type=\"application\/ld+json\" class=\"yoast-schema-graph\">{\"@context\":\"https:\\\/\\\/schema.org\",\"@graph\":[{\"@type\":\"WebPage\",\"@id\":\"https:\\\/\\\/enseyes.com\\\/fi\\\/tuki\\\/tapahtumakalenteri\\\/\",\"url\":\"https:\\\/\\\/enseyes.com\\\/fi\\\/tuki\\\/tapahtumakalenteri\\\/\",\"name\":\"Tapahtumakalenteri - EnsEyes\",\"isPartOf\":{\"@id\":\"https:\\\/\\\/enseyes.com\\\/sv\\\/#website\"},\"primaryImageOfPage\":{\"@id\":\"https:\\\/\\\/enseyes.com\\\/fi\\\/tuki\\\/tapahtumakalenteri\\\/#primaryimage\"},\"image\":{\"@id\":\"https:\\\/\\\/enseyes.com\\\/fi\\\/tuki\\\/tapahtumakalenteri\\\/#primaryimage\"},\"thumbnailUrl\":\"https:\\\/\\\/enseyes.com\\\/wp-content\\\/uploads\\\/2020\\\/03\\\/flemming_moeller-150x150.png\",\"datePublished\":\"2015-09-25T08:04:13+00:00\",\"dateModified\":\"2023-05-08T11:30:24+00:00\",\"breadcrumb\":{\"@id\":\"https:\\\/\\\/enseyes.com\\\/fi\\\/tuki\\\/tapahtumakalenteri\\\/#breadcrumb\"},\"inLanguage\":\"fi\",\"potentialAction\":[{\"@type\":\"ReadAction\",\"target\":[\"https:\\\/\\\/enseyes.com\\\/fi\\\/tuki\\\/tapahtumakalenteri\\\/\"]}]},{\"@type\":\"ImageObject\",\"inLanguage\":\"fi\",\"@id\":\"https:\\\/\\\/enseyes.com\\\/fi\\\/tuki\\\/tapahtumakalenteri\\\/#primaryimage\",\"url\":\"https:\\\/\\\/enseyes.com\\\/wp-content\\\/uploads\\\/2020\\\/03\\\/flemming_moeller-150x150.png\",\"contentUrl\":\"https:\\\/\\\/enseyes.com\\\/wp-content\\\/uploads\\\/2020\\\/03\\\/flemming_moeller-150x150.png\"},{\"@type\":\"BreadcrumbList\",\"@id\":\"https:\\\/\\\/enseyes.com\\\/fi\\\/tuki\\\/tapahtumakalenteri\\\/#breadcrumb\",\"itemListElement\":[{\"@type\":\"ListItem\",\"position\":1,\"name\":\"Hjem\",\"item\":\"https:\\\/\\\/enseyes.com\\\/fi\\\/\"},{\"@type\":\"ListItem\",\"position\":2,\"name\":\"Tuki\",\"item\":\"https:\\\/\\\/enseyes.com\\\/fi\\\/tuki\\\/\"},{\"@type\":\"ListItem\",\"position\":3,\"name\":\"Tapahtumakalenteri\"}]},{\"@type\":\"WebSite\",\"@id\":\"https:\\\/\\\/enseyes.com\\\/sv\\\/#website\",\"url\":\"https:\\\/\\\/enseyes.com\\\/sv\\\/\",\"name\":\"EnsEyes\",\"description\":\"Cornea Care\",\"potentialAction\":[{\"@type\":\"SearchAction\",\"target\":{\"@type\":\"EntryPoint\",\"urlTemplate\":\"https:\\\/\\\/enseyes.com\\\/sv\\\/?s={search_term_string}\"},\"query-input\":{\"@type\":\"PropertyValueSpecification\",\"valueRequired\":true,\"valueName\":\"search_term_string\"}}],\"inLanguage\":\"fi\"}]}<\/script>\n<!-- \/ Yoast SEO plugin. -->","yoast_head_json":{"title":"Tapahtumakalenteri - EnsEyes","robots":{"index":"index","follow":"follow","max-snippet":"max-snippet:-1","max-image-preview":"max-image-preview:large","max-video-preview":"max-video-preview:-1"},"canonical":"https:\/\/enseyes.com\/fi\/tuki\/tapahtumakalenteri\/","og_locale":"fi_FI","og_type":"article","og_title":"Tapahtumakalenteri - EnsEyes","og_description":"&nbsp; [vc_row][vc_column][vc_images_carousel images=&#8221;52374,52378,52382,52386,52390,52394,52398,52402&#8243; img_size=&#8221;large&#8221; speed=&#8221;10000&#8243; slides_per_view=&#8221;2&#8243; autoplay=&#8221;yes&#8221; partial_view=&#8221;yes&#8221; wrap=&#8221;yes&#8221;][\/vc_column][\/vc_row][vc_row el_class=&#8221;text-center&#8221;][vc_column][vc_column_text] [vc_row el_class=&#8221;text-center&#8221;][vc_column width=&#8221;1\/2&#8243;][vc_single_image image=&#8221;48794&#8243; img_size=&#8221;full&#8221; alignment=&#8221;center&#8221;][vc_column_text] The event is canceled for now due to the COVID-19 situation. How to manage myopia in children from a clinical point of view. The","og_url":"https:\/\/enseyes.com\/fi\/tuki\/tapahtumakalenteri\/","og_site_name":"EnsEyes","article_modified_time":"2023-05-08T11:30:24+00:00","og_image":[{"url":"https:\/\/enseyes.com\/wp-content\/uploads\/2020\/03\/flemming_moeller-150x150.png","type":"","width":"","height":""}],"twitter_card":"summary_large_image","twitter_misc":{"Arvioitu lukuaika":"6 minuuttia"},"schema":{"@context":"https:\/\/schema.org","@graph":[{"@type":"WebPage","@id":"https:\/\/enseyes.com\/fi\/tuki\/tapahtumakalenteri\/","url":"https:\/\/enseyes.com\/fi\/tuki\/tapahtumakalenteri\/","name":"Tapahtumakalenteri - EnsEyes","isPartOf":{"@id":"https:\/\/enseyes.com\/sv\/#website"},"primaryImageOfPage":{"@id":"https:\/\/enseyes.com\/fi\/tuki\/tapahtumakalenteri\/#primaryimage"},"image":{"@id":"https:\/\/enseyes.com\/fi\/tuki\/tapahtumakalenteri\/#primaryimage"},"thumbnailUrl":"https:\/\/enseyes.com\/wp-content\/uploads\/2020\/03\/flemming_moeller-150x150.png","datePublished":"2015-09-25T08:04:13+00:00","dateModified":"2023-05-08T11:30:24+00:00","breadcrumb":{"@id":"https:\/\/enseyes.com\/fi\/tuki\/tapahtumakalenteri\/#breadcrumb"},"inLanguage":"fi","potentialAction":[{"@type":"ReadAction","target":["https:\/\/enseyes.com\/fi\/tuki\/tapahtumakalenteri\/"]}]},{"@type":"ImageObject","inLanguage":"fi","@id":"https:\/\/enseyes.com\/fi\/tuki\/tapahtumakalenteri\/#primaryimage","url":"https:\/\/enseyes.com\/wp-content\/uploads\/2020\/03\/flemming_moeller-150x150.png","contentUrl":"https:\/\/enseyes.com\/wp-content\/uploads\/2020\/03\/flemming_moeller-150x150.png"},{"@type":"BreadcrumbList","@id":"https:\/\/enseyes.com\/fi\/tuki\/tapahtumakalenteri\/#breadcrumb","itemListElement":[{"@type":"ListItem","position":1,"name":"Hjem","item":"https:\/\/enseyes.com\/fi\/"},{"@type":"ListItem","position":2,"name":"Tuki","item":"https:\/\/enseyes.com\/fi\/tuki\/"},{"@type":"ListItem","position":3,"name":"Tapahtumakalenteri"}]},{"@type":"WebSite","@id":"https:\/\/enseyes.com\/sv\/#website","url":"https:\/\/enseyes.com\/sv\/","name":"EnsEyes","description":"Cornea Care","potentialAction":[{"@type":"SearchAction","target":{"@type":"EntryPoint","urlTemplate":"https:\/\/enseyes.com\/sv\/?s={search_term_string}"},"query-input":{"@type":"PropertyValueSpecification","valueRequired":true,"valueName":"search_term_string"}}],"inLanguage":"fi"}]}},"_links":{"self":[{"href":"https:\/\/enseyes.com\/fi\/wp-json\/wp\/v2\/pages\/47803","targetHints":{"allow":["GET"]}}],"collection":[{"href":"https:\/\/enseyes.com\/fi\/wp-json\/wp\/v2\/pages"}],"about":[{"href":"https:\/\/enseyes.com\/fi\/wp-json\/wp\/v2\/types\/page"}],"author":[{"embeddable":true,"href":"https:\/\/enseyes.com\/fi\/wp-json\/wp\/v2\/users\/1"}],"replies":[{"embeddable":true,"href":"https:\/\/enseyes.com\/fi\/wp-json\/wp\/v2\/comments?post=47803"}],"version-history":[{"count":0,"href":"https:\/\/enseyes.com\/fi\/wp-json\/wp\/v2\/pages\/47803\/revisions"}],"up":[{"embeddable":true,"href":"https:\/\/enseyes.com\/fi\/wp-json\/wp\/v2\/pages\/47800"}],"wp:attachment":[{"href":"https:\/\/enseyes.com\/fi\/wp-json\/wp\/v2\/media?parent=47803"}],"curies":[{"name":"wp","href":"https:\/\/api.w.org\/{rel}","templated":true}]}}