{"id":47962,"date":"2015-09-26T05:22:01","date_gmt":"2015-09-26T05:22:01","guid":{"rendered":"http:\/\/enseyes.com\/tuotteet\/blode-linser\/"},"modified":"2021-12-14T16:22:13","modified_gmt":"2021-12-14T15:22:13","slug":"pehmeat-linssit","status":"publish","type":"page","link":"https:\/\/enseyes.com\/fi\/produkter\/pehmeat-linssit\/","title":{"rendered":"PEHMEIST\u00c4 LINSSEIST\u00c4"},"content":{"rendered":"<div class=\"wpb-content-wrapper\"><p>[vc_row][vc_column][vc_single_image image=&#8221;50110&#8243; img_size=&#8221;large&#8221;][\/vc_column][\/vc_row][vc_row][vc_column][vc_column_text]Jos sinulla on aktiivinen el\u00e4m\u00e4ntapa ja k\u00e4yt\u00e4t silm\u00e4laseja, lasit voivat olla toisinaan hankalia. Yrit\u00e4 kuvitella, kuinka paljon vapautta voisit saada piilolinsseill\u00e4, kun urheilet. Piilolinssien k\u00e4ytt\u00e4minen ei ole koskaan ollut n\u00e4in helppoa, riippumatta siit\u00e4, pit\u00e4isik\u00f6 niit\u00e4 k\u00e4ytt\u00e4\u00e4 koko ajan vai vain satunnaisesti. Nykyaikaiset piilolinssit sallivat ihmisten, jotka eiv\u00e4t aiemmin voineet k\u00e4ytt\u00e4\u00e4 piilolinssej\u00e4, k\u00e4ytt\u00e4\u00e4 niit\u00e4. Joten jos luulet piilolinssien olevan hankalia, mieti. Meill\u00e4 on laaja valikoima piilolinssej\u00e4, sek\u00e4 yhden ett\u00e4 24 tunnin linssej\u00e4.[\/vc_column_text][\/vc_column][\/vc_row][vc_row][vc_column width=&#8221;1\/2&#8243;][vc_column_text]<\/p>\n<h3 style=\"text-align: center;\"><a href=\"https:\/\/enseyes.com\/fi\/produkter\/topografisesti-sovitetut-linssit\/ecco-soft-4-seasons-sihy\/\">Byo Premium<\/a><\/h3>\n<p><a href=\"https:\/\/enseyes.com\/fi\/produkter\/topografisesti-sovitetut-linssit\/ecco-soft-4-seasons-sihy\/\"><img loading=\"lazy\" decoding=\"async\" class=\"wp-image-49840 size-medium aligncenter\" src=\"https:\/\/enseyes.com\/wp-content\/uploads\/2021\/03\/byo_premium-300x195.jpg\" alt=\"\" width=\"300\" height=\"195\" srcset=\"https:\/\/enseyes.com\/wp-content\/uploads\/2021\/03\/byo_premium-300x195.jpg 300w, https:\/\/enseyes.com\/wp-content\/uploads\/2021\/03\/byo_premium.jpg 500w\" sizes=\"auto, (max-width: 300px) 100vw, 300px\" \/><\/a>[\/vc_column_text][\/vc_column][vc_column width=&#8221;1\/2&#8243;][vc_column_text]<\/p>\n<h3 style=\"text-align: center;\"><a href=\"https:\/\/enseyes.com\/fi\/produkter\/med\/ecco-soft-4-seasons\/\">Byo Premium KC<\/a><\/h3>\n<p><a href=\"https:\/\/enseyes.com\/fi\/produkter\/med\/ecco-soft-4-seasons\/\"><img loading=\"lazy\" decoding=\"async\" class=\"wp-image-49905 size-medium aligncenter\" src=\"https:\/\/enseyes.com\/wp-content\/uploads\/2021\/03\/byo_premium_kc-300x195.jpg\" alt=\"\" width=\"300\" height=\"195\" srcset=\"https:\/\/enseyes.com\/wp-content\/uploads\/2021\/03\/byo_premium_kc-300x195.jpg 300w, https:\/\/enseyes.com\/wp-content\/uploads\/2021\/03\/byo_premium_kc.jpg 500w\" sizes=\"auto, (max-width: 300px) 100vw, 300px\" \/><\/a>[\/vc_column_text][\/vc_column][\/vc_row][vc_row][vc_column width=&#8221;1\/2&#8243;][vc_column_text]<\/p>\n<h3 style=\"text-align: center;\"><a href=\"https:\/\/enseyes.com\/fi\/byo-premium-mc\/\">Byo Premium MC<\/a><\/h3>\n<p><a href=\"https:\/\/enseyes.com\/fi\/byo-premium-mc\/\"><img loading=\"lazy\" decoding=\"async\" class=\"aligncenter wp-image-50409 size-full\" src=\"https:\/\/enseyes.com\/wp-content\/uploads\/2021\/04\/byo_premium_mc-e1618389277236.jpeg\" alt=\"\" width=\"400\" height=\"260\" \/><\/a>[\/vc_column_text][\/vc_column][vc_column width=&#8221;1\/2&#8243;][\/vc_column][\/vc_row]<\/p>\n<\/div>","protected":false},"excerpt":{"rendered":"<p>[vc_row][vc_column][vc_single_image image=&#8221;50110&#8243; img_size=&#8221;large&#8221;][\/vc_column][\/vc_row][vc_row][vc_column][vc_column_text]Jos sinulla on aktiivinen el\u00e4m\u00e4ntapa ja k\u00e4yt\u00e4t silm\u00e4laseja, lasit voivat olla toisinaan hankalia. Yrit\u00e4 kuvitella, kuinka paljon vapautta voisit saada piilolinsseill\u00e4, kun urheilet. Piilolinssien k\u00e4ytt\u00e4minen ei ole koskaan ollut n\u00e4in helppoa, riippumatta siit\u00e4, pit\u00e4isik\u00f6 niit\u00e4 k\u00e4ytt\u00e4\u00e4 koko ajan<\/p>\n","protected":false},"author":1,"featured_media":0,"parent":47776,"menu_order":3,"comment_status":"closed","ping_status":"closed","template":"templates\/product-category.php","meta":{"_acf_changed":false,"footnotes":""},"class_list":["post-47962","page","type-page","status-publish","hentry"],"acf":[],"yoast_head":"<!-- This site is optimized with the Yoast SEO plugin v27.5 - https:\/\/yoast.com\/product\/yoast-seo-wordpress\/ -->\n<title>PEHMEIST\u00c4 LINSSEIST\u00c4 - EnsEyes<\/title>\n<meta name=\"robots\" content=\"index, follow, max-snippet:-1, max-image-preview:large, max-video-preview:-1\" \/>\n<link rel=\"canonical\" href=\"https:\/\/enseyes.com\/fi\/produkter\/pehmeat-linssit\/\" \/>\n<meta property=\"og:locale\" content=\"fi_FI\" \/>\n<meta property=\"og:type\" content=\"article\" \/>\n<meta property=\"og:title\" content=\"PEHMEIST\u00c4 LINSSEIST\u00c4 - EnsEyes\" \/>\n<meta property=\"og:description\" content=\"[vc_row][vc_column][vc_single_image image=&#8221;50110&#8243; img_size=&#8221;large&#8221;][\/vc_column][\/vc_row][vc_row][vc_column][vc_column_text]Jos sinulla on aktiivinen el\u00e4m\u00e4ntapa ja k\u00e4yt\u00e4t silm\u00e4laseja, lasit voivat olla toisinaan hankalia. Yrit\u00e4 kuvitella, kuinka paljon vapautta voisit saada piilolinsseill\u00e4, kun urheilet. Piilolinssien k\u00e4ytt\u00e4minen ei ole koskaan ollut n\u00e4in helppoa, riippumatta siit\u00e4, pit\u00e4isik\u00f6 niit\u00e4 k\u00e4ytt\u00e4\u00e4 koko ajan\" \/>\n<meta property=\"og:url\" content=\"https:\/\/enseyes.com\/fi\/produkter\/pehmeat-linssit\/\" \/>\n<meta property=\"og:site_name\" content=\"EnsEyes\" \/>\n<meta property=\"article:modified_time\" content=\"2021-12-14T15:22:13+00:00\" \/>\n<meta property=\"og:image\" content=\"https:\/\/enseyes.com\/wp-content\/uploads\/2021\/03\/byo_premium-300x195.jpg\" \/>\n<meta name=\"twitter:card\" content=\"summary_large_image\" \/>\n<meta name=\"twitter:label1\" content=\"Arvioitu lukuaika\" \/>\n\t<meta name=\"twitter:data1\" content=\"1 minuutti\" \/>\n<script type=\"application\/ld+json\" class=\"yoast-schema-graph\">{\"@context\":\"https:\\\/\\\/schema.org\",\"@graph\":[{\"@type\":\"WebPage\",\"@id\":\"https:\\\/\\\/enseyes.com\\\/fi\\\/produkter\\\/pehmeat-linssit\\\/\",\"url\":\"https:\\\/\\\/enseyes.com\\\/fi\\\/produkter\\\/pehmeat-linssit\\\/\",\"name\":\"PEHMEIST\u00c4 LINSSEIST\u00c4 - EnsEyes\",\"isPartOf\":{\"@id\":\"https:\\\/\\\/enseyes.com\\\/sv\\\/#website\"},\"primaryImageOfPage\":{\"@id\":\"https:\\\/\\\/enseyes.com\\\/fi\\\/produkter\\\/pehmeat-linssit\\\/#primaryimage\"},\"image\":{\"@id\":\"https:\\\/\\\/enseyes.com\\\/fi\\\/produkter\\\/pehmeat-linssit\\\/#primaryimage\"},\"thumbnailUrl\":\"https:\\\/\\\/enseyes.com\\\/wp-content\\\/uploads\\\/2021\\\/03\\\/byo_premium-300x195.jpg\",\"datePublished\":\"2015-09-26T05:22:01+00:00\",\"dateModified\":\"2021-12-14T15:22:13+00:00\",\"breadcrumb\":{\"@id\":\"https:\\\/\\\/enseyes.com\\\/fi\\\/produkter\\\/pehmeat-linssit\\\/#breadcrumb\"},\"inLanguage\":\"fi\",\"potentialAction\":[{\"@type\":\"ReadAction\",\"target\":[\"https:\\\/\\\/enseyes.com\\\/fi\\\/produkter\\\/pehmeat-linssit\\\/\"]}]},{\"@type\":\"ImageObject\",\"inLanguage\":\"fi\",\"@id\":\"https:\\\/\\\/enseyes.com\\\/fi\\\/produkter\\\/pehmeat-linssit\\\/#primaryimage\",\"url\":\"https:\\\/\\\/enseyes.com\\\/wp-content\\\/uploads\\\/2021\\\/03\\\/byo_premium-300x195.jpg\",\"contentUrl\":\"https:\\\/\\\/enseyes.com\\\/wp-content\\\/uploads\\\/2021\\\/03\\\/byo_premium-300x195.jpg\"},{\"@type\":\"BreadcrumbList\",\"@id\":\"https:\\\/\\\/enseyes.com\\\/fi\\\/produkter\\\/pehmeat-linssit\\\/#breadcrumb\",\"itemListElement\":[{\"@type\":\"ListItem\",\"position\":1,\"name\":\"Hjem\",\"item\":\"https:\\\/\\\/enseyes.com\\\/fi\\\/\"},{\"@type\":\"ListItem\",\"position\":2,\"name\":\"Tuotteet\",\"item\":\"https:\\\/\\\/enseyes.com\\\/fi\\\/produkter\\\/\"},{\"@type\":\"ListItem\",\"position\":3,\"name\":\"PEHMEIST\u00c4 LINSSEIST\u00c4\"}]},{\"@type\":\"WebSite\",\"@id\":\"https:\\\/\\\/enseyes.com\\\/sv\\\/#website\",\"url\":\"https:\\\/\\\/enseyes.com\\\/sv\\\/\",\"name\":\"EnsEyes\",\"description\":\"Cornea Care\",\"potentialAction\":[{\"@type\":\"SearchAction\",\"target\":{\"@type\":\"EntryPoint\",\"urlTemplate\":\"https:\\\/\\\/enseyes.com\\\/sv\\\/?s={search_term_string}\"},\"query-input\":{\"@type\":\"PropertyValueSpecification\",\"valueRequired\":true,\"valueName\":\"search_term_string\"}}],\"inLanguage\":\"fi\"}]}<\/script>\n<!-- \/ Yoast SEO plugin. -->","yoast_head_json":{"title":"PEHMEIST\u00c4 LINSSEIST\u00c4 - EnsEyes","robots":{"index":"index","follow":"follow","max-snippet":"max-snippet:-1","max-image-preview":"max-image-preview:large","max-video-preview":"max-video-preview:-1"},"canonical":"https:\/\/enseyes.com\/fi\/produkter\/pehmeat-linssit\/","og_locale":"fi_FI","og_type":"article","og_title":"PEHMEIST\u00c4 LINSSEIST\u00c4 - EnsEyes","og_description":"[vc_row][vc_column][vc_single_image image=&#8221;50110&#8243; img_size=&#8221;large&#8221;][\/vc_column][\/vc_row][vc_row][vc_column][vc_column_text]Jos sinulla on aktiivinen el\u00e4m\u00e4ntapa ja k\u00e4yt\u00e4t silm\u00e4laseja, lasit voivat olla toisinaan hankalia. Yrit\u00e4 kuvitella, kuinka paljon vapautta voisit saada piilolinsseill\u00e4, kun urheilet. Piilolinssien k\u00e4ytt\u00e4minen ei ole koskaan ollut n\u00e4in helppoa, riippumatta siit\u00e4, pit\u00e4isik\u00f6 niit\u00e4 k\u00e4ytt\u00e4\u00e4 koko ajan","og_url":"https:\/\/enseyes.com\/fi\/produkter\/pehmeat-linssit\/","og_site_name":"EnsEyes","article_modified_time":"2021-12-14T15:22:13+00:00","og_image":[{"url":"https:\/\/enseyes.com\/wp-content\/uploads\/2021\/03\/byo_premium-300x195.jpg","type":"","width":"","height":""}],"twitter_card":"summary_large_image","twitter_misc":{"Arvioitu lukuaika":"1 minuutti"},"schema":{"@context":"https:\/\/schema.org","@graph":[{"@type":"WebPage","@id":"https:\/\/enseyes.com\/fi\/produkter\/pehmeat-linssit\/","url":"https:\/\/enseyes.com\/fi\/produkter\/pehmeat-linssit\/","name":"PEHMEIST\u00c4 LINSSEIST\u00c4 - EnsEyes","isPartOf":{"@id":"https:\/\/enseyes.com\/sv\/#website"},"primaryImageOfPage":{"@id":"https:\/\/enseyes.com\/fi\/produkter\/pehmeat-linssit\/#primaryimage"},"image":{"@id":"https:\/\/enseyes.com\/fi\/produkter\/pehmeat-linssit\/#primaryimage"},"thumbnailUrl":"https:\/\/enseyes.com\/wp-content\/uploads\/2021\/03\/byo_premium-300x195.jpg","datePublished":"2015-09-26T05:22:01+00:00","dateModified":"2021-12-14T15:22:13+00:00","breadcrumb":{"@id":"https:\/\/enseyes.com\/fi\/produkter\/pehmeat-linssit\/#breadcrumb"},"inLanguage":"fi","potentialAction":[{"@type":"ReadAction","target":["https:\/\/enseyes.com\/fi\/produkter\/pehmeat-linssit\/"]}]},{"@type":"ImageObject","inLanguage":"fi","@id":"https:\/\/enseyes.com\/fi\/produkter\/pehmeat-linssit\/#primaryimage","url":"https:\/\/enseyes.com\/wp-content\/uploads\/2021\/03\/byo_premium-300x195.jpg","contentUrl":"https:\/\/enseyes.com\/wp-content\/uploads\/2021\/03\/byo_premium-300x195.jpg"},{"@type":"BreadcrumbList","@id":"https:\/\/enseyes.com\/fi\/produkter\/pehmeat-linssit\/#breadcrumb","itemListElement":[{"@type":"ListItem","position":1,"name":"Hjem","item":"https:\/\/enseyes.com\/fi\/"},{"@type":"ListItem","position":2,"name":"Tuotteet","item":"https:\/\/enseyes.com\/fi\/produkter\/"},{"@type":"ListItem","position":3,"name":"PEHMEIST\u00c4 LINSSEIST\u00c4"}]},{"@type":"WebSite","@id":"https:\/\/enseyes.com\/sv\/#website","url":"https:\/\/enseyes.com\/sv\/","name":"EnsEyes","description":"Cornea Care","potentialAction":[{"@type":"SearchAction","target":{"@type":"EntryPoint","urlTemplate":"https:\/\/enseyes.com\/sv\/?s={search_term_string}"},"query-input":{"@type":"PropertyValueSpecification","valueRequired":true,"valueName":"search_term_string"}}],"inLanguage":"fi"}]}},"_links":{"self":[{"href":"https:\/\/enseyes.com\/fi\/wp-json\/wp\/v2\/pages\/47962","targetHints":{"allow":["GET"]}}],"collection":[{"href":"https:\/\/enseyes.com\/fi\/wp-json\/wp\/v2\/pages"}],"about":[{"href":"https:\/\/enseyes.com\/fi\/wp-json\/wp\/v2\/types\/page"}],"author":[{"embeddable":true,"href":"https:\/\/enseyes.com\/fi\/wp-json\/wp\/v2\/users\/1"}],"replies":[{"embeddable":true,"href":"https:\/\/enseyes.com\/fi\/wp-json\/wp\/v2\/comments?post=47962"}],"version-history":[{"count":0,"href":"https:\/\/enseyes.com\/fi\/wp-json\/wp\/v2\/pages\/47962\/revisions"}],"up":[{"embeddable":true,"href":"https:\/\/enseyes.com\/fi\/wp-json\/wp\/v2\/pages\/47776"}],"wp:attachment":[{"href":"https:\/\/enseyes.com\/fi\/wp-json\/wp\/v2\/media?parent=47962"}],"curies":[{"name":"wp","href":"https:\/\/api.w.org\/{rel}","templated":true}]}}