{"id":47966,"date":"2015-09-26T05:21:30","date_gmt":"2015-09-26T05:21:30","guid":{"rendered":"http:\/\/enseyes.com\/tuotteet\/med\/"},"modified":"2024-05-22T10:49:23","modified_gmt":"2024-05-22T09:49:23","slug":"med","status":"publish","type":"page","link":"https:\/\/enseyes.com\/fi\/produkter\/med\/","title":{"rendered":"L\u00c4\u00c4KINN\u00c4LLISET LINSSIT"},"content":{"rendered":"<div class=\"wpb-content-wrapper\"><p>[vc_row][vc_column][vc_single_image image=&#8221;50094&#8243; img_size=&#8221;large&#8221;][\/vc_column][\/vc_row][vc_row][vc_column][vc_column_text]L\u00e4\u00e4ketieteelliset linssimme on suunniteltu erityisesti keratokonus, ep\u00e4s\u00e4\u00e4nn\u00f6llinen sarveiskalvo, herk\u00e4t silm\u00e4t ja taittumisen j\u00e4lkeiset leikkaukset. Lis\u00e4ksi: s\u00e4\u00e4nn\u00f6llinen sarveiskalvo, PMD, postsiirto, ICRS, Sj\u00f6grenin oireyhtym\u00e4, sarveiskalvon trauma ja facialisparesis[\/vc_column_text][\/vc_column][\/vc_row][vc_row][vc_column width=&#8221;1\/3&#8243;][vc_column_text]<\/p>\n<h3 style=\"text-align: center;\"><a href=\"https:\/\/enseyes.com\/fi\/produkter\/med\/ecco-soft-4-seasons\/\">Byo Premium KC<\/a><\/h3>\n<p><a href=\"https:\/\/enseyes.com\/fi\/produkter\/med\/ecco-soft-4-seasons\/\"><img loading=\"lazy\" decoding=\"async\" class=\"wp-image-49905 size-medium aligncenter\" src=\"https:\/\/enseyes.com\/wp-content\/uploads\/2021\/03\/byo_premium_kc-300x195.jpg\" alt=\"\" width=\"300\" height=\"195\" srcset=\"https:\/\/enseyes.com\/wp-content\/uploads\/2021\/03\/byo_premium_kc-300x195.jpg 300w, https:\/\/enseyes.com\/wp-content\/uploads\/2021\/03\/byo_premium_kc.jpg 500w\" sizes=\"auto, (max-width: 300px) 100vw, 300px\" \/><\/a>[\/vc_column_text][\/vc_column][vc_column width=&#8221;1\/3&#8243;][vc_column_text]<\/p>\n<h3 style=\"text-align: center;\"><a href=\"https:\/\/enseyes.com\/fi\/produkter\/med\/e-min\/\">Senso E-min<\/a><\/h3>\n<p><a href=\"https:\/\/enseyes.com\/fi\/produkter\/med\/e-min\/\"><img loading=\"lazy\" decoding=\"async\" class=\"wp-image-50242 size-medium aligncenter\" src=\"https:\/\/enseyes.com\/wp-content\/uploads\/2021\/03\/senso_Emin-300x195.jpg\" alt=\"\" width=\"300\" height=\"195\" srcset=\"https:\/\/enseyes.com\/wp-content\/uploads\/2021\/03\/senso_Emin-300x195.jpg 300w, https:\/\/enseyes.com\/wp-content\/uploads\/2021\/03\/senso_Emin.jpg 500w\" sizes=\"auto, (max-width: 300px) 100vw, 300px\" \/><\/a>[\/vc_column_text][\/vc_column][\/vc_row][vc_row][vc_column width=&#8221;1\/3&#8243;][vc_column_text]<\/p>\n<h3 style=\"text-align: center;\"><a href=\"https:\/\/enseyes.com\/fi\/produkter\/med\/kc\/\">Senso KC<\/a><\/h3>\n<p><a href=\"https:\/\/enseyes.com\/fi\/produkter\/med\/kc\/\"><img loading=\"lazy\" decoding=\"async\" class=\"wp-image-50247 size-medium aligncenter\" src=\"https:\/\/enseyes.com\/wp-content\/uploads\/2021\/03\/senso_kc-300x195.jpg\" alt=\"\" width=\"300\" height=\"195\" srcset=\"https:\/\/enseyes.com\/wp-content\/uploads\/2021\/03\/senso_kc-300x195.jpg 300w, https:\/\/enseyes.com\/wp-content\/uploads\/2021\/03\/senso_kc.jpg 500w\" sizes=\"auto, (max-width: 300px) 100vw, 300px\" \/><\/a>[\/vc_column_text][\/vc_column][vc_column width=&#8221;1\/3&#8243;][vc_column_text]<\/p>\n<h3 style=\"text-align: center;\"><a href=\"https:\/\/enseyes.com\/fi\/produkter\/med\/kcq\/\">Senso KCQ<\/a><\/h3>\n<p><a href=\"https:\/\/enseyes.com\/fi\/produkter\/med\/kcq\/\"><img loading=\"lazy\" decoding=\"async\" class=\"aligncenter wp-image-50251 size-medium\" src=\"https:\/\/enseyes.com\/wp-content\/uploads\/2021\/03\/senso_kcq-300x195.jpg\" alt=\"\" width=\"300\" height=\"195\" srcset=\"https:\/\/enseyes.com\/wp-content\/uploads\/2021\/03\/senso_kcq-300x195.jpg 300w, https:\/\/enseyes.com\/wp-content\/uploads\/2021\/03\/senso_kcq.jpg 500w\" sizes=\"auto, (max-width: 300px) 100vw, 300px\" \/><\/a>[\/vc_column_text][\/vc_column][vc_column width=&#8221;1\/3&#8243;][vc_column_text]<\/p>\n<h3 style=\"text-align: center;\"><a href=\"https:\/\/enseyes.com\/fi\/produkter\/med\/senso-easy\/\">Senso Easy<\/a><\/h3>\n<p><a href=\"https:\/\/enseyes.com\/fi\/produkter\/med\/senso-easy\/\"><img loading=\"lazy\" decoding=\"async\" class=\"wp-image-50127 size-medium aligncenter\" src=\"https:\/\/enseyes.com\/wp-content\/uploads\/2021\/03\/senso_easy-300x195.jpg\" alt=\"\" width=\"300\" height=\"195\" srcset=\"https:\/\/enseyes.com\/wp-content\/uploads\/2021\/03\/senso_easy-300x195.jpg 300w, https:\/\/enseyes.com\/wp-content\/uploads\/2021\/03\/senso_easy.jpg 500w\" sizes=\"auto, (max-width: 300px) 100vw, 300px\" \/><\/a>[\/vc_column_text][\/vc_column][\/vc_row][vc_row][vc_column width=&#8221;1\/3&#8243;][vc_column_text]<\/p>\n<h3 style=\"text-align: center;\"><a href=\"https:\/\/enseyes.com\/fi\/produkter\/med\/semi-scleral\/\">Senso Semi<\/a><\/h3>\n<p><a href=\"https:\/\/enseyes.com\/fi\/produkter\/med\/semi-scleral\/\"><img loading=\"lazy\" decoding=\"async\" class=\"wp-image-50139 size-medium aligncenter\" src=\"https:\/\/enseyes.com\/wp-content\/uploads\/2021\/03\/senso_semi-300x195.jpg\" alt=\"\" width=\"300\" height=\"195\" srcset=\"https:\/\/enseyes.com\/wp-content\/uploads\/2021\/03\/senso_semi-300x195.jpg 300w, https:\/\/enseyes.com\/wp-content\/uploads\/2021\/03\/senso_semi.jpg 500w\" sizes=\"auto, (max-width: 300px) 100vw, 300px\" \/><\/a>[\/vc_column_text][\/vc_column][vc_column width=&#8221;1\/3&#8243;][vc_column_text]<\/p>\n<h3 style=\"text-align: center;\"><a href=\"https:\/\/enseyes.com\/fi\/produkter\/med\/mini-scleral\/\">Senso Mini<\/a><\/h3>\n<p><a href=\"https:\/\/enseyes.com\/fi\/produkter\/med\/mini-scleral\/\"><img loading=\"lazy\" decoding=\"async\" class=\"wp-image-50132 size-medium aligncenter\" src=\"https:\/\/enseyes.com\/wp-content\/uploads\/2021\/03\/senso_mini-300x195.jpg\" alt=\"\" width=\"300\" height=\"195\" srcset=\"https:\/\/enseyes.com\/wp-content\/uploads\/2021\/03\/senso_mini-300x195.jpg 300w, https:\/\/enseyes.com\/wp-content\/uploads\/2021\/03\/senso_mini.jpg 500w\" sizes=\"auto, (max-width: 300px) 100vw, 300px\" \/><\/a>[\/vc_column_text][\/vc_column][vc_column width=&#8221;1\/3&#8243;][vc_column_text]<\/p>\n<h3 style=\"text-align: center;\"><a href=\"https:\/\/enseyes.com\/fi\/produkter\/med\/fuld-scleral\/\">Senso Fuld Scleral<\/a><\/h3>\n<p><a href=\"https:\/\/enseyes.com\/fi\/produkter\/med\/fuld-scleral\/\"><img loading=\"lazy\" decoding=\"async\" class=\"wp-image-50145 size-medium aligncenter\" src=\"https:\/\/enseyes.com\/wp-content\/uploads\/2021\/03\/senso_fuld_scleral-300x195.jpg\" alt=\"\" width=\"300\" height=\"195\" srcset=\"https:\/\/enseyes.com\/wp-content\/uploads\/2021\/03\/senso_fuld_scleral-300x195.jpg 300w, https:\/\/enseyes.com\/wp-content\/uploads\/2021\/03\/senso_fuld_scleral.jpg 500w\" sizes=\"auto, (max-width: 300px) 100vw, 300px\" \/><\/a>[\/vc_column_text][\/vc_column][\/vc_row]<\/p>\n<\/div>","protected":false},"excerpt":{"rendered":"<p>[vc_row][vc_column][vc_single_image image=&#8221;50094&#8243; img_size=&#8221;large&#8221;][\/vc_column][\/vc_row][vc_row][vc_column][vc_column_text]L\u00e4\u00e4ketieteelliset linssimme on suunniteltu erityisesti keratokonus, ep\u00e4s\u00e4\u00e4nn\u00f6llinen sarveiskalvo, herk\u00e4t silm\u00e4t ja taittumisen j\u00e4lkeiset leikkaukset. Lis\u00e4ksi: s\u00e4\u00e4nn\u00f6llinen sarveiskalvo, PMD, postsiirto, ICRS, Sj\u00f6grenin oireyhtym\u00e4, sarveiskalvon trauma ja facialisparesis[\/vc_column_text][\/vc_column][\/vc_row][vc_row][vc_column width=&#8221;1\/3&#8243;][vc_column_text] Byo Premium KC [\/vc_column_text][\/vc_column][vc_column width=&#8221;1\/3&#8243;][vc_column_text] Senso E-min [\/vc_column_text][\/vc_column][\/vc_row][vc_row][vc_column width=&#8221;1\/3&#8243;][vc_column_text] Senso KC<\/p>\n","protected":false},"author":1,"featured_media":0,"parent":47776,"menu_order":2,"comment_status":"closed","ping_status":"closed","template":"templates\/product-category.php","meta":{"_acf_changed":false,"footnotes":""},"class_list":["post-47966","page","type-page","status-publish","hentry"],"acf":[],"yoast_head":"<!-- This site is optimized with the Yoast SEO plugin v27.4 - https:\/\/yoast.com\/product\/yoast-seo-wordpress\/ -->\n<title>L\u00c4\u00c4KINN\u00c4LLISET LINSSIT - EnsEyes<\/title>\n<meta name=\"robots\" content=\"index, follow, max-snippet:-1, max-image-preview:large, max-video-preview:-1\" \/>\n<link rel=\"canonical\" href=\"https:\/\/enseyes.com\/fi\/produkter\/med\/\" \/>\n<meta property=\"og:locale\" content=\"fi_FI\" \/>\n<meta property=\"og:type\" content=\"article\" \/>\n<meta property=\"og:title\" content=\"L\u00c4\u00c4KINN\u00c4LLISET LINSSIT - EnsEyes\" \/>\n<meta property=\"og:description\" content=\"[vc_row][vc_column][vc_single_image image=&#8221;50094&#8243; img_size=&#8221;large&#8221;][\/vc_column][\/vc_row][vc_row][vc_column][vc_column_text]L\u00e4\u00e4ketieteelliset linssimme on suunniteltu erityisesti keratokonus, ep\u00e4s\u00e4\u00e4nn\u00f6llinen sarveiskalvo, herk\u00e4t silm\u00e4t ja taittumisen j\u00e4lkeiset leikkaukset. Lis\u00e4ksi: s\u00e4\u00e4nn\u00f6llinen sarveiskalvo, PMD, postsiirto, ICRS, Sj\u00f6grenin oireyhtym\u00e4, sarveiskalvon trauma ja facialisparesis[\/vc_column_text][\/vc_column][\/vc_row][vc_row][vc_column width=&#8221;1\/3&#8243;][vc_column_text] Byo Premium KC [\/vc_column_text][\/vc_column][vc_column width=&#8221;1\/3&#8243;][vc_column_text] Senso E-min [\/vc_column_text][\/vc_column][\/vc_row][vc_row][vc_column width=&#8221;1\/3&#8243;][vc_column_text] Senso KC\" \/>\n<meta property=\"og:url\" content=\"https:\/\/enseyes.com\/fi\/produkter\/med\/\" \/>\n<meta property=\"og:site_name\" content=\"EnsEyes\" \/>\n<meta property=\"article:modified_time\" content=\"2024-05-22T09:49:23+00:00\" \/>\n<meta property=\"og:image\" content=\"https:\/\/enseyes.com\/wp-content\/uploads\/2021\/03\/byo_premium_kc-300x195.jpg\" \/>\n<meta name=\"twitter:card\" content=\"summary_large_image\" \/>\n<meta name=\"twitter:label1\" content=\"Arvioitu lukuaika\" \/>\n\t<meta name=\"twitter:data1\" content=\"3 minuuttia\" \/>\n<script type=\"application\/ld+json\" class=\"yoast-schema-graph\">{\"@context\":\"https:\\\/\\\/schema.org\",\"@graph\":[{\"@type\":\"WebPage\",\"@id\":\"https:\\\/\\\/enseyes.com\\\/fi\\\/produkter\\\/med\\\/\",\"url\":\"https:\\\/\\\/enseyes.com\\\/fi\\\/produkter\\\/med\\\/\",\"name\":\"L\u00c4\u00c4KINN\u00c4LLISET LINSSIT - EnsEyes\",\"isPartOf\":{\"@id\":\"https:\\\/\\\/enseyes.com\\\/sv\\\/#website\"},\"primaryImageOfPage\":{\"@id\":\"https:\\\/\\\/enseyes.com\\\/fi\\\/produkter\\\/med\\\/#primaryimage\"},\"image\":{\"@id\":\"https:\\\/\\\/enseyes.com\\\/fi\\\/produkter\\\/med\\\/#primaryimage\"},\"thumbnailUrl\":\"https:\\\/\\\/enseyes.com\\\/wp-content\\\/uploads\\\/2021\\\/03\\\/byo_premium_kc-300x195.jpg\",\"datePublished\":\"2015-09-26T05:21:30+00:00\",\"dateModified\":\"2024-05-22T09:49:23+00:00\",\"breadcrumb\":{\"@id\":\"https:\\\/\\\/enseyes.com\\\/fi\\\/produkter\\\/med\\\/#breadcrumb\"},\"inLanguage\":\"fi\",\"potentialAction\":[{\"@type\":\"ReadAction\",\"target\":[\"https:\\\/\\\/enseyes.com\\\/fi\\\/produkter\\\/med\\\/\"]}]},{\"@type\":\"ImageObject\",\"inLanguage\":\"fi\",\"@id\":\"https:\\\/\\\/enseyes.com\\\/fi\\\/produkter\\\/med\\\/#primaryimage\",\"url\":\"https:\\\/\\\/enseyes.com\\\/wp-content\\\/uploads\\\/2021\\\/03\\\/byo_premium_kc-300x195.jpg\",\"contentUrl\":\"https:\\\/\\\/enseyes.com\\\/wp-content\\\/uploads\\\/2021\\\/03\\\/byo_premium_kc-300x195.jpg\"},{\"@type\":\"BreadcrumbList\",\"@id\":\"https:\\\/\\\/enseyes.com\\\/fi\\\/produkter\\\/med\\\/#breadcrumb\",\"itemListElement\":[{\"@type\":\"ListItem\",\"position\":1,\"name\":\"Hjem\",\"item\":\"https:\\\/\\\/enseyes.com\\\/fi\\\/\"},{\"@type\":\"ListItem\",\"position\":2,\"name\":\"Tuotteet\",\"item\":\"https:\\\/\\\/enseyes.com\\\/fi\\\/produkter\\\/\"},{\"@type\":\"ListItem\",\"position\":3,\"name\":\"L\u00c4\u00c4KINN\u00c4LLISET LINSSIT\"}]},{\"@type\":\"WebSite\",\"@id\":\"https:\\\/\\\/enseyes.com\\\/sv\\\/#website\",\"url\":\"https:\\\/\\\/enseyes.com\\\/sv\\\/\",\"name\":\"EnsEyes\",\"description\":\"Cornea Care\",\"potentialAction\":[{\"@type\":\"SearchAction\",\"target\":{\"@type\":\"EntryPoint\",\"urlTemplate\":\"https:\\\/\\\/enseyes.com\\\/sv\\\/?s={search_term_string}\"},\"query-input\":{\"@type\":\"PropertyValueSpecification\",\"valueRequired\":true,\"valueName\":\"search_term_string\"}}],\"inLanguage\":\"fi\"}]}<\/script>\n<!-- \/ Yoast SEO plugin. -->","yoast_head_json":{"title":"L\u00c4\u00c4KINN\u00c4LLISET LINSSIT - EnsEyes","robots":{"index":"index","follow":"follow","max-snippet":"max-snippet:-1","max-image-preview":"max-image-preview:large","max-video-preview":"max-video-preview:-1"},"canonical":"https:\/\/enseyes.com\/fi\/produkter\/med\/","og_locale":"fi_FI","og_type":"article","og_title":"L\u00c4\u00c4KINN\u00c4LLISET LINSSIT - EnsEyes","og_description":"[vc_row][vc_column][vc_single_image image=&#8221;50094&#8243; img_size=&#8221;large&#8221;][\/vc_column][\/vc_row][vc_row][vc_column][vc_column_text]L\u00e4\u00e4ketieteelliset linssimme on suunniteltu erityisesti keratokonus, ep\u00e4s\u00e4\u00e4nn\u00f6llinen sarveiskalvo, herk\u00e4t silm\u00e4t ja taittumisen j\u00e4lkeiset leikkaukset. Lis\u00e4ksi: s\u00e4\u00e4nn\u00f6llinen sarveiskalvo, PMD, postsiirto, ICRS, Sj\u00f6grenin oireyhtym\u00e4, sarveiskalvon trauma ja facialisparesis[\/vc_column_text][\/vc_column][\/vc_row][vc_row][vc_column width=&#8221;1\/3&#8243;][vc_column_text] Byo Premium KC [\/vc_column_text][\/vc_column][vc_column width=&#8221;1\/3&#8243;][vc_column_text] Senso E-min [\/vc_column_text][\/vc_column][\/vc_row][vc_row][vc_column width=&#8221;1\/3&#8243;][vc_column_text] Senso KC","og_url":"https:\/\/enseyes.com\/fi\/produkter\/med\/","og_site_name":"EnsEyes","article_modified_time":"2024-05-22T09:49:23+00:00","og_image":[{"url":"https:\/\/enseyes.com\/wp-content\/uploads\/2021\/03\/byo_premium_kc-300x195.jpg","type":"","width":"","height":""}],"twitter_card":"summary_large_image","twitter_misc":{"Arvioitu lukuaika":"3 minuuttia"},"schema":{"@context":"https:\/\/schema.org","@graph":[{"@type":"WebPage","@id":"https:\/\/enseyes.com\/fi\/produkter\/med\/","url":"https:\/\/enseyes.com\/fi\/produkter\/med\/","name":"L\u00c4\u00c4KINN\u00c4LLISET LINSSIT - EnsEyes","isPartOf":{"@id":"https:\/\/enseyes.com\/sv\/#website"},"primaryImageOfPage":{"@id":"https:\/\/enseyes.com\/fi\/produkter\/med\/#primaryimage"},"image":{"@id":"https:\/\/enseyes.com\/fi\/produkter\/med\/#primaryimage"},"thumbnailUrl":"https:\/\/enseyes.com\/wp-content\/uploads\/2021\/03\/byo_premium_kc-300x195.jpg","datePublished":"2015-09-26T05:21:30+00:00","dateModified":"2024-05-22T09:49:23+00:00","breadcrumb":{"@id":"https:\/\/enseyes.com\/fi\/produkter\/med\/#breadcrumb"},"inLanguage":"fi","potentialAction":[{"@type":"ReadAction","target":["https:\/\/enseyes.com\/fi\/produkter\/med\/"]}]},{"@type":"ImageObject","inLanguage":"fi","@id":"https:\/\/enseyes.com\/fi\/produkter\/med\/#primaryimage","url":"https:\/\/enseyes.com\/wp-content\/uploads\/2021\/03\/byo_premium_kc-300x195.jpg","contentUrl":"https:\/\/enseyes.com\/wp-content\/uploads\/2021\/03\/byo_premium_kc-300x195.jpg"},{"@type":"BreadcrumbList","@id":"https:\/\/enseyes.com\/fi\/produkter\/med\/#breadcrumb","itemListElement":[{"@type":"ListItem","position":1,"name":"Hjem","item":"https:\/\/enseyes.com\/fi\/"},{"@type":"ListItem","position":2,"name":"Tuotteet","item":"https:\/\/enseyes.com\/fi\/produkter\/"},{"@type":"ListItem","position":3,"name":"L\u00c4\u00c4KINN\u00c4LLISET LINSSIT"}]},{"@type":"WebSite","@id":"https:\/\/enseyes.com\/sv\/#website","url":"https:\/\/enseyes.com\/sv\/","name":"EnsEyes","description":"Cornea Care","potentialAction":[{"@type":"SearchAction","target":{"@type":"EntryPoint","urlTemplate":"https:\/\/enseyes.com\/sv\/?s={search_term_string}"},"query-input":{"@type":"PropertyValueSpecification","valueRequired":true,"valueName":"search_term_string"}}],"inLanguage":"fi"}]}},"_links":{"self":[{"href":"https:\/\/enseyes.com\/fi\/wp-json\/wp\/v2\/pages\/47966","targetHints":{"allow":["GET"]}}],"collection":[{"href":"https:\/\/enseyes.com\/fi\/wp-json\/wp\/v2\/pages"}],"about":[{"href":"https:\/\/enseyes.com\/fi\/wp-json\/wp\/v2\/types\/page"}],"author":[{"embeddable":true,"href":"https:\/\/enseyes.com\/fi\/wp-json\/wp\/v2\/users\/1"}],"replies":[{"embeddable":true,"href":"https:\/\/enseyes.com\/fi\/wp-json\/wp\/v2\/comments?post=47966"}],"version-history":[{"count":0,"href":"https:\/\/enseyes.com\/fi\/wp-json\/wp\/v2\/pages\/47966\/revisions"}],"up":[{"embeddable":true,"href":"https:\/\/enseyes.com\/fi\/wp-json\/wp\/v2\/pages\/47776"}],"wp:attachment":[{"href":"https:\/\/enseyes.com\/fi\/wp-json\/wp\/v2\/media?parent=47966"}],"curies":[{"name":"wp","href":"https:\/\/api.w.org\/{rel}","templated":true}]}}