{"id":48646,"date":"2015-11-24T14:24:43","date_gmt":"2015-11-24T13:24:43","guid":{"rendered":"https:\/\/enseyes.com\/tuotteet\/topografisesti-sovitetut-linssit\/compact-perfect-smart-focus\/"},"modified":"2021-06-08T13:09:59","modified_gmt":"2021-06-08T12:09:59","slug":"compact-perfect-smart-focus","status":"publish","type":"page","link":"https:\/\/enseyes.com\/fi\/produkter\/topografisesti-sovitetut-linssit\/compact-perfect-smart-focus\/","title":{"rendered":"Senso Select Duo"},"content":{"rendered":"<div class=\"wpb-content-wrapper\"><p>[vc_row][vc_column][vc_single_image image=&#8221;50165&#8243; img_size=&#8221;full&#8221;][\/vc_column][\/vc_row][vc_row][vc_column width=&#8221;1\/3&#8243;][vc_single_image image=&#8221;50169&#8243; img_size=&#8221;medium&#8221;][\/vc_column][vc_column width=&#8221;2\/3&#8243;][vc_column_text]<\/p>\n<h5>SENSO SELECT DUO<\/h5>\n<ul>\n<li>T\u00e4ydellinen monitoimi koko Senso Select -sarjalle<\/li>\n<li>Hyv\u00e4 visio l\u00e4hell\u00e4 ja kaukana, progressiivinen lis\u00e4ys ja hyv\u00e4 v\u00e4limatka<\/li>\n<li>Ei n\u00e4kyvi\u00e4 siirtymi\u00e4<\/li>\n<\/ul>\n<p>Senso Select Duo on mittasuhteiltaan vakaa multifokaalilinssi, jolla on progressiivinen virtaus l\u00e4hiosaan. T\u00e4m\u00e4 uusi muotoilu on rakennettu &#8221;todelliseksi&#8221; sujuvaksi siirtym\u00e4ksi, joka tarjoaa hyv\u00e4n n\u00e4kyvyyden kaikilla et\u00e4isyyksill\u00e4 my\u00f6s suurilla lis\u00e4yksill\u00e4. Pallopoikkeamat korjataan nykyaikaisimmilla laskentamenetelmill\u00e4.[\/vc_column_text][\/vc_column][\/vc_row][vc_row][vc_column][vc_tta_tabs][vc_tta_section title=&#8221;Tekniset tiedot&#8221; tab_id=&#8221;1615475851643-5a6dee1f-02f5&#8243;][vc_row_inner][vc_column_inner width=&#8221;1\/2&#8243;][vc_column_text]<\/p>\n<h5>Kuka voi k\u00e4ytt\u00e4\u00e4 Senso Select Duo -sovellusta<\/h5>\n<p>Senso Select Duo on erityisen hyv\u00e4 niille, jotka haluavat t\u00e4ydellisen n\u00e4kym\u00e4n kaikilla et\u00e4isyyksill\u00e4. Se on ensimm\u00e4inen valinta, jos tarvitaan 2,25 D: n l\u00e4hikentt\u00e4.[\/vc_column_text][\/vc_column_inner][vc_column_inner width=&#8221;1\/2&#8243;][vc_column_text]<\/p>\n<h5>Lis\u00e4\u00e4 vaihtoehtoja<\/h5>\n<p>Senso Select Duo on saatavana my\u00f6s bakteereina (RT) ja perifeerisin\u00e4 (PT) .N\u00e4m\u00e4 mittatilausty\u00f6n\u00e4 valmistetut RGP-linssit on suunniteltu yksil\u00f6llisesti <a href=\"https:\/\/enseyes.com\/fi\/sog-optiker\/\">optikkosi<\/a> tulosten perusteella.[\/vc_column_text][\/vc_column_inner][\/vc_row_inner][\/vc_tta_section][vc_tta_section title=&#8221;Tiedot&#8221; tab_id=&#8221;1615475851652-8c8a315b-7430&#8243;][vc_column_text]Lue k\u00e4ytt\u00f6ohjeet huolellisesti ennen kuin aloitat Senso Select Du. Tiedot antaa my\u00f6s piilolinssi-asiantuntijasi. Haluatko lis\u00e4tietoja tai neuvoja? Ota yhteytt\u00e4 puhelimitse. +45 75 10 24 10<\/p>\n<p><a href=\"https:\/\/enseyes.com\/wp-content\/uploads\/2021\/03\/senso_select.pdf\" target=\"_blank\" rel=\"noopener\">Voit ladata k\u00e4ytt\u00f6ohjeen t\u00e4\u00e4lt\u00e4<\/a>[\/vc_column_text][vc_row_inner][vc_column_inner width=&#8221;1\/2&#8243;][vc_column_text]<iframe loading=\"lazy\" src=\"https:\/\/player.vimeo.com\/video\/333071351?autoplay=0\" width=\"400\" height=\"225\" frameborder=\"0\" allowfullscreen=\"allowfullscreen\"><\/iframe>[\/vc_column_text][vc_column_text]<a href=\"mailto:?&amp;subject=Instruktionsvideo&amp;body=Se%20denne%20video%20https:\/\/player.vimeo.com\/video\/333071351\">L\u00e4het\u00e4 video<\/a>\u00a0\u00a0\u00a0\u00a0 &#8211;\u00a0\u00a0\u00a0\u00a0 <a href=\"https:\/\/player.vimeo.com\/video\/333071351?autoplay=0&quot; frameborder=&quot;0&quot; webkitallowfullscreen=&quot;&quot; mozallowfullscreen=&quot;&quot; allowfullscreen=\" target=\"_blank\" rel=\"noopener\">Pelata suuressa muodossa<\/a>[\/vc_column_text][\/vc_column_inner][vc_column_inner width=&#8221;1\/2&#8243;][vc_column_text]<iframe loading=\"lazy\" src=\"https:\/\/player.vimeo.com\/video\/333071365?autoplay=0\" width=\"400\" height=\"225\" frameborder=\"0\" allowfullscreen=\"allowfullscreen\"><\/iframe>[\/vc_column_text][vc_column_text]<a href=\"mailto:?&amp;subject=Instruktionsvideo&amp;body=Se%20denne%20video%20https:\/\/player.vimeo.com\/video\/333071365\">L\u00e4het\u00e4 video<\/a>\u00a0\u00a0\u00a0\u00a0 &#8211;\u00a0\u00a0\u00a0\u00a0\u00a0 <a href=\"https:\/\/player.vimeo.com\/video\/333071365?autoplay=0&quot; width=&quot;263&quot; height=&quot;148&quot; frameborder=&quot;0&quot; webkitallowfullscreen=&quot;&quot; mozallowfullscreen=&quot;&quot; allowfullscreen=\" target=\"_blank\" rel=\"noopener\">Pelata suuressa muodossa<\/a>[\/vc_column_text][\/vc_column_inner][\/vc_row_inner][\/vc_tta_section][vc_tta_section title=&#8221;Piilolinssineste&#8221; tab_id=&#8221;1615477112592-3c6d45a2-ac84&#8243;][vc_column_text]Suosittelemme Senso Select -objektiivien puhdistamista, desinfiointia, varastointia ja huuhtomista <a href=\"https:\/\/enseyes.com\/fi\/produkter\/piilolinssinesteet\/regardk\/\">Regard K<\/a>[\/vc_column_text][\/vc_tta_section][vc_tta_section title=&#8221;Tietoa optikoille&#8221; tab_id=&#8221;1615477288441-2f7ef8e5-bf39&#8243;][vc_row_inner][vc_column_inner width=&#8221;2\/3&#8243;][vc_column_text]<strong>Mukauttaminen<br \/>\n<\/strong>Linssi lasketaan erityisess\u00e4 sovitusohjelmassa nimelt\u00e4 MyProcornea. Ohjelma on yhteensopiva kaikkien Pohjoismaissa vaihdettujen topografien kanssa. Ohjelma on ilmainen k\u00e4ytt\u00e4\u00e4. Tai rinnakkain tasaisimman K-mittan kanssa. VALKOINEN &#8211; 2mm[\/vc_column_text][\/vc_column_inner][vc_column_inner width=&#8221;1\/3&#8243;][\/vc_column_inner][\/vc_row_inner][vc_row_inner][vc_column_inner][vc_column_text]\n<table id=\"tablepress-8\" class=\"tablepress tablepress-id-8\">\n<thead>\n<tr class=\"row-1\">\n\t<th class=\"column-1\">Parametre Senso Select Duo:<\/th><td class=\"column-2\"><\/td><td class=\"column-3\"><\/td>\n<\/tr>\n<\/thead>\n<tbody class=\"row-striping row-hover\">\n<tr class=\"row-2\">\n\t<td class=\"column-1\">Radius (r0):<\/td><td class=\"column-2\">7.00 mm til 9.00 mm i 0.05 mm spring<\/td><td class=\"column-3\"><\/td>\n<\/tr>\n<tr class=\"row-3\">\n\t<td class=\"column-1\">Sf\u00e6risk styrke (F\u2019v):<\/td><td class=\"column-2\">+20.00 D til -20.00 D i 0.25 D spring<\/td><td class=\"column-3\"><\/td>\n<\/tr>\n<tr class=\"row-4\">\n\t<td class=\"column-1\">Addition:<\/td><td class=\"column-2\">1.00 til 3.50 D i 0.25 spring<\/td><td class=\"column-3\"><\/td>\n<\/tr>\n<tr class=\"row-5\">\n\t<td class=\"column-1\">Diameter (\u00d8T):<\/td><td class=\"column-2\">9.60 mm til 10.80 mm i 0.30 mm spring. <\/td><td class=\"column-3\"><\/td>\n<\/tr>\n<tr class=\"row-6\">\n\t<td class=\"column-1\">Teknisk information<\/td><td class=\"column-2\"><\/td><td class=\"column-3\"><\/td>\n<\/tr>\n<tr class=\"row-7\">\n\t<td class=\"column-1\">Mindste center tykkelse:<\/td><td class=\"column-2\">0.21 mm<\/td><td class=\"column-3\"><\/td>\n<\/tr>\n<tr class=\"row-8\">\n\t<td class=\"column-1\">Materialer:<\/td><td class=\"column-2\"><a href=\"https:\/\/enseyes.com\/materialer\/\">Alle tilg\u00e6ngelige RGP materialer<\/a><\/td><td class=\"column-3\"><\/td>\n<\/tr>\n<tr class=\"row-9\">\n\t<td class=\"column-1\">Gravering:<\/td><td class=\"column-2\">R (h\u00f8jre) L (venstre)<br \/>\nStreger i 0 og 180 grader.<\/td><td class=\"column-3\"><\/td>\n<\/tr>\n<tr class=\"row-10\">\n\t<td class=\"column-1\">Forpakning:<\/td><td class=\"column-2\">Blister<\/td><td class=\"column-3\"><\/td>\n<\/tr>\n<\/tbody>\n<\/table>\n<!-- #tablepress-8 from cache -->[\/vc_column_text][\/vc_column_inner][\/vc_row_inner][\/vc_tta_section][\/vc_tta_tabs][\/vc_column][\/vc_row]<\/p>\n<\/div>","protected":false},"excerpt":{"rendered":"<p>[vc_row][vc_column][vc_single_image image=&#8221;50165&#8243; img_size=&#8221;full&#8221;][\/vc_column][\/vc_row][vc_row][vc_column width=&#8221;1\/3&#8243;][vc_single_image image=&#8221;50169&#8243; img_size=&#8221;medium&#8221;][\/vc_column][vc_column width=&#8221;2\/3&#8243;][vc_column_text] SENSO SELECT DUO T\u00e4ydellinen monitoimi koko Senso Select -sarjalle Hyv\u00e4 visio l\u00e4hell\u00e4 ja kaukana, progressiivinen lis\u00e4ys ja hyv\u00e4 v\u00e4limatka Ei n\u00e4kyvi\u00e4 siirtymi\u00e4 Senso Select Duo on mittasuhteiltaan vakaa multifokaalilinssi, jolla on progressiivinen virtaus<\/p>\n","protected":false},"author":1,"featured_media":0,"parent":47898,"menu_order":4,"comment_status":"closed","ping_status":"closed","template":"templates\/product-page.php","meta":{"_acf_changed":false,"footnotes":""},"class_list":["post-48646","page","type-page","status-publish","hentry"],"acf":[],"yoast_head":"<!-- This site is optimized with the Yoast SEO plugin v27.4 - https:\/\/yoast.com\/product\/yoast-seo-wordpress\/ -->\n<title>Senso Select Duo - EnsEyes<\/title>\n<meta name=\"robots\" content=\"index, follow, max-snippet:-1, max-image-preview:large, max-video-preview:-1\" \/>\n<link rel=\"canonical\" href=\"https:\/\/enseyes.com\/fi\/produkter\/topografisesti-sovitetut-linssit\/compact-perfect-smart-focus\/\" \/>\n<meta property=\"og:locale\" content=\"fi_FI\" \/>\n<meta property=\"og:type\" content=\"article\" \/>\n<meta property=\"og:title\" content=\"Senso Select Duo - EnsEyes\" \/>\n<meta property=\"og:description\" content=\"[vc_row][vc_column][vc_single_image image=&#8221;50165&#8243; img_size=&#8221;full&#8221;][\/vc_column][\/vc_row][vc_row][vc_column width=&#8221;1\/3&#8243;][vc_single_image image=&#8221;50169&#8243; img_size=&#8221;medium&#8221;][\/vc_column][vc_column width=&#8221;2\/3&#8243;][vc_column_text] SENSO SELECT DUO T\u00e4ydellinen monitoimi koko Senso Select -sarjalle Hyv\u00e4 visio l\u00e4hell\u00e4 ja kaukana, progressiivinen lis\u00e4ys ja hyv\u00e4 v\u00e4limatka Ei n\u00e4kyvi\u00e4 siirtymi\u00e4 Senso Select Duo on mittasuhteiltaan vakaa multifokaalilinssi, jolla on progressiivinen virtaus\" \/>\n<meta property=\"og:url\" content=\"https:\/\/enseyes.com\/fi\/produkter\/topografisesti-sovitetut-linssit\/compact-perfect-smart-focus\/\" \/>\n<meta property=\"og:site_name\" content=\"EnsEyes\" \/>\n<meta property=\"article:modified_time\" content=\"2021-06-08T12:09:59+00:00\" \/>\n<meta name=\"twitter:card\" content=\"summary_large_image\" \/>\n<meta name=\"twitter:label1\" content=\"Arvioitu lukuaika\" \/>\n\t<meta name=\"twitter:data1\" content=\"1 minuutti\" \/>\n<script type=\"application\/ld+json\" class=\"yoast-schema-graph\">{\"@context\":\"https:\\\/\\\/schema.org\",\"@graph\":[{\"@type\":\"WebPage\",\"@id\":\"https:\\\/\\\/enseyes.com\\\/fi\\\/produkter\\\/topografisesti-sovitetut-linssit\\\/compact-perfect-smart-focus\\\/\",\"url\":\"https:\\\/\\\/enseyes.com\\\/fi\\\/produkter\\\/topografisesti-sovitetut-linssit\\\/compact-perfect-smart-focus\\\/\",\"name\":\"Senso Select Duo - EnsEyes\",\"isPartOf\":{\"@id\":\"https:\\\/\\\/enseyes.com\\\/sv\\\/#website\"},\"datePublished\":\"2015-11-24T13:24:43+00:00\",\"dateModified\":\"2021-06-08T12:09:59+00:00\",\"breadcrumb\":{\"@id\":\"https:\\\/\\\/enseyes.com\\\/fi\\\/produkter\\\/topografisesti-sovitetut-linssit\\\/compact-perfect-smart-focus\\\/#breadcrumb\"},\"inLanguage\":\"fi\",\"potentialAction\":[{\"@type\":\"ReadAction\",\"target\":[\"https:\\\/\\\/enseyes.com\\\/fi\\\/produkter\\\/topografisesti-sovitetut-linssit\\\/compact-perfect-smart-focus\\\/\"]}]},{\"@type\":\"BreadcrumbList\",\"@id\":\"https:\\\/\\\/enseyes.com\\\/fi\\\/produkter\\\/topografisesti-sovitetut-linssit\\\/compact-perfect-smart-focus\\\/#breadcrumb\",\"itemListElement\":[{\"@type\":\"ListItem\",\"position\":1,\"name\":\"Hjem\",\"item\":\"https:\\\/\\\/enseyes.com\\\/fi\\\/\"},{\"@type\":\"ListItem\",\"position\":2,\"name\":\"Tuotteet\",\"item\":\"https:\\\/\\\/enseyes.com\\\/fi\\\/produkter\\\/\"},{\"@type\":\"ListItem\",\"position\":3,\"name\":\"TOPOGRAAFISESTI SOVITETUT LINSSIT\",\"item\":\"https:\\\/\\\/enseyes.com\\\/fi\\\/produkter\\\/topografisesti-sovitetut-linssit\\\/\"},{\"@type\":\"ListItem\",\"position\":4,\"name\":\"Senso Select Duo\"}]},{\"@type\":\"WebSite\",\"@id\":\"https:\\\/\\\/enseyes.com\\\/sv\\\/#website\",\"url\":\"https:\\\/\\\/enseyes.com\\\/sv\\\/\",\"name\":\"EnsEyes\",\"description\":\"Cornea Care\",\"potentialAction\":[{\"@type\":\"SearchAction\",\"target\":{\"@type\":\"EntryPoint\",\"urlTemplate\":\"https:\\\/\\\/enseyes.com\\\/sv\\\/?s={search_term_string}\"},\"query-input\":{\"@type\":\"PropertyValueSpecification\",\"valueRequired\":true,\"valueName\":\"search_term_string\"}}],\"inLanguage\":\"fi\"}]}<\/script>\n<!-- \/ Yoast SEO plugin. -->","yoast_head_json":{"title":"Senso Select Duo - EnsEyes","robots":{"index":"index","follow":"follow","max-snippet":"max-snippet:-1","max-image-preview":"max-image-preview:large","max-video-preview":"max-video-preview:-1"},"canonical":"https:\/\/enseyes.com\/fi\/produkter\/topografisesti-sovitetut-linssit\/compact-perfect-smart-focus\/","og_locale":"fi_FI","og_type":"article","og_title":"Senso Select Duo - EnsEyes","og_description":"[vc_row][vc_column][vc_single_image image=&#8221;50165&#8243; img_size=&#8221;full&#8221;][\/vc_column][\/vc_row][vc_row][vc_column width=&#8221;1\/3&#8243;][vc_single_image image=&#8221;50169&#8243; img_size=&#8221;medium&#8221;][\/vc_column][vc_column width=&#8221;2\/3&#8243;][vc_column_text] SENSO SELECT DUO T\u00e4ydellinen monitoimi koko Senso Select -sarjalle Hyv\u00e4 visio l\u00e4hell\u00e4 ja kaukana, progressiivinen lis\u00e4ys ja hyv\u00e4 v\u00e4limatka Ei n\u00e4kyvi\u00e4 siirtymi\u00e4 Senso Select Duo on mittasuhteiltaan vakaa multifokaalilinssi, jolla on progressiivinen virtaus","og_url":"https:\/\/enseyes.com\/fi\/produkter\/topografisesti-sovitetut-linssit\/compact-perfect-smart-focus\/","og_site_name":"EnsEyes","article_modified_time":"2021-06-08T12:09:59+00:00","twitter_card":"summary_large_image","twitter_misc":{"Arvioitu lukuaika":"1 minuutti"},"schema":{"@context":"https:\/\/schema.org","@graph":[{"@type":"WebPage","@id":"https:\/\/enseyes.com\/fi\/produkter\/topografisesti-sovitetut-linssit\/compact-perfect-smart-focus\/","url":"https:\/\/enseyes.com\/fi\/produkter\/topografisesti-sovitetut-linssit\/compact-perfect-smart-focus\/","name":"Senso Select Duo - EnsEyes","isPartOf":{"@id":"https:\/\/enseyes.com\/sv\/#website"},"datePublished":"2015-11-24T13:24:43+00:00","dateModified":"2021-06-08T12:09:59+00:00","breadcrumb":{"@id":"https:\/\/enseyes.com\/fi\/produkter\/topografisesti-sovitetut-linssit\/compact-perfect-smart-focus\/#breadcrumb"},"inLanguage":"fi","potentialAction":[{"@type":"ReadAction","target":["https:\/\/enseyes.com\/fi\/produkter\/topografisesti-sovitetut-linssit\/compact-perfect-smart-focus\/"]}]},{"@type":"BreadcrumbList","@id":"https:\/\/enseyes.com\/fi\/produkter\/topografisesti-sovitetut-linssit\/compact-perfect-smart-focus\/#breadcrumb","itemListElement":[{"@type":"ListItem","position":1,"name":"Hjem","item":"https:\/\/enseyes.com\/fi\/"},{"@type":"ListItem","position":2,"name":"Tuotteet","item":"https:\/\/enseyes.com\/fi\/produkter\/"},{"@type":"ListItem","position":3,"name":"TOPOGRAAFISESTI SOVITETUT LINSSIT","item":"https:\/\/enseyes.com\/fi\/produkter\/topografisesti-sovitetut-linssit\/"},{"@type":"ListItem","position":4,"name":"Senso Select Duo"}]},{"@type":"WebSite","@id":"https:\/\/enseyes.com\/sv\/#website","url":"https:\/\/enseyes.com\/sv\/","name":"EnsEyes","description":"Cornea Care","potentialAction":[{"@type":"SearchAction","target":{"@type":"EntryPoint","urlTemplate":"https:\/\/enseyes.com\/sv\/?s={search_term_string}"},"query-input":{"@type":"PropertyValueSpecification","valueRequired":true,"valueName":"search_term_string"}}],"inLanguage":"fi"}]}},"_links":{"self":[{"href":"https:\/\/enseyes.com\/fi\/wp-json\/wp\/v2\/pages\/48646","targetHints":{"allow":["GET"]}}],"collection":[{"href":"https:\/\/enseyes.com\/fi\/wp-json\/wp\/v2\/pages"}],"about":[{"href":"https:\/\/enseyes.com\/fi\/wp-json\/wp\/v2\/types\/page"}],"author":[{"embeddable":true,"href":"https:\/\/enseyes.com\/fi\/wp-json\/wp\/v2\/users\/1"}],"replies":[{"embeddable":true,"href":"https:\/\/enseyes.com\/fi\/wp-json\/wp\/v2\/comments?post=48646"}],"version-history":[{"count":0,"href":"https:\/\/enseyes.com\/fi\/wp-json\/wp\/v2\/pages\/48646\/revisions"}],"up":[{"embeddable":true,"href":"https:\/\/enseyes.com\/fi\/wp-json\/wp\/v2\/pages\/47898"}],"wp:attachment":[{"href":"https:\/\/enseyes.com\/fi\/wp-json\/wp\/v2\/media?parent=48646"}],"curies":[{"name":"wp","href":"https:\/\/api.w.org\/{rel}","templated":true}]}}