{"id":48765,"date":"2018-08-16T12:38:42","date_gmt":"2018-08-16T11:38:42","guid":{"rendered":"https:\/\/enseyes.com\/tuotteet\/med\/senso-easy\/"},"modified":"2021-06-16T14:20:17","modified_gmt":"2021-06-16T13:20:17","slug":"senso-easy","status":"publish","type":"page","link":"https:\/\/enseyes.com\/fi\/produkter\/med\/senso-easy\/","title":{"rendered":"Senso Easy"},"content":{"rendered":"<div class=\"wpb-content-wrapper\"><p>[vc_row][vc_column][vc_single_image image=&#8221;51605&#8243; img_size=&#8221;full&#8221;][\/vc_column][\/vc_row][vc_row][vc_column width=&#8221;1\/3&#8243;][vc_single_image image=&#8221;50127&#8243; img_size=&#8221;medium&#8221;][\/vc_column][vc_column width=&#8221;2\/3&#8243;][vc_column_text]<\/p>\n<h5>SENSO EASY<\/h5>\n<ul>\n<li>Helppo muokata<\/li>\n<li>Asiakkaat, joilla on kuivat silm\u00e4t, jotka eiv\u00e4t voi k\u00e4ytt\u00e4\u00e4 pehmeit\u00e4 linssej\u00e4<\/li>\n<li>Ep\u00e4s\u00e4\u00e4nn\u00f6lliset sarveiskalvot<\/li>\n<li>Kaikenlaisia \u200b\u200bkeratokonuksia<\/li>\n<li>Post Lasik<\/li>\n<\/ul>\n<p>Haluamme nostaa linssin sarveiskalvon p\u00e4\u00e4lle ja antaa linssin lep\u00e4\u00e4 yksinomaan kovakalvolla. T\u00e4m\u00e4n linssin alla ei saa olla repe\u00e4mi\u00e4.[\/vc_column_text][\/vc_column][\/vc_row][vc_row][vc_column][vc_tta_tabs][vc_tta_section title=&#8221;K\u00e4ytt\u00e4j\u00e4\u00e4 edelt\u00e4v\u00e4t tiedot&#8221; tab_id=&#8221;1615475851643-5a6dee1f-02f5&#8243;][vc_row_inner][vc_column_inner width=&#8221;1\/2&#8243;][vc_column_text]<\/p>\n<h5>Kuka voi k\u00e4ytt\u00e4\u00e4 Senso Easy<\/h5>\n<p>Senso Easy on suunniteltu erityisesti skandinaavisille silmille, joissa asiakkailla, joilla on pehme\u00e4t tooriset linssit, ei saavuteta samaa n\u00e4kemyst\u00e4 linsseill\u00e4\u00e4n kuin silm\u00e4lasikorjauksellaan, tai asiakkaille, joilla on multifokaaliset linssit, jotka eiv\u00e4t saavuta riitt\u00e4v\u00e4\u00e4 n\u00e4\u00f6n laatua pehmeill\u00e4 multifokaalisilla linsseill\u00e4, tai asiakkaille, joilla on Kuivat silm\u00e4t, jotka eiv\u00e4t voi k\u00e4ytt\u00e4\u00e4 pehmeit\u00e4 linssej\u00e4.[\/vc_column_text][\/vc_column_inner][vc_column_inner width=&#8221;1\/2&#8243;][vc_column_text]<\/p>\n<h5>K\u00e4ytt\u00e4\u00e4<\/h5>\n<p>Senso Easy -valmistetta voidaan k\u00e4ytt\u00e4\u00e4 p\u00e4ivitt\u00e4in jopa vuoden ajan, mink\u00e4 j\u00e4lkeen linssit on vaihdettava.<br \/>\nN\u00e4m\u00e4 mittatilausty\u00f6n\u00e4 valmistetut linssit on suunniteltu yksil\u00f6llisesti <a href=\"https:\/\/enseyes.com\/fi\/sog-optiker\/\">optikkosi<\/a> tulosten perusteella.[\/vc_column_text][\/vc_column_inner][\/vc_row_inner][\/vc_tta_section][vc_tta_section title=&#8221;Ohjeet&#8221; tab_id=&#8221;1615475851652-8c8a315b-7430&#8243;][vc_column_text]Lue k\u00e4ytt\u00f6ohjeet huolellisesti ennen Senso Easy -sovelluksen k\u00e4ytt\u00f6\u00e4. Tiedot antaa piilolinssi-asiantuntijasi. Haluatko lis\u00e4tietoja tai neuvoja? Ota yhteytt\u00e4 puhelimitse +45 75 10 24 10<\/p>\n<p><a href=\"https:\/\/enseyes.com\/docs\/Enseyes_Anno-1006%20MED%2B%20Brugsanvisning_FI_TRYK.pdf\" target=\"_blank\" rel=\"noopener\">Voit ladata k\u00e4ytt\u00f6ohjeen t\u00e4\u00e4lt\u00e4<\/a>[\/vc_column_text][vc_row_inner][vc_column_inner width=&#8221;1\/2&#8243;][vc_column_text]<iframe loading=\"lazy\" src=\"https:\/\/player.vimeo.com\/video\/333071406?autoplay=0\" width=\"400\" height=\"225\" frameborder=\"0\" allowfullscreen=\"allowfullscreen\"><\/iframe>[\/vc_column_text][vc_column_text]<\/p>\n<div class=\"wpb_raw_code wpb_content_element wpb_raw_html\">\n<div class=\"wpb_wrapper\"><\/div>\n<\/div>\n<div class=\"wpb_text_column wpb_content_element \">\n<div class=\"wpb_wrapper\">\n<p><a href=\"mailto:?&amp;subject=Ohjevideo&amp;body=Katso%20video%20https:\/\/player.vimeo.com\/video\/333071406\">L\u00e4het\u00e4 video<\/a>\u00a0 \u00a0 \u2013\u00a0 \u00a0 <a href=\"https:\/\/player.vimeo.com\/video\/333071406?autoplay=0&quot; width=&quot;263&quot; height=&quot;148&quot; frameborder=&quot;0&quot; webkitallowfullscreen=&quot;&quot; mozallowfullscreen=&quot;&quot; allowfullscreen=\" target=\"_blank\" rel=\"noopener noreferrer\">Toista suuressa muodossa<\/a><\/p>\n<\/div>\n<\/div>\n<p>[\/vc_column_text][\/vc_column_inner][vc_column_inner width=&#8221;1\/2&#8243;][vc_column_text]<iframe loading=\"lazy\" src=\"https:\/\/player.vimeo.com\/video\/333071438?autoplay=0\" width=\"400\" height=\"225\" frameborder=\"0\" allowfullscreen=\"allowfullscreen\"><\/iframe>[\/vc_column_text][vc_column_text]<\/p>\n<div class=\"wpb_text_column wpb_content_element \">\n<div class=\"wpb_wrapper\">\n<p><a href=\"mailto:?&amp;subject=Ohjevideo&amp;body=Katso%20video%20https:\/\/player.vimeo.com\/video\/333071438\">L\u00e4het\u00e4 video<\/a>\u00a0 \u00a0 \u2013\u00a0 \u00a0 <a href=\"https:\/\/player.vimeo.com\/video\/333071438?autoplay=0&quot; width=&quot;263&quot; height=&quot;148&quot; frameborder=&quot;0&quot; webkitallowfullscreen=&quot;&quot; mozallowfullscreen=&quot;&quot; allowfullscreen=\" target=\"_blank\" rel=\"noopener noreferrer\">Toista suuressa muodossa<\/a><\/p>\n<\/div>\n<\/div>\n<p>[\/vc_column_text][\/vc_column_inner][\/vc_row_inner][\/vc_tta_section][vc_tta_section title=&#8221;Piilolinssineste&#8221; tab_id=&#8221;1615477112592-3c6d45a2-ac84&#8243;][vc_column_text]Suosittelemme DreamLite-piilolinssien puhdistamista, desinfiointia, varastointia ja huuhtomista Ever Clean ja <a href=\"https:\/\/enseyes.com\/fi\/produkter\/piilolinssinesteet\/unidose-saline\/\">Unidose Saline<\/a>[\/vc_column_text][\/vc_tta_section][vc_tta_section title=&#8221;Tietoa optikoille&#8221; tab_id=&#8221;1615477288441-2f7ef8e5-bf39&#8243;][vc_row_inner][vc_column_inner width=&#8221;2\/3&#8243;][vc_column_text]<strong>Mukauttaminen<br \/>\n<\/strong>Linssi s\u00e4\u00e4det\u00e4\u00e4n ainutlaatuisen <a href=\"https:\/\/www.myprocornea.com\" target=\"_blank\" rel=\"noopener\">Myprocornea<\/a>-s\u00e4\u00e4t\u00f6ohjelman ja Senso Easy linsii <a href=\"https:\/\/enseyes.com\/fi\/produkter\/proevesaet\/\">testisarjan<\/a> avulla. Ohjelma on yhteensopiva kaikkien Pohjoismaissa vaihdettujen topografien kanssa. Ohjelma on ilmainen k\u00e4ytt\u00e4\u00e4.[\/vc_column_text][vc_column_text]Scleral-koodit<br \/>\n<a href=\"https:\/\/enseyes.com\/wp-content\/uploads\/2021\/06\/scleral_koder-1.png\" target=\"_blank\" rel=\"noopener\"><img loading=\"lazy\" decoding=\"async\" class=\"alignnone wp-image-51597\" src=\"https:\/\/enseyes.com\/wp-content\/uploads\/2021\/06\/scleral_koder-1-1024x227.png\" alt=\"\" width=\"800\" height=\"177\" srcset=\"https:\/\/enseyes.com\/wp-content\/uploads\/2021\/06\/scleral_koder-1-1024x227.png 1024w, https:\/\/enseyes.com\/wp-content\/uploads\/2021\/06\/scleral_koder-1-300x66.png 300w, https:\/\/enseyes.com\/wp-content\/uploads\/2021\/06\/scleral_koder-1-768x170.png 768w, https:\/\/enseyes.com\/wp-content\/uploads\/2021\/06\/scleral_koder-1.png 1092w\" sizes=\"auto, (max-width: 800px) 100vw, 800px\" \/><\/a><br \/>\n\n<table id=\"tablepress-15\" class=\"tablepress tablepress-id-15\">\n<thead>\n<tr class=\"row-1\">\n\t<th class=\"column-1\">Parametre Easy:<\/th><td class=\"column-2\"><\/td><td class=\"column-3\"><\/td>\n<\/tr>\n<\/thead>\n<tbody class=\"row-striping row-hover\">\n<tr class=\"row-2\">\n\t<td class=\"column-1\">Radius (r0):<\/td><td class=\"column-2\">7.60 mm til 8.80 mm i 0.20 mm steps<\/td><td class=\"column-3\"><\/td>\n<\/tr>\n<tr class=\"row-3\">\n\t<td class=\"column-1\">Sf\u00e6risk styrke (F\u2019v):<\/td><td class=\"column-2\">+25.00 D til -25.00 D i 0.25 D steps<\/td><td class=\"column-3\"><\/td>\n<\/tr>\n<tr class=\"row-4\">\n\t<td class=\"column-1\">Sagital h\u00f8jde (SAG):<\/td><td class=\"column-2\">0.25 til 4.75 i 0.25  steps<\/td><td class=\"column-3\"><\/td>\n<\/tr>\n<tr class=\"row-5\">\n\t<td class=\"column-1\">Akse (Torisk):<\/td><td class=\"column-2\">0\u00b0 til 180\u00b0 pr 1\u00b0<\/td><td class=\"column-3\"><\/td>\n<\/tr>\n<tr class=\"row-6\">\n\t<td class=\"column-1\">Perifer faktor (PF):<\/td><td class=\"column-2\">+6 til -4 i 1 steps<\/td><td class=\"column-3\"><\/td>\n<\/tr>\n<tr class=\"row-7\">\n\t<td class=\"column-1\">Perifertorisk (PT):<\/td><td class=\"column-2\">1 til 3 i 1 steps<\/td><td class=\"column-3\"><\/td>\n<\/tr>\n<tr class=\"row-8\">\n\t<td class=\"column-1\">Bitorisk (BT)<\/td><td class=\"column-2\"><\/td><td class=\"column-3\"><\/td>\n<\/tr>\n<tr class=\"row-9\">\n\t<td class=\"column-1\">Cyl:<\/td><td class=\"column-2\">Frontcyl -0.25 D til -3.00 D i 0.25 D steps<\/td><td class=\"column-3\"><\/td>\n<\/tr>\n<tr class=\"row-10\">\n\t<td class=\"column-1\">Diameter (\u00d8T):<\/td><td class=\"column-2\">14.80 mm <\/td><td class=\"column-3\"><\/td>\n<\/tr>\n<tr class=\"row-11\">\n\t<td class=\"column-1\">Teknisk information<\/td><td class=\"column-2\"><\/td><td class=\"column-3\"><\/td>\n<\/tr>\n<tr class=\"row-12\">\n\t<td class=\"column-1\">Materiale:<\/td><td class=\"column-2\">Boston XO Klar eller isbl\u00e5 DK 100<\/td><td class=\"column-3\"><\/td>\n<\/tr>\n<tr class=\"row-13\">\n\t<td class=\"column-1\">Central tykkelse ved BVP 0.00:<\/td><td class=\"column-2\">340 microns<\/td><td class=\"column-3\"><\/td>\n<\/tr>\n<tr class=\"row-14\">\n\t<td class=\"column-1\">Minimum central tykkelse:<\/td><td class=\"column-2\">0.25 mm<\/td><td class=\"column-3\"><\/td>\n<\/tr>\n<tr class=\"row-15\">\n\t<td class=\"column-1\">Bagflade geometri:<\/td><td class=\"column-2\">Asf\u00e6risk<\/td><td class=\"column-3\"><\/td>\n<\/tr>\n<tr class=\"row-16\">\n\t<td class=\"column-1\">Forflade geometri:<\/td><td class=\"column-2\">Fuld optisk AB Technology<\/td><td class=\"column-3\"><\/td>\n<\/tr>\n<tr class=\"row-17\">\n\t<td class=\"column-1\">Forpakning:<\/td><td class=\"column-2\">Blister<\/td><td class=\"column-3\"><\/td>\n<\/tr>\n<\/tbody>\n<\/table>\n<!-- #tablepress-15 from cache -->[\/vc_column_text][\/vc_column_inner][vc_column_inner width=&#8221;1\/3&#8243;][vc_single_image image=&#8221;51612&#8243; img_size=&#8221;200xauto&#8221; alignment=&#8221;right&#8221; onclick=&#8221;img_link_large&#8221; img_link_target=&#8221;_blank&#8221;][vc_column_text]<\/p>\n<p style=\"text-align: right;\">Ideal fit<\/p>\n<p>[\/vc_column_text][vc_single_image image=&#8221;51616&#8243; img_size=&#8221;200xauto&#8221; alignment=&#8221;right&#8221; onclick=&#8221;img_link_large&#8221; img_link_target=&#8221;_blank&#8221;][\/vc_column_inner][\/vc_row_inner][\/vc_tta_section][\/vc_tta_tabs][\/vc_column][\/vc_row][vc_row][vc_column][vc_column_text]<\/p>\n<p>[\/vc_column_text][\/vc_column][\/vc_row][vc_row][vc_column width=&#8221;1\/2&#8243;][vc_raw_html]JTNDaWZyYW1lJTIwc3JjJTNEJTIyaHR0cHMlM0ElMkYlMkZwbGF5ZXIudmltZW8uY29tJTJGdmlkZW8lMkYyODUyNjQyNTAlMjIlMjB3aWR0aCUzRCUyMjY0MCUyMiUyMGhlaWdodCUzRCUyMjQ4MCUyMiUyMGZyYW1lYm9yZGVyJTNEJTIyMCUyMiUyMHdlYmtpdGFsbG93ZnVsbHNjcmVlbiUyMG1vemFsbG93ZnVsbHNjcmVlbiUyMGFsbG93ZnVsbHNjcmVlbiUzRSUzQyUyRmlmcmFtZSUzRQ==[\/vc_raw_html][\/vc_column][vc_column width=&#8221;1\/2&#8243;][vc_raw_html]JTNDaWZyYW1lJTIwc3JjJTNEJTIyaHR0cHMlM0ElMkYlMkZwbGF5ZXIudmltZW8uY29tJTJGdmlkZW8lMkYyODUyNjQyNDUlMjIlMjB3aWR0aCUzRCUyMjY0MCUyMiUyMGhlaWdodCUzRCUyMjQ4MCUyMiUyMGZyYW1lYm9yZGVyJTNEJTIyMCUyMiUyMHdlYmtpdGFsbG93ZnVsbHNjcmVlbiUyMG1vemFsbG93ZnVsbHNjcmVlbiUyMGFsbG93ZnVsbHNjcmVlbiUzRSUzQyUyRmlmcmFtZSUzRQ==[\/vc_raw_html][\/vc_column][\/vc_row]<\/p>\n<\/div>","protected":false},"excerpt":{"rendered":"<p>[vc_row][vc_column][vc_single_image image=&#8221;51605&#8243; img_size=&#8221;full&#8221;][\/vc_column][\/vc_row][vc_row][vc_column width=&#8221;1\/3&#8243;][vc_single_image image=&#8221;50127&#8243; img_size=&#8221;medium&#8221;][\/vc_column][vc_column width=&#8221;2\/3&#8243;][vc_column_text] SENSO EASY Helppo muokata Asiakkaat, joilla on kuivat silm\u00e4t, jotka eiv\u00e4t voi k\u00e4ytt\u00e4\u00e4 pehmeit\u00e4 linssej\u00e4 Ep\u00e4s\u00e4\u00e4nn\u00f6lliset sarveiskalvot Kaikenlaisia \u200b\u200bkeratokonuksia Post Lasik Haluamme nostaa linssin sarveiskalvon p\u00e4\u00e4lle ja antaa linssin lep\u00e4\u00e4 yksinomaan kovakalvolla. T\u00e4m\u00e4n<\/p>\n","protected":false},"author":1,"featured_media":0,"parent":47966,"menu_order":5,"comment_status":"closed","ping_status":"closed","template":"templates\/product-page.php","meta":{"_acf_changed":false,"footnotes":""},"class_list":["post-48765","page","type-page","status-publish","hentry"],"acf":[],"yoast_head":"<!-- This site is optimized with the Yoast SEO plugin v27.4 - https:\/\/yoast.com\/product\/yoast-seo-wordpress\/ -->\n<title>Senso Easy - EnsEyes<\/title>\n<meta name=\"robots\" content=\"index, follow, max-snippet:-1, max-image-preview:large, max-video-preview:-1\" \/>\n<link rel=\"canonical\" href=\"https:\/\/enseyes.com\/fi\/produkter\/med\/senso-easy\/\" \/>\n<meta property=\"og:locale\" content=\"fi_FI\" \/>\n<meta property=\"og:type\" content=\"article\" \/>\n<meta property=\"og:title\" content=\"Senso Easy - EnsEyes\" \/>\n<meta property=\"og:description\" content=\"[vc_row][vc_column][vc_single_image image=&#8221;51605&#8243; img_size=&#8221;full&#8221;][\/vc_column][\/vc_row][vc_row][vc_column width=&#8221;1\/3&#8243;][vc_single_image image=&#8221;50127&#8243; img_size=&#8221;medium&#8221;][\/vc_column][vc_column width=&#8221;2\/3&#8243;][vc_column_text] SENSO EASY Helppo muokata Asiakkaat, joilla on kuivat silm\u00e4t, jotka eiv\u00e4t voi k\u00e4ytt\u00e4\u00e4 pehmeit\u00e4 linssej\u00e4 Ep\u00e4s\u00e4\u00e4nn\u00f6lliset sarveiskalvot Kaikenlaisia \u200b\u200bkeratokonuksia Post Lasik Haluamme nostaa linssin sarveiskalvon p\u00e4\u00e4lle ja antaa linssin lep\u00e4\u00e4 yksinomaan kovakalvolla. T\u00e4m\u00e4n\" \/>\n<meta property=\"og:url\" content=\"https:\/\/enseyes.com\/fi\/produkter\/med\/senso-easy\/\" \/>\n<meta property=\"og:site_name\" content=\"EnsEyes\" \/>\n<meta property=\"article:modified_time\" content=\"2021-06-16T13:20:17+00:00\" \/>\n<meta property=\"og:image\" content=\"https:\/\/enseyes.com\/wp-content\/uploads\/2021\/06\/scleral_koder-1-1024x227.png\" \/>\n<meta name=\"twitter:card\" content=\"summary_large_image\" \/>\n<meta name=\"twitter:label1\" content=\"Arvioitu lukuaika\" \/>\n\t<meta name=\"twitter:data1\" content=\"2 minuuttia\" \/>\n<script type=\"application\/ld+json\" class=\"yoast-schema-graph\">{\"@context\":\"https:\\\/\\\/schema.org\",\"@graph\":[{\"@type\":\"WebPage\",\"@id\":\"https:\\\/\\\/enseyes.com\\\/fi\\\/produkter\\\/med\\\/senso-easy\\\/\",\"url\":\"https:\\\/\\\/enseyes.com\\\/fi\\\/produkter\\\/med\\\/senso-easy\\\/\",\"name\":\"Senso Easy - EnsEyes\",\"isPartOf\":{\"@id\":\"https:\\\/\\\/enseyes.com\\\/sv\\\/#website\"},\"primaryImageOfPage\":{\"@id\":\"https:\\\/\\\/enseyes.com\\\/fi\\\/produkter\\\/med\\\/senso-easy\\\/#primaryimage\"},\"image\":{\"@id\":\"https:\\\/\\\/enseyes.com\\\/fi\\\/produkter\\\/med\\\/senso-easy\\\/#primaryimage\"},\"thumbnailUrl\":\"https:\\\/\\\/enseyes.com\\\/wp-content\\\/uploads\\\/2021\\\/06\\\/scleral_koder-1-1024x227.png\",\"datePublished\":\"2018-08-16T11:38:42+00:00\",\"dateModified\":\"2021-06-16T13:20:17+00:00\",\"breadcrumb\":{\"@id\":\"https:\\\/\\\/enseyes.com\\\/fi\\\/produkter\\\/med\\\/senso-easy\\\/#breadcrumb\"},\"inLanguage\":\"fi\",\"potentialAction\":[{\"@type\":\"ReadAction\",\"target\":[\"https:\\\/\\\/enseyes.com\\\/fi\\\/produkter\\\/med\\\/senso-easy\\\/\"]}]},{\"@type\":\"ImageObject\",\"inLanguage\":\"fi\",\"@id\":\"https:\\\/\\\/enseyes.com\\\/fi\\\/produkter\\\/med\\\/senso-easy\\\/#primaryimage\",\"url\":\"https:\\\/\\\/enseyes.com\\\/wp-content\\\/uploads\\\/2021\\\/06\\\/scleral_koder-1-1024x227.png\",\"contentUrl\":\"https:\\\/\\\/enseyes.com\\\/wp-content\\\/uploads\\\/2021\\\/06\\\/scleral_koder-1-1024x227.png\"},{\"@type\":\"BreadcrumbList\",\"@id\":\"https:\\\/\\\/enseyes.com\\\/fi\\\/produkter\\\/med\\\/senso-easy\\\/#breadcrumb\",\"itemListElement\":[{\"@type\":\"ListItem\",\"position\":1,\"name\":\"Hjem\",\"item\":\"https:\\\/\\\/enseyes.com\\\/fi\\\/\"},{\"@type\":\"ListItem\",\"position\":2,\"name\":\"Tuotteet\",\"item\":\"https:\\\/\\\/enseyes.com\\\/fi\\\/produkter\\\/\"},{\"@type\":\"ListItem\",\"position\":3,\"name\":\"L\u00c4\u00c4KINN\u00c4LLISET LINSSIT\",\"item\":\"https:\\\/\\\/enseyes.com\\\/fi\\\/produkter\\\/med\\\/\"},{\"@type\":\"ListItem\",\"position\":4,\"name\":\"Senso Easy\"}]},{\"@type\":\"WebSite\",\"@id\":\"https:\\\/\\\/enseyes.com\\\/sv\\\/#website\",\"url\":\"https:\\\/\\\/enseyes.com\\\/sv\\\/\",\"name\":\"EnsEyes\",\"description\":\"Cornea Care\",\"potentialAction\":[{\"@type\":\"SearchAction\",\"target\":{\"@type\":\"EntryPoint\",\"urlTemplate\":\"https:\\\/\\\/enseyes.com\\\/sv\\\/?s={search_term_string}\"},\"query-input\":{\"@type\":\"PropertyValueSpecification\",\"valueRequired\":true,\"valueName\":\"search_term_string\"}}],\"inLanguage\":\"fi\"}]}<\/script>\n<!-- \/ Yoast SEO plugin. -->","yoast_head_json":{"title":"Senso Easy - EnsEyes","robots":{"index":"index","follow":"follow","max-snippet":"max-snippet:-1","max-image-preview":"max-image-preview:large","max-video-preview":"max-video-preview:-1"},"canonical":"https:\/\/enseyes.com\/fi\/produkter\/med\/senso-easy\/","og_locale":"fi_FI","og_type":"article","og_title":"Senso Easy - EnsEyes","og_description":"[vc_row][vc_column][vc_single_image image=&#8221;51605&#8243; img_size=&#8221;full&#8221;][\/vc_column][\/vc_row][vc_row][vc_column width=&#8221;1\/3&#8243;][vc_single_image image=&#8221;50127&#8243; img_size=&#8221;medium&#8221;][\/vc_column][vc_column width=&#8221;2\/3&#8243;][vc_column_text] SENSO EASY Helppo muokata Asiakkaat, joilla on kuivat silm\u00e4t, jotka eiv\u00e4t voi k\u00e4ytt\u00e4\u00e4 pehmeit\u00e4 linssej\u00e4 Ep\u00e4s\u00e4\u00e4nn\u00f6lliset sarveiskalvot Kaikenlaisia \u200b\u200bkeratokonuksia Post Lasik Haluamme nostaa linssin sarveiskalvon p\u00e4\u00e4lle ja antaa linssin lep\u00e4\u00e4 yksinomaan kovakalvolla. T\u00e4m\u00e4n","og_url":"https:\/\/enseyes.com\/fi\/produkter\/med\/senso-easy\/","og_site_name":"EnsEyes","article_modified_time":"2021-06-16T13:20:17+00:00","og_image":[{"url":"https:\/\/enseyes.com\/wp-content\/uploads\/2021\/06\/scleral_koder-1-1024x227.png","type":"","width":"","height":""}],"twitter_card":"summary_large_image","twitter_misc":{"Arvioitu lukuaika":"2 minuuttia"},"schema":{"@context":"https:\/\/schema.org","@graph":[{"@type":"WebPage","@id":"https:\/\/enseyes.com\/fi\/produkter\/med\/senso-easy\/","url":"https:\/\/enseyes.com\/fi\/produkter\/med\/senso-easy\/","name":"Senso Easy - EnsEyes","isPartOf":{"@id":"https:\/\/enseyes.com\/sv\/#website"},"primaryImageOfPage":{"@id":"https:\/\/enseyes.com\/fi\/produkter\/med\/senso-easy\/#primaryimage"},"image":{"@id":"https:\/\/enseyes.com\/fi\/produkter\/med\/senso-easy\/#primaryimage"},"thumbnailUrl":"https:\/\/enseyes.com\/wp-content\/uploads\/2021\/06\/scleral_koder-1-1024x227.png","datePublished":"2018-08-16T11:38:42+00:00","dateModified":"2021-06-16T13:20:17+00:00","breadcrumb":{"@id":"https:\/\/enseyes.com\/fi\/produkter\/med\/senso-easy\/#breadcrumb"},"inLanguage":"fi","potentialAction":[{"@type":"ReadAction","target":["https:\/\/enseyes.com\/fi\/produkter\/med\/senso-easy\/"]}]},{"@type":"ImageObject","inLanguage":"fi","@id":"https:\/\/enseyes.com\/fi\/produkter\/med\/senso-easy\/#primaryimage","url":"https:\/\/enseyes.com\/wp-content\/uploads\/2021\/06\/scleral_koder-1-1024x227.png","contentUrl":"https:\/\/enseyes.com\/wp-content\/uploads\/2021\/06\/scleral_koder-1-1024x227.png"},{"@type":"BreadcrumbList","@id":"https:\/\/enseyes.com\/fi\/produkter\/med\/senso-easy\/#breadcrumb","itemListElement":[{"@type":"ListItem","position":1,"name":"Hjem","item":"https:\/\/enseyes.com\/fi\/"},{"@type":"ListItem","position":2,"name":"Tuotteet","item":"https:\/\/enseyes.com\/fi\/produkter\/"},{"@type":"ListItem","position":3,"name":"L\u00c4\u00c4KINN\u00c4LLISET LINSSIT","item":"https:\/\/enseyes.com\/fi\/produkter\/med\/"},{"@type":"ListItem","position":4,"name":"Senso Easy"}]},{"@type":"WebSite","@id":"https:\/\/enseyes.com\/sv\/#website","url":"https:\/\/enseyes.com\/sv\/","name":"EnsEyes","description":"Cornea Care","potentialAction":[{"@type":"SearchAction","target":{"@type":"EntryPoint","urlTemplate":"https:\/\/enseyes.com\/sv\/?s={search_term_string}"},"query-input":{"@type":"PropertyValueSpecification","valueRequired":true,"valueName":"search_term_string"}}],"inLanguage":"fi"}]}},"_links":{"self":[{"href":"https:\/\/enseyes.com\/fi\/wp-json\/wp\/v2\/pages\/48765","targetHints":{"allow":["GET"]}}],"collection":[{"href":"https:\/\/enseyes.com\/fi\/wp-json\/wp\/v2\/pages"}],"about":[{"href":"https:\/\/enseyes.com\/fi\/wp-json\/wp\/v2\/types\/page"}],"author":[{"embeddable":true,"href":"https:\/\/enseyes.com\/fi\/wp-json\/wp\/v2\/users\/1"}],"replies":[{"embeddable":true,"href":"https:\/\/enseyes.com\/fi\/wp-json\/wp\/v2\/comments?post=48765"}],"version-history":[{"count":0,"href":"https:\/\/enseyes.com\/fi\/wp-json\/wp\/v2\/pages\/48765\/revisions"}],"up":[{"embeddable":true,"href":"https:\/\/enseyes.com\/fi\/wp-json\/wp\/v2\/pages\/47966"}],"wp:attachment":[{"href":"https:\/\/enseyes.com\/fi\/wp-json\/wp\/v2\/media?parent=48765"}],"curies":[{"name":"wp","href":"https:\/\/api.w.org\/{rel}","templated":true}]}}