{"id":48771,"date":"2016-05-18T11:12:13","date_gmt":"2016-05-18T10:12:13","guid":{"rendered":"https:\/\/enseyes.com\/tuotteet\/med\/mini-scleral\/"},"modified":"2021-06-17T09:19:18","modified_gmt":"2021-06-17T08:19:18","slug":"mini-scleral","status":"publish","type":"page","link":"https:\/\/enseyes.com\/fi\/produkter\/med\/mini-scleral\/","title":{"rendered":"Senso Mini"},"content":{"rendered":"<div class=\"wpb-content-wrapper\"><p>[vc_row][vc_column][vc_single_image image=&#8221;51770&#8243; img_size=&#8221;full&#8221;][\/vc_column][\/vc_row][vc_row][vc_column width=&#8221;1\/3&#8243;][vc_single_image image=&#8221;51774&#8243; img_size=&#8221;medium&#8221;][\/vc_column][vc_column width=&#8221;2\/3&#8243;][vc_column_text]<\/p>\n<h5>SENSO MINI<\/h5>\n<ul>\n<li>Ratkaisu ep\u00e4s\u00e4\u00e4nn\u00f6llisiin sarveiskalvoihin<\/li>\n<li>Kristallinkirkas h\u00e4nen<\/li>\n<li>Optimaalinen mukavuus<\/li>\n<\/ul>\n<p>Senso Mini Scleral on suunniteltu erityisesti ep\u00e4s\u00e4\u00e4nn\u00f6llisille silmille.<br \/>\nHaluamme nostaa linssin sarveiskalvon p\u00e4\u00e4lle ja antaa linssin lep\u00e4\u00e4 yksinomaan kovakalvolla. T\u00e4m\u00e4 antaa hauraiden sarveiskalvojen rauhoittua ja kosteuttaa koko p\u00e4iv\u00e4n[\/vc_column_text][\/vc_column][\/vc_row][vc_row][vc_column][vc_tta_tabs][vc_tta_section title=&#8221;K\u00e4ytt\u00e4j\u00e4\u00e4 edelt\u00e4v\u00e4t tiedot&#8221; tab_id=&#8221;1615475851643-5a6dee1f-02f5&#8243;][vc_row_inner][vc_column_inner width=&#8221;1\/2&#8243;][vc_column_text]<\/p>\n<h5>Kuka voi k\u00e4ytt\u00e4\u00e4 Senso Mini<\/h5>\n<p>Senso Mini Scleral -linssit on suunniteltu erityisesti (liev\u00e4st\u00e4 vaikeaan) ep\u00e4s\u00e4\u00e4nn\u00f6llisiin sarveiskalvoihin. Kun sarveiskalvo on v\u00e4\u00e4ristynyt tai vaurioitunut, perinteiset piilolinssit ja lasit eiv\u00e4t usein tarjoa tarvittavaa n\u00e4\u00f6ntarkkuutta. Skleraalinen piilolinssi on suurempi kuin tavallinen piilolinssi. Siin\u00e4 ei ole sarveiskalvoa ja se lep\u00e4\u00e4 vain kovakalvolla suojaten siten sarveiskalvoa.[\/vc_column_text][\/vc_column_inner][vc_column_inner width=&#8221;1\/2&#8243;][vc_column_text]<\/p>\n<h5>K\u00e4ytt\u00e4\u00e4<\/h5>\n<p>Senso Mini voidaan k\u00e4ytt\u00e4\u00e4 p\u00e4ivitt\u00e4in enint\u00e4\u00e4n 12 kuukauden ajan, mink\u00e4 j\u00e4lkeen linssit on vaihdettava.<br \/>\nN\u00e4m\u00e4 mittatilausty\u00f6n\u00e4 valmistetut linssit r\u00e4\u00e4t\u00e4l\u00f6id\u00e4\u00e4n yksil\u00f6llisesti <a href=\"https:\/\/enseyes.com\/fi\/sog-optiker\/\">optikkosi<\/a> tulosten perusteella[\/vc_column_text][\/vc_column_inner][\/vc_row_inner][\/vc_tta_section][vc_tta_section title=&#8221;Ohjeet&#8221; tab_id=&#8221;1615475851652-8c8a315b-7430&#8243;][vc_column_text]Lue k\u00e4ytt\u00f6ohjeet huolellisesti ennen Senso Mini -sovelluksen k\u00e4ytt\u00f6\u00e4. Tiedot antaa piilolinssi-asiantuntijasi. Haluatko lis\u00e4tietoja tai neuvoja? Ota yhteytt\u00e4 puhelimitse +45 75 10 24 10<\/p>\n<p><a href=\"https:\/\/enseyes.com\/docs\/Enseyes_Anno-1006%20MED%2B%20Brugsanvisning_FI_TRYK.pdf\" target=\"_blank\" rel=\"noopener\">Voit ladata k\u00e4ytt\u00f6ohjeen t\u00e4\u00e4lt\u00e4<\/a>[\/vc_column_text][vc_row_inner][vc_column_inner width=&#8221;1\/2&#8243;][vc_column_text]<iframe loading=\"lazy\" src=\"https:\/\/player.vimeo.com\/video\/333071406?autoplay=0\" width=\"400\" height=\"225\" frameborder=\"0\" allowfullscreen=\"allowfullscreen\"><\/iframe>[\/vc_column_text][vc_column_text]<a href=\"mailto:?&amp;subject=Ohjevideo&amp;body=Katso%20video%20https:\/\/player.vimeo.com\/video\/333071406\">L\u00e4het\u00e4 video<\/a>\u00a0 \u00a0 \u2013\u00a0 \u00a0 <a href=\"https:\/\/player.vimeo.com\/video\/333071406?autoplay=0%22%20width=%22263%22%20height=%22148%22%20frameborder=%220%22%20webkitallowfullscreen=%22%22%20mozallowfullscreen=%22%22%20allowfullscreen=\" target=\"_blank\" rel=\"noopener noreferrer\">Toista suuressa muodossa<\/a>[\/vc_column_text][\/vc_column_inner][vc_column_inner width=&#8221;1\/2&#8243;][vc_column_text]<iframe loading=\"lazy\" src=\"https:\/\/player.vimeo.com\/video\/333071438?autoplay=0\" width=\"400\" height=\"225\" frameborder=\"0\" allowfullscreen=\"allowfullscreen\"><\/iframe>[\/vc_column_text][vc_column_text]<a href=\"mailto:?&amp;subject=Ohjevideo&amp;body=Katso%20video%20https:\/\/player.vimeo.com\/video\/333071438\">L\u00e4het\u00e4 video<\/a>\u00a0 \u00a0 \u2013\u00a0 \u00a0 <a href=\"https:\/\/player.vimeo.com\/video\/333071438?autoplay=0%22%20width=%22263%22%20height=%22148%22%20frameborder=%220%22%20webkitallowfullscreen=%22%22%20mozallowfullscreen=%22%22%20allowfullscreen=\" target=\"_blank\" rel=\"noopener noreferrer\">Toista suuressa muodossa<\/a>[\/vc_column_text][\/vc_column_inner][\/vc_row_inner][\/vc_tta_section][vc_tta_section title=&#8221;Piilolinssineste&#8221; tab_id=&#8221;1615477112592-3c6d45a2-ac84&#8243;][vc_column_text]Suosittelemme Senso Mini-piilolinssien puhdistamista, desinfiointia, varastointia ja huuhtomista Ever Clean ja <a href=\"https:\/\/enseyes.com\/fi\/produkter\/piilolinssinesteet\/unidose-saline\/\">Unidose Saline<\/a>[\/vc_column_text][\/vc_tta_section][vc_tta_section title=&#8221;Tietoa optikoille&#8221; tab_id=&#8221;1615477288441-2f7ef8e5-bf39&#8243;][vc_row_inner][vc_column_inner width=&#8221;2\/3&#8243;][vc_column_text]<strong>Mukauttaminen<\/strong><br \/>\nLinssi s\u00e4\u00e4det\u00e4\u00e4n ainutlaatuisen <a href=\"https:\/\/www.myprocornea.com\" target=\"_blank\" rel=\"noopener\">Myprocornea<\/a>-s\u00e4\u00e4t\u00f6ohjelman ja Senso Mini linsii <a href=\"https:\/\/enseyes.com\/fi\/produkter\/proevesaet\/\">testisarjan<\/a> avulla. Ohjelma on yhteensopiva kaikkien Pohjoismaissa vaihdettujen topografien kanssa. Ohjelma on ilmainen k\u00e4ytt\u00e4\u00e4.[\/vc_column_text][vc_column_text]Scleral koder<br \/>\n<a href=\"https:\/\/enseyes.com\/wp-content\/uploads\/2021\/06\/senso_mini_koder.png\" target=\"_blank\" rel=\"noopener\"><img loading=\"lazy\" decoding=\"async\" class=\"alignnone wp-image-51787 size-medium\" src=\"https:\/\/enseyes.com\/wp-content\/uploads\/2021\/06\/senso_mini_koder-300x101.png\" alt=\"\" width=\"300\" height=\"101\" srcset=\"https:\/\/enseyes.com\/wp-content\/uploads\/2021\/06\/senso_mini_koder-300x101.png 300w, https:\/\/enseyes.com\/wp-content\/uploads\/2021\/06\/senso_mini_koder.png 735w\" sizes=\"auto, (max-width: 300px) 100vw, 300px\" \/><\/a><\/p>\n<p>\n<table id=\"tablepress-18\" class=\"tablepress tablepress-id-18\">\n<thead>\n<tr class=\"row-1\">\n\t<th class=\"column-1\">Parametre Mini:<\/th><td class=\"column-2\"><\/td><td class=\"column-3\"><\/td>\n<\/tr>\n<\/thead>\n<tbody class=\"row-striping row-hover\">\n<tr class=\"row-2\">\n\t<td class=\"column-1\">Radius (r0):<\/td><td class=\"column-2\">7.00 mm til 9.40 mm i 0.20 mm steps<\/td><td class=\"column-3\"><\/td>\n<\/tr>\n<tr class=\"row-3\">\n\t<td class=\"column-1\">Sf\u00e6risk styrke (F\u2019v):<\/td><td class=\"column-2\">+20.00 D til -25.00 D i 0.25 D steps<\/td><td class=\"column-3\"><\/td>\n<\/tr>\n<tr class=\"row-4\">\n\t<td class=\"column-1\">Sagital h\u00f8jde (SAG):<\/td><td class=\"column-2\">0.25 til 7.25 i 0.25  steps<\/td><td class=\"column-3\"><\/td>\n<\/tr>\n<tr class=\"row-5\">\n\t<td class=\"column-1\">Akse (Torisk):<\/td><td class=\"column-2\">0\u00b0 til 180\u00b0 pr 1\u00b0<\/td><td class=\"column-3\"><\/td>\n<\/tr>\n<tr class=\"row-6\">\n\t<td class=\"column-1\">Perifer faktor (PF):<\/td><td class=\"column-2\">+8 til -8 i 1 steps<\/td><td class=\"column-3\"><\/td>\n<\/tr>\n<tr class=\"row-7\">\n\t<td class=\"column-1\">Perifertorisk (PT):<\/td><td class=\"column-2\">1 til 6 i 1 steps<\/td><td class=\"column-3\"><\/td>\n<\/tr>\n<tr class=\"row-8\">\n\t<td class=\"column-1\">Bitorisk (BT)<\/td><td class=\"column-2\"><\/td><td class=\"column-3\"><\/td>\n<\/tr>\n<tr class=\"row-9\">\n\t<td class=\"column-1\">Cyl:<\/td><td class=\"column-2\">Frontcyl -0.50 D til -3.00 D i 0.25 D steps<\/td><td class=\"column-3\"><\/td>\n<\/tr>\n<tr class=\"row-10\">\n\t<td class=\"column-1\">Diameter (\u00d8T):<\/td><td class=\"column-2\">15.20 til 18.00 mm i 0.25 mm steps <\/td><td class=\"column-3\"><\/td>\n<\/tr>\n<tr class=\"row-11\">\n\t<td class=\"column-1\">Teknisk information<\/td><td class=\"column-2\"><\/td><td class=\"column-3\"><\/td>\n<\/tr>\n<tr class=\"row-12\">\n\t<td class=\"column-1\">Materiale:<\/td><td class=\"column-2\">Boston XO Klar eller isbl\u00e5 DK 100<\/td><td class=\"column-3\"><\/td>\n<\/tr>\n<tr class=\"row-13\">\n\t<td class=\"column-1\">Minimum central tykkelse:<\/td><td class=\"column-2\">0.25 mm<\/td><td class=\"column-3\"><\/td>\n<\/tr>\n<tr class=\"row-14\">\n\t<td class=\"column-1\">Bagflade geometri:<\/td><td class=\"column-2\">Asf\u00e6risk<\/td><td class=\"column-3\"><\/td>\n<\/tr>\n<tr class=\"row-15\">\n\t<td class=\"column-1\">Forflade geometri:<\/td><td class=\"column-2\">Fuld optisk AB Technology<\/td><td class=\"column-3\"><\/td>\n<\/tr>\n<tr class=\"row-16\">\n\t<td class=\"column-1\">Forpakning:<\/td><td class=\"column-2\">Blister<\/td><td class=\"column-3\"><\/td>\n<\/tr>\n<\/tbody>\n<\/table>\n<!-- #tablepress-18 from cache -->[\/vc_column_text][\/vc_column_inner][vc_column_inner width=&#8221;1\/3&#8243;][vc_single_image image=&#8221;51792&#8243; img_size=&#8221;200xauto&#8221; alignment=&#8221;right&#8221; onclick=&#8221;img_link_large&#8221; img_link_target=&#8221;_blank&#8221;][vc_column_text]<\/p>\n<p style=\"text-align: right;\">Ideal fit<\/p>\n<p>[\/vc_column_text][vc_single_image image=&#8221;51796&#8243; img_size=&#8221;200xauto&#8221; alignment=&#8221;right&#8221; onclick=&#8221;img_link_large&#8221; img_link_target=&#8221;_blank&#8221;][vc_single_image image=&#8221;51806&#8243; img_size=&#8221;200xauto&#8221; alignment=&#8221;right&#8221; onclick=&#8221;img_link_large&#8221; img_link_target=&#8221;_blank&#8221;][\/vc_column_inner][\/vc_row_inner][\/vc_tta_section][\/vc_tta_tabs][\/vc_column][\/vc_row]<\/p>\n<\/div>","protected":false},"excerpt":{"rendered":"<p>[vc_row][vc_column][vc_single_image image=&#8221;51770&#8243; img_size=&#8221;full&#8221;][\/vc_column][\/vc_row][vc_row][vc_column width=&#8221;1\/3&#8243;][vc_single_image image=&#8221;51774&#8243; img_size=&#8221;medium&#8221;][\/vc_column][vc_column width=&#8221;2\/3&#8243;][vc_column_text] SENSO MINI Ratkaisu ep\u00e4s\u00e4\u00e4nn\u00f6llisiin sarveiskalvoihin Kristallinkirkas h\u00e4nen Optimaalinen mukavuus Senso Mini Scleral on suunniteltu erityisesti ep\u00e4s\u00e4\u00e4nn\u00f6llisille silmille. Haluamme nostaa linssin sarveiskalvon p\u00e4\u00e4lle ja antaa linssin lep\u00e4\u00e4 yksinomaan kovakalvolla. T\u00e4m\u00e4 antaa hauraiden sarveiskalvojen rauhoittua<\/p>\n","protected":false},"author":237,"featured_media":0,"parent":47966,"menu_order":7,"comment_status":"closed","ping_status":"closed","template":"templates\/product-page.php","meta":{"_acf_changed":false,"footnotes":""},"class_list":["post-48771","page","type-page","status-publish","hentry"],"acf":[],"yoast_head":"<!-- This site is optimized with the Yoast SEO plugin v27.4 - https:\/\/yoast.com\/product\/yoast-seo-wordpress\/ -->\n<title>Senso Mini - EnsEyes<\/title>\n<meta name=\"robots\" content=\"index, follow, max-snippet:-1, max-image-preview:large, max-video-preview:-1\" \/>\n<link rel=\"canonical\" href=\"https:\/\/enseyes.com\/fi\/produkter\/med\/mini-scleral\/\" \/>\n<meta property=\"og:locale\" content=\"fi_FI\" \/>\n<meta property=\"og:type\" content=\"article\" \/>\n<meta property=\"og:title\" content=\"Senso Mini - EnsEyes\" \/>\n<meta property=\"og:description\" content=\"[vc_row][vc_column][vc_single_image image=&#8221;51770&#8243; img_size=&#8221;full&#8221;][\/vc_column][\/vc_row][vc_row][vc_column width=&#8221;1\/3&#8243;][vc_single_image image=&#8221;51774&#8243; img_size=&#8221;medium&#8221;][\/vc_column][vc_column width=&#8221;2\/3&#8243;][vc_column_text] SENSO MINI Ratkaisu ep\u00e4s\u00e4\u00e4nn\u00f6llisiin sarveiskalvoihin Kristallinkirkas h\u00e4nen Optimaalinen mukavuus Senso Mini Scleral on suunniteltu erityisesti ep\u00e4s\u00e4\u00e4nn\u00f6llisille silmille. Haluamme nostaa linssin sarveiskalvon p\u00e4\u00e4lle ja antaa linssin lep\u00e4\u00e4 yksinomaan kovakalvolla. T\u00e4m\u00e4 antaa hauraiden sarveiskalvojen rauhoittua\" \/>\n<meta property=\"og:url\" content=\"https:\/\/enseyes.com\/fi\/produkter\/med\/mini-scleral\/\" \/>\n<meta property=\"og:site_name\" content=\"EnsEyes\" \/>\n<meta property=\"article:modified_time\" content=\"2021-06-17T08:19:18+00:00\" \/>\n<meta property=\"og:image\" content=\"https:\/\/enseyes.com\/wp-content\/uploads\/2021\/06\/senso_mini_koder-300x101.png\" \/>\n<meta name=\"twitter:card\" content=\"summary_large_image\" \/>\n<meta name=\"twitter:label1\" content=\"Arvioitu lukuaika\" \/>\n\t<meta name=\"twitter:data1\" content=\"2 minuuttia\" \/>\n<script type=\"application\/ld+json\" class=\"yoast-schema-graph\">{\"@context\":\"https:\\\/\\\/schema.org\",\"@graph\":[{\"@type\":\"WebPage\",\"@id\":\"https:\\\/\\\/enseyes.com\\\/fi\\\/produkter\\\/med\\\/mini-scleral\\\/\",\"url\":\"https:\\\/\\\/enseyes.com\\\/fi\\\/produkter\\\/med\\\/mini-scleral\\\/\",\"name\":\"Senso Mini - EnsEyes\",\"isPartOf\":{\"@id\":\"https:\\\/\\\/enseyes.com\\\/sv\\\/#website\"},\"primaryImageOfPage\":{\"@id\":\"https:\\\/\\\/enseyes.com\\\/fi\\\/produkter\\\/med\\\/mini-scleral\\\/#primaryimage\"},\"image\":{\"@id\":\"https:\\\/\\\/enseyes.com\\\/fi\\\/produkter\\\/med\\\/mini-scleral\\\/#primaryimage\"},\"thumbnailUrl\":\"https:\\\/\\\/enseyes.com\\\/wp-content\\\/uploads\\\/2021\\\/06\\\/senso_mini_koder-300x101.png\",\"datePublished\":\"2016-05-18T10:12:13+00:00\",\"dateModified\":\"2021-06-17T08:19:18+00:00\",\"breadcrumb\":{\"@id\":\"https:\\\/\\\/enseyes.com\\\/fi\\\/produkter\\\/med\\\/mini-scleral\\\/#breadcrumb\"},\"inLanguage\":\"fi\",\"potentialAction\":[{\"@type\":\"ReadAction\",\"target\":[\"https:\\\/\\\/enseyes.com\\\/fi\\\/produkter\\\/med\\\/mini-scleral\\\/\"]}]},{\"@type\":\"ImageObject\",\"inLanguage\":\"fi\",\"@id\":\"https:\\\/\\\/enseyes.com\\\/fi\\\/produkter\\\/med\\\/mini-scleral\\\/#primaryimage\",\"url\":\"https:\\\/\\\/enseyes.com\\\/wp-content\\\/uploads\\\/2021\\\/06\\\/senso_mini_koder-300x101.png\",\"contentUrl\":\"https:\\\/\\\/enseyes.com\\\/wp-content\\\/uploads\\\/2021\\\/06\\\/senso_mini_koder-300x101.png\"},{\"@type\":\"BreadcrumbList\",\"@id\":\"https:\\\/\\\/enseyes.com\\\/fi\\\/produkter\\\/med\\\/mini-scleral\\\/#breadcrumb\",\"itemListElement\":[{\"@type\":\"ListItem\",\"position\":1,\"name\":\"Hjem\",\"item\":\"https:\\\/\\\/enseyes.com\\\/fi\\\/\"},{\"@type\":\"ListItem\",\"position\":2,\"name\":\"Tuotteet\",\"item\":\"https:\\\/\\\/enseyes.com\\\/fi\\\/produkter\\\/\"},{\"@type\":\"ListItem\",\"position\":3,\"name\":\"L\u00c4\u00c4KINN\u00c4LLISET LINSSIT\",\"item\":\"https:\\\/\\\/enseyes.com\\\/fi\\\/produkter\\\/med\\\/\"},{\"@type\":\"ListItem\",\"position\":4,\"name\":\"Senso Mini\"}]},{\"@type\":\"WebSite\",\"@id\":\"https:\\\/\\\/enseyes.com\\\/sv\\\/#website\",\"url\":\"https:\\\/\\\/enseyes.com\\\/sv\\\/\",\"name\":\"EnsEyes\",\"description\":\"Cornea Care\",\"potentialAction\":[{\"@type\":\"SearchAction\",\"target\":{\"@type\":\"EntryPoint\",\"urlTemplate\":\"https:\\\/\\\/enseyes.com\\\/sv\\\/?s={search_term_string}\"},\"query-input\":{\"@type\":\"PropertyValueSpecification\",\"valueRequired\":true,\"valueName\":\"search_term_string\"}}],\"inLanguage\":\"fi\"}]}<\/script>\n<!-- \/ Yoast SEO plugin. -->","yoast_head_json":{"title":"Senso Mini - EnsEyes","robots":{"index":"index","follow":"follow","max-snippet":"max-snippet:-1","max-image-preview":"max-image-preview:large","max-video-preview":"max-video-preview:-1"},"canonical":"https:\/\/enseyes.com\/fi\/produkter\/med\/mini-scleral\/","og_locale":"fi_FI","og_type":"article","og_title":"Senso Mini - EnsEyes","og_description":"[vc_row][vc_column][vc_single_image image=&#8221;51770&#8243; img_size=&#8221;full&#8221;][\/vc_column][\/vc_row][vc_row][vc_column width=&#8221;1\/3&#8243;][vc_single_image image=&#8221;51774&#8243; img_size=&#8221;medium&#8221;][\/vc_column][vc_column width=&#8221;2\/3&#8243;][vc_column_text] SENSO MINI Ratkaisu ep\u00e4s\u00e4\u00e4nn\u00f6llisiin sarveiskalvoihin Kristallinkirkas h\u00e4nen Optimaalinen mukavuus Senso Mini Scleral on suunniteltu erityisesti ep\u00e4s\u00e4\u00e4nn\u00f6llisille silmille. Haluamme nostaa linssin sarveiskalvon p\u00e4\u00e4lle ja antaa linssin lep\u00e4\u00e4 yksinomaan kovakalvolla. T\u00e4m\u00e4 antaa hauraiden sarveiskalvojen rauhoittua","og_url":"https:\/\/enseyes.com\/fi\/produkter\/med\/mini-scleral\/","og_site_name":"EnsEyes","article_modified_time":"2021-06-17T08:19:18+00:00","og_image":[{"url":"https:\/\/enseyes.com\/wp-content\/uploads\/2021\/06\/senso_mini_koder-300x101.png","type":"","width":"","height":""}],"twitter_card":"summary_large_image","twitter_misc":{"Arvioitu lukuaika":"2 minuuttia"},"schema":{"@context":"https:\/\/schema.org","@graph":[{"@type":"WebPage","@id":"https:\/\/enseyes.com\/fi\/produkter\/med\/mini-scleral\/","url":"https:\/\/enseyes.com\/fi\/produkter\/med\/mini-scleral\/","name":"Senso Mini - EnsEyes","isPartOf":{"@id":"https:\/\/enseyes.com\/sv\/#website"},"primaryImageOfPage":{"@id":"https:\/\/enseyes.com\/fi\/produkter\/med\/mini-scleral\/#primaryimage"},"image":{"@id":"https:\/\/enseyes.com\/fi\/produkter\/med\/mini-scleral\/#primaryimage"},"thumbnailUrl":"https:\/\/enseyes.com\/wp-content\/uploads\/2021\/06\/senso_mini_koder-300x101.png","datePublished":"2016-05-18T10:12:13+00:00","dateModified":"2021-06-17T08:19:18+00:00","breadcrumb":{"@id":"https:\/\/enseyes.com\/fi\/produkter\/med\/mini-scleral\/#breadcrumb"},"inLanguage":"fi","potentialAction":[{"@type":"ReadAction","target":["https:\/\/enseyes.com\/fi\/produkter\/med\/mini-scleral\/"]}]},{"@type":"ImageObject","inLanguage":"fi","@id":"https:\/\/enseyes.com\/fi\/produkter\/med\/mini-scleral\/#primaryimage","url":"https:\/\/enseyes.com\/wp-content\/uploads\/2021\/06\/senso_mini_koder-300x101.png","contentUrl":"https:\/\/enseyes.com\/wp-content\/uploads\/2021\/06\/senso_mini_koder-300x101.png"},{"@type":"BreadcrumbList","@id":"https:\/\/enseyes.com\/fi\/produkter\/med\/mini-scleral\/#breadcrumb","itemListElement":[{"@type":"ListItem","position":1,"name":"Hjem","item":"https:\/\/enseyes.com\/fi\/"},{"@type":"ListItem","position":2,"name":"Tuotteet","item":"https:\/\/enseyes.com\/fi\/produkter\/"},{"@type":"ListItem","position":3,"name":"L\u00c4\u00c4KINN\u00c4LLISET LINSSIT","item":"https:\/\/enseyes.com\/fi\/produkter\/med\/"},{"@type":"ListItem","position":4,"name":"Senso Mini"}]},{"@type":"WebSite","@id":"https:\/\/enseyes.com\/sv\/#website","url":"https:\/\/enseyes.com\/sv\/","name":"EnsEyes","description":"Cornea Care","potentialAction":[{"@type":"SearchAction","target":{"@type":"EntryPoint","urlTemplate":"https:\/\/enseyes.com\/sv\/?s={search_term_string}"},"query-input":{"@type":"PropertyValueSpecification","valueRequired":true,"valueName":"search_term_string"}}],"inLanguage":"fi"}]}},"_links":{"self":[{"href":"https:\/\/enseyes.com\/fi\/wp-json\/wp\/v2\/pages\/48771","targetHints":{"allow":["GET"]}}],"collection":[{"href":"https:\/\/enseyes.com\/fi\/wp-json\/wp\/v2\/pages"}],"about":[{"href":"https:\/\/enseyes.com\/fi\/wp-json\/wp\/v2\/types\/page"}],"author":[{"embeddable":true,"href":"https:\/\/enseyes.com\/fi\/wp-json\/wp\/v2\/users\/237"}],"replies":[{"embeddable":true,"href":"https:\/\/enseyes.com\/fi\/wp-json\/wp\/v2\/comments?post=48771"}],"version-history":[{"count":0,"href":"https:\/\/enseyes.com\/fi\/wp-json\/wp\/v2\/pages\/48771\/revisions"}],"up":[{"embeddable":true,"href":"https:\/\/enseyes.com\/fi\/wp-json\/wp\/v2\/pages\/47966"}],"wp:attachment":[{"href":"https:\/\/enseyes.com\/fi\/wp-json\/wp\/v2\/media?parent=48771"}],"curies":[{"name":"wp","href":"https:\/\/api.w.org\/{rel}","templated":true}]}}