{"id":49250,"date":"2020-10-28T16:27:08","date_gmt":"2020-10-28T15:27:08","guid":{"rendered":"https:\/\/enseyes.com\/?page_id=49250"},"modified":"2021-03-11T14:49:13","modified_gmt":"2021-03-11T13:49:13","slug":"videoer","status":"publish","type":"page","link":"https:\/\/enseyes.com\/fi\/tuki\/videoer\/","title":{"rendered":"Videoet"},"content":{"rendered":"<div class=\"wpb-content-wrapper\"><p>[vc_row][vc_column][vc_column_text]T\u00e4\u00e4lt\u00e4 voit katsella ja ladata videomateriaaliamme.[\/vc_column_text][\/vc_column][vc_column width=&#8221;1\/2&#8243;][vc_column_text]<strong>Webseminaari:<\/strong><\/p>\n<p>Tammikuu 2020<br \/>\nOtsikko: Esittely DreamLite (Night lenses)<br \/>\nTuotekuvaus: Tine puhuu y\u00f6linsseist\u00e4 t\u00e4\u00e4ll\u00e4<br \/>\n<a href=\"https:\/\/vimeo.com\/508442462\" target=\"_blank\" rel=\"noopener noreferrer\">N\u00e4yt\u00e4 suuressa muodossa<\/a><br \/>\n<iframe loading=\"lazy\" src=\"https:\/\/player.vimeo.com\/video\/508442462\" width=\"320\" height=\"282\" frameborder=\"0\" allowfullscreen=\"allowfullscreen\" data-mce-fragment=\"1\"><\/iframe><\/p>\n<hr \/>\n<p>Marraskuu 2020<br \/>\nOtsikko: Scleral lens webinar<br \/>\nTuotteen kuvaus: Esben l\u00e4p\u00e4isee skleraaliset linssiosat<br \/>\n<a href=\"https:\/\/vimeo.com\/483477358\" target=\"_blank\" rel=\"noopener noreferrer\">N\u00e4yt\u00e4 suuressa muodossa<\/a><br \/>\n<iframe loading=\"lazy\" src=\"https:\/\/player.vimeo.com\/video\/483477358\" width=\"320\" height=\"282\" frameborder=\"0\" allowfullscreen=\"allowfullscreen\" data-mce-fragment=\"1\"><\/iframe><\/p>\n<hr \/>\n<p>&nbsp;<\/p>\n<p>Lokakuu 2020<br \/>\nOtsikko: Myopia Management<br \/>\nKuvaus: Gabi Steenbekkers yrityksest\u00e4 Procornea arvioi Myopia Management<br \/>\n<a href=\"https:\/\/vimeo.com\/470923624\" target=\"_blank\" rel=\"noopener noreferrer\">katso suuressa muodossa<\/a><br \/>\n<iframe loading=\"lazy\" src=\"https:\/\/player.vimeo.com\/video\/470923624\" width=\"320\" height=\"282\" frameborder=\"0\" allowfullscreen=\"allowfullscreen\" data-mce-fragment=\"1\"><\/iframe><\/p>\n<hr \/>\n<p>Lokakuu 2020<br \/>\nOtsikko: Myopia Studiet<br \/>\nKuvaus: Trine M\u00f8ldrup Vejle sairaalasta k\u00e4y l\u00e4pi likin\u00e4k\u00f6isyystutkimust.<br \/>\n<a href=\"https:\/\/vimeo.com\/470094579\" target=\"_blank\" rel=\"noopener noreferrer\">Katso suuressa muodossa<\/a><br \/>\n<iframe loading=\"lazy\" src=\"https:\/\/player.vimeo.com\/video\/470094579\" width=\"320\" height=\"282\" frameborder=\"0\" allowfullscreen=\"allowfullscreen\" data-mce-fragment=\"1\"><\/iframe><\/p>\n<hr \/>\n<p>[\/vc_column_text][\/vc_column][vc_column width=&#8221;1\/2&#8243;][vc_column_text]<strong>Mainonta:<br \/>\n<\/strong><br \/>\nMaaliskuu 2021<br \/>\nNimi: Byo Premium<br \/>\nKuvaus: Byo Premium -mainos Procornealle<br \/>\n<iframe loading=\"lazy\" src=\"https:\/\/www.youtube.com\/embed\/zP7aVoFYg14\" width=\"320\" height=\"175\" frameborder=\"0\" allowfullscreen=\"allowfullscreen\"><\/iframe><\/p>\n<hr \/>\n<p>Lokakuu 2020<br \/>\nOtsikko: Y\u00f6linssit lapsille<br \/>\nKuvaus: Uusi lyhytelokuva esim. Sosiaalinen media<br \/>\n<a href=\"https:\/\/enseyes.com\/docs\/SHORT%20FI%20children%20-%20ENS%20Eyes.mp4\" target=\"_blank\" rel=\"noopener noreferrer\">Download<\/a><br \/>\n<iframe loading=\"lazy\" src=\"https:\/\/player.vimeo.com\/video\/473065163\" width=\"320\" height=\"282\" frameborder=\"0\" allowfullscreen=\"allowfullscreen\" data-mce-fragment=\"1\"><\/iframe><\/p>\n<hr \/>\n<p>Tammikuu 2019<br \/>\nOtsikko: Pehmeiden piilolinssien asettaminen<br \/>\nTuotteen kuvaus: Opetusvideo linssien asettamista varten.<br \/>\n<a href=\"https:\/\/enseyes.com\/docs\/Bl%C3%B8de%20is%C3%A6tning%20FI.mp4\" target=\"_blank\" rel=\"noopener noreferrer\">Download<\/a><br \/>\n<iframe loading=\"lazy\" src=\"https:\/\/player.vimeo.com\/video\/333071292\" width=\"320\" height=\"282\" frameborder=\"0\" allowfullscreen=\"allowfullscreen\" data-mce-fragment=\"1\"><\/iframe><\/p>\n<hr \/>\n<p>Tammikuu 2019<br \/>\nOtsikko: Pehmeiden piilolinssien poistaminen<br \/>\nTuotteen kuvaus: Opetusvideo linssien poistamiseksi<br \/>\n<a href=\"https:\/\/enseyes.com\/docs\/Bl%C3%B8de%20udtagning%20FI.mp4\" target=\"_blank\" rel=\"noopener noreferrer\">Download<\/a><br \/>\n<iframe loading=\"lazy\" src=\"https:\/\/player.vimeo.com\/video\/333071316\" width=\"320\" height=\"282\" frameborder=\"0\" allowfullscreen=\"allowfullscreen\" data-mce-fragment=\"1\"><\/iframe><\/p>\n<hr \/>\n<p>Tammikuu 2019<br \/>\nOtsikko: Y\u00f6linssien asettaminen<br \/>\nKuvaus: Opetusvideo linssien asettamista varten<br \/>\n<a href=\"https:\/\/enseyes.com\/docs\/Natlinser%20is%C3%A6tning%20FI.mp4\" target=\"_blank\" rel=\"noopener noreferrer\">Download<\/a><br \/>\n<iframe loading=\"lazy\" src=\"https:\/\/player.vimeo.com\/video\/333071351\" width=\"320\" height=\"282\" frameborder=\"0\" allowfullscreen=\"allowfullscreen\" data-mce-fragment=\"1\"><\/iframe><\/p>\n<hr \/>\n<p>Tammikuu 2019<br \/>\nOtsikko: Y\u00f6linssien poisto<br \/>\nTuotteen kuvaus: Opetusvideo linssien poistamiseksi<br \/>\n<a href=\"https:\/\/enseyes.com\/docs\/natlinser%20udtagning.mp4\" target=\"_blank\" rel=\"noopener noreferrer\">Download<\/a><br \/>\n<iframe loading=\"lazy\" src=\"https:\/\/player.vimeo.com\/video\/333071365\" width=\"320\" height=\"282\" frameborder=\"0\" allowfullscreen=\"allowfullscreen\" data-mce-fragment=\"1\"><\/iframe><\/p>\n<hr \/>\n<p>Tammikuu 2019<br \/>\nOtsikko: Skleraalilinssien asettaminen<br \/>\nKuvaus: Opetusvideo linssien asettamista varten<br \/>\n<a href=\"https:\/\/enseyes.com\/docs\/Scleral%20is%C3%A6tning%20FI.mp4\" target=\"_blank\" rel=\"noopener noreferrer\">Download<\/a><br \/>\n<iframe loading=\"lazy\" src=\"https:\/\/player.vimeo.com\/video\/333071406\" width=\"320\" height=\"282\" frameborder=\"0\" allowfullscreen=\"allowfullscreen\" data-mce-fragment=\"1\"><\/iframe><\/p>\n<hr \/>\n<p>Tammikuu 2019<br \/>\nOtsikko: Skleraalilinssien poisto<br \/>\nTuotteen kuvaus: Opetusvideo linssien poistamiseksi<br \/>\n<a href=\"https:\/\/enseyes.com\/docs\/Scleral%20udtagning%20FI.mp4\" target=\"_blank\" rel=\"noopener noreferrer\">Download<\/a><br \/>\n<iframe loading=\"lazy\" src=\"https:\/\/player.vimeo.com\/video\/333071438\" width=\"320\" height=\"282\" frameborder=\"0\" allowfullscreen=\"allowfullscreen\" data-mce-fragment=\"1\"><\/iframe><\/p>\n<hr \/>\n<p>Elokuu 2018<br \/>\nOtsikko: Y\u00f6linssit lapsille<br \/>\nKuvaus: T\u00e4yspitk\u00e4 esim. Sosiaalinen media<br \/>\n<a href=\"https:\/\/enseyes.com\/docs\/ENS%20children%20FI.mp4\" target=\"_blank\" rel=\"noopener noreferrer\">Download<\/a><br \/>\n<iframe loading=\"lazy\" src=\"https:\/\/player.vimeo.com\/video\/333107969\" width=\"320\" height=\"282\" frameborder=\"0\" allowfullscreen=\"allowfullscreen\" data-mce-fragment=\"1\"><\/iframe><\/p>\n<hr \/>\n<p>Elokuu 2018<br \/>\nOtsikko: Y\u00f6linssit aikuisille<br \/>\nKuvaus: T\u00e4yspitk\u00e4 esim. Sosiaalinen media<br \/>\n<a href=\"https:\/\/enseyes.com\/docs\/ENS%20adults%20FI.mp4\" target=\"_blank\" rel=\"noopener noreferrer\">Download<\/a><br \/>\n<iframe loading=\"lazy\" src=\"https:\/\/player.vimeo.com\/video\/333107997\" width=\"320\" height=\"282\" frameborder=\"0\" allowfullscreen=\"allowfullscreen\" data-mce-fragment=\"1\"><\/iframe><\/p>\n<hr \/>\n<p>Elokuu 2018<br \/>\nOtsikko: Y\u00f6linssit nuorille<br \/>\nKuvaus: T\u00e4yspitk\u00e4 esim. Sosiaalinen media<br \/>\n<a href=\"https:\/\/enseyes.com\/docs\/ENS%20youth%20FI.mp4\" target=\"_blank\" rel=\"noopener noreferrer\">Download<\/a><br \/>\n<iframe loading=\"lazy\" src=\"https:\/\/player.vimeo.com\/video\/333108013\" width=\"320\" height=\"282\" frameborder=\"0\" allowfullscreen=\"allowfullscreen\" data-mce-fragment=\"1\"><\/iframe><\/p>\n<hr \/>\n<p>[\/vc_column_text][\/vc_column][\/vc_row]<\/p>\n<\/div>","protected":false},"excerpt":{"rendered":"<p>[vc_row][vc_column][vc_column_text]T\u00e4\u00e4lt\u00e4 voit katsella ja ladata videomateriaaliamme.[\/vc_column_text][\/vc_column][vc_column width=&#8221;1\/2&#8243;][vc_column_text]Webseminaari: Tammikuu 2020 Otsikko: Esittely DreamLite (Night lenses) Tuotekuvaus: Tine puhuu y\u00f6linsseist\u00e4 t\u00e4\u00e4ll\u00e4 N\u00e4yt\u00e4 suuressa muodossa Marraskuu 2020 Otsikko: Scleral lens webinar Tuotteen kuvaus: Esben l\u00e4p\u00e4isee skleraaliset linssiosat N\u00e4yt\u00e4 suuressa muodossa &nbsp; Lokakuu 2020<\/p>\n","protected":false},"author":172,"featured_media":0,"parent":47800,"menu_order":0,"comment_status":"closed","ping_status":"closed","template":"","meta":{"_acf_changed":false,"footnotes":""},"class_list":["post-49250","page","type-page","status-publish","hentry"],"acf":[],"yoast_head":"<!-- This site is optimized with the Yoast SEO plugin v27.4 - https:\/\/yoast.com\/product\/yoast-seo-wordpress\/ -->\n<title>Videoet - EnsEyes<\/title>\n<meta name=\"robots\" content=\"index, follow, max-snippet:-1, max-image-preview:large, max-video-preview:-1\" \/>\n<link rel=\"canonical\" href=\"https:\/\/enseyes.com\/fi\/tuki\/videoer\/\" \/>\n<meta property=\"og:locale\" content=\"fi_FI\" \/>\n<meta property=\"og:type\" content=\"article\" \/>\n<meta property=\"og:title\" content=\"Videoet - EnsEyes\" \/>\n<meta property=\"og:description\" content=\"[vc_row][vc_column][vc_column_text]T\u00e4\u00e4lt\u00e4 voit katsella ja ladata videomateriaaliamme.[\/vc_column_text][\/vc_column][vc_column width=&#8221;1\/2&#8243;][vc_column_text]Webseminaari: Tammikuu 2020 Otsikko: Esittely DreamLite (Night lenses) Tuotekuvaus: Tine puhuu y\u00f6linsseist\u00e4 t\u00e4\u00e4ll\u00e4 N\u00e4yt\u00e4 suuressa muodossa Marraskuu 2020 Otsikko: Scleral lens webinar Tuotteen kuvaus: Esben l\u00e4p\u00e4isee skleraaliset linssiosat N\u00e4yt\u00e4 suuressa muodossa &nbsp; Lokakuu 2020\" \/>\n<meta property=\"og:url\" content=\"https:\/\/enseyes.com\/fi\/tuki\/videoer\/\" \/>\n<meta property=\"og:site_name\" content=\"EnsEyes\" \/>\n<meta property=\"article:modified_time\" content=\"2021-03-11T13:49:13+00:00\" \/>\n<meta name=\"twitter:card\" content=\"summary_large_image\" \/>\n<meta name=\"twitter:label1\" content=\"Arvioitu lukuaika\" \/>\n\t<meta name=\"twitter:data1\" content=\"1 minuutti\" \/>\n<script type=\"application\/ld+json\" class=\"yoast-schema-graph\">{\"@context\":\"https:\\\/\\\/schema.org\",\"@graph\":[{\"@type\":\"WebPage\",\"@id\":\"https:\\\/\\\/enseyes.com\\\/fi\\\/tuki\\\/videoer\\\/\",\"url\":\"https:\\\/\\\/enseyes.com\\\/fi\\\/tuki\\\/videoer\\\/\",\"name\":\"Videoet - EnsEyes\",\"isPartOf\":{\"@id\":\"https:\\\/\\\/enseyes.com\\\/sv\\\/#website\"},\"datePublished\":\"2020-10-28T15:27:08+00:00\",\"dateModified\":\"2021-03-11T13:49:13+00:00\",\"breadcrumb\":{\"@id\":\"https:\\\/\\\/enseyes.com\\\/fi\\\/tuki\\\/videoer\\\/#breadcrumb\"},\"inLanguage\":\"fi\",\"potentialAction\":[{\"@type\":\"ReadAction\",\"target\":[\"https:\\\/\\\/enseyes.com\\\/fi\\\/tuki\\\/videoer\\\/\"]}]},{\"@type\":\"BreadcrumbList\",\"@id\":\"https:\\\/\\\/enseyes.com\\\/fi\\\/tuki\\\/videoer\\\/#breadcrumb\",\"itemListElement\":[{\"@type\":\"ListItem\",\"position\":1,\"name\":\"Hjem\",\"item\":\"https:\\\/\\\/enseyes.com\\\/fi\\\/\"},{\"@type\":\"ListItem\",\"position\":2,\"name\":\"Tuki\",\"item\":\"https:\\\/\\\/enseyes.com\\\/fi\\\/tuki\\\/\"},{\"@type\":\"ListItem\",\"position\":3,\"name\":\"Videoet\"}]},{\"@type\":\"WebSite\",\"@id\":\"https:\\\/\\\/enseyes.com\\\/sv\\\/#website\",\"url\":\"https:\\\/\\\/enseyes.com\\\/sv\\\/\",\"name\":\"EnsEyes\",\"description\":\"Cornea Care\",\"potentialAction\":[{\"@type\":\"SearchAction\",\"target\":{\"@type\":\"EntryPoint\",\"urlTemplate\":\"https:\\\/\\\/enseyes.com\\\/sv\\\/?s={search_term_string}\"},\"query-input\":{\"@type\":\"PropertyValueSpecification\",\"valueRequired\":true,\"valueName\":\"search_term_string\"}}],\"inLanguage\":\"fi\"}]}<\/script>\n<!-- \/ Yoast SEO plugin. -->","yoast_head_json":{"title":"Videoet - EnsEyes","robots":{"index":"index","follow":"follow","max-snippet":"max-snippet:-1","max-image-preview":"max-image-preview:large","max-video-preview":"max-video-preview:-1"},"canonical":"https:\/\/enseyes.com\/fi\/tuki\/videoer\/","og_locale":"fi_FI","og_type":"article","og_title":"Videoet - EnsEyes","og_description":"[vc_row][vc_column][vc_column_text]T\u00e4\u00e4lt\u00e4 voit katsella ja ladata videomateriaaliamme.[\/vc_column_text][\/vc_column][vc_column width=&#8221;1\/2&#8243;][vc_column_text]Webseminaari: Tammikuu 2020 Otsikko: Esittely DreamLite (Night lenses) Tuotekuvaus: Tine puhuu y\u00f6linsseist\u00e4 t\u00e4\u00e4ll\u00e4 N\u00e4yt\u00e4 suuressa muodossa Marraskuu 2020 Otsikko: Scleral lens webinar Tuotteen kuvaus: Esben l\u00e4p\u00e4isee skleraaliset linssiosat N\u00e4yt\u00e4 suuressa muodossa &nbsp; Lokakuu 2020","og_url":"https:\/\/enseyes.com\/fi\/tuki\/videoer\/","og_site_name":"EnsEyes","article_modified_time":"2021-03-11T13:49:13+00:00","twitter_card":"summary_large_image","twitter_misc":{"Arvioitu lukuaika":"1 minuutti"},"schema":{"@context":"https:\/\/schema.org","@graph":[{"@type":"WebPage","@id":"https:\/\/enseyes.com\/fi\/tuki\/videoer\/","url":"https:\/\/enseyes.com\/fi\/tuki\/videoer\/","name":"Videoet - EnsEyes","isPartOf":{"@id":"https:\/\/enseyes.com\/sv\/#website"},"datePublished":"2020-10-28T15:27:08+00:00","dateModified":"2021-03-11T13:49:13+00:00","breadcrumb":{"@id":"https:\/\/enseyes.com\/fi\/tuki\/videoer\/#breadcrumb"},"inLanguage":"fi","potentialAction":[{"@type":"ReadAction","target":["https:\/\/enseyes.com\/fi\/tuki\/videoer\/"]}]},{"@type":"BreadcrumbList","@id":"https:\/\/enseyes.com\/fi\/tuki\/videoer\/#breadcrumb","itemListElement":[{"@type":"ListItem","position":1,"name":"Hjem","item":"https:\/\/enseyes.com\/fi\/"},{"@type":"ListItem","position":2,"name":"Tuki","item":"https:\/\/enseyes.com\/fi\/tuki\/"},{"@type":"ListItem","position":3,"name":"Videoet"}]},{"@type":"WebSite","@id":"https:\/\/enseyes.com\/sv\/#website","url":"https:\/\/enseyes.com\/sv\/","name":"EnsEyes","description":"Cornea Care","potentialAction":[{"@type":"SearchAction","target":{"@type":"EntryPoint","urlTemplate":"https:\/\/enseyes.com\/sv\/?s={search_term_string}"},"query-input":{"@type":"PropertyValueSpecification","valueRequired":true,"valueName":"search_term_string"}}],"inLanguage":"fi"}]}},"_links":{"self":[{"href":"https:\/\/enseyes.com\/fi\/wp-json\/wp\/v2\/pages\/49250","targetHints":{"allow":["GET"]}}],"collection":[{"href":"https:\/\/enseyes.com\/fi\/wp-json\/wp\/v2\/pages"}],"about":[{"href":"https:\/\/enseyes.com\/fi\/wp-json\/wp\/v2\/types\/page"}],"author":[{"embeddable":true,"href":"https:\/\/enseyes.com\/fi\/wp-json\/wp\/v2\/users\/172"}],"replies":[{"embeddable":true,"href":"https:\/\/enseyes.com\/fi\/wp-json\/wp\/v2\/comments?post=49250"}],"version-history":[{"count":0,"href":"https:\/\/enseyes.com\/fi\/wp-json\/wp\/v2\/pages\/49250\/revisions"}],"up":[{"embeddable":true,"href":"https:\/\/enseyes.com\/fi\/wp-json\/wp\/v2\/pages\/47800"}],"wp:attachment":[{"href":"https:\/\/enseyes.com\/fi\/wp-json\/wp\/v2\/media?parent=49250"}],"curies":[{"name":"wp","href":"https:\/\/api.w.org\/{rel}","templated":true}]}}