{"id":50656,"date":"2020-11-26T16:15:23","date_gmt":"2020-11-26T15:15:23","guid":{"rendered":"https:\/\/enseyes.com\/home_new\/"},"modified":"2023-04-03T09:36:25","modified_gmt":"2023-04-03T08:36:25","slug":"home_new","status":"publish","type":"page","link":"https:\/\/enseyes.com\/fi\/","title":{"rendered":"home"},"content":{"rendered":"<div class=\"wpb-content-wrapper\"><p>[vc_row bg_type=&#8221;image&#8221; parallax_style=&#8221;vcpb-default&#8221; bg_image_repeat=&#8221;no-repeat&#8221; bg_img_attach=&#8221;fixed&#8221; bg_override=&#8221;ex-full&#8221; css=&#8221;.vc_custom_1619595957508{padding-top: 50px !important;padding-right: 50px !important;padding-bottom: 50px !important;padding-left: 50px !important;background-color: rgba(255,255,255,0.48) !important;*background-color: rgb(255,255,255) !important;}&#8221;][vc_column css=&#8221;.vc_custom_1447424748914{padding: 20px !important;}&#8221;][vc_row_inner][vc_column_inner][vc_single_image image=&#8221;52714&#8243; img_size=&#8221;full&#8221; onclick=&#8221;custom_link&#8221; img_link_target=&#8221;_blank&#8221; link=&#8221;https:\/\/visavy.com\/login&#8221;][vc_column_text]<a href=\"https:\/\/visavy.com\/login\" target=\"_blank\" rel=\"noopener\">VISAVY.COM<\/a><a href=\"https:\/\/enseyes.com\/wp-content\/uploads\/2023\/04\/VISAVY_EN_landingpage_QR.png\"><img loading=\"lazy\" decoding=\"async\" class=\"wp-image-52717 size-thumbnail alignleft\" src=\"https:\/\/enseyes.com\/wp-content\/uploads\/2023\/04\/VISAVY_EN_landingpage_QR-150x150.png\" alt=\"\" width=\"150\" height=\"150\" srcset=\"https:\/\/enseyes.com\/wp-content\/uploads\/2023\/04\/VISAVY_EN_landingpage_QR-150x150.png 150w, https:\/\/enseyes.com\/wp-content\/uploads\/2023\/04\/VISAVY_EN_landingpage_QR.png 300w\" sizes=\"auto, (max-width: 150px) 100vw, 150px\" \/><\/a><\/p>\n<p>FAQ &#8211; K\u00e4ytt\u00f6ohjeet &#8211; <a href=\"https:\/\/enseyes.com\/wp-content\/uploads\/2023\/04\/VISAVY_FAQ_March_2023_v18.pdf\" target=\"_blank\" rel=\"noopener\">Klikkaa t\u00e4st\u00e4<\/a>[\/vc_column_text][\/vc_column_inner][\/vc_row_inner][vc_row_inner][vc_column_inner][vc_column_text css_animation=&#8221;left-to-right&#8221;]<\/p>\n<hr \/>\n<p>[\/vc_column_text][\/vc_column_inner][\/vc_row_inner][vc_row_inner][vc_column_inner width=&#8221;2\/3&#8243;][vc_column_text css_animation=&#8221;none&#8221;]Ens eyes on tanskalainen yritys, jonka perusti vuonna 2011 Esben N\u00f8rregaard S\u00f8rensen. Olemme t\u00e4n\u00e4\u00e4n Skandinavian suurin y\u00f6- ja skleraalilinssien toimittaja.<br \/>\nEnseyesill\u00e4 olemme eritt\u00e4in huolissamme laadusta ja toistettavuudesta, joten kaikki linssimme ovat tietysti CE-hyv\u00e4ksyttyj\u00e4 ja valmistettu Euroopan uusimmilla koneilla Procorneassa Alankomaissa.<br \/>\n<a href=\"https:\/\/enseyes.com\/fi\/tietoa-ens-eyes\/\">Noin Ens eyes<\/a>[\/vc_column_text][\/vc_column_inner][vc_column_inner width=&#8221;1\/3&#8243;][vc_column_text css_animation=&#8221;appear&#8221;]<\/p>\n<h1 style=\"text-align: center;\"><a href=\"https:\/\/enseyes.com\/fi\/tietoa-ens-eyes\/\">CE-merkitty<\/a><\/h1>\n<p><a href=\"https:\/\/enseyes.com\/fi\/tietoa-ens-eyes\/\"><img loading=\"lazy\" decoding=\"async\" class=\"aligncenter wp-image-49767\" src=\"https:\/\/enseyes.com\/wp-content\/uploads\/2021\/02\/Enseyesoeje-300x300.png\" alt=\"\" width=\"100\" height=\"100\" srcset=\"https:\/\/enseyes.com\/wp-content\/uploads\/2021\/02\/Enseyesoeje-300x300.png 300w, https:\/\/enseyes.com\/wp-content\/uploads\/2021\/02\/Enseyesoeje-150x150.png 150w, https:\/\/enseyes.com\/wp-content\/uploads\/2021\/02\/Enseyesoeje.png 500w\" sizes=\"auto, (max-width: 100px) 100vw, 100px\" \/><\/a>[\/vc_column_text][\/vc_column_inner][\/vc_row_inner][vc_row_inner][vc_column_inner][vc_column_text css_animation=&#8221;left-to-right&#8221;]<\/p>\n<hr \/>\n<p>[\/vc_column_text][\/vc_column_inner][\/vc_row_inner][vc_row_inner][vc_column_inner width=&#8221;1\/3&#8243;][vc_column_text css_animation=&#8221;appear&#8221;]<\/p>\n<h1 style=\"text-align: center;\"><a href=\"https:\/\/enseyes.com\/fi\/myopikontrol\/\">likin\u00e4k\u00f6isyyden hallinta<\/a><\/h1>\n<p><a href=\"https:\/\/enseyes.com\/fi\/myopikontrol\/\"><img loading=\"lazy\" decoding=\"async\" class=\"aligncenter wp-image-49767\" src=\"https:\/\/enseyes.com\/wp-content\/uploads\/2021\/02\/Enseyesoeje-300x300.png\" alt=\"\" width=\"100\" height=\"100\" srcset=\"https:\/\/enseyes.com\/wp-content\/uploads\/2021\/02\/Enseyesoeje-300x300.png 300w, https:\/\/enseyes.com\/wp-content\/uploads\/2021\/02\/Enseyesoeje-150x150.png 150w, https:\/\/enseyes.com\/wp-content\/uploads\/2021\/02\/Enseyesoeje.png 500w\" sizes=\"auto, (max-width: 100px) 100vw, 100px\" \/><\/a>[\/vc_column_text][\/vc_column_inner][vc_column_inner width=&#8221;2\/3&#8243;][vc_column_text css_animation=&#8221;none&#8221; css=&#8221;.vc_custom_1619595395315{padding-bottom: 20px !important;}&#8221;]Likin\u00e4k\u00f6isyyden hallinta on yksi silmien kulmakivist\u00e4. Siksi meill\u00e4 on useita ratkaisuja, joista y\u00f6linssimme ovat ainoat Ortho-K-linssit, jotka on testattu skandinaavisilla lapsilla.<br \/>\n<a href=\"https:\/\/enseyes.com\/fi\/myopikontrol\/\">Katso lis\u00e4\u00e4 t\u00e4\u00e4lt\u00e4<\/a>[\/vc_column_text][\/vc_column_inner][\/vc_row_inner][vc_row_inner][vc_column_inner][vc_column_text css_animation=&#8221;left-to-right&#8221;]<\/p>\n<hr \/>\n<p>[\/vc_column_text][\/vc_column_inner][\/vc_row_inner][vc_row_inner][vc_column_inner width=&#8221;2\/3&#8243;][vc_column_text css_animation=&#8221;none&#8221;]Ortho-k-linssit, joiden vaikutus on tieteellisesti testattu skandinaavisilla lapsilla. Niit\u00e4 voidaan k\u00e4ytt\u00e4\u00e4 my\u00f6s niille, joilla on kuivat silm\u00e4t, presbyooppi ja niille, jotka eiv\u00e4t vain vaivaudu linsseihin.<br \/>\n<a href=\"https:\/\/enseyes.com\/fi\/dreamlite\/\">Katso lis\u00e4\u00e4 t\u00e4\u00e4lt\u00e4<\/a>[\/vc_column_text][\/vc_column_inner][vc_column_inner width=&#8221;1\/3&#8243;][vc_column_text css_animation=&#8221;appear&#8221;]<\/p>\n<h1 style=\"text-align: center;\"><a href=\"https:\/\/enseyes.com\/fi\/dreamlite\/\">Y\u00f6linssit<\/a><\/h1>\n<p><a href=\"https:\/\/enseyes.com\/fi\/dreamlite\/\"><img loading=\"lazy\" decoding=\"async\" class=\"aligncenter wp-image-49767\" src=\"https:\/\/enseyes.com\/wp-content\/uploads\/2021\/02\/Enseyesoeje-300x300.png\" alt=\"\" width=\"100\" height=\"100\" srcset=\"https:\/\/enseyes.com\/wp-content\/uploads\/2021\/02\/Enseyesoeje-300x300.png 300w, https:\/\/enseyes.com\/wp-content\/uploads\/2021\/02\/Enseyesoeje-150x150.png 150w, https:\/\/enseyes.com\/wp-content\/uploads\/2021\/02\/Enseyesoeje.png 500w\" sizes=\"auto, (max-width: 100px) 100vw, 100px\" \/><\/a>[\/vc_column_text][\/vc_column_inner][\/vc_row_inner][vc_row_inner][vc_column_inner][vc_column_text css_animation=&#8221;right-to-left&#8221;]<\/p>\n<hr \/>\n<p>[\/vc_column_text][\/vc_column_inner][\/vc_row_inner][vc_row_inner][vc_column_inner width=&#8221;1\/3&#8243;][vc_column_text css_animation=&#8221;appear&#8221;]<\/p>\n<h1 style=\"text-align: center;\"><a href=\"https:\/\/enseyes.com\/fi\/produkter\/sclerallinser\/\">Scleral-linssit<\/a><\/h1>\n<p><a href=\"https:\/\/enseyes.com\/fi\/produkter\/sclerallinser\/\" rel=\"https:\/\/enseyes.com\/produkter\/sclerallinser\/\"><img loading=\"lazy\" decoding=\"async\" class=\"aligncenter wp-image-49767\" src=\"https:\/\/enseyes.com\/wp-content\/uploads\/2021\/02\/Enseyesoeje-300x300.png\" alt=\"\" width=\"100\" height=\"100\" srcset=\"https:\/\/enseyes.com\/wp-content\/uploads\/2021\/02\/Enseyesoeje-300x300.png 300w, https:\/\/enseyes.com\/wp-content\/uploads\/2021\/02\/Enseyesoeje-150x150.png 150w, https:\/\/enseyes.com\/wp-content\/uploads\/2021\/02\/Enseyesoeje.png 500w\" sizes=\"auto, (max-width: 100px) 100vw, 100px\" \/><\/a>[\/vc_column_text][\/vc_column_inner][vc_column_inner width=&#8221;2\/3&#8243;][vc_column_text css_animation=&#8221;none&#8221;]Nelj\u00e4 erilaista linssi\u00e4 halkaisijaltaan 13,8 &#8211; 24,00 mm, silmiss\u00e4 on suurin valikoima skleraalilinssej\u00e4. T\u00e4m\u00e4n avulla voit s\u00e4\u00e4t\u00e4\u00e4 melkein mit\u00e4 tahansa s\u00e4\u00e4nn\u00f6llist\u00e4 ja ep\u00e4s\u00e4\u00e4nn\u00f6llist\u00e4 sarveiskalvoa. Useat linsseist\u00e4 voidaan toimittaa monipisteisin\u00e4, mik\u00e4 tarjoaa parhaat olosuhteet t\u00e4ydellisen istuvuuden ja tyytyv\u00e4isten potilaiden luomiseksi.<br \/>\n<a href=\"https:\/\/enseyes.com\/fi\/produkter\/sclerallinser\/\">Katso lis\u00e4\u00e4 t\u00e4\u00e4lt\u00e4<\/a>[\/vc_column_text][\/vc_column_inner][\/vc_row_inner][vc_row_inner][vc_column_inner][vc_column_text css_animation=&#8221;left-to-right&#8221;]<\/p>\n<hr \/>\n<p>[\/vc_column_text][\/vc_column_inner][\/vc_row_inner][vc_row_inner][vc_column_inner width=&#8221;2\/3&#8243;][vc_column_text css_animation=&#8221;none&#8221;]Jotta voimme sopia t\u00e4ydellisesti yksitt\u00e4iselle potilaalle, tarvitsemme joskus v\u00e4h\u00e4n apua, mink\u00e4 vuoksi myymme my\u00f6s ravintolisi\u00e4 ja silm\u00e4tippoja.<br \/>\n<a href=\"https:\/\/enseyes.com\/fi\/toerre-oejne\/\">Katso lis\u00e4\u00e4 t\u00e4\u00e4lt\u00e4<\/a>[\/vc_column_text][\/vc_column_inner][vc_column_inner width=&#8221;1\/3&#8243;][vc_column_text css_animation=&#8221;appear&#8221;]<\/p>\n<h1 style=\"text-align: center;\"><a href=\"https:\/\/enseyes.com\/fi\/toerre-oejne\/\">Kuivat silm\u00e4t<\/a><\/h1>\n<p><a href=\"https:\/\/enseyes.com\/fi\/toerre-oejne\/\"><img loading=\"lazy\" decoding=\"async\" class=\"aligncenter wp-image-49767\" src=\"https:\/\/enseyes.com\/wp-content\/uploads\/2021\/02\/Enseyesoeje-300x300.png\" alt=\"\" width=\"100\" height=\"100\" srcset=\"https:\/\/enseyes.com\/wp-content\/uploads\/2021\/02\/Enseyesoeje-300x300.png 300w, https:\/\/enseyes.com\/wp-content\/uploads\/2021\/02\/Enseyesoeje-150x150.png 150w, https:\/\/enseyes.com\/wp-content\/uploads\/2021\/02\/Enseyesoeje.png 500w\" sizes=\"auto, (max-width: 100px) 100vw, 100px\" \/><\/a>[\/vc_column_text][\/vc_column_inner][\/vc_row_inner][vc_row_inner css=&#8221;.vc_custom_1613572953576{background-color: rgba(255,255,255,0.52) !important;*background-color: rgb(255,255,255) !important;}&#8221;][vc_column_inner width=&#8221;1\/4&#8243;][vc_column_text css_animation=&#8221;slideInDown&#8221;]<\/p>\n<h3 style=\"text-align: center;\"><a href=\"https:\/\/myprocornea.com\/login\" target=\"_blank\" rel=\"noopener\">MyProcornea<\/a><\/h3>\n<p style=\"text-align: center;\">Napsauta t\u00e4t\u00e4 p\u00e4\u00e4st\u00e4ksesi MyProcorneaan<\/p>\n<p>[\/vc_column_text][\/vc_column_inner][vc_column_inner width=&#8221;1\/4&#8243;][vc_column_text css_animation=&#8221;slideInDown&#8221;]<\/p>\n<h3 style=\"text-align: center;\"><a href=\"https:\/\/enseyes.com\/fi\/ohjeet\/\">Ohjeet<\/a><\/h3>\n<p style=\"text-align: center;\">Napsauttamalla t\u00e4t\u00e4 p\u00e4\u00e4set k\u00e4siksi videoihimme linssien asettamisesta ja poistamisesta<\/p>\n<p>[\/vc_column_text][\/vc_column_inner][vc_column_inner width=&#8221;1\/4&#8243;][vc_column_text css_animation=&#8221;slideInDown&#8221;]<\/p>\n<h3 style=\"text-align: center;\"><a href=\"https:\/\/enseyes.com\/fi\/tuki\/webinar\/\">Webinars<\/a><\/h3>\n<p style=\"text-align: center;\">Napsauta t\u00e4t\u00e4 n\u00e4hd\u00e4ksesi nykyisen tai rekister\u00f6idy webinaareihimme<\/p>\n<p>[\/vc_column_text][\/vc_column_inner][vc_column_inner width=&#8221;1\/4&#8243;][vc_column_text css_animation=&#8221;slideInDown&#8221;]<\/p>\n<h3 style=\"text-align: center;\"><a href=\"https:\/\/enseyes.com\/fi\/tuki\/videoer\/\">Videot<\/a><\/h3>\n<p style=\"text-align: center;\">Napsauttamalla t\u00e4t\u00e4 n\u00e4et kaikki videomateriaalimme, kuten mainosanimaatiot, vanhat webinaarit jne.<\/p>\n<p>[\/vc_column_text][\/vc_column_inner][\/vc_row_inner][\/vc_column][\/vc_row]<\/p>\n<\/div>","protected":false},"excerpt":{"rendered":"<p>[vc_row bg_type=&#8221;image&#8221; parallax_style=&#8221;vcpb-default&#8221; bg_image_repeat=&#8221;no-repeat&#8221; bg_img_attach=&#8221;fixed&#8221; bg_override=&#8221;ex-full&#8221; css=&#8221;.vc_custom_1619595957508{padding-top: 50px !important;padding-right: 50px !important;padding-bottom: 50px !important;padding-left: 50px !important;background-color: rgba(255,255,255,0.48) !important;*background-color: rgb(255,255,255) !important;}&#8221;][vc_column css=&#8221;.vc_custom_1447424748914{padding: 20px !important;}&#8221;][vc_row_inner][vc_column_inner][vc_single_image image=&#8221;52714&#8243; img_size=&#8221;full&#8221; onclick=&#8221;custom_link&#8221; img_link_target=&#8221;_blank&#8221; link=&#8221;https:\/\/visavy.com\/login&#8221;][vc_column_text]VISAVY.COM FAQ &#8211; K\u00e4ytt\u00f6ohjeet &#8211; Klikkaa t\u00e4st\u00e4[\/vc_column_text][\/vc_column_inner][\/vc_row_inner][vc_row_inner][vc_column_inner][vc_column_text css_animation=&#8221;left-to-right&#8221;] [\/vc_column_text][\/vc_column_inner][\/vc_row_inner][vc_row_inner][vc_column_inner width=&#8221;2\/3&#8243;][vc_column_text css_animation=&#8221;none&#8221;]Ens eyes on tanskalainen<\/p>\n","protected":false},"author":172,"featured_media":0,"parent":0,"menu_order":0,"comment_status":"closed","ping_status":"closed","template":"","meta":{"_acf_changed":false,"footnotes":""},"class_list":["post-50656","page","type-page","status-publish","hentry"],"acf":[],"yoast_head":"<!-- This site is optimized with the Yoast SEO plugin v27.4 - https:\/\/yoast.com\/product\/yoast-seo-wordpress\/ -->\n<title>home - EnsEyes<\/title>\n<meta name=\"robots\" content=\"index, follow, max-snippet:-1, max-image-preview:large, max-video-preview:-1\" \/>\n<link rel=\"canonical\" href=\"https:\/\/enseyes.com\/fi\/\" \/>\n<meta property=\"og:locale\" content=\"fi_FI\" \/>\n<meta property=\"og:type\" content=\"article\" \/>\n<meta property=\"og:title\" content=\"home - EnsEyes\" \/>\n<meta property=\"og:description\" content=\"[vc_row bg_type=&#8221;image&#8221; parallax_style=&#8221;vcpb-default&#8221; bg_image_repeat=&#8221;no-repeat&#8221; bg_img_attach=&#8221;fixed&#8221; bg_override=&#8221;ex-full&#8221; css=&#8221;.vc_custom_1619595957508{padding-top: 50px !important;padding-right: 50px !important;padding-bottom: 50px !important;padding-left: 50px !important;background-color: rgba(255,255,255,0.48) !important;*background-color: rgb(255,255,255) !important;}&#8221;][vc_column css=&#8221;.vc_custom_1447424748914{padding: 20px !important;}&#8221;][vc_row_inner][vc_column_inner][vc_single_image image=&#8221;52714&#8243; img_size=&#8221;full&#8221; onclick=&#8221;custom_link&#8221; img_link_target=&#8221;_blank&#8221; link=&#8221;https:\/\/visavy.com\/login&#8221;][vc_column_text]VISAVY.COM FAQ &#8211; K\u00e4ytt\u00f6ohjeet &#8211; Klikkaa t\u00e4st\u00e4[\/vc_column_text][\/vc_column_inner][\/vc_row_inner][vc_row_inner][vc_column_inner][vc_column_text css_animation=&#8221;left-to-right&#8221;] [\/vc_column_text][\/vc_column_inner][\/vc_row_inner][vc_row_inner][vc_column_inner width=&#8221;2\/3&#8243;][vc_column_text css_animation=&#8221;none&#8221;]Ens eyes on tanskalainen\" \/>\n<meta property=\"og:url\" content=\"https:\/\/enseyes.com\/fi\/\" \/>\n<meta property=\"og:site_name\" content=\"EnsEyes\" \/>\n<meta property=\"article:modified_time\" content=\"2023-04-03T08:36:25+00:00\" \/>\n<meta property=\"og:image\" content=\"https:\/\/enseyes.com\/wp-content\/uploads\/2023\/04\/VISAVY_EN_landingpage_QR-150x150.png\" \/>\n<meta name=\"twitter:card\" content=\"summary_large_image\" \/>\n<meta name=\"twitter:label1\" content=\"Arvioitu lukuaika\" \/>\n\t<meta name=\"twitter:data1\" content=\"3 minuuttia\" \/>\n<script type=\"application\/ld+json\" class=\"yoast-schema-graph\">{\"@context\":\"https:\\\/\\\/schema.org\",\"@graph\":[{\"@type\":\"WebPage\",\"@id\":\"https:\\\/\\\/enseyes.com\\\/fi\\\/\",\"url\":\"https:\\\/\\\/enseyes.com\\\/fi\\\/\",\"name\":\"home - EnsEyes\",\"isPartOf\":{\"@id\":\"https:\\\/\\\/enseyes.com\\\/sv\\\/#website\"},\"primaryImageOfPage\":{\"@id\":\"https:\\\/\\\/enseyes.com\\\/fi\\\/#primaryimage\"},\"image\":{\"@id\":\"https:\\\/\\\/enseyes.com\\\/fi\\\/#primaryimage\"},\"thumbnailUrl\":\"https:\\\/\\\/enseyes.com\\\/wp-content\\\/uploads\\\/2023\\\/04\\\/VISAVY_EN_landingpage_QR-150x150.png\",\"datePublished\":\"2020-11-26T15:15:23+00:00\",\"dateModified\":\"2023-04-03T08:36:25+00:00\",\"breadcrumb\":{\"@id\":\"https:\\\/\\\/enseyes.com\\\/fi\\\/#breadcrumb\"},\"inLanguage\":\"fi\",\"potentialAction\":[{\"@type\":\"ReadAction\",\"target\":[\"https:\\\/\\\/enseyes.com\\\/fi\\\/\"]}]},{\"@type\":\"ImageObject\",\"inLanguage\":\"fi\",\"@id\":\"https:\\\/\\\/enseyes.com\\\/fi\\\/#primaryimage\",\"url\":\"https:\\\/\\\/enseyes.com\\\/wp-content\\\/uploads\\\/2023\\\/04\\\/VISAVY_EN_landingpage_QR-150x150.png\",\"contentUrl\":\"https:\\\/\\\/enseyes.com\\\/wp-content\\\/uploads\\\/2023\\\/04\\\/VISAVY_EN_landingpage_QR-150x150.png\"},{\"@type\":\"BreadcrumbList\",\"@id\":\"https:\\\/\\\/enseyes.com\\\/fi\\\/#breadcrumb\",\"itemListElement\":[{\"@type\":\"ListItem\",\"position\":1,\"name\":\"Hjem\",\"item\":\"https:\\\/\\\/enseyes.com\\\/fi\\\/\"},{\"@type\":\"ListItem\",\"position\":2,\"name\":\"home\"}]},{\"@type\":\"WebSite\",\"@id\":\"https:\\\/\\\/enseyes.com\\\/sv\\\/#website\",\"url\":\"https:\\\/\\\/enseyes.com\\\/sv\\\/\",\"name\":\"EnsEyes\",\"description\":\"Cornea Care\",\"potentialAction\":[{\"@type\":\"SearchAction\",\"target\":{\"@type\":\"EntryPoint\",\"urlTemplate\":\"https:\\\/\\\/enseyes.com\\\/sv\\\/?s={search_term_string}\"},\"query-input\":{\"@type\":\"PropertyValueSpecification\",\"valueRequired\":true,\"valueName\":\"search_term_string\"}}],\"inLanguage\":\"fi\"}]}<\/script>\n<!-- \/ Yoast SEO plugin. -->","yoast_head_json":{"title":"home - EnsEyes","robots":{"index":"index","follow":"follow","max-snippet":"max-snippet:-1","max-image-preview":"max-image-preview:large","max-video-preview":"max-video-preview:-1"},"canonical":"https:\/\/enseyes.com\/fi\/","og_locale":"fi_FI","og_type":"article","og_title":"home - EnsEyes","og_description":"[vc_row bg_type=&#8221;image&#8221; parallax_style=&#8221;vcpb-default&#8221; bg_image_repeat=&#8221;no-repeat&#8221; bg_img_attach=&#8221;fixed&#8221; bg_override=&#8221;ex-full&#8221; css=&#8221;.vc_custom_1619595957508{padding-top: 50px !important;padding-right: 50px !important;padding-bottom: 50px !important;padding-left: 50px !important;background-color: rgba(255,255,255,0.48) !important;*background-color: rgb(255,255,255) !important;}&#8221;][vc_column css=&#8221;.vc_custom_1447424748914{padding: 20px !important;}&#8221;][vc_row_inner][vc_column_inner][vc_single_image image=&#8221;52714&#8243; img_size=&#8221;full&#8221; onclick=&#8221;custom_link&#8221; img_link_target=&#8221;_blank&#8221; link=&#8221;https:\/\/visavy.com\/login&#8221;][vc_column_text]VISAVY.COM FAQ &#8211; K\u00e4ytt\u00f6ohjeet &#8211; Klikkaa t\u00e4st\u00e4[\/vc_column_text][\/vc_column_inner][\/vc_row_inner][vc_row_inner][vc_column_inner][vc_column_text css_animation=&#8221;left-to-right&#8221;] [\/vc_column_text][\/vc_column_inner][\/vc_row_inner][vc_row_inner][vc_column_inner width=&#8221;2\/3&#8243;][vc_column_text css_animation=&#8221;none&#8221;]Ens eyes on tanskalainen","og_url":"https:\/\/enseyes.com\/fi\/","og_site_name":"EnsEyes","article_modified_time":"2023-04-03T08:36:25+00:00","og_image":[{"url":"https:\/\/enseyes.com\/wp-content\/uploads\/2023\/04\/VISAVY_EN_landingpage_QR-150x150.png","type":"","width":"","height":""}],"twitter_card":"summary_large_image","twitter_misc":{"Arvioitu lukuaika":"3 minuuttia"},"schema":{"@context":"https:\/\/schema.org","@graph":[{"@type":"WebPage","@id":"https:\/\/enseyes.com\/fi\/","url":"https:\/\/enseyes.com\/fi\/","name":"home - EnsEyes","isPartOf":{"@id":"https:\/\/enseyes.com\/sv\/#website"},"primaryImageOfPage":{"@id":"https:\/\/enseyes.com\/fi\/#primaryimage"},"image":{"@id":"https:\/\/enseyes.com\/fi\/#primaryimage"},"thumbnailUrl":"https:\/\/enseyes.com\/wp-content\/uploads\/2023\/04\/VISAVY_EN_landingpage_QR-150x150.png","datePublished":"2020-11-26T15:15:23+00:00","dateModified":"2023-04-03T08:36:25+00:00","breadcrumb":{"@id":"https:\/\/enseyes.com\/fi\/#breadcrumb"},"inLanguage":"fi","potentialAction":[{"@type":"ReadAction","target":["https:\/\/enseyes.com\/fi\/"]}]},{"@type":"ImageObject","inLanguage":"fi","@id":"https:\/\/enseyes.com\/fi\/#primaryimage","url":"https:\/\/enseyes.com\/wp-content\/uploads\/2023\/04\/VISAVY_EN_landingpage_QR-150x150.png","contentUrl":"https:\/\/enseyes.com\/wp-content\/uploads\/2023\/04\/VISAVY_EN_landingpage_QR-150x150.png"},{"@type":"BreadcrumbList","@id":"https:\/\/enseyes.com\/fi\/#breadcrumb","itemListElement":[{"@type":"ListItem","position":1,"name":"Hjem","item":"https:\/\/enseyes.com\/fi\/"},{"@type":"ListItem","position":2,"name":"home"}]},{"@type":"WebSite","@id":"https:\/\/enseyes.com\/sv\/#website","url":"https:\/\/enseyes.com\/sv\/","name":"EnsEyes","description":"Cornea Care","potentialAction":[{"@type":"SearchAction","target":{"@type":"EntryPoint","urlTemplate":"https:\/\/enseyes.com\/sv\/?s={search_term_string}"},"query-input":{"@type":"PropertyValueSpecification","valueRequired":true,"valueName":"search_term_string"}}],"inLanguage":"fi"}]}},"_links":{"self":[{"href":"https:\/\/enseyes.com\/fi\/wp-json\/wp\/v2\/pages\/50656","targetHints":{"allow":["GET"]}}],"collection":[{"href":"https:\/\/enseyes.com\/fi\/wp-json\/wp\/v2\/pages"}],"about":[{"href":"https:\/\/enseyes.com\/fi\/wp-json\/wp\/v2\/types\/page"}],"author":[{"embeddable":true,"href":"https:\/\/enseyes.com\/fi\/wp-json\/wp\/v2\/users\/172"}],"replies":[{"embeddable":true,"href":"https:\/\/enseyes.com\/fi\/wp-json\/wp\/v2\/comments?post=50656"}],"version-history":[{"count":0,"href":"https:\/\/enseyes.com\/fi\/wp-json\/wp\/v2\/pages\/50656\/revisions"}],"wp:attachment":[{"href":"https:\/\/enseyes.com\/fi\/wp-json\/wp\/v2\/media?parent=50656"}],"curies":[{"name":"wp","href":"https:\/\/api.w.org\/{rel}","templated":true}]}}