{"id":50698,"date":"2021-04-08T15:33:14","date_gmt":"2021-04-08T14:33:14","guid":{"rendered":"https:\/\/enseyes.com\/byo-premium-mc\/"},"modified":"2024-02-22T14:45:48","modified_gmt":"2024-02-22T13:45:48","slug":"byo-premium-mc","status":"publish","type":"page","link":"https:\/\/enseyes.com\/fi\/byo-premium-mc\/","title":{"rendered":"Byo Premium MC"},"content":{"rendered":"<div class=\"wpb-content-wrapper\"><p>[vc_row][vc_column][vc_single_image image=&#8221;49854&#8243; img_size=&#8221;full&#8221;][\/vc_column][\/vc_row][vc_row][vc_column width=&#8221;1\/3&#8243;][vc_single_image image=&#8221;50409&#8243; img_size=&#8221;medium&#8221;][\/vc_column][vc_column width=&#8221;2\/3&#8243;][vc_column_text]<\/p>\n<h5>BYO PREMIUM MC<\/h5>\n<ul>\n<li>Tehty erityisesti likin\u00e4k\u00f6isyytt\u00e4 varten<\/li>\n<li>Optimaalinen hapenl\u00e4p\u00e4isevyys<\/li>\n<li>Sopii suuriin korjauksiin<\/li>\n<\/ul>\n<p>R\u00e4\u00e4t\u00e4l\u00f6ity pehme\u00e4 linssi, joka toimitetaan erityisesti likin\u00e4k\u00f6isyytt\u00e4 . BYO Premium MC lasketaan tarkalleen koon mukaan ainutlaatuisella laskentaty\u00f6kalulla.[\/vc_column_text][\/vc_column][\/vc_row][vc_row][vc_column][vc_tta_tabs][vc_tta_section title=&#8221;Tekniset tiedot&#8221; tab_id=&#8221;1615475851643-5a6dee1f-02f5&#8243;][vc_row_inner][vc_column_inner width=&#8221;1\/2&#8243;][vc_column_text]<\/p>\n<h5>Kuka voi k\u00e4ytt\u00e4\u00e4 BYO Premium MC<\/h5>\n<p>aihdatteko usein linssit silm\u00e4laseille p\u00e4iv\u00e4n p\u00e4\u00e4tteeksi? \u00c4rsytt\u00e4v\u00e4tk\u00f6 silm\u00e4si kuivassa ymp\u00e4rist\u00f6ss\u00e4? BYO Premium mittatilausty\u00f6n\u00e4 valmistetut pehme\u00e4t piilolinssit ovat oikea valinta niille, jotka k\u00e4rsiv\u00e4t s\u00e4\u00e4nn\u00f6llisesti silmien \u00e4rsytyksest\u00e4. BYO Premium soveltuu my\u00f6s suurempiin korjauksiin.[\/vc_column_text][\/vc_column_inner][vc_column_inner width=&#8221;1\/2&#8243;][vc_column_text]<\/p>\n<h5>Silikonihydrogeeli<\/h5>\n<p>Silikonihydrogeelimateriaali takaa erinomaisen hapen ja repe\u00e4m\u00e4n l\u00e4p\u00e4isevyyden. T\u00e4m\u00e4 pit\u00e4\u00e4 silm\u00e4si tervein\u00e4 ja tekee piilolinsseist\u00e4 erityisen mukavan k\u00e4ytt\u00e4\u00e4.<\/p>\n<h5>Lis\u00e4\u00e4 vaihtoehtoja<\/h5>\n<p>BYO Premium on r\u00e4\u00e4t\u00e4l\u00f6ity ja sit\u00e4 voi tilata monissa muunnelmissa, kuten multifokaalisena, toorisena, pallomaisena ja toorisena multifokaalisena. Kysy optiikalta vaihtoehdoista.[\/vc_column_text][\/vc_column_inner][\/vc_row_inner][\/vc_tta_section][vc_tta_section title=&#8221;Tiedot&#8221; tab_id=&#8221;1615475851652-8c8a315b-7430&#8243;][vc_column_text]Ennen kuin aloitat BYO Premium MC: n k\u00e4yt\u00f6n, lue k\u00e4ytt\u00f6ohjeet huolellisesti. Tiedot antaa piilolinssi-asiantuntijasi. Haluatko lis\u00e4tietoja tai neuvoja? Ota yhteytt\u00e4 puhelimitse. +45 75 10 24 10<\/p>\n<p><a href=\"https:\/\/enseyes.com\/wp-content\/uploads\/2021\/03\/byo_premium.pdf\" target=\"_blank\" rel=\"noopener\">Voit ladata k\u00e4ytt\u00f6ohjeen t\u00e4\u00e4lt\u00e4<\/a>[\/vc_column_text][vc_row_inner][vc_column_inner width=&#8221;1\/2&#8243;][vc_video link=&#8221;https:\/\/player.vimeo.com\/video\/333071292&#8243; title=&#8221;Lis\u00e4ys&#8221;][vc_column_text]<a href=\"mailto:?&amp;subject=Instruktionsvideo&amp;body=Se%20denne%20video%20https:\/\/player.vimeo.com\/video\/333071292\">L\u00e4het\u00e4 video<\/a>\u00a0 \u00a0 \u00a0\u2013\u00a0 \u00a0\u00a0 <a href=\"https:\/\/player.vimeo.com\/video\/333071292?autoplay=0%22%20width=%22263%22%20height=%22148%22%20frameborder=%220%22%20webkitallowfullscreen=%22%22%20mozallowfullscreen=%22%22%20allowfullscreen=\" target=\"_blank\" rel=\"noopener\">Toista suuressa muodossa<\/a>[\/vc_column_text][\/vc_column_inner][vc_column_inner width=&#8221;1\/2&#8243;][vc_video link=&#8221;https:\/\/player.vimeo.com\/video\/333071316&#8243; title=&#8221;Peruuttaminen&#8221;][vc_column_text]<a href=\"mailto:?&amp;subject=Ohjevideo&amp;body=Katso%20video%20https:\/\/player.vimeo.com\/video\/333071316\">L\u00e4het\u00e4 video<\/a> \u2013 <a href=\"https:\/\/player.vimeo.com\/video\/333071316?autoplay=0%22%20width=%22263%22%20height=%22148%22%20frameborder=%220%22%20webkitallowfullscreen=%22%22%20mozallowfullscreen=%22%22%20allowfullscreen=\" target=\"_blank\" rel=\"noopener noreferrer\">Toista suuressa muodossa<\/a>[\/vc_column_text][\/vc_column_inner][\/vc_row_inner][\/vc_tta_section][vc_tta_section title=&#8221;Piilolinssineste&#8221; tab_id=&#8221;1615477112592-3c6d45a2-ac84&#8243;][vc_column_text]Suosittelemme BYO Premium -piilolinssien puhdistamista, desinfiointia, varastointia, huuhtomista ja k\u00e4ytt\u00e4mist\u00e4 s\u00e4il\u00f6nt\u00e4aineettomilla piilolinsseill\u00e4, kuten Ever Clean ja <a href=\"https:\/\/enseyes.com\/fi\/produkter\/piilolinssinesteet\/unidose-saline\/\">Unidose saline<\/a> tai <a href=\"https:\/\/enseyes.com\/fi\/produkter\/piilolinssinesteet\/regard\/\">Regard<\/a><\/p>\n<h5>Turvallisuus<\/h5>\n<p>Piilolinssien k\u00e4yt\u00f6st\u00e4 voi aiheutua infektioriski. Siksi noudata aina asiantuntijan neuvoja ja k\u00e4sittele linssej\u00e4 oikein. Esimerkiksi linssej\u00e4 ei saa koskaan puhdistaa vedell\u00e4 tai syljell\u00e4, koska ne sis\u00e4lt\u00e4v\u00e4t bakteereja, jotka voivat olla haitallisia silmille. Joten aina varmista, ett\u00e4 sinulla on oikea linssiliuos k\u00e4sill\u00e4, katso p\u00e4\u00e4nesteet. Pese k\u00e4tesi aina miedolla saippualla ennen linssien k\u00e4ytt\u00f6\u00e4. V\u00e4lt\u00e4 saippuoita, jotka sis\u00e4lt\u00e4v\u00e4t lanoliinia, voiteita ja \/ tai hajusteita. Huuhtele k\u00e4tesi hyvin vedell\u00e4 ja kuivaa ne puhtaalla, nukkaamattomalla teepyyhkeell\u00e4. \u00c4l\u00e4 aseta linssej\u00e4si \u00e4rtyneille silmille. Pakkausselosteessa on t\u00e4ydelliset tiedot linssien asianmukaisesta puhdistamisesta, varastoinnista ja k\u00e4yt\u00f6st\u00e4. T\u00e4m\u00e4n saa asiantuntijalta. Asiantuntija ty\u00f6skentelee protokollan mukaisesti ja varmistaa, ett\u00e4 olet hyvin tietoinen ja ett\u00e4 silm\u00e4si tarkistetaan s\u00e4\u00e4nn\u00f6llisesti. Asiantuntija pyyt\u00e4\u00e4 sinua allekirjoittamaan linssisopimuksen varmistaakseen, ett\u00e4 molemmat osapuolet noudattavat turvallisuuss\u00e4\u00e4nt\u00f6j\u00e4.[\/vc_column_text][\/vc_tta_section][vc_tta_section title=&#8221;Tietoa optikoille&#8221; tab_id=&#8221;1615477288441-2f7ef8e5-bf39&#8243;][vc_row_inner][vc_column_inner][vc_column_text]\n<table id=\"tablepress-14\" class=\"tablepress tablepress-id-14\">\n<thead>\n<tr class=\"row-1\">\n\t<th class=\"column-1\">Parametre BYO Premium MC:<\/th><td class=\"column-2\"><\/td><td class=\"column-3\"><\/td>\n<\/tr>\n<\/thead>\n<tbody class=\"row-striping row-hover\">\n<tr class=\"row-2\">\n\t<td class=\"column-1\">Radius (r0):<\/td><td class=\"column-2\">7.30 mm til 9.80 mm i 0.10 mm steps<\/td><td class=\"column-3\"><\/td>\n<\/tr>\n<tr class=\"row-3\">\n\t<td class=\"column-1\">Sf\u00e6risk styrke (F\u2019v):<\/td><td class=\"column-2\">+1.00 D til -12.00 D i 0.25 D steps<\/td><td class=\"column-3\"><\/td>\n<\/tr>\n<tr class=\"row-4\">\n\t<td class=\"column-1\">Cylinder (Torisk):<\/td><td class=\"column-2\">-0.75 D til -4.50 D i 0.25 D steps<\/td><td class=\"column-3\"><\/td>\n<\/tr>\n<tr class=\"row-5\">\n\t<td class=\"column-1\">Akse (Torisk):<\/td><td class=\"column-2\">0\u00b0 til 180\u00b0 pr 1\u00b0<\/td><td class=\"column-3\"><\/td>\n<\/tr>\n<tr class=\"row-6\">\n\t<td class=\"column-1\">Diameter (\u00d8T):<\/td><td class=\"column-2\">13.50 mm til 15.00 mm i 0.10 mm steps<\/td><td class=\"column-3\"><\/td>\n<\/tr>\n<tr class=\"row-7\">\n\t<td class=\"column-1\">Teknisk information<\/td><td class=\"column-2\"><\/td><td class=\"column-3\"><\/td>\n<\/tr>\n<tr class=\"row-8\">\n\t<td class=\"column-1\">Materiale:<\/td><td class=\"column-2\">Ultima silicone hydrogel*<\/td><td class=\"column-3\"><\/td>\n<\/tr>\n<tr class=\"row-9\">\n\t<td class=\"column-1\">Vand indhold:<\/td><td class=\"column-2\">48%<\/td><td class=\"column-3\"><\/td>\n<\/tr>\n<tr class=\"row-10\">\n\t<td class=\"column-1\">Dk\/t:<\/td><td class=\"column-2\">71 (-3.00 D)<\/td><td class=\"column-3\"><\/td>\n<\/tr>\n<tr class=\"row-11\">\n\t<td class=\"column-1\">Modulus:<\/td><td class=\"column-2\">0.62 Mpa<\/td><td class=\"column-3\"><\/td>\n<\/tr>\n<tr class=\"row-12\">\n\t<td class=\"column-1\">UV filter:<\/td><td class=\"column-2\">Ja<\/td><td class=\"column-3\"><\/td>\n<\/tr>\n<tr class=\"row-13\">\n\t<td class=\"column-1\">Handling:<\/td><td class=\"column-2\">Nej<\/td><td class=\"column-3\"><\/td>\n<\/tr>\n<tr class=\"row-14\">\n\t<td class=\"column-1\">Central middel tykkelse:<\/td><td class=\"column-2\">0.30 mm (-3.00 D)<\/td><td class=\"column-3\"><\/td>\n<\/tr>\n<tr class=\"row-15\">\n\t<td class=\"column-1\">Markering Toriske:<\/td><td class=\"column-2\">2 markeringer kl. 3 og 9<\/td><td class=\"column-3\"><\/td>\n<\/tr>\n<tr class=\"row-16\">\n\t<td class=\"column-1\">Gravering:<\/td><td class=\"column-2\">S\/N og Procornea logo<br \/>\n<\/td><td class=\"column-3\"><\/td>\n<\/tr>\n<tr class=\"row-17\">\n\t<td class=\"column-1\">Applikation:<\/td><td class=\"column-2\">Hver dag <\/td><td class=\"column-3\"><\/td>\n<\/tr>\n<tr class=\"row-18\">\n\t<td class=\"column-1\">Forpakning:<\/td><td class=\"column-2\">Blister<\/td><td class=\"column-3\"><\/td>\n<\/tr>\n<\/tbody>\n<\/table>\n<!-- #tablepress-14 from cache -->[\/vc_column_text][\/vc_column_inner][\/vc_row_inner][\/vc_tta_section][\/vc_tta_tabs][\/vc_column][\/vc_row][vc_row][vc_column][vc_video link=&#8221;https:\/\/vimeo.com\/536367654&#8243;][\/vc_column][\/vc_row]<\/p>\n<\/div>","protected":false},"excerpt":{"rendered":"<p>[vc_row][vc_column][vc_single_image image=&#8221;49854&#8243; img_size=&#8221;full&#8221;][\/vc_column][\/vc_row][vc_row][vc_column width=&#8221;1\/3&#8243;][vc_single_image image=&#8221;50409&#8243; img_size=&#8221;medium&#8221;][\/vc_column][vc_column width=&#8221;2\/3&#8243;][vc_column_text] BYO PREMIUM MC Tehty erityisesti likin\u00e4k\u00f6isyytt\u00e4 varten Optimaalinen hapenl\u00e4p\u00e4isevyys Sopii suuriin korjauksiin R\u00e4\u00e4t\u00e4l\u00f6ity pehme\u00e4 linssi, joka toimitetaan erityisesti likin\u00e4k\u00f6isyytt\u00e4 . BYO Premium MC lasketaan tarkalleen koon mukaan ainutlaatuisella laskentaty\u00f6kalulla.[\/vc_column_text][\/vc_column][\/vc_row][vc_row][vc_column][vc_tta_tabs][vc_tta_section title=&#8221;Tekniset tiedot&#8221; tab_id=&#8221;1615475851643-5a6dee1f-02f5&#8243;][vc_row_inner][vc_column_inner width=&#8221;1\/2&#8243;][vc_column_text]<\/p>\n","protected":false},"author":172,"featured_media":0,"parent":0,"menu_order":0,"comment_status":"closed","ping_status":"closed","template":"","meta":{"_acf_changed":false,"footnotes":""},"class_list":["post-50698","page","type-page","status-publish","hentry"],"acf":[],"yoast_head":"<!-- This site is optimized with the Yoast SEO plugin v27.4 - https:\/\/yoast.com\/product\/yoast-seo-wordpress\/ -->\n<title>Byo Premium MC - EnsEyes<\/title>\n<meta name=\"robots\" content=\"index, follow, max-snippet:-1, max-image-preview:large, max-video-preview:-1\" \/>\n<link rel=\"canonical\" href=\"https:\/\/enseyes.com\/fi\/byo-premium-mc\/\" \/>\n<meta property=\"og:locale\" content=\"fi_FI\" \/>\n<meta property=\"og:type\" content=\"article\" \/>\n<meta property=\"og:title\" content=\"Byo Premium MC - EnsEyes\" \/>\n<meta property=\"og:description\" content=\"[vc_row][vc_column][vc_single_image image=&#8221;49854&#8243; img_size=&#8221;full&#8221;][\/vc_column][\/vc_row][vc_row][vc_column width=&#8221;1\/3&#8243;][vc_single_image image=&#8221;50409&#8243; img_size=&#8221;medium&#8221;][\/vc_column][vc_column width=&#8221;2\/3&#8243;][vc_column_text] BYO PREMIUM MC Tehty erityisesti likin\u00e4k\u00f6isyytt\u00e4 varten Optimaalinen hapenl\u00e4p\u00e4isevyys Sopii suuriin korjauksiin R\u00e4\u00e4t\u00e4l\u00f6ity pehme\u00e4 linssi, joka toimitetaan erityisesti likin\u00e4k\u00f6isyytt\u00e4 . BYO Premium MC lasketaan tarkalleen koon mukaan ainutlaatuisella laskentaty\u00f6kalulla.[\/vc_column_text][\/vc_column][\/vc_row][vc_row][vc_column][vc_tta_tabs][vc_tta_section title=&#8221;Tekniset tiedot&#8221; tab_id=&#8221;1615475851643-5a6dee1f-02f5&#8243;][vc_row_inner][vc_column_inner width=&#8221;1\/2&#8243;][vc_column_text]\" \/>\n<meta property=\"og:url\" content=\"https:\/\/enseyes.com\/fi\/byo-premium-mc\/\" \/>\n<meta property=\"og:site_name\" content=\"EnsEyes\" \/>\n<meta property=\"article:modified_time\" content=\"2024-02-22T13:45:48+00:00\" \/>\n<meta name=\"twitter:card\" content=\"summary_large_image\" \/>\n<meta name=\"twitter:label1\" content=\"Arvioitu lukuaika\" \/>\n\t<meta name=\"twitter:data1\" content=\"3 minuuttia\" \/>\n<script type=\"application\/ld+json\" class=\"yoast-schema-graph\">{\"@context\":\"https:\\\/\\\/schema.org\",\"@graph\":[{\"@type\":\"WebPage\",\"@id\":\"https:\\\/\\\/enseyes.com\\\/fi\\\/byo-premium-mc\\\/\",\"url\":\"https:\\\/\\\/enseyes.com\\\/fi\\\/byo-premium-mc\\\/\",\"name\":\"Byo Premium MC - EnsEyes\",\"isPartOf\":{\"@id\":\"https:\\\/\\\/enseyes.com\\\/sv\\\/#website\"},\"datePublished\":\"2021-04-08T14:33:14+00:00\",\"dateModified\":\"2024-02-22T13:45:48+00:00\",\"breadcrumb\":{\"@id\":\"https:\\\/\\\/enseyes.com\\\/fi\\\/byo-premium-mc\\\/#breadcrumb\"},\"inLanguage\":\"fi\",\"potentialAction\":[{\"@type\":\"ReadAction\",\"target\":[\"https:\\\/\\\/enseyes.com\\\/fi\\\/byo-premium-mc\\\/\"]}]},{\"@type\":\"BreadcrumbList\",\"@id\":\"https:\\\/\\\/enseyes.com\\\/fi\\\/byo-premium-mc\\\/#breadcrumb\",\"itemListElement\":[{\"@type\":\"ListItem\",\"position\":1,\"name\":\"Hjem\",\"item\":\"https:\\\/\\\/enseyes.com\\\/fi\\\/\"},{\"@type\":\"ListItem\",\"position\":2,\"name\":\"Byo Premium MC\"}]},{\"@type\":\"WebSite\",\"@id\":\"https:\\\/\\\/enseyes.com\\\/sv\\\/#website\",\"url\":\"https:\\\/\\\/enseyes.com\\\/sv\\\/\",\"name\":\"EnsEyes\",\"description\":\"Cornea Care\",\"potentialAction\":[{\"@type\":\"SearchAction\",\"target\":{\"@type\":\"EntryPoint\",\"urlTemplate\":\"https:\\\/\\\/enseyes.com\\\/sv\\\/?s={search_term_string}\"},\"query-input\":{\"@type\":\"PropertyValueSpecification\",\"valueRequired\":true,\"valueName\":\"search_term_string\"}}],\"inLanguage\":\"fi\"}]}<\/script>\n<!-- \/ Yoast SEO plugin. -->","yoast_head_json":{"title":"Byo Premium MC - EnsEyes","robots":{"index":"index","follow":"follow","max-snippet":"max-snippet:-1","max-image-preview":"max-image-preview:large","max-video-preview":"max-video-preview:-1"},"canonical":"https:\/\/enseyes.com\/fi\/byo-premium-mc\/","og_locale":"fi_FI","og_type":"article","og_title":"Byo Premium MC - EnsEyes","og_description":"[vc_row][vc_column][vc_single_image image=&#8221;49854&#8243; img_size=&#8221;full&#8221;][\/vc_column][\/vc_row][vc_row][vc_column width=&#8221;1\/3&#8243;][vc_single_image image=&#8221;50409&#8243; img_size=&#8221;medium&#8221;][\/vc_column][vc_column width=&#8221;2\/3&#8243;][vc_column_text] BYO PREMIUM MC Tehty erityisesti likin\u00e4k\u00f6isyytt\u00e4 varten Optimaalinen hapenl\u00e4p\u00e4isevyys Sopii suuriin korjauksiin R\u00e4\u00e4t\u00e4l\u00f6ity pehme\u00e4 linssi, joka toimitetaan erityisesti likin\u00e4k\u00f6isyytt\u00e4 . BYO Premium MC lasketaan tarkalleen koon mukaan ainutlaatuisella laskentaty\u00f6kalulla.[\/vc_column_text][\/vc_column][\/vc_row][vc_row][vc_column][vc_tta_tabs][vc_tta_section title=&#8221;Tekniset tiedot&#8221; tab_id=&#8221;1615475851643-5a6dee1f-02f5&#8243;][vc_row_inner][vc_column_inner width=&#8221;1\/2&#8243;][vc_column_text]","og_url":"https:\/\/enseyes.com\/fi\/byo-premium-mc\/","og_site_name":"EnsEyes","article_modified_time":"2024-02-22T13:45:48+00:00","twitter_card":"summary_large_image","twitter_misc":{"Arvioitu lukuaika":"3 minuuttia"},"schema":{"@context":"https:\/\/schema.org","@graph":[{"@type":"WebPage","@id":"https:\/\/enseyes.com\/fi\/byo-premium-mc\/","url":"https:\/\/enseyes.com\/fi\/byo-premium-mc\/","name":"Byo Premium MC - EnsEyes","isPartOf":{"@id":"https:\/\/enseyes.com\/sv\/#website"},"datePublished":"2021-04-08T14:33:14+00:00","dateModified":"2024-02-22T13:45:48+00:00","breadcrumb":{"@id":"https:\/\/enseyes.com\/fi\/byo-premium-mc\/#breadcrumb"},"inLanguage":"fi","potentialAction":[{"@type":"ReadAction","target":["https:\/\/enseyes.com\/fi\/byo-premium-mc\/"]}]},{"@type":"BreadcrumbList","@id":"https:\/\/enseyes.com\/fi\/byo-premium-mc\/#breadcrumb","itemListElement":[{"@type":"ListItem","position":1,"name":"Hjem","item":"https:\/\/enseyes.com\/fi\/"},{"@type":"ListItem","position":2,"name":"Byo Premium MC"}]},{"@type":"WebSite","@id":"https:\/\/enseyes.com\/sv\/#website","url":"https:\/\/enseyes.com\/sv\/","name":"EnsEyes","description":"Cornea Care","potentialAction":[{"@type":"SearchAction","target":{"@type":"EntryPoint","urlTemplate":"https:\/\/enseyes.com\/sv\/?s={search_term_string}"},"query-input":{"@type":"PropertyValueSpecification","valueRequired":true,"valueName":"search_term_string"}}],"inLanguage":"fi"}]}},"_links":{"self":[{"href":"https:\/\/enseyes.com\/fi\/wp-json\/wp\/v2\/pages\/50698","targetHints":{"allow":["GET"]}}],"collection":[{"href":"https:\/\/enseyes.com\/fi\/wp-json\/wp\/v2\/pages"}],"about":[{"href":"https:\/\/enseyes.com\/fi\/wp-json\/wp\/v2\/types\/page"}],"author":[{"embeddable":true,"href":"https:\/\/enseyes.com\/fi\/wp-json\/wp\/v2\/users\/172"}],"replies":[{"embeddable":true,"href":"https:\/\/enseyes.com\/fi\/wp-json\/wp\/v2\/comments?post=50698"}],"version-history":[{"count":0,"href":"https:\/\/enseyes.com\/fi\/wp-json\/wp\/v2\/pages\/50698\/revisions"}],"wp:attachment":[{"href":"https:\/\/enseyes.com\/fi\/wp-json\/wp\/v2\/media?parent=50698"}],"curies":[{"name":"wp","href":"https:\/\/api.w.org\/{rel}","templated":true}]}}