{"id":50720,"date":"2021-03-18T14:48:32","date_gmt":"2021-03-18T13:48:32","guid":{"rendered":"https:\/\/enseyes.com\/produkter\/topografisesti-sovitetut-linssit\/senso-select\/"},"modified":"2021-05-26T14:49:26","modified_gmt":"2021-05-26T13:49:26","slug":"senso-select","status":"publish","type":"page","link":"https:\/\/enseyes.com\/fi\/produkter\/topografisesti-sovitetut-linssit\/senso-select\/","title":{"rendered":"Senso Select"},"content":{"rendered":"<div class=\"wpb-content-wrapper\"><p>[vc_row][vc_column][vc_single_image image=&#8221;50035&#8243; img_size=&#8221;full&#8221;][\/vc_column][\/vc_row][vc_row][vc_column width=&#8221;1\/3&#8243;][vc_single_image image=&#8221;50039&#8243; img_size=&#8221;medium&#8221;][\/vc_column][vc_column width=&#8221;2\/3&#8243;][vc_column_text]<\/p>\n<h5>SENSO SELECT<\/h5>\n<ul>\n<li>Ensimm\u00e4inen valinta RGP: ss\u00e4<\/li>\n<li>Optimaalinen mukavuus<\/li>\n<li>T\u00e4ydellinen optinen ratkaisu<\/li>\n<\/ul>\n<p>Ter\u00e4v\u00e4 ja selke\u00e4 visio r\u00e4\u00e4t\u00e4l\u00f6idyll\u00e4 Comfort Edge -suunnittelulla. Senso Select tarjoaa erinomaisen mukavuuden ja t\u00e4ydellisen n\u00e4kemisen.[\/vc_column_text][\/vc_column][\/vc_row][vc_row][vc_column][vc_tta_tabs][vc_tta_section title=&#8221;Tekniset tiedot&#8221; tab_id=&#8221;1615475851643-5a6dee1f-02f5&#8243;][vc_row_inner][vc_column_inner width=&#8221;1\/2&#8243;][vc_column_text]<\/p>\n<h5>Kuka voi k\u00e4ytt\u00e4\u00e4 Senso Select -ohjelmaa<\/h5>\n<p>Senso Select RGP -piilolinssit ovat ihanteellisia kaikille, jotka asettavat korkeat vaatimukset optimaaliselle n\u00e4k\u00f6lle ja mukavuudelle. Piilolinssill\u00e4 on lyhyt s\u00e4\u00e4t\u00f6aika ja se on saatavana my\u00f6s<a href=\"https:\/\/enseyes.com\/fi\/produkter\/topografisesti-sovitetut-linssit\/compact-perfect-zoom\/\"> multifokalt design<\/a>.[\/vc_column_text][\/vc_column_inner][vc_column_inner width=&#8221;1\/2&#8243;][vc_column_text]<\/p>\n<h5>K\u00e4ytt\u00e4\u00e4<\/h5>\n<p>Senso Select on &#8221;l\u00e4ht\u00f6tason&#8221; piilolinssi Senso-perheess\u00e4. Se on RGP-r\u00e4\u00e4t\u00e4l\u00f6ity piilolinssi, jolla ei ole n\u00e4kyvi\u00e4 siirtymi\u00e4 SML-tekniikan ansiosta. Niit\u00e4 voidaan k\u00e4ytt\u00e4\u00e4 jopa vuoden ajan.<\/p>\n<h5>Lis\u00e4\u00e4 vaihtoehtoja<\/h5>\n<p>Senso Select on saatavana my\u00f6s Bactoric (RT), Peripheral (PT) ja Bitoric (RT VT) tai PT VT) ja multifokaaliversioina. N\u00e4m\u00e4 mittatilausty\u00f6n\u00e4 valmistetut RGP-linssit on suunniteltu yksil\u00f6llisesti sinun tulostesi perusteella <a href=\"https:\/\/enseyes.com\/fi\/sog-optiker\/\">optiko<\/a>.[\/vc_column_text][\/vc_column_inner][\/vc_row_inner][\/vc_tta_section][vc_tta_section title=&#8221;Tiedot&#8221; tab_id=&#8221;1615475851652-8c8a315b-7430&#8243;][vc_column_text]Lue k\u00e4ytt\u00f6ohjeet huolellisesti ennen kuin aloitat Senso Selectin k\u00e4yt\u00f6n. Tiedot antaa my\u00f6s piilolinssi-asiantuntijasi. Haluatko lis\u00e4tietoja tai neuvoja? Ota yhteytt\u00e4 puhelimitse. +45 75 10 24 10<\/p>\n<p><a href=\"https:\/\/enseyes.com\/wp-content\/uploads\/2021\/03\/senso_select.pdf\" target=\"_blank\" rel=\"noopener\">Voit ladata k\u00e4ytt\u00f6ohjeen t\u00e4\u00e4lt\u00e4<\/a>[\/vc_column_text][vc_row_inner][vc_column_inner width=&#8221;1\/2&#8243;][vc_column_text]<iframe loading=\"lazy\" src=\"https:\/\/player.vimeo.com\/video\/333071351?autoplay=0\" width=\"400\" height=\"225\" frameborder=\"0\" allowfullscreen=\"allowfullscreen\"><\/iframe>[\/vc_column_text][vc_column_text]<a href=\"mailto:?&amp;subject=Instruktionsvideo&amp;body=Se%20denne%20video%20https:\/\/player.vimeo.com\/video\/333071351\">L\u00e4het\u00e4 video<\/a>\u00a0\u00a0\u00a0\u00a0 &#8211;\u00a0\u00a0\u00a0\u00a0 <a href=\"https:\/\/player.vimeo.com\/video\/333071351?autoplay=0&quot; frameborder=&quot;0&quot; webkitallowfullscreen=&quot;&quot; mozallowfullscreen=&quot;&quot; allowfullscreen=\" target=\"_blank\" rel=\"noopener\">Pelata suuressa muodossa<\/a>[\/vc_column_text][\/vc_column_inner][vc_column_inner width=&#8221;1\/2&#8243;][vc_column_text]<iframe loading=\"lazy\" src=\"https:\/\/player.vimeo.com\/video\/333071365?autoplay=0\" width=\"400\" height=\"225\" frameborder=\"0\" allowfullscreen=\"allowfullscreen\"><\/iframe>[\/vc_column_text][vc_column_text]<a href=\"mailto:?&amp;subject=Instruktionsvideo&amp;body=Se%20denne%20video%20https:\/\/player.vimeo.com\/video\/333071365\">L\u00e4het\u00e4 video<\/a>\u00a0\u00a0\u00a0\u00a0 &#8211;\u00a0\u00a0\u00a0\u00a0\u00a0 <a href=\"https:\/\/player.vimeo.com\/video\/333071365?autoplay=0&quot; width=&quot;263&quot; height=&quot;148&quot; frameborder=&quot;0&quot; webkitallowfullscreen=&quot;&quot; mozallowfullscreen=&quot;&quot; allowfullscreen=\" target=\"_blank\" rel=\"noopener\">Pelata suuressa muodossa<\/a>[\/vc_column_text][\/vc_column_inner][\/vc_row_inner][\/vc_tta_section][vc_tta_section title=&#8221;Piilolinssineste&#8221; tab_id=&#8221;1615477112592-3c6d45a2-ac84&#8243;][vc_column_text]Suosittelemme Senso Select -piilolinssien puhdistamista, desinfiointia, varastointia ja huuhtomista Ever Clean tuotteella ja <a href=\"https:\/\/enseyes.com\/fi\/produkter\/piilolinssinesteet\/unidose-saline\/\">Unidose saline<\/a> eller <a href=\"https:\/\/enseyes.com\/fi\/produkter\/piilolinssinesteet\/regardk\/\">Regard K<\/a>[\/vc_column_text][\/vc_tta_section][vc_tta_section title=&#8221;Tietoa optikoille&#8221; tab_id=&#8221;1615477288441-2f7ef8e5-bf39&#8243;][vc_row_inner][vc_column_inner width=&#8221;2\/3&#8243;][vc_column_text]Senso Selectin etupinnalla on AB-tekniikka, joka tuottaa ter\u00e4v\u00e4n ja selke\u00e4n kuvan keskelt\u00e4 keh\u00e4lle.<\/p>\n<p><strong>R\u00e4\u00e4t\u00e4l\u00f6inti<br \/>\n<\/strong>S\u00e4\u00e4t\u00f6 tapahtuu MyProcornea-ohjelmassa, joka on vapaasti k\u00e4ytett\u00e4viss\u00e4, tai rinnakkain tasaisimman K-arvon WHITE -2 mm kanssa. Myope mukautetaan profiililla 1. Hyperopia mukautetaan profiililla 2.[\/vc_column_text][\/vc_column_inner][vc_column_inner width=&#8221;1\/3&#8243;][vc_single_image image=&#8221;1660&#8243; img_size=&#8221;medium&#8221; onclick=&#8221;img_link_large&#8221; img_link_target=&#8221;_blank&#8221;][\/vc_column_inner][\/vc_row_inner][vc_row_inner][vc_column_inner][vc_column_text]\n<table id=\"tablepress-6\" class=\"tablepress tablepress-id-6\">\n<thead>\n<tr class=\"row-1\">\n\t<th class=\"column-1\">Parametre Senso Select:<\/th><td class=\"column-2\"><\/td><td class=\"column-3\"><\/td>\n<\/tr>\n<\/thead>\n<tbody class=\"row-striping row-hover\">\n<tr class=\"row-2\">\n\t<td class=\"column-1\">Radius (r0):<\/td><td class=\"column-2\">7.10 mm til 9.00 mm i 0.05 mm spring<\/td><td class=\"column-3\"><\/td>\n<\/tr>\n<tr class=\"row-3\">\n\t<td class=\"column-1\">Sf\u00e6risk styrke (F\u2019v):<\/td><td class=\"column-2\">+20.00 D til -20.00 D i 0.25 D spring<\/td><td class=\"column-3\"><\/td>\n<\/tr>\n<tr class=\"row-4\">\n\t<td class=\"column-1\">Cylinder:<\/td><td class=\"column-2\">-0.75 til -2.50<\/td><td class=\"column-3\"><\/td>\n<\/tr>\n<tr class=\"row-5\">\n\t<td class=\"column-1\">Diameter (\u00d8T):<\/td><td class=\"column-2\">9.30 mm til 10.80 mm i 0.30 mm spring. Standard \u00d8T: 9.90 mm<\/td><td class=\"column-3\"><\/td>\n<\/tr>\n<tr class=\"row-6\">\n\t<td class=\"column-1\">Excentricitet: <\/td><td class=\"column-2\">0.30, 0.45 (Standard) og 0.60 <\/td><td class=\"column-3\"><\/td>\n<\/tr>\n<tr class=\"row-7\">\n\t<td class=\"column-1\">Special parametre p\u00e5 foresp\u00f8rgsel.<\/td><td class=\"column-2\"><\/td><td class=\"column-3\"><\/td>\n<\/tr>\n<tr class=\"row-8\">\n\t<td class=\"column-1\">Teknisk information<\/td><td class=\"column-2\"><\/td><td class=\"column-3\"><\/td>\n<\/tr>\n<tr class=\"row-9\">\n\t<td class=\"column-1\">Mindste center tykkelse:<\/td><td class=\"column-2\">0.13 mm (-3.00 D)<\/td><td class=\"column-3\"><\/td>\n<\/tr>\n<tr class=\"row-10\">\n\t<td class=\"column-1\">Basisgeometri: <\/td><td class=\"column-2\">Fuldst\u00e6ndig asf\u00e6risk<\/td><td class=\"column-3\"><\/td>\n<\/tr>\n<tr class=\"row-11\">\n\t<td class=\"column-1\">Front geometri: <\/td><td class=\"column-2\">Full optics AB-teknologi<\/td><td class=\"column-3\"><\/td>\n<\/tr>\n<tr class=\"row-12\">\n\t<td class=\"column-1\">Materialer:<\/td><td class=\"column-2\"><a href=\"https:\/\/enseyes.com\/materialer\/\">Alle tilg\u00e6ngelige RGP materialer<\/a><\/td><td class=\"column-3\"><\/td>\n<\/tr>\n<tr class=\"row-13\">\n\t<td class=\"column-1\">UV filter:<\/td><td class=\"column-2\">Ja<\/td><td class=\"column-3\"><\/td>\n<\/tr>\n<tr class=\"row-14\">\n\t<td class=\"column-1\">Gravering:<\/td><td class=\"column-2\">R (h\u00f8jre) L (venstre)<\/td><td class=\"column-3\"><\/td>\n<\/tr>\n<tr class=\"row-15\">\n\t<td class=\"column-1\">Markering:<\/td><td class=\"column-2\">Torisk. Streg i fladeste meridian<\/td><td class=\"column-3\"><\/td>\n<\/tr>\n<tr class=\"row-16\">\n\t<td class=\"column-1\">Forpakning:<\/td><td class=\"column-2\">Blister<\/td><td class=\"column-3\"><\/td>\n<\/tr>\n<\/tbody>\n<\/table>\n<!-- #tablepress-6 from cache -->[\/vc_column_text][\/vc_column_inner][\/vc_row_inner][\/vc_tta_section][\/vc_tta_tabs][\/vc_column][\/vc_row]<\/p>\n<\/div>","protected":false},"excerpt":{"rendered":"<p>[vc_row][vc_column][vc_single_image image=&#8221;50035&#8243; img_size=&#8221;full&#8221;][\/vc_column][\/vc_row][vc_row][vc_column width=&#8221;1\/3&#8243;][vc_single_image image=&#8221;50039&#8243; img_size=&#8221;medium&#8221;][\/vc_column][vc_column width=&#8221;2\/3&#8243;][vc_column_text] SENSO SELECT Ensimm\u00e4inen valinta RGP: ss\u00e4 Optimaalinen mukavuus T\u00e4ydellinen optinen ratkaisu Ter\u00e4v\u00e4 ja selke\u00e4 visio r\u00e4\u00e4t\u00e4l\u00f6idyll\u00e4 Comfort Edge -suunnittelulla. Senso Select tarjoaa erinomaisen mukavuuden ja t\u00e4ydellisen n\u00e4kemisen.[\/vc_column_text][\/vc_column][\/vc_row][vc_row][vc_column][vc_tta_tabs][vc_tta_section title=&#8221;Tekniset tiedot&#8221; tab_id=&#8221;1615475851643-5a6dee1f-02f5&#8243;][vc_row_inner][vc_column_inner width=&#8221;1\/2&#8243;][vc_column_text] Kuka voi<\/p>\n","protected":false},"author":172,"featured_media":0,"parent":47898,"menu_order":0,"comment_status":"closed","ping_status":"closed","template":"templates\/product-page.php","meta":{"_acf_changed":false,"footnotes":""},"class_list":["post-50720","page","type-page","status-publish","hentry"],"acf":[],"yoast_head":"<!-- This site is optimized with the Yoast SEO plugin v27.5 - https:\/\/yoast.com\/product\/yoast-seo-wordpress\/ -->\n<title>Senso Select - EnsEyes<\/title>\n<meta name=\"robots\" content=\"index, follow, max-snippet:-1, max-image-preview:large, max-video-preview:-1\" \/>\n<link rel=\"canonical\" href=\"https:\/\/enseyes.com\/fi\/produkter\/topografisesti-sovitetut-linssit\/senso-select\/\" \/>\n<meta property=\"og:locale\" content=\"fi_FI\" \/>\n<meta property=\"og:type\" content=\"article\" \/>\n<meta property=\"og:title\" content=\"Senso Select - EnsEyes\" \/>\n<meta property=\"og:description\" content=\"[vc_row][vc_column][vc_single_image image=&#8221;50035&#8243; img_size=&#8221;full&#8221;][\/vc_column][\/vc_row][vc_row][vc_column width=&#8221;1\/3&#8243;][vc_single_image image=&#8221;50039&#8243; img_size=&#8221;medium&#8221;][\/vc_column][vc_column width=&#8221;2\/3&#8243;][vc_column_text] SENSO SELECT Ensimm\u00e4inen valinta RGP: ss\u00e4 Optimaalinen mukavuus T\u00e4ydellinen optinen ratkaisu Ter\u00e4v\u00e4 ja selke\u00e4 visio r\u00e4\u00e4t\u00e4l\u00f6idyll\u00e4 Comfort Edge -suunnittelulla. Senso Select tarjoaa erinomaisen mukavuuden ja t\u00e4ydellisen n\u00e4kemisen.[\/vc_column_text][\/vc_column][\/vc_row][vc_row][vc_column][vc_tta_tabs][vc_tta_section title=&#8221;Tekniset tiedot&#8221; tab_id=&#8221;1615475851643-5a6dee1f-02f5&#8243;][vc_row_inner][vc_column_inner width=&#8221;1\/2&#8243;][vc_column_text] Kuka voi\" \/>\n<meta property=\"og:url\" content=\"https:\/\/enseyes.com\/fi\/produkter\/topografisesti-sovitetut-linssit\/senso-select\/\" \/>\n<meta property=\"og:site_name\" content=\"EnsEyes\" \/>\n<meta property=\"article:modified_time\" content=\"2021-05-26T13:49:26+00:00\" \/>\n<meta name=\"twitter:card\" content=\"summary_large_image\" \/>\n<meta name=\"twitter:label1\" content=\"Arvioitu lukuaika\" \/>\n\t<meta name=\"twitter:data1\" content=\"2 minuuttia\" \/>\n<script type=\"application\/ld+json\" class=\"yoast-schema-graph\">{\"@context\":\"https:\\\/\\\/schema.org\",\"@graph\":[{\"@type\":\"WebPage\",\"@id\":\"https:\\\/\\\/enseyes.com\\\/fi\\\/produkter\\\/topografisesti-sovitetut-linssit\\\/senso-select\\\/\",\"url\":\"https:\\\/\\\/enseyes.com\\\/fi\\\/produkter\\\/topografisesti-sovitetut-linssit\\\/senso-select\\\/\",\"name\":\"Senso Select - EnsEyes\",\"isPartOf\":{\"@id\":\"https:\\\/\\\/enseyes.com\\\/sv\\\/#website\"},\"datePublished\":\"2021-03-18T13:48:32+00:00\",\"dateModified\":\"2021-05-26T13:49:26+00:00\",\"breadcrumb\":{\"@id\":\"https:\\\/\\\/enseyes.com\\\/fi\\\/produkter\\\/topografisesti-sovitetut-linssit\\\/senso-select\\\/#breadcrumb\"},\"inLanguage\":\"fi\",\"potentialAction\":[{\"@type\":\"ReadAction\",\"target\":[\"https:\\\/\\\/enseyes.com\\\/fi\\\/produkter\\\/topografisesti-sovitetut-linssit\\\/senso-select\\\/\"]}]},{\"@type\":\"BreadcrumbList\",\"@id\":\"https:\\\/\\\/enseyes.com\\\/fi\\\/produkter\\\/topografisesti-sovitetut-linssit\\\/senso-select\\\/#breadcrumb\",\"itemListElement\":[{\"@type\":\"ListItem\",\"position\":1,\"name\":\"Hjem\",\"item\":\"https:\\\/\\\/enseyes.com\\\/fi\\\/\"},{\"@type\":\"ListItem\",\"position\":2,\"name\":\"Tuotteet\",\"item\":\"https:\\\/\\\/enseyes.com\\\/fi\\\/produkter\\\/\"},{\"@type\":\"ListItem\",\"position\":3,\"name\":\"TOPOGRAAFISESTI SOVITETUT LINSSIT\",\"item\":\"https:\\\/\\\/enseyes.com\\\/fi\\\/produkter\\\/topografisesti-sovitetut-linssit\\\/\"},{\"@type\":\"ListItem\",\"position\":4,\"name\":\"Senso Select\"}]},{\"@type\":\"WebSite\",\"@id\":\"https:\\\/\\\/enseyes.com\\\/sv\\\/#website\",\"url\":\"https:\\\/\\\/enseyes.com\\\/sv\\\/\",\"name\":\"EnsEyes\",\"description\":\"Cornea Care\",\"potentialAction\":[{\"@type\":\"SearchAction\",\"target\":{\"@type\":\"EntryPoint\",\"urlTemplate\":\"https:\\\/\\\/enseyes.com\\\/sv\\\/?s={search_term_string}\"},\"query-input\":{\"@type\":\"PropertyValueSpecification\",\"valueRequired\":true,\"valueName\":\"search_term_string\"}}],\"inLanguage\":\"fi\"}]}<\/script>\n<!-- \/ Yoast SEO plugin. -->","yoast_head_json":{"title":"Senso Select - EnsEyes","robots":{"index":"index","follow":"follow","max-snippet":"max-snippet:-1","max-image-preview":"max-image-preview:large","max-video-preview":"max-video-preview:-1"},"canonical":"https:\/\/enseyes.com\/fi\/produkter\/topografisesti-sovitetut-linssit\/senso-select\/","og_locale":"fi_FI","og_type":"article","og_title":"Senso Select - EnsEyes","og_description":"[vc_row][vc_column][vc_single_image image=&#8221;50035&#8243; img_size=&#8221;full&#8221;][\/vc_column][\/vc_row][vc_row][vc_column width=&#8221;1\/3&#8243;][vc_single_image image=&#8221;50039&#8243; img_size=&#8221;medium&#8221;][\/vc_column][vc_column width=&#8221;2\/3&#8243;][vc_column_text] SENSO SELECT Ensimm\u00e4inen valinta RGP: ss\u00e4 Optimaalinen mukavuus T\u00e4ydellinen optinen ratkaisu Ter\u00e4v\u00e4 ja selke\u00e4 visio r\u00e4\u00e4t\u00e4l\u00f6idyll\u00e4 Comfort Edge -suunnittelulla. Senso Select tarjoaa erinomaisen mukavuuden ja t\u00e4ydellisen n\u00e4kemisen.[\/vc_column_text][\/vc_column][\/vc_row][vc_row][vc_column][vc_tta_tabs][vc_tta_section title=&#8221;Tekniset tiedot&#8221; tab_id=&#8221;1615475851643-5a6dee1f-02f5&#8243;][vc_row_inner][vc_column_inner width=&#8221;1\/2&#8243;][vc_column_text] Kuka voi","og_url":"https:\/\/enseyes.com\/fi\/produkter\/topografisesti-sovitetut-linssit\/senso-select\/","og_site_name":"EnsEyes","article_modified_time":"2021-05-26T13:49:26+00:00","twitter_card":"summary_large_image","twitter_misc":{"Arvioitu lukuaika":"2 minuuttia"},"schema":{"@context":"https:\/\/schema.org","@graph":[{"@type":"WebPage","@id":"https:\/\/enseyes.com\/fi\/produkter\/topografisesti-sovitetut-linssit\/senso-select\/","url":"https:\/\/enseyes.com\/fi\/produkter\/topografisesti-sovitetut-linssit\/senso-select\/","name":"Senso Select - EnsEyes","isPartOf":{"@id":"https:\/\/enseyes.com\/sv\/#website"},"datePublished":"2021-03-18T13:48:32+00:00","dateModified":"2021-05-26T13:49:26+00:00","breadcrumb":{"@id":"https:\/\/enseyes.com\/fi\/produkter\/topografisesti-sovitetut-linssit\/senso-select\/#breadcrumb"},"inLanguage":"fi","potentialAction":[{"@type":"ReadAction","target":["https:\/\/enseyes.com\/fi\/produkter\/topografisesti-sovitetut-linssit\/senso-select\/"]}]},{"@type":"BreadcrumbList","@id":"https:\/\/enseyes.com\/fi\/produkter\/topografisesti-sovitetut-linssit\/senso-select\/#breadcrumb","itemListElement":[{"@type":"ListItem","position":1,"name":"Hjem","item":"https:\/\/enseyes.com\/fi\/"},{"@type":"ListItem","position":2,"name":"Tuotteet","item":"https:\/\/enseyes.com\/fi\/produkter\/"},{"@type":"ListItem","position":3,"name":"TOPOGRAAFISESTI SOVITETUT LINSSIT","item":"https:\/\/enseyes.com\/fi\/produkter\/topografisesti-sovitetut-linssit\/"},{"@type":"ListItem","position":4,"name":"Senso Select"}]},{"@type":"WebSite","@id":"https:\/\/enseyes.com\/sv\/#website","url":"https:\/\/enseyes.com\/sv\/","name":"EnsEyes","description":"Cornea Care","potentialAction":[{"@type":"SearchAction","target":{"@type":"EntryPoint","urlTemplate":"https:\/\/enseyes.com\/sv\/?s={search_term_string}"},"query-input":{"@type":"PropertyValueSpecification","valueRequired":true,"valueName":"search_term_string"}}],"inLanguage":"fi"}]}},"_links":{"self":[{"href":"https:\/\/enseyes.com\/fi\/wp-json\/wp\/v2\/pages\/50720","targetHints":{"allow":["GET"]}}],"collection":[{"href":"https:\/\/enseyes.com\/fi\/wp-json\/wp\/v2\/pages"}],"about":[{"href":"https:\/\/enseyes.com\/fi\/wp-json\/wp\/v2\/types\/page"}],"author":[{"embeddable":true,"href":"https:\/\/enseyes.com\/fi\/wp-json\/wp\/v2\/users\/172"}],"replies":[{"embeddable":true,"href":"https:\/\/enseyes.com\/fi\/wp-json\/wp\/v2\/comments?post=50720"}],"version-history":[{"count":0,"href":"https:\/\/enseyes.com\/fi\/wp-json\/wp\/v2\/pages\/50720\/revisions"}],"up":[{"embeddable":true,"href":"https:\/\/enseyes.com\/fi\/wp-json\/wp\/v2\/pages\/47898"}],"wp:attachment":[{"href":"https:\/\/enseyes.com\/fi\/wp-json\/wp\/v2\/media?parent=50720"}],"curies":[{"name":"wp","href":"https:\/\/api.w.org\/{rel}","templated":true}]}}