{"id":50750,"date":"2021-02-17T16:02:22","date_gmt":"2021-02-17T15:02:22","guid":{"rendered":"https:\/\/enseyes.com\/toerre-oejne\/"},"modified":"2022-10-17T12:20:45","modified_gmt":"2022-10-17T11:20:45","slug":"toerre-oejne","status":"publish","type":"page","link":"https:\/\/enseyes.com\/fi\/toerre-oejne\/","title":{"rendered":"kuivat silm\u00e4t"},"content":{"rendered":"<div class=\"wpb-content-wrapper\"><p>[vc_row][vc_column width=&#8221;1\/2&#8243;][vc_column_text]<\/p>\n<h3><a href=\"https:\/\/enseyes.com\/fi\/produkter\/piilolinssinesteet\/hycosan\/\">Hycosan\u00ae<\/a><\/h3>\n<p>Hycosan\u00ae-silm\u00e4tipat torjuvat kuivia silmi\u00e4. T\u00e4m\u00e4 luonnollinen kosteusvoide lievitt\u00e4\u00e4 kuivien silmien aiheuttamia ep\u00e4miellytt\u00e4vi\u00e4 oireita, kuten punoitusta, silmien v\u00e4symist\u00e4 sek\u00e4 kutinaa ja polttavaa tunnetta silm\u00e4n pinnalla.<\/p>\n<p><a href=\"https:\/\/enseyes.com\/fi\/produkter\/piilolinssinesteet\/hycosan\/\"><img loading=\"lazy\" decoding=\"async\" class=\"wp-image-49381 size-medium aligncenter\" src=\"https:\/\/enseyes.com\/wp-content\/uploads\/2020\/12\/hycosan-242x300.png\" alt=\"\" width=\"242\" height=\"300\" srcset=\"https:\/\/enseyes.com\/wp-content\/uploads\/2020\/12\/hycosan-242x300.png 242w, https:\/\/enseyes.com\/wp-content\/uploads\/2020\/12\/hycosan.png 350w\" sizes=\"auto, (max-width: 242px) 100vw, 242px\" \/><\/a><\/p>\n<p style=\"text-align: center;\"><a href=\"https:\/\/enseyes.com\/fi\/produkter\/piilolinssinesteet\/hycosan\/\">Katso lis\u00e4\u00e4 t\u00e4\u00e4lt\u00e4<\/a><\/p>\n<p>[\/vc_column_text][\/vc_column][\/vc_row]<\/p>\n<\/div>","protected":false},"excerpt":{"rendered":"<p>[vc_row][vc_column width=&#8221;1\/2&#8243;][vc_column_text] Hycosan\u00ae Hycosan\u00ae-silm\u00e4tipat torjuvat kuivia silmi\u00e4. T\u00e4m\u00e4 luonnollinen kosteusvoide lievitt\u00e4\u00e4 kuivien silmien aiheuttamia ep\u00e4miellytt\u00e4vi\u00e4 oireita, kuten punoitusta, silmien v\u00e4symist\u00e4 sek\u00e4 kutinaa ja polttavaa tunnetta silm\u00e4n pinnalla. Katso lis\u00e4\u00e4 t\u00e4\u00e4lt\u00e4 [\/vc_column_text][\/vc_column][\/vc_row]<\/p>\n","protected":false},"author":172,"featured_media":0,"parent":0,"menu_order":0,"comment_status":"closed","ping_status":"closed","template":"","meta":{"_acf_changed":false,"footnotes":""},"class_list":["post-50750","page","type-page","status-publish","hentry"],"acf":[],"yoast_head":"<!-- This site is optimized with the Yoast SEO plugin v27.4 - https:\/\/yoast.com\/product\/yoast-seo-wordpress\/ -->\n<title>kuivat silm\u00e4t - EnsEyes<\/title>\n<meta name=\"robots\" content=\"index, follow, max-snippet:-1, max-image-preview:large, max-video-preview:-1\" \/>\n<link rel=\"canonical\" href=\"https:\/\/enseyes.com\/fi\/toerre-oejne\/\" \/>\n<meta property=\"og:locale\" content=\"fi_FI\" \/>\n<meta property=\"og:type\" content=\"article\" \/>\n<meta property=\"og:title\" content=\"kuivat silm\u00e4t - EnsEyes\" \/>\n<meta property=\"og:description\" content=\"[vc_row][vc_column width=&#8221;1\/2&#8243;][vc_column_text] Hycosan\u00ae Hycosan\u00ae-silm\u00e4tipat torjuvat kuivia silmi\u00e4. T\u00e4m\u00e4 luonnollinen kosteusvoide lievitt\u00e4\u00e4 kuivien silmien aiheuttamia ep\u00e4miellytt\u00e4vi\u00e4 oireita, kuten punoitusta, silmien v\u00e4symist\u00e4 sek\u00e4 kutinaa ja polttavaa tunnetta silm\u00e4n pinnalla. Katso lis\u00e4\u00e4 t\u00e4\u00e4lt\u00e4 [\/vc_column_text][\/vc_column][\/vc_row]\" \/>\n<meta property=\"og:url\" content=\"https:\/\/enseyes.com\/fi\/toerre-oejne\/\" \/>\n<meta property=\"og:site_name\" content=\"EnsEyes\" \/>\n<meta property=\"article:modified_time\" content=\"2022-10-17T11:20:45+00:00\" \/>\n<meta property=\"og:image\" content=\"https:\/\/enseyes.com\/wp-content\/uploads\/2020\/12\/hycosan-242x300.png\" \/>\n<meta name=\"twitter:card\" content=\"summary_large_image\" \/>\n<meta name=\"twitter:label1\" content=\"Arvioitu lukuaika\" \/>\n\t<meta name=\"twitter:data1\" content=\"1 minuutti\" \/>\n<script type=\"application\/ld+json\" class=\"yoast-schema-graph\">{\"@context\":\"https:\\\/\\\/schema.org\",\"@graph\":[{\"@type\":\"WebPage\",\"@id\":\"https:\\\/\\\/enseyes.com\\\/fi\\\/toerre-oejne\\\/\",\"url\":\"https:\\\/\\\/enseyes.com\\\/fi\\\/toerre-oejne\\\/\",\"name\":\"kuivat silm\u00e4t - EnsEyes\",\"isPartOf\":{\"@id\":\"https:\\\/\\\/enseyes.com\\\/sv\\\/#website\"},\"primaryImageOfPage\":{\"@id\":\"https:\\\/\\\/enseyes.com\\\/fi\\\/toerre-oejne\\\/#primaryimage\"},\"image\":{\"@id\":\"https:\\\/\\\/enseyes.com\\\/fi\\\/toerre-oejne\\\/#primaryimage\"},\"thumbnailUrl\":\"https:\\\/\\\/enseyes.com\\\/wp-content\\\/uploads\\\/2020\\\/12\\\/hycosan-242x300.png\",\"datePublished\":\"2021-02-17T15:02:22+00:00\",\"dateModified\":\"2022-10-17T11:20:45+00:00\",\"breadcrumb\":{\"@id\":\"https:\\\/\\\/enseyes.com\\\/fi\\\/toerre-oejne\\\/#breadcrumb\"},\"inLanguage\":\"fi\",\"potentialAction\":[{\"@type\":\"ReadAction\",\"target\":[\"https:\\\/\\\/enseyes.com\\\/fi\\\/toerre-oejne\\\/\"]}]},{\"@type\":\"ImageObject\",\"inLanguage\":\"fi\",\"@id\":\"https:\\\/\\\/enseyes.com\\\/fi\\\/toerre-oejne\\\/#primaryimage\",\"url\":\"https:\\\/\\\/enseyes.com\\\/wp-content\\\/uploads\\\/2020\\\/12\\\/hycosan-242x300.png\",\"contentUrl\":\"https:\\\/\\\/enseyes.com\\\/wp-content\\\/uploads\\\/2020\\\/12\\\/hycosan-242x300.png\"},{\"@type\":\"BreadcrumbList\",\"@id\":\"https:\\\/\\\/enseyes.com\\\/fi\\\/toerre-oejne\\\/#breadcrumb\",\"itemListElement\":[{\"@type\":\"ListItem\",\"position\":1,\"name\":\"Hjem\",\"item\":\"https:\\\/\\\/enseyes.com\\\/fi\\\/\"},{\"@type\":\"ListItem\",\"position\":2,\"name\":\"kuivat silm\u00e4t\"}]},{\"@type\":\"WebSite\",\"@id\":\"https:\\\/\\\/enseyes.com\\\/sv\\\/#website\",\"url\":\"https:\\\/\\\/enseyes.com\\\/sv\\\/\",\"name\":\"EnsEyes\",\"description\":\"Cornea Care\",\"potentialAction\":[{\"@type\":\"SearchAction\",\"target\":{\"@type\":\"EntryPoint\",\"urlTemplate\":\"https:\\\/\\\/enseyes.com\\\/sv\\\/?s={search_term_string}\"},\"query-input\":{\"@type\":\"PropertyValueSpecification\",\"valueRequired\":true,\"valueName\":\"search_term_string\"}}],\"inLanguage\":\"fi\"}]}<\/script>\n<!-- \/ Yoast SEO plugin. -->","yoast_head_json":{"title":"kuivat silm\u00e4t - EnsEyes","robots":{"index":"index","follow":"follow","max-snippet":"max-snippet:-1","max-image-preview":"max-image-preview:large","max-video-preview":"max-video-preview:-1"},"canonical":"https:\/\/enseyes.com\/fi\/toerre-oejne\/","og_locale":"fi_FI","og_type":"article","og_title":"kuivat silm\u00e4t - EnsEyes","og_description":"[vc_row][vc_column width=&#8221;1\/2&#8243;][vc_column_text] Hycosan\u00ae Hycosan\u00ae-silm\u00e4tipat torjuvat kuivia silmi\u00e4. T\u00e4m\u00e4 luonnollinen kosteusvoide lievitt\u00e4\u00e4 kuivien silmien aiheuttamia ep\u00e4miellytt\u00e4vi\u00e4 oireita, kuten punoitusta, silmien v\u00e4symist\u00e4 sek\u00e4 kutinaa ja polttavaa tunnetta silm\u00e4n pinnalla. Katso lis\u00e4\u00e4 t\u00e4\u00e4lt\u00e4 [\/vc_column_text][\/vc_column][\/vc_row]","og_url":"https:\/\/enseyes.com\/fi\/toerre-oejne\/","og_site_name":"EnsEyes","article_modified_time":"2022-10-17T11:20:45+00:00","og_image":[{"url":"https:\/\/enseyes.com\/wp-content\/uploads\/2020\/12\/hycosan-242x300.png","type":"","width":"","height":""}],"twitter_card":"summary_large_image","twitter_misc":{"Arvioitu lukuaika":"1 minuutti"},"schema":{"@context":"https:\/\/schema.org","@graph":[{"@type":"WebPage","@id":"https:\/\/enseyes.com\/fi\/toerre-oejne\/","url":"https:\/\/enseyes.com\/fi\/toerre-oejne\/","name":"kuivat silm\u00e4t - EnsEyes","isPartOf":{"@id":"https:\/\/enseyes.com\/sv\/#website"},"primaryImageOfPage":{"@id":"https:\/\/enseyes.com\/fi\/toerre-oejne\/#primaryimage"},"image":{"@id":"https:\/\/enseyes.com\/fi\/toerre-oejne\/#primaryimage"},"thumbnailUrl":"https:\/\/enseyes.com\/wp-content\/uploads\/2020\/12\/hycosan-242x300.png","datePublished":"2021-02-17T15:02:22+00:00","dateModified":"2022-10-17T11:20:45+00:00","breadcrumb":{"@id":"https:\/\/enseyes.com\/fi\/toerre-oejne\/#breadcrumb"},"inLanguage":"fi","potentialAction":[{"@type":"ReadAction","target":["https:\/\/enseyes.com\/fi\/toerre-oejne\/"]}]},{"@type":"ImageObject","inLanguage":"fi","@id":"https:\/\/enseyes.com\/fi\/toerre-oejne\/#primaryimage","url":"https:\/\/enseyes.com\/wp-content\/uploads\/2020\/12\/hycosan-242x300.png","contentUrl":"https:\/\/enseyes.com\/wp-content\/uploads\/2020\/12\/hycosan-242x300.png"},{"@type":"BreadcrumbList","@id":"https:\/\/enseyes.com\/fi\/toerre-oejne\/#breadcrumb","itemListElement":[{"@type":"ListItem","position":1,"name":"Hjem","item":"https:\/\/enseyes.com\/fi\/"},{"@type":"ListItem","position":2,"name":"kuivat silm\u00e4t"}]},{"@type":"WebSite","@id":"https:\/\/enseyes.com\/sv\/#website","url":"https:\/\/enseyes.com\/sv\/","name":"EnsEyes","description":"Cornea Care","potentialAction":[{"@type":"SearchAction","target":{"@type":"EntryPoint","urlTemplate":"https:\/\/enseyes.com\/sv\/?s={search_term_string}"},"query-input":{"@type":"PropertyValueSpecification","valueRequired":true,"valueName":"search_term_string"}}],"inLanguage":"fi"}]}},"_links":{"self":[{"href":"https:\/\/enseyes.com\/fi\/wp-json\/wp\/v2\/pages\/50750","targetHints":{"allow":["GET"]}}],"collection":[{"href":"https:\/\/enseyes.com\/fi\/wp-json\/wp\/v2\/pages"}],"about":[{"href":"https:\/\/enseyes.com\/fi\/wp-json\/wp\/v2\/types\/page"}],"author":[{"embeddable":true,"href":"https:\/\/enseyes.com\/fi\/wp-json\/wp\/v2\/users\/172"}],"replies":[{"embeddable":true,"href":"https:\/\/enseyes.com\/fi\/wp-json\/wp\/v2\/comments?post=50750"}],"version-history":[{"count":0,"href":"https:\/\/enseyes.com\/fi\/wp-json\/wp\/v2\/pages\/50750\/revisions"}],"wp:attachment":[{"href":"https:\/\/enseyes.com\/fi\/wp-json\/wp\/v2\/media?parent=50750"}],"curies":[{"name":"wp","href":"https:\/\/api.w.org\/{rel}","templated":true}]}}