{"id":52121,"date":"2016-05-18T11:49:12","date_gmt":"2016-05-18T10:49:12","guid":{"rendered":"https:\/\/enseyes.com\/produkter\/ravintolisat\/lagad-lacrima-toerre-oejne\/"},"modified":"2021-06-16T12:47:20","modified_gmt":"2021-06-16T11:47:20","slug":"lagad-lacrima-toerre-oejne","status":"publish","type":"page","link":"https:\/\/enseyes.com\/fi\/produkter\/ravintolisat\/lagad-lacrima-toerre-oejne\/","title":{"rendered":"Lagad Lacrima (KUIVAT SILM\u00c4T)"},"content":{"rendered":"<div class=\"wpb-content-wrapper\"><p>[vc_row][vc_column][vc_single_image image=&#8221;50109&#8243; img_size=&#8221;full&#8221;][\/vc_column][\/vc_row][vc_row][vc_column width=&#8221;1\/3&#8243;][vc_single_image image=&#8221;380&#8243;][\/vc_column][vc_column width=&#8221;2\/3&#8243;][vc_column_text]<\/p>\n<h5>LAGAD LACRIMA (KUIVAT SILM\u00c4T )<\/h5>\n<ul>\n<li>Suojaa silmien kuivumista<\/li>\n<li>Ravintolis\u00e4t<\/li>\n<li>Omega 3<\/li>\n<\/ul>\n<p>Silm\u00e4mme ovat yh\u00e4 alttiimpia nykyaikaisen el\u00e4m\u00e4n vaikutuksille, kuten saastumiselle, ty\u00f6skentelylle tietokoneen n\u00e4yt\u00f6n edess\u00e4, ilmastointiin tai kuumaan, kuivaan sis\u00e4ilmaan, joka aiheuttaa silmien kuivumista.[\/vc_column_text][\/vc_column][\/vc_row][vc_row][vc_column][vc_tta_tabs][vc_tta_section title=&#8221;Tiedot&#8221; tab_id=&#8221;1615475851643-5a6dee1f-02f5&#8243;][vc_row_inner][vc_column_inner width=&#8221;1\/2&#8243;][vc_column_text]<strong>Lagad Lacrima\u00ae koostuu antioksidanteista, vitamiineista, mineraaleista ja v\u00e4ltt\u00e4m\u00e4tt\u00f6mist\u00e4 rasvahapoista, joiden tarkoituksena on parantaa sarveiskalvon ravinnontarjontaa ja yll\u00e4pit\u00e4\u00e4 kyynelkalvon laatua.<\/strong><\/p>\n<p>Kuivat silm\u00e4t ovat yleinen ja usein krooninen tila, joka pahenee i\u00e4n my\u00f6t\u00e4. Joka kerta kun vilkkuvat, silm\u00e4\u00e4n levittyy ohut kerros silm\u00e4nestett\u00e4. Nesteen tarkoituksena ei ole vain kosteuttaa silmi\u00e4, vaan my\u00f6s v\u00e4hent\u00e4\u00e4 infektioriski\u00e4, \u200b\u200bhuuhdella ep\u00e4puhtaudet ja pit\u00e4\u00e4 silm\u00e4n kirkas ja tasainen pinta. Kuivat silm\u00e4t voivat my\u00f6s johtaa silm\u00e4n nesteen ylituotantoon. Silm\u00e4neste siirtyy pois silm\u00e4st\u00e4 pienten kyynelkanavien kautta silm\u00e4luomen yl\u00e4- ja alareunan sis\u00e4osassa.<\/p>\n<p>Lagad Lacrima\u00ae koostumus perustuu silmien kuivuuteen erikoistuneiden silm\u00e4l\u00e4\u00e4k\u00e4reiden ja ravitsemusterapeuttien tutkimuksiin.<\/p>\n<p>Kapseli sis\u00e4lt\u00e4\u00e4 kalan gelatiinia<\/p>\n<p>** RDI: Suositeltu p\u00e4ivitt\u00e4inen saanti<br \/>\n* Helppo niell\u00e4[\/vc_column_text][\/vc_column_inner][vc_column_inner width=&#8221;1\/2&#8243;][vc_single_image image=&#8221;380&#8243; img_size=&#8221;large&#8221;][\/vc_column_inner][\/vc_row_inner][\/vc_tta_section][\/vc_tta_tabs][\/vc_column][\/vc_row]<\/p>\n<\/div>","protected":false},"excerpt":{"rendered":"<p>[vc_row][vc_column][vc_single_image image=&#8221;50109&#8243; img_size=&#8221;full&#8221;][\/vc_column][\/vc_row][vc_row][vc_column width=&#8221;1\/3&#8243;][vc_single_image image=&#8221;380&#8243;][\/vc_column][vc_column width=&#8221;2\/3&#8243;][vc_column_text] LAGAD LACRIMA (KUIVAT SILM\u00c4T ) Suojaa silmien kuivumista Ravintolis\u00e4t Omega 3 Silm\u00e4mme ovat yh\u00e4 alttiimpia nykyaikaisen el\u00e4m\u00e4n vaikutuksille, kuten saastumiselle, ty\u00f6skentelylle tietokoneen n\u00e4yt\u00f6n edess\u00e4, ilmastointiin tai kuumaan, kuivaan sis\u00e4ilmaan, joka aiheuttaa silmien kuivumista.[\/vc_column_text][\/vc_column][\/vc_row][vc_row][vc_column][vc_tta_tabs][vc_tta_section title=&#8221;Tiedot&#8221;<\/p>\n","protected":false},"author":237,"featured_media":0,"parent":47929,"menu_order":2,"comment_status":"closed","ping_status":"closed","template":"templates\/product-page.php","meta":{"_acf_changed":false,"footnotes":""},"class_list":["post-52121","page","type-page","status-publish","hentry"],"acf":[],"yoast_head":"<!-- This site is optimized with the Yoast SEO plugin v27.4 - https:\/\/yoast.com\/product\/yoast-seo-wordpress\/ -->\n<title>Lagad Lacrima (KUIVAT SILM\u00c4T) - EnsEyes<\/title>\n<meta name=\"robots\" content=\"index, follow, max-snippet:-1, max-image-preview:large, max-video-preview:-1\" \/>\n<link rel=\"canonical\" href=\"https:\/\/enseyes.com\/fi\/produkter\/ravintolisat\/lagad-lacrima-toerre-oejne\/\" \/>\n<meta property=\"og:locale\" content=\"fi_FI\" \/>\n<meta property=\"og:type\" content=\"article\" \/>\n<meta property=\"og:title\" content=\"Lagad Lacrima (KUIVAT SILM\u00c4T) - EnsEyes\" \/>\n<meta property=\"og:description\" content=\"[vc_row][vc_column][vc_single_image image=&#8221;50109&#8243; img_size=&#8221;full&#8221;][\/vc_column][\/vc_row][vc_row][vc_column width=&#8221;1\/3&#8243;][vc_single_image image=&#8221;380&#8243;][\/vc_column][vc_column width=&#8221;2\/3&#8243;][vc_column_text] LAGAD LACRIMA (KUIVAT SILM\u00c4T ) Suojaa silmien kuivumista Ravintolis\u00e4t Omega 3 Silm\u00e4mme ovat yh\u00e4 alttiimpia nykyaikaisen el\u00e4m\u00e4n vaikutuksille, kuten saastumiselle, ty\u00f6skentelylle tietokoneen n\u00e4yt\u00f6n edess\u00e4, ilmastointiin tai kuumaan, kuivaan sis\u00e4ilmaan, joka aiheuttaa silmien kuivumista.[\/vc_column_text][\/vc_column][\/vc_row][vc_row][vc_column][vc_tta_tabs][vc_tta_section title=&#8221;Tiedot&#8221;\" \/>\n<meta property=\"og:url\" content=\"https:\/\/enseyes.com\/fi\/produkter\/ravintolisat\/lagad-lacrima-toerre-oejne\/\" \/>\n<meta property=\"og:site_name\" content=\"EnsEyes\" \/>\n<meta property=\"article:modified_time\" content=\"2021-06-16T11:47:20+00:00\" \/>\n<meta name=\"twitter:card\" content=\"summary_large_image\" \/>\n<meta name=\"twitter:label1\" content=\"Arvioitu lukuaika\" \/>\n\t<meta name=\"twitter:data1\" content=\"1 minuutti\" \/>\n<script type=\"application\/ld+json\" class=\"yoast-schema-graph\">{\"@context\":\"https:\\\/\\\/schema.org\",\"@graph\":[{\"@type\":\"WebPage\",\"@id\":\"https:\\\/\\\/enseyes.com\\\/fi\\\/produkter\\\/ravintolisat\\\/lagad-lacrima-toerre-oejne\\\/\",\"url\":\"https:\\\/\\\/enseyes.com\\\/fi\\\/produkter\\\/ravintolisat\\\/lagad-lacrima-toerre-oejne\\\/\",\"name\":\"Lagad Lacrima (KUIVAT SILM\u00c4T) - EnsEyes\",\"isPartOf\":{\"@id\":\"https:\\\/\\\/enseyes.com\\\/sv\\\/#website\"},\"datePublished\":\"2016-05-18T10:49:12+00:00\",\"dateModified\":\"2021-06-16T11:47:20+00:00\",\"breadcrumb\":{\"@id\":\"https:\\\/\\\/enseyes.com\\\/fi\\\/produkter\\\/ravintolisat\\\/lagad-lacrima-toerre-oejne\\\/#breadcrumb\"},\"inLanguage\":\"fi\",\"potentialAction\":[{\"@type\":\"ReadAction\",\"target\":[\"https:\\\/\\\/enseyes.com\\\/fi\\\/produkter\\\/ravintolisat\\\/lagad-lacrima-toerre-oejne\\\/\"]}]},{\"@type\":\"BreadcrumbList\",\"@id\":\"https:\\\/\\\/enseyes.com\\\/fi\\\/produkter\\\/ravintolisat\\\/lagad-lacrima-toerre-oejne\\\/#breadcrumb\",\"itemListElement\":[{\"@type\":\"ListItem\",\"position\":1,\"name\":\"Hjem\",\"item\":\"https:\\\/\\\/enseyes.com\\\/fi\\\/\"},{\"@type\":\"ListItem\",\"position\":2,\"name\":\"Tuotteet\",\"item\":\"https:\\\/\\\/enseyes.com\\\/fi\\\/produkter\\\/\"},{\"@type\":\"ListItem\",\"position\":3,\"name\":\"RAVINTOLIS\u00c4T\",\"item\":\"https:\\\/\\\/enseyes.com\\\/fi\\\/produkter\\\/ravintolisat\\\/\"},{\"@type\":\"ListItem\",\"position\":4,\"name\":\"Lagad Lacrima (KUIVAT SILM\u00c4T)\"}]},{\"@type\":\"WebSite\",\"@id\":\"https:\\\/\\\/enseyes.com\\\/sv\\\/#website\",\"url\":\"https:\\\/\\\/enseyes.com\\\/sv\\\/\",\"name\":\"EnsEyes\",\"description\":\"Cornea Care\",\"potentialAction\":[{\"@type\":\"SearchAction\",\"target\":{\"@type\":\"EntryPoint\",\"urlTemplate\":\"https:\\\/\\\/enseyes.com\\\/sv\\\/?s={search_term_string}\"},\"query-input\":{\"@type\":\"PropertyValueSpecification\",\"valueRequired\":true,\"valueName\":\"search_term_string\"}}],\"inLanguage\":\"fi\"}]}<\/script>\n<!-- \/ Yoast SEO plugin. -->","yoast_head_json":{"title":"Lagad Lacrima (KUIVAT SILM\u00c4T) - EnsEyes","robots":{"index":"index","follow":"follow","max-snippet":"max-snippet:-1","max-image-preview":"max-image-preview:large","max-video-preview":"max-video-preview:-1"},"canonical":"https:\/\/enseyes.com\/fi\/produkter\/ravintolisat\/lagad-lacrima-toerre-oejne\/","og_locale":"fi_FI","og_type":"article","og_title":"Lagad Lacrima (KUIVAT SILM\u00c4T) - EnsEyes","og_description":"[vc_row][vc_column][vc_single_image image=&#8221;50109&#8243; img_size=&#8221;full&#8221;][\/vc_column][\/vc_row][vc_row][vc_column width=&#8221;1\/3&#8243;][vc_single_image image=&#8221;380&#8243;][\/vc_column][vc_column width=&#8221;2\/3&#8243;][vc_column_text] LAGAD LACRIMA (KUIVAT SILM\u00c4T ) Suojaa silmien kuivumista Ravintolis\u00e4t Omega 3 Silm\u00e4mme ovat yh\u00e4 alttiimpia nykyaikaisen el\u00e4m\u00e4n vaikutuksille, kuten saastumiselle, ty\u00f6skentelylle tietokoneen n\u00e4yt\u00f6n edess\u00e4, ilmastointiin tai kuumaan, kuivaan sis\u00e4ilmaan, joka aiheuttaa silmien kuivumista.[\/vc_column_text][\/vc_column][\/vc_row][vc_row][vc_column][vc_tta_tabs][vc_tta_section title=&#8221;Tiedot&#8221;","og_url":"https:\/\/enseyes.com\/fi\/produkter\/ravintolisat\/lagad-lacrima-toerre-oejne\/","og_site_name":"EnsEyes","article_modified_time":"2021-06-16T11:47:20+00:00","twitter_card":"summary_large_image","twitter_misc":{"Arvioitu lukuaika":"1 minuutti"},"schema":{"@context":"https:\/\/schema.org","@graph":[{"@type":"WebPage","@id":"https:\/\/enseyes.com\/fi\/produkter\/ravintolisat\/lagad-lacrima-toerre-oejne\/","url":"https:\/\/enseyes.com\/fi\/produkter\/ravintolisat\/lagad-lacrima-toerre-oejne\/","name":"Lagad Lacrima (KUIVAT SILM\u00c4T) - EnsEyes","isPartOf":{"@id":"https:\/\/enseyes.com\/sv\/#website"},"datePublished":"2016-05-18T10:49:12+00:00","dateModified":"2021-06-16T11:47:20+00:00","breadcrumb":{"@id":"https:\/\/enseyes.com\/fi\/produkter\/ravintolisat\/lagad-lacrima-toerre-oejne\/#breadcrumb"},"inLanguage":"fi","potentialAction":[{"@type":"ReadAction","target":["https:\/\/enseyes.com\/fi\/produkter\/ravintolisat\/lagad-lacrima-toerre-oejne\/"]}]},{"@type":"BreadcrumbList","@id":"https:\/\/enseyes.com\/fi\/produkter\/ravintolisat\/lagad-lacrima-toerre-oejne\/#breadcrumb","itemListElement":[{"@type":"ListItem","position":1,"name":"Hjem","item":"https:\/\/enseyes.com\/fi\/"},{"@type":"ListItem","position":2,"name":"Tuotteet","item":"https:\/\/enseyes.com\/fi\/produkter\/"},{"@type":"ListItem","position":3,"name":"RAVINTOLIS\u00c4T","item":"https:\/\/enseyes.com\/fi\/produkter\/ravintolisat\/"},{"@type":"ListItem","position":4,"name":"Lagad Lacrima (KUIVAT SILM\u00c4T)"}]},{"@type":"WebSite","@id":"https:\/\/enseyes.com\/sv\/#website","url":"https:\/\/enseyes.com\/sv\/","name":"EnsEyes","description":"Cornea Care","potentialAction":[{"@type":"SearchAction","target":{"@type":"EntryPoint","urlTemplate":"https:\/\/enseyes.com\/sv\/?s={search_term_string}"},"query-input":{"@type":"PropertyValueSpecification","valueRequired":true,"valueName":"search_term_string"}}],"inLanguage":"fi"}]}},"_links":{"self":[{"href":"https:\/\/enseyes.com\/fi\/wp-json\/wp\/v2\/pages\/52121","targetHints":{"allow":["GET"]}}],"collection":[{"href":"https:\/\/enseyes.com\/fi\/wp-json\/wp\/v2\/pages"}],"about":[{"href":"https:\/\/enseyes.com\/fi\/wp-json\/wp\/v2\/types\/page"}],"author":[{"embeddable":true,"href":"https:\/\/enseyes.com\/fi\/wp-json\/wp\/v2\/users\/237"}],"replies":[{"embeddable":true,"href":"https:\/\/enseyes.com\/fi\/wp-json\/wp\/v2\/comments?post=52121"}],"version-history":[{"count":0,"href":"https:\/\/enseyes.com\/fi\/wp-json\/wp\/v2\/pages\/52121\/revisions"}],"up":[{"embeddable":true,"href":"https:\/\/enseyes.com\/fi\/wp-json\/wp\/v2\/pages\/47929"}],"wp:attachment":[{"href":"https:\/\/enseyes.com\/fi\/wp-json\/wp\/v2\/media?parent=52121"}],"curies":[{"name":"wp","href":"https:\/\/api.w.org\/{rel}","templated":true}]}}