{"id":2902,"date":"2016-05-17T13:08:53","date_gmt":"2016-05-17T12:08:53","guid":{"rendered":"http:\/\/enseyes.com\/?page_id=2902&#038;lang=nb"},"modified":"2022-05-31T13:19:12","modified_gmt":"2022-05-31T12:19:12","slug":"nattlinser","status":"publish","type":"page","link":"https:\/\/enseyes.com\/nb\/nattlinser\/","title":{"rendered":"Nattlinser"},"content":{"rendered":"<div class=\"wpb-content-wrapper\"><p>[vc_row][vc_column][vc_column_text]<\/p>\n<h2>Klart syn \u2013 uten briller eller kontaktlinser<\/h2>\n<p>Vil du se klart, uten briller og kontaktlinser hver dag? Med de innovative nattlinsene kan du f\u00e5 \u00f8nsket ditt oppfylt. Nattlinsen er en formstabil kontaktlinse med helt spesielle egenskaper. De bruker om natten! Mens du sover, omformer linsen hornhinnen din. N\u00e5r du st\u00e5r opp om morgenen, tar du ut linsen, og ser klart hele dagen, uten \u00e5 m\u00e5tte bruke briller eller kontaktlinser.[\/vc_column_text][vc_video link=&raquo;https:\/\/vimeo.com\/274040651&#8243;][\/vc_column][\/vc_row][vc_row][vc_column][vc_column_text]<\/p>\n<h4>Alternativ til Lasik-operasjon<\/h4>\n<p>I motsetning til en operasjon, gir den ortokeratologiske * korrigeringen gir ingen varige forandringer. Hvis du bare slutter \u00e5 bruke linsene, g\u00e5r synet ditt tilbake til utgangspunktet. Resultatet av nattlinser og operasjon kan imidlertid sammenlignes. Et skarpt og klart syn, uten briller eller kontaktlinser. Nattlinser er et risikofritt alternativ.<\/p>\n<h4>Slik fungerer de<\/h4>\n<p>Nattlinsene omformer \u00f8yets hornhinne mens du sover, slik at du ser tydelig neste dag. Allerede den f\u00f8rste natten vil du oppleve en merkbar forandring, og etter 3-12 dager vil du som regel oppn\u00e5 linsenes fullstendige virkning. Effekten fra nattlinsene virker dagen lang, og i minst 16 timer. Jo lavere styrke, desto lengre effekt.<\/p>\n<h4>Det er hornhinnens fleksibilitet som gj\u00f8r dette mulig<\/h4>\n<p>Den ortokeratologiske prosessen drar nytte av elastisiteten i den menneskelige hornhinnen. I l\u00f8pet av natten omformer linsen hornhinnen helt n\u00f8yaktig i mikrometer, som avtrykk i en form. Denne omformingen varer i minst 16 timer, f\u00f8r den finner tilbake til sin naturlige form.<\/p>\n<h4>Reversibel korreksjon<\/h4>\n<p>Den ortokeratologiske prosessen er reversibel. Det betyr at s\u00e5 snart du ikke lenger bruker nattlinsene, vil hornhinnen i l\u00f8pet av kort tid finne tilbake til sin naturlige form.<\/p>\n<h4>Kan brukes av de fleste n\u00e6rsynte<\/h4>\n<p>Nattlinser kan korrigere n\u00e6rsynthet med opptil -5,50D. Ca. 75 % av alle n\u00e6rsynte faller inn under denne kategorien. Linsene kan ogs\u00e5 korrigere bygningsfeil p\u00e5 opptil -2,50D og lesestyrke p\u00e5 opptil +1,75.<\/p>\n<h4>Tilpasses bare av spesialister<\/h4>\n<p>Personer med \u00f8yesykdommer skal ikke tilpasses med nattlinser. Hvis du g\u00e5r til en kvalifisert kontaktlinsespesialist, kan denne vurdere om \u00f8ynene dine er egnet til \u00e5 bruke nattlinser. Ved tilpasningen vil kontaktlinsespesialisten kontrollere linsens perfekte passform. Linsene er spesialfremstilt for akkurat dine \u00f8yne, utfra n\u00f8yaktige m\u00e5linger fra en topograf**. I begynnelsen vil det forekomme daglige kontroller, for \u00e5 sjekke at den \u00f8nskede effekten skapes. Deretter \u00e9n gang hver 6. m\u00e5ned.<\/p>\n<h4>N\u00e6rsynthet<\/h4>\n<p>En rekke studier*** viser at bruker du nattlinser, bremser du utviklingen av n\u00e6rsyntheten. Det vil si at et barn p\u00e5 12 \u00e5r, med ca. -1,00D, som begynner \u00e5 bruke briller eller vanlige kontaktlinser, som voksen ender med en styrke p\u00e5 omtrent -3,00D\u20134,00D, mens en 12-\u00e5ring med -1,00D som begynner \u00e5 bruke nattlinser typisk ender opp med omkring -2,00D i styrke som voksen.<\/p>\n<h4>Sp\u00f8rsm\u00e5l og svar<\/h4>\n<p><a title=\"Sp\u00f8rgsm\u00e5l og Svar\" href=\"http:\/\/enseyes.com\/nb\/natlinser\/sporgsmal-og-svar\/\">Her kan du lese sp\u00f8rsm\u00e5l og svar.<\/a><\/p>\n<p><a href=\"http:\/\/enseyes.com\/wp-content\/uploads\/2019\/04\/Enseyes_Anno-1000-Natlinse-brochure_NO_TRYK.pdf\" target=\"_blank\" rel=\"noopener\">Download brochure<\/a><\/p>\n<p><a href=\"https:\/\/enseyes.com\/nb\/forskningsprojekt\/\">Artikel<\/a><\/p>\n<p>&nbsp;<\/p>\n<p>&nbsp;<\/p>\n<h4>Finn din sertifiserte nattlinseoptiker:<\/h4>\n<p><a href=\"https:\/\/enseyes.com\/wp-content\/uploads\/2022\/05\/ens-eyes-certifikat-no.jpg\"><img loading=\"lazy\" decoding=\"async\" class=\"alignnone wp-image-52647\" src=\"https:\/\/enseyes.com\/wp-content\/uploads\/2022\/05\/ens-eyes-certifikat-no-300x300.jpg\" alt=\"\" width=\"220\" height=\"220\" srcset=\"https:\/\/enseyes.com\/wp-content\/uploads\/2022\/05\/ens-eyes-certifikat-no-300x300.jpg 300w, https:\/\/enseyes.com\/wp-content\/uploads\/2022\/05\/ens-eyes-certifikat-no-150x150.jpg 150w, https:\/\/enseyes.com\/wp-content\/uploads\/2022\/05\/ens-eyes-certifikat-no-768x768.jpg 768w, https:\/\/enseyes.com\/wp-content\/uploads\/2022\/05\/ens-eyes-certifikat-no.jpg 960w\" sizes=\"auto, (max-width: 220px) 100vw, 220px\" \/><\/a><\/p>\n<p>\n<table id=\"tablepress-25\" class=\"tablepress tablepress-id-25\">\n<thead>\n<tr class=\"row-1\">\n\t<th class=\"column-1\">Post kode<\/th><th class=\"column-2\">By<\/th><th class=\"column-3\">Butikk<\/th><th class=\"column-4\">Adresse<\/th><th class=\"column-5\">Telefonnummer<\/th>\n<\/tr>\n<\/thead>\n<tbody class=\"row-striping row-hover\">\n<tr class=\"row-2\">\n\t<td class=\"column-1\">3015<\/td><td class=\"column-2\">Drammen<\/td><td class=\"column-3\">Interoptik Optika<\/td><td class=\"column-4\">Engene 16<\/td><td class=\"column-5\">32 27 78 00<\/td>\n<\/tr>\n<tr class=\"row-3\">\n\t<td class=\"column-1\">7011<\/td><td class=\"column-2\">Trondheim<\/td><td class=\"column-3\">Interoptik Sj\u00f8haug og Sande<\/td><td class=\"column-4\">Ths. Angellsgt. 22<\/td><td class=\"column-5\">73 99 04 00<\/td>\n<\/tr>\n<tr class=\"row-4\">\n\t<td class=\"column-1\">9405<\/td><td class=\"column-2\">Harstad<\/td><td class=\"column-3\">Pibo Optik<\/td><td class=\"column-4\">Storgata 11<\/td><td class=\"column-5\">77 06 25 50<\/td>\n<\/tr>\n<tr class=\"row-5\">\n\t<td class=\"column-1\">0366<\/td><td class=\"column-2\">Oslo<\/td><td class=\"column-3\">Interoptik Majorstuen<\/td><td class=\"column-4\">Bogstadveien 66<\/td><td class=\"column-5\">22 46 61 44<\/td>\n<\/tr>\n<tr class=\"row-6\">\n\t<td class=\"column-1\">3510<\/td><td class=\"column-2\">H\u00f8nefoss<\/td><td class=\"column-3\">Interoptik Anders L\u00f8chen Fogth<\/td><td class=\"column-4\">S\u00f8ndre Torv 7A<\/td><td class=\"column-5\">32 17 93 00<\/td>\n<\/tr>\n<tr class=\"row-7\">\n\t<td class=\"column-1\">6517<\/td><td class=\"column-2\">Kristiansund<\/td><td class=\"column-3\">Interoptik Futura<\/td><td class=\"column-4\">Industriveien 17<\/td><td class=\"column-5\">71 58 80 90<\/td>\n<\/tr>\n<tr class=\"row-8\">\n\t<td class=\"column-1\">4005<\/td><td class=\"column-2\">Stavanger<\/td><td class=\"column-3\">Interoptik Straen<\/td><td class=\"column-4\">Lars Hertervigs gate 5<\/td><td class=\"column-5\">51 91 66 66<\/td>\n<\/tr>\n<tr class=\"row-9\">\n\t<td class=\"column-1\">5201<\/td><td class=\"column-2\">Os<\/td><td class=\"column-3\">Interoptik Bakketeig Os<\/td><td class=\"column-4\">\u00d8yro 15<\/td><td class=\"column-5\">56 30 18 00<\/td>\n<\/tr>\n<tr class=\"row-10\">\n\t<td class=\"column-1\">4050<\/td><td class=\"column-2\">Sola<\/td><td class=\"column-3\">Sola Optikk<\/td><td class=\"column-4\">Solakrossvegen 26<\/td><td class=\"column-5\">51 69 58 90<\/td>\n<\/tr>\n<tr class=\"row-11\">\n\t<td class=\"column-1\">0565<\/td><td class=\"column-2\">Oslo<\/td><td class=\"column-3\">Interoptik Ze-bra - Carl Berner<\/td><td class=\"column-4\">Trondheimsveien 102<\/td><td class=\"column-5\">22 37 85 60<\/td>\n<\/tr>\n<tr class=\"row-12\">\n\t<td class=\"column-1\">6150<\/td><td class=\"column-2\">\u00d8rsta<\/td><td class=\"column-3\">Synspunkt \u00d8rsta<\/td><td class=\"column-4\">Vikegata 38<\/td><td class=\"column-5\">700 69 700<\/td>\n<\/tr>\n<tr class=\"row-13\">\n\t<td class=\"column-1\">3126<\/td><td class=\"column-2\">T\u00f8nsberg<\/td><td class=\"column-3\">Interoptik Holt<\/td><td class=\"column-4\">Storgaten 31<\/td><td class=\"column-5\">33 33 41 30<\/td>\n<\/tr>\n<tr class=\"row-14\">\n\t<td class=\"column-1\">0184<\/td><td class=\"column-2\">Oslo<\/td><td class=\"column-3\">Krogh Optikk storgata<\/td><td class=\"column-4\">Storgata 23C<\/td><td class=\"column-5\">22 47 90 60<\/td>\n<\/tr>\n<tr class=\"row-15\">\n\t<td class=\"column-1\">4006<\/td><td class=\"column-2\">Stavanger<\/td><td class=\"column-3\">Stavanger Optikk<\/td><td class=\"column-4\">\u00d8sterv\u00e5g 26<\/td><td class=\"column-5\">51 84 35 50<\/td>\n<\/tr>\n<tr class=\"row-16\">\n\t<td class=\"column-1\">7011<\/td><td class=\"column-2\">Trondheim<\/td><td class=\"column-3\">Krogh Optikk<\/td><td class=\"column-4\">Nordre gate 2<\/td><td class=\"column-5\">73 80 78 00<\/td>\n<\/tr>\n<tr class=\"row-17\">\n\t<td class=\"column-1\">5430<\/td><td class=\"column-2\">Bremnes<\/td><td class=\"column-3\">Interoptik B\u00f8mlo<\/td><td class=\"column-4\">Svortlandsvegen 79<\/td><td class=\"column-5\">53 42 85 30<\/td>\n<\/tr>\n<tr class=\"row-18\">\n\t<td class=\"column-1\">5342<\/td><td class=\"column-2\">Straume<\/td><td class=\"column-3\">Interoptik Sartor<\/td><td class=\"column-4\">Sartor Storsenter, Sartorvegen 12<\/td><td class=\"column-5\">56 33 03 50<\/td>\n<\/tr>\n<tr class=\"row-19\">\n\t<td class=\"column-1\">2609<\/td><td class=\"column-2\">Lillehammer<\/td><td class=\"column-3\">Interoptik Andresen Ur &amp; Optikk<\/td><td class=\"column-4\">Storgata 67A<\/td><td class=\"column-5\">61 05 76 70<\/td>\n<\/tr>\n<tr class=\"row-20\">\n\t<td class=\"column-1\">1776<\/td><td class=\"column-2\">Halden<\/td><td class=\"column-3\">Interoptik Halden Optiske<\/td><td class=\"column-4\">Urtegata 4<\/td><td class=\"column-5\">69 18 42 75<\/td>\n<\/tr>\n<tr class=\"row-21\">\n\t<td class=\"column-1\">0161<\/td><td class=\"column-2\">Oslo<\/td><td class=\"column-3\">Interoptik Vika<\/td><td class=\"column-4\">Haakon VIIs gate 10<\/td><td class=\"column-5\">22 83 05 40<\/td>\n<\/tr>\n<tr class=\"row-22\">\n\t<td class=\"column-1\">1920<\/td><td class=\"column-2\">S\u00f8rumsand<\/td><td class=\"column-3\">Interoptik Nordfonn<\/td><td class=\"column-4\">Fokus Butikksenter<\/td><td class=\"column-5\">63 86 60 70<\/td>\n<\/tr>\n<tr class=\"row-23\">\n\t<td class=\"column-1\">2302<\/td><td class=\"column-2\">Hamar<\/td><td class=\"column-3\">Interoptik Ottestad<\/td><td class=\"column-4\">Torggata 32<\/td><td class=\"column-5\">62 53 82 20<\/td>\n<\/tr>\n<tr class=\"row-24\">\n\t<td class=\"column-1\">4313<\/td><td class=\"column-2\">Sandnes<\/td><td class=\"column-3\">Interoptik Kvadrat<\/td><td class=\"column-4\">Kvadrat kj\u00f8pesenter, Gamle Stokkavei 1<\/td><td class=\"column-5\">51 11 60 06<\/td>\n<\/tr>\n<tr class=\"row-25\">\n\t<td class=\"column-1\">7011<\/td><td class=\"column-2\">Trondheim<\/td><td class=\"column-3\">Interoptik Brilleringen<\/td><td class=\"column-4\">S\u00f8ndre gate 18<\/td><td class=\"column-5\">73 80 74 90<\/td>\n<\/tr>\n<tr class=\"row-26\">\n\t<td class=\"column-1\">3371<\/td><td class=\"column-2\">Vikersund<\/td><td class=\"column-3\">Interoptik Weggersen<\/td><td class=\"column-4\">Vikersundgata 31<\/td><td class=\"column-5\">32 78 88 99<\/td>\n<\/tr>\n<tr class=\"row-27\">\n\t<td class=\"column-1\">7300<\/td><td class=\"column-2\">Orkanger<\/td><td class=\"column-3\">Interoptik Orkanger Ur og Optikk<\/td><td class=\"column-4\">Amfi Orkanger<\/td><td class=\"column-5\">72 48 78 50<\/td>\n<\/tr>\n<tr class=\"row-28\">\n\t<td class=\"column-1\">4370<\/td><td class=\"column-2\">Egersund<\/td><td class=\"column-3\">Eger Optics<\/td><td class=\"column-4\">Storgaten 33<\/td><td class=\"column-5\">51 49 07 78<\/td>\n<\/tr>\n<tr class=\"row-29\">\n\t<td class=\"column-1\">1607<\/td><td class=\"column-2\">Fredrikstad<\/td><td class=\"column-3\">Interoptik S. Gangestad Torvbyen<\/td><td class=\"column-4\">Torvbyen, Brochs gate 7<\/td><td class=\"column-5\">69 31 62 11<\/td>\n<\/tr>\n<tr class=\"row-30\">\n\t<td class=\"column-1\">2050<\/td><td class=\"column-2\">Jessheim<\/td><td class=\"column-3\">Interoptik Jessheim<\/td><td class=\"column-4\">Storgata 6<\/td><td class=\"column-5\">63 92 77 50<\/td>\n<\/tr>\n<tr class=\"row-31\">\n\t<td class=\"column-1\">9015<\/td><td class=\"column-2\">Troms\u00f8<\/td><td class=\"column-3\">Interoptik Synssenteret Jekta<\/td><td class=\"column-4\">Jekta Storsenter, Karls\u00f8yvegen 12<\/td><td class=\"column-5\">77 60 85 00<\/td>\n<\/tr>\n<tr class=\"row-32\">\n\t<td class=\"column-1\">1338<\/td><td class=\"column-2\">Sandvika<\/td><td class=\"column-3\">Krogh Optikk<br \/>\n<\/td><td class=\"column-4\">Brodtkorbsgate 7<\/td><td class=\"column-5\">67 80 72 90<\/td>\n<\/tr>\n<tr class=\"row-33\">\n\t<td class=\"column-1\">4611<\/td><td class=\"column-2\">Kristiansand S<\/td><td class=\"column-3\">Tvedt Optikk<\/td><td class=\"column-4\">Tollbodgata 8<\/td><td class=\"column-5\">38 02 34 27<\/td>\n<\/tr>\n<tr class=\"row-34\">\n\t<td class=\"column-1\">6065<\/td><td class=\"column-2\">Ulsteinvik<\/td><td class=\"column-3\">Havblikk Optik<\/td><td class=\"column-4\">Sj\u00f8gata 3<\/td><td class=\"column-5\">70 01 34 34<\/td>\n<\/tr>\n<tr class=\"row-35\">\n\t<td class=\"column-1\">6100<\/td><td class=\"column-2\">Volda<\/td><td class=\"column-3\">Interoptik Nymark Volda<\/td><td class=\"column-4\">Hamnegata 21 B<\/td><td class=\"column-5\">70 07 60 19<\/td>\n<\/tr>\n<tr class=\"row-36\">\n\t<td class=\"column-1\">1383<\/td><td class=\"column-2\">Asker<\/td><td class=\"column-3\">Interoptik Asker<\/td><td class=\"column-4\">Str\u00f8ket 9<\/td><td class=\"column-5\">66 79 51 70<\/td>\n<\/tr>\n<tr class=\"row-37\">\n\t<td class=\"column-1\">6090<\/td><td class=\"column-2\">Fosnav\u00e5g<\/td><td class=\"column-3\">Interoptik Nymark<\/td><td class=\"column-4\">V\u00e5gsgata 1<\/td><td class=\"column-5\">70 08 81 95<\/td>\n<\/tr>\n<tr class=\"row-38\">\n\t<td class=\"column-1\">1400<\/td><td class=\"column-2\">Ski<\/td><td class=\"column-3\">Optiker-K<\/td><td class=\"column-4\">Ski Storsenter<br \/>\nJernbanesvingen 6<\/td><td class=\"column-5\">64 85 96 40<\/td>\n<\/tr>\n<\/tbody>\n<\/table>\n<!-- #tablepress-25 from cache -->[\/vc_column_text][\/vc_column][\/vc_row]<\/p>\n<\/div>","protected":false},"excerpt":{"rendered":"<p>[vc_row][vc_column][vc_column_text] Klart syn \u2013 uten briller eller kontaktlinser Vil du se klart, uten briller og kontaktlinser hver dag? Med de innovative nattlinsene kan du f\u00e5 \u00f8nsket ditt oppfylt. Nattlinsen er en formstabil kontaktlinse med helt spesielle egenskaper. De bruker om<\/p>\n","protected":false},"author":237,"featured_media":0,"parent":0,"menu_order":0,"comment_status":"closed","ping_status":"closed","template":"templates\/over-category.php","meta":{"_acf_changed":false,"footnotes":""},"class_list":["post-2902","page","type-page","status-publish","hentry"],"acf":[],"yoast_head":"<!-- This site is optimized with the Yoast SEO plugin v27.5 - https:\/\/yoast.com\/product\/yoast-seo-wordpress\/ -->\n<title>Nattlinser - EnsEyes<\/title>\n<meta name=\"robots\" content=\"index, follow, max-snippet:-1, max-image-preview:large, max-video-preview:-1\" \/>\n<link rel=\"canonical\" href=\"https:\/\/enseyes.com\/nb\/nattlinser\/\" \/>\n<meta property=\"og:locale\" content=\"nb_NO\" \/>\n<meta property=\"og:type\" content=\"article\" \/>\n<meta property=\"og:title\" content=\"Nattlinser - EnsEyes\" \/>\n<meta property=\"og:description\" content=\"[vc_row][vc_column][vc_column_text] Klart syn \u2013 uten briller eller kontaktlinser Vil du se klart, uten briller og kontaktlinser hver dag? Med de innovative nattlinsene kan du f\u00e5 \u00f8nsket ditt oppfylt. Nattlinsen er en formstabil kontaktlinse med helt spesielle egenskaper. De bruker om\" \/>\n<meta property=\"og:url\" content=\"https:\/\/enseyes.com\/nb\/nattlinser\/\" \/>\n<meta property=\"og:site_name\" content=\"EnsEyes\" \/>\n<meta property=\"article:modified_time\" content=\"2022-05-31T12:19:12+00:00\" \/>\n<meta property=\"og:image\" content=\"https:\/\/enseyes.com\/wp-content\/uploads\/2022\/05\/ens-eyes-certifikat-no-300x300.jpg\" \/>\n<meta name=\"twitter:card\" content=\"summary_large_image\" \/>\n<meta name=\"twitter:label1\" content=\"Ansl. lesetid\" \/>\n\t<meta name=\"twitter:data1\" content=\"3 minutter\" \/>\n<script type=\"application\/ld+json\" class=\"yoast-schema-graph\">{\"@context\":\"https:\\\/\\\/schema.org\",\"@graph\":[{\"@type\":\"WebPage\",\"@id\":\"https:\\\/\\\/enseyes.com\\\/nb\\\/nattlinser\\\/\",\"url\":\"https:\\\/\\\/enseyes.com\\\/nb\\\/nattlinser\\\/\",\"name\":\"Nattlinser - EnsEyes\",\"isPartOf\":{\"@id\":\"https:\\\/\\\/enseyes.com\\\/sv\\\/#website\"},\"primaryImageOfPage\":{\"@id\":\"https:\\\/\\\/enseyes.com\\\/nb\\\/nattlinser\\\/#primaryimage\"},\"image\":{\"@id\":\"https:\\\/\\\/enseyes.com\\\/nb\\\/nattlinser\\\/#primaryimage\"},\"thumbnailUrl\":\"https:\\\/\\\/enseyes.com\\\/wp-content\\\/uploads\\\/2022\\\/05\\\/ens-eyes-certifikat-no-300x300.jpg\",\"datePublished\":\"2016-05-17T12:08:53+00:00\",\"dateModified\":\"2022-05-31T12:19:12+00:00\",\"breadcrumb\":{\"@id\":\"https:\\\/\\\/enseyes.com\\\/nb\\\/nattlinser\\\/#breadcrumb\"},\"inLanguage\":\"nb-NO\",\"potentialAction\":[{\"@type\":\"ReadAction\",\"target\":[\"https:\\\/\\\/enseyes.com\\\/nb\\\/nattlinser\\\/\"]}]},{\"@type\":\"ImageObject\",\"inLanguage\":\"nb-NO\",\"@id\":\"https:\\\/\\\/enseyes.com\\\/nb\\\/nattlinser\\\/#primaryimage\",\"url\":\"https:\\\/\\\/enseyes.com\\\/wp-content\\\/uploads\\\/2022\\\/05\\\/ens-eyes-certifikat-no-300x300.jpg\",\"contentUrl\":\"https:\\\/\\\/enseyes.com\\\/wp-content\\\/uploads\\\/2022\\\/05\\\/ens-eyes-certifikat-no-300x300.jpg\"},{\"@type\":\"BreadcrumbList\",\"@id\":\"https:\\\/\\\/enseyes.com\\\/nb\\\/nattlinser\\\/#breadcrumb\",\"itemListElement\":[{\"@type\":\"ListItem\",\"position\":1,\"name\":\"Hjem\",\"item\":\"https:\\\/\\\/enseyes.com\\\/nb\\\/\"},{\"@type\":\"ListItem\",\"position\":2,\"name\":\"Nattlinser\"}]},{\"@type\":\"WebSite\",\"@id\":\"https:\\\/\\\/enseyes.com\\\/sv\\\/#website\",\"url\":\"https:\\\/\\\/enseyes.com\\\/sv\\\/\",\"name\":\"EnsEyes\",\"description\":\"Cornea Care\",\"potentialAction\":[{\"@type\":\"SearchAction\",\"target\":{\"@type\":\"EntryPoint\",\"urlTemplate\":\"https:\\\/\\\/enseyes.com\\\/sv\\\/?s={search_term_string}\"},\"query-input\":{\"@type\":\"PropertyValueSpecification\",\"valueRequired\":true,\"valueName\":\"search_term_string\"}}],\"inLanguage\":\"nb-NO\"}]}<\/script>\n<!-- \/ Yoast SEO plugin. -->","yoast_head_json":{"title":"Nattlinser - EnsEyes","robots":{"index":"index","follow":"follow","max-snippet":"max-snippet:-1","max-image-preview":"max-image-preview:large","max-video-preview":"max-video-preview:-1"},"canonical":"https:\/\/enseyes.com\/nb\/nattlinser\/","og_locale":"nb_NO","og_type":"article","og_title":"Nattlinser - EnsEyes","og_description":"[vc_row][vc_column][vc_column_text] Klart syn \u2013 uten briller eller kontaktlinser Vil du se klart, uten briller og kontaktlinser hver dag? Med de innovative nattlinsene kan du f\u00e5 \u00f8nsket ditt oppfylt. Nattlinsen er en formstabil kontaktlinse med helt spesielle egenskaper. De bruker om","og_url":"https:\/\/enseyes.com\/nb\/nattlinser\/","og_site_name":"EnsEyes","article_modified_time":"2022-05-31T12:19:12+00:00","og_image":[{"url":"https:\/\/enseyes.com\/wp-content\/uploads\/2022\/05\/ens-eyes-certifikat-no-300x300.jpg","type":"","width":"","height":""}],"twitter_card":"summary_large_image","twitter_misc":{"Ansl. lesetid":"3 minutter"},"schema":{"@context":"https:\/\/schema.org","@graph":[{"@type":"WebPage","@id":"https:\/\/enseyes.com\/nb\/nattlinser\/","url":"https:\/\/enseyes.com\/nb\/nattlinser\/","name":"Nattlinser - EnsEyes","isPartOf":{"@id":"https:\/\/enseyes.com\/sv\/#website"},"primaryImageOfPage":{"@id":"https:\/\/enseyes.com\/nb\/nattlinser\/#primaryimage"},"image":{"@id":"https:\/\/enseyes.com\/nb\/nattlinser\/#primaryimage"},"thumbnailUrl":"https:\/\/enseyes.com\/wp-content\/uploads\/2022\/05\/ens-eyes-certifikat-no-300x300.jpg","datePublished":"2016-05-17T12:08:53+00:00","dateModified":"2022-05-31T12:19:12+00:00","breadcrumb":{"@id":"https:\/\/enseyes.com\/nb\/nattlinser\/#breadcrumb"},"inLanguage":"nb-NO","potentialAction":[{"@type":"ReadAction","target":["https:\/\/enseyes.com\/nb\/nattlinser\/"]}]},{"@type":"ImageObject","inLanguage":"nb-NO","@id":"https:\/\/enseyes.com\/nb\/nattlinser\/#primaryimage","url":"https:\/\/enseyes.com\/wp-content\/uploads\/2022\/05\/ens-eyes-certifikat-no-300x300.jpg","contentUrl":"https:\/\/enseyes.com\/wp-content\/uploads\/2022\/05\/ens-eyes-certifikat-no-300x300.jpg"},{"@type":"BreadcrumbList","@id":"https:\/\/enseyes.com\/nb\/nattlinser\/#breadcrumb","itemListElement":[{"@type":"ListItem","position":1,"name":"Hjem","item":"https:\/\/enseyes.com\/nb\/"},{"@type":"ListItem","position":2,"name":"Nattlinser"}]},{"@type":"WebSite","@id":"https:\/\/enseyes.com\/sv\/#website","url":"https:\/\/enseyes.com\/sv\/","name":"EnsEyes","description":"Cornea Care","potentialAction":[{"@type":"SearchAction","target":{"@type":"EntryPoint","urlTemplate":"https:\/\/enseyes.com\/sv\/?s={search_term_string}"},"query-input":{"@type":"PropertyValueSpecification","valueRequired":true,"valueName":"search_term_string"}}],"inLanguage":"nb-NO"}]}},"_links":{"self":[{"href":"https:\/\/enseyes.com\/nb\/wp-json\/wp\/v2\/pages\/2902","targetHints":{"allow":["GET"]}}],"collection":[{"href":"https:\/\/enseyes.com\/nb\/wp-json\/wp\/v2\/pages"}],"about":[{"href":"https:\/\/enseyes.com\/nb\/wp-json\/wp\/v2\/types\/page"}],"author":[{"embeddable":true,"href":"https:\/\/enseyes.com\/nb\/wp-json\/wp\/v2\/users\/237"}],"replies":[{"embeddable":true,"href":"https:\/\/enseyes.com\/nb\/wp-json\/wp\/v2\/comments?post=2902"}],"version-history":[{"count":0,"href":"https:\/\/enseyes.com\/nb\/wp-json\/wp\/v2\/pages\/2902\/revisions"}],"wp:attachment":[{"href":"https:\/\/enseyes.com\/nb\/wp-json\/wp\/v2\/media?parent=2902"}],"curies":[{"name":"wp","href":"https:\/\/api.w.org\/{rel}","templated":true}]}}