{"id":2905,"date":"2016-05-17T13:19:47","date_gmt":"2016-05-17T12:19:47","guid":{"rendered":"http:\/\/enseyes.com\/?page_id=2905&#038;lang=nb"},"modified":"2016-05-17T13:20:09","modified_gmt":"2016-05-17T12:20:09","slug":"spoergsmaal-og-svar","status":"publish","type":"page","link":"https:\/\/enseyes.com\/nb\/nattlinser\/spoergsmaal-og-svar\/","title":{"rendered":"Sp\u00f8rgsm\u00e5l og Svar"},"content":{"rendered":"<div class=\"wpb-content-wrapper\"><p>[vc_row][vc_column][vc_column_text]<\/p>\n<h4>Hva er nattlinser? <\/h4>\n<p>Nattlinser er en formstabil linse som korrigerer n\u00e6rsyntheten din mens du sover, slik at du ser tydelig dagen lang, uten \u00e5 bruke briller eller kontaktlinser.<\/p>\n<h4>Hva betyr ordet ortokeratologi? <\/h4>\n<p>Betydningen av ordet ortokeratologi finner du i ordets bestanddeler: orto=rett eller riktig, kerato= i forhold til hornhinnen, logi= l\u00e6ren om<\/p>\n<h4>Hvordan fungerer nattlinser? <\/h4>\n<p>Nattlinser har et helt spesielt design, som drar nytte av hornhinnens elastisitet. Mens du sover, omformer linsen hornhinnens ytterste lag. Denne omformingen skjer for \u00e5 gi deg optimalt syn. N\u00e5r du v\u00e5kner, tar du linsene av, og du har et skarpt og klart syn dagen lang, uten \u00e5 m\u00e5tte bruke briller eller kontaktlinser.<\/p>\n<h4>Hvor lenge varer effekten av nattlinsene? <\/h4>\n<p>Bruker du linsene hver natt, vil de ha full effekt i minst 16 timer. I mange tilfeller kan den fulle effekten vare i opptil 48 timer. I motsetning til Lasik-operasjoner, er metoden reversibel. Det betyr at s\u00e5 snart du slutter \u00e5 bruke linsene, g\u00e5r synet ditt tilbake slik det var f\u00f8r behandlingen, i l\u00f8pet av noen f\u00e5 dager.<\/p>\n<h4>Hvem kan bruke nattlinser? <\/h4>\n<p>Nattlinser kan brukes av personer med mild til moderat n\u00e6rsynthet og bygningsfeil (opptil -4,50D og bygningsfeil opptil -2,50D) Nattlinser kan brukes av barn ned i 10-\u00e5rsalderen. Nattlinser skal kun brukes p\u00e5 friske \u00f8yne. Kontakt alltid en kontaktlinsespesialist for \u00e5 f\u00e5 en vurdering av om dine \u00f8yne er egnet til nattlinser.<\/p>\n<h4>Hvor lang tid tar det f\u00f8r jeg kan se tydelig, uten briller eller kontaktlinser? <\/h4>\n<p>Etter den f\u00f8rste natten vil synet v\u00e6re merkbart endret. Hvor lang tid det tar f\u00f8r synet er stabilt og tydelig, avhenger mye av brukerens alder og styrke.<\/p>\n<h4>Hvor lenge har nattlinser eksistert? <\/h4>\n<p>I USA har ortokeratologiske kontaktlinser blitt brukt i omtrent 20 \u00e5r. Mange av prinsippene i metoden kan spores tilbake til 1962.<\/p>\n<h4>Hvordan kommer jeg meg gjennom tiden fra min f\u00f8rste natt med linsene, til de virker stabilt? <\/h4>\n<p>I begynnelsen, n\u00e5r nattlinsenes virkning ikke er fullkommen, vil du kunne bruke vanlige endagslinser om dagen, for \u00e5 kompensere.<\/p>\n<h4>Skal jeg fortsette \u00e5 bruke briller og kontaktlinser? <\/h4>\n<p>Nei, hvis du bruker nattlinsene hver natt, vil synet ditt om dagen v\u00e6re like godt som om du brukte briller eller kontaktlinser.<\/p>\n<h4>Hvorfor m\u00e5 nattlinsene byttes ut hvert \u00e5r? <\/h4>\n<p>Nattlinsene er laget av et h\u00f8ygjennomtrengelig materiale. Over tid blir oksygengjennomtrengeligheten d\u00e5rligere, pga. avfallsstoffer fra \u00f8ynene. Samtidig er materialet fleksibelt og kan deformeres litt over tid. For \u00e5 opprettholde den optimale effekten og sunnheten i \u00f8ynene dine, m\u00e5 linsene skiftes ut en gang i \u00e5ret.<\/p>\n<h4>Hvor kan jeg f\u00e5r tak i nattlinsene? <\/h4>\n<p>Nattlinser tilpasses kun av kontaktlinsespesialister som er kjent med de ortokeratologiske prinsippene. Samtidig krever det at optikeren har en topograf som m\u00e5ler overflaten av \u00f8ynene dine n\u00f8yaktig, slik at linsene kan spesialtilpasses til nettopp dine \u00f8yne.<\/p>\n<h4>Hvordan foreg\u00e5r tilpasningen av nattlinsene? <\/h4>\n<p>Kort tid etter den f\u00f8rste unders\u00f8kelsen kan optikeren vurdere om nattlinser vil v\u00e6re passende for dine \u00f8yne. Etter utlevering av linsene, der du blir grundig instruert i hvordan du bruker dem, blir du kontrollert daglig de f\u00f8rste par dagene, for \u00e5 f\u00f8lge om utviklingen g\u00e5r som forventet. Deretter blir det vurdert om linsene som ble utlevert b\u00f8r justeres, eller om passformen er perfekt. N\u00e5r \u00f8nsket resultat er oppn\u00e5dd, vil det foretas en oppf\u00f8lgingskontroll hver 6. m\u00e5ned.<\/p>\n<h4>Kan jeg slutte \u00e5 bruke nattlinsene igjen? <\/h4>\n<p>Ja. Du kan n\u00e5r som helst slutte \u00e5 bruke linsene. Etter f\u00e5r dager vil du igjen kunne bruke brillene eller kontaktlinsene dine.[\/vc_column_text][\/vc_column][\/vc_row]<\/p>\n<\/div>","protected":false},"excerpt":{"rendered":"<p>[vc_row][vc_column][vc_column_text] Hva er nattlinser? Nattlinser er en formstabil linse som korrigerer n\u00e6rsyntheten din mens du sover, slik at du ser tydelig dagen lang, uten \u00e5 bruke briller eller kontaktlinser. Hva betyr ordet ortokeratologi? Betydningen av ordet ortokeratologi finner du i<\/p>\n","protected":false},"author":237,"featured_media":0,"parent":2902,"menu_order":2,"comment_status":"closed","ping_status":"closed","template":"templates\/alm-category.php","meta":{"_acf_changed":false,"footnotes":""},"class_list":["post-2905","page","type-page","status-publish","hentry"],"acf":[],"yoast_head":"<!-- This site is optimized with the Yoast SEO plugin v27.5 - https:\/\/yoast.com\/product\/yoast-seo-wordpress\/ -->\n<title>Sp\u00f8rgsm\u00e5l og Svar - EnsEyes<\/title>\n<meta name=\"robots\" content=\"index, follow, max-snippet:-1, max-image-preview:large, max-video-preview:-1\" \/>\n<link rel=\"canonical\" href=\"https:\/\/enseyes.com\/nb\/nattlinser\/spoergsmaal-og-svar\/\" \/>\n<meta property=\"og:locale\" content=\"nb_NO\" \/>\n<meta property=\"og:type\" content=\"article\" \/>\n<meta property=\"og:title\" content=\"Sp\u00f8rgsm\u00e5l og Svar - EnsEyes\" \/>\n<meta property=\"og:description\" content=\"[vc_row][vc_column][vc_column_text] Hva er nattlinser? Nattlinser er en formstabil linse som korrigerer n\u00e6rsyntheten din mens du sover, slik at du ser tydelig dagen lang, uten \u00e5 bruke briller eller kontaktlinser. Hva betyr ordet ortokeratologi? Betydningen av ordet ortokeratologi finner du i\" \/>\n<meta property=\"og:url\" content=\"https:\/\/enseyes.com\/nb\/nattlinser\/spoergsmaal-og-svar\/\" \/>\n<meta property=\"og:site_name\" content=\"EnsEyes\" \/>\n<meta property=\"article:modified_time\" content=\"2016-05-17T12:20:09+00:00\" \/>\n<meta name=\"twitter:card\" content=\"summary_large_image\" \/>\n<meta name=\"twitter:label1\" content=\"Ansl. lesetid\" \/>\n\t<meta name=\"twitter:data1\" content=\"3 minutter\" \/>\n<script type=\"application\/ld+json\" class=\"yoast-schema-graph\">{\"@context\":\"https:\\\/\\\/schema.org\",\"@graph\":[{\"@type\":\"WebPage\",\"@id\":\"https:\\\/\\\/enseyes.com\\\/nb\\\/nattlinser\\\/spoergsmaal-og-svar\\\/\",\"url\":\"https:\\\/\\\/enseyes.com\\\/nb\\\/nattlinser\\\/spoergsmaal-og-svar\\\/\",\"name\":\"Sp\u00f8rgsm\u00e5l og Svar - EnsEyes\",\"isPartOf\":{\"@id\":\"https:\\\/\\\/enseyes.com\\\/sv\\\/#website\"},\"datePublished\":\"2016-05-17T12:19:47+00:00\",\"dateModified\":\"2016-05-17T12:20:09+00:00\",\"breadcrumb\":{\"@id\":\"https:\\\/\\\/enseyes.com\\\/nb\\\/nattlinser\\\/spoergsmaal-og-svar\\\/#breadcrumb\"},\"inLanguage\":\"nb-NO\",\"potentialAction\":[{\"@type\":\"ReadAction\",\"target\":[\"https:\\\/\\\/enseyes.com\\\/nb\\\/nattlinser\\\/spoergsmaal-og-svar\\\/\"]}]},{\"@type\":\"BreadcrumbList\",\"@id\":\"https:\\\/\\\/enseyes.com\\\/nb\\\/nattlinser\\\/spoergsmaal-og-svar\\\/#breadcrumb\",\"itemListElement\":[{\"@type\":\"ListItem\",\"position\":1,\"name\":\"Hjem\",\"item\":\"https:\\\/\\\/enseyes.com\\\/nb\\\/\"},{\"@type\":\"ListItem\",\"position\":2,\"name\":\"Nattlinser\",\"item\":\"https:\\\/\\\/enseyes.com\\\/nb\\\/nattlinser\\\/\"},{\"@type\":\"ListItem\",\"position\":3,\"name\":\"Sp\u00f8rgsm\u00e5l og Svar\"}]},{\"@type\":\"WebSite\",\"@id\":\"https:\\\/\\\/enseyes.com\\\/sv\\\/#website\",\"url\":\"https:\\\/\\\/enseyes.com\\\/sv\\\/\",\"name\":\"EnsEyes\",\"description\":\"Cornea Care\",\"potentialAction\":[{\"@type\":\"SearchAction\",\"target\":{\"@type\":\"EntryPoint\",\"urlTemplate\":\"https:\\\/\\\/enseyes.com\\\/sv\\\/?s={search_term_string}\"},\"query-input\":{\"@type\":\"PropertyValueSpecification\",\"valueRequired\":true,\"valueName\":\"search_term_string\"}}],\"inLanguage\":\"nb-NO\"}]}<\/script>\n<!-- \/ Yoast SEO plugin. -->","yoast_head_json":{"title":"Sp\u00f8rgsm\u00e5l og Svar - EnsEyes","robots":{"index":"index","follow":"follow","max-snippet":"max-snippet:-1","max-image-preview":"max-image-preview:large","max-video-preview":"max-video-preview:-1"},"canonical":"https:\/\/enseyes.com\/nb\/nattlinser\/spoergsmaal-og-svar\/","og_locale":"nb_NO","og_type":"article","og_title":"Sp\u00f8rgsm\u00e5l og Svar - EnsEyes","og_description":"[vc_row][vc_column][vc_column_text] Hva er nattlinser? Nattlinser er en formstabil linse som korrigerer n\u00e6rsyntheten din mens du sover, slik at du ser tydelig dagen lang, uten \u00e5 bruke briller eller kontaktlinser. Hva betyr ordet ortokeratologi? Betydningen av ordet ortokeratologi finner du i","og_url":"https:\/\/enseyes.com\/nb\/nattlinser\/spoergsmaal-og-svar\/","og_site_name":"EnsEyes","article_modified_time":"2016-05-17T12:20:09+00:00","twitter_card":"summary_large_image","twitter_misc":{"Ansl. lesetid":"3 minutter"},"schema":{"@context":"https:\/\/schema.org","@graph":[{"@type":"WebPage","@id":"https:\/\/enseyes.com\/nb\/nattlinser\/spoergsmaal-og-svar\/","url":"https:\/\/enseyes.com\/nb\/nattlinser\/spoergsmaal-og-svar\/","name":"Sp\u00f8rgsm\u00e5l og Svar - EnsEyes","isPartOf":{"@id":"https:\/\/enseyes.com\/sv\/#website"},"datePublished":"2016-05-17T12:19:47+00:00","dateModified":"2016-05-17T12:20:09+00:00","breadcrumb":{"@id":"https:\/\/enseyes.com\/nb\/nattlinser\/spoergsmaal-og-svar\/#breadcrumb"},"inLanguage":"nb-NO","potentialAction":[{"@type":"ReadAction","target":["https:\/\/enseyes.com\/nb\/nattlinser\/spoergsmaal-og-svar\/"]}]},{"@type":"BreadcrumbList","@id":"https:\/\/enseyes.com\/nb\/nattlinser\/spoergsmaal-og-svar\/#breadcrumb","itemListElement":[{"@type":"ListItem","position":1,"name":"Hjem","item":"https:\/\/enseyes.com\/nb\/"},{"@type":"ListItem","position":2,"name":"Nattlinser","item":"https:\/\/enseyes.com\/nb\/nattlinser\/"},{"@type":"ListItem","position":3,"name":"Sp\u00f8rgsm\u00e5l og Svar"}]},{"@type":"WebSite","@id":"https:\/\/enseyes.com\/sv\/#website","url":"https:\/\/enseyes.com\/sv\/","name":"EnsEyes","description":"Cornea Care","potentialAction":[{"@type":"SearchAction","target":{"@type":"EntryPoint","urlTemplate":"https:\/\/enseyes.com\/sv\/?s={search_term_string}"},"query-input":{"@type":"PropertyValueSpecification","valueRequired":true,"valueName":"search_term_string"}}],"inLanguage":"nb-NO"}]}},"_links":{"self":[{"href":"https:\/\/enseyes.com\/nb\/wp-json\/wp\/v2\/pages\/2905","targetHints":{"allow":["GET"]}}],"collection":[{"href":"https:\/\/enseyes.com\/nb\/wp-json\/wp\/v2\/pages"}],"about":[{"href":"https:\/\/enseyes.com\/nb\/wp-json\/wp\/v2\/types\/page"}],"author":[{"embeddable":true,"href":"https:\/\/enseyes.com\/nb\/wp-json\/wp\/v2\/users\/237"}],"replies":[{"embeddable":true,"href":"https:\/\/enseyes.com\/nb\/wp-json\/wp\/v2\/comments?post=2905"}],"version-history":[{"count":0,"href":"https:\/\/enseyes.com\/nb\/wp-json\/wp\/v2\/pages\/2905\/revisions"}],"up":[{"embeddable":true,"href":"https:\/\/enseyes.com\/nb\/wp-json\/wp\/v2\/pages\/2902"}],"wp:attachment":[{"href":"https:\/\/enseyes.com\/nb\/wp-json\/wp\/v2\/media?parent=2905"}],"curies":[{"name":"wp","href":"https:\/\/api.w.org\/{rel}","templated":true}]}}