{"id":2914,"date":"2016-05-17T13:36:36","date_gmt":"2016-05-17T12:36:36","guid":{"rendered":"http:\/\/enseyes.com\/?page_id=2914&#038;lang=nb"},"modified":"2021-04-21T14:48:26","modified_gmt":"2021-04-21T13:48:26","slug":"topografisk-tilpassede-linser","status":"publish","type":"page","link":"https:\/\/enseyes.com\/nb\/produkter\/topografisk-tilpassede-linser\/","title":{"rendered":"Topografisk Tilpassede Linser"},"content":{"rendered":"<div class=\"wpb-content-wrapper\"><p>[vc_row][vc_column][vc_single_image image=&raquo;49994&#8243; img_size=&raquo;large&raquo; alignment=&raquo;center&raquo;][\/vc_column][\/vc_row][vc_row][vc_column][vc_column_text]Har du problemer med kontaktlinsene? Med topografisk tilpassede linser f\u00e5r du et unikt design som passer akkurat til \u00f8ynene dine. Med de innovative linsene f\u00e5r du raskere justering, bedre komfort og skarpt syn hele dagen.[\/vc_column_text][\/vc_column][\/vc_row][vc_row][vc_column width=&raquo;1\/3&#8243;][vc_column_text]<\/p>\n<h3 style=\"text-align: center;\"><a href=\"https:\/\/enseyes.com\/nb\/produkter\/topografisk-tilpassede-linser\/natlinser\/\">Nattlinser<\/a><\/h3>\n<p><a href=\"https:\/\/enseyes.com\/nb\/produkter\/topografisk-tilpassede-linser\/natlinser\/\"><img loading=\"lazy\" decoding=\"async\" class=\"aligncenter wp-image-49950 size-medium\" src=\"https:\/\/enseyes.com\/wp-content\/uploads\/2021\/03\/dreamlite-300x195.jpg\" alt=\"\" width=\"300\" height=\"195\" srcset=\"https:\/\/enseyes.com\/wp-content\/uploads\/2021\/03\/dreamlite-300x195.jpg 300w, https:\/\/enseyes.com\/wp-content\/uploads\/2021\/03\/dreamlite.jpg 500w\" sizes=\"auto, (max-width: 300px) 100vw, 300px\" \/><\/a>[\/vc_column_text][\/vc_column][vc_column width=&raquo;1\/3&#8243;][vc_column_text]<\/p>\n<h3 style=\"text-align: center;\"><a href=\"https:\/\/enseyes.com\/nb\/produkter\/topografisk-tilpassede-linser\/natlinser-zoom\/\">Nattlinser Zoom<\/a><\/h3>\n<p><a href=\"https:\/\/enseyes.com\/nb\/produkter\/topografisk-tilpassede-linser\/natlinser-zoom\/\"><img loading=\"lazy\" decoding=\"async\" class=\"aligncenter wp-image-49980 size-medium\" src=\"https:\/\/enseyes.com\/wp-content\/uploads\/2021\/03\/dreamlite_zoom-300x195.jpg\" alt=\"\" width=\"300\" height=\"195\" srcset=\"https:\/\/enseyes.com\/wp-content\/uploads\/2021\/03\/dreamlite_zoom-300x195.jpg 300w, https:\/\/enseyes.com\/wp-content\/uploads\/2021\/03\/dreamlite_zoom.jpg 500w\" sizes=\"auto, (max-width: 300px) 100vw, 300px\" \/><\/a>[\/vc_column_text][\/vc_column][vc_column width=&raquo;1\/3&#8243;][vc_column_text]<\/p>\n<h3 style=\"text-align: center;\"><a href=\"https:\/\/enseyes.com\/nb\/produkter\/topografisk-tilpassede-linser\/natural-fit\/\">Senso Unico<\/a><\/h3>\n<p><a href=\"https:\/\/enseyes.com\/nb\/produkter\/topografisk-tilpassede-linser\/natural-fit\/\"><img loading=\"lazy\" decoding=\"async\" class=\"aligncenter wp-image-48244 size-full\" src=\"https:\/\/enseyes.com\/wp-content\/uploads\/2019\/10\/Senso_Unico.png\" alt=\"\" width=\"164\" height=\"253\" \/><\/a>[\/vc_column_text][\/vc_column][\/vc_row][vc_row][vc_column width=&raquo;1\/3&#8243;][vc_column_text]<\/p>\n<h3 style=\"text-align: center;\"><a href=\"https:\/\/enseyes.com\/nb\/produkter\/topografisk-tilpassede-linser\/senso-select\/\">Senso Select<\/a><\/h3>\n<p><a href=\"https:\/\/enseyes.com\/nb\/produkter\/topografisk-tilpassede-linser\/senso-select\/\"><img loading=\"lazy\" decoding=\"async\" class=\"alignnone wp-image-50039 size-medium\" src=\"https:\/\/enseyes.com\/wp-content\/uploads\/2021\/03\/senso_select-300x195.jpg\" alt=\"\" width=\"300\" height=\"195\" srcset=\"https:\/\/enseyes.com\/wp-content\/uploads\/2021\/03\/senso_select-300x195.jpg 300w, https:\/\/enseyes.com\/wp-content\/uploads\/2021\/03\/senso_select.jpg 500w\" sizes=\"auto, (max-width: 300px) 100vw, 300px\" \/><\/a>[\/vc_column_text][\/vc_column][vc_column width=&raquo;1\/3&#8243;][vc_column_text]<\/p>\n<h3 style=\"text-align: center;\"><a href=\"https:\/\/enseyes.com\/nb\/produkter\/topografisk-tilpassede-linser\/compact-perfect-zoom\/\">Senso Select Zoom<\/a><\/h3>\n<p><a href=\"https:\/\/enseyes.com\/nb\/produkter\/topografisk-tilpassede-linser\/compact-perfect-zoom\/\"><img loading=\"lazy\" decoding=\"async\" class=\"aligncenter wp-image-50074 size-medium\" src=\"https:\/\/enseyes.com\/wp-content\/uploads\/2021\/03\/senso_select_zoom-300x195.jpg\" alt=\"\" width=\"300\" height=\"195\" srcset=\"https:\/\/enseyes.com\/wp-content\/uploads\/2021\/03\/senso_select_zoom-300x195.jpg 300w, https:\/\/enseyes.com\/wp-content\/uploads\/2021\/03\/senso_select_zoom.jpg 500w\" sizes=\"auto, (max-width: 300px) 100vw, 300px\" \/><\/a>[\/vc_column_text][\/vc_column][vc_column width=&raquo;1\/3&#8243;][vc_column_text]<\/p>\n<h3 style=\"text-align: center;\"><a href=\"https:\/\/enseyes.com\/nb\/produkter\/topografisk-tilpassede-linser\/compact-perfect-smart-focus\/\">Senso Select Duo<\/a><\/h3>\n<p><a href=\"https:\/\/enseyes.com\/nb\/produkter\/topografisk-tilpassede-linser\/compact-perfect-smart-focus\/\"><img loading=\"lazy\" decoding=\"async\" class=\"aligncenter wp-image-50168 size-medium\" src=\"https:\/\/enseyes.com\/wp-content\/uploads\/2021\/03\/senso_select_duo-300x195.jpg\" alt=\"\" width=\"300\" height=\"195\" srcset=\"https:\/\/enseyes.com\/wp-content\/uploads\/2021\/03\/senso_select_duo-300x195.jpg 300w, https:\/\/enseyes.com\/wp-content\/uploads\/2021\/03\/senso_select_duo.jpg 500w\" sizes=\"auto, (max-width: 300px) 100vw, 300px\" \/><\/a>[\/vc_column_text][\/vc_column][\/vc_row][vc_row][vc_column width=&raquo;1\/3&#8243;][vc_column_text]<\/p>\n<h3 style=\"text-align: center;\"><a href=\"https:\/\/enseyes.com\/nb\/produkter\/topografisk-tilpassede-linser\/ecco-soft-4-seasons-sihy\/\">Byo Premium<\/a><\/h3>\n<p><a href=\"https:\/\/enseyes.com\/nb\/produkter\/topografisk-tilpassede-linser\/ecco-soft-4-seasons-sihy\/\"><img loading=\"lazy\" decoding=\"async\" class=\"aligncenter wp-image-49840 size-medium\" src=\"https:\/\/enseyes.com\/wp-content\/uploads\/2021\/03\/byo_premium-300x195.jpg\" alt=\"\" width=\"300\" height=\"195\" srcset=\"https:\/\/enseyes.com\/wp-content\/uploads\/2021\/03\/byo_premium-300x195.jpg 300w, https:\/\/enseyes.com\/wp-content\/uploads\/2021\/03\/byo_premium.jpg 500w\" sizes=\"auto, (max-width: 300px) 100vw, 300px\" \/><\/a><\/p>\n<p>[\/vc_column_text][\/vc_column][vc_column width=&raquo;1\/3&#8243;][vc_column_text]<\/p>\n<h3 style=\"text-align: center;\"><a href=\"https:\/\/enseyes.com\/nb\/produkter\/medicinske-linser\/ecco-soft-4-seasons-kxt\/\">Byo Premium KC<\/a><\/h3>\n<p><a href=\"https:\/\/enseyes.com\/nb\/produkter\/medicinske-linser\/ecco-soft-4-seasons-kxt\/\"><img loading=\"lazy\" decoding=\"async\" class=\"alignnone wp-image-49907 size-medium\" src=\"https:\/\/enseyes.com\/wp-content\/uploads\/2021\/03\/byo_premium_kc-300x195.jpg\" alt=\"\" width=\"300\" height=\"195\" srcset=\"https:\/\/enseyes.com\/wp-content\/uploads\/2021\/03\/byo_premium_kc-300x195.jpg 300w, https:\/\/enseyes.com\/wp-content\/uploads\/2021\/03\/byo_premium_kc.jpg 500w\" sizes=\"auto, (max-width: 300px) 100vw, 300px\" \/><\/a>[\/vc_column_text][\/vc_column][vc_column width=&raquo;1\/3&#8243;][vc_column_text]<\/p>\n<h3 style=\"text-align: center;\"><a href=\"https:\/\/enseyes.com\/nb\/byo-premium-mc\/\">Byo Premium MC<\/a><\/h3>\n<p><a href=\"https:\/\/enseyes.com\/nb\/byo-premium-mc\/\"><img loading=\"lazy\" decoding=\"async\" class=\"alignnone wp-image-50411 size-medium\" src=\"https:\/\/enseyes.com\/wp-content\/uploads\/2021\/04\/byo_premium_mc-300x195.jpeg\" alt=\"\" width=\"300\" height=\"195\" srcset=\"https:\/\/enseyes.com\/wp-content\/uploads\/2021\/04\/byo_premium_mc-300x195.jpeg 300w, https:\/\/enseyes.com\/wp-content\/uploads\/2021\/04\/byo_premium_mc.jpeg 500w\" sizes=\"auto, (max-width: 300px) 100vw, 300px\" \/><\/a>[\/vc_column_text][\/vc_column][\/vc_row]<\/p>\n<\/div>","protected":false},"excerpt":{"rendered":"<p>[vc_row][vc_column][vc_single_image image=&raquo;49994&#8243; img_size=&raquo;large&raquo; alignment=&raquo;center&raquo;][\/vc_column][\/vc_row][vc_row][vc_column][vc_column_text]Har du problemer med kontaktlinsene? Med topografisk tilpassede linser f\u00e5r du et unikt design som passer akkurat til \u00f8ynene dine. Med de innovative linsene f\u00e5r du raskere justering, bedre komfort og skarpt syn hele dagen.[\/vc_column_text][\/vc_column][\/vc_row][vc_row][vc_column width=&raquo;1\/3&#8243;][vc_column_text] Nattlinser<\/p>\n","protected":false},"author":237,"featured_media":0,"parent":2911,"menu_order":1,"comment_status":"closed","ping_status":"closed","template":"templates\/product-category.php","meta":{"_acf_changed":false,"footnotes":""},"class_list":["post-2914","page","type-page","status-publish","hentry"],"acf":[],"yoast_head":"<!-- This site is optimized with the Yoast SEO plugin v27.4 - https:\/\/yoast.com\/product\/yoast-seo-wordpress\/ -->\n<title>Topografisk Tilpassede Linser - EnsEyes<\/title>\n<meta name=\"robots\" content=\"index, follow, max-snippet:-1, max-image-preview:large, max-video-preview:-1\" \/>\n<link rel=\"canonical\" href=\"https:\/\/enseyes.com\/nb\/produkter\/topografisk-tilpassede-linser\/\" \/>\n<meta property=\"og:locale\" content=\"nb_NO\" \/>\n<meta property=\"og:type\" content=\"article\" \/>\n<meta property=\"og:title\" content=\"Topografisk Tilpassede Linser - EnsEyes\" \/>\n<meta property=\"og:description\" content=\"[vc_row][vc_column][vc_single_image image=&raquo;49994&#8243; img_size=&raquo;large&raquo; alignment=&raquo;center&raquo;][\/vc_column][\/vc_row][vc_row][vc_column][vc_column_text]Har du problemer med kontaktlinsene? Med topografisk tilpassede linser f\u00e5r du et unikt design som passer akkurat til \u00f8ynene dine. Med de innovative linsene f\u00e5r du raskere justering, bedre komfort og skarpt syn hele dagen.[\/vc_column_text][\/vc_column][\/vc_row][vc_row][vc_column width=&raquo;1\/3&#8243;][vc_column_text] Nattlinser\" \/>\n<meta property=\"og:url\" content=\"https:\/\/enseyes.com\/nb\/produkter\/topografisk-tilpassede-linser\/\" \/>\n<meta property=\"og:site_name\" content=\"EnsEyes\" \/>\n<meta property=\"article:modified_time\" content=\"2021-04-21T13:48:26+00:00\" \/>\n<meta property=\"og:image\" content=\"https:\/\/enseyes.com\/wp-content\/uploads\/2021\/03\/dreamlite-300x195.jpg\" \/>\n<meta name=\"twitter:card\" content=\"summary_large_image\" \/>\n<meta name=\"twitter:label1\" content=\"Ansl. lesetid\" \/>\n\t<meta name=\"twitter:data1\" content=\"3 minutter\" \/>\n<script type=\"application\/ld+json\" class=\"yoast-schema-graph\">{\"@context\":\"https:\\\/\\\/schema.org\",\"@graph\":[{\"@type\":\"WebPage\",\"@id\":\"https:\\\/\\\/enseyes.com\\\/nb\\\/produkter\\\/topografisk-tilpassede-linser\\\/\",\"url\":\"https:\\\/\\\/enseyes.com\\\/nb\\\/produkter\\\/topografisk-tilpassede-linser\\\/\",\"name\":\"Topografisk Tilpassede Linser - EnsEyes\",\"isPartOf\":{\"@id\":\"https:\\\/\\\/enseyes.com\\\/sv\\\/#website\"},\"primaryImageOfPage\":{\"@id\":\"https:\\\/\\\/enseyes.com\\\/nb\\\/produkter\\\/topografisk-tilpassede-linser\\\/#primaryimage\"},\"image\":{\"@id\":\"https:\\\/\\\/enseyes.com\\\/nb\\\/produkter\\\/topografisk-tilpassede-linser\\\/#primaryimage\"},\"thumbnailUrl\":\"https:\\\/\\\/enseyes.com\\\/wp-content\\\/uploads\\\/2021\\\/03\\\/dreamlite-300x195.jpg\",\"datePublished\":\"2016-05-17T12:36:36+00:00\",\"dateModified\":\"2021-04-21T13:48:26+00:00\",\"breadcrumb\":{\"@id\":\"https:\\\/\\\/enseyes.com\\\/nb\\\/produkter\\\/topografisk-tilpassede-linser\\\/#breadcrumb\"},\"inLanguage\":\"nb-NO\",\"potentialAction\":[{\"@type\":\"ReadAction\",\"target\":[\"https:\\\/\\\/enseyes.com\\\/nb\\\/produkter\\\/topografisk-tilpassede-linser\\\/\"]}]},{\"@type\":\"ImageObject\",\"inLanguage\":\"nb-NO\",\"@id\":\"https:\\\/\\\/enseyes.com\\\/nb\\\/produkter\\\/topografisk-tilpassede-linser\\\/#primaryimage\",\"url\":\"https:\\\/\\\/enseyes.com\\\/wp-content\\\/uploads\\\/2021\\\/03\\\/dreamlite-300x195.jpg\",\"contentUrl\":\"https:\\\/\\\/enseyes.com\\\/wp-content\\\/uploads\\\/2021\\\/03\\\/dreamlite-300x195.jpg\"},{\"@type\":\"BreadcrumbList\",\"@id\":\"https:\\\/\\\/enseyes.com\\\/nb\\\/produkter\\\/topografisk-tilpassede-linser\\\/#breadcrumb\",\"itemListElement\":[{\"@type\":\"ListItem\",\"position\":1,\"name\":\"Hjem\",\"item\":\"https:\\\/\\\/enseyes.com\\\/nb\\\/\"},{\"@type\":\"ListItem\",\"position\":2,\"name\":\"Produkter\",\"item\":\"https:\\\/\\\/enseyes.com\\\/nb\\\/produkter\\\/\"},{\"@type\":\"ListItem\",\"position\":3,\"name\":\"Topografisk Tilpassede Linser\"}]},{\"@type\":\"WebSite\",\"@id\":\"https:\\\/\\\/enseyes.com\\\/sv\\\/#website\",\"url\":\"https:\\\/\\\/enseyes.com\\\/sv\\\/\",\"name\":\"EnsEyes\",\"description\":\"Cornea Care\",\"potentialAction\":[{\"@type\":\"SearchAction\",\"target\":{\"@type\":\"EntryPoint\",\"urlTemplate\":\"https:\\\/\\\/enseyes.com\\\/sv\\\/?s={search_term_string}\"},\"query-input\":{\"@type\":\"PropertyValueSpecification\",\"valueRequired\":true,\"valueName\":\"search_term_string\"}}],\"inLanguage\":\"nb-NO\"}]}<\/script>\n<!-- \/ Yoast SEO plugin. -->","yoast_head_json":{"title":"Topografisk Tilpassede Linser - EnsEyes","robots":{"index":"index","follow":"follow","max-snippet":"max-snippet:-1","max-image-preview":"max-image-preview:large","max-video-preview":"max-video-preview:-1"},"canonical":"https:\/\/enseyes.com\/nb\/produkter\/topografisk-tilpassede-linser\/","og_locale":"nb_NO","og_type":"article","og_title":"Topografisk Tilpassede Linser - EnsEyes","og_description":"[vc_row][vc_column][vc_single_image image=&raquo;49994&#8243; img_size=&raquo;large&raquo; alignment=&raquo;center&raquo;][\/vc_column][\/vc_row][vc_row][vc_column][vc_column_text]Har du problemer med kontaktlinsene? Med topografisk tilpassede linser f\u00e5r du et unikt design som passer akkurat til \u00f8ynene dine. Med de innovative linsene f\u00e5r du raskere justering, bedre komfort og skarpt syn hele dagen.[\/vc_column_text][\/vc_column][\/vc_row][vc_row][vc_column width=&raquo;1\/3&#8243;][vc_column_text] Nattlinser","og_url":"https:\/\/enseyes.com\/nb\/produkter\/topografisk-tilpassede-linser\/","og_site_name":"EnsEyes","article_modified_time":"2021-04-21T13:48:26+00:00","og_image":[{"url":"https:\/\/enseyes.com\/wp-content\/uploads\/2021\/03\/dreamlite-300x195.jpg","type":"","width":"","height":""}],"twitter_card":"summary_large_image","twitter_misc":{"Ansl. lesetid":"3 minutter"},"schema":{"@context":"https:\/\/schema.org","@graph":[{"@type":"WebPage","@id":"https:\/\/enseyes.com\/nb\/produkter\/topografisk-tilpassede-linser\/","url":"https:\/\/enseyes.com\/nb\/produkter\/topografisk-tilpassede-linser\/","name":"Topografisk Tilpassede Linser - EnsEyes","isPartOf":{"@id":"https:\/\/enseyes.com\/sv\/#website"},"primaryImageOfPage":{"@id":"https:\/\/enseyes.com\/nb\/produkter\/topografisk-tilpassede-linser\/#primaryimage"},"image":{"@id":"https:\/\/enseyes.com\/nb\/produkter\/topografisk-tilpassede-linser\/#primaryimage"},"thumbnailUrl":"https:\/\/enseyes.com\/wp-content\/uploads\/2021\/03\/dreamlite-300x195.jpg","datePublished":"2016-05-17T12:36:36+00:00","dateModified":"2021-04-21T13:48:26+00:00","breadcrumb":{"@id":"https:\/\/enseyes.com\/nb\/produkter\/topografisk-tilpassede-linser\/#breadcrumb"},"inLanguage":"nb-NO","potentialAction":[{"@type":"ReadAction","target":["https:\/\/enseyes.com\/nb\/produkter\/topografisk-tilpassede-linser\/"]}]},{"@type":"ImageObject","inLanguage":"nb-NO","@id":"https:\/\/enseyes.com\/nb\/produkter\/topografisk-tilpassede-linser\/#primaryimage","url":"https:\/\/enseyes.com\/wp-content\/uploads\/2021\/03\/dreamlite-300x195.jpg","contentUrl":"https:\/\/enseyes.com\/wp-content\/uploads\/2021\/03\/dreamlite-300x195.jpg"},{"@type":"BreadcrumbList","@id":"https:\/\/enseyes.com\/nb\/produkter\/topografisk-tilpassede-linser\/#breadcrumb","itemListElement":[{"@type":"ListItem","position":1,"name":"Hjem","item":"https:\/\/enseyes.com\/nb\/"},{"@type":"ListItem","position":2,"name":"Produkter","item":"https:\/\/enseyes.com\/nb\/produkter\/"},{"@type":"ListItem","position":3,"name":"Topografisk Tilpassede Linser"}]},{"@type":"WebSite","@id":"https:\/\/enseyes.com\/sv\/#website","url":"https:\/\/enseyes.com\/sv\/","name":"EnsEyes","description":"Cornea Care","potentialAction":[{"@type":"SearchAction","target":{"@type":"EntryPoint","urlTemplate":"https:\/\/enseyes.com\/sv\/?s={search_term_string}"},"query-input":{"@type":"PropertyValueSpecification","valueRequired":true,"valueName":"search_term_string"}}],"inLanguage":"nb-NO"}]}},"_links":{"self":[{"href":"https:\/\/enseyes.com\/nb\/wp-json\/wp\/v2\/pages\/2914","targetHints":{"allow":["GET"]}}],"collection":[{"href":"https:\/\/enseyes.com\/nb\/wp-json\/wp\/v2\/pages"}],"about":[{"href":"https:\/\/enseyes.com\/nb\/wp-json\/wp\/v2\/types\/page"}],"author":[{"embeddable":true,"href":"https:\/\/enseyes.com\/nb\/wp-json\/wp\/v2\/users\/237"}],"replies":[{"embeddable":true,"href":"https:\/\/enseyes.com\/nb\/wp-json\/wp\/v2\/comments?post=2914"}],"version-history":[{"count":0,"href":"https:\/\/enseyes.com\/nb\/wp-json\/wp\/v2\/pages\/2914\/revisions"}],"up":[{"embeddable":true,"href":"https:\/\/enseyes.com\/nb\/wp-json\/wp\/v2\/pages\/2911"}],"wp:attachment":[{"href":"https:\/\/enseyes.com\/nb\/wp-json\/wp\/v2\/media?parent=2914"}],"curies":[{"name":"wp","href":"https:\/\/api.w.org\/{rel}","templated":true}]}}