{"id":2921,"date":"2016-05-17T13:58:09","date_gmt":"2016-05-17T12:58:09","guid":{"rendered":"http:\/\/enseyes.com\/?page_id=2921&#038;lang=nb"},"modified":"2021-04-26T15:12:13","modified_gmt":"2021-04-26T14:12:13","slug":"natural-fit","status":"publish","type":"page","link":"https:\/\/enseyes.com\/nb\/produkter\/topografisk-tilpassede-linser\/natural-fit\/","title":{"rendered":"Senso Unico"},"content":{"rendered":"<div class=\"wpb-content-wrapper\"><p>[vc_row][vc_column][vc_single_image image=&raquo;49994&#8243; img_size=&raquo;full&raquo;][\/vc_column][\/vc_row][vc_row][vc_column width=&raquo;1\/3&#8243;][vc_single_image image=&raquo;48244&#8243; img_size=&raquo;medium&raquo;][\/vc_column][vc_column width=&raquo;2\/3&#8243;][vc_column_text]<\/p>\n<h5>SENSO UNICO<\/h5>\n<ul>\n<li>Individuelt tilpasset tilpasning<\/li>\n<li>Optimal komfort<\/li>\n<li>Fremragende syn<\/li>\n<\/ul>\n<p>Senso Unico er en topografitilpasset formstabil linse. Linsens parametere er beregnet utfra topografim\u00e5linger. Den asf\u00e6riske bakflaten legger seg tett opptil hornhinnens naturlige fasong. Sammen med den asf\u00e6riske forflaten s\u00f8rger den for perfekt tilpasning, med maksimal komfort.[\/vc_column_text][\/vc_column][\/vc_row][vc_row][vc_column][vc_tta_tabs][vc_tta_section title=&raquo;Specifikasjoner&raquo; tab_id=&raquo;1615475851643-5a6dee1f-02f5&#8243;][vc_row_inner][vc_column_inner width=&raquo;1\/2&#8243;][vc_column_text]<strong>Bruk<\/strong><\/p>\n<p>Senso Unico kan brukes daglig i opptil et \u00e5r.[\/vc_column_text][\/vc_column_inner][vc_column_inner width=&raquo;1\/2&#8243;][vc_single_image image=&raquo;2873&#8243; img_size=&raquo;616 \u00d7 345&#8243;][\/vc_column_inner][\/vc_row_inner][\/vc_tta_section][vc_tta_section title=&raquo;Informasjon&raquo; tab_id=&raquo;1615475851652-8c8a315b-7430&#8243;][vc_column_text]Les bruksanvisningen n\u00f8ye f\u00f8r du begynner \u00e5 bruke Senso Unico. Informasjonen er gitt av din kontaktlinsespesialist. \u00d8nsker du mer informasjon eller r\u00e5d? Kontakt oss p\u00e5 tlf. +45 75 10 24 10[\/vc_column_text][vc_row_inner][vc_column_inner width=&raquo;1\/2&#8243;][vc_video link=&raquo;https:\/\/player.vimeo.com\/video\/311662576&#8243;][vc_column_text]<a href=\"mailto:?&amp;subject=Instruktionsvideo&amp;body=Se%20denne%20video%20https:\/\/player.vimeo.com\/video\/311662576\">Send video<\/a>\u00a0 \u00a0&#8211;\u00a0 \u00a0<a href=\"https:\/\/player.vimeo.com\/video\/311662576?autoplay=0%22%20frameborder=%220%22%20webkitallowfullscreen=%22%22%20mozallowfullscreen=%22%22%20allowfullscreen=\" target=\"_blank\" rel=\"noopener\">Afspil i stor format<\/a>[\/vc_column_text][\/vc_column_inner][vc_column_inner width=&raquo;1\/2&#8243;][vc_video link=&raquo;https:\/\/player.vimeo.com\/video\/311662609&#8243;][vc_column_text]<a href=\"mailto:?&amp;subject=Instruktionsvideo&amp;body=Se%20denne%20video%20https:\/\/player.vimeo.com\/video\/311662609\">Send video<\/a>\u00a0 \u00a0&#8211;\u00a0 \u00a0<a href=\"https:\/\/player.vimeo.com\/video\/311662609?autoplay=0%22%20frameborder=%220%22%20webkitallowfullscreen=%22%22%20mozallowfullscreen=%22%22%20allowfullscreen=\" target=\"_blank\" rel=\"noopener\">Afspil i stor format<\/a>[\/vc_column_text][\/vc_column_inner][\/vc_row_inner][\/vc_tta_section][vc_tta_section title=&raquo;kontaktlinsev\u00e6ske&raquo; tab_id=&raquo;1615477112592-3c6d45a2-ac84&#8243;][vc_column_text]Vi anbefaler rengj\u00f8ring, desinfisering, oppbevaring, skylling og bruk av Senso Unico-kontaktlinser med ubehandlet kontaktlinsev\u00e6ske som Ever Clean eller <a href=\"https:\/\/enseyes.com\/nb\/produkter\/linsevaeske\/unidose-saline\/\">Unidose saline<\/a>.[\/vc_column_text][\/vc_tta_section][vc_tta_section title=&raquo;Informasjon for optikere&raquo; tab_id=&raquo;1615477288441-2f7ef8e5-bf39&#8243;][vc_row_inner][vc_column_inner][vc_column_text]<strong>Tilpasning<\/strong><br \/>\nLinsen er beregnet i MyProcornea som er et spesielt justeringsprogram. Programmet er kompatibelt med alle topografer som handles i Norden.<\/p>\n<p><a href=\"https:\/\/enseyes.com\/wp-content\/uploads\/2021\/03\/senso_unico.pdf\" target=\"_blank\" rel=\"noopener\">Last ned datablad<\/a><\/p>\n<p>\n<table id=\"tablepress-5\" class=\"tablepress tablepress-id-5\">\n<thead>\n<tr class=\"row-1\">\n\t<th class=\"column-1\">Parametre Senso Unico:<\/th><td class=\"column-2\"><\/td><td class=\"column-3\"><\/td>\n<\/tr>\n<\/thead>\n<tbody class=\"row-striping row-hover\">\n<tr class=\"row-2\">\n\t<td class=\"column-1\">Diameter:<\/td><td class=\"column-2\">9,60 - 10,50mm Individuelt beregnet<\/td><td class=\"column-3\"><\/td>\n<\/tr>\n<tr class=\"row-3\">\n\t<td class=\"column-1\">Basis kurve:<\/td><td class=\"column-2\">7.10 mm til 9.00 mm i 0,05 mm spring <\/td><td class=\"column-3\"><\/td>\n<\/tr>\n<tr class=\"row-4\">\n\t<td class=\"column-1\">Sf\u00e6risk styrke (F\u2019v):<\/td><td class=\"column-2\">+20.00 D til -20.00 D i 0.25 D spring<\/td><td class=\"column-3\"><\/td>\n<\/tr>\n<tr class=\"row-5\">\n\t<td class=\"column-1\">E-v\u00e6rdi:<\/td><td class=\"column-2\">0.1 til 0.9 (beregnet individuelt baseret p\u00e5 topografien)<\/td><td class=\"column-3\"><\/td>\n<\/tr>\n<tr class=\"row-6\">\n\t<td class=\"column-1\">Forside cylinder:<\/td><td class=\"column-2\">Max. -2.50 D<\/td><td class=\"column-3\"><\/td>\n<\/tr>\n<tr class=\"row-7\">\n\t<td class=\"column-1\">Akse:<\/td><td class=\"column-2\">0\u00b0 til 180\u00b0 i 5\u00b0 spring<\/td><td class=\"column-3\"><\/td>\n<\/tr>\n<tr class=\"row-8\">\n\t<td class=\"column-1\">Prisme i fronttorisk design<\/td><td class=\"column-2\">1.25<\/td><td class=\"column-3\"><\/td>\n<\/tr>\n<tr class=\"row-9\">\n\t<td class=\"column-1\">Tekniske data:<\/td><td class=\"column-2\"><\/td><td class=\"column-3\"><\/td>\n<\/tr>\n<tr class=\"row-10\">\n\t<td class=\"column-1\">Materiale:<\/td><td class=\"column-2\"><a href=\"https:\/\/enseyes.com\/materialer\/\">Alle tilg\u00e6ngelige RGP materialer<\/a><\/td><td class=\"column-3\"><\/td>\n<\/tr>\n<tr class=\"row-11\">\n\t<td class=\"column-1\">Center tykkelse:<\/td><td class=\"column-2\">0.13 mm (-3.00 D)<\/td><td class=\"column-3\"><\/td>\n<\/tr>\n<tr class=\"row-12\">\n\t<td class=\"column-1\">Gravering:<\/td><td class=\"column-2\">R (h\u00f8jre) L (venstre)<\/td><td class=\"column-3\"><\/td>\n<\/tr>\n<tr class=\"row-13\">\n\t<td class=\"column-1\">Markering:<\/td><td class=\"column-2\">Streg i fladeste meridan<\/td><td class=\"column-3\"><\/td>\n<\/tr>\n<tr class=\"row-14\">\n\t<td class=\"column-1\">Forpakning:<\/td><td class=\"column-2\">Blister<\/td><td class=\"column-3\"><\/td>\n<\/tr>\n<\/tbody>\n<\/table>\n<!-- #tablepress-5 from cache -->[\/vc_column_text][\/vc_column_inner][\/vc_row_inner][\/vc_tta_section][\/vc_tta_tabs][\/vc_column][\/vc_row]<\/p>\n<\/div>","protected":false},"excerpt":{"rendered":"<p>[vc_row][vc_column][vc_single_image image=&raquo;49994&#8243; img_size=&raquo;full&raquo;][\/vc_column][\/vc_row][vc_row][vc_column width=&raquo;1\/3&#8243;][vc_single_image image=&raquo;48244&#8243; img_size=&raquo;medium&raquo;][\/vc_column][vc_column width=&raquo;2\/3&#8243;][vc_column_text] SENSO UNICO Individuelt tilpasset tilpasning Optimal komfort Fremragende syn Senso Unico er en topografitilpasset formstabil linse. Linsens parametere er beregnet utfra topografim\u00e5linger. Den asf\u00e6riske bakflaten legger seg tett opptil hornhinnens naturlige fasong. Sammen<\/p>\n","protected":false},"author":237,"featured_media":0,"parent":2914,"menu_order":2,"comment_status":"closed","ping_status":"closed","template":"templates\/product-page.php","meta":{"_acf_changed":false,"footnotes":""},"class_list":["post-2921","page","type-page","status-publish","hentry"],"acf":[],"yoast_head":"<!-- This site is optimized with the Yoast SEO plugin v27.4 - https:\/\/yoast.com\/product\/yoast-seo-wordpress\/ -->\n<title>Senso Unico - EnsEyes<\/title>\n<meta name=\"robots\" content=\"index, follow, max-snippet:-1, max-image-preview:large, max-video-preview:-1\" \/>\n<link rel=\"canonical\" href=\"https:\/\/enseyes.com\/nb\/produkter\/topografisk-tilpassede-linser\/natural-fit\/\" \/>\n<meta property=\"og:locale\" content=\"nb_NO\" \/>\n<meta property=\"og:type\" content=\"article\" \/>\n<meta property=\"og:title\" content=\"Senso Unico - EnsEyes\" \/>\n<meta property=\"og:description\" content=\"[vc_row][vc_column][vc_single_image image=&raquo;49994&#8243; img_size=&raquo;full&raquo;][\/vc_column][\/vc_row][vc_row][vc_column width=&raquo;1\/3&#8243;][vc_single_image image=&raquo;48244&#8243; img_size=&raquo;medium&raquo;][\/vc_column][vc_column width=&raquo;2\/3&#8243;][vc_column_text] SENSO UNICO Individuelt tilpasset tilpasning Optimal komfort Fremragende syn Senso Unico er en topografitilpasset formstabil linse. Linsens parametere er beregnet utfra topografim\u00e5linger. Den asf\u00e6riske bakflaten legger seg tett opptil hornhinnens naturlige fasong. Sammen\" \/>\n<meta property=\"og:url\" content=\"https:\/\/enseyes.com\/nb\/produkter\/topografisk-tilpassede-linser\/natural-fit\/\" \/>\n<meta property=\"og:site_name\" content=\"EnsEyes\" \/>\n<meta property=\"article:modified_time\" content=\"2021-04-26T14:12:13+00:00\" \/>\n<meta name=\"twitter:card\" content=\"summary_large_image\" \/>\n<meta name=\"twitter:label1\" content=\"Ansl. lesetid\" \/>\n\t<meta name=\"twitter:data1\" content=\"1 minutt\" \/>\n<script type=\"application\/ld+json\" class=\"yoast-schema-graph\">{\"@context\":\"https:\\\/\\\/schema.org\",\"@graph\":[{\"@type\":\"WebPage\",\"@id\":\"https:\\\/\\\/enseyes.com\\\/nb\\\/produkter\\\/topografisk-tilpassede-linser\\\/natural-fit\\\/\",\"url\":\"https:\\\/\\\/enseyes.com\\\/nb\\\/produkter\\\/topografisk-tilpassede-linser\\\/natural-fit\\\/\",\"name\":\"Senso Unico - EnsEyes\",\"isPartOf\":{\"@id\":\"https:\\\/\\\/enseyes.com\\\/sv\\\/#website\"},\"datePublished\":\"2016-05-17T12:58:09+00:00\",\"dateModified\":\"2021-04-26T14:12:13+00:00\",\"breadcrumb\":{\"@id\":\"https:\\\/\\\/enseyes.com\\\/nb\\\/produkter\\\/topografisk-tilpassede-linser\\\/natural-fit\\\/#breadcrumb\"},\"inLanguage\":\"nb-NO\",\"potentialAction\":[{\"@type\":\"ReadAction\",\"target\":[\"https:\\\/\\\/enseyes.com\\\/nb\\\/produkter\\\/topografisk-tilpassede-linser\\\/natural-fit\\\/\"]}]},{\"@type\":\"BreadcrumbList\",\"@id\":\"https:\\\/\\\/enseyes.com\\\/nb\\\/produkter\\\/topografisk-tilpassede-linser\\\/natural-fit\\\/#breadcrumb\",\"itemListElement\":[{\"@type\":\"ListItem\",\"position\":1,\"name\":\"Hjem\",\"item\":\"https:\\\/\\\/enseyes.com\\\/nb\\\/\"},{\"@type\":\"ListItem\",\"position\":2,\"name\":\"Produkter\",\"item\":\"https:\\\/\\\/enseyes.com\\\/nb\\\/produkter\\\/\"},{\"@type\":\"ListItem\",\"position\":3,\"name\":\"Topografisk Tilpassede Linser\",\"item\":\"https:\\\/\\\/enseyes.com\\\/nb\\\/produkter\\\/topografisk-tilpassede-linser\\\/\"},{\"@type\":\"ListItem\",\"position\":4,\"name\":\"Senso Unico\"}]},{\"@type\":\"WebSite\",\"@id\":\"https:\\\/\\\/enseyes.com\\\/sv\\\/#website\",\"url\":\"https:\\\/\\\/enseyes.com\\\/sv\\\/\",\"name\":\"EnsEyes\",\"description\":\"Cornea Care\",\"potentialAction\":[{\"@type\":\"SearchAction\",\"target\":{\"@type\":\"EntryPoint\",\"urlTemplate\":\"https:\\\/\\\/enseyes.com\\\/sv\\\/?s={search_term_string}\"},\"query-input\":{\"@type\":\"PropertyValueSpecification\",\"valueRequired\":true,\"valueName\":\"search_term_string\"}}],\"inLanguage\":\"nb-NO\"}]}<\/script>\n<!-- \/ Yoast SEO plugin. -->","yoast_head_json":{"title":"Senso Unico - EnsEyes","robots":{"index":"index","follow":"follow","max-snippet":"max-snippet:-1","max-image-preview":"max-image-preview:large","max-video-preview":"max-video-preview:-1"},"canonical":"https:\/\/enseyes.com\/nb\/produkter\/topografisk-tilpassede-linser\/natural-fit\/","og_locale":"nb_NO","og_type":"article","og_title":"Senso Unico - EnsEyes","og_description":"[vc_row][vc_column][vc_single_image image=&raquo;49994&#8243; img_size=&raquo;full&raquo;][\/vc_column][\/vc_row][vc_row][vc_column width=&raquo;1\/3&#8243;][vc_single_image image=&raquo;48244&#8243; img_size=&raquo;medium&raquo;][\/vc_column][vc_column width=&raquo;2\/3&#8243;][vc_column_text] SENSO UNICO Individuelt tilpasset tilpasning Optimal komfort Fremragende syn Senso Unico er en topografitilpasset formstabil linse. Linsens parametere er beregnet utfra topografim\u00e5linger. Den asf\u00e6riske bakflaten legger seg tett opptil hornhinnens naturlige fasong. Sammen","og_url":"https:\/\/enseyes.com\/nb\/produkter\/topografisk-tilpassede-linser\/natural-fit\/","og_site_name":"EnsEyes","article_modified_time":"2021-04-26T14:12:13+00:00","twitter_card":"summary_large_image","twitter_misc":{"Ansl. lesetid":"1 minutt"},"schema":{"@context":"https:\/\/schema.org","@graph":[{"@type":"WebPage","@id":"https:\/\/enseyes.com\/nb\/produkter\/topografisk-tilpassede-linser\/natural-fit\/","url":"https:\/\/enseyes.com\/nb\/produkter\/topografisk-tilpassede-linser\/natural-fit\/","name":"Senso Unico - EnsEyes","isPartOf":{"@id":"https:\/\/enseyes.com\/sv\/#website"},"datePublished":"2016-05-17T12:58:09+00:00","dateModified":"2021-04-26T14:12:13+00:00","breadcrumb":{"@id":"https:\/\/enseyes.com\/nb\/produkter\/topografisk-tilpassede-linser\/natural-fit\/#breadcrumb"},"inLanguage":"nb-NO","potentialAction":[{"@type":"ReadAction","target":["https:\/\/enseyes.com\/nb\/produkter\/topografisk-tilpassede-linser\/natural-fit\/"]}]},{"@type":"BreadcrumbList","@id":"https:\/\/enseyes.com\/nb\/produkter\/topografisk-tilpassede-linser\/natural-fit\/#breadcrumb","itemListElement":[{"@type":"ListItem","position":1,"name":"Hjem","item":"https:\/\/enseyes.com\/nb\/"},{"@type":"ListItem","position":2,"name":"Produkter","item":"https:\/\/enseyes.com\/nb\/produkter\/"},{"@type":"ListItem","position":3,"name":"Topografisk Tilpassede Linser","item":"https:\/\/enseyes.com\/nb\/produkter\/topografisk-tilpassede-linser\/"},{"@type":"ListItem","position":4,"name":"Senso Unico"}]},{"@type":"WebSite","@id":"https:\/\/enseyes.com\/sv\/#website","url":"https:\/\/enseyes.com\/sv\/","name":"EnsEyes","description":"Cornea Care","potentialAction":[{"@type":"SearchAction","target":{"@type":"EntryPoint","urlTemplate":"https:\/\/enseyes.com\/sv\/?s={search_term_string}"},"query-input":{"@type":"PropertyValueSpecification","valueRequired":true,"valueName":"search_term_string"}}],"inLanguage":"nb-NO"}]}},"_links":{"self":[{"href":"https:\/\/enseyes.com\/nb\/wp-json\/wp\/v2\/pages\/2921","targetHints":{"allow":["GET"]}}],"collection":[{"href":"https:\/\/enseyes.com\/nb\/wp-json\/wp\/v2\/pages"}],"about":[{"href":"https:\/\/enseyes.com\/nb\/wp-json\/wp\/v2\/types\/page"}],"author":[{"embeddable":true,"href":"https:\/\/enseyes.com\/nb\/wp-json\/wp\/v2\/users\/237"}],"replies":[{"embeddable":true,"href":"https:\/\/enseyes.com\/nb\/wp-json\/wp\/v2\/comments?post=2921"}],"version-history":[{"count":0,"href":"https:\/\/enseyes.com\/nb\/wp-json\/wp\/v2\/pages\/2921\/revisions"}],"up":[{"embeddable":true,"href":"https:\/\/enseyes.com\/nb\/wp-json\/wp\/v2\/pages\/2914"}],"wp:attachment":[{"href":"https:\/\/enseyes.com\/nb\/wp-json\/wp\/v2\/media?parent=2921"}],"curies":[{"name":"wp","href":"https:\/\/api.w.org\/{rel}","templated":true}]}}