{"id":2933,"date":"2016-05-17T14:32:10","date_gmt":"2016-05-17T13:32:10","guid":{"rendered":"http:\/\/enseyes.com\/?page_id=2933&#038;lang=nb"},"modified":"2021-06-08T15:18:05","modified_gmt":"2021-06-08T14:18:05","slug":"ecco-soft-4-seasons-kxt","status":"publish","type":"page","link":"https:\/\/enseyes.com\/nb\/produkter\/medicinske-linser\/ecco-soft-4-seasons-kxt\/","title":{"rendered":"Byo Premium KC"},"content":{"rendered":"<div class=\"wpb-content-wrapper\"><p>[vc_row][vc_column][vc_single_image image=&raquo;49901&#8243; img_size=&raquo;full&raquo;][\/vc_column][\/vc_row][vc_row][vc_column width=&raquo;1\/3&#8243;][vc_single_image image=&raquo;49905&#8243; img_size=&raquo;medium&raquo;][\/vc_column][vc_column width=&raquo;2\/3&#8243;][vc_column_text]<\/p>\n<h5>BYO PREMIUM KC<\/h5>\n<ul>\n<li>Stabil visjon<\/li>\n<li>Enkel justering takket v\u00e6re &laquo;Flex soner&raquo;<\/li>\n<li>Optimalisert &laquo;thickness&raquo; profil<\/li>\n<\/ul>\n<p>BYO Premium KC er et flott alternativ der vanlige linser ikke sl\u00e5r til, og RGP-linser ikke er et alternativ. Den myke silikonhydrogelen garanterer optimal oksygenpermeabilitet. Dette bidrar til \u00e5 gj\u00f8re denne linsen spesielt nyttig i medisinske tilpasninger.[\/vc_column_text][\/vc_column][\/vc_row][vc_row][vc_column][vc_tta_tabs][vc_tta_section title=&raquo;Specifikasjoner&raquo; tab_id=&raquo;1615475851643-5a6dee1f-02f5&#8243;][vc_row_inner][vc_column_inner width=&raquo;1\/2&#8243;][vc_column_text]<\/p>\n<h5>Hvem kan bruke BYO Premium KC<\/h5>\n<p>BYO Premium KC er en skreddersydd linse designet for uregelmessige hornhinner, som keratokonus, PMD eller hornhinnetransplantasjoner. N\u00e5r hornhinnen er uregelmessig eller skadet, gir standard kontaktlinser og briller ofte ikke \u00f8nsket skarphet og komfort. BYO Premium KC har en optimalisert tykkelsesprofil i kombinasjon med fleksibel tynnere kant (Flex Zones). Dette gir en god passform, optimal syn og b\u00e6rekomfort.<\/p>\n<h5>Brug<\/h5>\n<p>BYO Premium KC kan benyttes dagligt i op til tre m\u00e5neder.[\/vc_column_text][\/vc_column_inner][vc_column_inner width=&raquo;1\/2&#8243;][vc_column_text]<\/p>\n<h5>Silicone Hydrogel<\/h5>\n<p>Silikonhydrogelmaterialet garanterer utmerket oksygen- og rivepermeabilitet. Dette holder \u00f8ynene dine sunne og gj\u00f8r kontaktlinsen ekstra behagelig \u00e5 ha p\u00e5.[\/vc_column_text][\/vc_column_inner][\/vc_row_inner][\/vc_tta_section][vc_tta_section title=&raquo;Informasjon&raquo; tab_id=&raquo;1615475851652-8c8a315b-7430&#8243;][vc_column_text]F\u00f8r du bruker BYO Premium KC, m\u00e5 du lese bruksanvisningen n\u00f8ye. Informasjonen blir gitt av din kontaktlinsespesialist. \u00d8nsker du mer informasjon eller r\u00e5d? Kontakt oss p\u00e5 tlf +45 75 10 24 10<\/p>\n<p><a href=\"https:\/\/enseyes.com\/wp-content\/uploads\/2021\/03\/byo_premium_kc.pdf\" target=\"_blank\" rel=\"noopener\">Du kan laste ned bruksanvisning her<\/a>[\/vc_column_text][vc_row_inner][vc_column_inner width=&raquo;1\/2&#8243;][vc_video link=&raquo;https:\/\/player.vimeo.com\/video\/311662503&#8243;][vc_column_text]<a href=\"mailto:?&amp;subject=Instruksjonsvideo&amp;body=Se%20denne%20video%20https:\/\/player.vimeo.com\/video\/311662503\">Send video<\/a>\u00a0 \u00a0 \u00a0\u2013\u00a0 \u00a0 \u00a0<a href=\"https:\/\/player.vimeo.com\/video\/311662503?autoplay=0&quot; width=&quot;263&quot; height=&quot;148&quot; frameborder=&quot;0&quot; webkitallowfullscreen=&quot;&quot; mozallowfullscreen=&quot;&quot; allowfullscreen=\" target=\"_blank\" rel=\"noopener\">Se i stort format<\/a>[\/vc_column_text][\/vc_column_inner][vc_column_inner width=&raquo;1\/2&#8243;][vc_video link=&raquo;https:\/\/player.vimeo.com\/video\/311662540&#8243;][vc_column_text]<a href=\"mailto:?&amp;subject=Instruksjonsvideo&amp;body=Se%20denne%20video%20https:\/\/player.vimeo.com\/video\/311662540\">Send video<\/a>\u00a0 \u00a0 \u00a0\u2013\u00a0 \u00a0 \u00a0<a href=\"https:\/\/player.vimeo.com\/video\/311662540?autoplay=0&quot; frameborder=&quot;0&quot; webkitallowfullscreen=&quot;&quot; mozallowfullscreen=&quot;&quot; allowfullscreen=\" target=\"_blank\" rel=\"noopener\">Se i stort format<\/a>[\/vc_column_text][\/vc_column_inner][\/vc_row_inner][\/vc_tta_section][vc_tta_section title=&raquo;kontaktlinsev\u00e6ske&raquo; tab_id=&raquo;1615477112592-3c6d45a2-ac84&#8243;][vc_column_text]Vi anbefaler rengj\u00f8ring, desinfisering, oppbevaring, skylling og bruk av BYO Premium-kontaktlinser med ubeskyttet kontaktlinsev\u00e6ske som Ever Clean og <a href=\"https:\/\/enseyes.com\/nb\/produkter\/linsevaeske\/unidose-saline\/\">Unidose saline<\/a> eller <a href=\"https:\/\/enseyes.com\/nb\/produkter\/linsevaeske\/regard\/\">Regard<\/a>[\/vc_column_text][\/vc_tta_section][vc_tta_section title=&raquo;Informasjon til optikere&raquo; tab_id=&raquo;1615477288441-2f7ef8e5-bf39&#8243;][vc_row_inner][vc_column_inner width=&raquo;2\/3&#8243;][vc_column_text]<\/p>\n<h5>Tilpasning<\/h5>\n<p>Linsen justeres ut fra topografibilder. Kunder som ikke har en topograf, kan ikke bestille tilpassede linser.<\/p>\n<h5>F\u00f8rste linsevalg:<\/h5>\n<p>For keratokonus: Flatteste K-dimensjon + 0,6 mm<br \/>\nFor hornhinnetransplantasjoner: r 8,3 mm<\/p>\n<h5>Sjekk etter 30 minutter:<\/h5>\n<p>Bevegelse fra 0,5 &#8211; 1 mm<br \/>\nLinsekanten skal v\u00e6re parallell med scleraen. For luftbobler under kanten velges en kurveradius. Hvis det er for lite bevegelse, velges en flatere radius.<\/p>\n<h5>Bestemmelse av aksen:<\/h5>\n<p>Justeringslinsene er merket med prisme-stabilisering med linjer i 0 \u00b0 og 180 \u00b0. Akseretningen til linsemarkeringen leses og beregnes p\u00e5 vanlig m\u00e5te i henhold til LARS-regelen.<\/p>\n<p><a href=\"https:\/\/enseyes.com\/wp-content\/uploads\/2021\/03\/Byo-Premium-KC.pdf\" target=\"_blank\" rel=\"noopener\">Last ned datablad<\/a><\/p>\n<p>\n<table id=\"tablepress-2\" class=\"tablepress tablepress-id-2\">\n<thead>\n<tr class=\"row-1\">\n\t<th class=\"column-1\">Parametre BYO Premium KC:<\/th><td class=\"column-2\"><\/td><td class=\"column-3\"><\/td>\n<\/tr>\n<\/thead>\n<tbody class=\"row-striping row-hover\">\n<tr class=\"row-2\">\n\t<td class=\"column-1\">Radius (r0):<\/td><td class=\"column-2\">7.50 mm til 9.80 mm i 0.10 mm spring<\/td><td class=\"column-3\"><\/td>\n<\/tr>\n<tr class=\"row-3\">\n\t<td class=\"column-1\">Sf\u00e6risk styrke (F\u2019v):<\/td><td class=\"column-2\">+25.00 D til -25.00 D i 0.25 D spring<\/td><td class=\"column-3\"><\/td>\n<\/tr>\n<tr class=\"row-4\">\n\t<td class=\"column-1\">Cylinder (Torisk):<\/td><td class=\"column-2\">-0.75 D til -6.00 D i 0.25 D spring<\/td><td class=\"column-3\"><\/td>\n<\/tr>\n<tr class=\"row-5\">\n\t<td class=\"column-1\">Akse (Torisk):<\/td><td class=\"column-2\">0\u00b0 til 180\u00b0 i 1\u00b0 grads spring<\/td><td class=\"column-3\"><\/td>\n<\/tr>\n<tr class=\"row-6\">\n\t<td class=\"column-1\">Diameter (\u00d8T)*:<\/td><td class=\"column-2\">13.50 mm til 15.00 mm i 0.10 mm spring<\/td><td class=\"column-3\"><\/td>\n<\/tr>\n<tr class=\"row-7\">\n\t<td class=\"column-1\">*Standard 14.00 mm. Special parametre p\u00e5 foresp\u00f8rgsel.<\/td><td class=\"column-2\"><\/td><td class=\"column-3\"><\/td>\n<\/tr>\n<tr class=\"row-8\">\n\t<td class=\"column-1\">Teknisk information<\/td><td class=\"column-2\"><\/td><td class=\"column-3\"><\/td>\n<\/tr>\n<tr class=\"row-9\">\n\t<td class=\"column-1\">Materiale:<\/td><td class=\"column-2\">Ultima silicone hydrogel*<\/td><td class=\"column-3\">GM3<\/td>\n<\/tr>\n<tr class=\"row-10\">\n\t<td class=\"column-1\">Vand indhold:<\/td><td class=\"column-2\">48%<\/td><td class=\"column-3\">58%<\/td>\n<\/tr>\n<tr class=\"row-11\">\n\t<td class=\"column-1\">Dk\/t:<\/td><td class=\"column-2\">71 (-3.00 D)<\/td><td class=\"column-3\">27 (-3.00 D)<\/td>\n<\/tr>\n<tr class=\"row-12\">\n\t<td class=\"column-1\">Modulus:<\/td><td class=\"column-2\">0.62 Mpa<\/td><td class=\"column-3\">0.16 Mpa<\/td>\n<\/tr>\n<tr class=\"row-13\">\n\t<td class=\"column-1\">UV filter:<\/td><td class=\"column-2\">Ja<\/td><td class=\"column-3\">Ja<\/td>\n<\/tr>\n<tr class=\"row-14\">\n\t<td class=\"column-1\">Handling:<\/td><td class=\"column-2\">Nej<\/td><td class=\"column-3\">Klar\/bl\u00e5<br \/>\n<\/td>\n<\/tr>\n<tr class=\"row-15\">\n\t<td class=\"column-1\">Central middel tykkelse:<\/td><td class=\"column-2\">0.30 mm (-3.00 D)<\/td><td class=\"column-3\">0.30 mm (-3.00 D)<\/td>\n<\/tr>\n<tr class=\"row-16\">\n\t<td class=\"column-1\">Markering Toriske:<\/td><td class=\"column-2\">2 markeringer kl. 3 og 9<\/td><td class=\"column-3\"><\/td>\n<\/tr>\n<tr class=\"row-17\">\n\t<td class=\"column-1\">Gravering:<\/td><td class=\"column-2\">S\/N og Procornea logo<br \/>\n<\/td><td class=\"column-3\"><\/td>\n<\/tr>\n<tr class=\"row-18\">\n\t<td class=\"column-1\">Applikation:<\/td><td class=\"column-2\">Hver dag <\/td><td class=\"column-3\"><\/td>\n<\/tr>\n<tr class=\"row-19\">\n\t<td class=\"column-1\">Forpakning:<\/td><td class=\"column-2\">Blister<\/td><td class=\"column-3\"><\/td>\n<\/tr>\n<tr class=\"row-20\">\n\t<td class=\"column-1\">* Standard material<\/td><td class=\"column-2\"><\/td><td class=\"column-3\"><\/td>\n<\/tr>\n<\/tbody>\n<\/table>\n<!-- #tablepress-2 from cache -->[\/vc_column_text][\/vc_column_inner][vc_column_inner width=&raquo;1\/3&#8243;][vc_single_image image=&raquo;47380&#8243; img_size=&raquo;medium&raquo;][\/vc_column_inner][\/vc_row_inner][\/vc_tta_section][\/vc_tta_tabs][\/vc_column][\/vc_row]<\/p>\n<\/div>","protected":false},"excerpt":{"rendered":"<p>[vc_row][vc_column][vc_single_image image=&raquo;49901&#8243; img_size=&raquo;full&raquo;][\/vc_column][\/vc_row][vc_row][vc_column width=&raquo;1\/3&#8243;][vc_single_image image=&raquo;49905&#8243; img_size=&raquo;medium&raquo;][\/vc_column][vc_column width=&raquo;2\/3&#8243;][vc_column_text] BYO PREMIUM KC Stabil visjon Enkel justering takket v\u00e6re &laquo;Flex soner&raquo; Optimalisert &laquo;thickness&raquo; profil BYO Premium KC er et flott alternativ der vanlige linser ikke sl\u00e5r til, og RGP-linser ikke er et alternativ.<\/p>\n","protected":false},"author":237,"featured_media":0,"parent":2929,"menu_order":1,"comment_status":"closed","ping_status":"closed","template":"templates\/product-page.php","meta":{"_acf_changed":false,"footnotes":""},"class_list":["post-2933","page","type-page","status-publish","hentry"],"acf":[],"yoast_head":"<!-- This site is optimized with the Yoast SEO plugin v27.4 - https:\/\/yoast.com\/product\/yoast-seo-wordpress\/ -->\n<title>Byo Premium KC - EnsEyes<\/title>\n<meta name=\"robots\" content=\"index, follow, max-snippet:-1, max-image-preview:large, max-video-preview:-1\" \/>\n<link rel=\"canonical\" href=\"https:\/\/enseyes.com\/nb\/produkter\/medicinske-linser\/ecco-soft-4-seasons-kxt\/\" \/>\n<meta property=\"og:locale\" content=\"nb_NO\" \/>\n<meta property=\"og:type\" content=\"article\" \/>\n<meta property=\"og:title\" content=\"Byo Premium KC - EnsEyes\" \/>\n<meta property=\"og:description\" content=\"[vc_row][vc_column][vc_single_image image=&raquo;49901&#8243; img_size=&raquo;full&raquo;][\/vc_column][\/vc_row][vc_row][vc_column width=&raquo;1\/3&#8243;][vc_single_image image=&raquo;49905&#8243; img_size=&raquo;medium&raquo;][\/vc_column][vc_column width=&raquo;2\/3&#8243;][vc_column_text] BYO PREMIUM KC Stabil visjon Enkel justering takket v\u00e6re &laquo;Flex soner&raquo; Optimalisert &laquo;thickness&raquo; profil BYO Premium KC er et flott alternativ der vanlige linser ikke sl\u00e5r til, og RGP-linser ikke er et alternativ.\" \/>\n<meta property=\"og:url\" content=\"https:\/\/enseyes.com\/nb\/produkter\/medicinske-linser\/ecco-soft-4-seasons-kxt\/\" \/>\n<meta property=\"og:site_name\" content=\"EnsEyes\" \/>\n<meta property=\"article:modified_time\" content=\"2021-06-08T14:18:05+00:00\" \/>\n<meta name=\"twitter:card\" content=\"summary_large_image\" \/>\n<meta name=\"twitter:label1\" content=\"Ansl. lesetid\" \/>\n\t<meta name=\"twitter:data1\" content=\"2 minutter\" \/>\n<script type=\"application\/ld+json\" class=\"yoast-schema-graph\">{\"@context\":\"https:\\\/\\\/schema.org\",\"@graph\":[{\"@type\":\"WebPage\",\"@id\":\"https:\\\/\\\/enseyes.com\\\/nb\\\/produkter\\\/medicinske-linser\\\/ecco-soft-4-seasons-kxt\\\/\",\"url\":\"https:\\\/\\\/enseyes.com\\\/nb\\\/produkter\\\/medicinske-linser\\\/ecco-soft-4-seasons-kxt\\\/\",\"name\":\"Byo Premium KC - EnsEyes\",\"isPartOf\":{\"@id\":\"https:\\\/\\\/enseyes.com\\\/sv\\\/#website\"},\"datePublished\":\"2016-05-17T13:32:10+00:00\",\"dateModified\":\"2021-06-08T14:18:05+00:00\",\"breadcrumb\":{\"@id\":\"https:\\\/\\\/enseyes.com\\\/nb\\\/produkter\\\/medicinske-linser\\\/ecco-soft-4-seasons-kxt\\\/#breadcrumb\"},\"inLanguage\":\"nb-NO\",\"potentialAction\":[{\"@type\":\"ReadAction\",\"target\":[\"https:\\\/\\\/enseyes.com\\\/nb\\\/produkter\\\/medicinske-linser\\\/ecco-soft-4-seasons-kxt\\\/\"]}]},{\"@type\":\"BreadcrumbList\",\"@id\":\"https:\\\/\\\/enseyes.com\\\/nb\\\/produkter\\\/medicinske-linser\\\/ecco-soft-4-seasons-kxt\\\/#breadcrumb\",\"itemListElement\":[{\"@type\":\"ListItem\",\"position\":1,\"name\":\"Hjem\",\"item\":\"https:\\\/\\\/enseyes.com\\\/nb\\\/\"},{\"@type\":\"ListItem\",\"position\":2,\"name\":\"Produkter\",\"item\":\"https:\\\/\\\/enseyes.com\\\/nb\\\/produkter\\\/\"},{\"@type\":\"ListItem\",\"position\":3,\"name\":\"Medisinske linser\",\"item\":\"https:\\\/\\\/enseyes.com\\\/nb\\\/produkter\\\/medicinske-linser\\\/\"},{\"@type\":\"ListItem\",\"position\":4,\"name\":\"Byo Premium KC\"}]},{\"@type\":\"WebSite\",\"@id\":\"https:\\\/\\\/enseyes.com\\\/sv\\\/#website\",\"url\":\"https:\\\/\\\/enseyes.com\\\/sv\\\/\",\"name\":\"EnsEyes\",\"description\":\"Cornea Care\",\"potentialAction\":[{\"@type\":\"SearchAction\",\"target\":{\"@type\":\"EntryPoint\",\"urlTemplate\":\"https:\\\/\\\/enseyes.com\\\/sv\\\/?s={search_term_string}\"},\"query-input\":{\"@type\":\"PropertyValueSpecification\",\"valueRequired\":true,\"valueName\":\"search_term_string\"}}],\"inLanguage\":\"nb-NO\"}]}<\/script>\n<!-- \/ Yoast SEO plugin. -->","yoast_head_json":{"title":"Byo Premium KC - EnsEyes","robots":{"index":"index","follow":"follow","max-snippet":"max-snippet:-1","max-image-preview":"max-image-preview:large","max-video-preview":"max-video-preview:-1"},"canonical":"https:\/\/enseyes.com\/nb\/produkter\/medicinske-linser\/ecco-soft-4-seasons-kxt\/","og_locale":"nb_NO","og_type":"article","og_title":"Byo Premium KC - EnsEyes","og_description":"[vc_row][vc_column][vc_single_image image=&raquo;49901&#8243; img_size=&raquo;full&raquo;][\/vc_column][\/vc_row][vc_row][vc_column width=&raquo;1\/3&#8243;][vc_single_image image=&raquo;49905&#8243; img_size=&raquo;medium&raquo;][\/vc_column][vc_column width=&raquo;2\/3&#8243;][vc_column_text] BYO PREMIUM KC Stabil visjon Enkel justering takket v\u00e6re &laquo;Flex soner&raquo; Optimalisert &laquo;thickness&raquo; profil BYO Premium KC er et flott alternativ der vanlige linser ikke sl\u00e5r til, og RGP-linser ikke er et alternativ.","og_url":"https:\/\/enseyes.com\/nb\/produkter\/medicinske-linser\/ecco-soft-4-seasons-kxt\/","og_site_name":"EnsEyes","article_modified_time":"2021-06-08T14:18:05+00:00","twitter_card":"summary_large_image","twitter_misc":{"Ansl. lesetid":"2 minutter"},"schema":{"@context":"https:\/\/schema.org","@graph":[{"@type":"WebPage","@id":"https:\/\/enseyes.com\/nb\/produkter\/medicinske-linser\/ecco-soft-4-seasons-kxt\/","url":"https:\/\/enseyes.com\/nb\/produkter\/medicinske-linser\/ecco-soft-4-seasons-kxt\/","name":"Byo Premium KC - EnsEyes","isPartOf":{"@id":"https:\/\/enseyes.com\/sv\/#website"},"datePublished":"2016-05-17T13:32:10+00:00","dateModified":"2021-06-08T14:18:05+00:00","breadcrumb":{"@id":"https:\/\/enseyes.com\/nb\/produkter\/medicinske-linser\/ecco-soft-4-seasons-kxt\/#breadcrumb"},"inLanguage":"nb-NO","potentialAction":[{"@type":"ReadAction","target":["https:\/\/enseyes.com\/nb\/produkter\/medicinske-linser\/ecco-soft-4-seasons-kxt\/"]}]},{"@type":"BreadcrumbList","@id":"https:\/\/enseyes.com\/nb\/produkter\/medicinske-linser\/ecco-soft-4-seasons-kxt\/#breadcrumb","itemListElement":[{"@type":"ListItem","position":1,"name":"Hjem","item":"https:\/\/enseyes.com\/nb\/"},{"@type":"ListItem","position":2,"name":"Produkter","item":"https:\/\/enseyes.com\/nb\/produkter\/"},{"@type":"ListItem","position":3,"name":"Medisinske linser","item":"https:\/\/enseyes.com\/nb\/produkter\/medicinske-linser\/"},{"@type":"ListItem","position":4,"name":"Byo Premium KC"}]},{"@type":"WebSite","@id":"https:\/\/enseyes.com\/sv\/#website","url":"https:\/\/enseyes.com\/sv\/","name":"EnsEyes","description":"Cornea Care","potentialAction":[{"@type":"SearchAction","target":{"@type":"EntryPoint","urlTemplate":"https:\/\/enseyes.com\/sv\/?s={search_term_string}"},"query-input":{"@type":"PropertyValueSpecification","valueRequired":true,"valueName":"search_term_string"}}],"inLanguage":"nb-NO"}]}},"_links":{"self":[{"href":"https:\/\/enseyes.com\/nb\/wp-json\/wp\/v2\/pages\/2933","targetHints":{"allow":["GET"]}}],"collection":[{"href":"https:\/\/enseyes.com\/nb\/wp-json\/wp\/v2\/pages"}],"about":[{"href":"https:\/\/enseyes.com\/nb\/wp-json\/wp\/v2\/types\/page"}],"author":[{"embeddable":true,"href":"https:\/\/enseyes.com\/nb\/wp-json\/wp\/v2\/users\/237"}],"replies":[{"embeddable":true,"href":"https:\/\/enseyes.com\/nb\/wp-json\/wp\/v2\/comments?post=2933"}],"version-history":[{"count":0,"href":"https:\/\/enseyes.com\/nb\/wp-json\/wp\/v2\/pages\/2933\/revisions"}],"up":[{"embeddable":true,"href":"https:\/\/enseyes.com\/nb\/wp-json\/wp\/v2\/pages\/2929"}],"wp:attachment":[{"href":"https:\/\/enseyes.com\/nb\/wp-json\/wp\/v2\/media?parent=2933"}],"curies":[{"name":"wp","href":"https:\/\/api.w.org\/{rel}","templated":true}]}}