{"id":2947,"date":"2016-05-17T17:18:43","date_gmt":"2016-05-17T16:18:43","guid":{"rendered":"http:\/\/enseyes.com\/?page_id=2947&#038;lang=nb"},"modified":"2021-06-09T13:28:47","modified_gmt":"2021-06-09T12:28:47","slug":"kc","status":"publish","type":"page","link":"https:\/\/enseyes.com\/nb\/produkter\/medicinske-linser\/kc\/","title":{"rendered":"Senso KC"},"content":{"rendered":"<div class=\"wpb-content-wrapper\"><p>[vc_row][vc_column][vc_single_image image=&raquo;50316&#8243; img_size=&raquo;full&raquo;][\/vc_column][\/vc_row][vc_row][vc_column width=&raquo;1\/3&#8243;][vc_single_image image=&raquo;50320&#8243; img_size=&raquo;medium&raquo;][\/vc_column][vc_column width=&raquo;2\/3&#8243;][vc_column_text]<\/p>\n<h5>SENSO KC<\/h5>\n<ul>\n<li>Progressiv asf\u00e6risk bakflatedesign<\/li>\n<li>Perifaktor (PF) 1- 4<\/li>\n<li>Perfekt optikk<\/li>\n<li>\u00abComfort edge\u00bb-teknologi<\/li>\n<li>\u00abAB technology\u00bb optikFitting guide<\/li>\n<\/ul>\n<p>Senso KC er utviklet til irregul\u00e6re kornea med keratokonus. Den progressive asf\u00e6riske bakflategeometrien og et \u201ccomfort edge-design\u201d garanterer en fantastisk b\u00e6rerkomfort og optimal linsebevegelse. Senso KC finnes med fire forskjellige avflatningsgrader (PF). Dette gj\u00f8r at designet er velegnet til flere stadier av keratokonus.[\/vc_column_text][\/vc_column][\/vc_row][vc_row][vc_column][vc_tta_tabs][vc_tta_section title=&raquo;Specifikasjoner&raquo; tab_id=&raquo;1615475851643-5a6dee1f-02f5&#8243;][vc_row_inner][vc_column_inner width=&raquo;1\/2&#8243;][vc_column_text]<\/p>\n<h5>Hvem kan bruke Senso KC<\/h5>\n<p>Senso KC er spesialdesignet fra mild til avansert keratokonus. Keratokonus er en tilstand der den normalt runde, kuppellignende hornhinnen blir tynn og utvikler en kjegellignende bule. Denne uvanlige formen gj\u00f8r det umulig \u00e5 bruke vanlige kontaktlinser. En kvalifisert optiker, \u00f8yelege eller kontaktlinsespesialist kan diagnostisere denne tilstanden.[\/vc_column_text][\/vc_column_inner][vc_column_inner width=&raquo;1\/2&#8243;][vc_column_text]<\/p>\n<h5>Bruk<\/h5>\n<p>Senso KC kan brukes daglig i opptil et \u00e5r, hvoretter linsene m\u00e5 byttes ut.<br \/>\nDisse skreddersydde linsene er individuelt designet basert p\u00e5 resultatene fra <a href=\"https:\/\/enseyes.com\/nb\/soeg-optiker\/\">optikeren<\/a> din.[\/vc_column_text][\/vc_column_inner][\/vc_row_inner][\/vc_tta_section][vc_tta_section title=&raquo;Informasjon&raquo; tab_id=&raquo;1615475851652-8c8a315b-7430&#8243;][vc_column_text]Les bruksanvisningen n\u00f8ye f\u00f8r du begynner \u00e5 bruke Dreamlite. Informasjonen blir gitt av din kontaktlinsespesialist. \u00d8nsker du mer informasjon eller r\u00e5d? Kontakt oss p\u00e5 tlf. +45 75 10 24 10<\/p>\n<p><a href=\"https:\/\/enseyes.com\/wp-content\/uploads\/2021\/03\/senso_kc.pdf\" target=\"_blank\" rel=\"noopener\">Du kan laste ned bruksanvisning her<\/a>[\/vc_column_text][vc_row_inner][vc_column_inner width=&raquo;1\/2&#8243;][vc_column_text]<iframe loading=\"lazy\" src=\"https:\/\/player.vimeo.com\/video\/311662576?autoplay=0\" width=\"400\" height=\"225\" frameborder=\"0\" allowfullscreen=\"allowfullscreen\"><\/iframe>[\/vc_column_text][vc_column_text]<\/p>\n<div class=\"wpb_text_column wpb_content_element \">\n<div class=\"wpb_wrapper\">\n<p><a href=\"mailto:?&amp;subject=Instruktionsvideo&amp;body=Se%20denne%20video%20https:\/\/player.vimeo.com\/video\/311662576\">Send video<\/a>\u00a0\u00a0\u00a0\u00a0 \u2013\u00a0\u00a0\u00a0\u00a0 <a href=\"https:\/\/player.vimeo.com\/video\/311662576?autoplay=1\" target=\"_blank\" rel=\"noopener\">Spill i stort format<\/a><\/p>\n<\/div>\n<\/div>\n<p>[\/vc_column_text][\/vc_column_inner][vc_column_inner width=&raquo;1\/2&#8243;][vc_column_text]<iframe loading=\"lazy\" src=\"https:\/\/player.vimeo.com\/video\/311662609?autoplay=0\" width=\"400\" height=\"225\" frameborder=\"0\" allowfullscreen=\"allowfullscreen\"><\/iframe>[\/vc_column_text][vc_column_text]<\/p>\n<div class=\"wpb_text_column wpb_content_element \">\n<div class=\"wpb_wrapper\">\n<p><a href=\"mailto:?&amp;subject=Instruktionsvideo&amp;body=Se%20denne%20video%20https:\/\/player.vimeo.com\/video\/311662609\">Send video<\/a>\u00a0\u00a0\u00a0\u00a0 \u2013\u00a0\u00a0\u00a0\u00a0\u00a0 <a href=\"https:\/\/player.vimeo.com\/video\/311662609?autoplay=1\" target=\"_blank\" rel=\"noopener\">Spill i stort format<\/a><\/p>\n<\/div>\n<\/div>\n<p>[\/vc_column_text][\/vc_column_inner][\/vc_row_inner][\/vc_tta_section][vc_tta_section title=&raquo;kontaktlinsev\u00e6ske&raquo; tab_id=&raquo;1615477112592-3c6d45a2-ac84&#8243;][vc_column_text]Vi anbefaler rengj\u00f8ring, desinfisering, oppbevaring og skylling av DreamLite-kontaktlinser med Ever Clean og <a href=\"https:\/\/enseyes.com\/nb\/produkter\/linsevaeske\/regardk\/\">Regard K<\/a>[\/vc_column_text][\/vc_tta_section][vc_tta_section title=&raquo;Informasjon for optikere&raquo; tab_id=&raquo;1615477288441-2f7ef8e5-bf39&#8243;][vc_row_inner][vc_column_inner width=&raquo;2\/3&#8243;][vc_column_text]Denne linsen er spesielt utviklet for keratokonus, der en linse med alminnelig geometri ikke lenger gir akseptabel passform. Her vil vanlige linser gi sentral b\u00e6ring, kombinert med en stram passform i periferien.<br \/>\nBruk Senso KC-pr\u00f8vesettet Velg den f\u00f8rste linsen utfra det flateste k-m\u00e5let. Velg PF2 eller 4 utfra utflatningen av kornea superior.<br \/>\nUtflatningen superior E=0,7 til E=1,0, velg PF 2 Utflatningen superior E=1,2 til E=1,5 velg PF 4<br \/>\nEvaluer fluoersceinbildet og skift mellom pr\u00f8velinsene til du oppn\u00e5r den beste passformen. M\u00e5let er en 3-punkts passform, der linsens vekt er likt fordelt midten og den perifere delen. Linsen skal stabilisere seg sentralt eller litt ned, avhengig av konusens apeks. Finn riktig linsestyrke ved overrefraksjon.<\/p>\n<p><strong>Tilpasning<\/strong><br \/>\nLinsen er beregnet i et spesielt tilpasset program kalt <a href=\"http:\/\/www.myprocornea.com\" target=\"_blank\" rel=\"noopener\">MyProcornea<\/a>. Programmet er kompatibelt med alle topografene som handles i Norden. Programmet er gratis \u00e5 bruke.<\/p>\n<p>\n<table id=\"tablepress-11\" class=\"tablepress tablepress-id-11\">\n<thead>\n<tr class=\"row-1\">\n\t<th class=\"column-1\">Parametre Senso KC:<\/th><td class=\"column-2\"><\/td><td class=\"column-3\"><\/td>\n<\/tr>\n<\/thead>\n<tbody class=\"row-striping row-hover\">\n<tr class=\"row-2\">\n\t<td class=\"column-1\">Radius (r0):<\/td><td class=\"column-2\">5.50 mm til 9.00 mm i 0.05 mm spring<\/td><td class=\"column-3\"><\/td>\n<\/tr>\n<tr class=\"row-3\">\n\t<td class=\"column-1\">Sf\u00e6risk styrke (F\u2019v):<\/td><td class=\"column-2\">+20.00 D til -20.00 D i 0.25 D spring<\/td><td class=\"column-3\"><\/td>\n<\/tr>\n<tr class=\"row-4\">\n\t<td class=\"column-1\">Perifaktor 1:<\/td><td class=\"column-2\">Op til 0.70<\/td><td class=\"column-3\"><\/td>\n<\/tr>\n<tr class=\"row-5\">\n\t<td class=\"column-1\">Perifaktor 2:<\/td><td class=\"column-2\">0.70 til 1.00<\/td><td class=\"column-3\"><\/td>\n<\/tr>\n<tr class=\"row-6\">\n\t<td class=\"column-1\">Perifaktor 3:<\/td><td class=\"column-2\">1.00 til 1.20<\/td><td class=\"column-3\"><\/td>\n<\/tr>\n<tr class=\"row-7\">\n\t<td class=\"column-1\">Perifaktor 4:<\/td><td class=\"column-2\">1.20 til 1.50<\/td><td class=\"column-3\"><\/td>\n<\/tr>\n<tr class=\"row-8\">\n\t<td class=\"column-1\">Diameter (\u00d8T):<\/td><td class=\"column-2\">9.00 mm til 10.50 mm i 0.30 mm spring. <\/td><td class=\"column-3\"><\/td>\n<\/tr>\n<tr class=\"row-9\">\n\t<td class=\"column-1\">Teknisk information<\/td><td class=\"column-2\"><\/td><td class=\"column-3\"><\/td>\n<\/tr>\n<tr class=\"row-10\">\n\t<td class=\"column-1\">Mindste center tykkelse:<\/td><td class=\"column-2\">0.18 mm (-3.00 D)<\/td><td class=\"column-3\"><\/td>\n<\/tr>\n<tr class=\"row-11\">\n\t<td class=\"column-1\">Materialer:<\/td><td class=\"column-2\"><a href=\"https:\/\/enseyes.com\/materialer\/\">Alle tilg\u00e6ngelige RGP materialer<\/a><\/td><td class=\"column-3\"><\/td>\n<\/tr>\n<tr class=\"row-12\">\n\t<td class=\"column-1\">Base geometri:<\/td><td class=\"column-2\">Asf\u00e6risk<\/td><td class=\"column-3\"><\/td>\n<\/tr>\n<tr class=\"row-13\">\n\t<td class=\"column-1\">Front geometri:<\/td><td class=\"column-2\">Full optics AB-teknologi<\/td><td class=\"column-3\"><\/td>\n<\/tr>\n<tr class=\"row-14\">\n\t<td class=\"column-1\">Forpakning:<\/td><td class=\"column-2\">Blister<\/td><td class=\"column-3\"><\/td>\n<\/tr>\n<tr class=\"row-15\">\n\t<td class=\"column-1\">Tilg\u00e6ngelig i:<\/td><td class=\"column-2\"><\/td><td class=\"column-3\"><\/td>\n<\/tr>\n<tr class=\"row-16\">\n\t<td class=\"column-1\">bagtorisk<br \/>\nBi torisk<br \/>\nFronttorisk (prismebalanceret)<\/td><td class=\"column-2\"><\/td><td class=\"column-3\"><\/td>\n<\/tr>\n<tr class=\"row-17\">\n\t<td class=\"column-1\">Cylinder:<\/td><td class=\"column-2\">-0.50 D til -2.00 D i 0.25 D spring<\/td><td class=\"column-3\"><\/td>\n<\/tr>\n<tr class=\"row-18\">\n\t<td class=\"column-1\">Akse: <\/td><td class=\"column-2\">0\u00b0 to 180\u00b0 pr 5\u00b0<\/td><td class=\"column-3\"><\/td>\n<\/tr>\n<tr class=\"row-19\">\n\t<td class=\"column-1\">BCR 1:<\/td><td class=\"column-2\">5.50 mm til 9.00 mm i 0.05 mm spring<\/td><td class=\"column-3\"><\/td>\n<\/tr>\n<tr class=\"row-20\">\n\t<td class=\"column-1\">BCR 2:<\/td><td class=\"column-2\">5.30 mm til 9.00 mm i 0.05 mm spring<\/td><td class=\"column-3\"><\/td>\n<\/tr>\n<\/tbody>\n<\/table>\n<!-- #tablepress-11 from cache -->[\/vc_column_text][\/vc_column_inner][vc_column_inner width=&raquo;1\/3&#8243;][vc_single_image image=&raquo;47360&#8243; img_size=&raquo;medium&raquo; alignment=&raquo;right&raquo;][vc_single_image image=&raquo;47357&#8243; img_size=&raquo;medium&raquo; alignment=&raquo;right&raquo;][vc_single_image image=&raquo;47363&#8243; img_size=&raquo;medium&raquo; alignment=&raquo;right&raquo;][\/vc_column_inner][\/vc_row_inner][\/vc_tta_section][\/vc_tta_tabs][\/vc_column][\/vc_row]<\/p>\n<\/div>","protected":false},"excerpt":{"rendered":"<p>[vc_row][vc_column][vc_single_image image=&raquo;50316&#8243; img_size=&raquo;full&raquo;][\/vc_column][\/vc_row][vc_row][vc_column width=&raquo;1\/3&#8243;][vc_single_image image=&raquo;50320&#8243; img_size=&raquo;medium&raquo;][\/vc_column][vc_column width=&raquo;2\/3&#8243;][vc_column_text] SENSO KC Progressiv asf\u00e6risk bakflatedesign Perifaktor (PF) 1- 4 Perfekt optikk \u00abComfort edge\u00bb-teknologi \u00abAB technology\u00bb optikFitting guide Senso KC er utviklet til irregul\u00e6re kornea med keratokonus. Den progressive asf\u00e6riske bakflategeometrien og et \u201ccomfort<\/p>\n","protected":false},"author":237,"featured_media":0,"parent":2929,"menu_order":3,"comment_status":"closed","ping_status":"closed","template":"templates\/product-page.php","meta":{"_acf_changed":false,"footnotes":""},"class_list":["post-2947","page","type-page","status-publish","hentry"],"acf":[],"yoast_head":"<!-- This site is optimized with the Yoast SEO plugin v27.4 - https:\/\/yoast.com\/product\/yoast-seo-wordpress\/ -->\n<title>Senso KC - EnsEyes<\/title>\n<meta name=\"robots\" content=\"index, follow, max-snippet:-1, max-image-preview:large, max-video-preview:-1\" \/>\n<link rel=\"canonical\" href=\"https:\/\/enseyes.com\/nb\/produkter\/medicinske-linser\/kc\/\" \/>\n<meta property=\"og:locale\" content=\"nb_NO\" \/>\n<meta property=\"og:type\" content=\"article\" \/>\n<meta property=\"og:title\" content=\"Senso KC - EnsEyes\" \/>\n<meta property=\"og:description\" content=\"[vc_row][vc_column][vc_single_image image=&raquo;50316&#8243; img_size=&raquo;full&raquo;][\/vc_column][\/vc_row][vc_row][vc_column width=&raquo;1\/3&#8243;][vc_single_image image=&raquo;50320&#8243; img_size=&raquo;medium&raquo;][\/vc_column][vc_column width=&raquo;2\/3&#8243;][vc_column_text] SENSO KC Progressiv asf\u00e6risk bakflatedesign Perifaktor (PF) 1- 4 Perfekt optikk \u00abComfort edge\u00bb-teknologi \u00abAB technology\u00bb optikFitting guide Senso KC er utviklet til irregul\u00e6re kornea med keratokonus. Den progressive asf\u00e6riske bakflategeometrien og et \u201ccomfort\" \/>\n<meta property=\"og:url\" content=\"https:\/\/enseyes.com\/nb\/produkter\/medicinske-linser\/kc\/\" \/>\n<meta property=\"og:site_name\" content=\"EnsEyes\" \/>\n<meta property=\"article:modified_time\" content=\"2021-06-09T12:28:47+00:00\" \/>\n<meta name=\"twitter:card\" content=\"summary_large_image\" \/>\n<meta name=\"twitter:label1\" content=\"Ansl. lesetid\" \/>\n\t<meta name=\"twitter:data1\" content=\"2 minutter\" \/>\n<script type=\"application\/ld+json\" class=\"yoast-schema-graph\">{\"@context\":\"https:\\\/\\\/schema.org\",\"@graph\":[{\"@type\":\"WebPage\",\"@id\":\"https:\\\/\\\/enseyes.com\\\/nb\\\/produkter\\\/medicinske-linser\\\/kc\\\/\",\"url\":\"https:\\\/\\\/enseyes.com\\\/nb\\\/produkter\\\/medicinske-linser\\\/kc\\\/\",\"name\":\"Senso KC - EnsEyes\",\"isPartOf\":{\"@id\":\"https:\\\/\\\/enseyes.com\\\/sv\\\/#website\"},\"datePublished\":\"2016-05-17T16:18:43+00:00\",\"dateModified\":\"2021-06-09T12:28:47+00:00\",\"breadcrumb\":{\"@id\":\"https:\\\/\\\/enseyes.com\\\/nb\\\/produkter\\\/medicinske-linser\\\/kc\\\/#breadcrumb\"},\"inLanguage\":\"nb-NO\",\"potentialAction\":[{\"@type\":\"ReadAction\",\"target\":[\"https:\\\/\\\/enseyes.com\\\/nb\\\/produkter\\\/medicinske-linser\\\/kc\\\/\"]}]},{\"@type\":\"BreadcrumbList\",\"@id\":\"https:\\\/\\\/enseyes.com\\\/nb\\\/produkter\\\/medicinske-linser\\\/kc\\\/#breadcrumb\",\"itemListElement\":[{\"@type\":\"ListItem\",\"position\":1,\"name\":\"Hjem\",\"item\":\"https:\\\/\\\/enseyes.com\\\/nb\\\/\"},{\"@type\":\"ListItem\",\"position\":2,\"name\":\"Produkter\",\"item\":\"https:\\\/\\\/enseyes.com\\\/nb\\\/produkter\\\/\"},{\"@type\":\"ListItem\",\"position\":3,\"name\":\"Medisinske linser\",\"item\":\"https:\\\/\\\/enseyes.com\\\/nb\\\/produkter\\\/medicinske-linser\\\/\"},{\"@type\":\"ListItem\",\"position\":4,\"name\":\"Senso KC\"}]},{\"@type\":\"WebSite\",\"@id\":\"https:\\\/\\\/enseyes.com\\\/sv\\\/#website\",\"url\":\"https:\\\/\\\/enseyes.com\\\/sv\\\/\",\"name\":\"EnsEyes\",\"description\":\"Cornea Care\",\"potentialAction\":[{\"@type\":\"SearchAction\",\"target\":{\"@type\":\"EntryPoint\",\"urlTemplate\":\"https:\\\/\\\/enseyes.com\\\/sv\\\/?s={search_term_string}\"},\"query-input\":{\"@type\":\"PropertyValueSpecification\",\"valueRequired\":true,\"valueName\":\"search_term_string\"}}],\"inLanguage\":\"nb-NO\"}]}<\/script>\n<!-- \/ Yoast SEO plugin. -->","yoast_head_json":{"title":"Senso KC - EnsEyes","robots":{"index":"index","follow":"follow","max-snippet":"max-snippet:-1","max-image-preview":"max-image-preview:large","max-video-preview":"max-video-preview:-1"},"canonical":"https:\/\/enseyes.com\/nb\/produkter\/medicinske-linser\/kc\/","og_locale":"nb_NO","og_type":"article","og_title":"Senso KC - EnsEyes","og_description":"[vc_row][vc_column][vc_single_image image=&raquo;50316&#8243; img_size=&raquo;full&raquo;][\/vc_column][\/vc_row][vc_row][vc_column width=&raquo;1\/3&#8243;][vc_single_image image=&raquo;50320&#8243; img_size=&raquo;medium&raquo;][\/vc_column][vc_column width=&raquo;2\/3&#8243;][vc_column_text] SENSO KC Progressiv asf\u00e6risk bakflatedesign Perifaktor (PF) 1- 4 Perfekt optikk \u00abComfort edge\u00bb-teknologi \u00abAB technology\u00bb optikFitting guide Senso KC er utviklet til irregul\u00e6re kornea med keratokonus. Den progressive asf\u00e6riske bakflategeometrien og et \u201ccomfort","og_url":"https:\/\/enseyes.com\/nb\/produkter\/medicinske-linser\/kc\/","og_site_name":"EnsEyes","article_modified_time":"2021-06-09T12:28:47+00:00","twitter_card":"summary_large_image","twitter_misc":{"Ansl. lesetid":"2 minutter"},"schema":{"@context":"https:\/\/schema.org","@graph":[{"@type":"WebPage","@id":"https:\/\/enseyes.com\/nb\/produkter\/medicinske-linser\/kc\/","url":"https:\/\/enseyes.com\/nb\/produkter\/medicinske-linser\/kc\/","name":"Senso KC - EnsEyes","isPartOf":{"@id":"https:\/\/enseyes.com\/sv\/#website"},"datePublished":"2016-05-17T16:18:43+00:00","dateModified":"2021-06-09T12:28:47+00:00","breadcrumb":{"@id":"https:\/\/enseyes.com\/nb\/produkter\/medicinske-linser\/kc\/#breadcrumb"},"inLanguage":"nb-NO","potentialAction":[{"@type":"ReadAction","target":["https:\/\/enseyes.com\/nb\/produkter\/medicinske-linser\/kc\/"]}]},{"@type":"BreadcrumbList","@id":"https:\/\/enseyes.com\/nb\/produkter\/medicinske-linser\/kc\/#breadcrumb","itemListElement":[{"@type":"ListItem","position":1,"name":"Hjem","item":"https:\/\/enseyes.com\/nb\/"},{"@type":"ListItem","position":2,"name":"Produkter","item":"https:\/\/enseyes.com\/nb\/produkter\/"},{"@type":"ListItem","position":3,"name":"Medisinske linser","item":"https:\/\/enseyes.com\/nb\/produkter\/medicinske-linser\/"},{"@type":"ListItem","position":4,"name":"Senso KC"}]},{"@type":"WebSite","@id":"https:\/\/enseyes.com\/sv\/#website","url":"https:\/\/enseyes.com\/sv\/","name":"EnsEyes","description":"Cornea Care","potentialAction":[{"@type":"SearchAction","target":{"@type":"EntryPoint","urlTemplate":"https:\/\/enseyes.com\/sv\/?s={search_term_string}"},"query-input":{"@type":"PropertyValueSpecification","valueRequired":true,"valueName":"search_term_string"}}],"inLanguage":"nb-NO"}]}},"_links":{"self":[{"href":"https:\/\/enseyes.com\/nb\/wp-json\/wp\/v2\/pages\/2947","targetHints":{"allow":["GET"]}}],"collection":[{"href":"https:\/\/enseyes.com\/nb\/wp-json\/wp\/v2\/pages"}],"about":[{"href":"https:\/\/enseyes.com\/nb\/wp-json\/wp\/v2\/types\/page"}],"author":[{"embeddable":true,"href":"https:\/\/enseyes.com\/nb\/wp-json\/wp\/v2\/users\/237"}],"replies":[{"embeddable":true,"href":"https:\/\/enseyes.com\/nb\/wp-json\/wp\/v2\/comments?post=2947"}],"version-history":[{"count":0,"href":"https:\/\/enseyes.com\/nb\/wp-json\/wp\/v2\/pages\/2947\/revisions"}],"up":[{"embeddable":true,"href":"https:\/\/enseyes.com\/nb\/wp-json\/wp\/v2\/pages\/2929"}],"wp:attachment":[{"href":"https:\/\/enseyes.com\/nb\/wp-json\/wp\/v2\/media?parent=2947"}],"curies":[{"name":"wp","href":"https:\/\/api.w.org\/{rel}","templated":true}]}}