{"id":2962,"date":"2016-05-18T05:30:22","date_gmt":"2016-05-18T04:30:22","guid":{"rendered":"http:\/\/enseyes.com\/?page_id=2962&#038;lang=nb"},"modified":"2021-12-14T16:15:00","modified_gmt":"2021-12-14T15:15:00","slug":"bloede-linser","status":"publish","type":"page","link":"https:\/\/enseyes.com\/nb\/produkter\/bloede-linser\/","title":{"rendered":"Myke linser"},"content":{"rendered":"<div class=\"wpb-content-wrapper\"><p>[vc_row][vc_column][vc_single_image image=&raquo;50111&#8243; img_size=&raquo;large&raquo;][\/vc_column][\/vc_row][vc_row][vc_column][vc_column_text]Hvis du har en aktiv livsstil og bruker briller, kan brillene noen ganger v\u00e6re vanskelige. Pr\u00f8v \u00e5 forestille deg hvor mye frihet du kan f\u00e5 med kontaktlinser n\u00e5r du driver med sport. Det har aldri v\u00e6rt enklere \u00e5 bruke kontaktlinser, enten du trenger \u00e5 bruke dem hele tiden eller bare av og til. Moderne kontaktlinser gj\u00f8r det mulig for personer som ikke tidligere kunne bruke kontaktlinser, \u00e5 bruke dem. S\u00e5 hvis du finner kontaktlinser vanskelig, m\u00e5 du huske p\u00e5 det. Vi har et stort utvalg av kontaktlinser, b\u00e5de en- og 24-timerslinser.[\/vc_column_text][\/vc_column][\/vc_row][vc_row][vc_column width=&raquo;1\/2&#8243;][vc_column_text]<\/p>\n<h3 style=\"text-align: center;\"><a href=\"https:\/\/enseyes.com\/nb\/produkter\/topografisk-tilpassede-linser\/ecco-soft-4-seasons-sihy\/\">Byo Premium<\/a><\/h3>\n<p><a href=\"https:\/\/enseyes.com\/nb\/produkter\/topografisk-tilpassede-linser\/ecco-soft-4-seasons-sihy\/\"><img loading=\"lazy\" decoding=\"async\" class=\"aligncenter wp-image-49840 size-medium\" src=\"https:\/\/enseyes.com\/wp-content\/uploads\/2021\/03\/byo_premium-300x195.jpg\" alt=\"\" width=\"300\" height=\"195\" srcset=\"https:\/\/enseyes.com\/wp-content\/uploads\/2021\/03\/byo_premium-300x195.jpg 300w, https:\/\/enseyes.com\/wp-content\/uploads\/2021\/03\/byo_premium.jpg 500w\" sizes=\"auto, (max-width: 300px) 100vw, 300px\" \/><\/a>[\/vc_column_text][\/vc_column][vc_column width=&raquo;1\/2&#8243;][vc_column_text]<\/p>\n<h3 style=\"text-align: center;\"><a href=\"https:\/\/enseyes.com\/nb\/produkter\/medicinske-linser\/ecco-soft-4-seasons-kxt\/\">Byo Premium KC<\/a><\/h3>\n<p><a href=\"https:\/\/enseyes.com\/nb\/produkter\/medicinske-linser\/ecco-soft-4-seasons-kxt\/\"><img loading=\"lazy\" decoding=\"async\" class=\"aligncenter wp-image-49905 size-medium\" src=\"https:\/\/enseyes.com\/wp-content\/uploads\/2021\/03\/byo_premium_kc-300x195.jpg\" alt=\"\" width=\"300\" height=\"195\" srcset=\"https:\/\/enseyes.com\/wp-content\/uploads\/2021\/03\/byo_premium_kc-300x195.jpg 300w, https:\/\/enseyes.com\/wp-content\/uploads\/2021\/03\/byo_premium_kc.jpg 500w\" sizes=\"auto, (max-width: 300px) 100vw, 300px\" \/><\/a>[\/vc_column_text][\/vc_column][\/vc_row][vc_row][vc_column width=&raquo;1\/2&#8243;][vc_column_text]<\/p>\n<h3 style=\"text-align: center;\"><a href=\"https:\/\/enseyes.com\/nb\/byo-premium-mc\/\">Byo Premium MC<\/a><\/h3>\n<p><a href=\"https:\/\/enseyes.com\/nb\/byo-premium-mc\/\"><img loading=\"lazy\" decoding=\"async\" class=\"aligncenter wp-image-50409 size-full\" src=\"https:\/\/enseyes.com\/wp-content\/uploads\/2021\/04\/byo_premium_mc-e1618389277236.jpeg\" alt=\"\" width=\"400\" height=\"260\" \/><\/a>[\/vc_column_text][\/vc_column][vc_column width=&raquo;1\/2&#8243;][\/vc_column][\/vc_row]<\/p>\n<\/div>","protected":false},"excerpt":{"rendered":"<p>[vc_row][vc_column][vc_single_image image=&raquo;50111&#8243; img_size=&raquo;large&raquo;][\/vc_column][\/vc_row][vc_row][vc_column][vc_column_text]Hvis du har en aktiv livsstil og bruker briller, kan brillene noen ganger v\u00e6re vanskelige. Pr\u00f8v \u00e5 forestille deg hvor mye frihet du kan f\u00e5 med kontaktlinser n\u00e5r du driver med sport. Det har aldri v\u00e6rt enklere \u00e5<\/p>\n","protected":false},"author":237,"featured_media":0,"parent":2911,"menu_order":3,"comment_status":"closed","ping_status":"closed","template":"templates\/product-category.php","meta":{"_acf_changed":false,"footnotes":""},"class_list":["post-2962","page","type-page","status-publish","hentry"],"acf":[],"yoast_head":"<!-- This site is optimized with the Yoast SEO plugin v27.4 - https:\/\/yoast.com\/product\/yoast-seo-wordpress\/ -->\n<title>Myke linser - EnsEyes<\/title>\n<meta name=\"robots\" content=\"index, follow, max-snippet:-1, max-image-preview:large, max-video-preview:-1\" \/>\n<link rel=\"canonical\" href=\"https:\/\/enseyes.com\/nb\/produkter\/bloede-linser\/\" \/>\n<meta property=\"og:locale\" content=\"nb_NO\" \/>\n<meta property=\"og:type\" content=\"article\" \/>\n<meta property=\"og:title\" content=\"Myke linser - EnsEyes\" \/>\n<meta property=\"og:description\" content=\"[vc_row][vc_column][vc_single_image image=&raquo;50111&#8243; img_size=&raquo;large&raquo;][\/vc_column][\/vc_row][vc_row][vc_column][vc_column_text]Hvis du har en aktiv livsstil og bruker briller, kan brillene noen ganger v\u00e6re vanskelige. Pr\u00f8v \u00e5 forestille deg hvor mye frihet du kan f\u00e5 med kontaktlinser n\u00e5r du driver med sport. Det har aldri v\u00e6rt enklere \u00e5\" \/>\n<meta property=\"og:url\" content=\"https:\/\/enseyes.com\/nb\/produkter\/bloede-linser\/\" \/>\n<meta property=\"og:site_name\" content=\"EnsEyes\" \/>\n<meta property=\"article:modified_time\" content=\"2021-12-14T15:15:00+00:00\" \/>\n<meta property=\"og:image\" content=\"https:\/\/enseyes.com\/wp-content\/uploads\/2021\/03\/byo_premium-300x195.jpg\" \/>\n<meta name=\"twitter:card\" content=\"summary_large_image\" \/>\n<meta name=\"twitter:label1\" content=\"Ansl. lesetid\" \/>\n\t<meta name=\"twitter:data1\" content=\"2 minutter\" \/>\n<script type=\"application\/ld+json\" class=\"yoast-schema-graph\">{\"@context\":\"https:\\\/\\\/schema.org\",\"@graph\":[{\"@type\":\"WebPage\",\"@id\":\"https:\\\/\\\/enseyes.com\\\/nb\\\/produkter\\\/bloede-linser\\\/\",\"url\":\"https:\\\/\\\/enseyes.com\\\/nb\\\/produkter\\\/bloede-linser\\\/\",\"name\":\"Myke linser - EnsEyes\",\"isPartOf\":{\"@id\":\"https:\\\/\\\/enseyes.com\\\/sv\\\/#website\"},\"primaryImageOfPage\":{\"@id\":\"https:\\\/\\\/enseyes.com\\\/nb\\\/produkter\\\/bloede-linser\\\/#primaryimage\"},\"image\":{\"@id\":\"https:\\\/\\\/enseyes.com\\\/nb\\\/produkter\\\/bloede-linser\\\/#primaryimage\"},\"thumbnailUrl\":\"https:\\\/\\\/enseyes.com\\\/wp-content\\\/uploads\\\/2021\\\/03\\\/byo_premium-300x195.jpg\",\"datePublished\":\"2016-05-18T04:30:22+00:00\",\"dateModified\":\"2021-12-14T15:15:00+00:00\",\"breadcrumb\":{\"@id\":\"https:\\\/\\\/enseyes.com\\\/nb\\\/produkter\\\/bloede-linser\\\/#breadcrumb\"},\"inLanguage\":\"nb-NO\",\"potentialAction\":[{\"@type\":\"ReadAction\",\"target\":[\"https:\\\/\\\/enseyes.com\\\/nb\\\/produkter\\\/bloede-linser\\\/\"]}]},{\"@type\":\"ImageObject\",\"inLanguage\":\"nb-NO\",\"@id\":\"https:\\\/\\\/enseyes.com\\\/nb\\\/produkter\\\/bloede-linser\\\/#primaryimage\",\"url\":\"https:\\\/\\\/enseyes.com\\\/wp-content\\\/uploads\\\/2021\\\/03\\\/byo_premium-300x195.jpg\",\"contentUrl\":\"https:\\\/\\\/enseyes.com\\\/wp-content\\\/uploads\\\/2021\\\/03\\\/byo_premium-300x195.jpg\"},{\"@type\":\"BreadcrumbList\",\"@id\":\"https:\\\/\\\/enseyes.com\\\/nb\\\/produkter\\\/bloede-linser\\\/#breadcrumb\",\"itemListElement\":[{\"@type\":\"ListItem\",\"position\":1,\"name\":\"Hjem\",\"item\":\"https:\\\/\\\/enseyes.com\\\/nb\\\/\"},{\"@type\":\"ListItem\",\"position\":2,\"name\":\"Produkter\",\"item\":\"https:\\\/\\\/enseyes.com\\\/nb\\\/produkter\\\/\"},{\"@type\":\"ListItem\",\"position\":3,\"name\":\"Myke linser\"}]},{\"@type\":\"WebSite\",\"@id\":\"https:\\\/\\\/enseyes.com\\\/sv\\\/#website\",\"url\":\"https:\\\/\\\/enseyes.com\\\/sv\\\/\",\"name\":\"EnsEyes\",\"description\":\"Cornea Care\",\"potentialAction\":[{\"@type\":\"SearchAction\",\"target\":{\"@type\":\"EntryPoint\",\"urlTemplate\":\"https:\\\/\\\/enseyes.com\\\/sv\\\/?s={search_term_string}\"},\"query-input\":{\"@type\":\"PropertyValueSpecification\",\"valueRequired\":true,\"valueName\":\"search_term_string\"}}],\"inLanguage\":\"nb-NO\"}]}<\/script>\n<!-- \/ Yoast SEO plugin. -->","yoast_head_json":{"title":"Myke linser - EnsEyes","robots":{"index":"index","follow":"follow","max-snippet":"max-snippet:-1","max-image-preview":"max-image-preview:large","max-video-preview":"max-video-preview:-1"},"canonical":"https:\/\/enseyes.com\/nb\/produkter\/bloede-linser\/","og_locale":"nb_NO","og_type":"article","og_title":"Myke linser - EnsEyes","og_description":"[vc_row][vc_column][vc_single_image image=&raquo;50111&#8243; img_size=&raquo;large&raquo;][\/vc_column][\/vc_row][vc_row][vc_column][vc_column_text]Hvis du har en aktiv livsstil og bruker briller, kan brillene noen ganger v\u00e6re vanskelige. Pr\u00f8v \u00e5 forestille deg hvor mye frihet du kan f\u00e5 med kontaktlinser n\u00e5r du driver med sport. Det har aldri v\u00e6rt enklere \u00e5","og_url":"https:\/\/enseyes.com\/nb\/produkter\/bloede-linser\/","og_site_name":"EnsEyes","article_modified_time":"2021-12-14T15:15:00+00:00","og_image":[{"url":"https:\/\/enseyes.com\/wp-content\/uploads\/2021\/03\/byo_premium-300x195.jpg","type":"","width":"","height":""}],"twitter_card":"summary_large_image","twitter_misc":{"Ansl. lesetid":"2 minutter"},"schema":{"@context":"https:\/\/schema.org","@graph":[{"@type":"WebPage","@id":"https:\/\/enseyes.com\/nb\/produkter\/bloede-linser\/","url":"https:\/\/enseyes.com\/nb\/produkter\/bloede-linser\/","name":"Myke linser - EnsEyes","isPartOf":{"@id":"https:\/\/enseyes.com\/sv\/#website"},"primaryImageOfPage":{"@id":"https:\/\/enseyes.com\/nb\/produkter\/bloede-linser\/#primaryimage"},"image":{"@id":"https:\/\/enseyes.com\/nb\/produkter\/bloede-linser\/#primaryimage"},"thumbnailUrl":"https:\/\/enseyes.com\/wp-content\/uploads\/2021\/03\/byo_premium-300x195.jpg","datePublished":"2016-05-18T04:30:22+00:00","dateModified":"2021-12-14T15:15:00+00:00","breadcrumb":{"@id":"https:\/\/enseyes.com\/nb\/produkter\/bloede-linser\/#breadcrumb"},"inLanguage":"nb-NO","potentialAction":[{"@type":"ReadAction","target":["https:\/\/enseyes.com\/nb\/produkter\/bloede-linser\/"]}]},{"@type":"ImageObject","inLanguage":"nb-NO","@id":"https:\/\/enseyes.com\/nb\/produkter\/bloede-linser\/#primaryimage","url":"https:\/\/enseyes.com\/wp-content\/uploads\/2021\/03\/byo_premium-300x195.jpg","contentUrl":"https:\/\/enseyes.com\/wp-content\/uploads\/2021\/03\/byo_premium-300x195.jpg"},{"@type":"BreadcrumbList","@id":"https:\/\/enseyes.com\/nb\/produkter\/bloede-linser\/#breadcrumb","itemListElement":[{"@type":"ListItem","position":1,"name":"Hjem","item":"https:\/\/enseyes.com\/nb\/"},{"@type":"ListItem","position":2,"name":"Produkter","item":"https:\/\/enseyes.com\/nb\/produkter\/"},{"@type":"ListItem","position":3,"name":"Myke linser"}]},{"@type":"WebSite","@id":"https:\/\/enseyes.com\/sv\/#website","url":"https:\/\/enseyes.com\/sv\/","name":"EnsEyes","description":"Cornea Care","potentialAction":[{"@type":"SearchAction","target":{"@type":"EntryPoint","urlTemplate":"https:\/\/enseyes.com\/sv\/?s={search_term_string}"},"query-input":{"@type":"PropertyValueSpecification","valueRequired":true,"valueName":"search_term_string"}}],"inLanguage":"nb-NO"}]}},"_links":{"self":[{"href":"https:\/\/enseyes.com\/nb\/wp-json\/wp\/v2\/pages\/2962","targetHints":{"allow":["GET"]}}],"collection":[{"href":"https:\/\/enseyes.com\/nb\/wp-json\/wp\/v2\/pages"}],"about":[{"href":"https:\/\/enseyes.com\/nb\/wp-json\/wp\/v2\/types\/page"}],"author":[{"embeddable":true,"href":"https:\/\/enseyes.com\/nb\/wp-json\/wp\/v2\/users\/237"}],"replies":[{"embeddable":true,"href":"https:\/\/enseyes.com\/nb\/wp-json\/wp\/v2\/comments?post=2962"}],"version-history":[{"count":0,"href":"https:\/\/enseyes.com\/nb\/wp-json\/wp\/v2\/pages\/2962\/revisions"}],"up":[{"embeddable":true,"href":"https:\/\/enseyes.com\/nb\/wp-json\/wp\/v2\/pages\/2911"}],"wp:attachment":[{"href":"https:\/\/enseyes.com\/nb\/wp-json\/wp\/v2\/media?parent=2962"}],"curies":[{"name":"wp","href":"https:\/\/api.w.org\/{rel}","templated":true}]}}