{"id":3001,"date":"2016-05-18T07:56:57","date_gmt":"2016-05-18T06:56:57","guid":{"rendered":"http:\/\/enseyes.com\/?page_id=3001&#038;lang=nb"},"modified":"2016-05-18T07:59:39","modified_gmt":"2016-05-18T06:59:39","slug":"kurser","status":"publish","type":"page","link":"https:\/\/enseyes.com\/nb\/for-optikere\/kurser\/","title":{"rendered":"Kurser"},"content":{"rendered":"<div class=\"wpb-content-wrapper\"><p>[vc_row][vc_column][vc_single_image image=&raquo;260&#8243; img_size=&raquo;full&raquo; alignment=&raquo;center&raquo;][vc_column_text]<br \/>\nNedenfor kan du se kursene vi tilbyr.[\/vc_column_text][vc_separator color=&raquo;chino&raquo;][vc_column_text]<\/p>\n<h3>Nattlinser<\/h3>\n<p>Kurs for nattlinser<br \/>\n<i>Form\u00e5l:<\/i><br \/>\nForm\u00e5let med kurset er \u00e5 gi kursdeltakerne en forst\u00e5else for ortokeratologi og nattlinser, og \u00e5 forbedre optikerens kunnskaper, slik at han eller hun kan ta gode topografibilder og dra full nytte av topografen, uansett merke.<br \/>\n[\/vc_column_text][vc_btn title=&raquo;L\u00c6S MERE&raquo; style=&raquo;outline&raquo; color=&raquo;primary&raquo; size=&raquo;sm&raquo; align=&raquo;right&raquo; link=&raquo;url:http%3A%2F%2Fin-demo.dk%2Fenseyes%2Ffor-optikere%2Fkurser%2Fnatlinser%2F||&raquo;][vc_separator color=&raquo;chino&raquo;][vc_column_text]<br \/>\n<i>Innhold:<\/i><\/p>\n<ul>\n<li>Hva er ortokeratologi?<\/li>\n<li>Hvorfor nattlinser? <\/li>\n<li>Myopikontroll<\/li>\n<li>Hvordan f\u00e5r jeg optimale topografibilder? <\/li>\n<li>Hvordan leser jeg topografibildene mine? <\/li>\n<li>Teoretisk gjennomgang av tilpasning av nattlinser<\/li>\n<li>Praktisk gjennomgang av tilpasning av nattlinser p\u00e5 to kunder<\/li>\n<p><i>Utbytte:<\/i><br \/>\nMed den nyanskaffede kunnskapen f\u00e5r optikeren en enest\u00e5ende mulighet til \u00e5 tilby kundene unike l\u00f8sninger, som f.eks. myopikontroll. Ved \u00e5 tilpasse denne typen linser fremst\u00e5r du som profesjonell, effektiv og annerledes, noe som gir tilfredse og lojale kunder.<br \/>\n[\/vc_column_text][vc_btn title=&raquo;L\u00c6S MERE&raquo; style=&raquo;outline&raquo; color=&raquo;primary&raquo; size=&raquo;sm&raquo; align=&raquo;right&raquo; link=&raquo;url:http%3A%2F%2Fin-demo.dk%2Fenseyes%2Ffor-optikere%2Fkurser%2Fnatlinser%2F||&raquo;][vc_separator color=&raquo;chino&raquo;][vc_column_text]<\/p>\n<h3>Topografi<\/h3>\n<p><i>Form\u00e5l:<\/i><br \/>\nForm\u00e5let med kurset er \u00e5 gi kursdeltakerne en forst\u00e5else for fordelene forbundet med \u00e5 lage topografitilpassede kontaktlinser, og \u00e5 forbedre optikerens kunnskaper, slik at han eller hun kan ta gode topografibilder og dra full nytte av topografen, uansett merke.<br \/>\n<i>Innhold:<\/i><br \/>\nHvorfor topografitilpassede kontaktlinser?<\/p>\n<ul>\n<li>Hvem f\u00e5r glede av topografitilpassede linser? <\/li>\n<li>Hvordan bruker jeg topografen? <\/li>\n<li>Hvordan forst\u00e5r jeg topografibildene? <\/li>\n<li>Hvordan tilpasser jeg linser etter topografi? <\/li>\n<li>Hvordan fungerer Eyelite-programmet? <\/li>\n<li>Hvordan velger jeg den f\u00f8rste linsen? <\/li>\n<li>\u2013 Corneal<\/li>\n<li>\u2013 Semi Scleral<\/li>\n<li>Praktisk gjennomgang av tilpasning<\/li>\n<\/ul>\n<p><i>Utbytte:<\/i><br \/>\nMed den nyanskaffede kunnskapen f\u00e5r optikeren en enest\u00e5ende mulighet til \u00e5 optimere kundeservicen. Ved \u00e5 tilpasse denne type linse unng\u00e5r du \u00e5 jobbe med pr\u00f8vesett, som kan v\u00e6re ubehagelige for kunden, samtidig som de krever mye tid. Du fremst\u00e5r som profesjonell og effektiv, noe som gir tilfredse og lojale kunder.<br \/>\n[\/vc_column_text][vc_btn title=&raquo;L\u00c6S MERE&raquo; style=&raquo;outline&raquo; color=&raquo;primary&raquo; size=&raquo;sm&raquo; align=&raquo;right&raquo; link=&raquo;url:http%3A%2F%2Fin-demo.dk%2Fenseyes%2Ffor-optikere%2Fkurser%2Ftopografi%2F||&raquo;][\/vc_column][\/vc_row]<\/p>\n<\/div>","protected":false},"excerpt":{"rendered":"<p>[vc_row][vc_column][vc_single_image image=&raquo;260&#8243; img_size=&raquo;full&raquo; alignment=&raquo;center&raquo;][vc_column_text] Nedenfor kan du se kursene vi tilbyr.[\/vc_column_text][vc_separator color=&raquo;chino&raquo;][vc_column_text] Nattlinser Kurs for nattlinser Form\u00e5l: Form\u00e5let med kurset er \u00e5 gi kursdeltakerne en forst\u00e5else for ortokeratologi og nattlinser, og \u00e5 forbedre optikerens kunnskaper, slik at han eller hun<\/p>\n","protected":false},"author":237,"featured_media":0,"parent":3165,"menu_order":0,"comment_status":"closed","ping_status":"closed","template":"templates\/child-page.php","meta":{"_acf_changed":false,"footnotes":""},"class_list":["post-3001","page","type-page","status-publish","hentry"],"acf":[],"yoast_head":"<!-- This site is optimized with the Yoast SEO plugin v27.5 - https:\/\/yoast.com\/product\/yoast-seo-wordpress\/ -->\n<title>Kurser - EnsEyes<\/title>\n<meta name=\"robots\" content=\"index, follow, max-snippet:-1, max-image-preview:large, max-video-preview:-1\" \/>\n<link rel=\"canonical\" href=\"https:\/\/enseyes.com\/nb\/for-optikere\/kurser\/\" \/>\n<meta property=\"og:locale\" content=\"nb_NO\" \/>\n<meta property=\"og:type\" content=\"article\" \/>\n<meta property=\"og:title\" content=\"Kurser - EnsEyes\" \/>\n<meta property=\"og:description\" content=\"[vc_row][vc_column][vc_single_image image=&raquo;260&#8243; img_size=&raquo;full&raquo; alignment=&raquo;center&raquo;][vc_column_text] Nedenfor kan du se kursene vi tilbyr.[\/vc_column_text][vc_separator color=&raquo;chino&raquo;][vc_column_text] Nattlinser Kurs for nattlinser Form\u00e5l: Form\u00e5let med kurset er \u00e5 gi kursdeltakerne en forst\u00e5else for ortokeratologi og nattlinser, og \u00e5 forbedre optikerens kunnskaper, slik at han eller hun\" \/>\n<meta property=\"og:url\" content=\"https:\/\/enseyes.com\/nb\/for-optikere\/kurser\/\" \/>\n<meta property=\"og:site_name\" content=\"EnsEyes\" \/>\n<meta property=\"article:modified_time\" content=\"2016-05-18T06:59:39+00:00\" \/>\n<meta name=\"twitter:card\" content=\"summary_large_image\" \/>\n<meta name=\"twitter:label1\" content=\"Ansl. lesetid\" \/>\n\t<meta name=\"twitter:data1\" content=\"2 minutter\" \/>\n<script type=\"application\/ld+json\" class=\"yoast-schema-graph\">{\"@context\":\"https:\\\/\\\/schema.org\",\"@graph\":[{\"@type\":\"WebPage\",\"@id\":\"https:\\\/\\\/enseyes.com\\\/nb\\\/for-optikere\\\/kurser\\\/\",\"url\":\"https:\\\/\\\/enseyes.com\\\/nb\\\/for-optikere\\\/kurser\\\/\",\"name\":\"Kurser - EnsEyes\",\"isPartOf\":{\"@id\":\"https:\\\/\\\/enseyes.com\\\/sv\\\/#website\"},\"datePublished\":\"2016-05-18T06:56:57+00:00\",\"dateModified\":\"2016-05-18T06:59:39+00:00\",\"breadcrumb\":{\"@id\":\"https:\\\/\\\/enseyes.com\\\/nb\\\/for-optikere\\\/kurser\\\/#breadcrumb\"},\"inLanguage\":\"nb-NO\",\"potentialAction\":[{\"@type\":\"ReadAction\",\"target\":[\"https:\\\/\\\/enseyes.com\\\/nb\\\/for-optikere\\\/kurser\\\/\"]}]},{\"@type\":\"BreadcrumbList\",\"@id\":\"https:\\\/\\\/enseyes.com\\\/nb\\\/for-optikere\\\/kurser\\\/#breadcrumb\",\"itemListElement\":[{\"@type\":\"ListItem\",\"position\":1,\"name\":\"Hjem\",\"item\":\"https:\\\/\\\/enseyes.com\\\/nb\\\/\"},{\"@type\":\"ListItem\",\"position\":2,\"name\":\"For optikere\",\"item\":\"https:\\\/\\\/enseyes.com\\\/nb\\\/for-optikere\\\/\"},{\"@type\":\"ListItem\",\"position\":3,\"name\":\"Kurser\"}]},{\"@type\":\"WebSite\",\"@id\":\"https:\\\/\\\/enseyes.com\\\/sv\\\/#website\",\"url\":\"https:\\\/\\\/enseyes.com\\\/sv\\\/\",\"name\":\"EnsEyes\",\"description\":\"Cornea Care\",\"potentialAction\":[{\"@type\":\"SearchAction\",\"target\":{\"@type\":\"EntryPoint\",\"urlTemplate\":\"https:\\\/\\\/enseyes.com\\\/sv\\\/?s={search_term_string}\"},\"query-input\":{\"@type\":\"PropertyValueSpecification\",\"valueRequired\":true,\"valueName\":\"search_term_string\"}}],\"inLanguage\":\"nb-NO\"}]}<\/script>\n<!-- \/ Yoast SEO plugin. -->","yoast_head_json":{"title":"Kurser - EnsEyes","robots":{"index":"index","follow":"follow","max-snippet":"max-snippet:-1","max-image-preview":"max-image-preview:large","max-video-preview":"max-video-preview:-1"},"canonical":"https:\/\/enseyes.com\/nb\/for-optikere\/kurser\/","og_locale":"nb_NO","og_type":"article","og_title":"Kurser - EnsEyes","og_description":"[vc_row][vc_column][vc_single_image image=&raquo;260&#8243; img_size=&raquo;full&raquo; alignment=&raquo;center&raquo;][vc_column_text] Nedenfor kan du se kursene vi tilbyr.[\/vc_column_text][vc_separator color=&raquo;chino&raquo;][vc_column_text] Nattlinser Kurs for nattlinser Form\u00e5l: Form\u00e5let med kurset er \u00e5 gi kursdeltakerne en forst\u00e5else for ortokeratologi og nattlinser, og \u00e5 forbedre optikerens kunnskaper, slik at han eller hun","og_url":"https:\/\/enseyes.com\/nb\/for-optikere\/kurser\/","og_site_name":"EnsEyes","article_modified_time":"2016-05-18T06:59:39+00:00","twitter_card":"summary_large_image","twitter_misc":{"Ansl. lesetid":"2 minutter"},"schema":{"@context":"https:\/\/schema.org","@graph":[{"@type":"WebPage","@id":"https:\/\/enseyes.com\/nb\/for-optikere\/kurser\/","url":"https:\/\/enseyes.com\/nb\/for-optikere\/kurser\/","name":"Kurser - EnsEyes","isPartOf":{"@id":"https:\/\/enseyes.com\/sv\/#website"},"datePublished":"2016-05-18T06:56:57+00:00","dateModified":"2016-05-18T06:59:39+00:00","breadcrumb":{"@id":"https:\/\/enseyes.com\/nb\/for-optikere\/kurser\/#breadcrumb"},"inLanguage":"nb-NO","potentialAction":[{"@type":"ReadAction","target":["https:\/\/enseyes.com\/nb\/for-optikere\/kurser\/"]}]},{"@type":"BreadcrumbList","@id":"https:\/\/enseyes.com\/nb\/for-optikere\/kurser\/#breadcrumb","itemListElement":[{"@type":"ListItem","position":1,"name":"Hjem","item":"https:\/\/enseyes.com\/nb\/"},{"@type":"ListItem","position":2,"name":"For optikere","item":"https:\/\/enseyes.com\/nb\/for-optikere\/"},{"@type":"ListItem","position":3,"name":"Kurser"}]},{"@type":"WebSite","@id":"https:\/\/enseyes.com\/sv\/#website","url":"https:\/\/enseyes.com\/sv\/","name":"EnsEyes","description":"Cornea Care","potentialAction":[{"@type":"SearchAction","target":{"@type":"EntryPoint","urlTemplate":"https:\/\/enseyes.com\/sv\/?s={search_term_string}"},"query-input":{"@type":"PropertyValueSpecification","valueRequired":true,"valueName":"search_term_string"}}],"inLanguage":"nb-NO"}]}},"_links":{"self":[{"href":"https:\/\/enseyes.com\/nb\/wp-json\/wp\/v2\/pages\/3001","targetHints":{"allow":["GET"]}}],"collection":[{"href":"https:\/\/enseyes.com\/nb\/wp-json\/wp\/v2\/pages"}],"about":[{"href":"https:\/\/enseyes.com\/nb\/wp-json\/wp\/v2\/types\/page"}],"author":[{"embeddable":true,"href":"https:\/\/enseyes.com\/nb\/wp-json\/wp\/v2\/users\/237"}],"replies":[{"embeddable":true,"href":"https:\/\/enseyes.com\/nb\/wp-json\/wp\/v2\/comments?post=3001"}],"version-history":[{"count":0,"href":"https:\/\/enseyes.com\/nb\/wp-json\/wp\/v2\/pages\/3001\/revisions"}],"up":[{"embeddable":true,"href":"https:\/\/enseyes.com\/nb\/wp-json\/wp\/v2\/pages\/3165"}],"wp:attachment":[{"href":"https:\/\/enseyes.com\/nb\/wp-json\/wp\/v2\/media?parent=3001"}],"curies":[{"name":"wp","href":"https:\/\/api.w.org\/{rel}","templated":true}]}}