{"id":3160,"date":"2016-05-19T14:35:18","date_gmt":"2016-05-19T13:35:18","guid":{"rendered":"http:\/\/enseyes.com\/nb\/?page_id=3160"},"modified":"2021-08-17T12:42:11","modified_gmt":"2021-08-17T11:42:11","slug":"eventkalender","status":"publish","type":"page","link":"https:\/\/enseyes.com\/nb\/support\/eventkalender\/","title":{"rendered":"EVENTKALENDER"},"content":{"rendered":"<div class=\"wpb-content-wrapper\"><p>[vc_row][vc_column][vc_images_carousel images=&raquo;52374,52378,52382,52386,52390,52394,52398,52402&#8243; img_size=&raquo;large&raquo; speed=&raquo;10000&#8243; slides_per_view=&raquo;2&#8243; autoplay=&raquo;yes&raquo; partial_view=&raquo;yes&raquo; wrap=&raquo;yes&raquo;][\/vc_column][\/vc_row][vc_row el_class=&raquo;text-center&raquo;][vc_column][vc_column_text]<br \/>\n[vc_row el_class=&raquo;text-center&raquo;][vc_column][vc_column_text]<\/p>\n<div class=\"wpb_text_column wpb_content_element \">\n<div class=\"wpb_wrapper\">\n<h3 style=\"text-align: left;\">DreamLite Ortho-K-Nattlinser fra ens eyes har mottatt Europeisk Godkjennelse for \u00e5 bremse utviklingen av n\u00e6rsynthet<\/h3>\n<p style=\"text-align: left;\">Forekomsten av n\u00e6rsynthet er stigende i hele verden og har n\u00e5dd epidemiske niv\u00e5er i Asia. I enkelte omr\u00e5der er andelen over 90%. I Danmark er forekomsten ogs\u00e5 stigende. En ny unders\u00f8kelse har vist at forekomsten er n\u00e5 25%, mot 13% i 2007.<\/p>\n<p style=\"text-align: left;\">Forskningsstudiet p\u00e5 Vejle Sykehus har p\u00e5vist at n\u00e6rsynte barn som sover med DreamLite utvikler 59% mindre n\u00e6rsynthet enn barn som g\u00e5r med briller.<\/p>\n<p style=\"text-align: left;\">Vi har eksistert i over ti \u00e5r. I hele denne tiden har vi kjempet for \u00e5 f\u00e5 unders\u00f8kt og anerkjent nattlinsenes evne til \u00e5 kunne bremse utviklingen av n\u00e6rsynthet ogs\u00e5 hos skandinaviske og danske barn. Derfor er det fantastisk at det n\u00e5 endelig er kommet et dansk forskningsresultat som beviser hvordan nattlinsene kan motvirke vekst av n\u00e6rsynthet blant barn.<\/p>\n<p style=\"text-align: left;\">\u00abAt vi ogs\u00e5 har oppn\u00e5dd CE-Godkjennelse for Ortho-k linser til behandling av n\u00e6rsynthet, er en ytterligere sikkerhet for v\u00e5re brukere\u00bb, sier Esben S\u00f8rensen.<\/p>\n<p style=\"text-align: left;\">Alle produkter fra ens eyes er CE-merket og oppfyller de nye reglene for medisinsk utstyr som tr\u00e5dte i kraft den 26. mai 2021.<\/p>\n<\/div>\n<\/div>\n<p>[\/vc_column_text][vc_single_image image=&raquo;51253&#8243; img_size=&raquo;full&raquo;][\/vc_column][\/vc_row][vc_row][vc_column][vc_separator][\/vc_column][\/vc_row][vc_row el_class=&raquo;text-center&raquo;][vc_column width=&raquo;1\/2&#8243;][vc_single_image image=&raquo;48795&#8243; img_size=&raquo;full&raquo; alignment=&raquo;center&raquo;][vc_column_text]<\/p>\n<div class=\"wpb_text_column wpb_content_element \">\n<div class=\"wpb_wrapper\">\n<h3 style=\"text-align: left;\">The event is canceled for now due to the COVID-19 situation.<br \/>\nHow to manage myopia in children from a clinical point of view.<\/h3>\n<p style=\"text-align: left;\">The purpose of the day is to provide you with the latest information on myopia management in Scandinavian children and how to optimize the management of myopia.<\/p>\n<p style=\"text-align: left;\">After participating at \u201cMyopia Management day\u201d, you will gain access to a whole new myopia management module in MyProcornea. This will allow for optimization of myopia management by modifying the Ortho-K effect and topography fitting of soft multifocal contact lenses.<\/p>\n<p style=\"text-align: left;\">Where:\u00a0CROWNE PLAZA COPENHAGEN TOWERS (5 mins. from CPH airport)<\/p>\n<p style=\"text-align: left;\">Cost: Attendance is free, but a fee of DKR 980,- will be charged in the event of a no-show.<\/p>\n<p style=\"text-align: left;\"><a href=\"https:\/\/enseyes.com\/docs\/Invitation_Myopia_Management.pdf\" target=\"_blank\" rel=\"noopener noreferrer\">Please click here to see the final program<\/a><\/p>\n<p style=\"text-align: left;\"><strong>BRIEF DESCRIPTION OF PRESENTATIONS:<\/strong><\/p>\n<p style=\"text-align: left;\"><strong>Flemming M\u00f8ller<\/strong><br \/>\n<strong>MD, Ph.D., MSci, associated professor, Dept. Ophthalmology, Vejle Sygehus<br \/>\n<\/strong><\/p>\n<div class=\"page\" title=\"Page 2\">\n<div class=\"layoutArea\">\n<div class=\"column\">\n<p style=\"text-align: left;\">This talk will give an u<a href=\"https:\/\/enseyes.com\/wp-content\/uploads\/2020\/03\/flemming_moeller.png\"><img loading=\"lazy\" decoding=\"async\" class=\"wp-image-48799 size-thumbnail alignright\" src=\"https:\/\/enseyes.com\/wp-content\/uploads\/2020\/03\/flemming_moeller-150x150.png\" alt=\"\" width=\"150\" height=\"150\" \/><\/a>pdate on atropine for myopic control and present the Low-dose Atropine for the Prevention of Myopia Progression in Danish Children &#8211; a Randomized, Double-masked, Multicenter, 36-month Prospective 1:1:1 Study of Safety and Efficacy of 0.1% Atropine Loading Dose to Single 0.01% Atropine and Placebo<\/p>\n<\/div>\n<\/div>\n<\/div>\n<\/div>\n<\/div>\n<p>[\/vc_column_text][\/vc_column][vc_column width=&raquo;1\/2&#8243; css=&raquo;.vc_custom_1443174360248{padding-bottom: 15px !important;}&raquo;][vc_column_text]<\/p>\n<p style=\"text-align: left;\"><strong>Trine M\u00f8ldrup Jakobsen<br \/>\nMD, PhD fellow<br \/>\n<\/strong><\/p>\n<ol style=\"text-align: left;\">\n<li>Ortho-K lenses for myopia management <a href=\"https:\/\/enseyes.com\/wp-content\/uploads\/2020\/02\/trine.jpg\"><img loading=\"lazy\" decoding=\"async\" class=\"alignright wp-image-48533 size-thumbnail\" src=\"https:\/\/enseyes.com\/wp-content\/uploads\/2020\/02\/trine-150x150.jpg\" alt=\"\" width=\"150\" height=\"150\" \/><\/a>in Scandinavian children (Denmark).<br \/>\nThis talk will present the method and the latest findings in the Danish study \u201cClinical study of Nearsightedness; Treatment with Orthokeratology Lenses\u201d (CONTROL Study). The study is a longitudinal, controlled clinical trial evaluating progression of myopia in myopic Danish children randomized to either orthokeratology lenses or single-vision glasses. The presenta- tion will include treatment efficacy, safety, and dropout rates.<\/li>\n<li>Presentation of evidence-based clinical guidelines for myopia management at the Department of Ophthamology at Vejle Hospital.<br \/>\nMore and more children are becoming myopic, but how do we spot children at risk of developing high myopia? This talk will present the evidence-based clinical guidelines used at the Department of Ophthamology at Vejle Hospital on when and on whom to initiate myopia control and with what modality. In addition, guidelines will be presented on when to refer a child for a paediatric eye evaluation \u2013 keep differential diagnosis in mind.<\/li>\n<\/ol>\n<p style=\"text-align: left;\"><strong>Gabi Steenbekkers<br \/>\nMyopia Management Specialist Optometrist<\/strong><\/p>\n<ol>\n<li style=\"text-align: left;\">Myopia management using Ortho-K lenses.<a href=\"https:\/\/enseyes.com\/wp-content\/uploads\/2020\/02\/gabi.jpg\"><img loading=\"lazy\" decoding=\"async\" class=\"alignright wp-image-48542 size-thumbnail\" src=\"https:\/\/enseyes.com\/wp-content\/uploads\/2020\/02\/gabi-150x150.jpg\" alt=\"\" width=\"150\" height=\"150\" \/><\/a><br \/>\nThis talk will present how to fit Ortho-K lenses for myopia management. We will discuss how to evaluate the fit using topography images and what we can change to achieve the optimal solution for myopic management. We will also discuss how the design of the lens can be modified to optimize the effect of myopic defocus.<\/li>\n<li style=\"text-align: left;\">Myopia management using multifocal soft contact lenses. This talk will present the options available to us if Ortho-K lenses are not an option. We will discuss topography fitting of soft multifocal myopic control lenses and what options we have. Finally, we will present the MyProcornea tool for following up on myopic management.<\/li>\n<\/ol>\n<p>[\/vc_column_text][\/vc_column][\/vc_row][vc_row][vc_column][vc_separator][\/vc_column][\/vc_row][vc_row el_class=&raquo;text-center&raquo;][vc_column width=&raquo;1\/2&#8243;][vc_column_text]<\/p>\n<h3 style=\"text-align: left;\">INTEROPTIK MESSE 2020<\/h3>\n<p style=\"text-align: left;\"><strong>Myopia Management Software<\/strong><\/p>\n<div>\n<p style=\"text-align: left;\">Nu har du mulighed for at l\u00e6re vores nye tilpasnings software Myprocornea bedre at kende. Meld dig til en gennemgang p\u00e5 messen.<\/p>\n<p style=\"text-align: left;\"><a href=\"https:\/\/www.supersaas.dk\/schedule\/enseyes\/Interoptik_messe_2020\" target=\"_blank\" rel=\"noopener noreferrer\">Book tid her<\/a><\/p>\n<\/div>\n<p>[\/vc_column_text][\/vc_column][vc_column width=&raquo;1\/2&#8243; css=&raquo;.vc_custom_1443174360248{padding-bottom: 15px !important;}&raquo;][vc_single_image image=&raquo;48359&#8243; img_size=&raquo;medium&raquo; alignment=&raquo;center&raquo;][\/vc_column][\/vc_row][vc_row][vc_column][vc_separator][\/vc_column][\/vc_row][vc_row el_class=&raquo;text-center&raquo;][vc_column width=&raquo;1\/2&#8243; css=&raquo;.vc_custom_1443174360248{padding-bottom: 15px !important;}&raquo;][vc_images_carousel images=&raquo;48050,48046&#8243; img_size=&raquo;medium&raquo; autoplay=&raquo;yes&raquo; wrap=&raquo;yes&raquo;][\/vc_column][vc_column width=&raquo;1\/2&#8243;][vc_column_text]<\/p>\n<h3>KOLDING JUNI 2019<\/h3>\n<p>Dermed var optiker nr. 3 p\u00e5 Ens eyes klar med Cand.san i optometri og visuell vitenskap.<br \/>\nVi gratulerer Brit og alle de nye kandidatene. Godt gjort![\/vc_column_text][\/vc_column][\/vc_row][vc_row][vc_column][vc_separator][\/vc_column][\/vc_row][vc_row el_class=&raquo;text-center&raquo;][vc_column width=&raquo;1\/2&#8243;][vc_column_text]<\/p>\n<h3>Storm\u00f8de p\u00e5 St:Eriks \u00d6gonsjukhus i Stockholm \u2013 4. november 2014<\/h3>\n<p>Ens eyes har organiseret tre storm\u00f8der i Sverige omkring Keratokonus, Cross-linking og hvordan man kan korrigere synet med medicinske linser og topografi tilpassede linser. P\u00e5 m\u00f8det i Stockholm d. 4 november, deltog ca. 60 optometrister der \u00f8nskede at opdatere og forbedre deres viden herom. Foredragsholderne var; \u00d8jenl\u00e6ge ved St: Eriks \u00d6gonsjukhus \u2013 Dr. Branka Samolo, optometrist \u2013 MSc Anita Robertson og optometrist \u2013 MSc Esben S\u00f8rensen.[\/vc_column_text][\/vc_column][vc_column width=&raquo;1\/2&#8243;][vc_single_image image=&raquo;97&#8243; img_size=&raquo;medium&raquo; alignment=&raquo;center&raquo;][\/vc_column][\/vc_row][vc_row][vc_column][vc_separator][\/vc_column][\/vc_row][vc_row el_class=&raquo;text-center&raquo;][vc_column width=&raquo;1\/2&#8243; css=&raquo;.vc_custom_1443174360248{padding-bottom: 15px !important;}&raquo;][vc_single_image image=&raquo;95&#8243; img_size=&raquo;medium&raquo; alignment=&raquo;center&raquo;][\/vc_column][vc_column width=&raquo;1\/2&#8243;][vc_column_text]<\/p>\n<h3>Storm\u00f8de p\u00e5 Hotel Gothia Towers i G\u00f6teborg \u2013 10. november 2014<\/h3>\n<p>Til storm\u00f8det i G\u00f6teborg var optometrister samlet til foredrag omkring keratokonus, Cross-linking og syns korrigering ved hj\u00e6lp af medicinske- og topografi tilpassede linser. G\u00e6ste foredragsholder var \u00f8jenl\u00e6ge, Dr. Wolf Wonneberg fra Sahlgrenska Universitetssjukhuset i M\u00f6lndal.[\/vc_column_text][\/vc_column][\/vc_row][vc_row][vc_column][vc_separator][\/vc_column][\/vc_row][vc_row el_class=&raquo;text-center&raquo;][vc_column width=&raquo;1\/2&#8243;][vc_column_text]<\/p>\n<h3>Universitetshospitalet i Lund \u2013 18. november 2014<\/h3>\n<p>Universitetshospitalet i Lund dannnede ramme om det sidste storm\u00f8de i Sverige i \u00e5r. Vi takker l\u00e6ge og Ph.d. forsker ved Lunds Universitet, Ingemar Gustafsson, for en interessant pr\u00e6sentation om Keratoconus og Cross-linking. Stor m\u00f8derne i Sverige har haft stor deltagelse, vi vil derfor unders\u00f8ge muligheden for at afholde flere storm\u00f8der i Sverige i det nye \u00e5r[\/vc_column_text][\/vc_column][vc_column width=&raquo;1\/2&#8243;][vc_single_image image=&raquo;96&#8243; img_size=&raquo;medium&raquo; alignment=&raquo;center&raquo;][\/vc_column][\/vc_row][vc_row][vc_column][vc_separator][\/vc_column][\/vc_row][vc_row el_class=&raquo;text-center&raquo;][vc_column width=&raquo;1\/2&#8243;][vc_single_image image=&raquo;1787&#8243; img_size=&raquo;medium&raquo; alignment=&raquo;center&raquo;][\/vc_column][vc_column width=&raquo;1\/2&#8243;][vc_column_text]<\/p>\n<h3>Ume\u00e5 april 2015<\/h3>\n<p>Storm\u00f8de i Ume\u00e5 Universitet (NUS) b\u00f8d p\u00e5 sp\u00e6ndende forel\u00e6sninger hvor \u00f8jenl\u00e6ge og professor Anders Behndig fortalte om Keratoconus og Cross-Linking.<br \/>\nAnita Robertson forel\u00e6ste om hvordan vi kan l\u00f8se problematiske patienter med medicinske linser.<br \/>\nVi siger mange tak til Anders og Anita for deres yderst interessante forel\u00e6sninger.[\/vc_column_text][\/vc_column][\/vc_row][vc_row][vc_column][vc_separator][\/vc_column][\/vc_row][vc_row el_class=&raquo;text-center&raquo;][vc_column width=&raquo;1\/2&#8243;][vc_column_text]<\/p>\n<h3>Copenhagen februar 2015<\/h3>\n<p>Storm\u00f8de K\u00f8benhavn\/Glostrup b\u00f8d p\u00e5 flere sp\u00e6ndende indslag, hvor \u00f8jenl\u00e6ge Jens Lindegaard fortalte om, hvordan vi diagnosticerer keratokonus, hvorn\u00e5r vi skal henvise til Cross-Linking og de forskellige kirurgiske behandlinger af keratokonus.<\/p>\n<p>Optometrist Msc. Esben S\u00f8rensen forl\u00e6ste om hvordan vi tilpasser kontaktlinser til komplicerede hornhindesygdomme.<\/p>\n<p>Og dagen sluttede med optometrist Trussit Dave (PhD, BSc, McOptom) forl\u00e6ste om hvordan topograf virker, bland andet hvad topografen giver af informationer og m\u00e5linger, hvordan vi l\u00e6ser disse m\u00e5linger og hvad vi kan bruge informationer og m\u00e5lingerne til.[\/vc_column_text][\/vc_column][vc_column width=&raquo;1\/2&#8243;][vc_single_image image=&raquo;1789&#8243; img_size=&raquo;medium&raquo; alignment=&raquo;center&raquo;][\/vc_column][\/vc_row][vc_row][vc_column][vc_separator][\/vc_column][\/vc_row][vc_row el_class=&raquo;text-center&raquo;][vc_column width=&raquo;1\/2&#8243;][vc_single_image image=&raquo;1790&#8243; img_size=&raquo;medium&raquo; alignment=&raquo;center&raquo;][\/vc_column][vc_column width=&raquo;1\/2&#8243;][vc_column_text]<\/p>\n<h3>\u00c5rhus februar 2015<\/h3>\n<p>P\u00e5 storm\u00f8det i Aarhus, kunne man opleve Overl\u00e6gerne Jesper Hjortdal &amp; Anders Ivarsen forl\u00e6se om, hvordan vi diagnosticerer keratokonus, hvordan vi skal henvise til Cross-Linking og de kirurgiske behandlinger af keratokonus (transplantation, ICRS)<\/p>\n<p>Vi havde ogs\u00e5 Optometrist Msc. Esben S\u00f8rensen til, at forl\u00e6se om de forskellige kontaktlinse muligheder vi har for, at l\u00f8se komplicerede hornhindesygdomme<\/p>\n<p>Til sidst p\u00e5 aftnen var Optometrist Nicolaj Aagaard inde for at forl\u00e6se om topografi.<br \/>\nHvilke informationer giver topografen, hvordan l\u00e6ses topografibillederne og hvad topografim\u00e5lingerne anvendes til.[\/vc_column_text][\/vc_column][\/vc_row][vc_row][vc_column][vc_separator][\/vc_column][\/vc_row][vc_row el_class=&raquo;text-center&raquo;][vc_column width=&raquo;1\/2&#8243;][vc_column_text]<\/p>\n<h3>Oslo september 2015<\/h3>\n<p>Til storm\u00f8de i Oslo kunne man opleve Overl\u00e6ge Andreas Thorsrud, Optometrist MSc. Esben S\u00f8rensen og Optometrist MSc. Ingebret Mojord.<\/p>\n<p>Overl\u00e6ge Andreas Thorsrud holdte en sp\u00e6ndende forel\u00e6sning omkring diagnosticering af keratokonus, hvorn\u00e5r man skal henvise til Cross-Linking og de nyeste metoder indenfor Cross-Linking.<br \/>\nDerudover forklarede han om de kirurgiske behandlinger af keratokonus (Transplantation, ICRS, corneal regularisering \u2013 PRK &amp; CXL) og resultatet efter Cross-Linking<\/p>\n<p>Optometrist MSc. Esben S\u00f8rensen forl\u00e6ste, om de muligheder vi har, for at l\u00f8se komplicerede hornhindesygdomme med kontaktlinse. De muligheder vi har med topografi, hvilke informationer topografen giver os, hvordan vi l\u00e6ser disse informationer og hvordan vi kan bruge disse topografi m\u00e5linger.<\/p>\n<p>Optometrist MSc. Ingebret Mojord forl\u00e6ste om n\u00f8glen til succes, hvor han forklare at kommunikation med patienten er hovedingrediensen, hvor vigtigt det er at undervise vores patienter om deres tilstand og hvordan vi sikrer at patienten har en dybere forst\u00e5else af hvad vi fort\u00e6ller dem.<\/p>\n<p>Tak til alle der deltog og tak til forel\u00e6sere for en sp\u00e6ndende dag.[\/vc_column_text][\/vc_column][vc_column width=&raquo;1\/2&#8243;][vc_single_image image=&raquo;1791&#8243; img_size=&raquo;medium&raquo; alignment=&raquo;center&raquo;][\/vc_column][\/vc_row]<\/p>\n<\/div>","protected":false},"excerpt":{"rendered":"<p>[vc_row][vc_column][vc_images_carousel images=&raquo;52374,52378,52382,52386,52390,52394,52398,52402&#8243; img_size=&raquo;large&raquo; speed=&raquo;10000&#8243; slides_per_view=&raquo;2&#8243; autoplay=&raquo;yes&raquo; partial_view=&raquo;yes&raquo; wrap=&raquo;yes&raquo;][\/vc_column][\/vc_row][vc_row el_class=&raquo;text-center&raquo;][vc_column][vc_column_text] [vc_row el_class=&raquo;text-center&raquo;][vc_column][vc_column_text] DreamLite Ortho-K-Nattlinser fra ens eyes har mottatt Europeisk Godkjennelse for \u00e5 bremse utviklingen av n\u00e6rsynthet Forekomsten av n\u00e6rsynthet er stigende i hele verden og har n\u00e5dd epidemiske niv\u00e5er i<\/p>\n","protected":false},"author":237,"featured_media":0,"parent":3154,"menu_order":0,"comment_status":"closed","ping_status":"closed","template":"templates\/child-page.php","meta":{"_acf_changed":false,"footnotes":""},"class_list":["post-3160","page","type-page","status-publish","hentry"],"acf":[],"yoast_head":"<!-- This site is optimized with the Yoast SEO plugin v27.4 - https:\/\/yoast.com\/product\/yoast-seo-wordpress\/ -->\n<title>EVENTKALENDER - EnsEyes<\/title>\n<meta name=\"robots\" content=\"index, follow, max-snippet:-1, max-image-preview:large, max-video-preview:-1\" \/>\n<link rel=\"canonical\" href=\"https:\/\/enseyes.com\/nb\/support\/eventkalender\/\" \/>\n<meta property=\"og:locale\" content=\"nb_NO\" \/>\n<meta property=\"og:type\" content=\"article\" \/>\n<meta property=\"og:title\" content=\"EVENTKALENDER - EnsEyes\" \/>\n<meta property=\"og:description\" content=\"[vc_row][vc_column][vc_images_carousel images=&raquo;52374,52378,52382,52386,52390,52394,52398,52402&#8243; img_size=&raquo;large&raquo; speed=&raquo;10000&#8243; slides_per_view=&raquo;2&#8243; autoplay=&raquo;yes&raquo; partial_view=&raquo;yes&raquo; wrap=&raquo;yes&raquo;][\/vc_column][\/vc_row][vc_row el_class=&raquo;text-center&raquo;][vc_column][vc_column_text] [vc_row el_class=&raquo;text-center&raquo;][vc_column][vc_column_text] DreamLite Ortho-K-Nattlinser fra ens eyes har mottatt Europeisk Godkjennelse for \u00e5 bremse utviklingen av n\u00e6rsynthet Forekomsten av n\u00e6rsynthet er stigende i hele verden og har n\u00e5dd epidemiske niv\u00e5er i\" \/>\n<meta property=\"og:url\" content=\"https:\/\/enseyes.com\/nb\/support\/eventkalender\/\" \/>\n<meta property=\"og:site_name\" content=\"EnsEyes\" \/>\n<meta property=\"article:modified_time\" content=\"2021-08-17T11:42:11+00:00\" \/>\n<meta property=\"og:image\" content=\"https:\/\/enseyes.com\/wp-content\/uploads\/2020\/03\/flemming_moeller-150x150.png\" \/>\n<meta name=\"twitter:card\" content=\"summary_large_image\" \/>\n<meta name=\"twitter:label1\" content=\"Ansl. lesetid\" \/>\n\t<meta name=\"twitter:data1\" content=\"7 minutter\" \/>\n<script type=\"application\/ld+json\" class=\"yoast-schema-graph\">{\"@context\":\"https:\\\/\\\/schema.org\",\"@graph\":[{\"@type\":\"WebPage\",\"@id\":\"https:\\\/\\\/enseyes.com\\\/nb\\\/support\\\/eventkalender\\\/\",\"url\":\"https:\\\/\\\/enseyes.com\\\/nb\\\/support\\\/eventkalender\\\/\",\"name\":\"EVENTKALENDER - EnsEyes\",\"isPartOf\":{\"@id\":\"https:\\\/\\\/enseyes.com\\\/sv\\\/#website\"},\"primaryImageOfPage\":{\"@id\":\"https:\\\/\\\/enseyes.com\\\/nb\\\/support\\\/eventkalender\\\/#primaryimage\"},\"image\":{\"@id\":\"https:\\\/\\\/enseyes.com\\\/nb\\\/support\\\/eventkalender\\\/#primaryimage\"},\"thumbnailUrl\":\"https:\\\/\\\/enseyes.com\\\/wp-content\\\/uploads\\\/2020\\\/03\\\/flemming_moeller-150x150.png\",\"datePublished\":\"2016-05-19T13:35:18+00:00\",\"dateModified\":\"2021-08-17T11:42:11+00:00\",\"breadcrumb\":{\"@id\":\"https:\\\/\\\/enseyes.com\\\/nb\\\/support\\\/eventkalender\\\/#breadcrumb\"},\"inLanguage\":\"nb-NO\",\"potentialAction\":[{\"@type\":\"ReadAction\",\"target\":[\"https:\\\/\\\/enseyes.com\\\/nb\\\/support\\\/eventkalender\\\/\"]}]},{\"@type\":\"ImageObject\",\"inLanguage\":\"nb-NO\",\"@id\":\"https:\\\/\\\/enseyes.com\\\/nb\\\/support\\\/eventkalender\\\/#primaryimage\",\"url\":\"https:\\\/\\\/enseyes.com\\\/wp-content\\\/uploads\\\/2020\\\/03\\\/flemming_moeller-150x150.png\",\"contentUrl\":\"https:\\\/\\\/enseyes.com\\\/wp-content\\\/uploads\\\/2020\\\/03\\\/flemming_moeller-150x150.png\"},{\"@type\":\"BreadcrumbList\",\"@id\":\"https:\\\/\\\/enseyes.com\\\/nb\\\/support\\\/eventkalender\\\/#breadcrumb\",\"itemListElement\":[{\"@type\":\"ListItem\",\"position\":1,\"name\":\"Hjem\",\"item\":\"https:\\\/\\\/enseyes.com\\\/nb\\\/\"},{\"@type\":\"ListItem\",\"position\":2,\"name\":\"BRUKERST\u00d8TTE\",\"item\":\"https:\\\/\\\/enseyes.com\\\/nb\\\/support\\\/\"},{\"@type\":\"ListItem\",\"position\":3,\"name\":\"EVENTKALENDER\"}]},{\"@type\":\"WebSite\",\"@id\":\"https:\\\/\\\/enseyes.com\\\/sv\\\/#website\",\"url\":\"https:\\\/\\\/enseyes.com\\\/sv\\\/\",\"name\":\"EnsEyes\",\"description\":\"Cornea Care\",\"potentialAction\":[{\"@type\":\"SearchAction\",\"target\":{\"@type\":\"EntryPoint\",\"urlTemplate\":\"https:\\\/\\\/enseyes.com\\\/sv\\\/?s={search_term_string}\"},\"query-input\":{\"@type\":\"PropertyValueSpecification\",\"valueRequired\":true,\"valueName\":\"search_term_string\"}}],\"inLanguage\":\"nb-NO\"}]}<\/script>\n<!-- \/ Yoast SEO plugin. -->","yoast_head_json":{"title":"EVENTKALENDER - EnsEyes","robots":{"index":"index","follow":"follow","max-snippet":"max-snippet:-1","max-image-preview":"max-image-preview:large","max-video-preview":"max-video-preview:-1"},"canonical":"https:\/\/enseyes.com\/nb\/support\/eventkalender\/","og_locale":"nb_NO","og_type":"article","og_title":"EVENTKALENDER - EnsEyes","og_description":"[vc_row][vc_column][vc_images_carousel images=&raquo;52374,52378,52382,52386,52390,52394,52398,52402&#8243; img_size=&raquo;large&raquo; speed=&raquo;10000&#8243; slides_per_view=&raquo;2&#8243; autoplay=&raquo;yes&raquo; partial_view=&raquo;yes&raquo; wrap=&raquo;yes&raquo;][\/vc_column][\/vc_row][vc_row el_class=&raquo;text-center&raquo;][vc_column][vc_column_text] [vc_row el_class=&raquo;text-center&raquo;][vc_column][vc_column_text] DreamLite Ortho-K-Nattlinser fra ens eyes har mottatt Europeisk Godkjennelse for \u00e5 bremse utviklingen av n\u00e6rsynthet Forekomsten av n\u00e6rsynthet er stigende i hele verden og har n\u00e5dd epidemiske niv\u00e5er i","og_url":"https:\/\/enseyes.com\/nb\/support\/eventkalender\/","og_site_name":"EnsEyes","article_modified_time":"2021-08-17T11:42:11+00:00","og_image":[{"url":"https:\/\/enseyes.com\/wp-content\/uploads\/2020\/03\/flemming_moeller-150x150.png","type":"","width":"","height":""}],"twitter_card":"summary_large_image","twitter_misc":{"Ansl. lesetid":"7 minutter"},"schema":{"@context":"https:\/\/schema.org","@graph":[{"@type":"WebPage","@id":"https:\/\/enseyes.com\/nb\/support\/eventkalender\/","url":"https:\/\/enseyes.com\/nb\/support\/eventkalender\/","name":"EVENTKALENDER - EnsEyes","isPartOf":{"@id":"https:\/\/enseyes.com\/sv\/#website"},"primaryImageOfPage":{"@id":"https:\/\/enseyes.com\/nb\/support\/eventkalender\/#primaryimage"},"image":{"@id":"https:\/\/enseyes.com\/nb\/support\/eventkalender\/#primaryimage"},"thumbnailUrl":"https:\/\/enseyes.com\/wp-content\/uploads\/2020\/03\/flemming_moeller-150x150.png","datePublished":"2016-05-19T13:35:18+00:00","dateModified":"2021-08-17T11:42:11+00:00","breadcrumb":{"@id":"https:\/\/enseyes.com\/nb\/support\/eventkalender\/#breadcrumb"},"inLanguage":"nb-NO","potentialAction":[{"@type":"ReadAction","target":["https:\/\/enseyes.com\/nb\/support\/eventkalender\/"]}]},{"@type":"ImageObject","inLanguage":"nb-NO","@id":"https:\/\/enseyes.com\/nb\/support\/eventkalender\/#primaryimage","url":"https:\/\/enseyes.com\/wp-content\/uploads\/2020\/03\/flemming_moeller-150x150.png","contentUrl":"https:\/\/enseyes.com\/wp-content\/uploads\/2020\/03\/flemming_moeller-150x150.png"},{"@type":"BreadcrumbList","@id":"https:\/\/enseyes.com\/nb\/support\/eventkalender\/#breadcrumb","itemListElement":[{"@type":"ListItem","position":1,"name":"Hjem","item":"https:\/\/enseyes.com\/nb\/"},{"@type":"ListItem","position":2,"name":"BRUKERST\u00d8TTE","item":"https:\/\/enseyes.com\/nb\/support\/"},{"@type":"ListItem","position":3,"name":"EVENTKALENDER"}]},{"@type":"WebSite","@id":"https:\/\/enseyes.com\/sv\/#website","url":"https:\/\/enseyes.com\/sv\/","name":"EnsEyes","description":"Cornea Care","potentialAction":[{"@type":"SearchAction","target":{"@type":"EntryPoint","urlTemplate":"https:\/\/enseyes.com\/sv\/?s={search_term_string}"},"query-input":{"@type":"PropertyValueSpecification","valueRequired":true,"valueName":"search_term_string"}}],"inLanguage":"nb-NO"}]}},"_links":{"self":[{"href":"https:\/\/enseyes.com\/nb\/wp-json\/wp\/v2\/pages\/3160","targetHints":{"allow":["GET"]}}],"collection":[{"href":"https:\/\/enseyes.com\/nb\/wp-json\/wp\/v2\/pages"}],"about":[{"href":"https:\/\/enseyes.com\/nb\/wp-json\/wp\/v2\/types\/page"}],"author":[{"embeddable":true,"href":"https:\/\/enseyes.com\/nb\/wp-json\/wp\/v2\/users\/237"}],"replies":[{"embeddable":true,"href":"https:\/\/enseyes.com\/nb\/wp-json\/wp\/v2\/comments?post=3160"}],"version-history":[{"count":0,"href":"https:\/\/enseyes.com\/nb\/wp-json\/wp\/v2\/pages\/3160\/revisions"}],"up":[{"embeddable":true,"href":"https:\/\/enseyes.com\/nb\/wp-json\/wp\/v2\/pages\/3154"}],"wp:attachment":[{"href":"https:\/\/enseyes.com\/nb\/wp-json\/wp\/v2\/media?parent=3160"}],"curies":[{"name":"wp","href":"https:\/\/api.w.org\/{rel}","templated":true}]}}