{"id":4570,"date":"2017-10-31T11:14:28","date_gmt":"2017-10-31T10:14:28","guid":{"rendered":"http:\/\/enseyes.com\/?page_id=4570"},"modified":"2022-10-17T12:07:07","modified_gmt":"2022-10-17T11:07:07","slug":"linsevaeske","status":"publish","type":"page","link":"https:\/\/enseyes.com\/nb\/produkter\/linsevaeske\/","title":{"rendered":"Linsev\u00e6ske"},"content":{"rendered":"<div class=\"wpb-content-wrapper\"><p>[vc_row][vc_column][vc_single_image image=&raquo;50100&#8243; img_size=&raquo;large&raquo;][\/vc_column][\/vc_row][vc_row][vc_column][vc_column_text]N\u00e5r du bruker ubehandlet kontaktlinsev\u00e6ske, minimerer du risikoen for \u00e5 utvikle overf\u00f8lsomhet og allergi mot konserveringsmidler som kan f\u00f8re til irritasjon, r\u00f8dhet eller t\u00f8rrhet i \u00f8ynene.<br \/>\nUtfordringen med ubevart kontaktlinsev\u00e6ske er at v\u00e6skens holdbarhet blir betydelig kortere. Derfor kommer de fleste konserveringsfrie kontaktlinsev\u00e6sker i engangsbeholdere.[\/vc_column_text][\/vc_column][\/vc_row][vc_row][vc_column width=&raquo;1\/3&#8243;][vc_column_text]<\/p>\n<h3 style=\"text-align: center;\"><a href=\"https:\/\/enseyes.com\/nb\/produkter\/linsevaeske\/unidose-saline\/\">Unidose Saline<\/a><\/h3>\n<p><a href=\"https:\/\/enseyes.com\/nb\/produkter\/linsevaeske\/unidose-saline\/\"><img loading=\"lazy\" decoding=\"async\" class=\"aligncenter wp-image-12405 size-medium\" src=\"https:\/\/enseyes.com\/wp-content\/uploads\/2018\/11\/Unidose-Saline-foto-skygge-300x225.jpg\" alt=\"\" width=\"300\" height=\"225\" srcset=\"https:\/\/enseyes.com\/wp-content\/uploads\/2018\/11\/Unidose-Saline-foto-skygge-300x225.jpg 300w, https:\/\/enseyes.com\/wp-content\/uploads\/2018\/11\/Unidose-Saline-foto-skygge-768x576.jpg 768w, https:\/\/enseyes.com\/wp-content\/uploads\/2018\/11\/Unidose-Saline-foto-skygge-1024x768.jpg 1024w\" sizes=\"auto, (max-width: 300px) 100vw, 300px\" \/><\/a>[\/vc_column_text][\/vc_column][vc_column width=&raquo;1\/3&#8243;][vc_column_text]<\/p>\n<h3 style=\"text-align: center;\"><a href=\"https:\/\/enseyes.com\/nb\/produkter\/linsevaeske\/crystal-cleaner\/\">Crystal Cleaner<\/a><\/h3>\n<p><a href=\"https:\/\/enseyes.com\/nb\/produkter\/linsevaeske\/crystal-cleaner\/\"><img loading=\"lazy\" decoding=\"async\" class=\"aligncenter wp-image-48503 size-medium\" src=\"https:\/\/enseyes.com\/wp-content\/uploads\/2020\/01\/crystal_cleaner-300x300.jpg\" alt=\"\" width=\"300\" height=\"300\" srcset=\"https:\/\/enseyes.com\/wp-content\/uploads\/2020\/01\/crystal_cleaner-300x300.jpg 300w, https:\/\/enseyes.com\/wp-content\/uploads\/2020\/01\/crystal_cleaner-150x150.jpg 150w, https:\/\/enseyes.com\/wp-content\/uploads\/2020\/01\/crystal_cleaner.jpg 595w\" sizes=\"auto, (max-width: 300px) 100vw, 300px\" \/><\/a>[\/vc_column_text][\/vc_column][vc_column width=&raquo;1\/3&#8243;][vc_column_text]<\/p>\n<h3 style=\"text-align: center;\"><a href=\"https:\/\/enseyes.com\/nb\/produkter\/linsevaeske\/regardk\/\">Regard K<\/a><\/h3>\n<p><a href=\"https:\/\/enseyes.com\/nb\/produkter\/linsevaeske\/regardk\/\"><img loading=\"lazy\" decoding=\"async\" class=\"aligncenter wp-image-14619 size-full\" src=\"https:\/\/enseyes.com\/wp-content\/uploads\/2018\/11\/regard_k_245.jpg\" alt=\"\" width=\"245\" height=\"245\" srcset=\"https:\/\/enseyes.com\/wp-content\/uploads\/2018\/11\/regard_k_245.jpg 245w, https:\/\/enseyes.com\/wp-content\/uploads\/2018\/11\/regard_k_245-150x150.jpg 150w\" sizes=\"auto, (max-width: 245px) 100vw, 245px\" \/><\/a>[\/vc_column_text][\/vc_column][\/vc_row][vc_row][vc_column width=&raquo;1\/3&#8243;][vc_column_text]<\/p>\n<h3 style=\"text-align: center;\"><a href=\"https:\/\/enseyes.com\/nb\/produkter\/linsevaeske\/regard\/\">Regard<\/a><\/h3>\n<h3 style=\"text-align: center;\"><a href=\"https:\/\/enseyes.com\/wp-content\/uploads\/2022\/10\/regard355.png\"><img loading=\"lazy\" decoding=\"async\" class=\"alignnone wp-image-52671 size-medium\" src=\"https:\/\/enseyes.com\/wp-content\/uploads\/2022\/10\/regard355-300x225.png\" alt=\"\" width=\"300\" height=\"225\" srcset=\"https:\/\/enseyes.com\/wp-content\/uploads\/2022\/10\/regard355-300x225.png 300w, https:\/\/enseyes.com\/wp-content\/uploads\/2022\/10\/regard355-1024x768.png 1024w, https:\/\/enseyes.com\/wp-content\/uploads\/2022\/10\/regard355-768x576.png 768w, https:\/\/enseyes.com\/wp-content\/uploads\/2022\/10\/regard355-1536x1152.png 1536w, https:\/\/enseyes.com\/wp-content\/uploads\/2022\/10\/regard355.png 1920w\" sizes=\"auto, (max-width: 300px) 100vw, 300px\" \/><\/a><\/h3>\n<p>[\/vc_column_text][\/vc_column][vc_column width=&raquo;1\/3&#8243;][vc_column_text]<\/p>\n<h3 style=\"text-align: center;\"><a href=\"https:\/\/enseyes.com\/nb\/produkter\/linsevaeske\/hycosan\/\">Hycosan<\/a><\/h3>\n<h3 style=\"text-align: center;\"><a href=\"https:\/\/enseyes.com\/nb\/produkter\/linsevaeske\/hycosan\/\"><img loading=\"lazy\" decoding=\"async\" class=\"aligncenter wp-image-49381 size-medium\" src=\"https:\/\/enseyes.com\/wp-content\/uploads\/2020\/12\/hycosan-242x300.png\" alt=\"\" width=\"242\" height=\"300\" srcset=\"https:\/\/enseyes.com\/wp-content\/uploads\/2020\/12\/hycosan-242x300.png 242w, https:\/\/enseyes.com\/wp-content\/uploads\/2020\/12\/hycosan.png 350w\" sizes=\"auto, (max-width: 242px) 100vw, 242px\" \/><\/a><\/h3>\n<p>[\/vc_column_text][\/vc_column][vc_column width=&raquo;1\/3&#8243;][\/vc_column][\/vc_row]<\/p>\n<\/div>","protected":false},"excerpt":{"rendered":"<p>[vc_row][vc_column][vc_single_image image=&raquo;50100&#8243; img_size=&raquo;large&raquo;][\/vc_column][\/vc_row][vc_row][vc_column][vc_column_text]N\u00e5r du bruker ubehandlet kontaktlinsev\u00e6ske, minimerer du risikoen for \u00e5 utvikle overf\u00f8lsomhet og allergi mot konserveringsmidler som kan f\u00f8re til irritasjon, r\u00f8dhet eller t\u00f8rrhet i \u00f8ynene. Utfordringen med ubevart kontaktlinsev\u00e6ske er at v\u00e6skens holdbarhet blir betydelig kortere. Derfor<\/p>\n","protected":false},"author":237,"featured_media":0,"parent":2911,"menu_order":4,"comment_status":"closed","ping_status":"closed","template":"templates\/product-category.php","meta":{"_acf_changed":false,"footnotes":""},"class_list":["post-4570","page","type-page","status-publish","hentry"],"acf":[],"yoast_head":"<!-- This site is optimized with the Yoast SEO plugin v27.4 - https:\/\/yoast.com\/product\/yoast-seo-wordpress\/ -->\n<title>Linsev\u00e6ske - EnsEyes<\/title>\n<meta name=\"robots\" content=\"index, follow, max-snippet:-1, max-image-preview:large, max-video-preview:-1\" \/>\n<link rel=\"canonical\" href=\"https:\/\/enseyes.com\/nb\/produkter\/linsevaeske\/\" \/>\n<meta property=\"og:locale\" content=\"nb_NO\" \/>\n<meta property=\"og:type\" content=\"article\" \/>\n<meta property=\"og:title\" content=\"Linsev\u00e6ske - EnsEyes\" \/>\n<meta property=\"og:description\" content=\"[vc_row][vc_column][vc_single_image image=&raquo;50100&#8243; img_size=&raquo;large&raquo;][\/vc_column][\/vc_row][vc_row][vc_column][vc_column_text]N\u00e5r du bruker ubehandlet kontaktlinsev\u00e6ske, minimerer du risikoen for \u00e5 utvikle overf\u00f8lsomhet og allergi mot konserveringsmidler som kan f\u00f8re til irritasjon, r\u00f8dhet eller t\u00f8rrhet i \u00f8ynene. Utfordringen med ubevart kontaktlinsev\u00e6ske er at v\u00e6skens holdbarhet blir betydelig kortere. Derfor\" \/>\n<meta property=\"og:url\" content=\"https:\/\/enseyes.com\/nb\/produkter\/linsevaeske\/\" \/>\n<meta property=\"og:site_name\" content=\"EnsEyes\" \/>\n<meta property=\"article:modified_time\" content=\"2022-10-17T11:07:07+00:00\" \/>\n<meta property=\"og:image\" content=\"https:\/\/enseyes.com\/wp-content\/uploads\/2018\/11\/Unidose-Saline-foto-skygge-300x225.jpg\" \/>\n<meta name=\"twitter:card\" content=\"summary_large_image\" \/>\n<meta name=\"twitter:label1\" content=\"Ansl. lesetid\" \/>\n\t<meta name=\"twitter:data1\" content=\"2 minutter\" \/>\n<script type=\"application\/ld+json\" class=\"yoast-schema-graph\">{\"@context\":\"https:\\\/\\\/schema.org\",\"@graph\":[{\"@type\":\"WebPage\",\"@id\":\"https:\\\/\\\/enseyes.com\\\/nb\\\/produkter\\\/linsevaeske\\\/\",\"url\":\"https:\\\/\\\/enseyes.com\\\/nb\\\/produkter\\\/linsevaeske\\\/\",\"name\":\"Linsev\u00e6ske - EnsEyes\",\"isPartOf\":{\"@id\":\"https:\\\/\\\/enseyes.com\\\/sv\\\/#website\"},\"primaryImageOfPage\":{\"@id\":\"https:\\\/\\\/enseyes.com\\\/nb\\\/produkter\\\/linsevaeske\\\/#primaryimage\"},\"image\":{\"@id\":\"https:\\\/\\\/enseyes.com\\\/nb\\\/produkter\\\/linsevaeske\\\/#primaryimage\"},\"thumbnailUrl\":\"https:\\\/\\\/enseyes.com\\\/wp-content\\\/uploads\\\/2018\\\/11\\\/Unidose-Saline-foto-skygge-300x225.jpg\",\"datePublished\":\"2017-10-31T10:14:28+00:00\",\"dateModified\":\"2022-10-17T11:07:07+00:00\",\"breadcrumb\":{\"@id\":\"https:\\\/\\\/enseyes.com\\\/nb\\\/produkter\\\/linsevaeske\\\/#breadcrumb\"},\"inLanguage\":\"nb-NO\",\"potentialAction\":[{\"@type\":\"ReadAction\",\"target\":[\"https:\\\/\\\/enseyes.com\\\/nb\\\/produkter\\\/linsevaeske\\\/\"]}]},{\"@type\":\"ImageObject\",\"inLanguage\":\"nb-NO\",\"@id\":\"https:\\\/\\\/enseyes.com\\\/nb\\\/produkter\\\/linsevaeske\\\/#primaryimage\",\"url\":\"https:\\\/\\\/enseyes.com\\\/wp-content\\\/uploads\\\/2018\\\/11\\\/Unidose-Saline-foto-skygge-300x225.jpg\",\"contentUrl\":\"https:\\\/\\\/enseyes.com\\\/wp-content\\\/uploads\\\/2018\\\/11\\\/Unidose-Saline-foto-skygge-300x225.jpg\"},{\"@type\":\"BreadcrumbList\",\"@id\":\"https:\\\/\\\/enseyes.com\\\/nb\\\/produkter\\\/linsevaeske\\\/#breadcrumb\",\"itemListElement\":[{\"@type\":\"ListItem\",\"position\":1,\"name\":\"Hjem\",\"item\":\"https:\\\/\\\/enseyes.com\\\/nb\\\/\"},{\"@type\":\"ListItem\",\"position\":2,\"name\":\"Produkter\",\"item\":\"https:\\\/\\\/enseyes.com\\\/nb\\\/produkter\\\/\"},{\"@type\":\"ListItem\",\"position\":3,\"name\":\"Linsev\u00e6ske\"}]},{\"@type\":\"WebSite\",\"@id\":\"https:\\\/\\\/enseyes.com\\\/sv\\\/#website\",\"url\":\"https:\\\/\\\/enseyes.com\\\/sv\\\/\",\"name\":\"EnsEyes\",\"description\":\"Cornea Care\",\"potentialAction\":[{\"@type\":\"SearchAction\",\"target\":{\"@type\":\"EntryPoint\",\"urlTemplate\":\"https:\\\/\\\/enseyes.com\\\/sv\\\/?s={search_term_string}\"},\"query-input\":{\"@type\":\"PropertyValueSpecification\",\"valueRequired\":true,\"valueName\":\"search_term_string\"}}],\"inLanguage\":\"nb-NO\"}]}<\/script>\n<!-- \/ Yoast SEO plugin. -->","yoast_head_json":{"title":"Linsev\u00e6ske - EnsEyes","robots":{"index":"index","follow":"follow","max-snippet":"max-snippet:-1","max-image-preview":"max-image-preview:large","max-video-preview":"max-video-preview:-1"},"canonical":"https:\/\/enseyes.com\/nb\/produkter\/linsevaeske\/","og_locale":"nb_NO","og_type":"article","og_title":"Linsev\u00e6ske - EnsEyes","og_description":"[vc_row][vc_column][vc_single_image image=&raquo;50100&#8243; img_size=&raquo;large&raquo;][\/vc_column][\/vc_row][vc_row][vc_column][vc_column_text]N\u00e5r du bruker ubehandlet kontaktlinsev\u00e6ske, minimerer du risikoen for \u00e5 utvikle overf\u00f8lsomhet og allergi mot konserveringsmidler som kan f\u00f8re til irritasjon, r\u00f8dhet eller t\u00f8rrhet i \u00f8ynene. Utfordringen med ubevart kontaktlinsev\u00e6ske er at v\u00e6skens holdbarhet blir betydelig kortere. Derfor","og_url":"https:\/\/enseyes.com\/nb\/produkter\/linsevaeske\/","og_site_name":"EnsEyes","article_modified_time":"2022-10-17T11:07:07+00:00","og_image":[{"url":"https:\/\/enseyes.com\/wp-content\/uploads\/2018\/11\/Unidose-Saline-foto-skygge-300x225.jpg","type":"","width":"","height":""}],"twitter_card":"summary_large_image","twitter_misc":{"Ansl. lesetid":"2 minutter"},"schema":{"@context":"https:\/\/schema.org","@graph":[{"@type":"WebPage","@id":"https:\/\/enseyes.com\/nb\/produkter\/linsevaeske\/","url":"https:\/\/enseyes.com\/nb\/produkter\/linsevaeske\/","name":"Linsev\u00e6ske - EnsEyes","isPartOf":{"@id":"https:\/\/enseyes.com\/sv\/#website"},"primaryImageOfPage":{"@id":"https:\/\/enseyes.com\/nb\/produkter\/linsevaeske\/#primaryimage"},"image":{"@id":"https:\/\/enseyes.com\/nb\/produkter\/linsevaeske\/#primaryimage"},"thumbnailUrl":"https:\/\/enseyes.com\/wp-content\/uploads\/2018\/11\/Unidose-Saline-foto-skygge-300x225.jpg","datePublished":"2017-10-31T10:14:28+00:00","dateModified":"2022-10-17T11:07:07+00:00","breadcrumb":{"@id":"https:\/\/enseyes.com\/nb\/produkter\/linsevaeske\/#breadcrumb"},"inLanguage":"nb-NO","potentialAction":[{"@type":"ReadAction","target":["https:\/\/enseyes.com\/nb\/produkter\/linsevaeske\/"]}]},{"@type":"ImageObject","inLanguage":"nb-NO","@id":"https:\/\/enseyes.com\/nb\/produkter\/linsevaeske\/#primaryimage","url":"https:\/\/enseyes.com\/wp-content\/uploads\/2018\/11\/Unidose-Saline-foto-skygge-300x225.jpg","contentUrl":"https:\/\/enseyes.com\/wp-content\/uploads\/2018\/11\/Unidose-Saline-foto-skygge-300x225.jpg"},{"@type":"BreadcrumbList","@id":"https:\/\/enseyes.com\/nb\/produkter\/linsevaeske\/#breadcrumb","itemListElement":[{"@type":"ListItem","position":1,"name":"Hjem","item":"https:\/\/enseyes.com\/nb\/"},{"@type":"ListItem","position":2,"name":"Produkter","item":"https:\/\/enseyes.com\/nb\/produkter\/"},{"@type":"ListItem","position":3,"name":"Linsev\u00e6ske"}]},{"@type":"WebSite","@id":"https:\/\/enseyes.com\/sv\/#website","url":"https:\/\/enseyes.com\/sv\/","name":"EnsEyes","description":"Cornea Care","potentialAction":[{"@type":"SearchAction","target":{"@type":"EntryPoint","urlTemplate":"https:\/\/enseyes.com\/sv\/?s={search_term_string}"},"query-input":{"@type":"PropertyValueSpecification","valueRequired":true,"valueName":"search_term_string"}}],"inLanguage":"nb-NO"}]}},"_links":{"self":[{"href":"https:\/\/enseyes.com\/nb\/wp-json\/wp\/v2\/pages\/4570","targetHints":{"allow":["GET"]}}],"collection":[{"href":"https:\/\/enseyes.com\/nb\/wp-json\/wp\/v2\/pages"}],"about":[{"href":"https:\/\/enseyes.com\/nb\/wp-json\/wp\/v2\/types\/page"}],"author":[{"embeddable":true,"href":"https:\/\/enseyes.com\/nb\/wp-json\/wp\/v2\/users\/237"}],"replies":[{"embeddable":true,"href":"https:\/\/enseyes.com\/nb\/wp-json\/wp\/v2\/comments?post=4570"}],"version-history":[{"count":0,"href":"https:\/\/enseyes.com\/nb\/wp-json\/wp\/v2\/pages\/4570\/revisions"}],"up":[{"embeddable":true,"href":"https:\/\/enseyes.com\/nb\/wp-json\/wp\/v2\/pages\/2911"}],"wp:attachment":[{"href":"https:\/\/enseyes.com\/nb\/wp-json\/wp\/v2\/media?parent=4570"}],"curies":[{"name":"wp","href":"https:\/\/api.w.org\/{rel}","templated":true}]}}