{"id":50478,"date":"2021-04-08T15:33:14","date_gmt":"2021-04-08T14:33:14","guid":{"rendered":"https:\/\/enseyes.com\/byo-premium-mc\/"},"modified":"2024-02-22T14:48:10","modified_gmt":"2024-02-22T13:48:10","slug":"byo-premium-mc","status":"publish","type":"page","link":"https:\/\/enseyes.com\/nb\/byo-premium-mc\/","title":{"rendered":"Byo Premium MC"},"content":{"rendered":"<div class=\"wpb-content-wrapper\"><p>[vc_row][vc_column][vc_single_image image=&raquo;49854&#8243; img_size=&raquo;full&raquo;][\/vc_column][\/vc_row][vc_row][vc_column width=&raquo;1\/3&#8243;][vc_single_image image=&raquo;50409&#8243; img_size=&raquo;medium&raquo;][\/vc_column][vc_column width=&raquo;2\/3&#8243;][vc_column_text]<\/p>\n<h5>BYO PREMIUM MC<\/h5>\n<ul>\n<li>Spesielt designet for n\u00e6rsynthet<\/li>\n<li>Optimal oksygenpermeabilitet<\/li>\n<li>Egnet for st\u00f8rre korreksjoner<\/li>\n<\/ul>\n<p>En skreddersydd myk linse levert spesielt for n\u00e6rsynthet. BYO Premium MC beregnes n\u00f8yaktig etter st\u00f8rrelse med et unikt beregningsverkt\u00f8y.[\/vc_column_text][\/vc_column][\/vc_row][vc_row][vc_column][vc_tta_tabs][vc_tta_section title=&raquo;Spesifikasjoner&raquo; tab_id=&raquo;1615475851643-5a6dee1f-02f5&#8243;][vc_row_inner][vc_column_inner width=&raquo;1\/2&#8243;][vc_column_text]<\/p>\n<h5>Hvem kan bruke BYO Premium MC<\/h5>\n<p>Skifter du ofte linser for briller p\u00e5 slutten av dagen? Blir \u00f8ynene irritert i et t\u00f8rt milj\u00f8? BYO Premium skreddersydde myke kontaktlinser er det riktige valget for de som regelmessig lider av \u00f8yeirritasjon. BYO Premium er ogs\u00e5 egnet for h\u00f8yere korreksjoner.[\/vc_column_text][\/vc_column_inner][vc_column_inner width=&raquo;1\/2&#8243;][vc_column_text]<\/p>\n<h5>Silicone Hydrogel<\/h5>\n<p>Silikone hydrogel materialet garanterer utmerket oksygen- og rivepermeabilitet. Dette holder \u00f8ynene sunne og gj\u00f8r kontaktlinsen ekstra behagelig \u00e5 ha p\u00e5.<\/p>\n<h5>Flere valg<\/h5>\n<p>BYO Premium er skreddersydd og kan bestilles i mange varianter som multifokal, torisk, sf\u00e6risk og torisk multifokal. Sp\u00f8r optikeren din om alternativene.[\/vc_column_text][\/vc_column_inner][\/vc_row_inner][\/vc_tta_section][vc_tta_section title=&raquo;Informasjon&raquo; tab_id=&raquo;1615475851652-8c8a315b-7430&#8243;][vc_column_text]Les bruksanvisningen n\u00f8ye f\u00f8r du bruker BYO Premium MC. Informasjonen blir gitt av kontaktlinsespesialisten din. \u00d8nsker du mer informasjon eller r\u00e5d? Kontakt oss p\u00e5 tlf. +45 75 10 24 10<\/p>\n<p><a href=\"https:\/\/enseyes.com\/wp-content\/uploads\/2021\/03\/byo_premium.pdf\" target=\"_blank\" rel=\"noopener\">Du kan laste ned brukerveiledning her<\/a>[\/vc_column_text][vc_row_inner][vc_column_inner width=&raquo;1\/2&#8243;][vc_video link=&raquo;https:\/\/player.vimeo.com\/video\/311662503&#8243;][vc_column_text]<a href=\"mailto:?&amp;subject=Instruksjonsvideo&amp;body=Se%20denne%20video%20https:\/\/player.vimeo.com\/video\/311662503\">Send video<\/a>\u00a0 \u00a0 \u00a0\u2013\u00a0 \u00a0 \u00a0<a href=\"https:\/\/player.vimeo.com\/video\/311662503?autoplay=0%22%20width=%22263%22%20height=%22148%22%20frameborder=%220%22%20webkitallowfullscreen=%22%22%20mozallowfullscreen=%22%22%20allowfullscreen=\" target=\"_blank\" rel=\"noopener\">Se i stort format<\/a>[\/vc_column_text][\/vc_column_inner][vc_column_inner width=&raquo;1\/2&#8243;][vc_video link=&raquo;https:\/\/player.vimeo.com\/video\/311662540&#8243;][vc_column_text]<a href=\"mailto:?&amp;subject=Instruksjonsvideo&amp;body=Se%20denne%20video%20https:\/\/player.vimeo.com\/video\/311662540\">Send video<\/a>\u00a0 \u00a0 \u00a0\u2013\u00a0 \u00a0 \u00a0<a href=\"https:\/\/player.vimeo.com\/video\/311662540?autoplay=0%22%20frameborder=%220%22%20webkitallowfullscreen=%22%22%20mozallowfullscreen=%22%22%20allowfullscreen=\" target=\"_blank\" rel=\"noopener\">Se i stort format<\/a>[\/vc_column_text][\/vc_column_inner][\/vc_row_inner][\/vc_tta_section][vc_tta_section title=&raquo;kontaktlinsev\u00e6ske&raquo; tab_id=&raquo;1615477112592-3c6d45a2-ac84&#8243;][vc_column_text]Vi anbefaler rengj\u00f8ring, desinfisering, oppbevaring, skylling og bruk av BYO Premium-kontaktlinser med ubeskyttet kontaktlinsev\u00e6ske som Ever Clean og<a href=\"https:\/\/enseyes.com\/nb\/produkter\/linsevaeske\/unidose-saline\/\"> Unidose saline<\/a> eller <a href=\"https:\/\/enseyes.com\/nb\/produkter\/linsevaeske\/regard\/\">Regard<\/a><\/p>\n<h5>Sikkerhet<\/h5>\n<p>Bruk av kontaktlinser medf\u00f8rer en potensiell infeksjonsfare. F\u00f8lg derfor alltid r\u00e5d fra spesialisten og h\u00e5ndter linser riktig. For eksempel b\u00f8r linser aldri rengj\u00f8res med vann eller spytt, da de inneholder bakterier som kan v\u00e6re skadelige for \u00f8yet. S\u00e5 s\u00f8rg alltid for at du har den rette linsel\u00f8sningen for h\u00e5nden, se hodev\u00e6skene. Vask alltid hendene grundig med mild s\u00e5pe f\u00f8r du bruker linser. Unng\u00e5 s\u00e5per som inneholder lanolin, kremer og eller parfymer. Skyll hendene godt med vann og t\u00f8rk dem med et rent, lofritt kj\u00f8kkenh\u00e5ndkle. Ikke plasser linsene p\u00e5 irriterte \u00f8yne. Se pakningsvedlegget for all informasjon om riktig rengj\u00f8ring, oppbevaring og bruk av linser. Dette kan f\u00e5s fra spesialisten. Spesialisten jobber i henhold til en protokoll og s\u00f8rger for at du er godt informert og at \u00f8ynene dine blir sjekket regelmessig. For \u00e5 bekrefte at begge parter f\u00f8lger sikkerhetsreglene, vil spesialisten be deg om \u00e5 signere en linseavtale.[\/vc_column_text][\/vc_tta_section][vc_tta_section title=&raquo;Informasjon for optikere&raquo; tab_id=&raquo;1615477288441-2f7ef8e5-bf39&#8243;][vc_row_inner][vc_column_inner][vc_column_text]\n<table id=\"tablepress-14\" class=\"tablepress tablepress-id-14\">\n<thead>\n<tr class=\"row-1\">\n\t<th class=\"column-1\">Parametre BYO Premium MC:<\/th><td class=\"column-2\"><\/td><td class=\"column-3\"><\/td>\n<\/tr>\n<\/thead>\n<tbody class=\"row-striping row-hover\">\n<tr class=\"row-2\">\n\t<td class=\"column-1\">Radius (r0):<\/td><td class=\"column-2\">7.30 mm til 9.80 mm i 0.10 mm steps<\/td><td class=\"column-3\"><\/td>\n<\/tr>\n<tr class=\"row-3\">\n\t<td class=\"column-1\">Sf\u00e6risk styrke (F\u2019v):<\/td><td class=\"column-2\">+1.00 D til -12.00 D i 0.25 D steps<\/td><td class=\"column-3\"><\/td>\n<\/tr>\n<tr class=\"row-4\">\n\t<td class=\"column-1\">Cylinder (Torisk):<\/td><td class=\"column-2\">-0.75 D til -4.50 D i 0.25 D steps<\/td><td class=\"column-3\"><\/td>\n<\/tr>\n<tr class=\"row-5\">\n\t<td class=\"column-1\">Akse (Torisk):<\/td><td class=\"column-2\">0\u00b0 til 180\u00b0 pr 1\u00b0<\/td><td class=\"column-3\"><\/td>\n<\/tr>\n<tr class=\"row-6\">\n\t<td class=\"column-1\">Diameter (\u00d8T):<\/td><td class=\"column-2\">13.50 mm til 15.00 mm i 0.10 mm steps<\/td><td class=\"column-3\"><\/td>\n<\/tr>\n<tr class=\"row-7\">\n\t<td class=\"column-1\">Teknisk information<\/td><td class=\"column-2\"><\/td><td class=\"column-3\"><\/td>\n<\/tr>\n<tr class=\"row-8\">\n\t<td class=\"column-1\">Materiale:<\/td><td class=\"column-2\">Ultima silicone hydrogel*<\/td><td class=\"column-3\"><\/td>\n<\/tr>\n<tr class=\"row-9\">\n\t<td class=\"column-1\">Vand indhold:<\/td><td class=\"column-2\">48%<\/td><td class=\"column-3\"><\/td>\n<\/tr>\n<tr class=\"row-10\">\n\t<td class=\"column-1\">Dk\/t:<\/td><td class=\"column-2\">71 (-3.00 D)<\/td><td class=\"column-3\"><\/td>\n<\/tr>\n<tr class=\"row-11\">\n\t<td class=\"column-1\">Modulus:<\/td><td class=\"column-2\">0.62 Mpa<\/td><td class=\"column-3\"><\/td>\n<\/tr>\n<tr class=\"row-12\">\n\t<td class=\"column-1\">UV filter:<\/td><td class=\"column-2\">Ja<\/td><td class=\"column-3\"><\/td>\n<\/tr>\n<tr class=\"row-13\">\n\t<td class=\"column-1\">Handling:<\/td><td class=\"column-2\">Nej<\/td><td class=\"column-3\"><\/td>\n<\/tr>\n<tr class=\"row-14\">\n\t<td class=\"column-1\">Central middel tykkelse:<\/td><td class=\"column-2\">0.30 mm (-3.00 D)<\/td><td class=\"column-3\"><\/td>\n<\/tr>\n<tr class=\"row-15\">\n\t<td class=\"column-1\">Markering Toriske:<\/td><td class=\"column-2\">2 markeringer kl. 3 og 9<\/td><td class=\"column-3\"><\/td>\n<\/tr>\n<tr class=\"row-16\">\n\t<td class=\"column-1\">Gravering:<\/td><td class=\"column-2\">S\/N og Procornea logo<br \/>\n<\/td><td class=\"column-3\"><\/td>\n<\/tr>\n<tr class=\"row-17\">\n\t<td class=\"column-1\">Applikation:<\/td><td class=\"column-2\">Hver dag <\/td><td class=\"column-3\"><\/td>\n<\/tr>\n<tr class=\"row-18\">\n\t<td class=\"column-1\">Forpakning:<\/td><td class=\"column-2\">Blister<\/td><td class=\"column-3\"><\/td>\n<\/tr>\n<\/tbody>\n<\/table>\n<!-- #tablepress-14 from cache -->[\/vc_column_text][\/vc_column_inner][\/vc_row_inner][\/vc_tta_section][\/vc_tta_tabs][\/vc_column][\/vc_row][vc_row][vc_column][vc_video link=&raquo;https:\/\/vimeo.com\/536367654&#8243;][\/vc_column][\/vc_row]<\/p>\n<\/div>","protected":false},"excerpt":{"rendered":"<p>[vc_row][vc_column][vc_single_image image=&raquo;49854&#8243; img_size=&raquo;full&raquo;][\/vc_column][\/vc_row][vc_row][vc_column width=&raquo;1\/3&#8243;][vc_single_image image=&raquo;50409&#8243; img_size=&raquo;medium&raquo;][\/vc_column][vc_column width=&raquo;2\/3&#8243;][vc_column_text] BYO PREMIUM MC Spesielt designet for n\u00e6rsynthet Optimal oksygenpermeabilitet Egnet for st\u00f8rre korreksjoner En skreddersydd myk linse levert spesielt for n\u00e6rsynthet. BYO Premium MC beregnes n\u00f8yaktig etter st\u00f8rrelse med et unikt beregningsverkt\u00f8y.[\/vc_column_text][\/vc_column][\/vc_row][vc_row][vc_column][vc_tta_tabs][vc_tta_section title=&raquo;Spesifikasjoner&raquo;<\/p>\n","protected":false},"author":172,"featured_media":0,"parent":0,"menu_order":0,"comment_status":"closed","ping_status":"closed","template":"","meta":{"_acf_changed":false,"footnotes":""},"class_list":["post-50478","page","type-page","status-publish","hentry"],"acf":[],"yoast_head":"<!-- This site is optimized with the Yoast SEO plugin v27.4 - https:\/\/yoast.com\/product\/yoast-seo-wordpress\/ -->\n<title>Byo Premium MC - EnsEyes<\/title>\n<meta name=\"robots\" content=\"index, follow, max-snippet:-1, max-image-preview:large, max-video-preview:-1\" \/>\n<link rel=\"canonical\" href=\"https:\/\/enseyes.com\/nb\/byo-premium-mc\/\" \/>\n<meta property=\"og:locale\" content=\"nb_NO\" \/>\n<meta property=\"og:type\" content=\"article\" \/>\n<meta property=\"og:title\" content=\"Byo Premium MC - EnsEyes\" \/>\n<meta property=\"og:description\" content=\"[vc_row][vc_column][vc_single_image image=&raquo;49854&#8243; img_size=&raquo;full&raquo;][\/vc_column][\/vc_row][vc_row][vc_column width=&raquo;1\/3&#8243;][vc_single_image image=&raquo;50409&#8243; img_size=&raquo;medium&raquo;][\/vc_column][vc_column width=&raquo;2\/3&#8243;][vc_column_text] BYO PREMIUM MC Spesielt designet for n\u00e6rsynthet Optimal oksygenpermeabilitet Egnet for st\u00f8rre korreksjoner En skreddersydd myk linse levert spesielt for n\u00e6rsynthet. BYO Premium MC beregnes n\u00f8yaktig etter st\u00f8rrelse med et unikt beregningsverkt\u00f8y.[\/vc_column_text][\/vc_column][\/vc_row][vc_row][vc_column][vc_tta_tabs][vc_tta_section title=&raquo;Spesifikasjoner&raquo;\" \/>\n<meta property=\"og:url\" content=\"https:\/\/enseyes.com\/nb\/byo-premium-mc\/\" \/>\n<meta property=\"og:site_name\" content=\"EnsEyes\" \/>\n<meta property=\"article:modified_time\" content=\"2024-02-22T13:48:10+00:00\" \/>\n<meta name=\"twitter:card\" content=\"summary_large_image\" \/>\n<meta name=\"twitter:label1\" content=\"Ansl. lesetid\" \/>\n\t<meta name=\"twitter:data1\" content=\"4 minutter\" \/>\n<script type=\"application\/ld+json\" class=\"yoast-schema-graph\">{\"@context\":\"https:\\\/\\\/schema.org\",\"@graph\":[{\"@type\":\"WebPage\",\"@id\":\"https:\\\/\\\/enseyes.com\\\/nb\\\/byo-premium-mc\\\/\",\"url\":\"https:\\\/\\\/enseyes.com\\\/nb\\\/byo-premium-mc\\\/\",\"name\":\"Byo Premium MC - EnsEyes\",\"isPartOf\":{\"@id\":\"https:\\\/\\\/enseyes.com\\\/sv\\\/#website\"},\"datePublished\":\"2021-04-08T14:33:14+00:00\",\"dateModified\":\"2024-02-22T13:48:10+00:00\",\"breadcrumb\":{\"@id\":\"https:\\\/\\\/enseyes.com\\\/nb\\\/byo-premium-mc\\\/#breadcrumb\"},\"inLanguage\":\"nb-NO\",\"potentialAction\":[{\"@type\":\"ReadAction\",\"target\":[\"https:\\\/\\\/enseyes.com\\\/nb\\\/byo-premium-mc\\\/\"]}]},{\"@type\":\"BreadcrumbList\",\"@id\":\"https:\\\/\\\/enseyes.com\\\/nb\\\/byo-premium-mc\\\/#breadcrumb\",\"itemListElement\":[{\"@type\":\"ListItem\",\"position\":1,\"name\":\"Hjem\",\"item\":\"https:\\\/\\\/enseyes.com\\\/nb\\\/\"},{\"@type\":\"ListItem\",\"position\":2,\"name\":\"Byo Premium MC\"}]},{\"@type\":\"WebSite\",\"@id\":\"https:\\\/\\\/enseyes.com\\\/sv\\\/#website\",\"url\":\"https:\\\/\\\/enseyes.com\\\/sv\\\/\",\"name\":\"EnsEyes\",\"description\":\"Cornea Care\",\"potentialAction\":[{\"@type\":\"SearchAction\",\"target\":{\"@type\":\"EntryPoint\",\"urlTemplate\":\"https:\\\/\\\/enseyes.com\\\/sv\\\/?s={search_term_string}\"},\"query-input\":{\"@type\":\"PropertyValueSpecification\",\"valueRequired\":true,\"valueName\":\"search_term_string\"}}],\"inLanguage\":\"nb-NO\"}]}<\/script>\n<!-- \/ Yoast SEO plugin. -->","yoast_head_json":{"title":"Byo Premium MC - EnsEyes","robots":{"index":"index","follow":"follow","max-snippet":"max-snippet:-1","max-image-preview":"max-image-preview:large","max-video-preview":"max-video-preview:-1"},"canonical":"https:\/\/enseyes.com\/nb\/byo-premium-mc\/","og_locale":"nb_NO","og_type":"article","og_title":"Byo Premium MC - EnsEyes","og_description":"[vc_row][vc_column][vc_single_image image=&raquo;49854&#8243; img_size=&raquo;full&raquo;][\/vc_column][\/vc_row][vc_row][vc_column width=&raquo;1\/3&#8243;][vc_single_image image=&raquo;50409&#8243; img_size=&raquo;medium&raquo;][\/vc_column][vc_column width=&raquo;2\/3&#8243;][vc_column_text] BYO PREMIUM MC Spesielt designet for n\u00e6rsynthet Optimal oksygenpermeabilitet Egnet for st\u00f8rre korreksjoner En skreddersydd myk linse levert spesielt for n\u00e6rsynthet. BYO Premium MC beregnes n\u00f8yaktig etter st\u00f8rrelse med et unikt beregningsverkt\u00f8y.[\/vc_column_text][\/vc_column][\/vc_row][vc_row][vc_column][vc_tta_tabs][vc_tta_section title=&raquo;Spesifikasjoner&raquo;","og_url":"https:\/\/enseyes.com\/nb\/byo-premium-mc\/","og_site_name":"EnsEyes","article_modified_time":"2024-02-22T13:48:10+00:00","twitter_card":"summary_large_image","twitter_misc":{"Ansl. lesetid":"4 minutter"},"schema":{"@context":"https:\/\/schema.org","@graph":[{"@type":"WebPage","@id":"https:\/\/enseyes.com\/nb\/byo-premium-mc\/","url":"https:\/\/enseyes.com\/nb\/byo-premium-mc\/","name":"Byo Premium MC - EnsEyes","isPartOf":{"@id":"https:\/\/enseyes.com\/sv\/#website"},"datePublished":"2021-04-08T14:33:14+00:00","dateModified":"2024-02-22T13:48:10+00:00","breadcrumb":{"@id":"https:\/\/enseyes.com\/nb\/byo-premium-mc\/#breadcrumb"},"inLanguage":"nb-NO","potentialAction":[{"@type":"ReadAction","target":["https:\/\/enseyes.com\/nb\/byo-premium-mc\/"]}]},{"@type":"BreadcrumbList","@id":"https:\/\/enseyes.com\/nb\/byo-premium-mc\/#breadcrumb","itemListElement":[{"@type":"ListItem","position":1,"name":"Hjem","item":"https:\/\/enseyes.com\/nb\/"},{"@type":"ListItem","position":2,"name":"Byo Premium MC"}]},{"@type":"WebSite","@id":"https:\/\/enseyes.com\/sv\/#website","url":"https:\/\/enseyes.com\/sv\/","name":"EnsEyes","description":"Cornea Care","potentialAction":[{"@type":"SearchAction","target":{"@type":"EntryPoint","urlTemplate":"https:\/\/enseyes.com\/sv\/?s={search_term_string}"},"query-input":{"@type":"PropertyValueSpecification","valueRequired":true,"valueName":"search_term_string"}}],"inLanguage":"nb-NO"}]}},"_links":{"self":[{"href":"https:\/\/enseyes.com\/nb\/wp-json\/wp\/v2\/pages\/50478","targetHints":{"allow":["GET"]}}],"collection":[{"href":"https:\/\/enseyes.com\/nb\/wp-json\/wp\/v2\/pages"}],"about":[{"href":"https:\/\/enseyes.com\/nb\/wp-json\/wp\/v2\/types\/page"}],"author":[{"embeddable":true,"href":"https:\/\/enseyes.com\/nb\/wp-json\/wp\/v2\/users\/172"}],"replies":[{"embeddable":true,"href":"https:\/\/enseyes.com\/nb\/wp-json\/wp\/v2\/comments?post=50478"}],"version-history":[{"count":0,"href":"https:\/\/enseyes.com\/nb\/wp-json\/wp\/v2\/pages\/50478\/revisions"}],"wp:attachment":[{"href":"https:\/\/enseyes.com\/nb\/wp-json\/wp\/v2\/media?parent=50478"}],"curies":[{"name":"wp","href":"https:\/\/api.w.org\/{rel}","templated":true}]}}