{"id":50495,"date":"2021-02-17T16:32:03","date_gmt":"2021-02-17T15:32:03","guid":{"rendered":"https:\/\/enseyes.com\/myopikontrol\/"},"modified":"2021-12-14T16:16:30","modified_gmt":"2021-12-14T15:16:30","slug":"myopikontrol","status":"publish","type":"page","link":"https:\/\/enseyes.com\/nb\/myopikontrol\/","title":{"rendered":"myopikontroll"},"content":{"rendered":"<div class=\"wpb-content-wrapper\"><p>[vc_row][vc_column width=&raquo;1\/2&#8243;][vc_column_text]<\/p>\n<h3><a href=\"https:\/\/enseyes.com\/nb\/dreamlite\/\" rel=\"https:\/\/enseyes.com\/produkter\/topografisk-tilpassede-linser\/natlinser\/\"><img loading=\"lazy\" decoding=\"async\" class=\"alignnone wp-image-49730 size-large\" src=\"https:\/\/enseyes.com\/wp-content\/uploads\/2021\/02\/inandout-1024x441.jpg\" alt=\"\" width=\"1000\" height=\"431\" srcset=\"https:\/\/enseyes.com\/wp-content\/uploads\/2021\/02\/inandout-1024x441.jpg 1024w, https:\/\/enseyes.com\/wp-content\/uploads\/2021\/02\/inandout-300x129.jpg 300w, https:\/\/enseyes.com\/wp-content\/uploads\/2021\/02\/inandout-768x331.jpg 768w, https:\/\/enseyes.com\/wp-content\/uploads\/2021\/02\/inandout-1536x662.jpg 1536w, https:\/\/enseyes.com\/wp-content\/uploads\/2021\/02\/inandout.jpg 1920w\" sizes=\"auto, (max-width: 1000px) 100vw, 1000px\" \/><\/a><br \/>\n<a href=\"https:\/\/enseyes.com\/nb\/dreamlite\/\">Nattlinser<\/a><\/h3>\n<p>Hvis du velger de harde linsene v\u00e5re (Ortho-K), trenger du bare \u00e5 bruke dem n\u00e5r du sover, og se klart om dagen, helt uten briller eller andre linser.<br \/>\n<a href=\"https:\/\/enseyes.com\/nb\/dreamlite\/\">Se mer her<\/a>[\/vc_column_text][\/vc_column][vc_column width=&raquo;1\/2&#8243;][vc_column_text]<\/p>\n<h3><a href=\"https:\/\/enseyes.com\/wp-content\/uploads\/2021\/03\/kosttilskud_banner.png\"><img loading=\"lazy\" decoding=\"async\" class=\"alignnone wp-image-50111 size-large\" src=\"https:\/\/enseyes.com\/wp-content\/uploads\/2021\/03\/kosttilskud_banner-1024x415.png\" alt=\"\" width=\"1000\" height=\"405\" srcset=\"https:\/\/enseyes.com\/wp-content\/uploads\/2021\/03\/kosttilskud_banner-1024x415.png 1024w, https:\/\/enseyes.com\/wp-content\/uploads\/2021\/03\/kosttilskud_banner-300x122.png 300w, https:\/\/enseyes.com\/wp-content\/uploads\/2021\/03\/kosttilskud_banner-768x312.png 768w, https:\/\/enseyes.com\/wp-content\/uploads\/2021\/03\/kosttilskud_banner.png 1427w\" sizes=\"auto, (max-width: 1000px) 100vw, 1000px\" \/><\/a><br \/>\n<a href=\"https:\/\/enseyes.com\/nb\/byo-premium-mc\/\">Myke linser<\/a><\/h3>\n<ul>\n<li>Myke kontaktlinser i silikon hydrogel materiale, brukt til \u00e5 korrigere uregelmessige hornhinner.<\/li>\n<li>Merkbart bedre syn enn med normale myke kontaktlinser.<\/li>\n<li>Ideell for sport, i st\u00f8vete omgivelser, til h\u00f8ytider eller som et supplement til eksisterende kontaktlinser.<\/li>\n<\/ul>\n<p>BYO Premium MC er en 3-m\u00e5neders linse som kommer i b\u00e5de sf\u00e6risk og torisk design.<br \/>\n<a href=\"https:\/\/enseyes.com\/nb\/byo-premium-mc\/\">Se mer her\u00a0<\/a>[\/vc_column_text][\/vc_column][\/vc_row][vc_row][vc_column][vc_column_text]<\/p>\n<hr \/>\n<p>[\/vc_column_text][\/vc_column][\/vc_row][vc_row][vc_column][vc_column_text]<\/p>\n<h3 style=\"text-align: center;\">Myopikontroll studie<\/h3>\n<p style=\"text-align: center;\">Her snakker Trine M\u00f8ldrup Jakobsen fra Vejle sykehus om myopi kontroll med nattlinser fra ens eyes. <a href=\"https:\/\/enseyes.com\/nb\/forskningsprojekt\/\">Artikkel ang\u00e5ende studien.<\/a><\/p>\n<p>[\/vc_column_text][\/vc_column][\/vc_row][vc_row][vc_column][vc_video link=&raquo;https:\/\/player.vimeo.com\/video\/447442584&#8243;][\/vc_column][\/vc_row]<\/p>\n<\/div>","protected":false},"excerpt":{"rendered":"<p>[vc_row][vc_column width=&raquo;1\/2&#8243;][vc_column_text] Nattlinser Hvis du velger de harde linsene v\u00e5re (Ortho-K), trenger du bare \u00e5 bruke dem n\u00e5r du sover, og se klart om dagen, helt uten briller eller andre linser. Se mer her[\/vc_column_text][\/vc_column][vc_column width=&raquo;1\/2&#8243;][vc_column_text] Myke linser Myke kontaktlinser i<\/p>\n","protected":false},"author":172,"featured_media":0,"parent":0,"menu_order":0,"comment_status":"closed","ping_status":"closed","template":"","meta":{"_acf_changed":false,"footnotes":""},"class_list":["post-50495","page","type-page","status-publish","hentry"],"acf":[],"yoast_head":"<!-- This site is optimized with the Yoast SEO plugin v27.5 - https:\/\/yoast.com\/product\/yoast-seo-wordpress\/ -->\n<title>myopikontroll - EnsEyes<\/title>\n<meta name=\"robots\" content=\"index, follow, max-snippet:-1, max-image-preview:large, max-video-preview:-1\" \/>\n<link rel=\"canonical\" href=\"https:\/\/enseyes.com\/nb\/myopikontrol\/\" \/>\n<meta property=\"og:locale\" content=\"nb_NO\" \/>\n<meta property=\"og:type\" content=\"article\" \/>\n<meta property=\"og:title\" content=\"myopikontroll - EnsEyes\" \/>\n<meta property=\"og:description\" content=\"[vc_row][vc_column width=&raquo;1\/2&#8243;][vc_column_text] Nattlinser Hvis du velger de harde linsene v\u00e5re (Ortho-K), trenger du bare \u00e5 bruke dem n\u00e5r du sover, og se klart om dagen, helt uten briller eller andre linser. Se mer her[\/vc_column_text][\/vc_column][vc_column width=&raquo;1\/2&#8243;][vc_column_text] Myke linser Myke kontaktlinser i\" \/>\n<meta property=\"og:url\" content=\"https:\/\/enseyes.com\/nb\/myopikontrol\/\" \/>\n<meta property=\"og:site_name\" content=\"EnsEyes\" \/>\n<meta property=\"article:modified_time\" content=\"2021-12-14T15:16:30+00:00\" \/>\n<meta property=\"og:image\" content=\"https:\/\/enseyes.com\/wp-content\/uploads\/2021\/02\/inandout-1024x441.jpg\" \/>\n<meta name=\"twitter:card\" content=\"summary_large_image\" \/>\n<meta name=\"twitter:label1\" content=\"Ansl. lesetid\" \/>\n\t<meta name=\"twitter:data1\" content=\"1 minutt\" \/>\n<script type=\"application\/ld+json\" class=\"yoast-schema-graph\">{\"@context\":\"https:\\\/\\\/schema.org\",\"@graph\":[{\"@type\":\"WebPage\",\"@id\":\"https:\\\/\\\/enseyes.com\\\/nb\\\/myopikontrol\\\/\",\"url\":\"https:\\\/\\\/enseyes.com\\\/nb\\\/myopikontrol\\\/\",\"name\":\"myopikontroll - EnsEyes\",\"isPartOf\":{\"@id\":\"https:\\\/\\\/enseyes.com\\\/sv\\\/#website\"},\"primaryImageOfPage\":{\"@id\":\"https:\\\/\\\/enseyes.com\\\/nb\\\/myopikontrol\\\/#primaryimage\"},\"image\":{\"@id\":\"https:\\\/\\\/enseyes.com\\\/nb\\\/myopikontrol\\\/#primaryimage\"},\"thumbnailUrl\":\"https:\\\/\\\/enseyes.com\\\/wp-content\\\/uploads\\\/2021\\\/02\\\/inandout-1024x441.jpg\",\"datePublished\":\"2021-02-17T15:32:03+00:00\",\"dateModified\":\"2021-12-14T15:16:30+00:00\",\"breadcrumb\":{\"@id\":\"https:\\\/\\\/enseyes.com\\\/nb\\\/myopikontrol\\\/#breadcrumb\"},\"inLanguage\":\"nb-NO\",\"potentialAction\":[{\"@type\":\"ReadAction\",\"target\":[\"https:\\\/\\\/enseyes.com\\\/nb\\\/myopikontrol\\\/\"]}]},{\"@type\":\"ImageObject\",\"inLanguage\":\"nb-NO\",\"@id\":\"https:\\\/\\\/enseyes.com\\\/nb\\\/myopikontrol\\\/#primaryimage\",\"url\":\"https:\\\/\\\/enseyes.com\\\/wp-content\\\/uploads\\\/2021\\\/02\\\/inandout-1024x441.jpg\",\"contentUrl\":\"https:\\\/\\\/enseyes.com\\\/wp-content\\\/uploads\\\/2021\\\/02\\\/inandout-1024x441.jpg\"},{\"@type\":\"BreadcrumbList\",\"@id\":\"https:\\\/\\\/enseyes.com\\\/nb\\\/myopikontrol\\\/#breadcrumb\",\"itemListElement\":[{\"@type\":\"ListItem\",\"position\":1,\"name\":\"Hjem\",\"item\":\"https:\\\/\\\/enseyes.com\\\/nb\\\/\"},{\"@type\":\"ListItem\",\"position\":2,\"name\":\"myopikontroll\"}]},{\"@type\":\"WebSite\",\"@id\":\"https:\\\/\\\/enseyes.com\\\/sv\\\/#website\",\"url\":\"https:\\\/\\\/enseyes.com\\\/sv\\\/\",\"name\":\"EnsEyes\",\"description\":\"Cornea Care\",\"potentialAction\":[{\"@type\":\"SearchAction\",\"target\":{\"@type\":\"EntryPoint\",\"urlTemplate\":\"https:\\\/\\\/enseyes.com\\\/sv\\\/?s={search_term_string}\"},\"query-input\":{\"@type\":\"PropertyValueSpecification\",\"valueRequired\":true,\"valueName\":\"search_term_string\"}}],\"inLanguage\":\"nb-NO\"}]}<\/script>\n<!-- \/ Yoast SEO plugin. -->","yoast_head_json":{"title":"myopikontroll - EnsEyes","robots":{"index":"index","follow":"follow","max-snippet":"max-snippet:-1","max-image-preview":"max-image-preview:large","max-video-preview":"max-video-preview:-1"},"canonical":"https:\/\/enseyes.com\/nb\/myopikontrol\/","og_locale":"nb_NO","og_type":"article","og_title":"myopikontroll - EnsEyes","og_description":"[vc_row][vc_column width=&raquo;1\/2&#8243;][vc_column_text] Nattlinser Hvis du velger de harde linsene v\u00e5re (Ortho-K), trenger du bare \u00e5 bruke dem n\u00e5r du sover, og se klart om dagen, helt uten briller eller andre linser. Se mer her[\/vc_column_text][\/vc_column][vc_column width=&raquo;1\/2&#8243;][vc_column_text] Myke linser Myke kontaktlinser i","og_url":"https:\/\/enseyes.com\/nb\/myopikontrol\/","og_site_name":"EnsEyes","article_modified_time":"2021-12-14T15:16:30+00:00","og_image":[{"url":"https:\/\/enseyes.com\/wp-content\/uploads\/2021\/02\/inandout-1024x441.jpg","type":"","width":"","height":""}],"twitter_card":"summary_large_image","twitter_misc":{"Ansl. lesetid":"1 minutt"},"schema":{"@context":"https:\/\/schema.org","@graph":[{"@type":"WebPage","@id":"https:\/\/enseyes.com\/nb\/myopikontrol\/","url":"https:\/\/enseyes.com\/nb\/myopikontrol\/","name":"myopikontroll - EnsEyes","isPartOf":{"@id":"https:\/\/enseyes.com\/sv\/#website"},"primaryImageOfPage":{"@id":"https:\/\/enseyes.com\/nb\/myopikontrol\/#primaryimage"},"image":{"@id":"https:\/\/enseyes.com\/nb\/myopikontrol\/#primaryimage"},"thumbnailUrl":"https:\/\/enseyes.com\/wp-content\/uploads\/2021\/02\/inandout-1024x441.jpg","datePublished":"2021-02-17T15:32:03+00:00","dateModified":"2021-12-14T15:16:30+00:00","breadcrumb":{"@id":"https:\/\/enseyes.com\/nb\/myopikontrol\/#breadcrumb"},"inLanguage":"nb-NO","potentialAction":[{"@type":"ReadAction","target":["https:\/\/enseyes.com\/nb\/myopikontrol\/"]}]},{"@type":"ImageObject","inLanguage":"nb-NO","@id":"https:\/\/enseyes.com\/nb\/myopikontrol\/#primaryimage","url":"https:\/\/enseyes.com\/wp-content\/uploads\/2021\/02\/inandout-1024x441.jpg","contentUrl":"https:\/\/enseyes.com\/wp-content\/uploads\/2021\/02\/inandout-1024x441.jpg"},{"@type":"BreadcrumbList","@id":"https:\/\/enseyes.com\/nb\/myopikontrol\/#breadcrumb","itemListElement":[{"@type":"ListItem","position":1,"name":"Hjem","item":"https:\/\/enseyes.com\/nb\/"},{"@type":"ListItem","position":2,"name":"myopikontroll"}]},{"@type":"WebSite","@id":"https:\/\/enseyes.com\/sv\/#website","url":"https:\/\/enseyes.com\/sv\/","name":"EnsEyes","description":"Cornea Care","potentialAction":[{"@type":"SearchAction","target":{"@type":"EntryPoint","urlTemplate":"https:\/\/enseyes.com\/sv\/?s={search_term_string}"},"query-input":{"@type":"PropertyValueSpecification","valueRequired":true,"valueName":"search_term_string"}}],"inLanguage":"nb-NO"}]}},"_links":{"self":[{"href":"https:\/\/enseyes.com\/nb\/wp-json\/wp\/v2\/pages\/50495","targetHints":{"allow":["GET"]}}],"collection":[{"href":"https:\/\/enseyes.com\/nb\/wp-json\/wp\/v2\/pages"}],"about":[{"href":"https:\/\/enseyes.com\/nb\/wp-json\/wp\/v2\/types\/page"}],"author":[{"embeddable":true,"href":"https:\/\/enseyes.com\/nb\/wp-json\/wp\/v2\/users\/172"}],"replies":[{"embeddable":true,"href":"https:\/\/enseyes.com\/nb\/wp-json\/wp\/v2\/comments?post=50495"}],"version-history":[{"count":0,"href":"https:\/\/enseyes.com\/nb\/wp-json\/wp\/v2\/pages\/50495\/revisions"}],"wp:attachment":[{"href":"https:\/\/enseyes.com\/nb\/wp-json\/wp\/v2\/media?parent=50495"}],"curies":[{"name":"wp","href":"https:\/\/api.w.org\/{rel}","templated":true}]}}