{"id":50530,"date":"2021-03-29T10:32:00","date_gmt":"2021-03-29T09:32:00","guid":{"rendered":"https:\/\/enseyes.com\/produkter\/sclerallinser\/"},"modified":"2021-04-21T12:25:21","modified_gmt":"2021-04-21T11:25:21","slug":"sclerallinser","status":"publish","type":"page","link":"https:\/\/enseyes.com\/nb\/produkter\/sclerallinser\/","title":{"rendered":"sclerallinser"},"content":{"rendered":"<div class=\"wpb-content-wrapper\"><p>[vc_row][vc_column][vc_single_image image=&raquo;50094&#8243; img_size=&raquo;full&raquo;][\/vc_column][\/vc_row][vc_row][vc_column width=&raquo;1\/2&#8243;][vc_column_text]<\/p>\n<h3><a href=\"https:\/\/enseyes.com\/nb\/produkter\/medicinske-linser\/senso-easy\/\">Senso Easy<\/a><\/h3>\n<p>[\/vc_column_text][vc_column_text]<\/p>\n<ul>\n<li>Kunder med t\u00f8rre \u00f8yne som ikke kan bruke myke linser<\/li>\n<li>Alle former for keratokonus<\/li>\n<li>Post Lasik<\/li>\n<\/ul>\n<p>Senso Easy Scleral er spesielt designet for skandinaviske \u00f8yne.<br \/>\nVi \u00f8nsker \u00e5 l\u00f8fte linsen over hornhinnen og la linsen hvile utelukkende p\u00e5 scleraen.[\/vc_column_text][vc_single_image image=&raquo;50127&#8243; img_size=&raquo;medium&raquo; onclick=&raquo;custom_link&raquo; link=&raquo;https:\/\/enseyes.com\/nb\/produkter\/med\/senso-easy\/&raquo;][vc_column_text]<a href=\"https:\/\/enseyes.com\/nb\/produkter\/medicinske-linser\/senso-easy\/\">Se mer her<\/a>[\/vc_column_text][\/vc_column][vc_column width=&raquo;1\/2&#8243;][vc_column_text]<\/p>\n<h3><a href=\"https:\/\/enseyes.com\/nb\/produkter\/medicinske-linser\/mini-scleral\/\">Senso mini scleral<\/a><\/h3>\n<p>[\/vc_column_text][vc_column_text]<\/p>\n<ul>\n<li>L\u00f8sning for uregelmessig hornhinne<\/li>\n<li>Krystallklart syn<\/li>\n<li>Optimal komfort<\/li>\n<\/ul>\n<p>Senso mini scleral er spesielt utviklet for uregelmessig hornhinne.<br \/>\nVi \u00f8nsker \u00e5 l\u00f8fte linsen over hornhinnen og la linsen hvile utelukkende p\u00e5 scleraen.[\/vc_column_text][vc_single_image image=&raquo;50132&#8243; img_size=&raquo;medium&raquo; onclick=&raquo;custom_link&raquo; link=&raquo;https:\/\/enseyes.com\/nb\/produkter\/med\/mini-scleral\/&raquo;][vc_column_text]<a href=\"https:\/\/enseyes.com\/nb\/produkter\/medicinske-linser\/mini-scleral\/\">Se mer her<\/a>[\/vc_column_text][\/vc_column][\/vc_row][vc_row][vc_column][vc_column_text]<\/p>\n<hr \/>\n<p>[\/vc_column_text][\/vc_column][\/vc_row][vc_row][vc_column width=&raquo;1\/2&#8243;][vc_column_text]<\/p>\n<h3><a href=\"https:\/\/enseyes.com\/nb\/produkter\/medicinske-linser\/semi-scleral\/\">Senso Semi scleral<\/a><\/h3>\n<p>[\/vc_column_text][vc_column_text]<\/p>\n<ul>\n<li>L\u00f8sning for vanlig, uregelmessig og \/ eller sensitiv hornhinne<\/li>\n<li>Krystallklart syn<\/li>\n<li>Optimal komfort<\/li>\n<\/ul>\n<p>Senso semi scleral er laget for vanlige, uregelmessige og \/ eller f\u00f8lsomme hornhinner. Linsen er et godt alternativ til hornhinnelinser.<br \/>\nVekten av linsen fordeles mellom hornhinnen og sclera, noe som resulterer i et krystallklart syn og stor komfort.[\/vc_column_text][vc_single_image image=&raquo;50139&#8243; img_size=&raquo;medium&raquo; onclick=&raquo;custom_link&raquo; link=&raquo;https:\/\/enseyes.com\/nb\/produkter\/med\/semi-scleral\/&raquo;][vc_column_text]<a href=\"https:\/\/enseyes.com\/nb\/produkter\/medicinske-linser\/semi-scleral\/\">Se mer her<\/a>[\/vc_column_text][\/vc_column][vc_column width=&raquo;1\/2&#8243;][vc_column_text]<\/p>\n<h3><a href=\"https:\/\/enseyes.com\/nb\/produkter\/medicinske-linser\/fuld-scleral\/\">Senso fuld scleral<\/a><\/h3>\n<p>[\/vc_column_text][vc_column_text]<\/p>\n<ul>\n<li>God l\u00f8sning for sv\u00e6rt uregelmessig cornea<\/li>\n<li>Krystallklart syn<\/li>\n<li>Torisk periferi<\/li>\n<\/ul>\n<p>Senso full scleral er laget spesielt for sv\u00e6rt uregelmessig hornhinne. M\u00e5let er \u00e5 komme utover hornhinnen og la linsen hvile p\u00e5 scleraen alene.<br \/>\nSom standard har linsen en torisk periferi.[\/vc_column_text][vc_single_image image=&raquo;50145&#8243; img_size=&raquo;medium&raquo; onclick=&raquo;custom_link&raquo; link=&raquo;https:\/\/enseyes.com\/nb\/produkter\/med\/fuld-scleral\/&raquo;][vc_column_text]<a href=\"https:\/\/enseyes.com\/nb\/produkter\/medicinske-linser\/fuld-scleral\/\">Se mer her<\/a>[\/vc_column_text][\/vc_column][\/vc_row][vc_row][vc_column][vc_column_text]<\/p>\n<hr \/>\n<p>[\/vc_column_text][\/vc_column][\/vc_row][vc_row][vc_column][vc_column_text]<\/p>\n<h3>Hvem kan bruke sclerale linser, og hvor kan de kj\u00f8pes?<\/h3>\n<p>Alle som \u00f8nsker optimal syn og komfort.<br \/>\nSnakk med optikeren eller finn en <a href=\"https:\/\/enseyes.com\/nb\/soeg-optiker\/\">her<\/a>[\/vc_column_text][\/vc_column][\/vc_row][vc_row css=&raquo;.vc_custom_1613662117982{background-color: rgba(255,255,255,0.5) !important;*background-color: rgb(255,255,255) !important;}&raquo;][vc_column][vc_row_inner css=&raquo;.vc_custom_1613572953576{background-color: rgba(255,255,255,0.52) !important;*background-color: rgb(255,255,255) !important;}&raquo;][vc_column_inner width=&raquo;1\/6&#8243;][\/vc_column_inner][vc_column_inner width=&raquo;1\/6&#8243;][vc_column_text css_animation=&raquo;slideInDown&raquo;]<\/p>\n<h3 style=\"text-align: center;\"><a href=\"https:\/\/myprocornea.com\/login\" target=\"_blank\" rel=\"noopener\">MyProcornea<\/a><\/h3>\n<p style=\"text-align: center;\">Klikk <a href=\"https:\/\/myprocornea.com\/login\" target=\"_blank\" rel=\"noopener\">her<\/a> for \u00e5 komme til MyProcornea<\/p>\n<p>[\/vc_column_text][\/vc_column_inner][vc_column_inner width=&raquo;1\/6&#8243;][vc_column_text css_animation=&raquo;slideInDown&raquo;]<\/p>\n<h3 style=\"text-align: center;\"><a href=\"https:\/\/enseyes.com\/nb\/instruktioner\/\">Instruktioner<\/a><\/h3>\n<p style=\"text-align: center;\">Klikk <a href=\"https:\/\/enseyes.com\/nb\/instruktioner\/\">her<\/a> for \u00e5 komme til instruksjonsvideoene v\u00e5re med \u00e5 sette inn og fjerne linsene<\/p>\n<p>[\/vc_column_text][\/vc_column_inner][vc_column_inner width=&raquo;1\/6&#8243;][vc_column_text css_animation=&raquo;slideInDown&raquo;]<\/p>\n<h3 style=\"text-align: center;\"><a href=\"https:\/\/enseyes.com\/nb\/support\/webinar\/\">Webinars<\/a><\/h3>\n<p style=\"text-align: center;\">Klikk <a href=\"https:\/\/enseyes.com\/nb\/support\/webinar\/\">her<\/a> for \u00e5 se gjeldende, eller registrer deg for v\u00e5re webinarer<\/p>\n<p>[\/vc_column_text][\/vc_column_inner][vc_column_inner width=&raquo;1\/6&#8243;][vc_column_text css_animation=&raquo;slideInDown&raquo;]<\/p>\n<h3 style=\"text-align: center;\"><a href=\"https:\/\/enseyes.com\/nb\/support\/videoer\/\">Videoer<\/a><\/h3>\n<p style=\"text-align: center;\">Klikk <a href=\"https:\/\/enseyes.com\/nb\/support\/videoer\/\">her<\/a> for \u00e5 se alle v\u00e5re videomaterialer som reklameanimasjoner, gamle webinarer, etc.<\/p>\n<p>[\/vc_column_text][\/vc_column_inner][vc_column_inner width=&raquo;1\/6&#8243;][\/vc_column_inner][\/vc_row_inner][\/vc_column][\/vc_row]<\/p>\n<\/div>","protected":false},"excerpt":{"rendered":"<p>[vc_row][vc_column][vc_single_image image=&raquo;50094&#8243; img_size=&raquo;full&raquo;][\/vc_column][\/vc_row][vc_row][vc_column width=&raquo;1\/2&#8243;][vc_column_text] Senso Easy [\/vc_column_text][vc_column_text] Kunder med t\u00f8rre \u00f8yne som ikke kan bruke myke linser Alle former for keratokonus Post Lasik Senso Easy Scleral er spesielt designet for skandinaviske \u00f8yne. Vi \u00f8nsker \u00e5 l\u00f8fte linsen over hornhinnen og<\/p>\n","protected":false},"author":172,"featured_media":0,"parent":2911,"menu_order":0,"comment_status":"closed","ping_status":"closed","template":"","meta":{"_acf_changed":false,"footnotes":""},"class_list":["post-50530","page","type-page","status-publish","hentry"],"acf":[],"yoast_head":"<!-- This site is optimized with the Yoast SEO plugin v27.4 - https:\/\/yoast.com\/product\/yoast-seo-wordpress\/ -->\n<title>sclerallinser - EnsEyes<\/title>\n<meta name=\"robots\" content=\"index, follow, max-snippet:-1, max-image-preview:large, max-video-preview:-1\" \/>\n<link rel=\"canonical\" href=\"https:\/\/enseyes.com\/nb\/produkter\/sclerallinser\/\" \/>\n<meta property=\"og:locale\" content=\"nb_NO\" \/>\n<meta property=\"og:type\" content=\"article\" \/>\n<meta property=\"og:title\" content=\"sclerallinser - EnsEyes\" \/>\n<meta property=\"og:description\" content=\"[vc_row][vc_column][vc_single_image image=&raquo;50094&#8243; img_size=&raquo;full&raquo;][\/vc_column][\/vc_row][vc_row][vc_column width=&raquo;1\/2&#8243;][vc_column_text] Senso Easy [\/vc_column_text][vc_column_text] Kunder med t\u00f8rre \u00f8yne som ikke kan bruke myke linser Alle former for keratokonus Post Lasik Senso Easy Scleral er spesielt designet for skandinaviske \u00f8yne. Vi \u00f8nsker \u00e5 l\u00f8fte linsen over hornhinnen og\" \/>\n<meta property=\"og:url\" content=\"https:\/\/enseyes.com\/nb\/produkter\/sclerallinser\/\" \/>\n<meta property=\"og:site_name\" content=\"EnsEyes\" \/>\n<meta property=\"article:modified_time\" content=\"2021-04-21T11:25:21+00:00\" \/>\n<meta name=\"twitter:card\" content=\"summary_large_image\" \/>\n<meta name=\"twitter:label1\" content=\"Ansl. lesetid\" \/>\n\t<meta name=\"twitter:data1\" content=\"2 minutter\" \/>\n<script type=\"application\/ld+json\" class=\"yoast-schema-graph\">{\"@context\":\"https:\\\/\\\/schema.org\",\"@graph\":[{\"@type\":\"WebPage\",\"@id\":\"https:\\\/\\\/enseyes.com\\\/nb\\\/produkter\\\/sclerallinser\\\/\",\"url\":\"https:\\\/\\\/enseyes.com\\\/nb\\\/produkter\\\/sclerallinser\\\/\",\"name\":\"sclerallinser - EnsEyes\",\"isPartOf\":{\"@id\":\"https:\\\/\\\/enseyes.com\\\/sv\\\/#website\"},\"datePublished\":\"2021-03-29T09:32:00+00:00\",\"dateModified\":\"2021-04-21T11:25:21+00:00\",\"breadcrumb\":{\"@id\":\"https:\\\/\\\/enseyes.com\\\/nb\\\/produkter\\\/sclerallinser\\\/#breadcrumb\"},\"inLanguage\":\"nb-NO\",\"potentialAction\":[{\"@type\":\"ReadAction\",\"target\":[\"https:\\\/\\\/enseyes.com\\\/nb\\\/produkter\\\/sclerallinser\\\/\"]}]},{\"@type\":\"BreadcrumbList\",\"@id\":\"https:\\\/\\\/enseyes.com\\\/nb\\\/produkter\\\/sclerallinser\\\/#breadcrumb\",\"itemListElement\":[{\"@type\":\"ListItem\",\"position\":1,\"name\":\"Hjem\",\"item\":\"https:\\\/\\\/enseyes.com\\\/nb\\\/\"},{\"@type\":\"ListItem\",\"position\":2,\"name\":\"Produkter\",\"item\":\"https:\\\/\\\/enseyes.com\\\/nb\\\/produkter\\\/\"},{\"@type\":\"ListItem\",\"position\":3,\"name\":\"sclerallinser\"}]},{\"@type\":\"WebSite\",\"@id\":\"https:\\\/\\\/enseyes.com\\\/sv\\\/#website\",\"url\":\"https:\\\/\\\/enseyes.com\\\/sv\\\/\",\"name\":\"EnsEyes\",\"description\":\"Cornea Care\",\"potentialAction\":[{\"@type\":\"SearchAction\",\"target\":{\"@type\":\"EntryPoint\",\"urlTemplate\":\"https:\\\/\\\/enseyes.com\\\/sv\\\/?s={search_term_string}\"},\"query-input\":{\"@type\":\"PropertyValueSpecification\",\"valueRequired\":true,\"valueName\":\"search_term_string\"}}],\"inLanguage\":\"nb-NO\"}]}<\/script>\n<!-- \/ Yoast SEO plugin. -->","yoast_head_json":{"title":"sclerallinser - EnsEyes","robots":{"index":"index","follow":"follow","max-snippet":"max-snippet:-1","max-image-preview":"max-image-preview:large","max-video-preview":"max-video-preview:-1"},"canonical":"https:\/\/enseyes.com\/nb\/produkter\/sclerallinser\/","og_locale":"nb_NO","og_type":"article","og_title":"sclerallinser - EnsEyes","og_description":"[vc_row][vc_column][vc_single_image image=&raquo;50094&#8243; img_size=&raquo;full&raquo;][\/vc_column][\/vc_row][vc_row][vc_column width=&raquo;1\/2&#8243;][vc_column_text] Senso Easy [\/vc_column_text][vc_column_text] Kunder med t\u00f8rre \u00f8yne som ikke kan bruke myke linser Alle former for keratokonus Post Lasik Senso Easy Scleral er spesielt designet for skandinaviske \u00f8yne. Vi \u00f8nsker \u00e5 l\u00f8fte linsen over hornhinnen og","og_url":"https:\/\/enseyes.com\/nb\/produkter\/sclerallinser\/","og_site_name":"EnsEyes","article_modified_time":"2021-04-21T11:25:21+00:00","twitter_card":"summary_large_image","twitter_misc":{"Ansl. lesetid":"2 minutter"},"schema":{"@context":"https:\/\/schema.org","@graph":[{"@type":"WebPage","@id":"https:\/\/enseyes.com\/nb\/produkter\/sclerallinser\/","url":"https:\/\/enseyes.com\/nb\/produkter\/sclerallinser\/","name":"sclerallinser - EnsEyes","isPartOf":{"@id":"https:\/\/enseyes.com\/sv\/#website"},"datePublished":"2021-03-29T09:32:00+00:00","dateModified":"2021-04-21T11:25:21+00:00","breadcrumb":{"@id":"https:\/\/enseyes.com\/nb\/produkter\/sclerallinser\/#breadcrumb"},"inLanguage":"nb-NO","potentialAction":[{"@type":"ReadAction","target":["https:\/\/enseyes.com\/nb\/produkter\/sclerallinser\/"]}]},{"@type":"BreadcrumbList","@id":"https:\/\/enseyes.com\/nb\/produkter\/sclerallinser\/#breadcrumb","itemListElement":[{"@type":"ListItem","position":1,"name":"Hjem","item":"https:\/\/enseyes.com\/nb\/"},{"@type":"ListItem","position":2,"name":"Produkter","item":"https:\/\/enseyes.com\/nb\/produkter\/"},{"@type":"ListItem","position":3,"name":"sclerallinser"}]},{"@type":"WebSite","@id":"https:\/\/enseyes.com\/sv\/#website","url":"https:\/\/enseyes.com\/sv\/","name":"EnsEyes","description":"Cornea Care","potentialAction":[{"@type":"SearchAction","target":{"@type":"EntryPoint","urlTemplate":"https:\/\/enseyes.com\/sv\/?s={search_term_string}"},"query-input":{"@type":"PropertyValueSpecification","valueRequired":true,"valueName":"search_term_string"}}],"inLanguage":"nb-NO"}]}},"_links":{"self":[{"href":"https:\/\/enseyes.com\/nb\/wp-json\/wp\/v2\/pages\/50530","targetHints":{"allow":["GET"]}}],"collection":[{"href":"https:\/\/enseyes.com\/nb\/wp-json\/wp\/v2\/pages"}],"about":[{"href":"https:\/\/enseyes.com\/nb\/wp-json\/wp\/v2\/types\/page"}],"author":[{"embeddable":true,"href":"https:\/\/enseyes.com\/nb\/wp-json\/wp\/v2\/users\/172"}],"replies":[{"embeddable":true,"href":"https:\/\/enseyes.com\/nb\/wp-json\/wp\/v2\/comments?post=50530"}],"version-history":[{"count":0,"href":"https:\/\/enseyes.com\/nb\/wp-json\/wp\/v2\/pages\/50530\/revisions"}],"up":[{"embeddable":true,"href":"https:\/\/enseyes.com\/nb\/wp-json\/wp\/v2\/pages\/2911"}],"wp:attachment":[{"href":"https:\/\/enseyes.com\/nb\/wp-json\/wp\/v2\/media?parent=50530"}],"curies":[{"name":"wp","href":"https:\/\/api.w.org\/{rel}","templated":true}]}}