{"id":50576,"date":"2021-03-18T14:48:32","date_gmt":"2021-03-18T13:48:32","guid":{"rendered":"https:\/\/enseyes.com\/produkter\/topografisk-tilpassede-linser\/senso-select\/"},"modified":"2021-05-26T14:44:44","modified_gmt":"2021-05-26T13:44:44","slug":"senso-select","status":"publish","type":"page","link":"https:\/\/enseyes.com\/nb\/produkter\/topografisk-tilpassede-linser\/senso-select\/","title":{"rendered":"Senso Select"},"content":{"rendered":"<div class=\"wpb-content-wrapper\"><p>[vc_row][vc_column][vc_single_image image=&raquo;50035&#8243; img_size=&raquo;full&raquo;][\/vc_column][\/vc_row][vc_row][vc_column width=&raquo;1\/3&#8243;][vc_single_image image=&raquo;50039&#8243; img_size=&raquo;medium&raquo;][\/vc_column][vc_column width=&raquo;2\/3&#8243;][vc_column_text]<\/p>\n<h5>SENSO SELECT<\/h5>\n<ul>\n<li>F\u00f8rstevalg innen RGP<\/li>\n<li>Optimal komfort<\/li>\n<li>Perfekt optisk l\u00f8sning<\/li>\n<\/ul>\n<p>Skarp og tydelig visjon med skreddersydd Comfort Edge Design. Senso Select gir utmerket komfort og perfekt syn.[\/vc_column_text][\/vc_column][\/vc_row][vc_row][vc_column][vc_tta_tabs][vc_tta_section title=&raquo;spesifikasjoner&raquo; tab_id=&raquo;1615475851643-5a6dee1f-02f5&#8243;][vc_row_inner][vc_column_inner width=&raquo;1\/2&#8243;][vc_column_text]<\/p>\n<h5>Hvem kan bruke Senso Select<\/h5>\n<p>Senso Select RGP-kontaktlinser er ideelle for alle som setter h\u00f8ye standarder for optimalt syn og komfort. Kontaktlinsen har en kort justeringsperiode og er ogs\u00e5 tilgjengelig i <a href=\"https:\/\/enseyes.com\/nb\/produkter\/topografisk-tilpassede-linser\/compact-perfect-zoom\/\">multifokalt design<\/a>.[\/vc_column_text][\/vc_column_inner][vc_column_inner width=&raquo;1\/2&#8243;][vc_column_text]<\/p>\n<h5>Bruk<\/h5>\n<p>Senso Select er &laquo;entry level&raquo; kontaktlinsen i Senso-familien. Det er en RGP (Rigid Gas Permeable) skreddersydd kontaktlinse som ikke har noen synlige overganger takket v\u00e6re SML-teknologi. De kan brukes i opptil et \u00e5r.<\/p>\n<h5>Flere valg<\/h5>\n<p>Senso Select er ogs\u00e5 tilgjengelig i Bactoric (RT), Peripheral (PT) og Bitoric (RT VT) eller PT VT) og multifokal versjoner. Disse spesialtilpassede RGP-linsene er individuelt designet basert p\u00e5 resultatene fra din <a href=\"https:\/\/enseyes.com\/nb\/soeg-optiker\/\">optiker<\/a>.[\/vc_column_text][\/vc_column_inner][\/vc_row_inner][\/vc_tta_section][vc_tta_section title=&raquo;Informasjon&raquo; tab_id=&raquo;1615475851652-8c8a315b-7430&#8243;][vc_column_text]F\u00f8r du begynner \u00e5 bruke Senso Select, m\u00e5 du lese bruksanvisningen n\u00f8ye. Informasjonen blir ogs\u00e5 gitt av kontaktlinsespesialisten din. \u00d8nsker du mer informasjon eller r\u00e5d? Kontakt oss p\u00e5 tlf. +45 75 10 24 10<\/p>\n<p><a href=\"https:\/\/enseyes.com\/wp-content\/uploads\/2021\/03\/senso_select.pdf\" target=\"_blank\" rel=\"noopener\">Du kan laste ned bruksanvisning her<\/a>[\/vc_column_text][vc_row_inner][vc_column_inner width=&raquo;1\/2&#8243;][vc_column_text]<iframe loading=\"lazy\" src=\"https:\/\/player.vimeo.com\/video\/311662576?autoplay=0\" width=\"400\" height=\"225\" frameborder=\"0\" allowfullscreen=\"allowfullscreen\"><\/iframe>[\/vc_column_text][vc_column_text]<a href=\"mailto:?&amp;subject=Instruktionsvideo&amp;body=Se%20denne%20video%20https:\/\/player.vimeo.com\/video\/311662576\">Send video<\/a>\u00a0\u00a0\u00a0\u00a0 &#8211;\u00a0\u00a0\u00a0\u00a0 <a href=\"https:\/\/player.vimeo.com\/video\/311662576?autoplay=0&quot; frameborder=&quot;0&quot; webkitallowfullscreen=&quot;&quot; mozallowfullscreen=&quot;&quot; allowfullscreen=\" target=\"_blank\" rel=\"noopener\">Afspil i stor format<\/a>[\/vc_column_text][\/vc_column_inner][vc_column_inner width=&raquo;1\/2&#8243;][vc_column_text]<iframe loading=\"lazy\" src=\"https:\/\/player.vimeo.com\/video\/311662609?autoplay=0\" width=\"400\" height=\"225\" frameborder=\"0\" allowfullscreen=\"allowfullscreen\"><\/iframe>[\/vc_column_text][vc_column_text]<a href=\"mailto:?&amp;subject=Instruktionsvideo&amp;body=Se%20denne%20video%20https:\/\/player.vimeo.com\/video\/311662609\">Send video<\/a>\u00a0\u00a0\u00a0\u00a0 &#8211;\u00a0\u00a0\u00a0\u00a0\u00a0 <a href=\"https:\/\/player.vimeo.com\/video\/311662609?autoplay=0&quot; width=&quot;263&quot; height=&quot;148&quot; frameborder=&quot;0&quot; webkitallowfullscreen=&quot;&quot; mozallowfullscreen=&quot;&quot; allowfullscreen=\" target=\"_blank\" rel=\"noopener\">Afspil i stor format<\/a>[\/vc_column_text][\/vc_column_inner][\/vc_row_inner][\/vc_tta_section][vc_tta_section title=&raquo;kontaktlinsev\u00e6ske&raquo; tab_id=&raquo;1615477112592-3c6d45a2-ac84&#8243;][vc_column_text]Vi anbefaler rengj\u00f8ring, desinfisering, oppbevaring og skylling av Senso Select-kontaktlinser med Ever Clean og <a href=\"https:\/\/enseyes.com\/nb\/produkter\/linsevaeske\/unidose-saline\/\">Unidose saline<\/a> eller <a href=\"https:\/\/enseyes.com\/nb\/produkter\/linsevaeske\/regardk\/\">Regard K<\/a>[\/vc_column_text][\/vc_tta_section][vc_tta_section title=&raquo;Informasjon for optikere&raquo; tab_id=&raquo;1615477288441-2f7ef8e5-bf39&#8243;][vc_row_inner][vc_column_inner width=&raquo;2\/3&#8243;][vc_column_text]Den forreste overflade i Senso Select har AB-teknologi, hvilket resulterer i skarpt og klart syn fra centrum mod periferien.<\/p>\n<p><strong>Tilpasning<\/strong><br \/>\nTilpasningen sker i MyProcornea programmet som er gratis at bruge, eller parallelt med den fladeste K-v\u00e6rdi HVID -2 mm. Myope tilpasses med profil 1. Hyperopi\u00a0 tilpasses med profil 2.[\/vc_column_text][\/vc_column_inner][vc_column_inner width=&raquo;1\/3&#8243;][vc_single_image image=&raquo;1660&#8243; img_size=&raquo;medium&raquo; onclick=&raquo;img_link_large&raquo; img_link_target=&raquo;_blank&raquo;][\/vc_column_inner][\/vc_row_inner][vc_row_inner][vc_column_inner][vc_column_text]\n<table id=\"tablepress-6\" class=\"tablepress tablepress-id-6\">\n<thead>\n<tr class=\"row-1\">\n\t<th class=\"column-1\">Parametre Senso Select:<\/th><td class=\"column-2\"><\/td><td class=\"column-3\"><\/td>\n<\/tr>\n<\/thead>\n<tbody class=\"row-striping row-hover\">\n<tr class=\"row-2\">\n\t<td class=\"column-1\">Radius (r0):<\/td><td class=\"column-2\">7.10 mm til 9.00 mm i 0.05 mm spring<\/td><td class=\"column-3\"><\/td>\n<\/tr>\n<tr class=\"row-3\">\n\t<td class=\"column-1\">Sf\u00e6risk styrke (F\u2019v):<\/td><td class=\"column-2\">+20.00 D til -20.00 D i 0.25 D spring<\/td><td class=\"column-3\"><\/td>\n<\/tr>\n<tr class=\"row-4\">\n\t<td class=\"column-1\">Cylinder:<\/td><td class=\"column-2\">-0.75 til -2.50<\/td><td class=\"column-3\"><\/td>\n<\/tr>\n<tr class=\"row-5\">\n\t<td class=\"column-1\">Diameter (\u00d8T):<\/td><td class=\"column-2\">9.30 mm til 10.80 mm i 0.30 mm spring. Standard \u00d8T: 9.90 mm<\/td><td class=\"column-3\"><\/td>\n<\/tr>\n<tr class=\"row-6\">\n\t<td class=\"column-1\">Excentricitet: <\/td><td class=\"column-2\">0.30, 0.45 (Standard) og 0.60 <\/td><td class=\"column-3\"><\/td>\n<\/tr>\n<tr class=\"row-7\">\n\t<td class=\"column-1\">Special parametre p\u00e5 foresp\u00f8rgsel.<\/td><td class=\"column-2\"><\/td><td class=\"column-3\"><\/td>\n<\/tr>\n<tr class=\"row-8\">\n\t<td class=\"column-1\">Teknisk information<\/td><td class=\"column-2\"><\/td><td class=\"column-3\"><\/td>\n<\/tr>\n<tr class=\"row-9\">\n\t<td class=\"column-1\">Mindste center tykkelse:<\/td><td class=\"column-2\">0.13 mm (-3.00 D)<\/td><td class=\"column-3\"><\/td>\n<\/tr>\n<tr class=\"row-10\">\n\t<td class=\"column-1\">Basisgeometri: <\/td><td class=\"column-2\">Fuldst\u00e6ndig asf\u00e6risk<\/td><td class=\"column-3\"><\/td>\n<\/tr>\n<tr class=\"row-11\">\n\t<td class=\"column-1\">Front geometri: <\/td><td class=\"column-2\">Full optics AB-teknologi<\/td><td class=\"column-3\"><\/td>\n<\/tr>\n<tr class=\"row-12\">\n\t<td class=\"column-1\">Materialer:<\/td><td class=\"column-2\"><a href=\"https:\/\/enseyes.com\/materialer\/\">Alle tilg\u00e6ngelige RGP materialer<\/a><\/td><td class=\"column-3\"><\/td>\n<\/tr>\n<tr class=\"row-13\">\n\t<td class=\"column-1\">UV filter:<\/td><td class=\"column-2\">Ja<\/td><td class=\"column-3\"><\/td>\n<\/tr>\n<tr class=\"row-14\">\n\t<td class=\"column-1\">Gravering:<\/td><td class=\"column-2\">R (h\u00f8jre) L (venstre)<\/td><td class=\"column-3\"><\/td>\n<\/tr>\n<tr class=\"row-15\">\n\t<td class=\"column-1\">Markering:<\/td><td class=\"column-2\">Torisk. Streg i fladeste meridian<\/td><td class=\"column-3\"><\/td>\n<\/tr>\n<tr class=\"row-16\">\n\t<td class=\"column-1\">Forpakning:<\/td><td class=\"column-2\">Blister<\/td><td class=\"column-3\"><\/td>\n<\/tr>\n<\/tbody>\n<\/table>\n<!-- #tablepress-6 from cache -->[\/vc_column_text][\/vc_column_inner][\/vc_row_inner][\/vc_tta_section][\/vc_tta_tabs][\/vc_column][\/vc_row]<\/p>\n<\/div>","protected":false},"excerpt":{"rendered":"<p>[vc_row][vc_column][vc_single_image image=&raquo;50035&#8243; img_size=&raquo;full&raquo;][\/vc_column][\/vc_row][vc_row][vc_column width=&raquo;1\/3&#8243;][vc_single_image image=&raquo;50039&#8243; img_size=&raquo;medium&raquo;][\/vc_column][vc_column width=&raquo;2\/3&#8243;][vc_column_text] SENSO SELECT F\u00f8rstevalg innen RGP Optimal komfort Perfekt optisk l\u00f8sning Skarp og tydelig visjon med skreddersydd Comfort Edge Design. Senso Select gir utmerket komfort og perfekt syn.[\/vc_column_text][\/vc_column][\/vc_row][vc_row][vc_column][vc_tta_tabs][vc_tta_section title=&raquo;spesifikasjoner&raquo; tab_id=&raquo;1615475851643-5a6dee1f-02f5&#8243;][vc_row_inner][vc_column_inner width=&raquo;1\/2&#8243;][vc_column_text] Hvem kan bruke<\/p>\n","protected":false},"author":172,"featured_media":0,"parent":2914,"menu_order":0,"comment_status":"closed","ping_status":"closed","template":"templates\/product-page.php","meta":{"_acf_changed":false,"footnotes":""},"class_list":["post-50576","page","type-page","status-publish","hentry"],"acf":[],"yoast_head":"<!-- This site is optimized with the Yoast SEO plugin v27.4 - https:\/\/yoast.com\/product\/yoast-seo-wordpress\/ -->\n<title>Senso Select - EnsEyes<\/title>\n<meta name=\"robots\" content=\"index, follow, max-snippet:-1, max-image-preview:large, max-video-preview:-1\" \/>\n<link rel=\"canonical\" href=\"https:\/\/enseyes.com\/nb\/produkter\/topografisk-tilpassede-linser\/senso-select\/\" \/>\n<meta property=\"og:locale\" content=\"nb_NO\" \/>\n<meta property=\"og:type\" content=\"article\" \/>\n<meta property=\"og:title\" content=\"Senso Select - EnsEyes\" \/>\n<meta property=\"og:description\" content=\"[vc_row][vc_column][vc_single_image image=&raquo;50035&#8243; img_size=&raquo;full&raquo;][\/vc_column][\/vc_row][vc_row][vc_column width=&raquo;1\/3&#8243;][vc_single_image image=&raquo;50039&#8243; img_size=&raquo;medium&raquo;][\/vc_column][vc_column width=&raquo;2\/3&#8243;][vc_column_text] SENSO SELECT F\u00f8rstevalg innen RGP Optimal komfort Perfekt optisk l\u00f8sning Skarp og tydelig visjon med skreddersydd Comfort Edge Design. Senso Select gir utmerket komfort og perfekt syn.[\/vc_column_text][\/vc_column][\/vc_row][vc_row][vc_column][vc_tta_tabs][vc_tta_section title=&raquo;spesifikasjoner&raquo; tab_id=&raquo;1615475851643-5a6dee1f-02f5&#8243;][vc_row_inner][vc_column_inner width=&raquo;1\/2&#8243;][vc_column_text] Hvem kan bruke\" \/>\n<meta property=\"og:url\" content=\"https:\/\/enseyes.com\/nb\/produkter\/topografisk-tilpassede-linser\/senso-select\/\" \/>\n<meta property=\"og:site_name\" content=\"EnsEyes\" \/>\n<meta property=\"article:modified_time\" content=\"2021-05-26T13:44:44+00:00\" \/>\n<meta name=\"twitter:card\" content=\"summary_large_image\" \/>\n<meta name=\"twitter:label1\" content=\"Ansl. lesetid\" \/>\n\t<meta name=\"twitter:data1\" content=\"2 minutter\" \/>\n<script type=\"application\/ld+json\" class=\"yoast-schema-graph\">{\"@context\":\"https:\\\/\\\/schema.org\",\"@graph\":[{\"@type\":\"WebPage\",\"@id\":\"https:\\\/\\\/enseyes.com\\\/nb\\\/produkter\\\/topografisk-tilpassede-linser\\\/senso-select\\\/\",\"url\":\"https:\\\/\\\/enseyes.com\\\/nb\\\/produkter\\\/topografisk-tilpassede-linser\\\/senso-select\\\/\",\"name\":\"Senso Select - EnsEyes\",\"isPartOf\":{\"@id\":\"https:\\\/\\\/enseyes.com\\\/sv\\\/#website\"},\"datePublished\":\"2021-03-18T13:48:32+00:00\",\"dateModified\":\"2021-05-26T13:44:44+00:00\",\"breadcrumb\":{\"@id\":\"https:\\\/\\\/enseyes.com\\\/nb\\\/produkter\\\/topografisk-tilpassede-linser\\\/senso-select\\\/#breadcrumb\"},\"inLanguage\":\"nb-NO\",\"potentialAction\":[{\"@type\":\"ReadAction\",\"target\":[\"https:\\\/\\\/enseyes.com\\\/nb\\\/produkter\\\/topografisk-tilpassede-linser\\\/senso-select\\\/\"]}]},{\"@type\":\"BreadcrumbList\",\"@id\":\"https:\\\/\\\/enseyes.com\\\/nb\\\/produkter\\\/topografisk-tilpassede-linser\\\/senso-select\\\/#breadcrumb\",\"itemListElement\":[{\"@type\":\"ListItem\",\"position\":1,\"name\":\"Hjem\",\"item\":\"https:\\\/\\\/enseyes.com\\\/nb\\\/\"},{\"@type\":\"ListItem\",\"position\":2,\"name\":\"Produkter\",\"item\":\"https:\\\/\\\/enseyes.com\\\/nb\\\/produkter\\\/\"},{\"@type\":\"ListItem\",\"position\":3,\"name\":\"Topografisk Tilpassede Linser\",\"item\":\"https:\\\/\\\/enseyes.com\\\/nb\\\/produkter\\\/topografisk-tilpassede-linser\\\/\"},{\"@type\":\"ListItem\",\"position\":4,\"name\":\"Senso Select\"}]},{\"@type\":\"WebSite\",\"@id\":\"https:\\\/\\\/enseyes.com\\\/sv\\\/#website\",\"url\":\"https:\\\/\\\/enseyes.com\\\/sv\\\/\",\"name\":\"EnsEyes\",\"description\":\"Cornea Care\",\"potentialAction\":[{\"@type\":\"SearchAction\",\"target\":{\"@type\":\"EntryPoint\",\"urlTemplate\":\"https:\\\/\\\/enseyes.com\\\/sv\\\/?s={search_term_string}\"},\"query-input\":{\"@type\":\"PropertyValueSpecification\",\"valueRequired\":true,\"valueName\":\"search_term_string\"}}],\"inLanguage\":\"nb-NO\"}]}<\/script>\n<!-- \/ Yoast SEO plugin. -->","yoast_head_json":{"title":"Senso Select - EnsEyes","robots":{"index":"index","follow":"follow","max-snippet":"max-snippet:-1","max-image-preview":"max-image-preview:large","max-video-preview":"max-video-preview:-1"},"canonical":"https:\/\/enseyes.com\/nb\/produkter\/topografisk-tilpassede-linser\/senso-select\/","og_locale":"nb_NO","og_type":"article","og_title":"Senso Select - EnsEyes","og_description":"[vc_row][vc_column][vc_single_image image=&raquo;50035&#8243; img_size=&raquo;full&raquo;][\/vc_column][\/vc_row][vc_row][vc_column width=&raquo;1\/3&#8243;][vc_single_image image=&raquo;50039&#8243; img_size=&raquo;medium&raquo;][\/vc_column][vc_column width=&raquo;2\/3&#8243;][vc_column_text] SENSO SELECT F\u00f8rstevalg innen RGP Optimal komfort Perfekt optisk l\u00f8sning Skarp og tydelig visjon med skreddersydd Comfort Edge Design. Senso Select gir utmerket komfort og perfekt syn.[\/vc_column_text][\/vc_column][\/vc_row][vc_row][vc_column][vc_tta_tabs][vc_tta_section title=&raquo;spesifikasjoner&raquo; tab_id=&raquo;1615475851643-5a6dee1f-02f5&#8243;][vc_row_inner][vc_column_inner width=&raquo;1\/2&#8243;][vc_column_text] Hvem kan bruke","og_url":"https:\/\/enseyes.com\/nb\/produkter\/topografisk-tilpassede-linser\/senso-select\/","og_site_name":"EnsEyes","article_modified_time":"2021-05-26T13:44:44+00:00","twitter_card":"summary_large_image","twitter_misc":{"Ansl. lesetid":"2 minutter"},"schema":{"@context":"https:\/\/schema.org","@graph":[{"@type":"WebPage","@id":"https:\/\/enseyes.com\/nb\/produkter\/topografisk-tilpassede-linser\/senso-select\/","url":"https:\/\/enseyes.com\/nb\/produkter\/topografisk-tilpassede-linser\/senso-select\/","name":"Senso Select - EnsEyes","isPartOf":{"@id":"https:\/\/enseyes.com\/sv\/#website"},"datePublished":"2021-03-18T13:48:32+00:00","dateModified":"2021-05-26T13:44:44+00:00","breadcrumb":{"@id":"https:\/\/enseyes.com\/nb\/produkter\/topografisk-tilpassede-linser\/senso-select\/#breadcrumb"},"inLanguage":"nb-NO","potentialAction":[{"@type":"ReadAction","target":["https:\/\/enseyes.com\/nb\/produkter\/topografisk-tilpassede-linser\/senso-select\/"]}]},{"@type":"BreadcrumbList","@id":"https:\/\/enseyes.com\/nb\/produkter\/topografisk-tilpassede-linser\/senso-select\/#breadcrumb","itemListElement":[{"@type":"ListItem","position":1,"name":"Hjem","item":"https:\/\/enseyes.com\/nb\/"},{"@type":"ListItem","position":2,"name":"Produkter","item":"https:\/\/enseyes.com\/nb\/produkter\/"},{"@type":"ListItem","position":3,"name":"Topografisk Tilpassede Linser","item":"https:\/\/enseyes.com\/nb\/produkter\/topografisk-tilpassede-linser\/"},{"@type":"ListItem","position":4,"name":"Senso Select"}]},{"@type":"WebSite","@id":"https:\/\/enseyes.com\/sv\/#website","url":"https:\/\/enseyes.com\/sv\/","name":"EnsEyes","description":"Cornea Care","potentialAction":[{"@type":"SearchAction","target":{"@type":"EntryPoint","urlTemplate":"https:\/\/enseyes.com\/sv\/?s={search_term_string}"},"query-input":{"@type":"PropertyValueSpecification","valueRequired":true,"valueName":"search_term_string"}}],"inLanguage":"nb-NO"}]}},"_links":{"self":[{"href":"https:\/\/enseyes.com\/nb\/wp-json\/wp\/v2\/pages\/50576","targetHints":{"allow":["GET"]}}],"collection":[{"href":"https:\/\/enseyes.com\/nb\/wp-json\/wp\/v2\/pages"}],"about":[{"href":"https:\/\/enseyes.com\/nb\/wp-json\/wp\/v2\/types\/page"}],"author":[{"embeddable":true,"href":"https:\/\/enseyes.com\/nb\/wp-json\/wp\/v2\/users\/172"}],"replies":[{"embeddable":true,"href":"https:\/\/enseyes.com\/nb\/wp-json\/wp\/v2\/comments?post=50576"}],"version-history":[{"count":0,"href":"https:\/\/enseyes.com\/nb\/wp-json\/wp\/v2\/pages\/50576\/revisions"}],"up":[{"embeddable":true,"href":"https:\/\/enseyes.com\/nb\/wp-json\/wp\/v2\/pages\/2914"}],"wp:attachment":[{"href":"https:\/\/enseyes.com\/nb\/wp-json\/wp\/v2\/media?parent=50576"}],"curies":[{"name":"wp","href":"https:\/\/api.w.org\/{rel}","templated":true}]}}