{"id":50820,"date":"2021-04-14T14:50:56","date_gmt":"2021-04-14T13:50:56","guid":{"rendered":"https:\/\/enseyes.com\/forskningsprojekt\/"},"modified":"2021-04-20T10:59:27","modified_gmt":"2021-04-20T09:59:27","slug":"forskningsprojekt","status":"publish","type":"page","link":"https:\/\/enseyes.com\/nb\/forskningsprojekt\/","title":{"rendered":"Forskningsprosjekt"},"content":{"rendered":"<div class=\"wpb-content-wrapper\"><p>[vc_row][vc_column][vc_column_text]<\/p>\n<div class=\"page\" title=\"Page 1\">\n<div class=\"section\">\n<div class=\"layoutArea\">\n<div class=\"column\">\n<h4>Nytt dansk forskningsprosjekt<\/h4>\n<div class=\"page\" title=\"Page 1\">\n<div class=\"section\">\n<div class=\"layoutArea\">\n<div class=\"column\">\n<p>Nattlinser gj\u00f8r n\u00e6rsynte barn markant mindre n\u00e6rsynte.<\/p>\n<\/div>\n<\/div>\n<\/div>\n<\/div>\n<\/div>\n<\/div>\n<\/div>\n<\/div>\n<p>[\/vc_column_text][\/vc_column][\/vc_row][vc_row][vc_column][vc_column_text]Et forskningsstudium p\u00e5 Vejle Sykehus har p\u00e5vist at n\u00e6rsynte barn som sover med nattlinser utvikler 59 prosent mindre n\u00e6rsynthet enn barn som g\u00e5r med briller. Resultatet har f\u00e5tt \u00f8yeavdelingen p\u00e5 sykehuset til \u00e5 tilby nattlinser i behandlingen.<\/p>\n<p>Av Steen Tue Bjerborg<\/p>\n<p>Barn i voksealderen kan bremse utviklingen av n\u00e6rsynthet og sove seg til et markant bedre syn ved \u00e5 sove med nattlinser. Det er n\u00e5 dokumentert i et nytt dansk forskningsprosjekt p\u00e5 \u00f8yeavdelingen p\u00e5 Vejle Sykehus. Det er 13-\u00e5rige Frida Bille fra Kolding et levende, glad og bedre seende bevis p\u00e5. Hun har deltatt i studien hele veien.<\/p>\n<p>\u00abI l\u00f8pet av de tre \u00e5rene jeg har sovet med nattlinser, har jeg aldri g\u00e5tt med briller. Likevel f\u00f8ler jeg at jeg ser bedre n\u00e5. N\u00e5r jeg kj\u00f8rer, ser jeg bedre detaljene p\u00e5 kantsteinene langs veien\u00bb, smiler Frida etter sin avsluttende kontroll p\u00e5 Vejle Sykehus.<\/p>\n<p>I alt 60 n\u00e6rsynte barn i alderen seks til tolv \u00e5r inngikk i loddtrekningsstudiet. De ble henvist av \u00f8yeleger fra hele Jylland og Fyn. 30 av barna gikk med briller uten \u00e5 sove med nattlinser. De 30 andre sov med nattlinser uten \u00e5 g\u00e5 med briller, slik som Frida. Og forskjellene i \u00f8yeutviklingen p\u00e5 de to gruppene var signifikante og markante.<\/p>\n<h4>59 prosent mindre n\u00e6rsynthet<\/h4>\n<p>De 30 barnene som sov med nattlinser, og ikke gikk med briller, hadde en langt mindre lengdeutvikling i \u00f8yet, og dermed utvikling av n\u00e6rsynthet, enn de barna som gikk med briller og ikke sov med nattlinser.<\/p>\n<p>Konklusjonen av studiet er derfor at nattlinser kan bremse utviklingen av n\u00e6rsynthet hos barn i voksealderen med 59 prosent. Og det uten behandlingskrevende og synstruende komplikasjoner. Derfor reduseres risikoen kraftig hos barn for at de senere i livet utvikler sterkt n\u00e6rsynthet, og videre for alvorlige \u00f8yesykdommer som gr\u00f8nn st\u00e6r, netthinnel\u00f8sning og forandringer av netthinnen.<\/p>\n<p><a href=\"https:\/\/enseyes.com\/wp-content\/uploads\/2021\/04\/A3A5381-natlinser-scaled.jpg\"><img loading=\"lazy\" decoding=\"async\" class=\"alignnone wp-image-50517\" src=\"https:\/\/enseyes.com\/wp-content\/uploads\/2021\/04\/A3A5381-natlinser-300x200.jpg\" alt=\"\" width=\"500\" height=\"333\" srcset=\"https:\/\/enseyes.com\/wp-content\/uploads\/2021\/04\/A3A5381-natlinser-300x200.jpg 300w, https:\/\/enseyes.com\/wp-content\/uploads\/2021\/04\/A3A5381-natlinser-1024x683.jpg 1024w, https:\/\/enseyes.com\/wp-content\/uploads\/2021\/04\/A3A5381-natlinser-768x512.jpg 768w, https:\/\/enseyes.com\/wp-content\/uploads\/2021\/04\/A3A5381-natlinser-1536x1024.jpg 1536w, https:\/\/enseyes.com\/wp-content\/uploads\/2021\/04\/A3A5381-natlinser-2048x1365.jpg 2048w\" sizes=\"auto, (max-width: 500px) 100vw, 500px\" \/><\/a><br \/>\n\u00abDet er et fantastisk resultat som er s\u00e5 bra at vi n\u00e5 har valgt \u00e5 tilby nattlinser i behandlingen av barn p\u00e5 \u00f8yeavdelingen. Det har hittil seks n\u00e6rsynte barn takket ja til. De er n\u00e5 i gang med behandlingen\u00bb, forklarer Trine M\u00f8ldrup Jakobsen, lege og klinisk forskningsassistent p\u00e5 \u00f8yeavdelingen. Hun har ledet studiet p\u00e5 Vejle Sykehus som ledd i sin ph.d.-avhandling til \u00f8yelege.<\/p>\n<h4>N\u00f8dvendig med dansk bevis<\/h4>\n<p>Tidligere forskning i Asia og Syd-Europa har allerede p\u00e5vist nattlinsens evne til \u00e5 bremse utviklingen av n\u00e6rsynthet hos barn. Men det er aldri blitt unders\u00f8kt og p\u00e5vist i Danmark og Skandinavia. Det var n\u00f8dvendig for \u00e5 kunne overf\u00f8re resultatene til danske barn. Det forklarer overlege p\u00e5 \u00f8yeavdelingen p\u00e5 Vejle Sykehus, Flemming M\u00f8ller, som foreslo at Trine M\u00f8drup Jakobsen burde forske p\u00e5 nattlinser.<\/p>\n<p><a href=\"https:\/\/enseyes.com\/wp-content\/uploads\/2021\/04\/flemming-og-barn.jpg\"><img loading=\"lazy\" decoding=\"async\" class=\"alignnone wp-image-50507\" src=\"https:\/\/enseyes.com\/wp-content\/uploads\/2021\/04\/flemming-og-barn-300x200.jpg\" alt=\"\" width=\"500\" height=\"333\" srcset=\"https:\/\/enseyes.com\/wp-content\/uploads\/2021\/04\/flemming-og-barn-300x200.jpg 300w, https:\/\/enseyes.com\/wp-content\/uploads\/2021\/04\/flemming-og-barn-768x512.jpg 768w, https:\/\/enseyes.com\/wp-content\/uploads\/2021\/04\/flemming-og-barn.jpg 1024w\" sizes=\"auto, (max-width: 500px) 100vw, 500px\" \/><\/a><br \/>\n\u00abDet er til dels store genetiske forskjeller p\u00e5 asiatiske og nordeuropeiske barn. Dels har det tidligere v\u00e6rt store kulturelle forskjeller i hvordan barn i Asia og Nord-Europa har levd og belastet \u00f8ynene sine. Derfor har vi ikke kunnet overf\u00f8re resultatene fra asiatiske barn direkte til danske og skandinaviske barn. Vi har hatt behov for \u00e5 unders\u00f8ke dette selv\u00bb, fastsl\u00e5r Flemming M\u00f8ller.<\/p>\n<p>Forekomsten av n\u00e6rsynthet hos barn i Asia har i noen omr\u00e5der v\u00e6rt oppe i 90 prosent. Men Flemming M\u00f8ller har, i likhet med andre danske \u00f8yeleger, sett en klar stigning i de senere \u00e5rene ogs\u00e5 hos danske barn. Det er bekreftet av en nyere unders\u00f8kelse. Den viste at forekomsten av n\u00e6rsynthet hos barn i Danmark er steget fra 13 prosent i 2007 til 25 prosent i dag.<\/p>\n<p>Derfor foreslo Flemming M\u00f8ller at Trine M\u00f8ldrup Jakobsen skrev sin ph.d.-avhandling til \u00f8yelege som et forskningsprosjekt i nattlinsens virkning p\u00e5 utvikling av n\u00e6rsynthet hos barn. En virkning som \u00f8yelegen f\u00f8rste gang h\u00f8rte om fra sin leverand\u00f8r av nattlinser, Esben S\u00f8rensen. Der er han som i Kolding-firmaet Ens Eyes distribuerer nattlinser til optikere og \u00f8yeleger i hele Skandinavia.<\/p>\n<p>\u00abVi har eksistert i over ti \u00e5r. I hele denne tiden har vi kjempet for \u00e5 f\u00e5 unders\u00f8kt og anerkjent nattlinsenes evne til \u00e5 kunne bremse utviklingen av n\u00e6rsynthet ogs\u00e5 hos skandinaviske og danske barn. Derfor er det fantastisk at det n\u00e5 endelig er kommet et dansk forskningsresultat som beviser hvordan nattlinsene kan motvirke n\u00e6rsynthet hos barn\u00bb, sier Esben S\u00f8rensen.<\/p>\n<h4>Vil fortsette med nattlinser<\/h4>\n<p>Trine M\u00f8ldrup Jakobsen har n\u00e5 f\u00e5tt godkjent sitt forskningsstudium som ph.d.-avhandling, og \u00f8yeavdelingen p\u00e5 Vejle Sykehus har begynt \u00e5 bruke nattlinser i behandlingen av n\u00e6rsynte barn. Men det f\u00e5r ikke den nye \u00f8yelegen til \u00e5 stoppe forskningen av nattlinser.<\/p>\n<p>\u00abVi g\u00e5r i gang med et oppf\u00f8lgende prosjekt som skal vare over flere \u00e5r. Dette for \u00e5 f\u00f8lge utviklingen og se resultatene over en lengre periode. Det endrer imidlertid ikke bevisene vi n\u00e5 har. Vi har bevist at nattlinser rent faktisk kan bremse utviklingen av n\u00e6rsynthet hos barn\u00bb, fastsl\u00e5r hun.<\/p>\n<p>For Frida Bille er saken ogs\u00e5 klar. Hun vil fortsette med \u00e5 sove med nattlinser, selv om hennes del av fors\u00f8ket n\u00e5 er avsluttet.<\/p>\n<p>\u00abDet er s\u00e5 bra n\u00e5r jeg skal p\u00e5 skolen og delta i idrett. Jeg kan jo bare ta nattlinsene ut om morgenen. S\u00e5 beh\u00f8ver jeg ikke g\u00e5 med briller og kontaktlinser resten av dagen\u00bb, sier den n\u00e6rsynte piken. Hun har hatt linsene p\u00e5 nesten helt fra begynnelsen, selv om hun den gang bare var ni \u00e5r.<\/p>\n<p><a href=\"https:\/\/enseyes.com\/wp-content\/uploads\/2021\/04\/natlinse.png\"><img loading=\"lazy\" decoding=\"async\" class=\"alignnone wp-image-50511\" src=\"https:\/\/enseyes.com\/wp-content\/uploads\/2021\/04\/natlinse-300x225.png\" alt=\"\" width=\"500\" height=\"375\" srcset=\"https:\/\/enseyes.com\/wp-content\/uploads\/2021\/04\/natlinse-300x225.png 300w, https:\/\/enseyes.com\/wp-content\/uploads\/2021\/04\/natlinse-768x576.png 768w, https:\/\/enseyes.com\/wp-content\/uploads\/2021\/04\/natlinse.png 1024w\" sizes=\"auto, (max-width: 500px) 100vw, 500px\" \/><\/a><br \/>\n\u00abFar var ikke s\u00e5 god til \u00e5 sette de p\u00e5 s\u00e5 jeg gjorde det bare selv. Det har jeg gjort siden, og det er ikke noe problem\u00bb, ler Frida som kun har en ting hun ergrer seg over:<\/p>\n<p>\u00abDet er synd p\u00e5 mor. For hun er sterkt n\u00e6rsynt og skulle hatt mulighet for \u00e5 sove med nattlinser da hun var ung, slik som jeg. Men det var henne som foreslo at jeg kom med i dette fors\u00f8ket. N\u00e5 er hun veldig glad p\u00e5 mine vegne.\u00bb<\/p>\n<h4>Fakta<\/h4>\n<p>En nattlinse er en formstabil linse som med sin vakuum-effekt, kombinert med at \u00f8yelokket er lukket, kan forhindre at \u00f8yet vokser i lengden og derfor bremser utviklingen av n\u00e6rsynthet.<\/p>\n<p>Med over minus 5 i styrke, som betegnes som sterkt n\u00e6rsynthet, stiger risikoen for at man kan utvikle gr\u00f8nn st\u00e6r, netthinnel\u00f8sning og netthinneendringer.<\/p>\n<p>Forskningsprosjektet i Vejle har hatt deltagere av 60 barn fra Jylland og Fyn. Disse ble ved loddtrekning delt opp i to grupper. Den ene gruppen sov med nattlinser, den andre uten.<\/p>\n<p>Resultatet av forskningsprosjektet har p\u00e5vist at nattlinser kan bremse utviklingen av n\u00e6rsynthet hos barn i voksealderen med 59 prosent \u2013 uten behandlingskrevende eller synstruende komplikasjoner.<\/p>\n<p>Nattlinsene i fors\u00f8ket var levert av firmaet Ens Eyes i Kolding. Firmaet har fulgt forskningen i nattlinser over hele verden i ti \u00e5r og levert nattlinser til optikere og \u00f8yeleger i hele Skandinavia og p\u00e5 Island.[\/vc_column_text][\/vc_column][\/vc_row]<\/p>\n<\/div>","protected":false},"excerpt":{"rendered":"<p>[vc_row][vc_column][vc_column_text] Nytt dansk forskningsprosjekt Nattlinser gj\u00f8r n\u00e6rsynte barn markant mindre n\u00e6rsynte. [\/vc_column_text][\/vc_column][\/vc_row][vc_row][vc_column][vc_column_text]Et forskningsstudium p\u00e5 Vejle Sykehus har p\u00e5vist at n\u00e6rsynte barn som sover med nattlinser utvikler 59 prosent mindre n\u00e6rsynthet enn barn som g\u00e5r med briller. Resultatet har f\u00e5tt \u00f8yeavdelingen<\/p>\n","protected":false},"author":172,"featured_media":0,"parent":0,"menu_order":0,"comment_status":"closed","ping_status":"closed","template":"","meta":{"_acf_changed":false,"footnotes":""},"class_list":["post-50820","page","type-page","status-publish","hentry"],"acf":[],"yoast_head":"<!-- This site is optimized with the Yoast SEO plugin v27.5 - https:\/\/yoast.com\/product\/yoast-seo-wordpress\/ -->\n<title>Forskningsprosjekt - EnsEyes<\/title>\n<meta name=\"robots\" content=\"index, follow, max-snippet:-1, max-image-preview:large, max-video-preview:-1\" \/>\n<link rel=\"canonical\" href=\"https:\/\/enseyes.com\/nb\/forskningsprojekt\/\" \/>\n<meta property=\"og:locale\" content=\"nb_NO\" \/>\n<meta property=\"og:type\" content=\"article\" \/>\n<meta property=\"og:title\" content=\"Forskningsprosjekt - EnsEyes\" \/>\n<meta property=\"og:description\" content=\"[vc_row][vc_column][vc_column_text] Nytt dansk forskningsprosjekt Nattlinser gj\u00f8r n\u00e6rsynte barn markant mindre n\u00e6rsynte. [\/vc_column_text][\/vc_column][\/vc_row][vc_row][vc_column][vc_column_text]Et forskningsstudium p\u00e5 Vejle Sykehus har p\u00e5vist at n\u00e6rsynte barn som sover med nattlinser utvikler 59 prosent mindre n\u00e6rsynthet enn barn som g\u00e5r med briller. Resultatet har f\u00e5tt \u00f8yeavdelingen\" \/>\n<meta property=\"og:url\" content=\"https:\/\/enseyes.com\/nb\/forskningsprojekt\/\" \/>\n<meta property=\"og:site_name\" content=\"EnsEyes\" \/>\n<meta property=\"article:modified_time\" content=\"2021-04-20T09:59:27+00:00\" \/>\n<meta property=\"og:image\" content=\"https:\/\/enseyes.com\/wp-content\/uploads\/2021\/04\/A3A5381-natlinser-300x200.jpg\" \/>\n<meta name=\"twitter:card\" content=\"summary_large_image\" \/>\n<meta name=\"twitter:label1\" content=\"Ansl. lesetid\" \/>\n\t<meta name=\"twitter:data1\" content=\"6 minutter\" \/>\n<script type=\"application\/ld+json\" class=\"yoast-schema-graph\">{\"@context\":\"https:\\\/\\\/schema.org\",\"@graph\":[{\"@type\":\"WebPage\",\"@id\":\"https:\\\/\\\/enseyes.com\\\/nb\\\/forskningsprojekt\\\/\",\"url\":\"https:\\\/\\\/enseyes.com\\\/nb\\\/forskningsprojekt\\\/\",\"name\":\"Forskningsprosjekt - EnsEyes\",\"isPartOf\":{\"@id\":\"https:\\\/\\\/enseyes.com\\\/sv\\\/#website\"},\"primaryImageOfPage\":{\"@id\":\"https:\\\/\\\/enseyes.com\\\/nb\\\/forskningsprojekt\\\/#primaryimage\"},\"image\":{\"@id\":\"https:\\\/\\\/enseyes.com\\\/nb\\\/forskningsprojekt\\\/#primaryimage\"},\"thumbnailUrl\":\"https:\\\/\\\/enseyes.com\\\/wp-content\\\/uploads\\\/2021\\\/04\\\/A3A5381-natlinser-300x200.jpg\",\"datePublished\":\"2021-04-14T13:50:56+00:00\",\"dateModified\":\"2021-04-20T09:59:27+00:00\",\"breadcrumb\":{\"@id\":\"https:\\\/\\\/enseyes.com\\\/nb\\\/forskningsprojekt\\\/#breadcrumb\"},\"inLanguage\":\"nb-NO\",\"potentialAction\":[{\"@type\":\"ReadAction\",\"target\":[\"https:\\\/\\\/enseyes.com\\\/nb\\\/forskningsprojekt\\\/\"]}]},{\"@type\":\"ImageObject\",\"inLanguage\":\"nb-NO\",\"@id\":\"https:\\\/\\\/enseyes.com\\\/nb\\\/forskningsprojekt\\\/#primaryimage\",\"url\":\"https:\\\/\\\/enseyes.com\\\/wp-content\\\/uploads\\\/2021\\\/04\\\/A3A5381-natlinser-300x200.jpg\",\"contentUrl\":\"https:\\\/\\\/enseyes.com\\\/wp-content\\\/uploads\\\/2021\\\/04\\\/A3A5381-natlinser-300x200.jpg\"},{\"@type\":\"BreadcrumbList\",\"@id\":\"https:\\\/\\\/enseyes.com\\\/nb\\\/forskningsprojekt\\\/#breadcrumb\",\"itemListElement\":[{\"@type\":\"ListItem\",\"position\":1,\"name\":\"Hjem\",\"item\":\"https:\\\/\\\/enseyes.com\\\/nb\\\/\"},{\"@type\":\"ListItem\",\"position\":2,\"name\":\"Forskningsprosjekt\"}]},{\"@type\":\"WebSite\",\"@id\":\"https:\\\/\\\/enseyes.com\\\/sv\\\/#website\",\"url\":\"https:\\\/\\\/enseyes.com\\\/sv\\\/\",\"name\":\"EnsEyes\",\"description\":\"Cornea Care\",\"potentialAction\":[{\"@type\":\"SearchAction\",\"target\":{\"@type\":\"EntryPoint\",\"urlTemplate\":\"https:\\\/\\\/enseyes.com\\\/sv\\\/?s={search_term_string}\"},\"query-input\":{\"@type\":\"PropertyValueSpecification\",\"valueRequired\":true,\"valueName\":\"search_term_string\"}}],\"inLanguage\":\"nb-NO\"}]}<\/script>\n<!-- \/ Yoast SEO plugin. -->","yoast_head_json":{"title":"Forskningsprosjekt - EnsEyes","robots":{"index":"index","follow":"follow","max-snippet":"max-snippet:-1","max-image-preview":"max-image-preview:large","max-video-preview":"max-video-preview:-1"},"canonical":"https:\/\/enseyes.com\/nb\/forskningsprojekt\/","og_locale":"nb_NO","og_type":"article","og_title":"Forskningsprosjekt - EnsEyes","og_description":"[vc_row][vc_column][vc_column_text] Nytt dansk forskningsprosjekt Nattlinser gj\u00f8r n\u00e6rsynte barn markant mindre n\u00e6rsynte. [\/vc_column_text][\/vc_column][\/vc_row][vc_row][vc_column][vc_column_text]Et forskningsstudium p\u00e5 Vejle Sykehus har p\u00e5vist at n\u00e6rsynte barn som sover med nattlinser utvikler 59 prosent mindre n\u00e6rsynthet enn barn som g\u00e5r med briller. Resultatet har f\u00e5tt \u00f8yeavdelingen","og_url":"https:\/\/enseyes.com\/nb\/forskningsprojekt\/","og_site_name":"EnsEyes","article_modified_time":"2021-04-20T09:59:27+00:00","og_image":[{"url":"https:\/\/enseyes.com\/wp-content\/uploads\/2021\/04\/A3A5381-natlinser-300x200.jpg","type":"","width":"","height":""}],"twitter_card":"summary_large_image","twitter_misc":{"Ansl. lesetid":"6 minutter"},"schema":{"@context":"https:\/\/schema.org","@graph":[{"@type":"WebPage","@id":"https:\/\/enseyes.com\/nb\/forskningsprojekt\/","url":"https:\/\/enseyes.com\/nb\/forskningsprojekt\/","name":"Forskningsprosjekt - EnsEyes","isPartOf":{"@id":"https:\/\/enseyes.com\/sv\/#website"},"primaryImageOfPage":{"@id":"https:\/\/enseyes.com\/nb\/forskningsprojekt\/#primaryimage"},"image":{"@id":"https:\/\/enseyes.com\/nb\/forskningsprojekt\/#primaryimage"},"thumbnailUrl":"https:\/\/enseyes.com\/wp-content\/uploads\/2021\/04\/A3A5381-natlinser-300x200.jpg","datePublished":"2021-04-14T13:50:56+00:00","dateModified":"2021-04-20T09:59:27+00:00","breadcrumb":{"@id":"https:\/\/enseyes.com\/nb\/forskningsprojekt\/#breadcrumb"},"inLanguage":"nb-NO","potentialAction":[{"@type":"ReadAction","target":["https:\/\/enseyes.com\/nb\/forskningsprojekt\/"]}]},{"@type":"ImageObject","inLanguage":"nb-NO","@id":"https:\/\/enseyes.com\/nb\/forskningsprojekt\/#primaryimage","url":"https:\/\/enseyes.com\/wp-content\/uploads\/2021\/04\/A3A5381-natlinser-300x200.jpg","contentUrl":"https:\/\/enseyes.com\/wp-content\/uploads\/2021\/04\/A3A5381-natlinser-300x200.jpg"},{"@type":"BreadcrumbList","@id":"https:\/\/enseyes.com\/nb\/forskningsprojekt\/#breadcrumb","itemListElement":[{"@type":"ListItem","position":1,"name":"Hjem","item":"https:\/\/enseyes.com\/nb\/"},{"@type":"ListItem","position":2,"name":"Forskningsprosjekt"}]},{"@type":"WebSite","@id":"https:\/\/enseyes.com\/sv\/#website","url":"https:\/\/enseyes.com\/sv\/","name":"EnsEyes","description":"Cornea Care","potentialAction":[{"@type":"SearchAction","target":{"@type":"EntryPoint","urlTemplate":"https:\/\/enseyes.com\/sv\/?s={search_term_string}"},"query-input":{"@type":"PropertyValueSpecification","valueRequired":true,"valueName":"search_term_string"}}],"inLanguage":"nb-NO"}]}},"_links":{"self":[{"href":"https:\/\/enseyes.com\/nb\/wp-json\/wp\/v2\/pages\/50820","targetHints":{"allow":["GET"]}}],"collection":[{"href":"https:\/\/enseyes.com\/nb\/wp-json\/wp\/v2\/pages"}],"about":[{"href":"https:\/\/enseyes.com\/nb\/wp-json\/wp\/v2\/types\/page"}],"author":[{"embeddable":true,"href":"https:\/\/enseyes.com\/nb\/wp-json\/wp\/v2\/users\/172"}],"replies":[{"embeddable":true,"href":"https:\/\/enseyes.com\/nb\/wp-json\/wp\/v2\/comments?post=50820"}],"version-history":[{"count":0,"href":"https:\/\/enseyes.com\/nb\/wp-json\/wp\/v2\/pages\/50820\/revisions"}],"wp:attachment":[{"href":"https:\/\/enseyes.com\/nb\/wp-json\/wp\/v2\/media?parent=50820"}],"curies":[{"name":"wp","href":"https:\/\/api.w.org\/{rel}","templated":true}]}}