{"id":5102,"date":"2018-08-16T12:38:42","date_gmt":"2018-08-16T11:38:42","guid":{"rendered":"http:\/\/enseyes.com\/produkter\/medicinske-linser\/senso-easy\/"},"modified":"2021-06-16T14:07:30","modified_gmt":"2021-06-16T13:07:30","slug":"senso-easy","status":"publish","type":"page","link":"https:\/\/enseyes.com\/nb\/produkter\/medicinske-linser\/senso-easy\/","title":{"rendered":"Senso Easy"},"content":{"rendered":"<div class=\"wpb-content-wrapper\"><p>[vc_row][vc_column][vc_single_image image=&raquo;51605&#8243; img_size=&raquo;full&raquo;][\/vc_column][\/vc_row][vc_row][vc_column width=&raquo;1\/3&#8243;][vc_single_image image=&raquo;50127&#8243; img_size=&raquo;medium&raquo;][\/vc_column][vc_column width=&raquo;2\/3&#8243;][vc_column_text]<\/p>\n<h5>SENSO EASY<\/h5>\n<ul>\n<li>Lett \u00e5 tilpasse<\/li>\n<li>Kunder med t\u00f8rre \u00f8yne som ikke kan bruke myke linser<\/li>\n<li>Uregelmessige hornhinner<\/li>\n<li>Alle former for keratokonus<\/li>\n<li>Post Lasik<\/li>\n<\/ul>\n<p>Vi \u00f8nsker \u00e5 l\u00f8fte linsen over hornhinnen og la linsen hvile utelukkende p\u00e5 scleraen. Det b\u00f8r ikke skiftes ut t\u00e5rer under dette objektivet.[\/vc_column_text][\/vc_column][\/vc_row][vc_row][vc_column][vc_tta_tabs][vc_tta_section title=&raquo;Forbrukerinformasjon&raquo; tab_id=&raquo;1615475851643-5a6dee1f-02f5&#8243;][vc_row_inner][vc_column_inner width=&raquo;1\/2&#8243;][vc_column_text]<\/p>\n<h5>Hvem kan bruke Senso Easy<\/h5>\n<p>Senso Easy er spesialdesignet for skandinaviske \u00f8yne der kunder med myke toriske linser ikke oppn\u00e5r samme syn med linsene som med brillekorreksjon, eller for kunder med multifokale linser som ikke oppn\u00e5r tilstrekkelig synskvalitet med myke multifokale linser, eller kunder med t\u00f8rre \u00f8yne som ikke kan bruke myke linser.[\/vc_column_text][\/vc_column_inner][vc_column_inner width=&raquo;1\/2&#8243;][vc_column_text]<\/p>\n<h5>Bruk<\/h5>\n<p>Senso Easy kan brukes daglig i opptil et \u00e5r, hvoretter linsene m\u00e5 byttes ut.<br \/>\nDisse skreddersydde linsene er individuelt designet basert p\u00e5 resultatene fra <a href=\"https:\/\/enseyes.com\/nb\/soeg-optiker\/\">optikeren<\/a> din[\/vc_column_text][\/vc_column_inner][\/vc_row_inner][\/vc_tta_section][vc_tta_section title=&raquo;Instruksjoner&raquo; tab_id=&raquo;1615475851652-8c8a315b-7430&#8243;][vc_column_text]<\/p>\n<div class=\"wpb_text_column wpb_content_element \">\n<div class=\"wpb_wrapper\">\n<p>Les bruksanvisningen n\u00f8ye f\u00f8r du begynner \u00e5 bruke Senso Easy. Informasjonen blir gitt av din kontaktlinsespesialist. \u00d8nsker du mer informasjon eller r\u00e5d? Kontakt oss p\u00e5 tlf. +45 75 10 24 10<\/p>\n<p><a href=\"https:\/\/enseyes.com\/docs\/Enseyes_Anno-1006%20MED%2B%20Brugsanvisning_NO_TRYK.pdf\" target=\"_blank\" rel=\"noopener\">Du kan laste ned bruksanvisning her<\/a><\/p>\n<\/div>\n<\/div>\n<p>[\/vc_column_text][vc_row_inner][vc_column_inner width=&raquo;1\/2&#8243;][vc_column_text]<iframe loading=\"lazy\" src=\"https:\/\/player.vimeo.com\/video\/311662649?autoplay=0\" width=\"400\" height=\"225\" frameborder=\"0\" allowfullscreen=\"allowfullscreen\"><\/iframe>[\/vc_column_text][vc_column_text]<a href=\"mailto:?&amp;subject=Instruksjonsvideo&amp;body=Se%20denne%20video%20https:\/\/player.vimeo.com\/video\/311662649\">Send video<\/a>\u00a0 \u00a0 \u00a0\u2013\u00a0 \u00a0 \u00a0<a href=\"https:\/\/player.vimeo.com\/video\/311662649?autoplay=0&quot; frameborder=&quot;0&quot; webkitallowfullscreen=&quot;&quot; mozallowfullscreen=&quot;&quot; allowfullscreen=\" target=\"_blank\" rel=\"noopener\">Se i stort format<\/a>[\/vc_column_text][\/vc_column_inner][vc_column_inner width=&raquo;1\/2&#8243;][vc_column_text]<iframe loading=\"lazy\" src=\"https:\/\/player.vimeo.com\/video\/311662704?autoplay=0\" width=\"400\" height=\"225\" frameborder=\"0\" allowfullscreen=\"allowfullscreen\"><\/iframe>[\/vc_column_text][vc_column_text]<a href=\"mailto:?&amp;subject=Instruksjonsvideo&amp;body=Se%20denne%20video%20https:\/\/player.vimeo.com\/video\/311662704\">Send video<\/a>\u00a0 \u00a0 \u00a0\u2013\u00a0 \u00a0 \u00a0<a href=\"https:\/\/player.vimeo.com\/video\/311662704?autoplay=0&quot; frameborder=&quot;0&quot; webkitallowfullscreen=&quot;&quot; mozallowfullscreen=&quot;&quot; allowfullscreen=\" target=\"_blank\" rel=\"noopener\">Se i stort format<\/a>[\/vc_column_text][\/vc_column_inner][\/vc_row_inner][\/vc_tta_section][vc_tta_section title=&raquo;kontaktlinsev\u00e6ske&raquo; tab_id=&raquo;1615477112592-3c6d45a2-ac84&#8243;][vc_column_text]Vi anbefaler rengj\u00f8ring, desinfisering, oppbevaring og skylling av Senso Easy-kontaktlinser med Ever Clean og <a href=\"https:\/\/enseyes.com\/nb\/produkter\/linsevaeske\/unidose-saline\/\">Unidose Saline<\/a>[\/vc_column_text][\/vc_tta_section][vc_tta_section title=&raquo;Informasjon for optikere&raquo; tab_id=&raquo;1615477288441-2f7ef8e5-bf39&#8243;][vc_row_inner][vc_column_inner width=&raquo;2\/3&#8243;][vc_column_text]<strong>Tilpasning<\/strong><br \/>\nLinsen er beregnet i et spesielt tilpasset program kalt <a href=\"http:\/\/www.myprocornea.com\" target=\"_blank\" rel=\"noopener\">MyProcornea<\/a>, sammen med v\u00e5rt <a href=\"https:\/\/enseyes.com\/nb\/produkter\/proevesaet\/\">pr\u00f8vesett<\/a> p\u00e5 Senso Easy-linser. Programmet er kompatibelt med alle topografer som handles i Norden. Programmet er gratis \u00e5 bruke.[\/vc_column_text][vc_column_text]scleralkoder<br \/>\n<a href=\"https:\/\/enseyes.com\/wp-content\/uploads\/2021\/06\/scleral_koder-1.png\" target=\"_blank\" rel=\"noopener\"><img loading=\"lazy\" decoding=\"async\" class=\"alignnone wp-image-51597\" src=\"https:\/\/enseyes.com\/wp-content\/uploads\/2021\/06\/scleral_koder-1-1024x227.png\" alt=\"\" width=\"800\" height=\"177\" srcset=\"https:\/\/enseyes.com\/wp-content\/uploads\/2021\/06\/scleral_koder-1-1024x227.png 1024w, https:\/\/enseyes.com\/wp-content\/uploads\/2021\/06\/scleral_koder-1-300x66.png 300w, https:\/\/enseyes.com\/wp-content\/uploads\/2021\/06\/scleral_koder-1-768x170.png 768w, https:\/\/enseyes.com\/wp-content\/uploads\/2021\/06\/scleral_koder-1.png 1092w\" sizes=\"auto, (max-width: 800px) 100vw, 800px\" \/><\/a><br \/>\n\n<table id=\"tablepress-15\" class=\"tablepress tablepress-id-15\">\n<thead>\n<tr class=\"row-1\">\n\t<th class=\"column-1\">Parametre Easy:<\/th><td class=\"column-2\"><\/td><td class=\"column-3\"><\/td>\n<\/tr>\n<\/thead>\n<tbody class=\"row-striping row-hover\">\n<tr class=\"row-2\">\n\t<td class=\"column-1\">Radius (r0):<\/td><td class=\"column-2\">7.60 mm til 8.80 mm i 0.20 mm steps<\/td><td class=\"column-3\"><\/td>\n<\/tr>\n<tr class=\"row-3\">\n\t<td class=\"column-1\">Sf\u00e6risk styrke (F\u2019v):<\/td><td class=\"column-2\">+25.00 D til -25.00 D i 0.25 D steps<\/td><td class=\"column-3\"><\/td>\n<\/tr>\n<tr class=\"row-4\">\n\t<td class=\"column-1\">Sagital h\u00f8jde (SAG):<\/td><td class=\"column-2\">0.25 til 4.75 i 0.25  steps<\/td><td class=\"column-3\"><\/td>\n<\/tr>\n<tr class=\"row-5\">\n\t<td class=\"column-1\">Akse (Torisk):<\/td><td class=\"column-2\">0\u00b0 til 180\u00b0 pr 1\u00b0<\/td><td class=\"column-3\"><\/td>\n<\/tr>\n<tr class=\"row-6\">\n\t<td class=\"column-1\">Perifer faktor (PF):<\/td><td class=\"column-2\">+6 til -4 i 1 steps<\/td><td class=\"column-3\"><\/td>\n<\/tr>\n<tr class=\"row-7\">\n\t<td class=\"column-1\">Perifertorisk (PT):<\/td><td class=\"column-2\">1 til 3 i 1 steps<\/td><td class=\"column-3\"><\/td>\n<\/tr>\n<tr class=\"row-8\">\n\t<td class=\"column-1\">Bitorisk (BT)<\/td><td class=\"column-2\"><\/td><td class=\"column-3\"><\/td>\n<\/tr>\n<tr class=\"row-9\">\n\t<td class=\"column-1\">Cyl:<\/td><td class=\"column-2\">Frontcyl -0.25 D til -3.00 D i 0.25 D steps<\/td><td class=\"column-3\"><\/td>\n<\/tr>\n<tr class=\"row-10\">\n\t<td class=\"column-1\">Diameter (\u00d8T):<\/td><td class=\"column-2\">14.80 mm <\/td><td class=\"column-3\"><\/td>\n<\/tr>\n<tr class=\"row-11\">\n\t<td class=\"column-1\">Teknisk information<\/td><td class=\"column-2\"><\/td><td class=\"column-3\"><\/td>\n<\/tr>\n<tr class=\"row-12\">\n\t<td class=\"column-1\">Materiale:<\/td><td class=\"column-2\">Boston XO Klar eller isbl\u00e5 DK 100<\/td><td class=\"column-3\"><\/td>\n<\/tr>\n<tr class=\"row-13\">\n\t<td class=\"column-1\">Central tykkelse ved BVP 0.00:<\/td><td class=\"column-2\">340 microns<\/td><td class=\"column-3\"><\/td>\n<\/tr>\n<tr class=\"row-14\">\n\t<td class=\"column-1\">Minimum central tykkelse:<\/td><td class=\"column-2\">0.25 mm<\/td><td class=\"column-3\"><\/td>\n<\/tr>\n<tr class=\"row-15\">\n\t<td class=\"column-1\">Bagflade geometri:<\/td><td class=\"column-2\">Asf\u00e6risk<\/td><td class=\"column-3\"><\/td>\n<\/tr>\n<tr class=\"row-16\">\n\t<td class=\"column-1\">Forflade geometri:<\/td><td class=\"column-2\">Fuld optisk AB Technology<\/td><td class=\"column-3\"><\/td>\n<\/tr>\n<tr class=\"row-17\">\n\t<td class=\"column-1\">Forpakning:<\/td><td class=\"column-2\">Blister<\/td><td class=\"column-3\"><\/td>\n<\/tr>\n<\/tbody>\n<\/table>\n<!-- #tablepress-15 from cache -->[\/vc_column_text][\/vc_column_inner][vc_column_inner width=&raquo;1\/3&#8243;][vc_single_image image=&raquo;51612&#8243; img_size=&raquo;200xauto&raquo; alignment=&raquo;right&raquo; onclick=&raquo;img_link_large&raquo; img_link_target=&raquo;_blank&raquo;][vc_column_text]<\/p>\n<p style=\"text-align: right;\">Ideal fit<\/p>\n<p>[\/vc_column_text][vc_single_image image=&raquo;51616&#8243; img_size=&raquo;200xauto&raquo; alignment=&raquo;right&raquo; onclick=&raquo;img_link_large&raquo; img_link_target=&raquo;_blank&raquo;][\/vc_column_inner][\/vc_row_inner][\/vc_tta_section][\/vc_tta_tabs][\/vc_column][\/vc_row][vc_row][vc_column][vc_column_text]<\/p>\n<p>[\/vc_column_text][\/vc_column][\/vc_row][vc_row][vc_column width=&raquo;1\/2&#8243;][vc_raw_html]JTNDaWZyYW1lJTIwc3JjJTNEJTIyaHR0cHMlM0ElMkYlMkZwbGF5ZXIudmltZW8uY29tJTJGdmlkZW8lMkYyODUyNjQyNTAlMjIlMjB3aWR0aCUzRCUyMjY0MCUyMiUyMGhlaWdodCUzRCUyMjQ4MCUyMiUyMGZyYW1lYm9yZGVyJTNEJTIyMCUyMiUyMHdlYmtpdGFsbG93ZnVsbHNjcmVlbiUyMG1vemFsbG93ZnVsbHNjcmVlbiUyMGFsbG93ZnVsbHNjcmVlbiUzRSUzQyUyRmlmcmFtZSUzRQ==[\/vc_raw_html][\/vc_column][vc_column width=&raquo;1\/2&#8243;][vc_raw_html]JTNDaWZyYW1lJTIwc3JjJTNEJTIyaHR0cHMlM0ElMkYlMkZwbGF5ZXIudmltZW8uY29tJTJGdmlkZW8lMkYyODUyNjQyNDUlMjIlMjB3aWR0aCUzRCUyMjY0MCUyMiUyMGhlaWdodCUzRCUyMjQ4MCUyMiUyMGZyYW1lYm9yZGVyJTNEJTIyMCUyMiUyMHdlYmtpdGFsbG93ZnVsbHNjcmVlbiUyMG1vemFsbG93ZnVsbHNjcmVlbiUyMGFsbG93ZnVsbHNjcmVlbiUzRSUzQyUyRmlmcmFtZSUzRQ==[\/vc_raw_html][\/vc_column][\/vc_row]<\/p>\n<\/div>","protected":false},"excerpt":{"rendered":"<p>[vc_row][vc_column][vc_single_image image=&raquo;51605&#8243; img_size=&raquo;full&raquo;][\/vc_column][\/vc_row][vc_row][vc_column width=&raquo;1\/3&#8243;][vc_single_image image=&raquo;50127&#8243; img_size=&raquo;medium&raquo;][\/vc_column][vc_column width=&raquo;2\/3&#8243;][vc_column_text] SENSO EASY Lett \u00e5 tilpasse Kunder med t\u00f8rre \u00f8yne som ikke kan bruke myke linser Uregelmessige hornhinner Alle former for keratokonus Post Lasik Vi \u00f8nsker \u00e5 l\u00f8fte linsen over hornhinnen og la linsen<\/p>\n","protected":false},"author":1,"featured_media":0,"parent":2929,"menu_order":5,"comment_status":"closed","ping_status":"closed","template":"templates\/product-page.php","meta":{"_acf_changed":false,"footnotes":""},"class_list":["post-5102","page","type-page","status-publish","hentry"],"acf":[],"yoast_head":"<!-- This site is optimized with the Yoast SEO plugin v27.4 - https:\/\/yoast.com\/product\/yoast-seo-wordpress\/ -->\n<title>Senso Easy - EnsEyes<\/title>\n<meta name=\"robots\" content=\"index, follow, max-snippet:-1, max-image-preview:large, max-video-preview:-1\" \/>\n<link rel=\"canonical\" href=\"https:\/\/enseyes.com\/nb\/produkter\/medicinske-linser\/senso-easy\/\" \/>\n<meta property=\"og:locale\" content=\"nb_NO\" \/>\n<meta property=\"og:type\" content=\"article\" \/>\n<meta property=\"og:title\" content=\"Senso Easy - EnsEyes\" \/>\n<meta property=\"og:description\" content=\"[vc_row][vc_column][vc_single_image image=&raquo;51605&#8243; img_size=&raquo;full&raquo;][\/vc_column][\/vc_row][vc_row][vc_column width=&raquo;1\/3&#8243;][vc_single_image image=&raquo;50127&#8243; img_size=&raquo;medium&raquo;][\/vc_column][vc_column width=&raquo;2\/3&#8243;][vc_column_text] SENSO EASY Lett \u00e5 tilpasse Kunder med t\u00f8rre \u00f8yne som ikke kan bruke myke linser Uregelmessige hornhinner Alle former for keratokonus Post Lasik Vi \u00f8nsker \u00e5 l\u00f8fte linsen over hornhinnen og la linsen\" \/>\n<meta property=\"og:url\" content=\"https:\/\/enseyes.com\/nb\/produkter\/medicinske-linser\/senso-easy\/\" \/>\n<meta property=\"og:site_name\" content=\"EnsEyes\" \/>\n<meta property=\"article:modified_time\" content=\"2021-06-16T13:07:30+00:00\" \/>\n<meta property=\"og:image\" content=\"https:\/\/enseyes.com\/wp-content\/uploads\/2021\/06\/scleral_koder-1-1024x227.png\" \/>\n<meta name=\"twitter:card\" content=\"summary_large_image\" \/>\n<meta name=\"twitter:label1\" content=\"Ansl. lesetid\" \/>\n\t<meta name=\"twitter:data1\" content=\"2 minutter\" \/>\n<script type=\"application\/ld+json\" class=\"yoast-schema-graph\">{\"@context\":\"https:\\\/\\\/schema.org\",\"@graph\":[{\"@type\":\"WebPage\",\"@id\":\"https:\\\/\\\/enseyes.com\\\/nb\\\/produkter\\\/medicinske-linser\\\/senso-easy\\\/\",\"url\":\"https:\\\/\\\/enseyes.com\\\/nb\\\/produkter\\\/medicinske-linser\\\/senso-easy\\\/\",\"name\":\"Senso Easy - EnsEyes\",\"isPartOf\":{\"@id\":\"https:\\\/\\\/enseyes.com\\\/sv\\\/#website\"},\"primaryImageOfPage\":{\"@id\":\"https:\\\/\\\/enseyes.com\\\/nb\\\/produkter\\\/medicinske-linser\\\/senso-easy\\\/#primaryimage\"},\"image\":{\"@id\":\"https:\\\/\\\/enseyes.com\\\/nb\\\/produkter\\\/medicinske-linser\\\/senso-easy\\\/#primaryimage\"},\"thumbnailUrl\":\"https:\\\/\\\/enseyes.com\\\/wp-content\\\/uploads\\\/2021\\\/06\\\/scleral_koder-1-1024x227.png\",\"datePublished\":\"2018-08-16T11:38:42+00:00\",\"dateModified\":\"2021-06-16T13:07:30+00:00\",\"breadcrumb\":{\"@id\":\"https:\\\/\\\/enseyes.com\\\/nb\\\/produkter\\\/medicinske-linser\\\/senso-easy\\\/#breadcrumb\"},\"inLanguage\":\"nb-NO\",\"potentialAction\":[{\"@type\":\"ReadAction\",\"target\":[\"https:\\\/\\\/enseyes.com\\\/nb\\\/produkter\\\/medicinske-linser\\\/senso-easy\\\/\"]}]},{\"@type\":\"ImageObject\",\"inLanguage\":\"nb-NO\",\"@id\":\"https:\\\/\\\/enseyes.com\\\/nb\\\/produkter\\\/medicinske-linser\\\/senso-easy\\\/#primaryimage\",\"url\":\"https:\\\/\\\/enseyes.com\\\/wp-content\\\/uploads\\\/2021\\\/06\\\/scleral_koder-1-1024x227.png\",\"contentUrl\":\"https:\\\/\\\/enseyes.com\\\/wp-content\\\/uploads\\\/2021\\\/06\\\/scleral_koder-1-1024x227.png\"},{\"@type\":\"BreadcrumbList\",\"@id\":\"https:\\\/\\\/enseyes.com\\\/nb\\\/produkter\\\/medicinske-linser\\\/senso-easy\\\/#breadcrumb\",\"itemListElement\":[{\"@type\":\"ListItem\",\"position\":1,\"name\":\"Hjem\",\"item\":\"https:\\\/\\\/enseyes.com\\\/nb\\\/\"},{\"@type\":\"ListItem\",\"position\":2,\"name\":\"Produkter\",\"item\":\"https:\\\/\\\/enseyes.com\\\/nb\\\/produkter\\\/\"},{\"@type\":\"ListItem\",\"position\":3,\"name\":\"Medisinske linser\",\"item\":\"https:\\\/\\\/enseyes.com\\\/nb\\\/produkter\\\/medicinske-linser\\\/\"},{\"@type\":\"ListItem\",\"position\":4,\"name\":\"Senso Easy\"}]},{\"@type\":\"WebSite\",\"@id\":\"https:\\\/\\\/enseyes.com\\\/sv\\\/#website\",\"url\":\"https:\\\/\\\/enseyes.com\\\/sv\\\/\",\"name\":\"EnsEyes\",\"description\":\"Cornea Care\",\"potentialAction\":[{\"@type\":\"SearchAction\",\"target\":{\"@type\":\"EntryPoint\",\"urlTemplate\":\"https:\\\/\\\/enseyes.com\\\/sv\\\/?s={search_term_string}\"},\"query-input\":{\"@type\":\"PropertyValueSpecification\",\"valueRequired\":true,\"valueName\":\"search_term_string\"}}],\"inLanguage\":\"nb-NO\"}]}<\/script>\n<!-- \/ Yoast SEO plugin. -->","yoast_head_json":{"title":"Senso Easy - EnsEyes","robots":{"index":"index","follow":"follow","max-snippet":"max-snippet:-1","max-image-preview":"max-image-preview:large","max-video-preview":"max-video-preview:-1"},"canonical":"https:\/\/enseyes.com\/nb\/produkter\/medicinske-linser\/senso-easy\/","og_locale":"nb_NO","og_type":"article","og_title":"Senso Easy - EnsEyes","og_description":"[vc_row][vc_column][vc_single_image image=&raquo;51605&#8243; img_size=&raquo;full&raquo;][\/vc_column][\/vc_row][vc_row][vc_column width=&raquo;1\/3&#8243;][vc_single_image image=&raquo;50127&#8243; img_size=&raquo;medium&raquo;][\/vc_column][vc_column width=&raquo;2\/3&#8243;][vc_column_text] SENSO EASY Lett \u00e5 tilpasse Kunder med t\u00f8rre \u00f8yne som ikke kan bruke myke linser Uregelmessige hornhinner Alle former for keratokonus Post Lasik Vi \u00f8nsker \u00e5 l\u00f8fte linsen over hornhinnen og la linsen","og_url":"https:\/\/enseyes.com\/nb\/produkter\/medicinske-linser\/senso-easy\/","og_site_name":"EnsEyes","article_modified_time":"2021-06-16T13:07:30+00:00","og_image":[{"url":"https:\/\/enseyes.com\/wp-content\/uploads\/2021\/06\/scleral_koder-1-1024x227.png","type":"","width":"","height":""}],"twitter_card":"summary_large_image","twitter_misc":{"Ansl. lesetid":"2 minutter"},"schema":{"@context":"https:\/\/schema.org","@graph":[{"@type":"WebPage","@id":"https:\/\/enseyes.com\/nb\/produkter\/medicinske-linser\/senso-easy\/","url":"https:\/\/enseyes.com\/nb\/produkter\/medicinske-linser\/senso-easy\/","name":"Senso Easy - EnsEyes","isPartOf":{"@id":"https:\/\/enseyes.com\/sv\/#website"},"primaryImageOfPage":{"@id":"https:\/\/enseyes.com\/nb\/produkter\/medicinske-linser\/senso-easy\/#primaryimage"},"image":{"@id":"https:\/\/enseyes.com\/nb\/produkter\/medicinske-linser\/senso-easy\/#primaryimage"},"thumbnailUrl":"https:\/\/enseyes.com\/wp-content\/uploads\/2021\/06\/scleral_koder-1-1024x227.png","datePublished":"2018-08-16T11:38:42+00:00","dateModified":"2021-06-16T13:07:30+00:00","breadcrumb":{"@id":"https:\/\/enseyes.com\/nb\/produkter\/medicinske-linser\/senso-easy\/#breadcrumb"},"inLanguage":"nb-NO","potentialAction":[{"@type":"ReadAction","target":["https:\/\/enseyes.com\/nb\/produkter\/medicinske-linser\/senso-easy\/"]}]},{"@type":"ImageObject","inLanguage":"nb-NO","@id":"https:\/\/enseyes.com\/nb\/produkter\/medicinske-linser\/senso-easy\/#primaryimage","url":"https:\/\/enseyes.com\/wp-content\/uploads\/2021\/06\/scleral_koder-1-1024x227.png","contentUrl":"https:\/\/enseyes.com\/wp-content\/uploads\/2021\/06\/scleral_koder-1-1024x227.png"},{"@type":"BreadcrumbList","@id":"https:\/\/enseyes.com\/nb\/produkter\/medicinske-linser\/senso-easy\/#breadcrumb","itemListElement":[{"@type":"ListItem","position":1,"name":"Hjem","item":"https:\/\/enseyes.com\/nb\/"},{"@type":"ListItem","position":2,"name":"Produkter","item":"https:\/\/enseyes.com\/nb\/produkter\/"},{"@type":"ListItem","position":3,"name":"Medisinske linser","item":"https:\/\/enseyes.com\/nb\/produkter\/medicinske-linser\/"},{"@type":"ListItem","position":4,"name":"Senso Easy"}]},{"@type":"WebSite","@id":"https:\/\/enseyes.com\/sv\/#website","url":"https:\/\/enseyes.com\/sv\/","name":"EnsEyes","description":"Cornea Care","potentialAction":[{"@type":"SearchAction","target":{"@type":"EntryPoint","urlTemplate":"https:\/\/enseyes.com\/sv\/?s={search_term_string}"},"query-input":{"@type":"PropertyValueSpecification","valueRequired":true,"valueName":"search_term_string"}}],"inLanguage":"nb-NO"}]}},"_links":{"self":[{"href":"https:\/\/enseyes.com\/nb\/wp-json\/wp\/v2\/pages\/5102","targetHints":{"allow":["GET"]}}],"collection":[{"href":"https:\/\/enseyes.com\/nb\/wp-json\/wp\/v2\/pages"}],"about":[{"href":"https:\/\/enseyes.com\/nb\/wp-json\/wp\/v2\/types\/page"}],"author":[{"embeddable":true,"href":"https:\/\/enseyes.com\/nb\/wp-json\/wp\/v2\/users\/1"}],"replies":[{"embeddable":true,"href":"https:\/\/enseyes.com\/nb\/wp-json\/wp\/v2\/comments?post=5102"}],"version-history":[{"count":0,"href":"https:\/\/enseyes.com\/nb\/wp-json\/wp\/v2\/pages\/5102\/revisions"}],"up":[{"embeddable":true,"href":"https:\/\/enseyes.com\/nb\/wp-json\/wp\/v2\/pages\/2929"}],"wp:attachment":[{"href":"https:\/\/enseyes.com\/nb\/wp-json\/wp\/v2\/media?parent=5102"}],"curies":[{"name":"wp","href":"https:\/\/api.w.org\/{rel}","templated":true}]}}