{"id":3017,"date":"2016-05-18T08:41:56","date_gmt":"2016-05-18T07:41:56","guid":{"rendered":"http:\/\/enseyes.com\/?page_id=3017&#038;lang=sv"},"modified":"2021-04-21T14:42:45","modified_gmt":"2021-04-21T13:42:45","slug":"topografisk-tilpassede-linser","status":"publish","type":"page","link":"https:\/\/enseyes.com\/sv\/produkter\/topografisk-tilpassede-linser\/","title":{"rendered":"TOPOGRAFITILLPASSADE LINSER"},"content":{"rendered":"<div class=\"wpb-content-wrapper\"><p>[vc_row][vc_column][vc_single_image image=&#8221;49994&#8243; img_size=&#8221;large&#8221; alignment=&#8221;center&#8221;][\/vc_column][\/vc_row][vc_row][vc_column][vc_column_text]Har du problem med dina kontaktlinser? Med topografiskt anpassade linser f\u00e5r du en unik design som passar dina \u00f6gon. Med de innovativa linserna f\u00e5r du snabbare passform, b\u00e4ttre komfort och skarp syn hela dagen.[\/vc_column_text][\/vc_column][\/vc_row][vc_row][vc_column width=&#8221;1\/3&#8243;][vc_column_text]<\/p>\n<h3 style=\"text-align: center;\"><a href=\"https:\/\/enseyes.com\/sv\/produkter\/topografisk-tilpassede-linser\/natlinser\/\">Nattlinser<\/a><\/h3>\n<p><a href=\"https:\/\/enseyes.com\/sv\/produkter\/topografisk-tilpassede-linser\/natlinser\/\"><img loading=\"lazy\" decoding=\"async\" class=\"size-medium wp-image-49950 aligncenter\" src=\"https:\/\/enseyes.com\/wp-content\/uploads\/2021\/03\/dreamlite-300x195.jpg\" alt=\"\" width=\"300\" height=\"195\" srcset=\"https:\/\/enseyes.com\/wp-content\/uploads\/2021\/03\/dreamlite-300x195.jpg 300w, https:\/\/enseyes.com\/wp-content\/uploads\/2021\/03\/dreamlite.jpg 500w\" sizes=\"auto, (max-width: 300px) 100vw, 300px\" \/><\/a>[\/vc_column_text][\/vc_column][vc_column width=&#8221;1\/3&#8243;][vc_column_text]<\/p>\n<h3 style=\"text-align: center;\"><a href=\"https:\/\/enseyes.com\/sv\/produkter\/topografisk-tilpassede-linser\/natlinser-zoom\/\">Nattlinser Zoom<\/a><\/h3>\n<p><a href=\"https:\/\/enseyes.com\/sv\/produkter\/topografisk-tilpassede-linser\/natlinser-zoom\/\"><img loading=\"lazy\" decoding=\"async\" class=\"aligncenter wp-image-49980 size-medium\" src=\"https:\/\/enseyes.com\/wp-content\/uploads\/2021\/03\/dreamlite_zoom-300x195.jpg\" alt=\"\" width=\"300\" height=\"195\" srcset=\"https:\/\/enseyes.com\/wp-content\/uploads\/2021\/03\/dreamlite_zoom-300x195.jpg 300w, https:\/\/enseyes.com\/wp-content\/uploads\/2021\/03\/dreamlite_zoom.jpg 500w\" sizes=\"auto, (max-width: 300px) 100vw, 300px\" \/><\/a>[\/vc_column_text][\/vc_column][vc_column width=&#8221;1\/3&#8243;][vc_column_text]<\/p>\n<h3 style=\"text-align: center;\"><a href=\"https:\/\/enseyes.com\/sv\/produkter\/topografisk-tilpassede-linser\/natural-fit\/\">Senso Unico<\/a><\/h3>\n<p><a href=\"https:\/\/enseyes.com\/sv\/produkter\/topografisk-tilpassede-linser\/natural-fit\/\"><img loading=\"lazy\" decoding=\"async\" class=\"aligncenter wp-image-48244 size-full\" src=\"https:\/\/enseyes.com\/wp-content\/uploads\/2019\/10\/Senso_Unico.png\" alt=\"\" width=\"164\" height=\"253\" \/><\/a>[\/vc_column_text][\/vc_column][\/vc_row][vc_row][vc_column width=&#8221;1\/3&#8243;][vc_column_text]<\/p>\n<h3 style=\"text-align: center;\"><a href=\"https:\/\/enseyes.com\/sv\/produkter\/topografisk-tilpassede-linser\/senso-select\/\">Senso Select<\/a><\/h3>\n<p><a href=\"https:\/\/enseyes.com\/sv\/produkter\/topografisk-tilpassede-linser\/senso-select\/\"><img loading=\"lazy\" decoding=\"async\" class=\"alignnone wp-image-50039 size-medium\" src=\"https:\/\/enseyes.com\/wp-content\/uploads\/2021\/03\/senso_select-300x195.jpg\" alt=\"\" width=\"300\" height=\"195\" srcset=\"https:\/\/enseyes.com\/wp-content\/uploads\/2021\/03\/senso_select-300x195.jpg 300w, https:\/\/enseyes.com\/wp-content\/uploads\/2021\/03\/senso_select.jpg 500w\" sizes=\"auto, (max-width: 300px) 100vw, 300px\" \/><\/a>[\/vc_column_text][\/vc_column][vc_column width=&#8221;1\/3&#8243;][vc_column_text]<\/p>\n<h3 style=\"text-align: center;\"><a href=\"https:\/\/enseyes.com\/sv\/produkter\/topografisk-tilpassede-linser\/compact-perfect-zoom\/\">Senso Select Zoom<\/a><\/h3>\n<p><a href=\"https:\/\/enseyes.com\/sv\/produkter\/topografisk-tilpassede-linser\/compact-perfect-zoom\/\"><img loading=\"lazy\" decoding=\"async\" class=\"aligncenter wp-image-50074 size-medium\" src=\"https:\/\/enseyes.com\/wp-content\/uploads\/2021\/03\/senso_select_zoom-300x195.jpg\" alt=\"\" width=\"300\" height=\"195\" srcset=\"https:\/\/enseyes.com\/wp-content\/uploads\/2021\/03\/senso_select_zoom-300x195.jpg 300w, https:\/\/enseyes.com\/wp-content\/uploads\/2021\/03\/senso_select_zoom.jpg 500w\" sizes=\"auto, (max-width: 300px) 100vw, 300px\" \/><\/a>[\/vc_column_text][\/vc_column][vc_column width=&#8221;1\/3&#8243;][vc_column_text]<\/p>\n<h3 style=\"text-align: center;\"><a href=\"https:\/\/enseyes.com\/sv\/produkter\/topografisk-tilpassede-linser\/compact-perfect-smart-focus\/\">Senso Select Duo<\/a><\/h3>\n<p><a href=\"https:\/\/enseyes.com\/sv\/produkter\/topografisk-tilpassede-linser\/compact-perfect-smart-focus\/\"><img loading=\"lazy\" decoding=\"async\" class=\"aligncenter wp-image-50168 size-medium\" src=\"https:\/\/enseyes.com\/wp-content\/uploads\/2021\/03\/senso_select_duo-300x195.jpg\" alt=\"\" width=\"300\" height=\"195\" srcset=\"https:\/\/enseyes.com\/wp-content\/uploads\/2021\/03\/senso_select_duo-300x195.jpg 300w, https:\/\/enseyes.com\/wp-content\/uploads\/2021\/03\/senso_select_duo.jpg 500w\" sizes=\"auto, (max-width: 300px) 100vw, 300px\" \/><\/a>[\/vc_column_text][\/vc_column][\/vc_row][vc_row][vc_column width=&#8221;1\/3&#8243;][vc_column_text]<\/p>\n<h3 style=\"text-align: center;\"><a href=\"https:\/\/enseyes.com\/sv\/produkter\/topografisk-tilpassede-linser\/ecco-soft-4-seasons-sihy\/\">Byo Premium<\/a><\/h3>\n<p><a href=\"https:\/\/enseyes.com\/sv\/produkter\/topografisk-tilpassede-linser\/ecco-soft-4-seasons-sihy\/\"><img loading=\"lazy\" decoding=\"async\" class=\"aligncenter wp-image-49840 size-medium\" src=\"https:\/\/enseyes.com\/wp-content\/uploads\/2021\/03\/byo_premium-300x195.jpg\" alt=\"\" width=\"300\" height=\"195\" srcset=\"https:\/\/enseyes.com\/wp-content\/uploads\/2021\/03\/byo_premium-300x195.jpg 300w, https:\/\/enseyes.com\/wp-content\/uploads\/2021\/03\/byo_premium.jpg 500w\" sizes=\"auto, (max-width: 300px) 100vw, 300px\" \/><\/a>[\/vc_column_text][\/vc_column][vc_column width=&#8221;1\/3&#8243;][vc_column_text]<\/p>\n<h3 style=\"text-align: center;\"><a href=\"https:\/\/enseyes.com\/sv\/produkter\/medicinske-linser\/ecco-soft-4-seasons-kxt\/\">Byo Premium KC<\/a><\/h3>\n<p><a href=\"https:\/\/enseyes.com\/sv\/produkter\/medicinske-linser\/ecco-soft-4-seasons-kxt\/\"><img loading=\"lazy\" decoding=\"async\" class=\"alignnone wp-image-49908 size-medium\" src=\"https:\/\/enseyes.com\/wp-content\/uploads\/2021\/03\/byo_premium_kc-300x195.jpg\" alt=\"\" width=\"300\" height=\"195\" srcset=\"https:\/\/enseyes.com\/wp-content\/uploads\/2021\/03\/byo_premium_kc-300x195.jpg 300w, https:\/\/enseyes.com\/wp-content\/uploads\/2021\/03\/byo_premium_kc.jpg 500w\" sizes=\"auto, (max-width: 300px) 100vw, 300px\" \/><\/a>[\/vc_column_text][\/vc_column][vc_column width=&#8221;1\/3&#8243;][vc_column_text]<\/p>\n<h3 style=\"text-align: center;\"><a href=\"https:\/\/enseyes.com\/sv\/byo-premium-mc\/\">Byo Premium MC<\/a><\/h3>\n<p><a href=\"https:\/\/enseyes.com\/sv\/byo-premium-mc\/\"><img loading=\"lazy\" decoding=\"async\" class=\"alignnone wp-image-50412\" src=\"https:\/\/enseyes.com\/wp-content\/uploads\/2021\/04\/byo_premium_mc-300x195.jpeg\" alt=\"\" width=\"400\" height=\"260\" srcset=\"https:\/\/enseyes.com\/wp-content\/uploads\/2021\/04\/byo_premium_mc-300x195.jpeg 300w, https:\/\/enseyes.com\/wp-content\/uploads\/2021\/04\/byo_premium_mc.jpeg 500w\" sizes=\"auto, (max-width: 400px) 100vw, 400px\" \/><\/a>[\/vc_column_text][\/vc_column][\/vc_row]<\/p>\n<\/div>","protected":false},"excerpt":{"rendered":"<p>[vc_row][vc_column][vc_single_image image=&#8221;49994&#8243; img_size=&#8221;large&#8221; alignment=&#8221;center&#8221;][\/vc_column][\/vc_row][vc_row][vc_column][vc_column_text]Har du problem med dina kontaktlinser? Med topografiskt anpassade linser f\u00e5r du en unik design som passar dina \u00f6gon. Med de innovativa linserna f\u00e5r du snabbare passform, b\u00e4ttre komfort och skarp syn hela dagen.[\/vc_column_text][\/vc_column][\/vc_row][vc_row][vc_column width=&#8221;1\/3&#8243;][vc_column_text] Nattlinser [\/vc_column_text][\/vc_column][vc_column<\/p>\n","protected":false},"author":237,"featured_media":0,"parent":3015,"menu_order":1,"comment_status":"closed","ping_status":"closed","template":"templates\/product-category.php","meta":{"_acf_changed":false,"footnotes":""},"class_list":["post-3017","page","type-page","status-publish","hentry"],"acf":[],"yoast_head":"<!-- This site is optimized with the Yoast SEO plugin v27.4 - https:\/\/yoast.com\/product\/yoast-seo-wordpress\/ -->\n<title>TOPOGRAFITILLPASSADE LINSER - EnsEyes<\/title>\n<meta name=\"robots\" content=\"index, follow, max-snippet:-1, max-image-preview:large, max-video-preview:-1\" \/>\n<link rel=\"canonical\" href=\"https:\/\/enseyes.com\/sv\/produkter\/topografisk-tilpassede-linser\/\" \/>\n<meta property=\"og:locale\" content=\"sv_SE\" \/>\n<meta property=\"og:type\" content=\"article\" \/>\n<meta property=\"og:title\" content=\"TOPOGRAFITILLPASSADE LINSER - EnsEyes\" \/>\n<meta property=\"og:description\" content=\"[vc_row][vc_column][vc_single_image image=&#8221;49994&#8243; img_size=&#8221;large&#8221; alignment=&#8221;center&#8221;][\/vc_column][\/vc_row][vc_row][vc_column][vc_column_text]Har du problem med dina kontaktlinser? Med topografiskt anpassade linser f\u00e5r du en unik design som passar dina \u00f6gon. Med de innovativa linserna f\u00e5r du snabbare passform, b\u00e4ttre komfort och skarp syn hela dagen.[\/vc_column_text][\/vc_column][\/vc_row][vc_row][vc_column width=&#8221;1\/3&#8243;][vc_column_text] Nattlinser [\/vc_column_text][\/vc_column][vc_column\" \/>\n<meta property=\"og:url\" content=\"https:\/\/enseyes.com\/sv\/produkter\/topografisk-tilpassede-linser\/\" \/>\n<meta property=\"og:site_name\" content=\"EnsEyes\" \/>\n<meta property=\"article:modified_time\" content=\"2021-04-21T13:42:45+00:00\" \/>\n<meta property=\"og:image\" content=\"https:\/\/enseyes.com\/wp-content\/uploads\/2021\/03\/dreamlite-300x195.jpg\" \/>\n<meta name=\"twitter:card\" content=\"summary_large_image\" \/>\n<meta name=\"twitter:label1\" content=\"Ber\u00e4knad l\u00e4stid\" \/>\n\t<meta name=\"twitter:data1\" content=\"3 minuter\" \/>\n<script type=\"application\/ld+json\" class=\"yoast-schema-graph\">{\"@context\":\"https:\\\/\\\/schema.org\",\"@graph\":[{\"@type\":\"WebPage\",\"@id\":\"https:\\\/\\\/enseyes.com\\\/sv\\\/produkter\\\/topografisk-tilpassede-linser\\\/\",\"url\":\"https:\\\/\\\/enseyes.com\\\/sv\\\/produkter\\\/topografisk-tilpassede-linser\\\/\",\"name\":\"TOPOGRAFITILLPASSADE LINSER - EnsEyes\",\"isPartOf\":{\"@id\":\"https:\\\/\\\/enseyes.com\\\/sv\\\/#website\"},\"primaryImageOfPage\":{\"@id\":\"https:\\\/\\\/enseyes.com\\\/sv\\\/produkter\\\/topografisk-tilpassede-linser\\\/#primaryimage\"},\"image\":{\"@id\":\"https:\\\/\\\/enseyes.com\\\/sv\\\/produkter\\\/topografisk-tilpassede-linser\\\/#primaryimage\"},\"thumbnailUrl\":\"https:\\\/\\\/enseyes.com\\\/wp-content\\\/uploads\\\/2021\\\/03\\\/dreamlite-300x195.jpg\",\"datePublished\":\"2016-05-18T07:41:56+00:00\",\"dateModified\":\"2021-04-21T13:42:45+00:00\",\"breadcrumb\":{\"@id\":\"https:\\\/\\\/enseyes.com\\\/sv\\\/produkter\\\/topografisk-tilpassede-linser\\\/#breadcrumb\"},\"inLanguage\":\"sv-SE\",\"potentialAction\":[{\"@type\":\"ReadAction\",\"target\":[\"https:\\\/\\\/enseyes.com\\\/sv\\\/produkter\\\/topografisk-tilpassede-linser\\\/\"]}]},{\"@type\":\"ImageObject\",\"inLanguage\":\"sv-SE\",\"@id\":\"https:\\\/\\\/enseyes.com\\\/sv\\\/produkter\\\/topografisk-tilpassede-linser\\\/#primaryimage\",\"url\":\"https:\\\/\\\/enseyes.com\\\/wp-content\\\/uploads\\\/2021\\\/03\\\/dreamlite-300x195.jpg\",\"contentUrl\":\"https:\\\/\\\/enseyes.com\\\/wp-content\\\/uploads\\\/2021\\\/03\\\/dreamlite-300x195.jpg\"},{\"@type\":\"BreadcrumbList\",\"@id\":\"https:\\\/\\\/enseyes.com\\\/sv\\\/produkter\\\/topografisk-tilpassede-linser\\\/#breadcrumb\",\"itemListElement\":[{\"@type\":\"ListItem\",\"position\":1,\"name\":\"Hjem\",\"item\":\"https:\\\/\\\/enseyes.com\\\/sv\\\/\"},{\"@type\":\"ListItem\",\"position\":2,\"name\":\"Produkter\",\"item\":\"https:\\\/\\\/enseyes.com\\\/sv\\\/produkter\\\/\"},{\"@type\":\"ListItem\",\"position\":3,\"name\":\"TOPOGRAFITILLPASSADE LINSER\"}]},{\"@type\":\"WebSite\",\"@id\":\"https:\\\/\\\/enseyes.com\\\/sv\\\/#website\",\"url\":\"https:\\\/\\\/enseyes.com\\\/sv\\\/\",\"name\":\"EnsEyes\",\"description\":\"Cornea Care\",\"potentialAction\":[{\"@type\":\"SearchAction\",\"target\":{\"@type\":\"EntryPoint\",\"urlTemplate\":\"https:\\\/\\\/enseyes.com\\\/sv\\\/?s={search_term_string}\"},\"query-input\":{\"@type\":\"PropertyValueSpecification\",\"valueRequired\":true,\"valueName\":\"search_term_string\"}}],\"inLanguage\":\"sv-SE\"}]}<\/script>\n<!-- \/ Yoast SEO plugin. -->","yoast_head_json":{"title":"TOPOGRAFITILLPASSADE LINSER - EnsEyes","robots":{"index":"index","follow":"follow","max-snippet":"max-snippet:-1","max-image-preview":"max-image-preview:large","max-video-preview":"max-video-preview:-1"},"canonical":"https:\/\/enseyes.com\/sv\/produkter\/topografisk-tilpassede-linser\/","og_locale":"sv_SE","og_type":"article","og_title":"TOPOGRAFITILLPASSADE LINSER - EnsEyes","og_description":"[vc_row][vc_column][vc_single_image image=&#8221;49994&#8243; img_size=&#8221;large&#8221; alignment=&#8221;center&#8221;][\/vc_column][\/vc_row][vc_row][vc_column][vc_column_text]Har du problem med dina kontaktlinser? Med topografiskt anpassade linser f\u00e5r du en unik design som passar dina \u00f6gon. Med de innovativa linserna f\u00e5r du snabbare passform, b\u00e4ttre komfort och skarp syn hela dagen.[\/vc_column_text][\/vc_column][\/vc_row][vc_row][vc_column width=&#8221;1\/3&#8243;][vc_column_text] Nattlinser [\/vc_column_text][\/vc_column][vc_column","og_url":"https:\/\/enseyes.com\/sv\/produkter\/topografisk-tilpassede-linser\/","og_site_name":"EnsEyes","article_modified_time":"2021-04-21T13:42:45+00:00","og_image":[{"url":"https:\/\/enseyes.com\/wp-content\/uploads\/2021\/03\/dreamlite-300x195.jpg","type":"","width":"","height":""}],"twitter_card":"summary_large_image","twitter_misc":{"Ber\u00e4knad l\u00e4stid":"3 minuter"},"schema":{"@context":"https:\/\/schema.org","@graph":[{"@type":"WebPage","@id":"https:\/\/enseyes.com\/sv\/produkter\/topografisk-tilpassede-linser\/","url":"https:\/\/enseyes.com\/sv\/produkter\/topografisk-tilpassede-linser\/","name":"TOPOGRAFITILLPASSADE LINSER - EnsEyes","isPartOf":{"@id":"https:\/\/enseyes.com\/sv\/#website"},"primaryImageOfPage":{"@id":"https:\/\/enseyes.com\/sv\/produkter\/topografisk-tilpassede-linser\/#primaryimage"},"image":{"@id":"https:\/\/enseyes.com\/sv\/produkter\/topografisk-tilpassede-linser\/#primaryimage"},"thumbnailUrl":"https:\/\/enseyes.com\/wp-content\/uploads\/2021\/03\/dreamlite-300x195.jpg","datePublished":"2016-05-18T07:41:56+00:00","dateModified":"2021-04-21T13:42:45+00:00","breadcrumb":{"@id":"https:\/\/enseyes.com\/sv\/produkter\/topografisk-tilpassede-linser\/#breadcrumb"},"inLanguage":"sv-SE","potentialAction":[{"@type":"ReadAction","target":["https:\/\/enseyes.com\/sv\/produkter\/topografisk-tilpassede-linser\/"]}]},{"@type":"ImageObject","inLanguage":"sv-SE","@id":"https:\/\/enseyes.com\/sv\/produkter\/topografisk-tilpassede-linser\/#primaryimage","url":"https:\/\/enseyes.com\/wp-content\/uploads\/2021\/03\/dreamlite-300x195.jpg","contentUrl":"https:\/\/enseyes.com\/wp-content\/uploads\/2021\/03\/dreamlite-300x195.jpg"},{"@type":"BreadcrumbList","@id":"https:\/\/enseyes.com\/sv\/produkter\/topografisk-tilpassede-linser\/#breadcrumb","itemListElement":[{"@type":"ListItem","position":1,"name":"Hjem","item":"https:\/\/enseyes.com\/sv\/"},{"@type":"ListItem","position":2,"name":"Produkter","item":"https:\/\/enseyes.com\/sv\/produkter\/"},{"@type":"ListItem","position":3,"name":"TOPOGRAFITILLPASSADE LINSER"}]},{"@type":"WebSite","@id":"https:\/\/enseyes.com\/sv\/#website","url":"https:\/\/enseyes.com\/sv\/","name":"EnsEyes","description":"Cornea Care","potentialAction":[{"@type":"SearchAction","target":{"@type":"EntryPoint","urlTemplate":"https:\/\/enseyes.com\/sv\/?s={search_term_string}"},"query-input":{"@type":"PropertyValueSpecification","valueRequired":true,"valueName":"search_term_string"}}],"inLanguage":"sv-SE"}]}},"_links":{"self":[{"href":"https:\/\/enseyes.com\/sv\/wp-json\/wp\/v2\/pages\/3017","targetHints":{"allow":["GET"]}}],"collection":[{"href":"https:\/\/enseyes.com\/sv\/wp-json\/wp\/v2\/pages"}],"about":[{"href":"https:\/\/enseyes.com\/sv\/wp-json\/wp\/v2\/types\/page"}],"author":[{"embeddable":true,"href":"https:\/\/enseyes.com\/sv\/wp-json\/wp\/v2\/users\/237"}],"replies":[{"embeddable":true,"href":"https:\/\/enseyes.com\/sv\/wp-json\/wp\/v2\/comments?post=3017"}],"version-history":[{"count":0,"href":"https:\/\/enseyes.com\/sv\/wp-json\/wp\/v2\/pages\/3017\/revisions"}],"up":[{"embeddable":true,"href":"https:\/\/enseyes.com\/sv\/wp-json\/wp\/v2\/pages\/3015"}],"wp:attachment":[{"href":"https:\/\/enseyes.com\/sv\/wp-json\/wp\/v2\/media?parent=3017"}],"curies":[{"name":"wp","href":"https:\/\/api.w.org\/{rel}","templated":true}]}}