{"id":3029,"date":"2016-05-18T10:18:58","date_gmt":"2016-05-18T09:18:58","guid":{"rendered":"http:\/\/enseyes.com\/?page_id=3029&#038;lang=sv"},"modified":"2024-05-22T10:49:50","modified_gmt":"2024-05-22T09:49:50","slug":"medicinske-linser","status":"publish","type":"page","link":"https:\/\/enseyes.com\/sv\/produkter\/medicinske-linser\/","title":{"rendered":"MEDICINSKA LINSER"},"content":{"rendered":"<div class=\"wpb-content-wrapper\"><p>[vc_row][vc_column][vc_single_image image=&#8221;50094&#8243; img_size=&#8221;large&#8221;][\/vc_column][\/vc_row][vc_row][vc_column][vc_column_text]V\u00e5ra medicinska linser \u00e4r speciellt utformade f\u00f6r keratokonus, oregelbunden hornhinna, k\u00e4nsliga \u00f6gon och efter brytningsoperationer. Dessutom: Regelbunden hornhinna, PMD, Post Graft, ICRS, Sj\u00f6grens syndrom, Corneal Trauma och Facialisparesis.[\/vc_column_text][\/vc_column][\/vc_row][vc_row][vc_column width=&#8221;1\/3&#8243;][vc_column_text]<\/p>\n<h3 style=\"text-align: center;\"><a href=\"https:\/\/enseyes.com\/sv\/produkter\/medicinske-linser\/ecco-soft-4-seasons-kxt\/\">Byo Premium KC<\/a><\/h3>\n<p><a href=\"https:\/\/enseyes.com\/sv\/produkter\/medicinske-linser\/ecco-soft-4-seasons-kxt\/\"><img loading=\"lazy\" decoding=\"async\" class=\"aligncenter wp-image-49905 size-medium\" src=\"https:\/\/enseyes.com\/wp-content\/uploads\/2021\/03\/byo_premium_kc-300x195.jpg\" alt=\"\" width=\"300\" height=\"195\" srcset=\"https:\/\/enseyes.com\/wp-content\/uploads\/2021\/03\/byo_premium_kc-300x195.jpg 300w, https:\/\/enseyes.com\/wp-content\/uploads\/2021\/03\/byo_premium_kc.jpg 500w\" sizes=\"auto, (max-width: 300px) 100vw, 300px\" \/><\/a>[\/vc_column_text][\/vc_column][vc_column width=&#8221;1\/3&#8243;][vc_column_text]<\/p>\n<h3 style=\"text-align: center;\"><a href=\"https:\/\/enseyes.com\/sv\/produkter\/medicinske-linser\/e-min\/\">Senso E-min<\/a><\/h3>\n<p><a href=\"https:\/\/enseyes.com\/sv\/produkter\/medicinske-linser\/e-min\/\"><img loading=\"lazy\" decoding=\"async\" class=\"aligncenter wp-image-50242 size-medium\" src=\"https:\/\/enseyes.com\/wp-content\/uploads\/2021\/03\/senso_Emin-300x195.jpg\" alt=\"\" width=\"300\" height=\"195\" srcset=\"https:\/\/enseyes.com\/wp-content\/uploads\/2021\/03\/senso_Emin-300x195.jpg 300w, https:\/\/enseyes.com\/wp-content\/uploads\/2021\/03\/senso_Emin.jpg 500w\" sizes=\"auto, (max-width: 300px) 100vw, 300px\" \/><\/a>[\/vc_column_text][\/vc_column][\/vc_row][vc_row][vc_column width=&#8221;1\/3&#8243;][vc_column_text]<\/p>\n<h3 style=\"text-align: center;\"><a href=\"https:\/\/enseyes.com\/sv\/produkter\/medicinske-linser\/kc\/\">Senso KC<\/a><\/h3>\n<p><a href=\"https:\/\/enseyes.com\/sv\/produkter\/medicinske-linser\/kc\/\"><img loading=\"lazy\" decoding=\"async\" class=\"aligncenter wp-image-50247 size-medium\" src=\"https:\/\/enseyes.com\/wp-content\/uploads\/2021\/03\/senso_kc-300x195.jpg\" alt=\"\" width=\"300\" height=\"195\" srcset=\"https:\/\/enseyes.com\/wp-content\/uploads\/2021\/03\/senso_kc-300x195.jpg 300w, https:\/\/enseyes.com\/wp-content\/uploads\/2021\/03\/senso_kc.jpg 500w\" sizes=\"auto, (max-width: 300px) 100vw, 300px\" \/><\/a>[\/vc_column_text][\/vc_column][vc_column width=&#8221;1\/3&#8243;][vc_column_text]<\/p>\n<h3 style=\"text-align: center;\"><a href=\"https:\/\/enseyes.com\/sv\/produkter\/medicinske-linser\/kcq\/\">Senso KCQ<\/a><\/h3>\n<p><a href=\"https:\/\/enseyes.com\/sv\/produkter\/medicinske-linser\/kcq\/\"><img loading=\"lazy\" decoding=\"async\" class=\"aligncenter wp-image-50251 size-medium\" src=\"https:\/\/enseyes.com\/wp-content\/uploads\/2021\/03\/senso_kcq-300x195.jpg\" alt=\"\" width=\"300\" height=\"195\" srcset=\"https:\/\/enseyes.com\/wp-content\/uploads\/2021\/03\/senso_kcq-300x195.jpg 300w, https:\/\/enseyes.com\/wp-content\/uploads\/2021\/03\/senso_kcq.jpg 500w\" sizes=\"auto, (max-width: 300px) 100vw, 300px\" \/><\/a>[\/vc_column_text][\/vc_column][vc_column width=&#8221;1\/3&#8243;][vc_column_text]<\/p>\n<h3 style=\"text-align: center;\"><a href=\"https:\/\/enseyes.com\/sv\/produkter\/medicinske-linser\/senso-easy\/\">Senso Easy<\/a><\/h3>\n<p><a href=\"https:\/\/enseyes.com\/sv\/produkter\/medicinske-linser\/senso-easy\/\"><img loading=\"lazy\" decoding=\"async\" class=\"aligncenter wp-image-50127 size-medium\" src=\"https:\/\/enseyes.com\/wp-content\/uploads\/2021\/03\/senso_easy-300x195.jpg\" alt=\"\" width=\"300\" height=\"195\" srcset=\"https:\/\/enseyes.com\/wp-content\/uploads\/2021\/03\/senso_easy-300x195.jpg 300w, https:\/\/enseyes.com\/wp-content\/uploads\/2021\/03\/senso_easy.jpg 500w\" sizes=\"auto, (max-width: 300px) 100vw, 300px\" \/><\/a>[\/vc_column_text][\/vc_column][\/vc_row][vc_row][vc_column width=&#8221;1\/3&#8243;][vc_column_text]<\/p>\n<h3 style=\"text-align: center;\"><a href=\"https:\/\/enseyes.com\/sv\/produkter\/medicinske-linser\/semi-scleral\/\">Senso Semi<\/a><\/h3>\n<p><a href=\"https:\/\/enseyes.com\/sv\/produkter\/medicinske-linser\/semi-scleral\/\"><img loading=\"lazy\" decoding=\"async\" class=\"aligncenter wp-image-50139 size-medium\" src=\"https:\/\/enseyes.com\/wp-content\/uploads\/2021\/03\/senso_semi-300x195.jpg\" alt=\"\" width=\"300\" height=\"195\" srcset=\"https:\/\/enseyes.com\/wp-content\/uploads\/2021\/03\/senso_semi-300x195.jpg 300w, https:\/\/enseyes.com\/wp-content\/uploads\/2021\/03\/senso_semi.jpg 500w\" sizes=\"auto, (max-width: 300px) 100vw, 300px\" \/><\/a>[\/vc_column_text][\/vc_column][vc_column width=&#8221;1\/3&#8243;][vc_column_text]<\/p>\n<h3 style=\"text-align: center;\"><a href=\"https:\/\/enseyes.com\/sv\/produkter\/medicinske-linser\/mini-scleral\/\">Senso Mini<\/a><\/h3>\n<p><a href=\"https:\/\/enseyes.com\/sv\/produkter\/medicinske-linser\/mini-scleral\/\"><img loading=\"lazy\" decoding=\"async\" class=\"aligncenter wp-image-50132 size-medium\" src=\"https:\/\/enseyes.com\/wp-content\/uploads\/2021\/03\/senso_mini-300x195.jpg\" alt=\"\" width=\"300\" height=\"195\" srcset=\"https:\/\/enseyes.com\/wp-content\/uploads\/2021\/03\/senso_mini-300x195.jpg 300w, https:\/\/enseyes.com\/wp-content\/uploads\/2021\/03\/senso_mini.jpg 500w\" sizes=\"auto, (max-width: 300px) 100vw, 300px\" \/><\/a>[\/vc_column_text][\/vc_column][vc_column width=&#8221;1\/3&#8243;][vc_column_text]<\/p>\n<h3 style=\"text-align: center;\"><a href=\"https:\/\/enseyes.com\/sv\/produkter\/medicinske-linser\/fuld-scleral\/\">Senso Fuld Scleral<\/a><\/h3>\n<p><a href=\"https:\/\/enseyes.com\/sv\/produkter\/medicinske-linser\/fuld-scleral\/\"><img loading=\"lazy\" decoding=\"async\" class=\"aligncenter wp-image-50145 size-medium\" src=\"https:\/\/enseyes.com\/wp-content\/uploads\/2021\/03\/senso_fuld_scleral-300x195.jpg\" alt=\"\" width=\"300\" height=\"195\" srcset=\"https:\/\/enseyes.com\/wp-content\/uploads\/2021\/03\/senso_fuld_scleral-300x195.jpg 300w, https:\/\/enseyes.com\/wp-content\/uploads\/2021\/03\/senso_fuld_scleral.jpg 500w\" sizes=\"auto, (max-width: 300px) 100vw, 300px\" \/><\/a>[\/vc_column_text][\/vc_column][\/vc_row]<\/p>\n<\/div>","protected":false},"excerpt":{"rendered":"<p>[vc_row][vc_column][vc_single_image image=&#8221;50094&#8243; img_size=&#8221;large&#8221;][\/vc_column][\/vc_row][vc_row][vc_column][vc_column_text]V\u00e5ra medicinska linser \u00e4r speciellt utformade f\u00f6r keratokonus, oregelbunden hornhinna, k\u00e4nsliga \u00f6gon och efter brytningsoperationer. Dessutom: Regelbunden hornhinna, PMD, Post Graft, ICRS, Sj\u00f6grens syndrom, Corneal Trauma och Facialisparesis.[\/vc_column_text][\/vc_column][\/vc_row][vc_row][vc_column width=&#8221;1\/3&#8243;][vc_column_text] Byo Premium KC [\/vc_column_text][\/vc_column][vc_column width=&#8221;1\/3&#8243;][vc_column_text] Senso E-min [\/vc_column_text][\/vc_column][\/vc_row][vc_row][vc_column width=&#8221;1\/3&#8243;][vc_column_text]<\/p>\n","protected":false},"author":237,"featured_media":0,"parent":3015,"menu_order":2,"comment_status":"closed","ping_status":"closed","template":"templates\/product-category.php","meta":{"_acf_changed":false,"footnotes":""},"class_list":["post-3029","page","type-page","status-publish","hentry"],"acf":[],"yoast_head":"<!-- This site is optimized with the Yoast SEO plugin v27.5 - https:\/\/yoast.com\/product\/yoast-seo-wordpress\/ -->\n<title>MEDICINSKA LINSER - EnsEyes<\/title>\n<meta name=\"robots\" content=\"index, follow, max-snippet:-1, max-image-preview:large, max-video-preview:-1\" \/>\n<link rel=\"canonical\" href=\"https:\/\/enseyes.com\/sv\/produkter\/medicinske-linser\/\" \/>\n<meta property=\"og:locale\" content=\"sv_SE\" \/>\n<meta property=\"og:type\" content=\"article\" \/>\n<meta property=\"og:title\" content=\"MEDICINSKA LINSER - EnsEyes\" \/>\n<meta property=\"og:description\" content=\"[vc_row][vc_column][vc_single_image image=&#8221;50094&#8243; img_size=&#8221;large&#8221;][\/vc_column][\/vc_row][vc_row][vc_column][vc_column_text]V\u00e5ra medicinska linser \u00e4r speciellt utformade f\u00f6r keratokonus, oregelbunden hornhinna, k\u00e4nsliga \u00f6gon och efter brytningsoperationer. Dessutom: Regelbunden hornhinna, PMD, Post Graft, ICRS, Sj\u00f6grens syndrom, Corneal Trauma och Facialisparesis.[\/vc_column_text][\/vc_column][\/vc_row][vc_row][vc_column width=&#8221;1\/3&#8243;][vc_column_text] Byo Premium KC [\/vc_column_text][\/vc_column][vc_column width=&#8221;1\/3&#8243;][vc_column_text] Senso E-min [\/vc_column_text][\/vc_column][\/vc_row][vc_row][vc_column width=&#8221;1\/3&#8243;][vc_column_text]\" \/>\n<meta property=\"og:url\" content=\"https:\/\/enseyes.com\/sv\/produkter\/medicinske-linser\/\" \/>\n<meta property=\"og:site_name\" content=\"EnsEyes\" \/>\n<meta property=\"article:modified_time\" content=\"2024-05-22T09:49:50+00:00\" \/>\n<meta property=\"og:image\" content=\"https:\/\/enseyes.com\/wp-content\/uploads\/2021\/03\/byo_premium_kc-300x195.jpg\" \/>\n<meta name=\"twitter:card\" content=\"summary_large_image\" \/>\n<meta name=\"twitter:label1\" content=\"Ber\u00e4knad l\u00e4stid\" \/>\n\t<meta name=\"twitter:data1\" content=\"3 minuter\" \/>\n<script type=\"application\/ld+json\" class=\"yoast-schema-graph\">{\"@context\":\"https:\\\/\\\/schema.org\",\"@graph\":[{\"@type\":\"WebPage\",\"@id\":\"https:\\\/\\\/enseyes.com\\\/sv\\\/produkter\\\/medicinske-linser\\\/\",\"url\":\"https:\\\/\\\/enseyes.com\\\/sv\\\/produkter\\\/medicinske-linser\\\/\",\"name\":\"MEDICINSKA LINSER - EnsEyes\",\"isPartOf\":{\"@id\":\"https:\\\/\\\/enseyes.com\\\/sv\\\/#website\"},\"primaryImageOfPage\":{\"@id\":\"https:\\\/\\\/enseyes.com\\\/sv\\\/produkter\\\/medicinske-linser\\\/#primaryimage\"},\"image\":{\"@id\":\"https:\\\/\\\/enseyes.com\\\/sv\\\/produkter\\\/medicinske-linser\\\/#primaryimage\"},\"thumbnailUrl\":\"https:\\\/\\\/enseyes.com\\\/wp-content\\\/uploads\\\/2021\\\/03\\\/byo_premium_kc-300x195.jpg\",\"datePublished\":\"2016-05-18T09:18:58+00:00\",\"dateModified\":\"2024-05-22T09:49:50+00:00\",\"breadcrumb\":{\"@id\":\"https:\\\/\\\/enseyes.com\\\/sv\\\/produkter\\\/medicinske-linser\\\/#breadcrumb\"},\"inLanguage\":\"sv-SE\",\"potentialAction\":[{\"@type\":\"ReadAction\",\"target\":[\"https:\\\/\\\/enseyes.com\\\/sv\\\/produkter\\\/medicinske-linser\\\/\"]}]},{\"@type\":\"ImageObject\",\"inLanguage\":\"sv-SE\",\"@id\":\"https:\\\/\\\/enseyes.com\\\/sv\\\/produkter\\\/medicinske-linser\\\/#primaryimage\",\"url\":\"https:\\\/\\\/enseyes.com\\\/wp-content\\\/uploads\\\/2021\\\/03\\\/byo_premium_kc-300x195.jpg\",\"contentUrl\":\"https:\\\/\\\/enseyes.com\\\/wp-content\\\/uploads\\\/2021\\\/03\\\/byo_premium_kc-300x195.jpg\"},{\"@type\":\"BreadcrumbList\",\"@id\":\"https:\\\/\\\/enseyes.com\\\/sv\\\/produkter\\\/medicinske-linser\\\/#breadcrumb\",\"itemListElement\":[{\"@type\":\"ListItem\",\"position\":1,\"name\":\"Hjem\",\"item\":\"https:\\\/\\\/enseyes.com\\\/sv\\\/\"},{\"@type\":\"ListItem\",\"position\":2,\"name\":\"Produkter\",\"item\":\"https:\\\/\\\/enseyes.com\\\/sv\\\/produkter\\\/\"},{\"@type\":\"ListItem\",\"position\":3,\"name\":\"MEDICINSKA LINSER\"}]},{\"@type\":\"WebSite\",\"@id\":\"https:\\\/\\\/enseyes.com\\\/sv\\\/#website\",\"url\":\"https:\\\/\\\/enseyes.com\\\/sv\\\/\",\"name\":\"EnsEyes\",\"description\":\"Cornea Care\",\"potentialAction\":[{\"@type\":\"SearchAction\",\"target\":{\"@type\":\"EntryPoint\",\"urlTemplate\":\"https:\\\/\\\/enseyes.com\\\/sv\\\/?s={search_term_string}\"},\"query-input\":{\"@type\":\"PropertyValueSpecification\",\"valueRequired\":true,\"valueName\":\"search_term_string\"}}],\"inLanguage\":\"sv-SE\"}]}<\/script>\n<!-- \/ Yoast SEO plugin. -->","yoast_head_json":{"title":"MEDICINSKA LINSER - EnsEyes","robots":{"index":"index","follow":"follow","max-snippet":"max-snippet:-1","max-image-preview":"max-image-preview:large","max-video-preview":"max-video-preview:-1"},"canonical":"https:\/\/enseyes.com\/sv\/produkter\/medicinske-linser\/","og_locale":"sv_SE","og_type":"article","og_title":"MEDICINSKA LINSER - EnsEyes","og_description":"[vc_row][vc_column][vc_single_image image=&#8221;50094&#8243; img_size=&#8221;large&#8221;][\/vc_column][\/vc_row][vc_row][vc_column][vc_column_text]V\u00e5ra medicinska linser \u00e4r speciellt utformade f\u00f6r keratokonus, oregelbunden hornhinna, k\u00e4nsliga \u00f6gon och efter brytningsoperationer. Dessutom: Regelbunden hornhinna, PMD, Post Graft, ICRS, Sj\u00f6grens syndrom, Corneal Trauma och Facialisparesis.[\/vc_column_text][\/vc_column][\/vc_row][vc_row][vc_column width=&#8221;1\/3&#8243;][vc_column_text] Byo Premium KC [\/vc_column_text][\/vc_column][vc_column width=&#8221;1\/3&#8243;][vc_column_text] Senso E-min [\/vc_column_text][\/vc_column][\/vc_row][vc_row][vc_column width=&#8221;1\/3&#8243;][vc_column_text]","og_url":"https:\/\/enseyes.com\/sv\/produkter\/medicinske-linser\/","og_site_name":"EnsEyes","article_modified_time":"2024-05-22T09:49:50+00:00","og_image":[{"url":"https:\/\/enseyes.com\/wp-content\/uploads\/2021\/03\/byo_premium_kc-300x195.jpg","type":"","width":"","height":""}],"twitter_card":"summary_large_image","twitter_misc":{"Ber\u00e4knad l\u00e4stid":"3 minuter"},"schema":{"@context":"https:\/\/schema.org","@graph":[{"@type":"WebPage","@id":"https:\/\/enseyes.com\/sv\/produkter\/medicinske-linser\/","url":"https:\/\/enseyes.com\/sv\/produkter\/medicinske-linser\/","name":"MEDICINSKA LINSER - EnsEyes","isPartOf":{"@id":"https:\/\/enseyes.com\/sv\/#website"},"primaryImageOfPage":{"@id":"https:\/\/enseyes.com\/sv\/produkter\/medicinske-linser\/#primaryimage"},"image":{"@id":"https:\/\/enseyes.com\/sv\/produkter\/medicinske-linser\/#primaryimage"},"thumbnailUrl":"https:\/\/enseyes.com\/wp-content\/uploads\/2021\/03\/byo_premium_kc-300x195.jpg","datePublished":"2016-05-18T09:18:58+00:00","dateModified":"2024-05-22T09:49:50+00:00","breadcrumb":{"@id":"https:\/\/enseyes.com\/sv\/produkter\/medicinske-linser\/#breadcrumb"},"inLanguage":"sv-SE","potentialAction":[{"@type":"ReadAction","target":["https:\/\/enseyes.com\/sv\/produkter\/medicinske-linser\/"]}]},{"@type":"ImageObject","inLanguage":"sv-SE","@id":"https:\/\/enseyes.com\/sv\/produkter\/medicinske-linser\/#primaryimage","url":"https:\/\/enseyes.com\/wp-content\/uploads\/2021\/03\/byo_premium_kc-300x195.jpg","contentUrl":"https:\/\/enseyes.com\/wp-content\/uploads\/2021\/03\/byo_premium_kc-300x195.jpg"},{"@type":"BreadcrumbList","@id":"https:\/\/enseyes.com\/sv\/produkter\/medicinske-linser\/#breadcrumb","itemListElement":[{"@type":"ListItem","position":1,"name":"Hjem","item":"https:\/\/enseyes.com\/sv\/"},{"@type":"ListItem","position":2,"name":"Produkter","item":"https:\/\/enseyes.com\/sv\/produkter\/"},{"@type":"ListItem","position":3,"name":"MEDICINSKA LINSER"}]},{"@type":"WebSite","@id":"https:\/\/enseyes.com\/sv\/#website","url":"https:\/\/enseyes.com\/sv\/","name":"EnsEyes","description":"Cornea Care","potentialAction":[{"@type":"SearchAction","target":{"@type":"EntryPoint","urlTemplate":"https:\/\/enseyes.com\/sv\/?s={search_term_string}"},"query-input":{"@type":"PropertyValueSpecification","valueRequired":true,"valueName":"search_term_string"}}],"inLanguage":"sv-SE"}]}},"_links":{"self":[{"href":"https:\/\/enseyes.com\/sv\/wp-json\/wp\/v2\/pages\/3029","targetHints":{"allow":["GET"]}}],"collection":[{"href":"https:\/\/enseyes.com\/sv\/wp-json\/wp\/v2\/pages"}],"about":[{"href":"https:\/\/enseyes.com\/sv\/wp-json\/wp\/v2\/types\/page"}],"author":[{"embeddable":true,"href":"https:\/\/enseyes.com\/sv\/wp-json\/wp\/v2\/users\/237"}],"replies":[{"embeddable":true,"href":"https:\/\/enseyes.com\/sv\/wp-json\/wp\/v2\/comments?post=3029"}],"version-history":[{"count":0,"href":"https:\/\/enseyes.com\/sv\/wp-json\/wp\/v2\/pages\/3029\/revisions"}],"up":[{"embeddable":true,"href":"https:\/\/enseyes.com\/sv\/wp-json\/wp\/v2\/pages\/3015"}],"wp:attachment":[{"href":"https:\/\/enseyes.com\/sv\/wp-json\/wp\/v2\/media?parent=3029"}],"curies":[{"name":"wp","href":"https:\/\/api.w.org\/{rel}","templated":true}]}}