{"id":3035,"date":"2016-05-18T10:37:42","date_gmt":"2016-05-18T09:37:42","guid":{"rendered":"http:\/\/enseyes.com\/?page_id=3035&#038;lang=sv"},"modified":"2021-06-09T10:04:47","modified_gmt":"2021-06-09T09:04:47","slug":"e-min","status":"publish","type":"page","link":"https:\/\/enseyes.com\/sv\/produkter\/medicinske-linser\/e-min\/","title":{"rendered":"Senso E-min"},"content":{"rendered":"<div class=\"wpb-content-wrapper\"><p>[vc_row][vc_column][vc_single_image image=&#8221;50283&#8243; img_size=&#8221;full&#8221;][\/vc_column][\/vc_row][vc_row][vc_column width=&#8221;1\/3&#8243;][vc_single_image image=&#8221;50287&#8243; img_size=&#8221;medium&#8221;][\/vc_column][vc_column width=&#8221;2\/3&#8243;][vc_column_text]<\/p>\n<h5>SENSO E MIN<\/h5>\n<ul>\n<li>Baksida med omv\u00e4nd geometri<\/li>\n<li>Bra l\u00f6sning efter lasikoperationer<\/li>\n<li>Perfekt optik<\/li>\n<\/ul>\n<p>Senso E minus \u00e4r avsedd f\u00f6r laserbehandlade \u00f6gon med mindre oregelbundenheter. Dess asf\u00e4riska baksida och speciella \u201dcomfort edge design\u201d garanterar en lins med suver\u00e4n komfort och optimal r\u00f6relse. P\u00e5 framsidan ser enast\u00e5ende AB technology (aberrationskontroll) till att synsk\u00e4rpan \u00e4r kristallklar fr\u00e5n linsens centrum \u00e4nda ut i periferin. Senso E minus \u00e4r en suver\u00e4n l\u00f6sning f\u00f6r laserbehandlade personer med synproblem.[\/vc_column_text][\/vc_column][\/vc_row][vc_row][vc_column][vc_tta_tabs][vc_tta_section title=&#8221;Specifikationer&#8221; tab_id=&#8221;1615475851643-5a6dee1f-02f5&#8243;][vc_row_inner][vc_column_inner width=&#8221;1\/2&#8243;][vc_column_text]<\/p>\n<h5>Vem kan anv\u00e4nda Senso E-min<\/h5>\n<p>Refraktiv kirurgi \u00e4r ett kirurgiskt ingrepp f\u00f6r att korrigera eller f\u00f6rb\u00e4ttra din syn. Den mest utf\u00f6rda typen \u00e4r LASIK. Ibland, efter operationen, korrigeras inte synen helt. Senso E Min-linsen \u00e4r utformad f\u00f6r att passa den speciella inverterade formen p\u00e5 hornhinnan efter operationen f\u00f6r att korrigera den s\u00e5 kallade kvarvarande ametropin.[\/vc_column_text][\/vc_column_inner][vc_column_inner width=&#8221;1\/2&#8243;][vc_column_text]<\/p>\n<h5>Anv\u00e4ndningen<\/h5>\n<p>Senso E Min kan anv\u00e4ndas dagligen i upp till ett \u00e5r, varefter linserna m\u00e5ste bytas ut.<\/p>\n<p>Dessa skr\u00e4ddarsydda linser \u00e4r individuellt utformade baserat p\u00e5 resultaten fr\u00e5n din optiker.<\/p>\n<p><a href=\"https:\/\/enseyes.com\/docs\/Senso_E_min_EN.pdf\" target=\"_blank\" rel=\"noopener\">Ladda ner broschyren<\/a>[\/vc_column_text][\/vc_column_inner][\/vc_row_inner][\/vc_tta_section][vc_tta_section title=&#8221;Information&#8221; tab_id=&#8221;1615475851652-8c8a315b-7430&#8243;][vc_column_text]L\u00e4s igenom bruksanvisningen noggrant innan du anv\u00e4nder Senso E-min. Informationen tillhandah\u00e5lls av din kontaktlinsspecialist. Vill du ha mer information eller r\u00e5d? Kontakta oss p\u00e5 tel.+45 75 10 24 10<\/p>\n<p><a href=\"https:\/\/enseyes.com\/wp-content\/uploads\/2021\/03\/senso_emin.pdf\" target=\"_blank\" rel=\"noopener\">Du kan ladda ner anv\u00e4ndarhandboken h\u00e4r<\/a>[\/vc_column_text][vc_row_inner][vc_column_inner width=&#8221;1\/2&#8243;][vc_column_text]<iframe loading=\"lazy\" src=\"https:\/\/player.vimeo.com\/video\/311675718?autoplay=0\" width=\"400\" height=\"225\" frameborder=\"0\" allowfullscreen=\"allowfullscreen\"><\/iframe>[\/vc_column_text][vc_column_text]<\/p>\n<div class=\"wpb_text_column wpb_content_element \">\n<div class=\"wpb_wrapper\">\n<p><a href=\"mailto:?&amp;subject=Instruktionsvideo&amp;body=Se%20denne%20video%20https:\/\/player.vimeo.com\/video\/311675718\">Skicka video<\/a>\u00a0\u00a0\u00a0\u00a0 \u2013\u00a0\u00a0\u00a0\u00a0 <a href=\"https:\/\/player.vimeo.com\/video\/311675718?autoplay=1\" target=\"_blank\" rel=\"noopener\">Spela i stort format<\/a><\/p>\n<\/div>\n<\/div>\n<p>[\/vc_column_text][\/vc_column_inner][vc_column_inner width=&#8221;1\/2&#8243;][vc_column_text]<iframe loading=\"lazy\" src=\"https:\/\/player.vimeo.com\/video\/311675741?autoplay=0\" width=\"400\" height=\"225\" frameborder=\"0\" allowfullscreen=\"allowfullscreen\"><\/iframe>[\/vc_column_text][vc_column_text]<\/p>\n<div class=\"wpb_text_column wpb_content_element \">\n<div class=\"wpb_wrapper\">\n<p><a href=\"mailto:?&amp;subject=Instruktionsvideo&amp;body=Se%20denne%20video%20https:\/\/player.vimeo.com\/video\/311675741\" target=\"_blank\" rel=\"noopener\">Skicka video<\/a>\u00a0\u00a0\u00a0\u00a0 \u2013\u00a0\u00a0\u00a0\u00a0\u00a0 <a href=\"https:\/\/player.vimeo.com\/video\/311675741?autoplay=1\" target=\"_blank\" rel=\"noopener\">Spela i stort format<\/a><\/p>\n<\/div>\n<\/div>\n<p>[\/vc_column_text][\/vc_column_inner][\/vc_row_inner][\/vc_tta_section][vc_tta_section title=&#8221;kontaktlinsv\u00e4tska&#8221; tab_id=&#8221;1615477112592-3c6d45a2-ac84&#8243;][vc_column_text]Vi rekommenderar att du reng\u00f6r, desinficerar, lagrar och sk\u00f6ljer dina Senso E-min linser med Ever Clean och <a href=\"https:\/\/enseyes.com\/sv\/produkter\/linsvatska\/regard-k\/\">Regard K<\/a>[\/vc_column_text][\/vc_tta_section][vc_tta_section title=&#8221;Information f\u00f6r optiker&#8221; tab_id=&#8221;1615477288441-2f7ef8e5-bf39&#8243;][vc_row_inner][vc_column_inner width=&#8221;1\/2&#8243;][vc_column_text]<strong>Tillpassning<\/strong><br \/>\nLinsen ber\u00e4knas i ett speciellt anpassningsprogram som heter <a href=\"http:\/\/www.myprocornea.com\" target=\"_blank\" rel=\"noopener\">MyProcornea<\/a>. Programmet \u00e4r kompatibelt med alla topografer som handlas i Norden. Programmet \u00e4r gratis att anv\u00e4nda.<\/p>\n<p>\n<table id=\"tablepress-10\" class=\"tablepress tablepress-id-10\">\n<thead>\n<tr class=\"row-1\">\n\t<th class=\"column-1\">Parametre Senso E min:<\/th><td class=\"column-2\"><\/td><td class=\"column-3\"><\/td>\n<\/tr>\n<\/thead>\n<tbody class=\"row-striping row-hover\">\n<tr class=\"row-2\">\n\t<td class=\"column-1\">Radius (r0):<\/td><td class=\"column-2\">7.10 mm til 9.00 mm i 0.05 mm spring<\/td><td class=\"column-3\"><\/td>\n<\/tr>\n<tr class=\"row-3\">\n\t<td class=\"column-1\">Sf\u00e6risk styrke (F\u2019v):<\/td><td class=\"column-2\">+20.00 D til -20.00 D i 0.25 D spring<\/td><td class=\"column-3\"><\/td>\n<\/tr>\n<tr class=\"row-4\">\n\t<td class=\"column-1\">Exentricitet:<\/td><td class=\"column-2\">-0.20 til -0.40 i 0.10 spring<\/td><td class=\"column-3\"><\/td>\n<\/tr>\n<tr class=\"row-5\">\n\t<td class=\"column-1\">Diameter (\u00d8T):<\/td><td class=\"column-2\">9.60 mm \/ 9.90 mm \/ 10.20 mm \/ 10.50 mm \/ 10.80 mm<\/td><td class=\"column-3\"><\/td>\n<\/tr>\n<tr class=\"row-6\">\n\t<td class=\"column-1\">Teknisk information<\/td><td class=\"column-2\"><\/td><td class=\"column-3\"><\/td>\n<\/tr>\n<tr class=\"row-7\">\n\t<td class=\"column-1\">Mindste center tykkelse:<\/td><td class=\"column-2\">0.18 mm<\/td><td class=\"column-3\"><\/td>\n<\/tr>\n<tr class=\"row-8\">\n\t<td class=\"column-1\">Materialer:<\/td><td class=\"column-2\"><a href=\"https:\/\/enseyes.com\/materialer\/\">Alle tilg\u00e6ngelige RGP materialer<\/a><\/td><td class=\"column-3\"><\/td>\n<\/tr>\n<tr class=\"row-9\">\n\t<td class=\"column-1\">Base geometri:<\/td><td class=\"column-2\">Asf\u00e6risk<\/td><td class=\"column-3\"><\/td>\n<\/tr>\n<tr class=\"row-10\">\n\t<td class=\"column-1\">Front geometri:<\/td><td class=\"column-2\">Full optics AB-teknologi<\/td><td class=\"column-3\"><\/td>\n<\/tr>\n<tr class=\"row-11\">\n\t<td class=\"column-1\">Optisk Zone:<\/td><td class=\"column-2\">Hele linsens diameter \/ totaldiameter<\/td><td class=\"column-3\"><\/td>\n<\/tr>\n<tr class=\"row-12\">\n\t<td class=\"column-1\">Forpakning:<\/td><td class=\"column-2\">Blister<\/td><td class=\"column-3\"><\/td>\n<\/tr>\n<\/tbody>\n<\/table>\n<!-- #tablepress-10 from cache -->[\/vc_column_text][\/vc_column_inner][vc_column_inner width=&#8221;1\/2&#8243;][vc_single_image image=&#8221;47334&#8243; img_size=&#8221;medium&#8221; alignment=&#8221;right&#8221;][vc_single_image image=&#8221;47337&#8243; img_size=&#8221;medium&#8221; alignment=&#8221;right&#8221;][\/vc_column_inner][\/vc_row_inner][\/vc_tta_section][\/vc_tta_tabs][\/vc_column][\/vc_row]<\/p>\n<\/div>","protected":false},"excerpt":{"rendered":"<p>[vc_row][vc_column][vc_single_image image=&#8221;50283&#8243; img_size=&#8221;full&#8221;][\/vc_column][\/vc_row][vc_row][vc_column width=&#8221;1\/3&#8243;][vc_single_image image=&#8221;50287&#8243; img_size=&#8221;medium&#8221;][\/vc_column][vc_column width=&#8221;2\/3&#8243;][vc_column_text] SENSO E MIN Baksida med omv\u00e4nd geometri Bra l\u00f6sning efter lasikoperationer Perfekt optik Senso E minus \u00e4r avsedd f\u00f6r laserbehandlade \u00f6gon med mindre oregelbundenheter. Dess asf\u00e4riska baksida och speciella \u201dcomfort edge design\u201d garanterar<\/p>\n","protected":false},"author":237,"featured_media":0,"parent":3029,"menu_order":2,"comment_status":"closed","ping_status":"closed","template":"templates\/product-page.php","meta":{"_acf_changed":false,"footnotes":""},"class_list":["post-3035","page","type-page","status-publish","hentry"],"acf":[],"yoast_head":"<!-- This site is optimized with the Yoast SEO plugin v27.4 - https:\/\/yoast.com\/product\/yoast-seo-wordpress\/ -->\n<title>Senso E-min - EnsEyes<\/title>\n<meta name=\"robots\" content=\"index, follow, max-snippet:-1, max-image-preview:large, max-video-preview:-1\" \/>\n<link rel=\"canonical\" href=\"https:\/\/enseyes.com\/sv\/produkter\/medicinske-linser\/e-min\/\" \/>\n<meta property=\"og:locale\" content=\"sv_SE\" \/>\n<meta property=\"og:type\" content=\"article\" \/>\n<meta property=\"og:title\" content=\"Senso E-min - EnsEyes\" \/>\n<meta property=\"og:description\" content=\"[vc_row][vc_column][vc_single_image image=&#8221;50283&#8243; img_size=&#8221;full&#8221;][\/vc_column][\/vc_row][vc_row][vc_column width=&#8221;1\/3&#8243;][vc_single_image image=&#8221;50287&#8243; img_size=&#8221;medium&#8221;][\/vc_column][vc_column width=&#8221;2\/3&#8243;][vc_column_text] SENSO E MIN Baksida med omv\u00e4nd geometri Bra l\u00f6sning efter lasikoperationer Perfekt optik Senso E minus \u00e4r avsedd f\u00f6r laserbehandlade \u00f6gon med mindre oregelbundenheter. Dess asf\u00e4riska baksida och speciella \u201dcomfort edge design\u201d garanterar\" \/>\n<meta property=\"og:url\" content=\"https:\/\/enseyes.com\/sv\/produkter\/medicinske-linser\/e-min\/\" \/>\n<meta property=\"og:site_name\" content=\"EnsEyes\" \/>\n<meta property=\"article:modified_time\" content=\"2021-06-09T09:04:47+00:00\" \/>\n<meta name=\"twitter:card\" content=\"summary_large_image\" \/>\n<meta name=\"twitter:label1\" content=\"Ber\u00e4knad l\u00e4stid\" \/>\n\t<meta name=\"twitter:data1\" content=\"2 minuter\" \/>\n<script type=\"application\/ld+json\" class=\"yoast-schema-graph\">{\"@context\":\"https:\\\/\\\/schema.org\",\"@graph\":[{\"@type\":\"WebPage\",\"@id\":\"https:\\\/\\\/enseyes.com\\\/sv\\\/produkter\\\/medicinske-linser\\\/e-min\\\/\",\"url\":\"https:\\\/\\\/enseyes.com\\\/sv\\\/produkter\\\/medicinske-linser\\\/e-min\\\/\",\"name\":\"Senso E-min - EnsEyes\",\"isPartOf\":{\"@id\":\"https:\\\/\\\/enseyes.com\\\/sv\\\/#website\"},\"datePublished\":\"2016-05-18T09:37:42+00:00\",\"dateModified\":\"2021-06-09T09:04:47+00:00\",\"breadcrumb\":{\"@id\":\"https:\\\/\\\/enseyes.com\\\/sv\\\/produkter\\\/medicinske-linser\\\/e-min\\\/#breadcrumb\"},\"inLanguage\":\"sv-SE\",\"potentialAction\":[{\"@type\":\"ReadAction\",\"target\":[\"https:\\\/\\\/enseyes.com\\\/sv\\\/produkter\\\/medicinske-linser\\\/e-min\\\/\"]}]},{\"@type\":\"BreadcrumbList\",\"@id\":\"https:\\\/\\\/enseyes.com\\\/sv\\\/produkter\\\/medicinske-linser\\\/e-min\\\/#breadcrumb\",\"itemListElement\":[{\"@type\":\"ListItem\",\"position\":1,\"name\":\"Hjem\",\"item\":\"https:\\\/\\\/enseyes.com\\\/sv\\\/\"},{\"@type\":\"ListItem\",\"position\":2,\"name\":\"Produkter\",\"item\":\"https:\\\/\\\/enseyes.com\\\/sv\\\/produkter\\\/\"},{\"@type\":\"ListItem\",\"position\":3,\"name\":\"MEDICINSKA LINSER\",\"item\":\"https:\\\/\\\/enseyes.com\\\/sv\\\/produkter\\\/medicinske-linser\\\/\"},{\"@type\":\"ListItem\",\"position\":4,\"name\":\"Senso E-min\"}]},{\"@type\":\"WebSite\",\"@id\":\"https:\\\/\\\/enseyes.com\\\/sv\\\/#website\",\"url\":\"https:\\\/\\\/enseyes.com\\\/sv\\\/\",\"name\":\"EnsEyes\",\"description\":\"Cornea Care\",\"potentialAction\":[{\"@type\":\"SearchAction\",\"target\":{\"@type\":\"EntryPoint\",\"urlTemplate\":\"https:\\\/\\\/enseyes.com\\\/sv\\\/?s={search_term_string}\"},\"query-input\":{\"@type\":\"PropertyValueSpecification\",\"valueRequired\":true,\"valueName\":\"search_term_string\"}}],\"inLanguage\":\"sv-SE\"}]}<\/script>\n<!-- \/ Yoast SEO plugin. -->","yoast_head_json":{"title":"Senso E-min - EnsEyes","robots":{"index":"index","follow":"follow","max-snippet":"max-snippet:-1","max-image-preview":"max-image-preview:large","max-video-preview":"max-video-preview:-1"},"canonical":"https:\/\/enseyes.com\/sv\/produkter\/medicinske-linser\/e-min\/","og_locale":"sv_SE","og_type":"article","og_title":"Senso E-min - EnsEyes","og_description":"[vc_row][vc_column][vc_single_image image=&#8221;50283&#8243; img_size=&#8221;full&#8221;][\/vc_column][\/vc_row][vc_row][vc_column width=&#8221;1\/3&#8243;][vc_single_image image=&#8221;50287&#8243; img_size=&#8221;medium&#8221;][\/vc_column][vc_column width=&#8221;2\/3&#8243;][vc_column_text] SENSO E MIN Baksida med omv\u00e4nd geometri Bra l\u00f6sning efter lasikoperationer Perfekt optik Senso E minus \u00e4r avsedd f\u00f6r laserbehandlade \u00f6gon med mindre oregelbundenheter. Dess asf\u00e4riska baksida och speciella \u201dcomfort edge design\u201d garanterar","og_url":"https:\/\/enseyes.com\/sv\/produkter\/medicinske-linser\/e-min\/","og_site_name":"EnsEyes","article_modified_time":"2021-06-09T09:04:47+00:00","twitter_card":"summary_large_image","twitter_misc":{"Ber\u00e4knad l\u00e4stid":"2 minuter"},"schema":{"@context":"https:\/\/schema.org","@graph":[{"@type":"WebPage","@id":"https:\/\/enseyes.com\/sv\/produkter\/medicinske-linser\/e-min\/","url":"https:\/\/enseyes.com\/sv\/produkter\/medicinske-linser\/e-min\/","name":"Senso E-min - EnsEyes","isPartOf":{"@id":"https:\/\/enseyes.com\/sv\/#website"},"datePublished":"2016-05-18T09:37:42+00:00","dateModified":"2021-06-09T09:04:47+00:00","breadcrumb":{"@id":"https:\/\/enseyes.com\/sv\/produkter\/medicinske-linser\/e-min\/#breadcrumb"},"inLanguage":"sv-SE","potentialAction":[{"@type":"ReadAction","target":["https:\/\/enseyes.com\/sv\/produkter\/medicinske-linser\/e-min\/"]}]},{"@type":"BreadcrumbList","@id":"https:\/\/enseyes.com\/sv\/produkter\/medicinske-linser\/e-min\/#breadcrumb","itemListElement":[{"@type":"ListItem","position":1,"name":"Hjem","item":"https:\/\/enseyes.com\/sv\/"},{"@type":"ListItem","position":2,"name":"Produkter","item":"https:\/\/enseyes.com\/sv\/produkter\/"},{"@type":"ListItem","position":3,"name":"MEDICINSKA LINSER","item":"https:\/\/enseyes.com\/sv\/produkter\/medicinske-linser\/"},{"@type":"ListItem","position":4,"name":"Senso E-min"}]},{"@type":"WebSite","@id":"https:\/\/enseyes.com\/sv\/#website","url":"https:\/\/enseyes.com\/sv\/","name":"EnsEyes","description":"Cornea Care","potentialAction":[{"@type":"SearchAction","target":{"@type":"EntryPoint","urlTemplate":"https:\/\/enseyes.com\/sv\/?s={search_term_string}"},"query-input":{"@type":"PropertyValueSpecification","valueRequired":true,"valueName":"search_term_string"}}],"inLanguage":"sv-SE"}]}},"_links":{"self":[{"href":"https:\/\/enseyes.com\/sv\/wp-json\/wp\/v2\/pages\/3035","targetHints":{"allow":["GET"]}}],"collection":[{"href":"https:\/\/enseyes.com\/sv\/wp-json\/wp\/v2\/pages"}],"about":[{"href":"https:\/\/enseyes.com\/sv\/wp-json\/wp\/v2\/types\/page"}],"author":[{"embeddable":true,"href":"https:\/\/enseyes.com\/sv\/wp-json\/wp\/v2\/users\/237"}],"replies":[{"embeddable":true,"href":"https:\/\/enseyes.com\/sv\/wp-json\/wp\/v2\/comments?post=3035"}],"version-history":[{"count":0,"href":"https:\/\/enseyes.com\/sv\/wp-json\/wp\/v2\/pages\/3035\/revisions"}],"up":[{"embeddable":true,"href":"https:\/\/enseyes.com\/sv\/wp-json\/wp\/v2\/pages\/3029"}],"wp:attachment":[{"href":"https:\/\/enseyes.com\/sv\/wp-json\/wp\/v2\/media?parent=3035"}],"curies":[{"name":"wp","href":"https:\/\/api.w.org\/{rel}","templated":true}]}}