{"id":3044,"date":"2016-05-18T11:12:13","date_gmt":"2016-05-18T10:12:13","guid":{"rendered":"http:\/\/enseyes.com\/?page_id=3044&#038;lang=sv"},"modified":"2021-06-17T09:18:37","modified_gmt":"2021-06-17T08:18:37","slug":"mini-scleral","status":"publish","type":"page","link":"https:\/\/enseyes.com\/sv\/produkter\/medicinske-linser\/mini-scleral\/","title":{"rendered":"Senso Mini"},"content":{"rendered":"<div class=\"wpb-content-wrapper\"><p>[vc_row][vc_column][vc_single_image image=&#8221;51770&#8243; img_size=&#8221;full&#8221;][\/vc_column][\/vc_row][vc_row][vc_column width=&#8221;1\/3&#8243;][vc_single_image image=&#8221;51774&#8243; img_size=&#8221;medium&#8221;][\/vc_column][vc_column width=&#8221;2\/3&#8243;][vc_column_text]<\/p>\n<h5>SENSO MINI<\/h5>\n<ul>\n<li>L\u00f6sning f\u00f6r oregelbundna kornea<\/li>\n<li>Kristallklar synsk\u00e4rpa<\/li>\n<li>Optimal komfort<\/li>\n<\/ul>\n<p>Senso Miniskleral \u00e4r s\u00e4rskilt avsedd f\u00f6r m\u00e5ttlig till mycket oregelbundna kornea.<br \/>\nMed den h\u00e4r linsen vill vi undvika kornea och l\u00e5ta linsen vila enbart p\u00e5 sklera.[\/vc_column_text][\/vc_column][\/vc_row][vc_row][vc_column][vc_tta_tabs][vc_tta_section title=&#8221;Konsumentinformation&#8221; tab_id=&#8221;1615475851643-5a6dee1f-02f5&#8243;][vc_row_inner][vc_column_inner width=&#8221;1\/2&#8243;][vc_column_text]<\/p>\n<h5>Vem kan anv\u00e4nda Senso Mini<\/h5>\n<p>Senso Mini Scleral-linser \u00e4r speciellt utformade f\u00f6r (fr\u00e5n milda till sv\u00e5ra) oregelbundna hornhinnor. N\u00e4r hornhinnan \u00e4r f\u00f6rvr\u00e4ngd eller skadad ger traditionella kontaktlinser och glas\u00f6gon ofta inte den n\u00f6dv\u00e4ndiga synsk\u00e4rpan. En skleral kontaktlins \u00e4r st\u00f6rre \u00e4n en vanlig kontaktlins. Den \u00e4r fri fr\u00e5n hornhinna och vilar bara p\u00e5 sclera och skyddar d\u00e4rmed hornhinnan.[\/vc_column_text][\/vc_column_inner][vc_column_inner width=&#8221;1\/2&#8243;][vc_column_text]<\/p>\n<h5>Anv\u00e4ndningen<\/h5>\n<p>Senso Mini kan anv\u00e4ndas dagligen i upp till 12 m\u00e5nader, varefter linserna m\u00e5ste bytas ut.<br \/>\nDessa skr\u00e4ddarsydda linser skr\u00e4ddarsys utifr\u00e5n resultaten fr\u00e5n din <a href=\"https:\/\/enseyes.com\/sv\/soeg-optiker\/\">optiker<\/a>[\/vc_column_text][\/vc_column_inner][\/vc_row_inner][\/vc_tta_section][vc_tta_section title=&#8221;Instruktioner&#8221; tab_id=&#8221;1615475851652-8c8a315b-7430&#8243;][vc_column_text]<\/p>\n<div class=\"wpb_text_column wpb_content_element \">\n<div class=\"wpb_wrapper\">\n<p>L\u00e4s bruksanvisningen noga innan du b\u00f6rjar anv\u00e4nda Senso Mini. Informationen tillhandah\u00e5lls av din kontaktlinsspecialist. Vill du ha mer information eller r\u00e5d? Kontakta oss p\u00e5 tel. +45 75 10 24 10<\/p>\n<p><a href=\"https:\/\/enseyes.com\/docs\/Enseyes_Anno-1006%20MED%2B%20Brugsanvisning_SE_TRYK.pdf\" target=\"_blank\" rel=\"noopener\">Ladda ner manualen h\u00e4r<\/a><\/p>\n<\/div>\n<\/div>\n<p>[\/vc_column_text][vc_row_inner][vc_column_inner width=&#8221;1\/2&#8243;][vc_column_text]<iframe loading=\"lazy\" src=\"https:\/\/player.vimeo.com\/video\/311675767?autoplay=0\" width=\"400\" height=\"225\" frameborder=\"0\" allowfullscreen=\"allowfullscreen\"><\/iframe>[\/vc_column_text][vc_column_text]<\/p>\n<div class=\"wpb_text_column wpb_content_element \">\n<div class=\"wpb_wrapper\">\n<p><a href=\"mailto:?&amp;subject=Instruktionsvideo&amp;body=Titta%20p\u00e5%20den%20h\u00e4r%20videon%20https:\/\/player.vimeo.com\/video\/311675767\">Skicka video<\/a>\u00a0 \u00a0 \u00a0\u2013\u00a0 \u00a0 \u00a0<a href=\"https:\/\/player.vimeo.com\/video\/311675767?autoplay=0&quot; frameborder=&quot;0&quot; webkitallowfullscreen=&quot;&quot; mozallowfullscreen=&quot;&quot; allowfullscreen=\" target=\"_blank\" rel=\"noopener\">Titta i stort format<\/a><\/p>\n<\/div>\n<\/div>\n<p>[\/vc_column_text][\/vc_column_inner][vc_column_inner width=&#8221;1\/2&#8243;][vc_column_text]<iframe loading=\"lazy\" src=\"https:\/\/player.vimeo.com\/video\/311675810?autoplay=0\" width=\"400\" height=\"225\" frameborder=\"0\" allowfullscreen=\"allowfullscreen\"><\/iframe>[\/vc_column_text][vc_column_text]<\/p>\n<div class=\"wpb_text_column wpb_content_element \">\n<div class=\"wpb_wrapper\">\n<p><a href=\"mailto:?&amp;subject=Instruktionsvideo&amp;body=Titta%20p\u00e5%20den%20h\u00e4r%20videon%20https:\/\/player.vimeo.com\/video\/311675810\">Skicka video<\/a>\u00a0 \u00a0 \u00a0\u2013\u00a0 \u00a0 \u00a0<a href=\"https:\/\/player.vimeo.com\/video\/311675810?autoplay=0&quot; width=&quot;263&quot; height=&quot;148&quot; frameborder=&quot;0&quot; webkitallowfullscreen=&quot;&quot; mozallowfullscreen=&quot;&quot; allowfullscreen=\" target=\"_blank\" rel=\"noopener\">Titta i stort format<\/a><\/p>\n<\/div>\n<\/div>\n<p>[\/vc_column_text][\/vc_column_inner][\/vc_row_inner][\/vc_tta_section][vc_tta_section title=&#8221;kontaktlinsv\u00e4tska&#8221; tab_id=&#8221;1615477112592-3c6d45a2-ac84&#8243;][vc_column_text]Vi rekommenderar reng\u00f6ring, desinfektion, f\u00f6rvaring och sk\u00f6ljning av dina Senso Mini-kontaktlinser med Ever Clean och <a href=\"https:\/\/enseyes.com\/sv\/produkter\/linsvatska\/unidose-saline\/\">Unidose Saline<\/a>[\/vc_column_text][\/vc_tta_section][vc_tta_section title=&#8221;Information f\u00f6r optiker&#8221; tab_id=&#8221;1615477288441-2f7ef8e5-bf39&#8243;][vc_row_inner][vc_column_inner width=&#8221;2\/3&#8243;][vc_column_text]<strong>Tillpassning<\/strong><br \/>\nLinsens utformning ber\u00e4knas i ett s\u00e4rskilt tillpassningsprogram <a href=\"http:\/\/www.myprocornea.com\" target=\"_blank\" rel=\"noopener\">MyProcornea<\/a>, tillsammans med v\u00e5rt <a href=\"https:\/\/enseyes.com\/sv\/produkter\/proevesaet\/\">testset<\/a> p\u00e5 Senso Mini-linser. Programmet \u00e4r kompatibelt med alla topografer som handlas i Norden. Programmet \u00e4r gratis att anv\u00e4nda.[\/vc_column_text][vc_column_text]Scleral koder<br \/>\n<a href=\"https:\/\/enseyes.com\/wp-content\/uploads\/2021\/06\/senso_mini_koder.png\" target=\"_blank\" rel=\"noopener\"><img loading=\"lazy\" decoding=\"async\" class=\"alignnone wp-image-51787 size-medium\" src=\"https:\/\/enseyes.com\/wp-content\/uploads\/2021\/06\/senso_mini_koder-300x101.png\" alt=\"\" width=\"300\" height=\"101\" srcset=\"https:\/\/enseyes.com\/wp-content\/uploads\/2021\/06\/senso_mini_koder-300x101.png 300w, https:\/\/enseyes.com\/wp-content\/uploads\/2021\/06\/senso_mini_koder.png 735w\" sizes=\"auto, (max-width: 300px) 100vw, 300px\" \/><\/a><\/p>\n<p>\n<table id=\"tablepress-18\" class=\"tablepress tablepress-id-18\">\n<thead>\n<tr class=\"row-1\">\n\t<th class=\"column-1\">Parametre Mini:<\/th><td class=\"column-2\"><\/td><td class=\"column-3\"><\/td>\n<\/tr>\n<\/thead>\n<tbody class=\"row-striping row-hover\">\n<tr class=\"row-2\">\n\t<td class=\"column-1\">Radius (r0):<\/td><td class=\"column-2\">7.00 mm til 9.40 mm i 0.20 mm steps<\/td><td class=\"column-3\"><\/td>\n<\/tr>\n<tr class=\"row-3\">\n\t<td class=\"column-1\">Sf\u00e6risk styrke (F\u2019v):<\/td><td class=\"column-2\">+20.00 D til -25.00 D i 0.25 D steps<\/td><td class=\"column-3\"><\/td>\n<\/tr>\n<tr class=\"row-4\">\n\t<td class=\"column-1\">Sagital h\u00f8jde (SAG):<\/td><td class=\"column-2\">0.25 til 7.25 i 0.25  steps<\/td><td class=\"column-3\"><\/td>\n<\/tr>\n<tr class=\"row-5\">\n\t<td class=\"column-1\">Akse (Torisk):<\/td><td class=\"column-2\">0\u00b0 til 180\u00b0 pr 1\u00b0<\/td><td class=\"column-3\"><\/td>\n<\/tr>\n<tr class=\"row-6\">\n\t<td class=\"column-1\">Perifer faktor (PF):<\/td><td class=\"column-2\">+8 til -8 i 1 steps<\/td><td class=\"column-3\"><\/td>\n<\/tr>\n<tr class=\"row-7\">\n\t<td class=\"column-1\">Perifertorisk (PT):<\/td><td class=\"column-2\">1 til 6 i 1 steps<\/td><td class=\"column-3\"><\/td>\n<\/tr>\n<tr class=\"row-8\">\n\t<td class=\"column-1\">Bitorisk (BT)<\/td><td class=\"column-2\"><\/td><td class=\"column-3\"><\/td>\n<\/tr>\n<tr class=\"row-9\">\n\t<td class=\"column-1\">Cyl:<\/td><td class=\"column-2\">Frontcyl -0.50 D til -3.00 D i 0.25 D steps<\/td><td class=\"column-3\"><\/td>\n<\/tr>\n<tr class=\"row-10\">\n\t<td class=\"column-1\">Diameter (\u00d8T):<\/td><td class=\"column-2\">15.20 til 18.00 mm i 0.25 mm steps <\/td><td class=\"column-3\"><\/td>\n<\/tr>\n<tr class=\"row-11\">\n\t<td class=\"column-1\">Teknisk information<\/td><td class=\"column-2\"><\/td><td class=\"column-3\"><\/td>\n<\/tr>\n<tr class=\"row-12\">\n\t<td class=\"column-1\">Materiale:<\/td><td class=\"column-2\">Boston XO Klar eller isbl\u00e5 DK 100<\/td><td class=\"column-3\"><\/td>\n<\/tr>\n<tr class=\"row-13\">\n\t<td class=\"column-1\">Minimum central tykkelse:<\/td><td class=\"column-2\">0.25 mm<\/td><td class=\"column-3\"><\/td>\n<\/tr>\n<tr class=\"row-14\">\n\t<td class=\"column-1\">Bagflade geometri:<\/td><td class=\"column-2\">Asf\u00e6risk<\/td><td class=\"column-3\"><\/td>\n<\/tr>\n<tr class=\"row-15\">\n\t<td class=\"column-1\">Forflade geometri:<\/td><td class=\"column-2\">Fuld optisk AB Technology<\/td><td class=\"column-3\"><\/td>\n<\/tr>\n<tr class=\"row-16\">\n\t<td class=\"column-1\">Forpakning:<\/td><td class=\"column-2\">Blister<\/td><td class=\"column-3\"><\/td>\n<\/tr>\n<\/tbody>\n<\/table>\n<!-- #tablepress-18 from cache -->[\/vc_column_text][\/vc_column_inner][vc_column_inner width=&#8221;1\/3&#8243;][vc_single_image image=&#8221;51792&#8243; img_size=&#8221;200xauto&#8221; alignment=&#8221;right&#8221; onclick=&#8221;img_link_large&#8221; img_link_target=&#8221;_blank&#8221;][vc_column_text]<\/p>\n<p style=\"text-align: right;\">Ideal fit<\/p>\n<p>[\/vc_column_text][vc_single_image image=&#8221;51796&#8243; img_size=&#8221;200xauto&#8221; alignment=&#8221;right&#8221; onclick=&#8221;img_link_large&#8221; img_link_target=&#8221;_blank&#8221;][vc_single_image image=&#8221;51806&#8243; img_size=&#8221;200xauto&#8221; alignment=&#8221;right&#8221; onclick=&#8221;img_link_large&#8221; img_link_target=&#8221;_blank&#8221;][\/vc_column_inner][\/vc_row_inner][\/vc_tta_section][\/vc_tta_tabs][\/vc_column][\/vc_row]<\/p>\n<\/div>","protected":false},"excerpt":{"rendered":"<p>[vc_row][vc_column][vc_single_image image=&#8221;51770&#8243; img_size=&#8221;full&#8221;][\/vc_column][\/vc_row][vc_row][vc_column width=&#8221;1\/3&#8243;][vc_single_image image=&#8221;51774&#8243; img_size=&#8221;medium&#8221;][\/vc_column][vc_column width=&#8221;2\/3&#8243;][vc_column_text] SENSO MINI L\u00f6sning f\u00f6r oregelbundna kornea Kristallklar synsk\u00e4rpa Optimal komfort Senso Miniskleral \u00e4r s\u00e4rskilt avsedd f\u00f6r m\u00e5ttlig till mycket oregelbundna kornea. Med den h\u00e4r linsen vill vi undvika kornea och l\u00e5ta linsen vila<\/p>\n","protected":false},"author":237,"featured_media":0,"parent":3029,"menu_order":7,"comment_status":"closed","ping_status":"closed","template":"templates\/product-page.php","meta":{"_acf_changed":false,"footnotes":""},"class_list":["post-3044","page","type-page","status-publish","hentry"],"acf":[],"yoast_head":"<!-- This site is optimized with the Yoast SEO plugin v27.4 - https:\/\/yoast.com\/product\/yoast-seo-wordpress\/ -->\n<title>Senso Mini - EnsEyes<\/title>\n<meta name=\"robots\" content=\"index, follow, max-snippet:-1, max-image-preview:large, max-video-preview:-1\" \/>\n<link rel=\"canonical\" href=\"https:\/\/enseyes.com\/sv\/produkter\/medicinske-linser\/mini-scleral\/\" \/>\n<meta property=\"og:locale\" content=\"sv_SE\" \/>\n<meta property=\"og:type\" content=\"article\" \/>\n<meta property=\"og:title\" content=\"Senso Mini - EnsEyes\" \/>\n<meta property=\"og:description\" content=\"[vc_row][vc_column][vc_single_image image=&#8221;51770&#8243; img_size=&#8221;full&#8221;][\/vc_column][\/vc_row][vc_row][vc_column width=&#8221;1\/3&#8243;][vc_single_image image=&#8221;51774&#8243; img_size=&#8221;medium&#8221;][\/vc_column][vc_column width=&#8221;2\/3&#8243;][vc_column_text] SENSO MINI L\u00f6sning f\u00f6r oregelbundna kornea Kristallklar synsk\u00e4rpa Optimal komfort Senso Miniskleral \u00e4r s\u00e4rskilt avsedd f\u00f6r m\u00e5ttlig till mycket oregelbundna kornea. Med den h\u00e4r linsen vill vi undvika kornea och l\u00e5ta linsen vila\" \/>\n<meta property=\"og:url\" content=\"https:\/\/enseyes.com\/sv\/produkter\/medicinske-linser\/mini-scleral\/\" \/>\n<meta property=\"og:site_name\" content=\"EnsEyes\" \/>\n<meta property=\"article:modified_time\" content=\"2021-06-17T08:18:37+00:00\" \/>\n<meta property=\"og:image\" content=\"https:\/\/enseyes.com\/wp-content\/uploads\/2021\/06\/senso_mini_koder-300x101.png\" \/>\n<meta name=\"twitter:card\" content=\"summary_large_image\" \/>\n<meta name=\"twitter:label1\" content=\"Ber\u00e4knad l\u00e4stid\" \/>\n\t<meta name=\"twitter:data1\" content=\"2 minuter\" \/>\n<script type=\"application\/ld+json\" class=\"yoast-schema-graph\">{\"@context\":\"https:\\\/\\\/schema.org\",\"@graph\":[{\"@type\":\"WebPage\",\"@id\":\"https:\\\/\\\/enseyes.com\\\/sv\\\/produkter\\\/medicinske-linser\\\/mini-scleral\\\/\",\"url\":\"https:\\\/\\\/enseyes.com\\\/sv\\\/produkter\\\/medicinske-linser\\\/mini-scleral\\\/\",\"name\":\"Senso Mini - EnsEyes\",\"isPartOf\":{\"@id\":\"https:\\\/\\\/enseyes.com\\\/sv\\\/#website\"},\"primaryImageOfPage\":{\"@id\":\"https:\\\/\\\/enseyes.com\\\/sv\\\/produkter\\\/medicinske-linser\\\/mini-scleral\\\/#primaryimage\"},\"image\":{\"@id\":\"https:\\\/\\\/enseyes.com\\\/sv\\\/produkter\\\/medicinske-linser\\\/mini-scleral\\\/#primaryimage\"},\"thumbnailUrl\":\"https:\\\/\\\/enseyes.com\\\/wp-content\\\/uploads\\\/2021\\\/06\\\/senso_mini_koder-300x101.png\",\"datePublished\":\"2016-05-18T10:12:13+00:00\",\"dateModified\":\"2021-06-17T08:18:37+00:00\",\"breadcrumb\":{\"@id\":\"https:\\\/\\\/enseyes.com\\\/sv\\\/produkter\\\/medicinske-linser\\\/mini-scleral\\\/#breadcrumb\"},\"inLanguage\":\"sv-SE\",\"potentialAction\":[{\"@type\":\"ReadAction\",\"target\":[\"https:\\\/\\\/enseyes.com\\\/sv\\\/produkter\\\/medicinske-linser\\\/mini-scleral\\\/\"]}]},{\"@type\":\"ImageObject\",\"inLanguage\":\"sv-SE\",\"@id\":\"https:\\\/\\\/enseyes.com\\\/sv\\\/produkter\\\/medicinske-linser\\\/mini-scleral\\\/#primaryimage\",\"url\":\"https:\\\/\\\/enseyes.com\\\/wp-content\\\/uploads\\\/2021\\\/06\\\/senso_mini_koder-300x101.png\",\"contentUrl\":\"https:\\\/\\\/enseyes.com\\\/wp-content\\\/uploads\\\/2021\\\/06\\\/senso_mini_koder-300x101.png\"},{\"@type\":\"BreadcrumbList\",\"@id\":\"https:\\\/\\\/enseyes.com\\\/sv\\\/produkter\\\/medicinske-linser\\\/mini-scleral\\\/#breadcrumb\",\"itemListElement\":[{\"@type\":\"ListItem\",\"position\":1,\"name\":\"Hjem\",\"item\":\"https:\\\/\\\/enseyes.com\\\/sv\\\/\"},{\"@type\":\"ListItem\",\"position\":2,\"name\":\"Produkter\",\"item\":\"https:\\\/\\\/enseyes.com\\\/sv\\\/produkter\\\/\"},{\"@type\":\"ListItem\",\"position\":3,\"name\":\"MEDICINSKA LINSER\",\"item\":\"https:\\\/\\\/enseyes.com\\\/sv\\\/produkter\\\/medicinske-linser\\\/\"},{\"@type\":\"ListItem\",\"position\":4,\"name\":\"Senso Mini\"}]},{\"@type\":\"WebSite\",\"@id\":\"https:\\\/\\\/enseyes.com\\\/sv\\\/#website\",\"url\":\"https:\\\/\\\/enseyes.com\\\/sv\\\/\",\"name\":\"EnsEyes\",\"description\":\"Cornea Care\",\"potentialAction\":[{\"@type\":\"SearchAction\",\"target\":{\"@type\":\"EntryPoint\",\"urlTemplate\":\"https:\\\/\\\/enseyes.com\\\/sv\\\/?s={search_term_string}\"},\"query-input\":{\"@type\":\"PropertyValueSpecification\",\"valueRequired\":true,\"valueName\":\"search_term_string\"}}],\"inLanguage\":\"sv-SE\"}]}<\/script>\n<!-- \/ Yoast SEO plugin. -->","yoast_head_json":{"title":"Senso Mini - EnsEyes","robots":{"index":"index","follow":"follow","max-snippet":"max-snippet:-1","max-image-preview":"max-image-preview:large","max-video-preview":"max-video-preview:-1"},"canonical":"https:\/\/enseyes.com\/sv\/produkter\/medicinske-linser\/mini-scleral\/","og_locale":"sv_SE","og_type":"article","og_title":"Senso Mini - EnsEyes","og_description":"[vc_row][vc_column][vc_single_image image=&#8221;51770&#8243; img_size=&#8221;full&#8221;][\/vc_column][\/vc_row][vc_row][vc_column width=&#8221;1\/3&#8243;][vc_single_image image=&#8221;51774&#8243; img_size=&#8221;medium&#8221;][\/vc_column][vc_column width=&#8221;2\/3&#8243;][vc_column_text] SENSO MINI L\u00f6sning f\u00f6r oregelbundna kornea Kristallklar synsk\u00e4rpa Optimal komfort Senso Miniskleral \u00e4r s\u00e4rskilt avsedd f\u00f6r m\u00e5ttlig till mycket oregelbundna kornea. Med den h\u00e4r linsen vill vi undvika kornea och l\u00e5ta linsen vila","og_url":"https:\/\/enseyes.com\/sv\/produkter\/medicinske-linser\/mini-scleral\/","og_site_name":"EnsEyes","article_modified_time":"2021-06-17T08:18:37+00:00","og_image":[{"url":"https:\/\/enseyes.com\/wp-content\/uploads\/2021\/06\/senso_mini_koder-300x101.png","type":"","width":"","height":""}],"twitter_card":"summary_large_image","twitter_misc":{"Ber\u00e4knad l\u00e4stid":"2 minuter"},"schema":{"@context":"https:\/\/schema.org","@graph":[{"@type":"WebPage","@id":"https:\/\/enseyes.com\/sv\/produkter\/medicinske-linser\/mini-scleral\/","url":"https:\/\/enseyes.com\/sv\/produkter\/medicinske-linser\/mini-scleral\/","name":"Senso Mini - EnsEyes","isPartOf":{"@id":"https:\/\/enseyes.com\/sv\/#website"},"primaryImageOfPage":{"@id":"https:\/\/enseyes.com\/sv\/produkter\/medicinske-linser\/mini-scleral\/#primaryimage"},"image":{"@id":"https:\/\/enseyes.com\/sv\/produkter\/medicinske-linser\/mini-scleral\/#primaryimage"},"thumbnailUrl":"https:\/\/enseyes.com\/wp-content\/uploads\/2021\/06\/senso_mini_koder-300x101.png","datePublished":"2016-05-18T10:12:13+00:00","dateModified":"2021-06-17T08:18:37+00:00","breadcrumb":{"@id":"https:\/\/enseyes.com\/sv\/produkter\/medicinske-linser\/mini-scleral\/#breadcrumb"},"inLanguage":"sv-SE","potentialAction":[{"@type":"ReadAction","target":["https:\/\/enseyes.com\/sv\/produkter\/medicinske-linser\/mini-scleral\/"]}]},{"@type":"ImageObject","inLanguage":"sv-SE","@id":"https:\/\/enseyes.com\/sv\/produkter\/medicinske-linser\/mini-scleral\/#primaryimage","url":"https:\/\/enseyes.com\/wp-content\/uploads\/2021\/06\/senso_mini_koder-300x101.png","contentUrl":"https:\/\/enseyes.com\/wp-content\/uploads\/2021\/06\/senso_mini_koder-300x101.png"},{"@type":"BreadcrumbList","@id":"https:\/\/enseyes.com\/sv\/produkter\/medicinske-linser\/mini-scleral\/#breadcrumb","itemListElement":[{"@type":"ListItem","position":1,"name":"Hjem","item":"https:\/\/enseyes.com\/sv\/"},{"@type":"ListItem","position":2,"name":"Produkter","item":"https:\/\/enseyes.com\/sv\/produkter\/"},{"@type":"ListItem","position":3,"name":"MEDICINSKA LINSER","item":"https:\/\/enseyes.com\/sv\/produkter\/medicinske-linser\/"},{"@type":"ListItem","position":4,"name":"Senso Mini"}]},{"@type":"WebSite","@id":"https:\/\/enseyes.com\/sv\/#website","url":"https:\/\/enseyes.com\/sv\/","name":"EnsEyes","description":"Cornea Care","potentialAction":[{"@type":"SearchAction","target":{"@type":"EntryPoint","urlTemplate":"https:\/\/enseyes.com\/sv\/?s={search_term_string}"},"query-input":{"@type":"PropertyValueSpecification","valueRequired":true,"valueName":"search_term_string"}}],"inLanguage":"sv-SE"}]}},"_links":{"self":[{"href":"https:\/\/enseyes.com\/sv\/wp-json\/wp\/v2\/pages\/3044","targetHints":{"allow":["GET"]}}],"collection":[{"href":"https:\/\/enseyes.com\/sv\/wp-json\/wp\/v2\/pages"}],"about":[{"href":"https:\/\/enseyes.com\/sv\/wp-json\/wp\/v2\/types\/page"}],"author":[{"embeddable":true,"href":"https:\/\/enseyes.com\/sv\/wp-json\/wp\/v2\/users\/237"}],"replies":[{"embeddable":true,"href":"https:\/\/enseyes.com\/sv\/wp-json\/wp\/v2\/comments?post=3044"}],"version-history":[{"count":0,"href":"https:\/\/enseyes.com\/sv\/wp-json\/wp\/v2\/pages\/3044\/revisions"}],"up":[{"embeddable":true,"href":"https:\/\/enseyes.com\/sv\/wp-json\/wp\/v2\/pages\/3029"}],"wp:attachment":[{"href":"https:\/\/enseyes.com\/sv\/wp-json\/wp\/v2\/media?parent=3044"}],"curies":[{"name":"wp","href":"https:\/\/api.w.org\/{rel}","templated":true}]}}