{"id":3052,"date":"2016-05-18T11:23:52","date_gmt":"2016-05-18T10:23:52","guid":{"rendered":"http:\/\/enseyes.com\/?page_id=3052&#038;lang=sv"},"modified":"2021-12-14T16:13:14","modified_gmt":"2021-12-14T15:13:14","slug":"bloede-linser","status":"publish","type":"page","link":"https:\/\/enseyes.com\/sv\/produkter\/bloede-linser\/","title":{"rendered":"MJUKA LINSER"},"content":{"rendered":"<div class=\"wpb-content-wrapper\"><p>[vc_row][vc_column][vc_single_image image=&#8221;50112&#8243; img_size=&#8221;large&#8221;][\/vc_column][\/vc_row][vc_row][vc_column][vc_column_text]Om du har en aktiv livsstil och b\u00e4r glas\u00f6gon kan glas\u00f6gonen ibland vara besv\u00e4rliga. F\u00f6rs\u00f6k att f\u00f6rest\u00e4lla dig hur mycket frihet du kan f\u00e5 med kontaktlinser n\u00e4r du spelar sport. Det har aldrig varit l\u00e4ttare att anv\u00e4nda kontaktlinser, oavsett om du beh\u00f6ver anv\u00e4nda dem hela tiden eller bara ibland. Moderna kontaktlinser g\u00f6r det m\u00f6jligt f\u00f6r personer som inte tidigare kunde ha kontaktlinser att b\u00e4ra dem. S\u00e5 om du tycker att kontaktlinser \u00e4r besv\u00e4rliga, t\u00e4nk p\u00e5. Vi har ett stort urval av kontaktlinser, b\u00e5de en- och dygnslinser.[\/vc_column_text][\/vc_column][\/vc_row][vc_row][vc_column width=&#8221;1\/2&#8243;][vc_column_text]<\/p>\n<h3 style=\"text-align: center;\"><a href=\"https:\/\/enseyes.com\/sv\/produkter\/topografisk-tilpassede-linser\/ecco-soft-4-seasons-sihy\/\">Byo Premium<\/a><\/h3>\n<p><a href=\"https:\/\/enseyes.com\/sv\/produkter\/topografisk-tilpassede-linser\/ecco-soft-4-seasons-sihy\/\"><img loading=\"lazy\" decoding=\"async\" class=\"aligncenter wp-image-49840 size-medium\" src=\"https:\/\/enseyes.com\/wp-content\/uploads\/2021\/03\/byo_premium-300x195.jpg\" alt=\"\" width=\"300\" height=\"195\" srcset=\"https:\/\/enseyes.com\/wp-content\/uploads\/2021\/03\/byo_premium-300x195.jpg 300w, https:\/\/enseyes.com\/wp-content\/uploads\/2021\/03\/byo_premium.jpg 500w\" sizes=\"auto, (max-width: 300px) 100vw, 300px\" \/><\/a>[\/vc_column_text][\/vc_column][vc_column width=&#8221;1\/2&#8243;][vc_column_text]<\/p>\n<h3 style=\"text-align: center;\"><a href=\"https:\/\/enseyes.com\/sv\/produkter\/medicinske-linser\/ecco-soft-4-seasons-kxt\/\">Byo Premium KC<\/a><\/h3>\n<p><a href=\"https:\/\/enseyes.com\/sv\/produkter\/medicinske-linser\/ecco-soft-4-seasons-kxt\/\"><img loading=\"lazy\" decoding=\"async\" class=\"aligncenter wp-image-49905 size-medium\" src=\"https:\/\/enseyes.com\/wp-content\/uploads\/2021\/03\/byo_premium_kc-300x195.jpg\" alt=\"\" width=\"300\" height=\"195\" srcset=\"https:\/\/enseyes.com\/wp-content\/uploads\/2021\/03\/byo_premium_kc-300x195.jpg 300w, https:\/\/enseyes.com\/wp-content\/uploads\/2021\/03\/byo_premium_kc.jpg 500w\" sizes=\"auto, (max-width: 300px) 100vw, 300px\" \/><\/a>[\/vc_column_text][\/vc_column][\/vc_row][vc_row][vc_column width=&#8221;1\/2&#8243;][vc_column_text]<\/p>\n<h3 style=\"text-align: center;\"><a href=\"https:\/\/enseyes.com\/sv\/byo-premium-mc\/\">Byo Premium MC<\/a><\/h3>\n<p><a href=\"https:\/\/enseyes.com\/sv\/byo-premium-mc\/\"><img loading=\"lazy\" decoding=\"async\" class=\"aligncenter wp-image-50409 size-full\" src=\"https:\/\/enseyes.com\/wp-content\/uploads\/2021\/04\/byo_premium_mc-e1618389277236.jpeg\" alt=\"\" width=\"400\" height=\"260\" \/><\/a>[\/vc_column_text][\/vc_column][vc_column width=&#8221;1\/2&#8243;][\/vc_column][\/vc_row]<\/p>\n<\/div>","protected":false},"excerpt":{"rendered":"<p>[vc_row][vc_column][vc_single_image image=&#8221;50112&#8243; img_size=&#8221;large&#8221;][\/vc_column][\/vc_row][vc_row][vc_column][vc_column_text]Om du har en aktiv livsstil och b\u00e4r glas\u00f6gon kan glas\u00f6gonen ibland vara besv\u00e4rliga. F\u00f6rs\u00f6k att f\u00f6rest\u00e4lla dig hur mycket frihet du kan f\u00e5 med kontaktlinser n\u00e4r du spelar sport. Det har aldrig varit l\u00e4ttare att anv\u00e4nda kontaktlinser,<\/p>\n","protected":false},"author":237,"featured_media":0,"parent":3015,"menu_order":3,"comment_status":"closed","ping_status":"closed","template":"templates\/product-category.php","meta":{"_acf_changed":false,"footnotes":""},"class_list":["post-3052","page","type-page","status-publish","hentry"],"acf":[],"yoast_head":"<!-- This site is optimized with the Yoast SEO plugin v27.4 - https:\/\/yoast.com\/product\/yoast-seo-wordpress\/ -->\n<title>MJUKA LINSER - EnsEyes<\/title>\n<meta name=\"robots\" content=\"index, follow, max-snippet:-1, max-image-preview:large, max-video-preview:-1\" \/>\n<link rel=\"canonical\" href=\"https:\/\/enseyes.com\/sv\/produkter\/bloede-linser\/\" \/>\n<meta property=\"og:locale\" content=\"sv_SE\" \/>\n<meta property=\"og:type\" content=\"article\" \/>\n<meta property=\"og:title\" content=\"MJUKA LINSER - EnsEyes\" \/>\n<meta property=\"og:description\" content=\"[vc_row][vc_column][vc_single_image image=&#8221;50112&#8243; img_size=&#8221;large&#8221;][\/vc_column][\/vc_row][vc_row][vc_column][vc_column_text]Om du har en aktiv livsstil och b\u00e4r glas\u00f6gon kan glas\u00f6gonen ibland vara besv\u00e4rliga. F\u00f6rs\u00f6k att f\u00f6rest\u00e4lla dig hur mycket frihet du kan f\u00e5 med kontaktlinser n\u00e4r du spelar sport. Det har aldrig varit l\u00e4ttare att anv\u00e4nda kontaktlinser,\" \/>\n<meta property=\"og:url\" content=\"https:\/\/enseyes.com\/sv\/produkter\/bloede-linser\/\" \/>\n<meta property=\"og:site_name\" content=\"EnsEyes\" \/>\n<meta property=\"article:modified_time\" content=\"2021-12-14T15:13:14+00:00\" \/>\n<meta property=\"og:image\" content=\"https:\/\/enseyes.com\/wp-content\/uploads\/2021\/03\/byo_premium-300x195.jpg\" \/>\n<meta name=\"twitter:card\" content=\"summary_large_image\" \/>\n<meta name=\"twitter:label1\" content=\"Ber\u00e4knad l\u00e4stid\" \/>\n\t<meta name=\"twitter:data1\" content=\"2 minuter\" \/>\n<script type=\"application\/ld+json\" class=\"yoast-schema-graph\">{\"@context\":\"https:\\\/\\\/schema.org\",\"@graph\":[{\"@type\":\"WebPage\",\"@id\":\"https:\\\/\\\/enseyes.com\\\/sv\\\/produkter\\\/bloede-linser\\\/\",\"url\":\"https:\\\/\\\/enseyes.com\\\/sv\\\/produkter\\\/bloede-linser\\\/\",\"name\":\"MJUKA LINSER - EnsEyes\",\"isPartOf\":{\"@id\":\"https:\\\/\\\/enseyes.com\\\/sv\\\/#website\"},\"primaryImageOfPage\":{\"@id\":\"https:\\\/\\\/enseyes.com\\\/sv\\\/produkter\\\/bloede-linser\\\/#primaryimage\"},\"image\":{\"@id\":\"https:\\\/\\\/enseyes.com\\\/sv\\\/produkter\\\/bloede-linser\\\/#primaryimage\"},\"thumbnailUrl\":\"https:\\\/\\\/enseyes.com\\\/wp-content\\\/uploads\\\/2021\\\/03\\\/byo_premium-300x195.jpg\",\"datePublished\":\"2016-05-18T10:23:52+00:00\",\"dateModified\":\"2021-12-14T15:13:14+00:00\",\"breadcrumb\":{\"@id\":\"https:\\\/\\\/enseyes.com\\\/sv\\\/produkter\\\/bloede-linser\\\/#breadcrumb\"},\"inLanguage\":\"sv-SE\",\"potentialAction\":[{\"@type\":\"ReadAction\",\"target\":[\"https:\\\/\\\/enseyes.com\\\/sv\\\/produkter\\\/bloede-linser\\\/\"]}]},{\"@type\":\"ImageObject\",\"inLanguage\":\"sv-SE\",\"@id\":\"https:\\\/\\\/enseyes.com\\\/sv\\\/produkter\\\/bloede-linser\\\/#primaryimage\",\"url\":\"https:\\\/\\\/enseyes.com\\\/wp-content\\\/uploads\\\/2021\\\/03\\\/byo_premium-300x195.jpg\",\"contentUrl\":\"https:\\\/\\\/enseyes.com\\\/wp-content\\\/uploads\\\/2021\\\/03\\\/byo_premium-300x195.jpg\"},{\"@type\":\"BreadcrumbList\",\"@id\":\"https:\\\/\\\/enseyes.com\\\/sv\\\/produkter\\\/bloede-linser\\\/#breadcrumb\",\"itemListElement\":[{\"@type\":\"ListItem\",\"position\":1,\"name\":\"Hjem\",\"item\":\"https:\\\/\\\/enseyes.com\\\/sv\\\/\"},{\"@type\":\"ListItem\",\"position\":2,\"name\":\"Produkter\",\"item\":\"https:\\\/\\\/enseyes.com\\\/sv\\\/produkter\\\/\"},{\"@type\":\"ListItem\",\"position\":3,\"name\":\"MJUKA LINSER\"}]},{\"@type\":\"WebSite\",\"@id\":\"https:\\\/\\\/enseyes.com\\\/sv\\\/#website\",\"url\":\"https:\\\/\\\/enseyes.com\\\/sv\\\/\",\"name\":\"EnsEyes\",\"description\":\"Cornea Care\",\"potentialAction\":[{\"@type\":\"SearchAction\",\"target\":{\"@type\":\"EntryPoint\",\"urlTemplate\":\"https:\\\/\\\/enseyes.com\\\/sv\\\/?s={search_term_string}\"},\"query-input\":{\"@type\":\"PropertyValueSpecification\",\"valueRequired\":true,\"valueName\":\"search_term_string\"}}],\"inLanguage\":\"sv-SE\"}]}<\/script>\n<!-- \/ Yoast SEO plugin. -->","yoast_head_json":{"title":"MJUKA LINSER - EnsEyes","robots":{"index":"index","follow":"follow","max-snippet":"max-snippet:-1","max-image-preview":"max-image-preview:large","max-video-preview":"max-video-preview:-1"},"canonical":"https:\/\/enseyes.com\/sv\/produkter\/bloede-linser\/","og_locale":"sv_SE","og_type":"article","og_title":"MJUKA LINSER - EnsEyes","og_description":"[vc_row][vc_column][vc_single_image image=&#8221;50112&#8243; img_size=&#8221;large&#8221;][\/vc_column][\/vc_row][vc_row][vc_column][vc_column_text]Om du har en aktiv livsstil och b\u00e4r glas\u00f6gon kan glas\u00f6gonen ibland vara besv\u00e4rliga. F\u00f6rs\u00f6k att f\u00f6rest\u00e4lla dig hur mycket frihet du kan f\u00e5 med kontaktlinser n\u00e4r du spelar sport. Det har aldrig varit l\u00e4ttare att anv\u00e4nda kontaktlinser,","og_url":"https:\/\/enseyes.com\/sv\/produkter\/bloede-linser\/","og_site_name":"EnsEyes","article_modified_time":"2021-12-14T15:13:14+00:00","og_image":[{"url":"https:\/\/enseyes.com\/wp-content\/uploads\/2021\/03\/byo_premium-300x195.jpg","type":"","width":"","height":""}],"twitter_card":"summary_large_image","twitter_misc":{"Ber\u00e4knad l\u00e4stid":"2 minuter"},"schema":{"@context":"https:\/\/schema.org","@graph":[{"@type":"WebPage","@id":"https:\/\/enseyes.com\/sv\/produkter\/bloede-linser\/","url":"https:\/\/enseyes.com\/sv\/produkter\/bloede-linser\/","name":"MJUKA LINSER - EnsEyes","isPartOf":{"@id":"https:\/\/enseyes.com\/sv\/#website"},"primaryImageOfPage":{"@id":"https:\/\/enseyes.com\/sv\/produkter\/bloede-linser\/#primaryimage"},"image":{"@id":"https:\/\/enseyes.com\/sv\/produkter\/bloede-linser\/#primaryimage"},"thumbnailUrl":"https:\/\/enseyes.com\/wp-content\/uploads\/2021\/03\/byo_premium-300x195.jpg","datePublished":"2016-05-18T10:23:52+00:00","dateModified":"2021-12-14T15:13:14+00:00","breadcrumb":{"@id":"https:\/\/enseyes.com\/sv\/produkter\/bloede-linser\/#breadcrumb"},"inLanguage":"sv-SE","potentialAction":[{"@type":"ReadAction","target":["https:\/\/enseyes.com\/sv\/produkter\/bloede-linser\/"]}]},{"@type":"ImageObject","inLanguage":"sv-SE","@id":"https:\/\/enseyes.com\/sv\/produkter\/bloede-linser\/#primaryimage","url":"https:\/\/enseyes.com\/wp-content\/uploads\/2021\/03\/byo_premium-300x195.jpg","contentUrl":"https:\/\/enseyes.com\/wp-content\/uploads\/2021\/03\/byo_premium-300x195.jpg"},{"@type":"BreadcrumbList","@id":"https:\/\/enseyes.com\/sv\/produkter\/bloede-linser\/#breadcrumb","itemListElement":[{"@type":"ListItem","position":1,"name":"Hjem","item":"https:\/\/enseyes.com\/sv\/"},{"@type":"ListItem","position":2,"name":"Produkter","item":"https:\/\/enseyes.com\/sv\/produkter\/"},{"@type":"ListItem","position":3,"name":"MJUKA LINSER"}]},{"@type":"WebSite","@id":"https:\/\/enseyes.com\/sv\/#website","url":"https:\/\/enseyes.com\/sv\/","name":"EnsEyes","description":"Cornea Care","potentialAction":[{"@type":"SearchAction","target":{"@type":"EntryPoint","urlTemplate":"https:\/\/enseyes.com\/sv\/?s={search_term_string}"},"query-input":{"@type":"PropertyValueSpecification","valueRequired":true,"valueName":"search_term_string"}}],"inLanguage":"sv-SE"}]}},"_links":{"self":[{"href":"https:\/\/enseyes.com\/sv\/wp-json\/wp\/v2\/pages\/3052","targetHints":{"allow":["GET"]}}],"collection":[{"href":"https:\/\/enseyes.com\/sv\/wp-json\/wp\/v2\/pages"}],"about":[{"href":"https:\/\/enseyes.com\/sv\/wp-json\/wp\/v2\/types\/page"}],"author":[{"embeddable":true,"href":"https:\/\/enseyes.com\/sv\/wp-json\/wp\/v2\/users\/237"}],"replies":[{"embeddable":true,"href":"https:\/\/enseyes.com\/sv\/wp-json\/wp\/v2\/comments?post=3052"}],"version-history":[{"count":0,"href":"https:\/\/enseyes.com\/sv\/wp-json\/wp\/v2\/pages\/3052\/revisions"}],"up":[{"embeddable":true,"href":"https:\/\/enseyes.com\/sv\/wp-json\/wp\/v2\/pages\/3015"}],"wp:attachment":[{"href":"https:\/\/enseyes.com\/sv\/wp-json\/wp\/v2\/media?parent=3052"}],"curies":[{"name":"wp","href":"https:\/\/api.w.org\/{rel}","templated":true}]}}