{"id":3062,"date":"2016-05-18T11:42:33","date_gmt":"2016-05-18T10:42:33","guid":{"rendered":"http:\/\/enseyes.com\/?page_id=3062&#038;lang=sv"},"modified":"2021-06-14T13:44:16","modified_gmt":"2021-06-14T12:44:16","slug":"ecco-soft-4-seasons-sihy","status":"publish","type":"page","link":"https:\/\/enseyes.com\/sv\/produkter\/topografisk-tilpassede-linser\/ecco-soft-4-seasons-sihy\/","title":{"rendered":"Byo Premium"},"content":{"rendered":"<div class=\"wpb-content-wrapper\"><p>[vc_row][vc_column][vc_single_image image=&#8221;49854&#8243; img_size=&#8221;full&#8221;][\/vc_column][\/vc_row][vc_row][vc_column width=&#8221;1\/3&#8243;][vc_single_image image=&#8221;49840&#8243; img_size=&#8221;medium&#8221;][\/vc_column][vc_column width=&#8221;2\/3&#8243;][vc_column_text]<\/p>\n<h5>BYO PREMIUM<\/h5>\n<ul>\n<li>Perfekt passform<\/li>\n<li>Optimal syrepermeabilitet<\/li>\n<li>L\u00e4mplig f\u00f6r st\u00f6rre korrigeringar<\/li>\n<\/ul>\n<p>Njut av dagen med kontaktlinser, oavsett hur l\u00e5nga de \u00e4r. BYO Premium \u00e4r utformad f\u00f6r dem som vill ha optimal syn och komfort.<br \/>\nM\u00f6jligheterna \u00e4r obegr\u00e4nsade i sf\u00e4risk, torisk och multifokal design. Den b\u00e4sta matchningen f\u00f6r dina \u00f6gon.[\/vc_column_text][\/vc_column][\/vc_row][vc_row][vc_column][vc_tta_tabs][vc_tta_section title=&#8221;Specifikationer&#8221; tab_id=&#8221;1615475851643-5a6dee1f-02f5&#8243;][vc_row_inner][vc_column_inner width=&#8221;1\/2&#8243;][vc_column_text]<\/p>\n<h5>Vem kan anv\u00e4nda BYO Premium<\/h5>\n<p>Byter du ofta glas\u00f6gon i slutet av dagen? Irriterar dina \u00f6gon i en torr milj\u00f6? BYO Premium skr\u00e4ddarsydda mjuka kontaktlinser \u00e4r det r\u00e4tta valet f\u00f6r dem som regelbundet lider av \u00f6gonirritation. BYO Premium \u00e4r ocks\u00e5 l\u00e4mplig f\u00f6r h\u00f6gre korrigeringar.<\/p>\n<h5>Anv\u00e4ndningen<\/h5>\n<p>BYO Premium-kontaktlins kan anv\u00e4ndas i upp till tre m\u00e5nader.[\/vc_column_text][\/vc_column_inner][vc_column_inner width=&#8221;1\/2&#8243;][vc_column_text]<\/p>\n<h5>Silicone Hydrogel<\/h5>\n<p>Silikone hydrogel materialet garanterar utm\u00e4rkt syre- och t\u00e5rpermeabilitet. Detta h\u00e5ller dina \u00f6gon friska och g\u00f6r kontaktlinsen extra bekv\u00e4m att b\u00e4ra.<\/p>\n<h5>Fler alternativ<\/h5>\n<p>BYO Premium \u00e4r skr\u00e4ddarsydd och kan best\u00e4llas i m\u00e5nga varianter som multifokal, torisk, sf\u00e4risk och torisk multifokal. Fr\u00e5ga din optiker om alternativen.[\/vc_column_text][\/vc_column_inner][\/vc_row_inner][\/vc_tta_section][vc_tta_section title=&#8221;Information&#8221; tab_id=&#8221;1615475851652-8c8a315b-7430&#8243;][vc_column_text]L\u00e4s bruksanvisningen noga innan du b\u00f6rjar anv\u00e4nda BYO Premium. Informationen tillhandah\u00e5lls av din kontaktlinsspecialist. Vill du ha mer information eller r\u00e5d? Kontakta oss p\u00e5 tel. +45 75 10 24 10<\/p>\n<p><a href=\"https:\/\/enseyes.com\/wp-content\/uploads\/2021\/03\/byo_premium.pdf\" target=\"_blank\" rel=\"noopener\">Ladda ner manualen h\u00e4r<\/a>[\/vc_column_text][vc_row_inner][vc_column_inner width=&#8221;1\/2&#8243;][vc_video link=&#8221;https:\/\/player.vimeo.com\/video\/311675660&#8243;][vc_column_text]<a href=\"mailto:?&amp;subject=Instruktionsvideo&amp;body=Titta%20p%C3%A5%20den%20h%C3%A4r%20videon%20https:\/\/player.vimeo.com\/video\/311675660\">Skicka video<\/a>\u00a0 \u00a0 \u00a0\u2013\u00a0 \u00a0 \u00a0<a href=\"https:\/\/player.vimeo.com\/video\/311675660?autoplay=0%22%20frameborder=%220%22%20webkitallowfullscreen=%22%22%20mozallowfullscreen=%22%22%20allowfullscreen=\" target=\"_blank\" rel=\"noopener\">Titta i stort format<\/a>[\/vc_column_text][\/vc_column_inner][vc_column_inner width=&#8221;1\/2&#8243;][vc_video link=&#8221;https:\/\/player.vimeo.com\/video\/311675698&#8243;][vc_column_text]<a href=\"mailto:?&amp;subject=Instruktionsvideo&amp;body=Titta%20p%C3%A5%20den%20h%C3%A4r%20videon%20https:\/\/player.vimeo.com\/video\/311675698\">Skicka video<\/a>\u00a0 \u00a0 \u00a0\u2013\u00a0 \u00a0 \u00a0<a href=\"https:\/\/player.vimeo.com\/video\/311675698?autoplay=0%22%20frameborder=%220%22%20webkitallowfullscreen=%22%22%20mozallowfullscreen=%22%22%20allowfullscreen=\" target=\"_blank\" rel=\"noopener\">Titta i stort format<\/a>[\/vc_column_text][\/vc_column_inner][\/vc_row_inner][\/vc_tta_section][vc_tta_section title=&#8221;kontaktlinsv\u00e4tska&#8221; tab_id=&#8221;1615477112592-3c6d45a2-ac84&#8243;][vc_column_text]Vi rekommenderar reng\u00f6ring, desinficering, f\u00f6rvaring, sk\u00f6ljning och anv\u00e4ndning av dina BYO Premium-kontaktlinser med obehandlad kontaktlinsv\u00e4tska som Ever Clean och\u00a0<a href=\"https:\/\/enseyes.com\/sv\/produkter\/linsvatska\/unidose-saline\/\">Unidose saline<\/a> eller <a href=\"https:\/\/enseyes.com\/sv\/produkter\/linsvatska\/regard\/\">Regard<\/a>[\/vc_column_text][\/vc_tta_section][vc_tta_section title=&#8221;Information f\u00f6r optiker&#8221; tab_id=&#8221;1615477288441-2f7ef8e5-bf39&#8243;][vc_row_inner][vc_column_inner][vc_column_text]\n<table id=\"tablepress-1\" class=\"tablepress tablepress-id-1\">\n<thead>\n<tr class=\"row-1\">\n\t<th class=\"column-1\">Parametre BYO Premium og BYO Premium Torisk:<\/th><td class=\"column-2\"><\/td><td class=\"column-3\"><\/td>\n<\/tr>\n<\/thead>\n<tbody class=\"row-striping row-hover\">\n<tr class=\"row-2\">\n\t<td class=\"column-1\">Radius (r0):<\/td><td class=\"column-2\">7.50 mm til 9.80 mm i 0.10 mm spring<\/td><td class=\"column-3\"><\/td>\n<\/tr>\n<tr class=\"row-3\">\n\t<td class=\"column-1\">Sf\u00e6risk styrke (F\u2019v):<\/td><td class=\"column-2\">+25.00 D til -25.00 D i 0.25 D spring<\/td><td class=\"column-3\"><\/td>\n<\/tr>\n<tr class=\"row-4\">\n\t<td class=\"column-1\">Cylinder (Torisk):<\/td><td class=\"column-2\">-0.75 D til -6.00 D i 0.25 D spring<\/td><td class=\"column-3\"><\/td>\n<\/tr>\n<tr class=\"row-5\">\n\t<td class=\"column-1\">Akse (Torisk):<\/td><td class=\"column-2\">0\u00b0 til 180\u00b0 i  1\u00b0 spring<\/td><td class=\"column-3\"><\/td>\n<\/tr>\n<tr class=\"row-6\">\n\t<td class=\"column-1\">Diameter (\u00d8T)*:<\/td><td class=\"column-2\">13.50 mm til 15.00 mm i 0.10 mm spring<\/td><td class=\"column-3\"><\/td>\n<\/tr>\n<tr class=\"row-7\">\n\t<td class=\"column-1\">*Standard 14.00 mm. Special parametre p\u00e5 foresp\u00f8rgsel.<\/td><td class=\"column-2\"><\/td><td class=\"column-3\"><\/td>\n<\/tr>\n<tr class=\"row-8\">\n\t<td class=\"column-1\">L\u00e6sefelts addition:<\/td><td class=\"column-2\">+0.75 D til +3.00 D i 0.25 D spring<\/td><td class=\"column-3\"><\/td>\n<\/tr>\n<tr class=\"row-9\">\n\t<td class=\"column-1\">Teknisk information<\/td><td class=\"column-2\"><\/td><td class=\"column-3\"><\/td>\n<\/tr>\n<tr class=\"row-10\">\n\t<td class=\"column-1\">Materiale:<\/td><td class=\"column-2\">Ultima silicone hydrogel*<\/td><td class=\"column-3\">GM3<\/td>\n<\/tr>\n<tr class=\"row-11\">\n\t<td class=\"column-1\">Vand indhold:<\/td><td class=\"column-2\">48%<\/td><td class=\"column-3\">58%<\/td>\n<\/tr>\n<tr class=\"row-12\">\n\t<td class=\"column-1\">Dk\/t:<\/td><td class=\"column-2\">71 (-3.00 D)<\/td><td class=\"column-3\">27 (-3.00 D)<\/td>\n<\/tr>\n<tr class=\"row-13\">\n\t<td class=\"column-1\">Modulus:<\/td><td class=\"column-2\">0.62 Mpa<\/td><td class=\"column-3\">0.16 Mpa<\/td>\n<\/tr>\n<tr class=\"row-14\">\n\t<td class=\"column-1\">UV filter:<\/td><td class=\"column-2\">Ja<\/td><td class=\"column-3\">Ja<\/td>\n<\/tr>\n<tr class=\"row-15\">\n\t<td class=\"column-1\">Handling:<\/td><td class=\"column-2\">Nej<\/td><td class=\"column-3\">Klar\/bl\u00e5<br \/>\n<\/td>\n<\/tr>\n<tr class=\"row-16\">\n\t<td class=\"column-1\">Central middel tykkelse:<\/td><td class=\"column-2\">0.30 mm (-3.00 D)<\/td><td class=\"column-3\">0.10 mm (-3.00 D)<\/td>\n<\/tr>\n<tr class=\"row-17\">\n\t<td class=\"column-1\">Markering Toriske:<\/td><td class=\"column-2\">2 markeringer kl. 3 og 9<\/td><td class=\"column-3\">2 markeringer kl. 3 og 9<\/td>\n<\/tr>\n<tr class=\"row-18\">\n\t<td class=\"column-1\">Gravering:<\/td><td class=\"column-2\">LOT nummer og  Procornea logo<br \/>\n<\/td><td class=\"column-3\">LOT nummer og  Procornea logo<\/td>\n<\/tr>\n<tr class=\"row-19\">\n\t<td class=\"column-1\">Applikation:<\/td><td class=\"column-2\">Dagsbrug<\/td><td class=\"column-3\">Dagsbrug<\/td>\n<\/tr>\n<tr class=\"row-20\">\n\t<td class=\"column-1\">Forpakning:<\/td><td class=\"column-2\">Blister<\/td><td class=\"column-3\">Blister<\/td>\n<\/tr>\n<tr class=\"row-21\">\n\t<td class=\"column-1\"><\/td><td class=\"column-2\">Standart materiale<\/td><td class=\"column-3\"><\/td>\n<\/tr>\n<\/tbody>\n<\/table>\n<!-- #tablepress-1 from cache --><\/p>\n<p><a href=\"https:\/\/enseyes.com\/wp-content\/uploads\/2021\/03\/Byo-premium.pdf\" target=\"_blank\" rel=\"noopener\">Download datablad<\/a>[\/vc_column_text][\/vc_column_inner][\/vc_row_inner][\/vc_tta_section][\/vc_tta_tabs][\/vc_column][\/vc_row][vc_row][vc_column][vc_video link=&#8221;https:\/\/vimeo.com\/534444861&#8243; align=&#8221;center&#8221;][\/vc_column][\/vc_row]<\/p>\n<\/div>","protected":false},"excerpt":{"rendered":"<p>[vc_row][vc_column][vc_single_image image=&#8221;49854&#8243; img_size=&#8221;full&#8221;][\/vc_column][\/vc_row][vc_row][vc_column width=&#8221;1\/3&#8243;][vc_single_image image=&#8221;49840&#8243; img_size=&#8221;medium&#8221;][\/vc_column][vc_column width=&#8221;2\/3&#8243;][vc_column_text] BYO PREMIUM Perfekt passform Optimal syrepermeabilitet L\u00e4mplig f\u00f6r st\u00f6rre korrigeringar Njut av dagen med kontaktlinser, oavsett hur l\u00e5nga de \u00e4r. BYO Premium \u00e4r utformad f\u00f6r dem som vill ha optimal syn och komfort.<\/p>\n","protected":false},"author":237,"featured_media":0,"parent":3017,"menu_order":4,"comment_status":"closed","ping_status":"closed","template":"templates\/product-page.php","meta":{"_acf_changed":false,"footnotes":""},"class_list":["post-3062","page","type-page","status-publish","hentry"],"acf":[],"yoast_head":"<!-- This site is optimized with the Yoast SEO plugin v27.4 - https:\/\/yoast.com\/product\/yoast-seo-wordpress\/ -->\n<title>Byo Premium - EnsEyes<\/title>\n<meta name=\"robots\" content=\"index, follow, max-snippet:-1, max-image-preview:large, max-video-preview:-1\" \/>\n<link rel=\"canonical\" href=\"https:\/\/enseyes.com\/sv\/produkter\/topografisk-tilpassede-linser\/ecco-soft-4-seasons-sihy\/\" \/>\n<meta property=\"og:locale\" content=\"sv_SE\" \/>\n<meta property=\"og:type\" content=\"article\" \/>\n<meta property=\"og:title\" content=\"Byo Premium - EnsEyes\" \/>\n<meta property=\"og:description\" content=\"[vc_row][vc_column][vc_single_image image=&#8221;49854&#8243; img_size=&#8221;full&#8221;][\/vc_column][\/vc_row][vc_row][vc_column width=&#8221;1\/3&#8243;][vc_single_image image=&#8221;49840&#8243; img_size=&#8221;medium&#8221;][\/vc_column][vc_column width=&#8221;2\/3&#8243;][vc_column_text] BYO PREMIUM Perfekt passform Optimal syrepermeabilitet L\u00e4mplig f\u00f6r st\u00f6rre korrigeringar Njut av dagen med kontaktlinser, oavsett hur l\u00e5nga de \u00e4r. BYO Premium \u00e4r utformad f\u00f6r dem som vill ha optimal syn och komfort.\" \/>\n<meta property=\"og:url\" content=\"https:\/\/enseyes.com\/sv\/produkter\/topografisk-tilpassede-linser\/ecco-soft-4-seasons-sihy\/\" \/>\n<meta property=\"og:site_name\" content=\"EnsEyes\" \/>\n<meta property=\"article:modified_time\" content=\"2021-06-14T12:44:16+00:00\" \/>\n<meta name=\"twitter:card\" content=\"summary_large_image\" \/>\n<meta name=\"twitter:label1\" content=\"Ber\u00e4knad l\u00e4stid\" \/>\n\t<meta name=\"twitter:data1\" content=\"2 minuter\" \/>\n<script type=\"application\/ld+json\" class=\"yoast-schema-graph\">{\"@context\":\"https:\\\/\\\/schema.org\",\"@graph\":[{\"@type\":\"WebPage\",\"@id\":\"https:\\\/\\\/enseyes.com\\\/sv\\\/produkter\\\/topografisk-tilpassede-linser\\\/ecco-soft-4-seasons-sihy\\\/\",\"url\":\"https:\\\/\\\/enseyes.com\\\/sv\\\/produkter\\\/topografisk-tilpassede-linser\\\/ecco-soft-4-seasons-sihy\\\/\",\"name\":\"Byo Premium - EnsEyes\",\"isPartOf\":{\"@id\":\"https:\\\/\\\/enseyes.com\\\/sv\\\/#website\"},\"datePublished\":\"2016-05-18T10:42:33+00:00\",\"dateModified\":\"2021-06-14T12:44:16+00:00\",\"breadcrumb\":{\"@id\":\"https:\\\/\\\/enseyes.com\\\/sv\\\/produkter\\\/topografisk-tilpassede-linser\\\/ecco-soft-4-seasons-sihy\\\/#breadcrumb\"},\"inLanguage\":\"sv-SE\",\"potentialAction\":[{\"@type\":\"ReadAction\",\"target\":[\"https:\\\/\\\/enseyes.com\\\/sv\\\/produkter\\\/topografisk-tilpassede-linser\\\/ecco-soft-4-seasons-sihy\\\/\"]}]},{\"@type\":\"BreadcrumbList\",\"@id\":\"https:\\\/\\\/enseyes.com\\\/sv\\\/produkter\\\/topografisk-tilpassede-linser\\\/ecco-soft-4-seasons-sihy\\\/#breadcrumb\",\"itemListElement\":[{\"@type\":\"ListItem\",\"position\":1,\"name\":\"Hjem\",\"item\":\"https:\\\/\\\/enseyes.com\\\/sv\\\/\"},{\"@type\":\"ListItem\",\"position\":2,\"name\":\"Produkter\",\"item\":\"https:\\\/\\\/enseyes.com\\\/sv\\\/produkter\\\/\"},{\"@type\":\"ListItem\",\"position\":3,\"name\":\"TOPOGRAFITILLPASSADE LINSER\",\"item\":\"https:\\\/\\\/enseyes.com\\\/sv\\\/produkter\\\/topografisk-tilpassede-linser\\\/\"},{\"@type\":\"ListItem\",\"position\":4,\"name\":\"Byo Premium\"}]},{\"@type\":\"WebSite\",\"@id\":\"https:\\\/\\\/enseyes.com\\\/sv\\\/#website\",\"url\":\"https:\\\/\\\/enseyes.com\\\/sv\\\/\",\"name\":\"EnsEyes\",\"description\":\"Cornea Care\",\"potentialAction\":[{\"@type\":\"SearchAction\",\"target\":{\"@type\":\"EntryPoint\",\"urlTemplate\":\"https:\\\/\\\/enseyes.com\\\/sv\\\/?s={search_term_string}\"},\"query-input\":{\"@type\":\"PropertyValueSpecification\",\"valueRequired\":true,\"valueName\":\"search_term_string\"}}],\"inLanguage\":\"sv-SE\"}]}<\/script>\n<!-- \/ Yoast SEO plugin. -->","yoast_head_json":{"title":"Byo Premium - EnsEyes","robots":{"index":"index","follow":"follow","max-snippet":"max-snippet:-1","max-image-preview":"max-image-preview:large","max-video-preview":"max-video-preview:-1"},"canonical":"https:\/\/enseyes.com\/sv\/produkter\/topografisk-tilpassede-linser\/ecco-soft-4-seasons-sihy\/","og_locale":"sv_SE","og_type":"article","og_title":"Byo Premium - EnsEyes","og_description":"[vc_row][vc_column][vc_single_image image=&#8221;49854&#8243; img_size=&#8221;full&#8221;][\/vc_column][\/vc_row][vc_row][vc_column width=&#8221;1\/3&#8243;][vc_single_image image=&#8221;49840&#8243; img_size=&#8221;medium&#8221;][\/vc_column][vc_column width=&#8221;2\/3&#8243;][vc_column_text] BYO PREMIUM Perfekt passform Optimal syrepermeabilitet L\u00e4mplig f\u00f6r st\u00f6rre korrigeringar Njut av dagen med kontaktlinser, oavsett hur l\u00e5nga de \u00e4r. BYO Premium \u00e4r utformad f\u00f6r dem som vill ha optimal syn och komfort.","og_url":"https:\/\/enseyes.com\/sv\/produkter\/topografisk-tilpassede-linser\/ecco-soft-4-seasons-sihy\/","og_site_name":"EnsEyes","article_modified_time":"2021-06-14T12:44:16+00:00","twitter_card":"summary_large_image","twitter_misc":{"Ber\u00e4knad l\u00e4stid":"2 minuter"},"schema":{"@context":"https:\/\/schema.org","@graph":[{"@type":"WebPage","@id":"https:\/\/enseyes.com\/sv\/produkter\/topografisk-tilpassede-linser\/ecco-soft-4-seasons-sihy\/","url":"https:\/\/enseyes.com\/sv\/produkter\/topografisk-tilpassede-linser\/ecco-soft-4-seasons-sihy\/","name":"Byo Premium - EnsEyes","isPartOf":{"@id":"https:\/\/enseyes.com\/sv\/#website"},"datePublished":"2016-05-18T10:42:33+00:00","dateModified":"2021-06-14T12:44:16+00:00","breadcrumb":{"@id":"https:\/\/enseyes.com\/sv\/produkter\/topografisk-tilpassede-linser\/ecco-soft-4-seasons-sihy\/#breadcrumb"},"inLanguage":"sv-SE","potentialAction":[{"@type":"ReadAction","target":["https:\/\/enseyes.com\/sv\/produkter\/topografisk-tilpassede-linser\/ecco-soft-4-seasons-sihy\/"]}]},{"@type":"BreadcrumbList","@id":"https:\/\/enseyes.com\/sv\/produkter\/topografisk-tilpassede-linser\/ecco-soft-4-seasons-sihy\/#breadcrumb","itemListElement":[{"@type":"ListItem","position":1,"name":"Hjem","item":"https:\/\/enseyes.com\/sv\/"},{"@type":"ListItem","position":2,"name":"Produkter","item":"https:\/\/enseyes.com\/sv\/produkter\/"},{"@type":"ListItem","position":3,"name":"TOPOGRAFITILLPASSADE LINSER","item":"https:\/\/enseyes.com\/sv\/produkter\/topografisk-tilpassede-linser\/"},{"@type":"ListItem","position":4,"name":"Byo Premium"}]},{"@type":"WebSite","@id":"https:\/\/enseyes.com\/sv\/#website","url":"https:\/\/enseyes.com\/sv\/","name":"EnsEyes","description":"Cornea Care","potentialAction":[{"@type":"SearchAction","target":{"@type":"EntryPoint","urlTemplate":"https:\/\/enseyes.com\/sv\/?s={search_term_string}"},"query-input":{"@type":"PropertyValueSpecification","valueRequired":true,"valueName":"search_term_string"}}],"inLanguage":"sv-SE"}]}},"_links":{"self":[{"href":"https:\/\/enseyes.com\/sv\/wp-json\/wp\/v2\/pages\/3062","targetHints":{"allow":["GET"]}}],"collection":[{"href":"https:\/\/enseyes.com\/sv\/wp-json\/wp\/v2\/pages"}],"about":[{"href":"https:\/\/enseyes.com\/sv\/wp-json\/wp\/v2\/types\/page"}],"author":[{"embeddable":true,"href":"https:\/\/enseyes.com\/sv\/wp-json\/wp\/v2\/users\/237"}],"replies":[{"embeddable":true,"href":"https:\/\/enseyes.com\/sv\/wp-json\/wp\/v2\/comments?post=3062"}],"version-history":[{"count":0,"href":"https:\/\/enseyes.com\/sv\/wp-json\/wp\/v2\/pages\/3062\/revisions"}],"up":[{"embeddable":true,"href":"https:\/\/enseyes.com\/sv\/wp-json\/wp\/v2\/pages\/3017"}],"wp:attachment":[{"href":"https:\/\/enseyes.com\/sv\/wp-json\/wp\/v2\/media?parent=3062"}],"curies":[{"name":"wp","href":"https:\/\/api.w.org\/{rel}","templated":true}]}}