{"id":3068,"date":"2016-05-18T11:49:12","date_gmt":"2016-05-18T10:49:12","guid":{"rendered":"http:\/\/enseyes.com\/?page_id=3068&#038;lang=sv"},"modified":"2021-06-16T13:03:25","modified_gmt":"2021-06-16T12:03:25","slug":"lagad-lacrima-toerre-oejne","status":"publish","type":"page","link":"https:\/\/enseyes.com\/sv\/produkter\/kosttilskud\/lagad-lacrima-toerre-oejne\/","title":{"rendered":"Lagad Lacrima (torra \u00f6gon)"},"content":{"rendered":"<div class=\"wpb-content-wrapper\"><p>[vc_row][vc_column][vc_single_image image=&#8221;50109&#8243; img_size=&#8221;full&#8221;][\/vc_column][\/vc_row][vc_row][vc_column width=&#8221;1\/3&#8243;][vc_single_image image=&#8221;380&#8243;][\/vc_column][vc_column width=&#8221;2\/3&#8243;][vc_column_text]<\/p>\n<h5>LAGAD LACRIMA (TORRA \u00d6GON)<\/h5>\n<ul>\n<li>Skyddar mot k\u00e4nslan av torra \u00f6gon<\/li>\n<li>Kosttillskott<\/li>\n<li>Omega 3<\/li>\n<\/ul>\n<p>V\u00e5ra \u00f6gon exponeras alltmer f\u00f6r effekterna av det moderna livet i form av f\u00f6roreningar, arbete framf\u00f6r en datorsk\u00e4rm, luftkonditionering eller varm, torr inomhusluft som orsakar torrhet i \u00f6gonen.[\/vc_column_text][\/vc_column][\/vc_row][vc_row][vc_column][vc_tta_tabs][vc_tta_section title=&#8221;Information&#8221; tab_id=&#8221;1615475851643-5a6dee1f-02f5&#8243;][vc_row_inner][vc_column_inner width=&#8221;1\/2&#8243;][vc_column_text]<strong>Lagad Lacrima\u00ae best\u00e5r av antioxidanter, vitaminer, mineraler och essentiella fettsyror som \u00e4r avsedda att f\u00f6rb\u00e4ttra n\u00e4ringstillf\u00f6rseln till hornhinnan och uppr\u00e4tth\u00e5lla t\u00e5rfilmens kvalitet.<br \/>\n<\/strong><br \/>\nSammans\u00e4ttningen i Lagad Lacrima\u00ae baseras p\u00e5 forskning utf\u00f6rd av \u00f6gonl\u00e4kare och n\u00e4ringsexperter som specialiserat sig p\u00e5 \u00f6gontorrhet.<\/p>\n<p>Kapseln inneh\u00e5ller fiskgelatin<\/p>\n<p>** RDI: Rekommenderat dagligt intag<br \/>\n* L\u00e4tta att sv\u00e4lja[\/vc_column_text][\/vc_column_inner][vc_column_inner width=&#8221;1\/2&#8243;][vc_single_image image=&#8221;380&#8243; img_size=&#8221;large&#8221;][\/vc_column_inner][\/vc_row_inner][\/vc_tta_section][\/vc_tta_tabs][\/vc_column][\/vc_row]<\/p>\n<\/div>","protected":false},"excerpt":{"rendered":"<p>[vc_row][vc_column][vc_single_image image=&#8221;50109&#8243; img_size=&#8221;full&#8221;][\/vc_column][\/vc_row][vc_row][vc_column width=&#8221;1\/3&#8243;][vc_single_image image=&#8221;380&#8243;][\/vc_column][vc_column width=&#8221;2\/3&#8243;][vc_column_text] LAGAD LACRIMA (TORRA \u00d6GON) Skyddar mot k\u00e4nslan av torra \u00f6gon Kosttillskott Omega 3 V\u00e5ra \u00f6gon exponeras alltmer f\u00f6r effekterna av det moderna livet i form av f\u00f6roreningar, arbete framf\u00f6r en datorsk\u00e4rm, luftkonditionering eller varm,<\/p>\n","protected":false},"author":237,"featured_media":0,"parent":3064,"menu_order":2,"comment_status":"closed","ping_status":"closed","template":"templates\/product-page.php","meta":{"_acf_changed":false,"footnotes":""},"class_list":["post-3068","page","type-page","status-publish","hentry"],"acf":[],"yoast_head":"<!-- This site is optimized with the Yoast SEO plugin v27.4 - https:\/\/yoast.com\/product\/yoast-seo-wordpress\/ -->\n<title>Lagad Lacrima (torra \u00f6gon) - EnsEyes<\/title>\n<meta name=\"robots\" content=\"index, follow, max-snippet:-1, max-image-preview:large, max-video-preview:-1\" \/>\n<link rel=\"canonical\" href=\"https:\/\/enseyes.com\/sv\/produkter\/kosttilskud\/lagad-lacrima-toerre-oejne\/\" \/>\n<meta property=\"og:locale\" content=\"sv_SE\" \/>\n<meta property=\"og:type\" content=\"article\" \/>\n<meta property=\"og:title\" content=\"Lagad Lacrima (torra \u00f6gon) - EnsEyes\" \/>\n<meta property=\"og:description\" content=\"[vc_row][vc_column][vc_single_image image=&#8221;50109&#8243; img_size=&#8221;full&#8221;][\/vc_column][\/vc_row][vc_row][vc_column width=&#8221;1\/3&#8243;][vc_single_image image=&#8221;380&#8243;][\/vc_column][vc_column width=&#8221;2\/3&#8243;][vc_column_text] LAGAD LACRIMA (TORRA \u00d6GON) Skyddar mot k\u00e4nslan av torra \u00f6gon Kosttillskott Omega 3 V\u00e5ra \u00f6gon exponeras alltmer f\u00f6r effekterna av det moderna livet i form av f\u00f6roreningar, arbete framf\u00f6r en datorsk\u00e4rm, luftkonditionering eller varm,\" \/>\n<meta property=\"og:url\" content=\"https:\/\/enseyes.com\/sv\/produkter\/kosttilskud\/lagad-lacrima-toerre-oejne\/\" \/>\n<meta property=\"og:site_name\" content=\"EnsEyes\" \/>\n<meta property=\"article:modified_time\" content=\"2021-06-16T12:03:25+00:00\" \/>\n<meta name=\"twitter:card\" content=\"summary_large_image\" \/>\n<meta name=\"twitter:label1\" content=\"Ber\u00e4knad l\u00e4stid\" \/>\n\t<meta name=\"twitter:data1\" content=\"1 minut\" \/>\n<script type=\"application\/ld+json\" class=\"yoast-schema-graph\">{\"@context\":\"https:\\\/\\\/schema.org\",\"@graph\":[{\"@type\":\"WebPage\",\"@id\":\"https:\\\/\\\/enseyes.com\\\/sv\\\/produkter\\\/kosttilskud\\\/lagad-lacrima-toerre-oejne\\\/\",\"url\":\"https:\\\/\\\/enseyes.com\\\/sv\\\/produkter\\\/kosttilskud\\\/lagad-lacrima-toerre-oejne\\\/\",\"name\":\"Lagad Lacrima (torra \u00f6gon) - EnsEyes\",\"isPartOf\":{\"@id\":\"https:\\\/\\\/enseyes.com\\\/sv\\\/#website\"},\"datePublished\":\"2016-05-18T10:49:12+00:00\",\"dateModified\":\"2021-06-16T12:03:25+00:00\",\"breadcrumb\":{\"@id\":\"https:\\\/\\\/enseyes.com\\\/sv\\\/produkter\\\/kosttilskud\\\/lagad-lacrima-toerre-oejne\\\/#breadcrumb\"},\"inLanguage\":\"sv-SE\",\"potentialAction\":[{\"@type\":\"ReadAction\",\"target\":[\"https:\\\/\\\/enseyes.com\\\/sv\\\/produkter\\\/kosttilskud\\\/lagad-lacrima-toerre-oejne\\\/\"]}]},{\"@type\":\"BreadcrumbList\",\"@id\":\"https:\\\/\\\/enseyes.com\\\/sv\\\/produkter\\\/kosttilskud\\\/lagad-lacrima-toerre-oejne\\\/#breadcrumb\",\"itemListElement\":[{\"@type\":\"ListItem\",\"position\":1,\"name\":\"Hjem\",\"item\":\"https:\\\/\\\/enseyes.com\\\/sv\\\/\"},{\"@type\":\"ListItem\",\"position\":2,\"name\":\"Produkter\",\"item\":\"https:\\\/\\\/enseyes.com\\\/sv\\\/produkter\\\/\"},{\"@type\":\"ListItem\",\"position\":3,\"name\":\"KOSTTILLSKOTT\",\"item\":\"https:\\\/\\\/enseyes.com\\\/sv\\\/produkter\\\/kosttilskud\\\/\"},{\"@type\":\"ListItem\",\"position\":4,\"name\":\"Lagad Lacrima (torra \u00f6gon)\"}]},{\"@type\":\"WebSite\",\"@id\":\"https:\\\/\\\/enseyes.com\\\/sv\\\/#website\",\"url\":\"https:\\\/\\\/enseyes.com\\\/sv\\\/\",\"name\":\"EnsEyes\",\"description\":\"Cornea Care\",\"potentialAction\":[{\"@type\":\"SearchAction\",\"target\":{\"@type\":\"EntryPoint\",\"urlTemplate\":\"https:\\\/\\\/enseyes.com\\\/sv\\\/?s={search_term_string}\"},\"query-input\":{\"@type\":\"PropertyValueSpecification\",\"valueRequired\":true,\"valueName\":\"search_term_string\"}}],\"inLanguage\":\"sv-SE\"}]}<\/script>\n<!-- \/ Yoast SEO plugin. -->","yoast_head_json":{"title":"Lagad Lacrima (torra \u00f6gon) - EnsEyes","robots":{"index":"index","follow":"follow","max-snippet":"max-snippet:-1","max-image-preview":"max-image-preview:large","max-video-preview":"max-video-preview:-1"},"canonical":"https:\/\/enseyes.com\/sv\/produkter\/kosttilskud\/lagad-lacrima-toerre-oejne\/","og_locale":"sv_SE","og_type":"article","og_title":"Lagad Lacrima (torra \u00f6gon) - EnsEyes","og_description":"[vc_row][vc_column][vc_single_image image=&#8221;50109&#8243; img_size=&#8221;full&#8221;][\/vc_column][\/vc_row][vc_row][vc_column width=&#8221;1\/3&#8243;][vc_single_image image=&#8221;380&#8243;][\/vc_column][vc_column width=&#8221;2\/3&#8243;][vc_column_text] LAGAD LACRIMA (TORRA \u00d6GON) Skyddar mot k\u00e4nslan av torra \u00f6gon Kosttillskott Omega 3 V\u00e5ra \u00f6gon exponeras alltmer f\u00f6r effekterna av det moderna livet i form av f\u00f6roreningar, arbete framf\u00f6r en datorsk\u00e4rm, luftkonditionering eller varm,","og_url":"https:\/\/enseyes.com\/sv\/produkter\/kosttilskud\/lagad-lacrima-toerre-oejne\/","og_site_name":"EnsEyes","article_modified_time":"2021-06-16T12:03:25+00:00","twitter_card":"summary_large_image","twitter_misc":{"Ber\u00e4knad l\u00e4stid":"1 minut"},"schema":{"@context":"https:\/\/schema.org","@graph":[{"@type":"WebPage","@id":"https:\/\/enseyes.com\/sv\/produkter\/kosttilskud\/lagad-lacrima-toerre-oejne\/","url":"https:\/\/enseyes.com\/sv\/produkter\/kosttilskud\/lagad-lacrima-toerre-oejne\/","name":"Lagad Lacrima (torra \u00f6gon) - EnsEyes","isPartOf":{"@id":"https:\/\/enseyes.com\/sv\/#website"},"datePublished":"2016-05-18T10:49:12+00:00","dateModified":"2021-06-16T12:03:25+00:00","breadcrumb":{"@id":"https:\/\/enseyes.com\/sv\/produkter\/kosttilskud\/lagad-lacrima-toerre-oejne\/#breadcrumb"},"inLanguage":"sv-SE","potentialAction":[{"@type":"ReadAction","target":["https:\/\/enseyes.com\/sv\/produkter\/kosttilskud\/lagad-lacrima-toerre-oejne\/"]}]},{"@type":"BreadcrumbList","@id":"https:\/\/enseyes.com\/sv\/produkter\/kosttilskud\/lagad-lacrima-toerre-oejne\/#breadcrumb","itemListElement":[{"@type":"ListItem","position":1,"name":"Hjem","item":"https:\/\/enseyes.com\/sv\/"},{"@type":"ListItem","position":2,"name":"Produkter","item":"https:\/\/enseyes.com\/sv\/produkter\/"},{"@type":"ListItem","position":3,"name":"KOSTTILLSKOTT","item":"https:\/\/enseyes.com\/sv\/produkter\/kosttilskud\/"},{"@type":"ListItem","position":4,"name":"Lagad Lacrima (torra \u00f6gon)"}]},{"@type":"WebSite","@id":"https:\/\/enseyes.com\/sv\/#website","url":"https:\/\/enseyes.com\/sv\/","name":"EnsEyes","description":"Cornea Care","potentialAction":[{"@type":"SearchAction","target":{"@type":"EntryPoint","urlTemplate":"https:\/\/enseyes.com\/sv\/?s={search_term_string}"},"query-input":{"@type":"PropertyValueSpecification","valueRequired":true,"valueName":"search_term_string"}}],"inLanguage":"sv-SE"}]}},"_links":{"self":[{"href":"https:\/\/enseyes.com\/sv\/wp-json\/wp\/v2\/pages\/3068","targetHints":{"allow":["GET"]}}],"collection":[{"href":"https:\/\/enseyes.com\/sv\/wp-json\/wp\/v2\/pages"}],"about":[{"href":"https:\/\/enseyes.com\/sv\/wp-json\/wp\/v2\/types\/page"}],"author":[{"embeddable":true,"href":"https:\/\/enseyes.com\/sv\/wp-json\/wp\/v2\/users\/237"}],"replies":[{"embeddable":true,"href":"https:\/\/enseyes.com\/sv\/wp-json\/wp\/v2\/comments?post=3068"}],"version-history":[{"count":0,"href":"https:\/\/enseyes.com\/sv\/wp-json\/wp\/v2\/pages\/3068\/revisions"}],"up":[{"embeddable":true,"href":"https:\/\/enseyes.com\/sv\/wp-json\/wp\/v2\/pages\/3064"}],"wp:attachment":[{"href":"https:\/\/enseyes.com\/sv\/wp-json\/wp\/v2\/media?parent=3068"}],"curies":[{"name":"wp","href":"https:\/\/api.w.org\/{rel}","templated":true}]}}