{"id":3088,"date":"2016-05-18T12:43:46","date_gmt":"2016-05-18T11:43:46","guid":{"rendered":"http:\/\/enseyes.com\/?page_id=3088&#038;lang=sv"},"modified":"2021-06-08T13:39:19","modified_gmt":"2021-06-08T12:39:19","slug":"soeg-optiker","status":"publish","type":"page","link":"https:\/\/enseyes.com\/sv\/soeg-optiker\/","title":{"rendered":"S\u00d6K OPTIKER"},"content":{"rendered":"<div class=\"wpb-content-wrapper\"><p>[vc_row][vc_column][vc_column_text]H\u00e4r kan du hitta en optiker som erbjuder de produkter du s\u00f6ker.<\/p>\n<div class=\"store_locator_plus enseyes\"><div id=\"sl_div\"><form id=\"searchForm\" class=\"slp_search_form\" action=\"\" onsubmit='cslmap.searchLocations(); return false;'  ><div class=\"slp_search_container\"><div id=\"address_search\" class=\"slp search_box\">            <div id='addy_in_address' class='search_item'><label for='addressInput' class='text length_2'>By<\/label><input class='label_text length_2' type='text' id='addressInput' name='addressInput'  size='50' value='' \/><\/div>                                <div class=\"search_item\">        <div id='addy_in_radius'><label for='radiusSelect' class='text length_6'>Within<\/label><select id='radiusSelect'><option value='10' >10 km<\/option><option value='25' >25 km<\/option><option value='50' >50 km<\/option><option value='100' >100 km<\/option><option value='200'  selected='selected' >200 km<\/option><option value='500' >500 km<\/option><\/select><\/div>        <div id='radius_in_submit'><input type=\"submit\" class=\"slp_ui_button\" value='Hitta butiker' id='addressSubmit'\/><\/div>    <\/div>        <\/div><\/div><\/form><div id=\"map\" class=\"slp_map\"><\/div><div id=\"slp_tagline\" class=\"store_locator_plus tagline\">s\u00f6kning tillhandah\u00e5llen av <a href='https:\/\/wordpress.storelocatorplus.com\/' target='_blank'>Store Locator Plus\u00ae<\/a><\/div><div id=\"map_sidebar\" class=\"slp_results_container\"><div class=\"text_below_map\">Enter an address or zip code and click the find locations button.<\/div><\/div><\/div><\/div>[\/vc_column_text][\/vc_column][\/vc_row]<\/p>\n<\/div>","protected":false},"excerpt":{"rendered":"<p>[vc_row][vc_column][vc_column_text]H\u00e4r kan du hitta en optiker som erbjuder de produkter du s\u00f6ker. [\/vc_column_text][\/vc_column][\/vc_row]<\/p>\n","protected":false},"author":237,"featured_media":0,"parent":0,"menu_order":0,"comment_status":"closed","ping_status":"closed","template":"","meta":{"_acf_changed":false,"footnotes":""},"class_list":["post-3088","page","type-page","status-publish","hentry"],"acf":[],"yoast_head":"<!-- This site is optimized with the Yoast SEO plugin v27.5 - https:\/\/yoast.com\/product\/yoast-seo-wordpress\/ -->\n<title>S\u00d6K OPTIKER - EnsEyes<\/title>\n<meta name=\"robots\" content=\"index, follow, max-snippet:-1, max-image-preview:large, max-video-preview:-1\" \/>\n<link rel=\"canonical\" href=\"https:\/\/enseyes.com\/sv\/soeg-optiker\/\" \/>\n<meta property=\"og:locale\" content=\"sv_SE\" \/>\n<meta property=\"og:type\" content=\"article\" \/>\n<meta property=\"og:title\" content=\"S\u00d6K OPTIKER - EnsEyes\" \/>\n<meta property=\"og:description\" content=\"[vc_row][vc_column][vc_column_text]H\u00e4r kan du hitta en optiker som erbjuder de produkter du s\u00f6ker. [\/vc_column_text][\/vc_column][\/vc_row]\" \/>\n<meta property=\"og:url\" content=\"https:\/\/enseyes.com\/sv\/soeg-optiker\/\" \/>\n<meta property=\"og:site_name\" content=\"EnsEyes\" \/>\n<meta property=\"article:modified_time\" content=\"2021-06-08T12:39:19+00:00\" \/>\n<meta name=\"twitter:card\" content=\"summary_large_image\" \/>\n<script type=\"application\/ld+json\" class=\"yoast-schema-graph\">{\"@context\":\"https:\\\/\\\/schema.org\",\"@graph\":[{\"@type\":\"WebPage\",\"@id\":\"https:\\\/\\\/enseyes.com\\\/sv\\\/soeg-optiker\\\/\",\"url\":\"https:\\\/\\\/enseyes.com\\\/sv\\\/soeg-optiker\\\/\",\"name\":\"S\u00d6K OPTIKER - EnsEyes\",\"isPartOf\":{\"@id\":\"https:\\\/\\\/enseyes.com\\\/sv\\\/#website\"},\"datePublished\":\"2016-05-18T11:43:46+00:00\",\"dateModified\":\"2021-06-08T12:39:19+00:00\",\"breadcrumb\":{\"@id\":\"https:\\\/\\\/enseyes.com\\\/sv\\\/soeg-optiker\\\/#breadcrumb\"},\"inLanguage\":\"sv-SE\",\"potentialAction\":[{\"@type\":\"ReadAction\",\"target\":[\"https:\\\/\\\/enseyes.com\\\/sv\\\/soeg-optiker\\\/\"]}]},{\"@type\":\"BreadcrumbList\",\"@id\":\"https:\\\/\\\/enseyes.com\\\/sv\\\/soeg-optiker\\\/#breadcrumb\",\"itemListElement\":[{\"@type\":\"ListItem\",\"position\":1,\"name\":\"Hjem\",\"item\":\"https:\\\/\\\/enseyes.com\\\/sv\\\/\"},{\"@type\":\"ListItem\",\"position\":2,\"name\":\"S\u00d6K OPTIKER\"}]},{\"@type\":\"WebSite\",\"@id\":\"https:\\\/\\\/enseyes.com\\\/sv\\\/#website\",\"url\":\"https:\\\/\\\/enseyes.com\\\/sv\\\/\",\"name\":\"EnsEyes\",\"description\":\"Cornea Care\",\"potentialAction\":[{\"@type\":\"SearchAction\",\"target\":{\"@type\":\"EntryPoint\",\"urlTemplate\":\"https:\\\/\\\/enseyes.com\\\/sv\\\/?s={search_term_string}\"},\"query-input\":{\"@type\":\"PropertyValueSpecification\",\"valueRequired\":true,\"valueName\":\"search_term_string\"}}],\"inLanguage\":\"sv-SE\"}]}<\/script>\n<!-- \/ Yoast SEO plugin. -->","yoast_head_json":{"title":"S\u00d6K OPTIKER - EnsEyes","robots":{"index":"index","follow":"follow","max-snippet":"max-snippet:-1","max-image-preview":"max-image-preview:large","max-video-preview":"max-video-preview:-1"},"canonical":"https:\/\/enseyes.com\/sv\/soeg-optiker\/","og_locale":"sv_SE","og_type":"article","og_title":"S\u00d6K OPTIKER - EnsEyes","og_description":"[vc_row][vc_column][vc_column_text]H\u00e4r kan du hitta en optiker som erbjuder de produkter du s\u00f6ker. [\/vc_column_text][\/vc_column][\/vc_row]","og_url":"https:\/\/enseyes.com\/sv\/soeg-optiker\/","og_site_name":"EnsEyes","article_modified_time":"2021-06-08T12:39:19+00:00","twitter_card":"summary_large_image","schema":{"@context":"https:\/\/schema.org","@graph":[{"@type":"WebPage","@id":"https:\/\/enseyes.com\/sv\/soeg-optiker\/","url":"https:\/\/enseyes.com\/sv\/soeg-optiker\/","name":"S\u00d6K OPTIKER - EnsEyes","isPartOf":{"@id":"https:\/\/enseyes.com\/sv\/#website"},"datePublished":"2016-05-18T11:43:46+00:00","dateModified":"2021-06-08T12:39:19+00:00","breadcrumb":{"@id":"https:\/\/enseyes.com\/sv\/soeg-optiker\/#breadcrumb"},"inLanguage":"sv-SE","potentialAction":[{"@type":"ReadAction","target":["https:\/\/enseyes.com\/sv\/soeg-optiker\/"]}]},{"@type":"BreadcrumbList","@id":"https:\/\/enseyes.com\/sv\/soeg-optiker\/#breadcrumb","itemListElement":[{"@type":"ListItem","position":1,"name":"Hjem","item":"https:\/\/enseyes.com\/sv\/"},{"@type":"ListItem","position":2,"name":"S\u00d6K OPTIKER"}]},{"@type":"WebSite","@id":"https:\/\/enseyes.com\/sv\/#website","url":"https:\/\/enseyes.com\/sv\/","name":"EnsEyes","description":"Cornea Care","potentialAction":[{"@type":"SearchAction","target":{"@type":"EntryPoint","urlTemplate":"https:\/\/enseyes.com\/sv\/?s={search_term_string}"},"query-input":{"@type":"PropertyValueSpecification","valueRequired":true,"valueName":"search_term_string"}}],"inLanguage":"sv-SE"}]}},"_links":{"self":[{"href":"https:\/\/enseyes.com\/sv\/wp-json\/wp\/v2\/pages\/3088","targetHints":{"allow":["GET"]}}],"collection":[{"href":"https:\/\/enseyes.com\/sv\/wp-json\/wp\/v2\/pages"}],"about":[{"href":"https:\/\/enseyes.com\/sv\/wp-json\/wp\/v2\/types\/page"}],"author":[{"embeddable":true,"href":"https:\/\/enseyes.com\/sv\/wp-json\/wp\/v2\/users\/237"}],"replies":[{"embeddable":true,"href":"https:\/\/enseyes.com\/sv\/wp-json\/wp\/v2\/comments?post=3088"}],"version-history":[{"count":0,"href":"https:\/\/enseyes.com\/sv\/wp-json\/wp\/v2\/pages\/3088\/revisions"}],"wp:attachment":[{"href":"https:\/\/enseyes.com\/sv\/wp-json\/wp\/v2\/media?parent=3088"}],"curies":[{"name":"wp","href":"https:\/\/api.w.org\/{rel}","templated":true}]}}