{"id":4573,"date":"2017-10-31T11:14:57","date_gmt":"2017-10-31T10:14:57","guid":{"rendered":"http:\/\/enseyes.com\/?page_id=4573"},"modified":"2022-10-17T12:07:37","modified_gmt":"2022-10-17T11:07:37","slug":"linsvatska","status":"publish","type":"page","link":"https:\/\/enseyes.com\/sv\/produkter\/linsvatska\/","title":{"rendered":"Linsv\u00e4tska"},"content":{"rendered":"<div class=\"wpb-content-wrapper\"><p>[vc_row][vc_column][vc_single_image image=&#8221;50101&#8243; img_size=&#8221;large&#8221;][\/vc_column][\/vc_row][vc_row][vc_column][vc_column_text]N\u00e4r du anv\u00e4nder obehandlad kontaktlinsv\u00e4tska minimerar du risken f\u00f6r att utveckla \u00f6verk\u00e4nslighet och allergier mot konserveringsmedel som kan leda till irritation, rodnad eller torrhet i \u00f6gonen.<br \/>\nUtmaningen med okonserverad kontaktlinsv\u00e4tska \u00e4r att v\u00e4tskornas h\u00e5llbarhet blir betydligt kortare. D\u00e4rf\u00f6r finns de flesta konserveringsfria kontaktlinsv\u00e4tskor i eng\u00e5ngsbeh\u00e5llare.[\/vc_column_text][\/vc_column][\/vc_row][vc_row][vc_column width=&#8221;1\/3&#8243;][vc_column_text]<\/p>\n<h3 style=\"text-align: center;\"><a href=\"https:\/\/enseyes.com\/sv\/produkter\/linsvatska\/unidose-saline\/\">Unidose Saline<\/a><\/h3>\n<p><a href=\"https:\/\/enseyes.com\/sv\/produkter\/linsvatska\/unidose-saline\/\"><img loading=\"lazy\" decoding=\"async\" class=\"aligncenter wp-image-12405 size-medium\" src=\"https:\/\/enseyes.com\/wp-content\/uploads\/2018\/11\/Unidose-Saline-foto-skygge-300x225.jpg\" alt=\"\" width=\"300\" height=\"225\" srcset=\"https:\/\/enseyes.com\/wp-content\/uploads\/2018\/11\/Unidose-Saline-foto-skygge-300x225.jpg 300w, https:\/\/enseyes.com\/wp-content\/uploads\/2018\/11\/Unidose-Saline-foto-skygge-768x576.jpg 768w, https:\/\/enseyes.com\/wp-content\/uploads\/2018\/11\/Unidose-Saline-foto-skygge-1024x768.jpg 1024w\" sizes=\"auto, (max-width: 300px) 100vw, 300px\" \/><\/a>[\/vc_column_text][\/vc_column][vc_column width=&#8221;1\/3&#8243;][vc_column_text]<\/p>\n<h3 style=\"text-align: center;\"><a href=\"https:\/\/enseyes.com\/sv\/produkter\/linsvatska\/crystal-cleaner\/\">Crystal Cleaner<\/a><\/h3>\n<p><a href=\"https:\/\/enseyes.com\/sv\/produkter\/linsvatska\/crystal-cleaner\/\"><img loading=\"lazy\" decoding=\"async\" class=\"aligncenter wp-image-48503 size-medium\" src=\"https:\/\/enseyes.com\/wp-content\/uploads\/2020\/01\/crystal_cleaner-300x300.jpg\" alt=\"\" width=\"300\" height=\"300\" srcset=\"https:\/\/enseyes.com\/wp-content\/uploads\/2020\/01\/crystal_cleaner-300x300.jpg 300w, https:\/\/enseyes.com\/wp-content\/uploads\/2020\/01\/crystal_cleaner-150x150.jpg 150w, https:\/\/enseyes.com\/wp-content\/uploads\/2020\/01\/crystal_cleaner.jpg 595w\" sizes=\"auto, (max-width: 300px) 100vw, 300px\" \/><\/a>[\/vc_column_text][\/vc_column][vc_column width=&#8221;1\/3&#8243;][vc_column_text]<\/p>\n<h3 style=\"text-align: center;\"><a href=\"https:\/\/enseyes.com\/sv\/produkter\/linsvatska\/regard-k\/\">Regard K<\/a><\/h3>\n<p><a href=\"https:\/\/enseyes.com\/sv\/produkter\/linsvatska\/regard-k\/\"><img loading=\"lazy\" decoding=\"async\" class=\"aligncenter wp-image-14619 size-full\" src=\"https:\/\/enseyes.com\/wp-content\/uploads\/2018\/11\/regard_k_245.jpg\" alt=\"\" width=\"245\" height=\"245\" srcset=\"https:\/\/enseyes.com\/wp-content\/uploads\/2018\/11\/regard_k_245.jpg 245w, https:\/\/enseyes.com\/wp-content\/uploads\/2018\/11\/regard_k_245-150x150.jpg 150w\" sizes=\"auto, (max-width: 245px) 100vw, 245px\" \/><\/a>[\/vc_column_text][\/vc_column][\/vc_row][vc_row][vc_column width=&#8221;1\/3&#8243;][vc_column_text]<\/p>\n<h3 style=\"text-align: center;\"><a href=\"https:\/\/enseyes.com\/sv\/produkter\/linsvatska\/regard\/\">Regard<\/a><\/h3>\n<h3 style=\"text-align: center;\"><a href=\"https:\/\/enseyes.com\/wp-content\/uploads\/2022\/10\/regard355.png\"><img loading=\"lazy\" decoding=\"async\" class=\"alignnone wp-image-52672 size-medium\" src=\"https:\/\/enseyes.com\/wp-content\/uploads\/2022\/10\/regard355-300x225.png\" alt=\"\" width=\"300\" height=\"225\" srcset=\"https:\/\/enseyes.com\/wp-content\/uploads\/2022\/10\/regard355-300x225.png 300w, https:\/\/enseyes.com\/wp-content\/uploads\/2022\/10\/regard355-1024x768.png 1024w, https:\/\/enseyes.com\/wp-content\/uploads\/2022\/10\/regard355-768x576.png 768w, https:\/\/enseyes.com\/wp-content\/uploads\/2022\/10\/regard355-1536x1152.png 1536w, https:\/\/enseyes.com\/wp-content\/uploads\/2022\/10\/regard355.png 1920w\" sizes=\"auto, (max-width: 300px) 100vw, 300px\" \/><\/a><\/h3>\n<p>[\/vc_column_text][\/vc_column][vc_column width=&#8221;1\/3&#8243;][vc_column_text]<\/p>\n<h3 style=\"text-align: center;\"><a href=\"https:\/\/enseyes.com\/sv\/produkter\/linsvatska\/hycosan\/\">Hycosan<\/a><\/h3>\n<h3 style=\"text-align: center;\"><a href=\"https:\/\/enseyes.com\/sv\/produkter\/linsvatska\/hycosan\/\"><img loading=\"lazy\" decoding=\"async\" class=\"aligncenter wp-image-49381 size-medium\" src=\"https:\/\/enseyes.com\/wp-content\/uploads\/2020\/12\/hycosan-242x300.png\" alt=\"\" width=\"242\" height=\"300\" srcset=\"https:\/\/enseyes.com\/wp-content\/uploads\/2020\/12\/hycosan-242x300.png 242w, https:\/\/enseyes.com\/wp-content\/uploads\/2020\/12\/hycosan.png 350w\" sizes=\"auto, (max-width: 242px) 100vw, 242px\" \/><\/a><\/h3>\n<p>[\/vc_column_text][\/vc_column][vc_column width=&#8221;1\/3&#8243;][\/vc_column][\/vc_row]<\/p>\n<\/div>","protected":false},"excerpt":{"rendered":"<p>[vc_row][vc_column][vc_single_image image=&#8221;50101&#8243; img_size=&#8221;large&#8221;][\/vc_column][\/vc_row][vc_row][vc_column][vc_column_text]N\u00e4r du anv\u00e4nder obehandlad kontaktlinsv\u00e4tska minimerar du risken f\u00f6r att utveckla \u00f6verk\u00e4nslighet och allergier mot konserveringsmedel som kan leda till irritation, rodnad eller torrhet i \u00f6gonen. Utmaningen med okonserverad kontaktlinsv\u00e4tska \u00e4r att v\u00e4tskornas h\u00e5llbarhet blir betydligt kortare. D\u00e4rf\u00f6r<\/p>\n","protected":false},"author":237,"featured_media":0,"parent":3015,"menu_order":4,"comment_status":"closed","ping_status":"closed","template":"templates\/product-category.php","meta":{"_acf_changed":false,"footnotes":""},"class_list":["post-4573","page","type-page","status-publish","hentry"],"acf":[],"yoast_head":"<!-- This site is optimized with the Yoast SEO plugin v27.4 - https:\/\/yoast.com\/product\/yoast-seo-wordpress\/ -->\n<title>Linsv\u00e4tska - EnsEyes<\/title>\n<meta name=\"robots\" content=\"index, follow, max-snippet:-1, max-image-preview:large, max-video-preview:-1\" \/>\n<link rel=\"canonical\" href=\"https:\/\/enseyes.com\/sv\/produkter\/linsvatska\/\" \/>\n<meta property=\"og:locale\" content=\"sv_SE\" \/>\n<meta property=\"og:type\" content=\"article\" \/>\n<meta property=\"og:title\" content=\"Linsv\u00e4tska - EnsEyes\" \/>\n<meta property=\"og:description\" content=\"[vc_row][vc_column][vc_single_image image=&#8221;50101&#8243; img_size=&#8221;large&#8221;][\/vc_column][\/vc_row][vc_row][vc_column][vc_column_text]N\u00e4r du anv\u00e4nder obehandlad kontaktlinsv\u00e4tska minimerar du risken f\u00f6r att utveckla \u00f6verk\u00e4nslighet och allergier mot konserveringsmedel som kan leda till irritation, rodnad eller torrhet i \u00f6gonen. Utmaningen med okonserverad kontaktlinsv\u00e4tska \u00e4r att v\u00e4tskornas h\u00e5llbarhet blir betydligt kortare. D\u00e4rf\u00f6r\" \/>\n<meta property=\"og:url\" content=\"https:\/\/enseyes.com\/sv\/produkter\/linsvatska\/\" \/>\n<meta property=\"og:site_name\" content=\"EnsEyes\" \/>\n<meta property=\"article:modified_time\" content=\"2022-10-17T11:07:37+00:00\" \/>\n<meta property=\"og:image\" content=\"https:\/\/enseyes.com\/wp-content\/uploads\/2018\/11\/Unidose-Saline-foto-skygge-300x225.jpg\" \/>\n<meta name=\"twitter:card\" content=\"summary_large_image\" \/>\n<meta name=\"twitter:label1\" content=\"Ber\u00e4knad l\u00e4stid\" \/>\n\t<meta name=\"twitter:data1\" content=\"2 minuter\" \/>\n<script type=\"application\/ld+json\" class=\"yoast-schema-graph\">{\"@context\":\"https:\\\/\\\/schema.org\",\"@graph\":[{\"@type\":\"WebPage\",\"@id\":\"https:\\\/\\\/enseyes.com\\\/sv\\\/produkter\\\/linsvatska\\\/\",\"url\":\"https:\\\/\\\/enseyes.com\\\/sv\\\/produkter\\\/linsvatska\\\/\",\"name\":\"Linsv\u00e4tska - EnsEyes\",\"isPartOf\":{\"@id\":\"https:\\\/\\\/enseyes.com\\\/sv\\\/#website\"},\"primaryImageOfPage\":{\"@id\":\"https:\\\/\\\/enseyes.com\\\/sv\\\/produkter\\\/linsvatska\\\/#primaryimage\"},\"image\":{\"@id\":\"https:\\\/\\\/enseyes.com\\\/sv\\\/produkter\\\/linsvatska\\\/#primaryimage\"},\"thumbnailUrl\":\"https:\\\/\\\/enseyes.com\\\/wp-content\\\/uploads\\\/2018\\\/11\\\/Unidose-Saline-foto-skygge-300x225.jpg\",\"datePublished\":\"2017-10-31T10:14:57+00:00\",\"dateModified\":\"2022-10-17T11:07:37+00:00\",\"breadcrumb\":{\"@id\":\"https:\\\/\\\/enseyes.com\\\/sv\\\/produkter\\\/linsvatska\\\/#breadcrumb\"},\"inLanguage\":\"sv-SE\",\"potentialAction\":[{\"@type\":\"ReadAction\",\"target\":[\"https:\\\/\\\/enseyes.com\\\/sv\\\/produkter\\\/linsvatska\\\/\"]}]},{\"@type\":\"ImageObject\",\"inLanguage\":\"sv-SE\",\"@id\":\"https:\\\/\\\/enseyes.com\\\/sv\\\/produkter\\\/linsvatska\\\/#primaryimage\",\"url\":\"https:\\\/\\\/enseyes.com\\\/wp-content\\\/uploads\\\/2018\\\/11\\\/Unidose-Saline-foto-skygge-300x225.jpg\",\"contentUrl\":\"https:\\\/\\\/enseyes.com\\\/wp-content\\\/uploads\\\/2018\\\/11\\\/Unidose-Saline-foto-skygge-300x225.jpg\"},{\"@type\":\"BreadcrumbList\",\"@id\":\"https:\\\/\\\/enseyes.com\\\/sv\\\/produkter\\\/linsvatska\\\/#breadcrumb\",\"itemListElement\":[{\"@type\":\"ListItem\",\"position\":1,\"name\":\"Hjem\",\"item\":\"https:\\\/\\\/enseyes.com\\\/sv\\\/\"},{\"@type\":\"ListItem\",\"position\":2,\"name\":\"Produkter\",\"item\":\"https:\\\/\\\/enseyes.com\\\/sv\\\/produkter\\\/\"},{\"@type\":\"ListItem\",\"position\":3,\"name\":\"Linsv\u00e4tska\"}]},{\"@type\":\"WebSite\",\"@id\":\"https:\\\/\\\/enseyes.com\\\/sv\\\/#website\",\"url\":\"https:\\\/\\\/enseyes.com\\\/sv\\\/\",\"name\":\"EnsEyes\",\"description\":\"Cornea Care\",\"potentialAction\":[{\"@type\":\"SearchAction\",\"target\":{\"@type\":\"EntryPoint\",\"urlTemplate\":\"https:\\\/\\\/enseyes.com\\\/sv\\\/?s={search_term_string}\"},\"query-input\":{\"@type\":\"PropertyValueSpecification\",\"valueRequired\":true,\"valueName\":\"search_term_string\"}}],\"inLanguage\":\"sv-SE\"}]}<\/script>\n<!-- \/ Yoast SEO plugin. -->","yoast_head_json":{"title":"Linsv\u00e4tska - EnsEyes","robots":{"index":"index","follow":"follow","max-snippet":"max-snippet:-1","max-image-preview":"max-image-preview:large","max-video-preview":"max-video-preview:-1"},"canonical":"https:\/\/enseyes.com\/sv\/produkter\/linsvatska\/","og_locale":"sv_SE","og_type":"article","og_title":"Linsv\u00e4tska - EnsEyes","og_description":"[vc_row][vc_column][vc_single_image image=&#8221;50101&#8243; img_size=&#8221;large&#8221;][\/vc_column][\/vc_row][vc_row][vc_column][vc_column_text]N\u00e4r du anv\u00e4nder obehandlad kontaktlinsv\u00e4tska minimerar du risken f\u00f6r att utveckla \u00f6verk\u00e4nslighet och allergier mot konserveringsmedel som kan leda till irritation, rodnad eller torrhet i \u00f6gonen. Utmaningen med okonserverad kontaktlinsv\u00e4tska \u00e4r att v\u00e4tskornas h\u00e5llbarhet blir betydligt kortare. D\u00e4rf\u00f6r","og_url":"https:\/\/enseyes.com\/sv\/produkter\/linsvatska\/","og_site_name":"EnsEyes","article_modified_time":"2022-10-17T11:07:37+00:00","og_image":[{"url":"https:\/\/enseyes.com\/wp-content\/uploads\/2018\/11\/Unidose-Saline-foto-skygge-300x225.jpg","type":"","width":"","height":""}],"twitter_card":"summary_large_image","twitter_misc":{"Ber\u00e4knad l\u00e4stid":"2 minuter"},"schema":{"@context":"https:\/\/schema.org","@graph":[{"@type":"WebPage","@id":"https:\/\/enseyes.com\/sv\/produkter\/linsvatska\/","url":"https:\/\/enseyes.com\/sv\/produkter\/linsvatska\/","name":"Linsv\u00e4tska - EnsEyes","isPartOf":{"@id":"https:\/\/enseyes.com\/sv\/#website"},"primaryImageOfPage":{"@id":"https:\/\/enseyes.com\/sv\/produkter\/linsvatska\/#primaryimage"},"image":{"@id":"https:\/\/enseyes.com\/sv\/produkter\/linsvatska\/#primaryimage"},"thumbnailUrl":"https:\/\/enseyes.com\/wp-content\/uploads\/2018\/11\/Unidose-Saline-foto-skygge-300x225.jpg","datePublished":"2017-10-31T10:14:57+00:00","dateModified":"2022-10-17T11:07:37+00:00","breadcrumb":{"@id":"https:\/\/enseyes.com\/sv\/produkter\/linsvatska\/#breadcrumb"},"inLanguage":"sv-SE","potentialAction":[{"@type":"ReadAction","target":["https:\/\/enseyes.com\/sv\/produkter\/linsvatska\/"]}]},{"@type":"ImageObject","inLanguage":"sv-SE","@id":"https:\/\/enseyes.com\/sv\/produkter\/linsvatska\/#primaryimage","url":"https:\/\/enseyes.com\/wp-content\/uploads\/2018\/11\/Unidose-Saline-foto-skygge-300x225.jpg","contentUrl":"https:\/\/enseyes.com\/wp-content\/uploads\/2018\/11\/Unidose-Saline-foto-skygge-300x225.jpg"},{"@type":"BreadcrumbList","@id":"https:\/\/enseyes.com\/sv\/produkter\/linsvatska\/#breadcrumb","itemListElement":[{"@type":"ListItem","position":1,"name":"Hjem","item":"https:\/\/enseyes.com\/sv\/"},{"@type":"ListItem","position":2,"name":"Produkter","item":"https:\/\/enseyes.com\/sv\/produkter\/"},{"@type":"ListItem","position":3,"name":"Linsv\u00e4tska"}]},{"@type":"WebSite","@id":"https:\/\/enseyes.com\/sv\/#website","url":"https:\/\/enseyes.com\/sv\/","name":"EnsEyes","description":"Cornea Care","potentialAction":[{"@type":"SearchAction","target":{"@type":"EntryPoint","urlTemplate":"https:\/\/enseyes.com\/sv\/?s={search_term_string}"},"query-input":{"@type":"PropertyValueSpecification","valueRequired":true,"valueName":"search_term_string"}}],"inLanguage":"sv-SE"}]}},"_links":{"self":[{"href":"https:\/\/enseyes.com\/sv\/wp-json\/wp\/v2\/pages\/4573","targetHints":{"allow":["GET"]}}],"collection":[{"href":"https:\/\/enseyes.com\/sv\/wp-json\/wp\/v2\/pages"}],"about":[{"href":"https:\/\/enseyes.com\/sv\/wp-json\/wp\/v2\/types\/page"}],"author":[{"embeddable":true,"href":"https:\/\/enseyes.com\/sv\/wp-json\/wp\/v2\/users\/237"}],"replies":[{"embeddable":true,"href":"https:\/\/enseyes.com\/sv\/wp-json\/wp\/v2\/comments?post=4573"}],"version-history":[{"count":0,"href":"https:\/\/enseyes.com\/sv\/wp-json\/wp\/v2\/pages\/4573\/revisions"}],"up":[{"embeddable":true,"href":"https:\/\/enseyes.com\/sv\/wp-json\/wp\/v2\/pages\/3015"}],"wp:attachment":[{"href":"https:\/\/enseyes.com\/sv\/wp-json\/wp\/v2\/media?parent=4573"}],"curies":[{"name":"wp","href":"https:\/\/api.w.org\/{rel}","templated":true}]}}