{"id":49245,"date":"2020-10-28T13:27:58","date_gmt":"2020-10-28T12:27:58","guid":{"rendered":"https:\/\/enseyes.com\/support\/videoer\/"},"modified":"2021-03-17T11:18:09","modified_gmt":"2021-03-17T10:18:09","slug":"videoer","status":"publish","type":"page","link":"https:\/\/enseyes.com\/sv\/support\/videoer\/","title":{"rendered":"Videoer"},"content":{"rendered":"<div class=\"wpb-content-wrapper\"><p>[vc_row][vc_column][vc_column_text]H\u00e4r kan du titta p\u00e5 och ladda ner v\u00e5rt videomaterial[\/vc_column_text][\/vc_column][vc_column width=&#8221;1\/2&#8243;][vc_column_text]<strong>Webinar:<br \/>\n<\/strong><\/p>\n<p>Mars 2021<br \/>\nTitel: Sclerallinser Troubleshooting<br \/>\nBeskrivning: Tine genomg\u00e5r Troubleshooting p\u00e5 Sclerallinser<br \/>\n<a href=\"https:\/\/vimeo.com\/524814862\" target=\"_blank\" rel=\"noopener noreferrer\">Visa i stort format<\/a><br \/>\n<iframe loading=\"lazy\" src=\"https:\/\/player.vimeo.com\/video\/524814862\" width=\"320\" height=\"282\" frameborder=\"0\" allowfullscreen=\"allowfullscreen\" data-mce-fragment=\"1\"><\/iframe><\/p>\n<hr \/>\n<p>Februari 2021<br \/>\nTitel: Nattlinser Troubleshooting<br \/>\nBeskrivning: Tine genomg\u00e5r Troubleshooting p\u00e5 nattlinser<br \/>\n<a href=\"https:\/\/vimeo.com\/511046138\" target=\"_blank\" rel=\"noopener noreferrer\">Visa i stort format<\/a><br \/>\n<iframe loading=\"lazy\" src=\"https:\/\/player.vimeo.com\/video\/511046138\" width=\"320\" height=\"282\" frameborder=\"0\" allowfullscreen=\"allowfullscreen\" data-mce-fragment=\"1\"><\/iframe><\/p>\n<hr \/>\n<p>Januari 2021<br \/>\nTitel: Scleral lens webinar<br \/>\nBeskrivning: Tine genomg\u00e5r Scleral linse fittings<br \/>\n<a href=\"https:\/\/vimeo.com\/497999418\" target=\"_blank\" rel=\"noopener noreferrer\">Visa i stort format<\/a><br \/>\n<iframe loading=\"lazy\" src=\"https:\/\/player.vimeo.com\/video\/497999418\" width=\"320\" height=\"282\" frameborder=\"0\" allowfullscreen=\"allowfullscreen\" data-mce-fragment=\"1\"><\/iframe><\/p>\n<hr \/>\n<p>December 2020<br \/>\nTitel: Into till nattlinser<br \/>\nBeskrivning: Tine genomg\u00e5r introduktion til nattlinser<br \/>\n<a href=\"https:\/\/vimeo.com\/491974398\" target=\"_blank\" rel=\"noopener noreferrer\">Visa i stort format<\/a><br \/>\n<iframe loading=\"lazy\" src=\"https:\/\/player.vimeo.com\/video\/491974398\" width=\"320\" height=\"282\" frameborder=\"0\" allowfullscreen=\"allowfullscreen\" data-mce-fragment=\"1\"><\/iframe><\/p>\n<hr \/>\n<p>November 2020<br \/>\nTitel: Scleral lens webinar<br \/>\nBeskrivning: Esben genomg\u00e5r Scleral linse fittings<br \/>\n<a href=\"https:\/\/vimeo.com\/483477358\" target=\"_blank\" rel=\"noopener noreferrer\">Visa i stort format<\/a><br \/>\n<iframe loading=\"lazy\" src=\"https:\/\/player.vimeo.com\/video\/483477358\" width=\"320\" height=\"282\" frameborder=\"0\" allowfullscreen=\"allowfullscreen\" data-mce-fragment=\"1\"><\/iframe><\/p>\n<hr \/>\n<p>Oktober 2020<br \/>\nTitel: Myopia Management<br \/>\nBeskrivning: Gabi Steenbekkers fr\u00e5n Procornea geneomg\u00e5r Myopia Management<br \/>\n<a href=\"https:\/\/vimeo.com\/470923624\" target=\"_blank\" rel=\"noopener noreferrer\">Se i stort format<\/a><br \/>\n<iframe loading=\"lazy\" src=\"https:\/\/player.vimeo.com\/video\/470923624\" width=\"320\" height=\"282\" frameborder=\"0\" allowfullscreen=\"allowfullscreen\"><\/iframe><\/p>\n<hr \/>\n<p>Oktober 2020<br \/>\nTitel: Myopia Studiet<br \/>\nBeskrivning: Trine M\u00f8ldrup fr\u00e5n Vejle sjukhus geneomg\u00e5r Myopi studien<br \/>\n<a href=\"https:\/\/vimeo.com\/470094579\" target=\"_blank\" rel=\"noopener noreferrer\">Se i stort format<\/a><br \/>\n<iframe loading=\"lazy\" src=\"https:\/\/player.vimeo.com\/video\/470094579\" width=\"320\" height=\"282\" frameborder=\"0\" allowfullscreen=\"allowfullscreen\"><\/iframe><\/p>\n<p>Mars 2020<br \/>\nTitel: Myprocornea<br \/>\nBeskrivning: Brit granskar anpassningsprogrammet MyProcornea<br \/>\n<a href=\"https:\/\/vimeo.com\/473454847\" target=\"_blank\" rel=\"noopener noreferrer\">Se i stort format<\/a><br \/>\n<iframe loading=\"lazy\" src=\"https:\/\/player.vimeo.com\/video\/473454847\" width=\"320\" height=\"282\" frameborder=\"0\" allowfullscreen=\"allowfullscreen\"><\/iframe><\/p>\n<hr \/>\n<p>September 2019<br \/>\nTitel: Troubleshooting Nattlinser<br \/>\nBeskrivning: Tine och Johan genomg\u00e5r olika utmaningar<br \/>\n<a href=\"https:\/\/vimeo.com\/473413265\" target=\"_blank\" rel=\"noopener noreferrer\">Se i stort format<\/a><br \/>\n<iframe loading=\"lazy\" src=\"https:\/\/player.vimeo.com\/video\/473413265\" width=\"320\" height=\"282\" frameborder=\"0\" allowfullscreen=\"allowfullscreen\"><\/iframe><\/p>\n<hr \/>\n<p>Juni 2019<br \/>\nTitel: Troubleshooting Nattlinser<br \/>\nBeskrivning: Tine och Johan genomg\u00e5r olika utmaningar<br \/>\n<a href=\"https:\/\/vimeo.com\/478046774\" target=\"_blank\" rel=\"noopener noreferrer\">Se i stort format<\/a><br \/>\n<iframe loading=\"lazy\" src=\"https:\/\/player.vimeo.com\/video\/478046774\" width=\"320\" height=\"282\" frameborder=\"0\" allowfullscreen=\"allowfullscreen\"><\/iframe><\/p>\n<hr \/>\n<p>[\/vc_column_text][\/vc_column][vc_column width=&#8221;1\/2&#8243;][vc_column_text]<strong>Reklam och instruktioner:<br \/>\n<\/strong><br \/>\nMars 2021<br \/>\nTitel: Byo Premium<br \/>\nBeskrivelse: Byo Premium reklame av Procornea<br \/>\n<iframe loading=\"lazy\" src=\"https:\/\/www.youtube.com\/embed\/zP7aVoFYg14\" width=\"320\" height=\"175\" frameborder=\"0\" allowfullscreen=\"allowfullscreen\"><\/iframe><\/p>\n<hr \/>\n<p>Oktober 2020<br \/>\nTitel: Nattlinser f\u00f6r barn<br \/>\nBeskrivning: Ny kortfilm f\u00f6r sociala medier<br \/>\n<a href=\"https:\/\/enseyes.com\/docs\/SHORT%20SE%20children%20-%20ENS%20Eyes.mp4\" target=\"_blank\" rel=\"noopener noreferrer\">Download<\/a><br \/>\n<iframe loading=\"lazy\" src=\"https:\/\/player.vimeo.com\/video\/473051881\" width=\"320\" height=\"282\" frameborder=\"0\" allowfullscreen=\"allowfullscreen\"><\/iframe><\/p>\n<hr \/>\n<p>Oktober 2020<br \/>\nTitel: Nattlinser f\u00f6r unga m\u00e4nniskor<br \/>\nBeskrivning: Ny kortfilm f\u00f6r sociala medier<br \/>\n<a href=\"https:\/\/enseyes.com\/docs\/SHORT%20SE%20youth%20-%20ENS%20Eyes%20-%20logo.mp4\" target=\"_blank\" rel=\"noopener noreferrer\">Download<\/a><br \/>\n<iframe loading=\"lazy\" src=\"https:\/\/player.vimeo.com\/video\/473051975\" width=\"320\" height=\"282\" frameborder=\"0\" allowfullscreen=\"allowfullscreen\"><\/iframe><\/p>\n<hr \/>\n<p>Januar 2019<br \/>\nTitel: Is\u00e4tning av mjuka kontaktlinser<br \/>\nBeskrivning: Instruktionsvideo f\u00f6r ins\u00e4ttning av linser<br \/>\n<a href=\"https:\/\/enseyes.com\/docs\/ENS%20FILM%201%20SE%20-%20isa%CC%88ttning%20av%20mjuka%20kontaktlinser%20-%20web.mp4\" target=\"_blank\" rel=\"noopener noreferrer\">Download<\/a><br \/>\n<iframe loading=\"lazy\" src=\"https:\/\/player.vimeo.com\/video\/311675660\" width=\"320\" height=\"282\" frameborder=\"0\" allowfullscreen=\"allowfullscreen\"><\/iframe><\/p>\n<hr \/>\n<p>Januar 2019<br \/>\nTitel: Uttagning av mjuka kontaktlinser<br \/>\nBeskrivning: Instruktionsvideo f\u00f6r uttagning av linser<br \/>\n<a href=\"https:\/\/enseyes.com\/docs\/ENS%20FILM%202%20SE%20-%20uttagning%20av%20mjuka%20kontaktlinser%20-%20web.mp4\" target=\"_blank\" rel=\"noopener noreferrer\">Download<\/a><br \/>\n<iframe loading=\"lazy\" src=\"https:\/\/player.vimeo.com\/video\/311675698\" width=\"320\" height=\"282\" frameborder=\"0\" allowfullscreen=\"allowfullscreen\"><\/iframe><\/p>\n<hr \/>\n<p>Januar 2019<br \/>\nTitel: Is\u00e4tning av nattlinser<br \/>\nBeskrivning: Instruktionsvideo f\u00f6r is\u00e4tning av linser<br \/>\n<a href=\"https:\/\/enseyes.com\/docs\/ENS%20FILM%203%20SE%20-%20isa%CC%88ttning%20av%20nattlinser%20-%20web.mp4\" target=\"_blank\" rel=\"noopener noreferrer\">Download<\/a><br \/>\n<iframe loading=\"lazy\" src=\"https:\/\/player.vimeo.com\/video\/311675718\" width=\"320\" height=\"282\" frameborder=\"0\" allowfullscreen=\"allowfullscreen\"><\/iframe><\/p>\n<hr \/>\n<p>Januar 2019<br \/>\nTitel: Uttagning av nattlinser<br \/>\nBeskrivning: Instruktionsvideo f\u00f6r uttagning av linser<br \/>\n<a href=\"https:\/\/enseyes.com\/docs\/ENS%20FILM%204%20SE%20-%20uttagning%20av%20nattlinser%20-%20web.mp4\" target=\"_blank\" rel=\"noopener noreferrer\">Download<\/a><br \/>\n<iframe loading=\"lazy\" src=\"https:\/\/player.vimeo.com\/video\/311675741\" width=\"320\" height=\"282\" frameborder=\"0\" allowfullscreen=\"allowfullscreen\"><\/iframe><\/p>\n<hr \/>\n<p>Januar 2019<br \/>\nTitel: Is\u00e4tning av sclerale linser<br \/>\nBeskrivning: Instruktionsvideo f\u00f6r is\u00e4tning av linser<br \/>\n<a href=\"https:\/\/enseyes.com\/docs\/ENS%20FILM%205%20SE%20-%20isa%CC%88ttning%20av%20sklerala%20kontaktlinser%20-%20web.mp4\" target=\"_blank\" rel=\"noopener noreferrer\">Download<\/a><br \/>\n<iframe loading=\"lazy\" src=\"https:\/\/player.vimeo.com\/video\/311662649\" width=\"320\" height=\"282\" frameborder=\"0\" allowfullscreen=\"allowfullscreen\"><\/iframe><\/p>\n<hr \/>\n<p>Januar 2019<br \/>\nTitel: Uttagning av sclerale linser<br \/>\nBeskrivning: Instruktionsvideo f\u00f6r uttagning av linser<br \/>\n<a href=\"https:\/\/enseyes.com\/docs\/ENS%20FILM%206%20SE%20-%20uttagning%20av%20sklerala%20kontaktlinser%20-%20web.mp4\" target=\"_blank\" rel=\"noopener noreferrer\">Download<\/a><br \/>\n<iframe loading=\"lazy\" src=\"https:\/\/player.vimeo.com\/video\/311662704\" width=\"320\" height=\"282\" frameborder=\"0\" allowfullscreen=\"allowfullscreen\"><\/iframe><\/p>\n<hr \/>\n<p>Augusti 2018<br \/>\nTitel: Nattlinser f\u00f6r ungdomar<br \/>\nBeskrivning: Full l\u00e4ngd f\u00f6r t.ex. Sociala media<br \/>\n<a href=\"https:\/\/enseyes.com\/docs\/SE%20youth%20-%20ENS%20Eyes%20-%20logo.mp4\" target=\"_blank\" rel=\"noopener noreferrer\">Download<\/a><br \/>\n<iframe loading=\"lazy\" src=\"https:\/\/player.vimeo.com\/video\/253412912\" width=\"320\" height=\"282\" frameborder=\"0\" allowfullscreen=\"allowfullscreen\"><\/iframe><\/p>\n<hr \/>\n<p>Augusti 2018<br \/>\nTitel: Nattlinser f\u00f6r barn<br \/>\nBeskrivning: Full l\u00e4ngd f\u00f6r t.ex. Sociala media<br \/>\n<a href=\"https:\/\/enseyes.com\/docs\/SE%20children%20-%20ENS%20Eyes%20-%20logo.mp4\" target=\"_blank\" rel=\"noopener noreferrer\">Download<\/a><br \/>\n<iframe loading=\"lazy\" src=\"https:\/\/player.vimeo.com\/video\/274040671\" width=\"320\" height=\"282\" frameborder=\"0\" allowfullscreen=\"allowfullscreen\"><\/iframe><\/p>\n<hr \/>\n<p>Augusti 2018<br \/>\nTitel: Nattlinser f\u00f6r vuxna<br \/>\nBeskrivning: Full l\u00e4ngd f\u00f6r t.ex. Sociala media<br \/>\n<a href=\"https:\/\/enseyes.com\/docs\/SE%20adults%20-%20ENS%20Eyes%20-%20logo.mp4\" target=\"_blank\" rel=\"noopener noreferrer\">Download<\/a><br \/>\n<iframe loading=\"lazy\" src=\"https:\/\/player.vimeo.com\/video\/306127749\" width=\"320\" height=\"282\" frameborder=\"0\" allowfullscreen=\"allowfullscreen\"><\/iframe><\/p>\n<hr \/>\n<p>[\/vc_column_text][\/vc_column][\/vc_row]<\/p>\n<\/div>","protected":false},"excerpt":{"rendered":"<p>[vc_row][vc_column][vc_column_text]H\u00e4r kan du titta p\u00e5 och ladda ner v\u00e5rt videomaterial[\/vc_column_text][\/vc_column][vc_column width=&#8221;1\/2&#8243;][vc_column_text]Webinar: Mars 2021 Titel: Sclerallinser Troubleshooting Beskrivning: Tine genomg\u00e5r Troubleshooting p\u00e5 Sclerallinser Visa i stort format Februari 2021 Titel: Nattlinser Troubleshooting Beskrivning: Tine genomg\u00e5r Troubleshooting p\u00e5 nattlinser Visa i stort<\/p>\n","protected":false},"author":172,"featured_media":0,"parent":3157,"menu_order":0,"comment_status":"closed","ping_status":"closed","template":"","meta":{"_acf_changed":false,"footnotes":""},"class_list":["post-49245","page","type-page","status-publish","hentry"],"acf":[],"yoast_head":"<!-- This site is optimized with the Yoast SEO plugin v27.4 - https:\/\/yoast.com\/product\/yoast-seo-wordpress\/ -->\n<title>Videoer - EnsEyes<\/title>\n<meta name=\"robots\" content=\"index, follow, max-snippet:-1, max-image-preview:large, max-video-preview:-1\" \/>\n<link rel=\"canonical\" href=\"https:\/\/enseyes.com\/sv\/support\/videoer\/\" \/>\n<meta property=\"og:locale\" content=\"sv_SE\" \/>\n<meta property=\"og:type\" content=\"article\" \/>\n<meta property=\"og:title\" content=\"Videoer - EnsEyes\" \/>\n<meta property=\"og:description\" content=\"[vc_row][vc_column][vc_column_text]H\u00e4r kan du titta p\u00e5 och ladda ner v\u00e5rt videomaterial[\/vc_column_text][\/vc_column][vc_column width=&#8221;1\/2&#8243;][vc_column_text]Webinar: Mars 2021 Titel: Sclerallinser Troubleshooting Beskrivning: Tine genomg\u00e5r Troubleshooting p\u00e5 Sclerallinser Visa i stort format Februari 2021 Titel: Nattlinser Troubleshooting Beskrivning: Tine genomg\u00e5r Troubleshooting p\u00e5 nattlinser Visa i stort\" \/>\n<meta property=\"og:url\" content=\"https:\/\/enseyes.com\/sv\/support\/videoer\/\" \/>\n<meta property=\"og:site_name\" content=\"EnsEyes\" \/>\n<meta property=\"article:modified_time\" content=\"2021-03-17T10:18:09+00:00\" \/>\n<meta name=\"twitter:card\" content=\"summary_large_image\" \/>\n<meta name=\"twitter:label1\" content=\"Ber\u00e4knad l\u00e4stid\" \/>\n\t<meta name=\"twitter:data1\" content=\"2 minuter\" \/>\n<script type=\"application\/ld+json\" class=\"yoast-schema-graph\">{\"@context\":\"https:\\\/\\\/schema.org\",\"@graph\":[{\"@type\":\"WebPage\",\"@id\":\"https:\\\/\\\/enseyes.com\\\/sv\\\/support\\\/videoer\\\/\",\"url\":\"https:\\\/\\\/enseyes.com\\\/sv\\\/support\\\/videoer\\\/\",\"name\":\"Videoer - EnsEyes\",\"isPartOf\":{\"@id\":\"https:\\\/\\\/enseyes.com\\\/sv\\\/#website\"},\"datePublished\":\"2020-10-28T12:27:58+00:00\",\"dateModified\":\"2021-03-17T10:18:09+00:00\",\"breadcrumb\":{\"@id\":\"https:\\\/\\\/enseyes.com\\\/sv\\\/support\\\/videoer\\\/#breadcrumb\"},\"inLanguage\":\"sv-SE\",\"potentialAction\":[{\"@type\":\"ReadAction\",\"target\":[\"https:\\\/\\\/enseyes.com\\\/sv\\\/support\\\/videoer\\\/\"]}]},{\"@type\":\"BreadcrumbList\",\"@id\":\"https:\\\/\\\/enseyes.com\\\/sv\\\/support\\\/videoer\\\/#breadcrumb\",\"itemListElement\":[{\"@type\":\"ListItem\",\"position\":1,\"name\":\"Hjem\",\"item\":\"https:\\\/\\\/enseyes.com\\\/sv\\\/\"},{\"@type\":\"ListItem\",\"position\":2,\"name\":\"Support\",\"item\":\"https:\\\/\\\/enseyes.com\\\/sv\\\/support\\\/\"},{\"@type\":\"ListItem\",\"position\":3,\"name\":\"Videoer\"}]},{\"@type\":\"WebSite\",\"@id\":\"https:\\\/\\\/enseyes.com\\\/sv\\\/#website\",\"url\":\"https:\\\/\\\/enseyes.com\\\/sv\\\/\",\"name\":\"EnsEyes\",\"description\":\"Cornea Care\",\"potentialAction\":[{\"@type\":\"SearchAction\",\"target\":{\"@type\":\"EntryPoint\",\"urlTemplate\":\"https:\\\/\\\/enseyes.com\\\/sv\\\/?s={search_term_string}\"},\"query-input\":{\"@type\":\"PropertyValueSpecification\",\"valueRequired\":true,\"valueName\":\"search_term_string\"}}],\"inLanguage\":\"sv-SE\"}]}<\/script>\n<!-- \/ Yoast SEO plugin. -->","yoast_head_json":{"title":"Videoer - EnsEyes","robots":{"index":"index","follow":"follow","max-snippet":"max-snippet:-1","max-image-preview":"max-image-preview:large","max-video-preview":"max-video-preview:-1"},"canonical":"https:\/\/enseyes.com\/sv\/support\/videoer\/","og_locale":"sv_SE","og_type":"article","og_title":"Videoer - EnsEyes","og_description":"[vc_row][vc_column][vc_column_text]H\u00e4r kan du titta p\u00e5 och ladda ner v\u00e5rt videomaterial[\/vc_column_text][\/vc_column][vc_column width=&#8221;1\/2&#8243;][vc_column_text]Webinar: Mars 2021 Titel: Sclerallinser Troubleshooting Beskrivning: Tine genomg\u00e5r Troubleshooting p\u00e5 Sclerallinser Visa i stort format Februari 2021 Titel: Nattlinser Troubleshooting Beskrivning: Tine genomg\u00e5r Troubleshooting p\u00e5 nattlinser Visa i stort","og_url":"https:\/\/enseyes.com\/sv\/support\/videoer\/","og_site_name":"EnsEyes","article_modified_time":"2021-03-17T10:18:09+00:00","twitter_card":"summary_large_image","twitter_misc":{"Ber\u00e4knad l\u00e4stid":"2 minuter"},"schema":{"@context":"https:\/\/schema.org","@graph":[{"@type":"WebPage","@id":"https:\/\/enseyes.com\/sv\/support\/videoer\/","url":"https:\/\/enseyes.com\/sv\/support\/videoer\/","name":"Videoer - EnsEyes","isPartOf":{"@id":"https:\/\/enseyes.com\/sv\/#website"},"datePublished":"2020-10-28T12:27:58+00:00","dateModified":"2021-03-17T10:18:09+00:00","breadcrumb":{"@id":"https:\/\/enseyes.com\/sv\/support\/videoer\/#breadcrumb"},"inLanguage":"sv-SE","potentialAction":[{"@type":"ReadAction","target":["https:\/\/enseyes.com\/sv\/support\/videoer\/"]}]},{"@type":"BreadcrumbList","@id":"https:\/\/enseyes.com\/sv\/support\/videoer\/#breadcrumb","itemListElement":[{"@type":"ListItem","position":1,"name":"Hjem","item":"https:\/\/enseyes.com\/sv\/"},{"@type":"ListItem","position":2,"name":"Support","item":"https:\/\/enseyes.com\/sv\/support\/"},{"@type":"ListItem","position":3,"name":"Videoer"}]},{"@type":"WebSite","@id":"https:\/\/enseyes.com\/sv\/#website","url":"https:\/\/enseyes.com\/sv\/","name":"EnsEyes","description":"Cornea Care","potentialAction":[{"@type":"SearchAction","target":{"@type":"EntryPoint","urlTemplate":"https:\/\/enseyes.com\/sv\/?s={search_term_string}"},"query-input":{"@type":"PropertyValueSpecification","valueRequired":true,"valueName":"search_term_string"}}],"inLanguage":"sv-SE"}]}},"_links":{"self":[{"href":"https:\/\/enseyes.com\/sv\/wp-json\/wp\/v2\/pages\/49245","targetHints":{"allow":["GET"]}}],"collection":[{"href":"https:\/\/enseyes.com\/sv\/wp-json\/wp\/v2\/pages"}],"about":[{"href":"https:\/\/enseyes.com\/sv\/wp-json\/wp\/v2\/types\/page"}],"author":[{"embeddable":true,"href":"https:\/\/enseyes.com\/sv\/wp-json\/wp\/v2\/users\/172"}],"replies":[{"embeddable":true,"href":"https:\/\/enseyes.com\/sv\/wp-json\/wp\/v2\/comments?post=49245"}],"version-history":[{"count":0,"href":"https:\/\/enseyes.com\/sv\/wp-json\/wp\/v2\/pages\/49245\/revisions"}],"up":[{"embeddable":true,"href":"https:\/\/enseyes.com\/sv\/wp-json\/wp\/v2\/pages\/3157"}],"wp:attachment":[{"href":"https:\/\/enseyes.com\/sv\/wp-json\/wp\/v2\/media?parent=49245"}],"curies":[{"name":"wp","href":"https:\/\/api.w.org\/{rel}","templated":true}]}}