{"id":50446,"date":"2021-02-17T16:32:03","date_gmt":"2021-02-17T15:32:03","guid":{"rendered":"https:\/\/enseyes.com\/myopikontrol\/"},"modified":"2021-12-14T16:11:34","modified_gmt":"2021-12-14T15:11:34","slug":"myopikontrol","status":"publish","type":"page","link":"https:\/\/enseyes.com\/sv\/myopikontrol\/","title":{"rendered":"myopi kontroll"},"content":{"rendered":"<div class=\"wpb-content-wrapper\"><p>[vc_row][vc_column width=&#8221;1\/2&#8243;][vc_column_text]<\/p>\n<h3><a href=\"https:\/\/enseyes.com\/sv\/dreamlite\/\" rel=\"https:\/\/enseyes.com\/produkter\/topografisk-tilpassede-linser\/natlinser\/\"><img loading=\"lazy\" decoding=\"async\" class=\"alignnone wp-image-49730 size-large\" src=\"https:\/\/enseyes.com\/wp-content\/uploads\/2021\/02\/inandout-1024x441.jpg\" alt=\"\" width=\"1000\" height=\"431\" srcset=\"https:\/\/enseyes.com\/wp-content\/uploads\/2021\/02\/inandout-1024x441.jpg 1024w, https:\/\/enseyes.com\/wp-content\/uploads\/2021\/02\/inandout-300x129.jpg 300w, https:\/\/enseyes.com\/wp-content\/uploads\/2021\/02\/inandout-768x331.jpg 768w, https:\/\/enseyes.com\/wp-content\/uploads\/2021\/02\/inandout-1536x662.jpg 1536w, https:\/\/enseyes.com\/wp-content\/uploads\/2021\/02\/inandout.jpg 1920w\" sizes=\"auto, (max-width: 1000px) 100vw, 1000px\" \/><\/a><br \/>\n<a href=\"https:\/\/enseyes.com\/sv\/dreamlite\/\">Nattlinser<\/a><\/h3>\n<p>Med v\u00e5ra h\u00e5rda (ortho-K) linser beh\u00f6ver du bara b\u00e4ra dem n\u00e4r du sover och se klart under dagen, helt utan glas\u00f6gon eller andra linser.<br \/>\n<a href=\"https:\/\/enseyes.com\/sv\/dreamlite\/\">Se mer h\u00e4r<\/a>[\/vc_column_text][\/vc_column][vc_column width=&#8221;1\/2&#8243;][vc_column_text]<\/p>\n<h3><a href=\"https:\/\/enseyes.com\/wp-content\/uploads\/2021\/03\/kosttilskud_banner.png\"><img loading=\"lazy\" decoding=\"async\" class=\"alignnone wp-image-50112 size-large\" src=\"https:\/\/enseyes.com\/wp-content\/uploads\/2021\/03\/kosttilskud_banner-1024x415.png\" alt=\"\" width=\"1000\" height=\"405\" srcset=\"https:\/\/enseyes.com\/wp-content\/uploads\/2021\/03\/kosttilskud_banner-1024x415.png 1024w, https:\/\/enseyes.com\/wp-content\/uploads\/2021\/03\/kosttilskud_banner-300x122.png 300w, https:\/\/enseyes.com\/wp-content\/uploads\/2021\/03\/kosttilskud_banner-768x312.png 768w, https:\/\/enseyes.com\/wp-content\/uploads\/2021\/03\/kosttilskud_banner.png 1427w\" sizes=\"auto, (max-width: 1000px) 100vw, 1000px\" \/><\/a><br \/>\n<a href=\"https:\/\/enseyes.com\/sv\/byo-premium-mc\/\">Mjuka linser<\/a><\/h3>\n<ul>\n<li>Mjuka kontaktlinser i silikonhydrogelmaterial, anv\u00e4nds f\u00f6r att korrigera oregelbundna hornhinnor.<\/li>\n<li>M\u00e4rkbart b\u00e4ttre syn \u00e4n med normala mjuka kontaktlinser.<\/li>\n<li>Perfekt f\u00f6r sport, i dammiga milj\u00f6er, f\u00f6r semestern eller som ett komplement till befintliga kontaktlinser.<\/li>\n<\/ul>\n<p>BYO Premium MC \u00e4r ett 3-m\u00e5naders linse som kommer i b\u00e5de sf\u00e4risk och torisk design.<br \/>\n<a href=\"https:\/\/enseyes.com\/sv\/byo-premium-mc\/\">Se mer h\u00e4r<\/a>[\/vc_column_text][\/vc_column][\/vc_row][vc_row][vc_column][vc_column_text]<\/p>\n<hr \/>\n<p>[\/vc_column_text][\/vc_column][\/vc_row][vc_row][vc_column][vc_column_text]<\/p>\n<h3 style=\"text-align: center;\">Myopi kontroll studien<\/h3>\n<p style=\"text-align: center;\">H\u00e4r pratar Trine M\u00f8ldrup Jakobsen fr\u00e5n Vejle Hospital om myopikontroll med nattlinser fr\u00e5n ens eyes. <a href=\"https:\/\/enseyes.com\/sv\/forskningsprojekt\/\">Artikel om studien.<\/a><br \/>\nKlicka p\u00e5 videon f\u00f6r att spela.<\/p>\n<p>[\/vc_column_text][\/vc_column][\/vc_row][vc_row][vc_column][vc_video link=&#8221;https:\/\/player.vimeo.com\/video\/447442584&#8243;][\/vc_column][\/vc_row]<\/p>\n<\/div>","protected":false},"excerpt":{"rendered":"<p>[vc_row][vc_column width=&#8221;1\/2&#8243;][vc_column_text] Nattlinser Med v\u00e5ra h\u00e5rda (ortho-K) linser beh\u00f6ver du bara b\u00e4ra dem n\u00e4r du sover och se klart under dagen, helt utan glas\u00f6gon eller andra linser. Se mer h\u00e4r[\/vc_column_text][\/vc_column][vc_column width=&#8221;1\/2&#8243;][vc_column_text] Mjuka linser Mjuka kontaktlinser i silikonhydrogelmaterial, anv\u00e4nds f\u00f6r att<\/p>\n","protected":false},"author":172,"featured_media":0,"parent":0,"menu_order":0,"comment_status":"closed","ping_status":"closed","template":"","meta":{"_acf_changed":false,"footnotes":""},"class_list":["post-50446","page","type-page","status-publish","hentry"],"acf":[],"yoast_head":"<!-- This site is optimized with the Yoast SEO plugin v27.5 - https:\/\/yoast.com\/product\/yoast-seo-wordpress\/ -->\n<title>myopi kontroll - EnsEyes<\/title>\n<meta name=\"robots\" content=\"index, follow, max-snippet:-1, max-image-preview:large, max-video-preview:-1\" \/>\n<link rel=\"canonical\" href=\"https:\/\/enseyes.com\/sv\/myopikontrol\/\" \/>\n<meta property=\"og:locale\" content=\"sv_SE\" \/>\n<meta property=\"og:type\" content=\"article\" \/>\n<meta property=\"og:title\" content=\"myopi kontroll - EnsEyes\" \/>\n<meta property=\"og:description\" content=\"[vc_row][vc_column width=&#8221;1\/2&#8243;][vc_column_text] Nattlinser Med v\u00e5ra h\u00e5rda (ortho-K) linser beh\u00f6ver du bara b\u00e4ra dem n\u00e4r du sover och se klart under dagen, helt utan glas\u00f6gon eller andra linser. Se mer h\u00e4r[\/vc_column_text][\/vc_column][vc_column width=&#8221;1\/2&#8243;][vc_column_text] Mjuka linser Mjuka kontaktlinser i silikonhydrogelmaterial, anv\u00e4nds f\u00f6r att\" \/>\n<meta property=\"og:url\" content=\"https:\/\/enseyes.com\/sv\/myopikontrol\/\" \/>\n<meta property=\"og:site_name\" content=\"EnsEyes\" \/>\n<meta property=\"article:modified_time\" content=\"2021-12-14T15:11:34+00:00\" \/>\n<meta property=\"og:image\" content=\"https:\/\/enseyes.com\/wp-content\/uploads\/2021\/02\/inandout-1024x441.jpg\" \/>\n<meta name=\"twitter:card\" content=\"summary_large_image\" \/>\n<meta name=\"twitter:label1\" content=\"Ber\u00e4knad l\u00e4stid\" \/>\n\t<meta name=\"twitter:data1\" content=\"1 minut\" \/>\n<script type=\"application\/ld+json\" class=\"yoast-schema-graph\">{\"@context\":\"https:\\\/\\\/schema.org\",\"@graph\":[{\"@type\":\"WebPage\",\"@id\":\"https:\\\/\\\/enseyes.com\\\/sv\\\/myopikontrol\\\/\",\"url\":\"https:\\\/\\\/enseyes.com\\\/sv\\\/myopikontrol\\\/\",\"name\":\"myopi kontroll - EnsEyes\",\"isPartOf\":{\"@id\":\"https:\\\/\\\/enseyes.com\\\/sv\\\/#website\"},\"primaryImageOfPage\":{\"@id\":\"https:\\\/\\\/enseyes.com\\\/sv\\\/myopikontrol\\\/#primaryimage\"},\"image\":{\"@id\":\"https:\\\/\\\/enseyes.com\\\/sv\\\/myopikontrol\\\/#primaryimage\"},\"thumbnailUrl\":\"https:\\\/\\\/enseyes.com\\\/wp-content\\\/uploads\\\/2021\\\/02\\\/inandout-1024x441.jpg\",\"datePublished\":\"2021-02-17T15:32:03+00:00\",\"dateModified\":\"2021-12-14T15:11:34+00:00\",\"breadcrumb\":{\"@id\":\"https:\\\/\\\/enseyes.com\\\/sv\\\/myopikontrol\\\/#breadcrumb\"},\"inLanguage\":\"sv-SE\",\"potentialAction\":[{\"@type\":\"ReadAction\",\"target\":[\"https:\\\/\\\/enseyes.com\\\/sv\\\/myopikontrol\\\/\"]}]},{\"@type\":\"ImageObject\",\"inLanguage\":\"sv-SE\",\"@id\":\"https:\\\/\\\/enseyes.com\\\/sv\\\/myopikontrol\\\/#primaryimage\",\"url\":\"https:\\\/\\\/enseyes.com\\\/wp-content\\\/uploads\\\/2021\\\/02\\\/inandout-1024x441.jpg\",\"contentUrl\":\"https:\\\/\\\/enseyes.com\\\/wp-content\\\/uploads\\\/2021\\\/02\\\/inandout-1024x441.jpg\"},{\"@type\":\"BreadcrumbList\",\"@id\":\"https:\\\/\\\/enseyes.com\\\/sv\\\/myopikontrol\\\/#breadcrumb\",\"itemListElement\":[{\"@type\":\"ListItem\",\"position\":1,\"name\":\"Hjem\",\"item\":\"https:\\\/\\\/enseyes.com\\\/sv\\\/\"},{\"@type\":\"ListItem\",\"position\":2,\"name\":\"myopi kontroll\"}]},{\"@type\":\"WebSite\",\"@id\":\"https:\\\/\\\/enseyes.com\\\/sv\\\/#website\",\"url\":\"https:\\\/\\\/enseyes.com\\\/sv\\\/\",\"name\":\"EnsEyes\",\"description\":\"Cornea Care\",\"potentialAction\":[{\"@type\":\"SearchAction\",\"target\":{\"@type\":\"EntryPoint\",\"urlTemplate\":\"https:\\\/\\\/enseyes.com\\\/sv\\\/?s={search_term_string}\"},\"query-input\":{\"@type\":\"PropertyValueSpecification\",\"valueRequired\":true,\"valueName\":\"search_term_string\"}}],\"inLanguage\":\"sv-SE\"}]}<\/script>\n<!-- \/ Yoast SEO plugin. -->","yoast_head_json":{"title":"myopi kontroll - EnsEyes","robots":{"index":"index","follow":"follow","max-snippet":"max-snippet:-1","max-image-preview":"max-image-preview:large","max-video-preview":"max-video-preview:-1"},"canonical":"https:\/\/enseyes.com\/sv\/myopikontrol\/","og_locale":"sv_SE","og_type":"article","og_title":"myopi kontroll - EnsEyes","og_description":"[vc_row][vc_column width=&#8221;1\/2&#8243;][vc_column_text] Nattlinser Med v\u00e5ra h\u00e5rda (ortho-K) linser beh\u00f6ver du bara b\u00e4ra dem n\u00e4r du sover och se klart under dagen, helt utan glas\u00f6gon eller andra linser. Se mer h\u00e4r[\/vc_column_text][\/vc_column][vc_column width=&#8221;1\/2&#8243;][vc_column_text] Mjuka linser Mjuka kontaktlinser i silikonhydrogelmaterial, anv\u00e4nds f\u00f6r att","og_url":"https:\/\/enseyes.com\/sv\/myopikontrol\/","og_site_name":"EnsEyes","article_modified_time":"2021-12-14T15:11:34+00:00","og_image":[{"url":"https:\/\/enseyes.com\/wp-content\/uploads\/2021\/02\/inandout-1024x441.jpg","type":"","width":"","height":""}],"twitter_card":"summary_large_image","twitter_misc":{"Ber\u00e4knad l\u00e4stid":"1 minut"},"schema":{"@context":"https:\/\/schema.org","@graph":[{"@type":"WebPage","@id":"https:\/\/enseyes.com\/sv\/myopikontrol\/","url":"https:\/\/enseyes.com\/sv\/myopikontrol\/","name":"myopi kontroll - EnsEyes","isPartOf":{"@id":"https:\/\/enseyes.com\/sv\/#website"},"primaryImageOfPage":{"@id":"https:\/\/enseyes.com\/sv\/myopikontrol\/#primaryimage"},"image":{"@id":"https:\/\/enseyes.com\/sv\/myopikontrol\/#primaryimage"},"thumbnailUrl":"https:\/\/enseyes.com\/wp-content\/uploads\/2021\/02\/inandout-1024x441.jpg","datePublished":"2021-02-17T15:32:03+00:00","dateModified":"2021-12-14T15:11:34+00:00","breadcrumb":{"@id":"https:\/\/enseyes.com\/sv\/myopikontrol\/#breadcrumb"},"inLanguage":"sv-SE","potentialAction":[{"@type":"ReadAction","target":["https:\/\/enseyes.com\/sv\/myopikontrol\/"]}]},{"@type":"ImageObject","inLanguage":"sv-SE","@id":"https:\/\/enseyes.com\/sv\/myopikontrol\/#primaryimage","url":"https:\/\/enseyes.com\/wp-content\/uploads\/2021\/02\/inandout-1024x441.jpg","contentUrl":"https:\/\/enseyes.com\/wp-content\/uploads\/2021\/02\/inandout-1024x441.jpg"},{"@type":"BreadcrumbList","@id":"https:\/\/enseyes.com\/sv\/myopikontrol\/#breadcrumb","itemListElement":[{"@type":"ListItem","position":1,"name":"Hjem","item":"https:\/\/enseyes.com\/sv\/"},{"@type":"ListItem","position":2,"name":"myopi kontroll"}]},{"@type":"WebSite","@id":"https:\/\/enseyes.com\/sv\/#website","url":"https:\/\/enseyes.com\/sv\/","name":"EnsEyes","description":"Cornea Care","potentialAction":[{"@type":"SearchAction","target":{"@type":"EntryPoint","urlTemplate":"https:\/\/enseyes.com\/sv\/?s={search_term_string}"},"query-input":{"@type":"PropertyValueSpecification","valueRequired":true,"valueName":"search_term_string"}}],"inLanguage":"sv-SE"}]}},"_links":{"self":[{"href":"https:\/\/enseyes.com\/sv\/wp-json\/wp\/v2\/pages\/50446","targetHints":{"allow":["GET"]}}],"collection":[{"href":"https:\/\/enseyes.com\/sv\/wp-json\/wp\/v2\/pages"}],"about":[{"href":"https:\/\/enseyes.com\/sv\/wp-json\/wp\/v2\/types\/page"}],"author":[{"embeddable":true,"href":"https:\/\/enseyes.com\/sv\/wp-json\/wp\/v2\/users\/172"}],"replies":[{"embeddable":true,"href":"https:\/\/enseyes.com\/sv\/wp-json\/wp\/v2\/comments?post=50446"}],"version-history":[{"count":0,"href":"https:\/\/enseyes.com\/sv\/wp-json\/wp\/v2\/pages\/50446\/revisions"}],"wp:attachment":[{"href":"https:\/\/enseyes.com\/sv\/wp-json\/wp\/v2\/media?parent=50446"}],"curies":[{"name":"wp","href":"https:\/\/api.w.org\/{rel}","templated":true}]}}