{"id":50451,"date":"2021-02-18T15:33:07","date_gmt":"2021-02-18T14:33:07","guid":{"rendered":"https:\/\/enseyes.com\/dreamlite\/"},"modified":"2021-04-21T12:16:31","modified_gmt":"2021-04-21T11:16:31","slug":"dreamlite","status":"publish","type":"page","link":"https:\/\/enseyes.com\/sv\/dreamlite\/","title":{"rendered":"dreamlite"},"content":{"rendered":"<div class=\"wpb-content-wrapper\"><p>[vc_row][vc_column][vc_single_image image=&#8221;49730&#8243; img_size=&#8221;full&#8221;][\/vc_column][\/vc_row][vc_row][vc_column width=&#8221;1\/2&#8243;][vc_column_text]<\/p>\n<h3><a href=\"https:\/\/enseyes.com\/sv\/produkter\/topografisk-tilpassede-linser\/natlinser\/\">Dreamlite<\/a><\/h3>\n<p>[\/vc_column_text][vc_column_text]<\/p>\n<ul>\n<li>Frig\u00f6r dig fr\u00e5n glas\u00f6gon och kontaktlinser under dagen<\/li>\n<li>En s\u00e4ker och helt reversibel synkorrigering<\/li>\n<li>Ett icke-kirurgiskt alternativ till brytningsoperation<\/li>\n<\/ul>\n<p>Du kommer inte tro dina egna \u00f6gon! Hur l\u00e4tt kan det vara? Anv\u00e4nd dina kontakter p\u00e5 natten och upplev en tydlig och trevlig syn p\u00e5 att vakna, som bibeh\u00e5lls resten av dagen utan att anv\u00e4nda glas\u00f6gon eller linser. Det perfekta alternativet f\u00f6r vanliga kontaktlinsb\u00e4rare som lider av rodnad och torrhet i \u00f6gonen och f\u00f6r personer med en aktiv livsstil.[\/vc_column_text][vc_single_image image=&#8221;49735&#8243; img_size=&#8221;medium&#8221; onclick=&#8221;custom_link&#8221; link=&#8221;https:\/\/enseyes.com\/sv\/produkter\/topografisk-tilpassede-linser\/natlinser\/&#8221;][vc_column_text]<a href=\"https:\/\/enseyes.com\/sv\/produkter\/topografisk-tilpassede-linser\/natlinser\/\">Se mer h\u00e4r<\/a>[\/vc_column_text][\/vc_column][vc_column width=&#8221;1\/2&#8243;][vc_column_text]<\/p>\n<h3><a href=\"https:\/\/enseyes.com\/sv\/produkter\/topografisk-tilpassede-linser\/natlinser-zoom\/\">Dreamlite zoom<\/a><\/h3>\n<p>[\/vc_column_text][vc_column_text]<\/p>\n<ul>\n<li>DreamLite Zoom har alla de goda egenskaperna hos DreamLite<\/li>\n<li>L\u00e4gger till multifokal zon<\/li>\n<li>Bli av med l\u00e4sning och skyddsglas\u00f6gon<\/li>\n<\/ul>\n<p>Befintliga anv\u00e4ndare av nattlinser kan \u00f6verf\u00f6ras direkt till DreamLite Zoom, f\u00f6rutsatt att kunden \u00e4r v\u00e4l n\u00f6jd med distansvisionen. Om kunden inte redan anv\u00e4nder nattlinser m\u00e5ste du f\u00f6rst anpassa DreamLite till avst\u00e5ndet. N\u00e4r linsen fungerar p\u00e5 distans kan r\u00e4tt till\u00e4gg m\u00e4tas, varefter det \u00e4r m\u00f6jligt att best\u00e4lla DreamLite Zoom.[\/vc_column_text][vc_single_image image=&#8221;49739&#8243; img_size=&#8221;medium&#8221; onclick=&#8221;custom_link&#8221; link=&#8221;https:\/\/enseyes.com\/sv\/produkter\/topografisk-tilpassede-linser\/natlinser-zoom\/&#8221;][vc_column_text]<a href=\"https:\/\/enseyes.com\/sv\/produkter\/topografisk-tilpassede-linser\/natlinser-zoom\/\">Se mer h\u00e4r<\/a>[\/vc_column_text][\/vc_column][\/vc_row][vc_row][vc_column][vc_column_text]<\/p>\n<hr \/>\n<p>[\/vc_column_text][\/vc_column][\/vc_row][vc_row][vc_column][vc_column_text]<\/p>\n<h3>Vem kan anv\u00e4nda nattlinser och var kan de k\u00f6pas?<\/h3>\n<p>Den som lider av n\u00e4rsynthet eller n\u00e4rsynthet fr\u00e5n -0,75 D upp till -5,00 D.<br \/>\nPrata med din optiker eller hitta en <a href=\"https:\/\/enseyes.com\/sv\/soeg-optiker\/\">h\u00e4r<\/a>[\/vc_column_text][\/vc_column][\/vc_row][vc_row][vc_column width=&#8221;1\/3&#8243;][vc_column_text]<iframe loading=\"lazy\" src=\"https:\/\/player.vimeo.com\/video\/274040671\" width=\"320\" height=\"282\" frameborder=\"0\" allowfullscreen=\"allowfullscreen\"><\/iframe>[\/vc_column_text][\/vc_column][vc_column width=&#8221;1\/3&#8243;][vc_column_text]<iframe loading=\"lazy\" src=\"https:\/\/player.vimeo.com\/video\/306189088\" width=\"320\" height=\"282\" frameborder=\"0\" allowfullscreen=\"allowfullscreen\"><\/iframe>[\/vc_column_text][\/vc_column][vc_column width=&#8221;1\/3&#8243;][vc_column_text]<iframe loading=\"lazy\" src=\"https:\/\/player.vimeo.com\/video\/306127749\" width=\"320\" height=\"282\" frameborder=\"0\" allowfullscreen=\"allowfullscreen\"><\/iframe><\/p>\n<p>[\/vc_column_text][\/vc_column][\/vc_row][vc_row css=&#8221;.vc_custom_1613662117982{background-color: rgba(255,255,255,0.5) !important;*background-color: rgb(255,255,255) !important;}&#8221;][vc_column][vc_row_inner css=&#8221;.vc_custom_1613572953576{background-color: rgba(255,255,255,0.52) !important;*background-color: rgb(255,255,255) !important;}&#8221;][vc_column_inner width=&#8221;1\/6&#8243;][\/vc_column_inner][vc_column_inner width=&#8221;1\/6&#8243;][vc_column_text css_animation=&#8221;slideInDown&#8221;]<\/p>\n<h3 style=\"text-align: center;\"><a href=\"https:\/\/myprocornea.com\/login\" target=\"_blank\" rel=\"noopener\">MyProcornea<\/a><\/h3>\n<p style=\"text-align: center;\">Klicka <a href=\"https:\/\/myprocornea.com\/login\" target=\"_blank\" rel=\"noopener\">h\u00e4r<\/a> f\u00f6r att komma till MyProcornea<\/p>\n<p>[\/vc_column_text][\/vc_column_inner][vc_column_inner width=&#8221;1\/6&#8243;][vc_column_text css_animation=&#8221;slideInDown&#8221;]<\/p>\n<h3 style=\"text-align: center;\"><a href=\"https:\/\/enseyes.com\/sv\/instruktioner\/\">Instruktioner<\/a><\/h3>\n<p style=\"text-align: center;\">Klicka <a href=\"https:\/\/enseyes.com\/sv\/instruktioner\/\">h\u00e4r<\/a> f\u00f6r att komma till v\u00e5ra instruktionsvideor med att s\u00e4tta in och ta bort v\u00e5ra linser<\/p>\n<p>[\/vc_column_text][\/vc_column_inner][vc_column_inner width=&#8221;1\/6&#8243;][vc_column_text css_animation=&#8221;slideInDown&#8221;]<\/p>\n<h3 style=\"text-align: center;\"><a href=\"https:\/\/enseyes.com\/sv\/support\/webinar\/\">Webinars<\/a><\/h3>\n<p style=\"text-align: center;\">Klicka <a href=\"https:\/\/enseyes.com\/sv\/support\/webinar\/\">h\u00e4r<\/a> f\u00f6r att se aktuellt, eller registrera dig f\u00f6r v\u00e5ra webinars<\/p>\n<p>[\/vc_column_text][\/vc_column_inner][vc_column_inner width=&#8221;1\/6&#8243;][vc_column_text css_animation=&#8221;slideInDown&#8221;]<\/p>\n<h3 style=\"text-align: center;\"><a href=\"https:\/\/enseyes.com\/sv\/support\/videoer\/\">Videoer<\/a><\/h3>\n<p style=\"text-align: center;\">Klicka <a href=\"https:\/\/enseyes.com\/sv\/support\/videoer\/\">h\u00e4r<\/a> f\u00f6r att se alla v\u00e5ra videomaterial som reklam animationer, gamla webinars,<\/p>\n<p>[\/vc_column_text][\/vc_column_inner][vc_column_inner width=&#8221;1\/6&#8243;][\/vc_column_inner][\/vc_row_inner][\/vc_column][\/vc_row]<\/p>\n<\/div>","protected":false},"excerpt":{"rendered":"<p>[vc_row][vc_column][vc_single_image image=&#8221;49730&#8243; img_size=&#8221;full&#8221;][\/vc_column][\/vc_row][vc_row][vc_column width=&#8221;1\/2&#8243;][vc_column_text] Dreamlite [\/vc_column_text][vc_column_text] Frig\u00f6r dig fr\u00e5n glas\u00f6gon och kontaktlinser under dagen En s\u00e4ker och helt reversibel synkorrigering Ett icke-kirurgiskt alternativ till brytningsoperation Du kommer inte tro dina egna \u00f6gon! Hur l\u00e4tt kan det vara? Anv\u00e4nd dina kontakter<\/p>\n","protected":false},"author":172,"featured_media":49733,"parent":0,"menu_order":0,"comment_status":"closed","ping_status":"closed","template":"","meta":{"_acf_changed":false,"footnotes":""},"class_list":["post-50451","page","type-page","status-publish","has-post-thumbnail","hentry"],"acf":[],"yoast_head":"<!-- This site is optimized with the Yoast SEO plugin v27.5 - https:\/\/yoast.com\/product\/yoast-seo-wordpress\/ -->\n<title>dreamlite - EnsEyes<\/title>\n<meta name=\"robots\" content=\"index, follow, max-snippet:-1, max-image-preview:large, max-video-preview:-1\" \/>\n<link rel=\"canonical\" href=\"https:\/\/enseyes.com\/sv\/dreamlite\/\" \/>\n<meta property=\"og:locale\" content=\"sv_SE\" \/>\n<meta property=\"og:type\" content=\"article\" \/>\n<meta property=\"og:title\" content=\"dreamlite - EnsEyes\" \/>\n<meta property=\"og:description\" content=\"[vc_row][vc_column][vc_single_image image=&#8221;49730&#8243; img_size=&#8221;full&#8221;][\/vc_column][\/vc_row][vc_row][vc_column width=&#8221;1\/2&#8243;][vc_column_text] Dreamlite [\/vc_column_text][vc_column_text] Frig\u00f6r dig fr\u00e5n glas\u00f6gon och kontaktlinser under dagen En s\u00e4ker och helt reversibel synkorrigering Ett icke-kirurgiskt alternativ till brytningsoperation Du kommer inte tro dina egna \u00f6gon! Hur l\u00e4tt kan det vara? Anv\u00e4nd dina kontakter\" \/>\n<meta property=\"og:url\" content=\"https:\/\/enseyes.com\/sv\/dreamlite\/\" \/>\n<meta property=\"og:site_name\" content=\"EnsEyes\" \/>\n<meta property=\"article:modified_time\" content=\"2021-04-21T11:16:31+00:00\" \/>\n<meta property=\"og:image\" content=\"https:\/\/enseyes.com\/wp-content\/uploads\/2021\/02\/inandout.jpg\" \/>\n\t<meta property=\"og:image:width\" content=\"1920\" \/>\n\t<meta property=\"og:image:height\" content=\"827\" \/>\n\t<meta property=\"og:image:type\" content=\"image\/jpeg\" \/>\n<meta name=\"twitter:card\" content=\"summary_large_image\" \/>\n<meta name=\"twitter:label1\" content=\"Ber\u00e4knad l\u00e4stid\" \/>\n\t<meta name=\"twitter:data1\" content=\"2 minuter\" \/>\n<script type=\"application\/ld+json\" class=\"yoast-schema-graph\">{\"@context\":\"https:\\\/\\\/schema.org\",\"@graph\":[{\"@type\":\"WebPage\",\"@id\":\"https:\\\/\\\/enseyes.com\\\/sv\\\/dreamlite\\\/\",\"url\":\"https:\\\/\\\/enseyes.com\\\/sv\\\/dreamlite\\\/\",\"name\":\"dreamlite - EnsEyes\",\"isPartOf\":{\"@id\":\"https:\\\/\\\/enseyes.com\\\/sv\\\/#website\"},\"primaryImageOfPage\":{\"@id\":\"https:\\\/\\\/enseyes.com\\\/sv\\\/dreamlite\\\/#primaryimage\"},\"image\":{\"@id\":\"https:\\\/\\\/enseyes.com\\\/sv\\\/dreamlite\\\/#primaryimage\"},\"thumbnailUrl\":\"https:\\\/\\\/enseyes.com\\\/wp-content\\\/uploads\\\/2021\\\/02\\\/inandout.jpg\",\"datePublished\":\"2021-02-18T14:33:07+00:00\",\"dateModified\":\"2021-04-21T11:16:31+00:00\",\"breadcrumb\":{\"@id\":\"https:\\\/\\\/enseyes.com\\\/sv\\\/dreamlite\\\/#breadcrumb\"},\"inLanguage\":\"sv-SE\",\"potentialAction\":[{\"@type\":\"ReadAction\",\"target\":[\"https:\\\/\\\/enseyes.com\\\/sv\\\/dreamlite\\\/\"]}]},{\"@type\":\"ImageObject\",\"inLanguage\":\"sv-SE\",\"@id\":\"https:\\\/\\\/enseyes.com\\\/sv\\\/dreamlite\\\/#primaryimage\",\"url\":\"https:\\\/\\\/enseyes.com\\\/wp-content\\\/uploads\\\/2021\\\/02\\\/inandout.jpg\",\"contentUrl\":\"https:\\\/\\\/enseyes.com\\\/wp-content\\\/uploads\\\/2021\\\/02\\\/inandout.jpg\",\"width\":1920,\"height\":827},{\"@type\":\"BreadcrumbList\",\"@id\":\"https:\\\/\\\/enseyes.com\\\/sv\\\/dreamlite\\\/#breadcrumb\",\"itemListElement\":[{\"@type\":\"ListItem\",\"position\":1,\"name\":\"Hjem\",\"item\":\"https:\\\/\\\/enseyes.com\\\/sv\\\/\"},{\"@type\":\"ListItem\",\"position\":2,\"name\":\"dreamlite\"}]},{\"@type\":\"WebSite\",\"@id\":\"https:\\\/\\\/enseyes.com\\\/sv\\\/#website\",\"url\":\"https:\\\/\\\/enseyes.com\\\/sv\\\/\",\"name\":\"EnsEyes\",\"description\":\"Cornea Care\",\"potentialAction\":[{\"@type\":\"SearchAction\",\"target\":{\"@type\":\"EntryPoint\",\"urlTemplate\":\"https:\\\/\\\/enseyes.com\\\/sv\\\/?s={search_term_string}\"},\"query-input\":{\"@type\":\"PropertyValueSpecification\",\"valueRequired\":true,\"valueName\":\"search_term_string\"}}],\"inLanguage\":\"sv-SE\"}]}<\/script>\n<!-- \/ Yoast SEO plugin. -->","yoast_head_json":{"title":"dreamlite - EnsEyes","robots":{"index":"index","follow":"follow","max-snippet":"max-snippet:-1","max-image-preview":"max-image-preview:large","max-video-preview":"max-video-preview:-1"},"canonical":"https:\/\/enseyes.com\/sv\/dreamlite\/","og_locale":"sv_SE","og_type":"article","og_title":"dreamlite - EnsEyes","og_description":"[vc_row][vc_column][vc_single_image image=&#8221;49730&#8243; img_size=&#8221;full&#8221;][\/vc_column][\/vc_row][vc_row][vc_column width=&#8221;1\/2&#8243;][vc_column_text] Dreamlite [\/vc_column_text][vc_column_text] Frig\u00f6r dig fr\u00e5n glas\u00f6gon och kontaktlinser under dagen En s\u00e4ker och helt reversibel synkorrigering Ett icke-kirurgiskt alternativ till brytningsoperation Du kommer inte tro dina egna \u00f6gon! Hur l\u00e4tt kan det vara? Anv\u00e4nd dina kontakter","og_url":"https:\/\/enseyes.com\/sv\/dreamlite\/","og_site_name":"EnsEyes","article_modified_time":"2021-04-21T11:16:31+00:00","og_image":[{"width":1920,"height":827,"url":"https:\/\/enseyes.com\/wp-content\/uploads\/2021\/02\/inandout.jpg","type":"image\/jpeg"}],"twitter_card":"summary_large_image","twitter_misc":{"Ber\u00e4knad l\u00e4stid":"2 minuter"},"schema":{"@context":"https:\/\/schema.org","@graph":[{"@type":"WebPage","@id":"https:\/\/enseyes.com\/sv\/dreamlite\/","url":"https:\/\/enseyes.com\/sv\/dreamlite\/","name":"dreamlite - EnsEyes","isPartOf":{"@id":"https:\/\/enseyes.com\/sv\/#website"},"primaryImageOfPage":{"@id":"https:\/\/enseyes.com\/sv\/dreamlite\/#primaryimage"},"image":{"@id":"https:\/\/enseyes.com\/sv\/dreamlite\/#primaryimage"},"thumbnailUrl":"https:\/\/enseyes.com\/wp-content\/uploads\/2021\/02\/inandout.jpg","datePublished":"2021-02-18T14:33:07+00:00","dateModified":"2021-04-21T11:16:31+00:00","breadcrumb":{"@id":"https:\/\/enseyes.com\/sv\/dreamlite\/#breadcrumb"},"inLanguage":"sv-SE","potentialAction":[{"@type":"ReadAction","target":["https:\/\/enseyes.com\/sv\/dreamlite\/"]}]},{"@type":"ImageObject","inLanguage":"sv-SE","@id":"https:\/\/enseyes.com\/sv\/dreamlite\/#primaryimage","url":"https:\/\/enseyes.com\/wp-content\/uploads\/2021\/02\/inandout.jpg","contentUrl":"https:\/\/enseyes.com\/wp-content\/uploads\/2021\/02\/inandout.jpg","width":1920,"height":827},{"@type":"BreadcrumbList","@id":"https:\/\/enseyes.com\/sv\/dreamlite\/#breadcrumb","itemListElement":[{"@type":"ListItem","position":1,"name":"Hjem","item":"https:\/\/enseyes.com\/sv\/"},{"@type":"ListItem","position":2,"name":"dreamlite"}]},{"@type":"WebSite","@id":"https:\/\/enseyes.com\/sv\/#website","url":"https:\/\/enseyes.com\/sv\/","name":"EnsEyes","description":"Cornea Care","potentialAction":[{"@type":"SearchAction","target":{"@type":"EntryPoint","urlTemplate":"https:\/\/enseyes.com\/sv\/?s={search_term_string}"},"query-input":{"@type":"PropertyValueSpecification","valueRequired":true,"valueName":"search_term_string"}}],"inLanguage":"sv-SE"}]}},"_links":{"self":[{"href":"https:\/\/enseyes.com\/sv\/wp-json\/wp\/v2\/pages\/50451","targetHints":{"allow":["GET"]}}],"collection":[{"href":"https:\/\/enseyes.com\/sv\/wp-json\/wp\/v2\/pages"}],"about":[{"href":"https:\/\/enseyes.com\/sv\/wp-json\/wp\/v2\/types\/page"}],"author":[{"embeddable":true,"href":"https:\/\/enseyes.com\/sv\/wp-json\/wp\/v2\/users\/172"}],"replies":[{"embeddable":true,"href":"https:\/\/enseyes.com\/sv\/wp-json\/wp\/v2\/comments?post=50451"}],"version-history":[{"count":0,"href":"https:\/\/enseyes.com\/sv\/wp-json\/wp\/v2\/pages\/50451\/revisions"}],"wp:featuredmedia":[{"embeddable":true,"href":"https:\/\/enseyes.com\/sv\/wp-json\/wp\/v2\/media\/49733"}],"wp:attachment":[{"href":"https:\/\/enseyes.com\/sv\/wp-json\/wp\/v2\/media?parent=50451"}],"curies":[{"name":"wp","href":"https:\/\/api.w.org\/{rel}","templated":true}]}}