{"id":50457,"date":"2021-03-29T10:32:00","date_gmt":"2021-03-29T09:32:00","guid":{"rendered":"https:\/\/enseyes.com\/produkter\/sclerallinser\/"},"modified":"2021-04-21T12:14:27","modified_gmt":"2021-04-21T11:14:27","slug":"sclerallinser","status":"publish","type":"page","link":"https:\/\/enseyes.com\/sv\/produkter\/sclerallinser\/","title":{"rendered":"sclerala linser"},"content":{"rendered":"<div class=\"wpb-content-wrapper\"><p>[vc_row][vc_column][vc_single_image image=&#8221;50094&#8243; img_size=&#8221;full&#8221;][\/vc_column][\/vc_row][vc_row][vc_column width=&#8221;1\/2&#8243;][vc_column_text]<\/p>\n<h3><a href=\"https:\/\/enseyes.com\/sv\/produkter\/medicinske-linser\/senso-easy\/\">Senso Easy<\/a><\/h3>\n<p>[\/vc_column_text][vc_column_text]<\/p>\n<ul>\n<li>Kunder med torra \u00f6gon som inte kan b\u00e4ra mjuka linser<\/li>\n<li>Alla former av keratokonus<\/li>\n<li>Post Lasik<\/li>\n<\/ul>\n<p>Senso Easy Scleral \u00e4r speciellt utformad f\u00f6r skandinaviska \u00f6gon.<br \/>\nVi vill lyfta linsen \u00f6ver hornhinnan och l\u00e5ta linsen bara vila p\u00e5 sclera.[\/vc_column_text][vc_single_image image=&#8221;50127&#8243; img_size=&#8221;medium&#8221; onclick=&#8221;custom_link&#8221; link=&#8221;https:\/\/enseyes.com\/sv\/produkter\/medicinske-linser\/senso-easy\/&#8221;][vc_column_text]<a href=\"https:\/\/enseyes.com\/sv\/produkter\/medicinske-linser\/senso-easy\/\">Se mer h\u00e4r<\/a>[\/vc_column_text][\/vc_column][vc_column width=&#8221;1\/2&#8243;][vc_column_text]<\/p>\n<h3><a href=\"https:\/\/enseyes.com\/sv\/produkter\/medicinske-linser\/mini-scleral\/\">Senso mini scleral<\/a><\/h3>\n<p>[\/vc_column_text][vc_column_text]<\/p>\n<ul>\n<li>L\u00f6sning f\u00f6r oregelbunden hornhinna<\/li>\n<li>Kristallklart syn<\/li>\n<li>Optimal komfort<\/li>\n<\/ul>\n<p>Senso mini scleral \u00e4r speciellt utvecklad f\u00f6r oregelbunden hornhinna.<br \/>\nVi vill lyfta linsen \u00f6ver hornhinnan och l\u00e5ta linsen bara vila p\u00e5 sclera.[\/vc_column_text][vc_single_image image=&#8221;50132&#8243; img_size=&#8221;medium&#8221; onclick=&#8221;custom_link&#8221; link=&#8221;https:\/\/enseyes.com\/sv\/produkter\/medicinske-linser\/mini-scleral\/&#8221;][vc_column_text]<a href=\"https:\/\/enseyes.com\/sv\/produkter\/medicinske-linser\/mini-scleral\/\">Se mer h\u00e4r<\/a>[\/vc_column_text][\/vc_column][\/vc_row][vc_row][vc_column][vc_column_text]<\/p>\n<hr \/>\n<p>[\/vc_column_text][\/vc_column][\/vc_row][vc_row][vc_column width=&#8221;1\/2&#8243;][vc_column_text]<\/p>\n<h3><a href=\"https:\/\/enseyes.com\/sv\/produkter\/medicinske-linser\/semi-scleral\/\">Senso Semi scleral<\/a><\/h3>\n<p>[\/vc_column_text][vc_column_text]<\/p>\n<ul>\n<li>L\u00f6sning f\u00f6r regelbunden, oregelbunden och \/ eller k\u00e4nslig hornhinna<\/li>\n<li>Kristallklart syn<\/li>\n<li>Optimal komfort<\/li>\n<\/ul>\n<p>Senso semi scleral \u00e4r gjord f\u00f6r vanliga, oregelbundna och \/ eller k\u00e4nsliga hornhinnor. Linsen \u00e4r ett bra alternativ till hornhinnelinser.<br \/>\nLinsens vikt f\u00f6rdelas mellan hornhinnan och sclera, vilket ger en kristallklar syn och stor komfort.[\/vc_column_text][vc_single_image image=&#8221;50139&#8243; img_size=&#8221;medium&#8221; onclick=&#8221;custom_link&#8221; link=&#8221;https:\/\/enseyes.com\/sv\/produkter\/medicinske-linser\/semi-scleral\/&#8221;][vc_column_text]<a href=\"https:\/\/enseyes.com\/sv\/produkter\/medicinske-linser\/semi-scleral\/\">Se mer h\u00e4r<\/a>[\/vc_column_text][\/vc_column][vc_column width=&#8221;1\/2&#8243;][vc_column_text]<\/p>\n<h3><a href=\"https:\/\/enseyes.com\/sv\/produkter\/medicinske-linser\/fuld-scleral\/\">Senso fuld scleral<\/a><\/h3>\n<p>[\/vc_column_text][vc_column_text]<\/p>\n<ul>\n<li>Bra l\u00f6sning f\u00f6r mycket oregelbunden hornhinna<\/li>\n<li>Kristallklart syn<\/li>\n<li>Torisk periferi<\/li>\n<\/ul>\n<p>Senso full scleral \u00e4r gjord speciellt f\u00f6r mycket oregelbunden hornhinna. M\u00e5let \u00e4r att komma bortom hornhinnan och l\u00e5ta linsen vila p\u00e5 sclera ensam.<br \/>\nSom standard har linsen en torisk periferi.[\/vc_column_text][vc_single_image image=&#8221;50145&#8243; img_size=&#8221;medium&#8221; onclick=&#8221;custom_link&#8221; link=&#8221;https:\/\/enseyes.com\/sv\/produkter\/medicinske-linser\/fuld-scleral\/&#8221;][vc_column_text]<a href=\"https:\/\/enseyes.com\/sv\/produkter\/medicinske-linser\/fuld-scleral\/\">Se mer h\u00e4r<\/a>[\/vc_column_text][\/vc_column][\/vc_row][vc_row][vc_column][vc_column_text]<\/p>\n<hr \/>\n<p>[\/vc_column_text][\/vc_column][\/vc_row][vc_row][vc_column][vc_column_text]<\/p>\n<h3>Vem kan anv\u00e4nda scleral linser och var kan de k\u00f6pas?<\/h3>\n<p>Alla som vill ha optimal syn och komfort.<br \/>\nPrata med din optiker eller hitta en <a href=\"https:\/\/enseyes.com\/sv\/soeg-optiker\/\">h\u00e4r<\/a>[\/vc_column_text][\/vc_column][\/vc_row][vc_row css=&#8221;.vc_custom_1613662117982{background-color: rgba(255,255,255,0.5) !important;*background-color: rgb(255,255,255) !important;}&#8221;][vc_column][vc_row_inner css=&#8221;.vc_custom_1613572953576{background-color: rgba(255,255,255,0.52) !important;*background-color: rgb(255,255,255) !important;}&#8221;][vc_column_inner width=&#8221;1\/6&#8243;][\/vc_column_inner][vc_column_inner width=&#8221;1\/6&#8243;][vc_column_text css_animation=&#8221;slideInDown&#8221;]<\/p>\n<h3 style=\"text-align: center;\"><a href=\"https:\/\/myprocornea.com\/login\" target=\"_blank\" rel=\"noopener\">MyProcornea<\/a><\/h3>\n<p style=\"text-align: center;\">Klicka <a href=\"https:\/\/myprocornea.com\/login\" target=\"_blank\" rel=\"noopener\">h\u00e4r<\/a> f\u00f6r att komma till MyProcornea<\/p>\n<p>[\/vc_column_text][\/vc_column_inner][vc_column_inner width=&#8221;1\/6&#8243;][vc_column_text css_animation=&#8221;slideInDown&#8221;]<\/p>\n<h3 style=\"text-align: center;\"><a href=\"https:\/\/enseyes.com\/sv\/instruktioner\/\">Instruktioner<\/a><\/h3>\n<p style=\"text-align: center;\">Klicka <a href=\"https:\/\/enseyes.com\/sv\/instruktioner\/\">h\u00e4r<\/a> f\u00f6r att komma till v\u00e5ra instruktionsvideor med att s\u00e4tta in och ta bort v\u00e5ra linser<\/p>\n<p>[\/vc_column_text][\/vc_column_inner][vc_column_inner width=&#8221;1\/6&#8243;][vc_column_text css_animation=&#8221;slideInDown&#8221;]<\/p>\n<h3 style=\"text-align: center;\"><a href=\"https:\/\/enseyes.com\/sv\/support\/webinar\/\">Webinars<\/a><\/h3>\n<p style=\"text-align: center;\">Klicka <a href=\"https:\/\/enseyes.com\/sv\/support\/webinar\/\">h\u00e4r<\/a> f\u00f6r att se aktuellt, eller registrera dig f\u00f6r v\u00e5ra webinars<\/p>\n<p>[\/vc_column_text][\/vc_column_inner][vc_column_inner width=&#8221;1\/6&#8243;][vc_column_text css_animation=&#8221;slideInDown&#8221;]<\/p>\n<h3 style=\"text-align: center;\"><a href=\"https:\/\/enseyes.com\/sv\/support\/videoer\/\">Videoer<\/a><\/h3>\n<p style=\"text-align: center;\">Klicka <a href=\"https:\/\/enseyes.com\/sv\/support\/videoer\/\">h\u00e4r<\/a> f\u00f6r att se alla v\u00e5ra videomaterial som reklam animationer, gamla webinars, etc.<\/p>\n<p>[\/vc_column_text][\/vc_column_inner][vc_column_inner width=&#8221;1\/6&#8243;][\/vc_column_inner][\/vc_row_inner][\/vc_column][\/vc_row]<\/p>\n<\/div>","protected":false},"excerpt":{"rendered":"<p>[vc_row][vc_column][vc_single_image image=&#8221;50094&#8243; img_size=&#8221;full&#8221;][\/vc_column][\/vc_row][vc_row][vc_column width=&#8221;1\/2&#8243;][vc_column_text] Senso Easy [\/vc_column_text][vc_column_text] Kunder med torra \u00f6gon som inte kan b\u00e4ra mjuka linser Alla former av keratokonus Post Lasik Senso Easy Scleral \u00e4r speciellt utformad f\u00f6r skandinaviska \u00f6gon. Vi vill lyfta linsen \u00f6ver hornhinnan och l\u00e5ta<\/p>\n","protected":false},"author":172,"featured_media":0,"parent":3015,"menu_order":0,"comment_status":"closed","ping_status":"closed","template":"","meta":{"_acf_changed":false,"footnotes":""},"class_list":["post-50457","page","type-page","status-publish","hentry"],"acf":[],"yoast_head":"<!-- This site is optimized with the Yoast SEO plugin v27.4 - https:\/\/yoast.com\/product\/yoast-seo-wordpress\/ -->\n<title>sclerala linser - EnsEyes<\/title>\n<meta name=\"robots\" content=\"index, follow, max-snippet:-1, max-image-preview:large, max-video-preview:-1\" \/>\n<link rel=\"canonical\" href=\"https:\/\/enseyes.com\/sv\/produkter\/sclerallinser\/\" \/>\n<meta property=\"og:locale\" content=\"sv_SE\" \/>\n<meta property=\"og:type\" content=\"article\" \/>\n<meta property=\"og:title\" content=\"sclerala linser - EnsEyes\" \/>\n<meta property=\"og:description\" content=\"[vc_row][vc_column][vc_single_image image=&#8221;50094&#8243; img_size=&#8221;full&#8221;][\/vc_column][\/vc_row][vc_row][vc_column width=&#8221;1\/2&#8243;][vc_column_text] Senso Easy [\/vc_column_text][vc_column_text] Kunder med torra \u00f6gon som inte kan b\u00e4ra mjuka linser Alla former av keratokonus Post Lasik Senso Easy Scleral \u00e4r speciellt utformad f\u00f6r skandinaviska \u00f6gon. Vi vill lyfta linsen \u00f6ver hornhinnan och l\u00e5ta\" \/>\n<meta property=\"og:url\" content=\"https:\/\/enseyes.com\/sv\/produkter\/sclerallinser\/\" \/>\n<meta property=\"og:site_name\" content=\"EnsEyes\" \/>\n<meta property=\"article:modified_time\" content=\"2021-04-21T11:14:27+00:00\" \/>\n<meta name=\"twitter:card\" content=\"summary_large_image\" \/>\n<meta name=\"twitter:label1\" content=\"Ber\u00e4knad l\u00e4stid\" \/>\n\t<meta name=\"twitter:data1\" content=\"2 minuter\" \/>\n<script type=\"application\/ld+json\" class=\"yoast-schema-graph\">{\"@context\":\"https:\\\/\\\/schema.org\",\"@graph\":[{\"@type\":\"WebPage\",\"@id\":\"https:\\\/\\\/enseyes.com\\\/sv\\\/produkter\\\/sclerallinser\\\/\",\"url\":\"https:\\\/\\\/enseyes.com\\\/sv\\\/produkter\\\/sclerallinser\\\/\",\"name\":\"sclerala linser - EnsEyes\",\"isPartOf\":{\"@id\":\"https:\\\/\\\/enseyes.com\\\/sv\\\/#website\"},\"datePublished\":\"2021-03-29T09:32:00+00:00\",\"dateModified\":\"2021-04-21T11:14:27+00:00\",\"breadcrumb\":{\"@id\":\"https:\\\/\\\/enseyes.com\\\/sv\\\/produkter\\\/sclerallinser\\\/#breadcrumb\"},\"inLanguage\":\"sv-SE\",\"potentialAction\":[{\"@type\":\"ReadAction\",\"target\":[\"https:\\\/\\\/enseyes.com\\\/sv\\\/produkter\\\/sclerallinser\\\/\"]}]},{\"@type\":\"BreadcrumbList\",\"@id\":\"https:\\\/\\\/enseyes.com\\\/sv\\\/produkter\\\/sclerallinser\\\/#breadcrumb\",\"itemListElement\":[{\"@type\":\"ListItem\",\"position\":1,\"name\":\"Hjem\",\"item\":\"https:\\\/\\\/enseyes.com\\\/sv\\\/\"},{\"@type\":\"ListItem\",\"position\":2,\"name\":\"Produkter\",\"item\":\"https:\\\/\\\/enseyes.com\\\/sv\\\/produkter\\\/\"},{\"@type\":\"ListItem\",\"position\":3,\"name\":\"sclerala linser\"}]},{\"@type\":\"WebSite\",\"@id\":\"https:\\\/\\\/enseyes.com\\\/sv\\\/#website\",\"url\":\"https:\\\/\\\/enseyes.com\\\/sv\\\/\",\"name\":\"EnsEyes\",\"description\":\"Cornea Care\",\"potentialAction\":[{\"@type\":\"SearchAction\",\"target\":{\"@type\":\"EntryPoint\",\"urlTemplate\":\"https:\\\/\\\/enseyes.com\\\/sv\\\/?s={search_term_string}\"},\"query-input\":{\"@type\":\"PropertyValueSpecification\",\"valueRequired\":true,\"valueName\":\"search_term_string\"}}],\"inLanguage\":\"sv-SE\"}]}<\/script>\n<!-- \/ Yoast SEO plugin. -->","yoast_head_json":{"title":"sclerala linser - EnsEyes","robots":{"index":"index","follow":"follow","max-snippet":"max-snippet:-1","max-image-preview":"max-image-preview:large","max-video-preview":"max-video-preview:-1"},"canonical":"https:\/\/enseyes.com\/sv\/produkter\/sclerallinser\/","og_locale":"sv_SE","og_type":"article","og_title":"sclerala linser - EnsEyes","og_description":"[vc_row][vc_column][vc_single_image image=&#8221;50094&#8243; img_size=&#8221;full&#8221;][\/vc_column][\/vc_row][vc_row][vc_column width=&#8221;1\/2&#8243;][vc_column_text] Senso Easy [\/vc_column_text][vc_column_text] Kunder med torra \u00f6gon som inte kan b\u00e4ra mjuka linser Alla former av keratokonus Post Lasik Senso Easy Scleral \u00e4r speciellt utformad f\u00f6r skandinaviska \u00f6gon. Vi vill lyfta linsen \u00f6ver hornhinnan och l\u00e5ta","og_url":"https:\/\/enseyes.com\/sv\/produkter\/sclerallinser\/","og_site_name":"EnsEyes","article_modified_time":"2021-04-21T11:14:27+00:00","twitter_card":"summary_large_image","twitter_misc":{"Ber\u00e4knad l\u00e4stid":"2 minuter"},"schema":{"@context":"https:\/\/schema.org","@graph":[{"@type":"WebPage","@id":"https:\/\/enseyes.com\/sv\/produkter\/sclerallinser\/","url":"https:\/\/enseyes.com\/sv\/produkter\/sclerallinser\/","name":"sclerala linser - EnsEyes","isPartOf":{"@id":"https:\/\/enseyes.com\/sv\/#website"},"datePublished":"2021-03-29T09:32:00+00:00","dateModified":"2021-04-21T11:14:27+00:00","breadcrumb":{"@id":"https:\/\/enseyes.com\/sv\/produkter\/sclerallinser\/#breadcrumb"},"inLanguage":"sv-SE","potentialAction":[{"@type":"ReadAction","target":["https:\/\/enseyes.com\/sv\/produkter\/sclerallinser\/"]}]},{"@type":"BreadcrumbList","@id":"https:\/\/enseyes.com\/sv\/produkter\/sclerallinser\/#breadcrumb","itemListElement":[{"@type":"ListItem","position":1,"name":"Hjem","item":"https:\/\/enseyes.com\/sv\/"},{"@type":"ListItem","position":2,"name":"Produkter","item":"https:\/\/enseyes.com\/sv\/produkter\/"},{"@type":"ListItem","position":3,"name":"sclerala linser"}]},{"@type":"WebSite","@id":"https:\/\/enseyes.com\/sv\/#website","url":"https:\/\/enseyes.com\/sv\/","name":"EnsEyes","description":"Cornea Care","potentialAction":[{"@type":"SearchAction","target":{"@type":"EntryPoint","urlTemplate":"https:\/\/enseyes.com\/sv\/?s={search_term_string}"},"query-input":{"@type":"PropertyValueSpecification","valueRequired":true,"valueName":"search_term_string"}}],"inLanguage":"sv-SE"}]}},"_links":{"self":[{"href":"https:\/\/enseyes.com\/sv\/wp-json\/wp\/v2\/pages\/50457","targetHints":{"allow":["GET"]}}],"collection":[{"href":"https:\/\/enseyes.com\/sv\/wp-json\/wp\/v2\/pages"}],"about":[{"href":"https:\/\/enseyes.com\/sv\/wp-json\/wp\/v2\/types\/page"}],"author":[{"embeddable":true,"href":"https:\/\/enseyes.com\/sv\/wp-json\/wp\/v2\/users\/172"}],"replies":[{"embeddable":true,"href":"https:\/\/enseyes.com\/sv\/wp-json\/wp\/v2\/comments?post=50457"}],"version-history":[{"count":0,"href":"https:\/\/enseyes.com\/sv\/wp-json\/wp\/v2\/pages\/50457\/revisions"}],"up":[{"embeddable":true,"href":"https:\/\/enseyes.com\/sv\/wp-json\/wp\/v2\/pages\/3015"}],"wp:attachment":[{"href":"https:\/\/enseyes.com\/sv\/wp-json\/wp\/v2\/media?parent=50457"}],"curies":[{"name":"wp","href":"https:\/\/api.w.org\/{rel}","templated":true}]}}