{"id":50463,"date":"2021-04-08T15:33:14","date_gmt":"2021-04-08T14:33:14","guid":{"rendered":"https:\/\/enseyes.com\/byo-premium-mc\/"},"modified":"2024-02-22T14:49:20","modified_gmt":"2024-02-22T13:49:20","slug":"byo-premium-mc","status":"publish","type":"page","link":"https:\/\/enseyes.com\/sv\/byo-premium-mc\/","title":{"rendered":"Byo Premium MC"},"content":{"rendered":"<div class=\"wpb-content-wrapper\"><p>[vc_row][vc_column][vc_single_image image=&#8221;49854&#8243; img_size=&#8221;full&#8221;][\/vc_column][\/vc_row][vc_row][vc_column width=&#8221;1\/3&#8243;][vc_single_image image=&#8221;50409&#8243; img_size=&#8221;medium&#8221;][\/vc_column][vc_column width=&#8221;2\/3&#8243;][vc_column_text]<\/p>\n<h5>BYO PREMIUM MC<\/h5>\n<ul>\n<li>Speciellt gjord f\u00f6r n\u00e4rsynthet<\/li>\n<li>Optimal syrepermeabilitet<\/li>\n<li>L\u00e4mplig f\u00f6r st\u00f6rre korrigeringar<\/li>\n<\/ul>\n<p>En skr\u00e4ddarsydd mjuk lins som levereras speciellt f\u00f6r n\u00e4rsynthet. BYO Premium MC ber\u00e4knas exakt efter storlek med ett unikt ber\u00e4kningsverktyg[\/vc_column_text][\/vc_column][\/vc_row][vc_row][vc_column][vc_tta_tabs][vc_tta_section title=&#8221;Specifikationer&#8221; tab_id=&#8221;1615475851643-5a6dee1f-02f5&#8243;][vc_row_inner][vc_column_inner width=&#8221;1\/2&#8243;][vc_column_text]<\/p>\n<h5>Vem kan anv\u00e4nda BYO Premium MC<\/h5>\n<p>Byter du ofta glas\u00f6gon i slutet av dagen? Irriterar dina \u00f6gon i en torr milj\u00f6? BYO Premium skr\u00e4ddarsydda mjuka kontaktlinser \u00e4r det r\u00e4tta valet f\u00f6r dem som regelbundet lider av \u00f6gonirritation. BYO Premium \u00e4r ocks\u00e5 l\u00e4mplig f\u00f6r h\u00f6gre korrigeringar.[\/vc_column_text][\/vc_column_inner][vc_column_inner width=&#8221;1\/2&#8243;][vc_column_text]<\/p>\n<h5>Silicone Hydrogel<\/h5>\n<p>Silikonhydrogelmaterialet garanterar utm\u00e4rkt syre- och t\u00e5rpermeabilitet. Detta h\u00e5ller dina \u00f6gon friska och g\u00f6r kontaktlinsen extra bekv\u00e4m att b\u00e4ra.<\/p>\n<h5>Fler alternativ<\/h5>\n<p>BYO Premium \u00e4r skr\u00e4ddarsydd och kan best\u00e4llas i m\u00e5nga varianter som multifokal, torisk, sf\u00e4risk och torisk multifokal. Fr\u00e5ga din optiker om alternativen.[\/vc_column_text][\/vc_column_inner][\/vc_row_inner][\/vc_tta_section][vc_tta_section title=&#8221;Information&#8221; tab_id=&#8221;1615475851652-8c8a315b-7430&#8243;][vc_column_text]L\u00e4s igenom bruksanvisningen noggrant innan du anv\u00e4nder BYO Premium MC. Informationen tillhandah\u00e5lls av din kontaktlinsspecialist. Vill du ha mer information eller r\u00e5d? Kontakta oss p\u00e5 tel. +45 75 10 24 10<\/p>\n<p><a href=\"https:\/\/enseyes.com\/wp-content\/uploads\/2021\/03\/byo_premium.pdf\" target=\"_blank\" rel=\"noopener\">Du kan ladda ner anv\u00e4ndarmanualen h\u00e4r<\/a>[\/vc_column_text][vc_row_inner][vc_column_inner width=&#8221;1\/2&#8243;][vc_video link=&#8221;https:\/\/player.vimeo.com\/video\/311675660&#8243;][vc_column_text]<a href=\"mailto:?&amp;subject=Instruktionsvideo&amp;body=Titta%20p%C3%A5%20den%20h%C3%A4r%20videon%20https:\/\/player.vimeo.com\/video\/311675660\">Skicka video<\/a>\u00a0 \u00a0 \u00a0\u2013\u00a0 \u00a0 \u00a0<a href=\"https:\/\/player.vimeo.com\/video\/311675660?autoplay=0%22%20frameborder=%220%22%20webkitallowfullscreen=%22%22%20mozallowfullscreen=%22%22%20allowfullscreen=\" target=\"_blank\" rel=\"noopener\">Titta i stort format<\/a>[\/vc_column_text][\/vc_column_inner][vc_column_inner width=&#8221;1\/2&#8243;][vc_video link=&#8221;https:\/\/player.vimeo.com\/video\/311675698&#8243;][vc_column_text]<a href=\"mailto:?&amp;subject=Instruktionsvideo&amp;body=Titta%20p%C3%A5%20den%20h%C3%A4r%20videon%20https:\/\/player.vimeo.com\/video\/311675698\">Skicka video<\/a>\u00a0 \u00a0 \u00a0\u2013\u00a0 \u00a0 \u00a0<a href=\"https:\/\/player.vimeo.com\/video\/311675698?autoplay=0%22%20frameborder=%220%22%20webkitallowfullscreen=%22%22%20mozallowfullscreen=%22%22%20allowfullscreen=\" target=\"_blank\" rel=\"noopener\">Titta i stort format<\/a>[\/vc_column_text][\/vc_column_inner][\/vc_row_inner][\/vc_tta_section][vc_tta_section title=&#8221;kontaktlinsv\u00e4tska&#8221; tab_id=&#8221;1615477112592-3c6d45a2-ac84&#8243;][vc_column_text]Vi rekommenderar reng\u00f6ring, desinficering, f\u00f6rvaring, sk\u00f6ljning och anv\u00e4ndning av dina BYO Premium-kontaktlinser med obehandlad kontaktlinsv\u00e4tska som Ever Clean och <a href=\"https:\/\/enseyes.com\/sv\/produkter\/linsvatska\/unidose-saline\/\">Unidose saline<\/a> eller <a href=\"https:\/\/enseyes.com\/sv\/produkter\/linsvatska\/regard\/\">Regard<\/a><\/p>\n<h5>S\u00e4kerhet<\/h5>\n<p>Anv\u00e4ndning av kontaktlinser medf\u00f6r en potentiell infektionsrisk. F\u00f6lj d\u00e4rf\u00f6r alltid r\u00e5d fr\u00e5n specialisten och hantera linser korrekt. Till exempel b\u00f6r linser aldrig reng\u00f6ras med vatten eller saliv, eftersom de inneh\u00e5ller bakterier som kan vara skadliga f\u00f6r \u00f6gat. S\u00e5 se alltid till att du har r\u00e4tt linsl\u00f6sning till hands, se huvudv\u00e4tskorna. Tv\u00e4tta alltid h\u00e4nderna noggrant med mild tv\u00e5l innan du anv\u00e4nder linser. Undvik tv\u00e5lar som inneh\u00e5ller lanolin, kr\u00e4mer och eller parfymer. Sk\u00f6lj h\u00e4nderna v\u00e4l med vatten och torka dem med en ren, luddfri k\u00f6kshandduk. Placera inte dina linser p\u00e5 irriterade \u00f6gon. Se bipacksedeln f\u00f6r all information om korrekt reng\u00f6ring, f\u00f6rvaring och anv\u00e4ndning av linser. Detta kan f\u00e5s fr\u00e5n specialisten. Specialisten arbetar enligt ett protokoll och ser till att du \u00e4r v\u00e4linformerad och att dina \u00f6gon kontrolleras regelbundet. F\u00f6r att bekr\u00e4fta att b\u00e5da parter f\u00f6ljer s\u00e4kerhetsreglerna kommer specialisten att be dig att underteckna ett objektivavtal.[\/vc_column_text][\/vc_tta_section][vc_tta_section title=&#8221;Information f\u00f6r optiker&#8221; tab_id=&#8221;1615477288441-2f7ef8e5-bf39&#8243;][vc_row_inner][vc_column_inner][vc_column_text]\n<table id=\"tablepress-14\" class=\"tablepress tablepress-id-14\">\n<thead>\n<tr class=\"row-1\">\n\t<th class=\"column-1\">Parametre BYO Premium MC:<\/th><td class=\"column-2\"><\/td><td class=\"column-3\"><\/td>\n<\/tr>\n<\/thead>\n<tbody class=\"row-striping row-hover\">\n<tr class=\"row-2\">\n\t<td class=\"column-1\">Radius (r0):<\/td><td class=\"column-2\">7.30 mm til 9.80 mm i 0.10 mm steps<\/td><td class=\"column-3\"><\/td>\n<\/tr>\n<tr class=\"row-3\">\n\t<td class=\"column-1\">Sf\u00e6risk styrke (F\u2019v):<\/td><td class=\"column-2\">+1.00 D til -12.00 D i 0.25 D steps<\/td><td class=\"column-3\"><\/td>\n<\/tr>\n<tr class=\"row-4\">\n\t<td class=\"column-1\">Cylinder (Torisk):<\/td><td class=\"column-2\">-0.75 D til -4.50 D i 0.25 D steps<\/td><td class=\"column-3\"><\/td>\n<\/tr>\n<tr class=\"row-5\">\n\t<td class=\"column-1\">Akse (Torisk):<\/td><td class=\"column-2\">0\u00b0 til 180\u00b0 pr 1\u00b0<\/td><td class=\"column-3\"><\/td>\n<\/tr>\n<tr class=\"row-6\">\n\t<td class=\"column-1\">Diameter (\u00d8T):<\/td><td class=\"column-2\">13.50 mm til 15.00 mm i 0.10 mm steps<\/td><td class=\"column-3\"><\/td>\n<\/tr>\n<tr class=\"row-7\">\n\t<td class=\"column-1\">Teknisk information<\/td><td class=\"column-2\"><\/td><td class=\"column-3\"><\/td>\n<\/tr>\n<tr class=\"row-8\">\n\t<td class=\"column-1\">Materiale:<\/td><td class=\"column-2\">Ultima silicone hydrogel*<\/td><td class=\"column-3\"><\/td>\n<\/tr>\n<tr class=\"row-9\">\n\t<td class=\"column-1\">Vand indhold:<\/td><td class=\"column-2\">48%<\/td><td class=\"column-3\"><\/td>\n<\/tr>\n<tr class=\"row-10\">\n\t<td class=\"column-1\">Dk\/t:<\/td><td class=\"column-2\">71 (-3.00 D)<\/td><td class=\"column-3\"><\/td>\n<\/tr>\n<tr class=\"row-11\">\n\t<td class=\"column-1\">Modulus:<\/td><td class=\"column-2\">0.62 Mpa<\/td><td class=\"column-3\"><\/td>\n<\/tr>\n<tr class=\"row-12\">\n\t<td class=\"column-1\">UV filter:<\/td><td class=\"column-2\">Ja<\/td><td class=\"column-3\"><\/td>\n<\/tr>\n<tr class=\"row-13\">\n\t<td class=\"column-1\">Handling:<\/td><td class=\"column-2\">Nej<\/td><td class=\"column-3\"><\/td>\n<\/tr>\n<tr class=\"row-14\">\n\t<td class=\"column-1\">Central middel tykkelse:<\/td><td class=\"column-2\">0.30 mm (-3.00 D)<\/td><td class=\"column-3\"><\/td>\n<\/tr>\n<tr class=\"row-15\">\n\t<td class=\"column-1\">Markering Toriske:<\/td><td class=\"column-2\">2 markeringer kl. 3 og 9<\/td><td class=\"column-3\"><\/td>\n<\/tr>\n<tr class=\"row-16\">\n\t<td class=\"column-1\">Gravering:<\/td><td class=\"column-2\">S\/N og Procornea logo<br \/>\n<\/td><td class=\"column-3\"><\/td>\n<\/tr>\n<tr class=\"row-17\">\n\t<td class=\"column-1\">Applikation:<\/td><td class=\"column-2\">Hver dag <\/td><td class=\"column-3\"><\/td>\n<\/tr>\n<tr class=\"row-18\">\n\t<td class=\"column-1\">Forpakning:<\/td><td class=\"column-2\">Blister<\/td><td class=\"column-3\"><\/td>\n<\/tr>\n<\/tbody>\n<\/table>\n<!-- #tablepress-14 from cache -->[\/vc_column_text][\/vc_column_inner][\/vc_row_inner][\/vc_tta_section][\/vc_tta_tabs][\/vc_column][\/vc_row][vc_row][vc_column][vc_video link=&#8221;https:\/\/vimeo.com\/536367654&#8243;][\/vc_column][\/vc_row]<\/p>\n<\/div>","protected":false},"excerpt":{"rendered":"<p>[vc_row][vc_column][vc_single_image image=&#8221;49854&#8243; img_size=&#8221;full&#8221;][\/vc_column][\/vc_row][vc_row][vc_column width=&#8221;1\/3&#8243;][vc_single_image image=&#8221;50409&#8243; img_size=&#8221;medium&#8221;][\/vc_column][vc_column width=&#8221;2\/3&#8243;][vc_column_text] BYO PREMIUM MC Speciellt gjord f\u00f6r n\u00e4rsynthet Optimal syrepermeabilitet L\u00e4mplig f\u00f6r st\u00f6rre korrigeringar En skr\u00e4ddarsydd mjuk lins som levereras speciellt f\u00f6r n\u00e4rsynthet. BYO Premium MC ber\u00e4knas exakt efter storlek med ett unikt ber\u00e4kningsverktyg[\/vc_column_text][\/vc_column][\/vc_row][vc_row][vc_column][vc_tta_tabs][vc_tta_section<\/p>\n","protected":false},"author":172,"featured_media":0,"parent":0,"menu_order":0,"comment_status":"closed","ping_status":"closed","template":"","meta":{"_acf_changed":false,"footnotes":""},"class_list":["post-50463","page","type-page","status-publish","hentry"],"acf":[],"yoast_head":"<!-- This site is optimized with the Yoast SEO plugin v27.4 - https:\/\/yoast.com\/product\/yoast-seo-wordpress\/ -->\n<title>Byo Premium MC - EnsEyes<\/title>\n<meta name=\"robots\" content=\"index, follow, max-snippet:-1, max-image-preview:large, max-video-preview:-1\" \/>\n<link rel=\"canonical\" href=\"https:\/\/enseyes.com\/sv\/byo-premium-mc\/\" \/>\n<meta property=\"og:locale\" content=\"sv_SE\" \/>\n<meta property=\"og:type\" content=\"article\" \/>\n<meta property=\"og:title\" content=\"Byo Premium MC - EnsEyes\" \/>\n<meta property=\"og:description\" content=\"[vc_row][vc_column][vc_single_image image=&#8221;49854&#8243; img_size=&#8221;full&#8221;][\/vc_column][\/vc_row][vc_row][vc_column width=&#8221;1\/3&#8243;][vc_single_image image=&#8221;50409&#8243; img_size=&#8221;medium&#8221;][\/vc_column][vc_column width=&#8221;2\/3&#8243;][vc_column_text] BYO PREMIUM MC Speciellt gjord f\u00f6r n\u00e4rsynthet Optimal syrepermeabilitet L\u00e4mplig f\u00f6r st\u00f6rre korrigeringar En skr\u00e4ddarsydd mjuk lins som levereras speciellt f\u00f6r n\u00e4rsynthet. BYO Premium MC ber\u00e4knas exakt efter storlek med ett unikt ber\u00e4kningsverktyg[\/vc_column_text][\/vc_column][\/vc_row][vc_row][vc_column][vc_tta_tabs][vc_tta_section\" \/>\n<meta property=\"og:url\" content=\"https:\/\/enseyes.com\/sv\/byo-premium-mc\/\" \/>\n<meta property=\"og:site_name\" content=\"EnsEyes\" \/>\n<meta property=\"article:modified_time\" content=\"2024-02-22T13:49:20+00:00\" \/>\n<meta name=\"twitter:card\" content=\"summary_large_image\" \/>\n<meta name=\"twitter:label1\" content=\"Ber\u00e4knad l\u00e4stid\" \/>\n\t<meta name=\"twitter:data1\" content=\"4 minuter\" \/>\n<script type=\"application\/ld+json\" class=\"yoast-schema-graph\">{\"@context\":\"https:\\\/\\\/schema.org\",\"@graph\":[{\"@type\":\"WebPage\",\"@id\":\"https:\\\/\\\/enseyes.com\\\/sv\\\/byo-premium-mc\\\/\",\"url\":\"https:\\\/\\\/enseyes.com\\\/sv\\\/byo-premium-mc\\\/\",\"name\":\"Byo Premium MC - EnsEyes\",\"isPartOf\":{\"@id\":\"https:\\\/\\\/enseyes.com\\\/sv\\\/#website\"},\"datePublished\":\"2021-04-08T14:33:14+00:00\",\"dateModified\":\"2024-02-22T13:49:20+00:00\",\"breadcrumb\":{\"@id\":\"https:\\\/\\\/enseyes.com\\\/sv\\\/byo-premium-mc\\\/#breadcrumb\"},\"inLanguage\":\"sv-SE\",\"potentialAction\":[{\"@type\":\"ReadAction\",\"target\":[\"https:\\\/\\\/enseyes.com\\\/sv\\\/byo-premium-mc\\\/\"]}]},{\"@type\":\"BreadcrumbList\",\"@id\":\"https:\\\/\\\/enseyes.com\\\/sv\\\/byo-premium-mc\\\/#breadcrumb\",\"itemListElement\":[{\"@type\":\"ListItem\",\"position\":1,\"name\":\"Hjem\",\"item\":\"https:\\\/\\\/enseyes.com\\\/sv\\\/\"},{\"@type\":\"ListItem\",\"position\":2,\"name\":\"Byo Premium MC\"}]},{\"@type\":\"WebSite\",\"@id\":\"https:\\\/\\\/enseyes.com\\\/sv\\\/#website\",\"url\":\"https:\\\/\\\/enseyes.com\\\/sv\\\/\",\"name\":\"EnsEyes\",\"description\":\"Cornea Care\",\"potentialAction\":[{\"@type\":\"SearchAction\",\"target\":{\"@type\":\"EntryPoint\",\"urlTemplate\":\"https:\\\/\\\/enseyes.com\\\/sv\\\/?s={search_term_string}\"},\"query-input\":{\"@type\":\"PropertyValueSpecification\",\"valueRequired\":true,\"valueName\":\"search_term_string\"}}],\"inLanguage\":\"sv-SE\"}]}<\/script>\n<!-- \/ Yoast SEO plugin. -->","yoast_head_json":{"title":"Byo Premium MC - EnsEyes","robots":{"index":"index","follow":"follow","max-snippet":"max-snippet:-1","max-image-preview":"max-image-preview:large","max-video-preview":"max-video-preview:-1"},"canonical":"https:\/\/enseyes.com\/sv\/byo-premium-mc\/","og_locale":"sv_SE","og_type":"article","og_title":"Byo Premium MC - EnsEyes","og_description":"[vc_row][vc_column][vc_single_image image=&#8221;49854&#8243; img_size=&#8221;full&#8221;][\/vc_column][\/vc_row][vc_row][vc_column width=&#8221;1\/3&#8243;][vc_single_image image=&#8221;50409&#8243; img_size=&#8221;medium&#8221;][\/vc_column][vc_column width=&#8221;2\/3&#8243;][vc_column_text] BYO PREMIUM MC Speciellt gjord f\u00f6r n\u00e4rsynthet Optimal syrepermeabilitet L\u00e4mplig f\u00f6r st\u00f6rre korrigeringar En skr\u00e4ddarsydd mjuk lins som levereras speciellt f\u00f6r n\u00e4rsynthet. BYO Premium MC ber\u00e4knas exakt efter storlek med ett unikt ber\u00e4kningsverktyg[\/vc_column_text][\/vc_column][\/vc_row][vc_row][vc_column][vc_tta_tabs][vc_tta_section","og_url":"https:\/\/enseyes.com\/sv\/byo-premium-mc\/","og_site_name":"EnsEyes","article_modified_time":"2024-02-22T13:49:20+00:00","twitter_card":"summary_large_image","twitter_misc":{"Ber\u00e4knad l\u00e4stid":"4 minuter"},"schema":{"@context":"https:\/\/schema.org","@graph":[{"@type":"WebPage","@id":"https:\/\/enseyes.com\/sv\/byo-premium-mc\/","url":"https:\/\/enseyes.com\/sv\/byo-premium-mc\/","name":"Byo Premium MC - EnsEyes","isPartOf":{"@id":"https:\/\/enseyes.com\/sv\/#website"},"datePublished":"2021-04-08T14:33:14+00:00","dateModified":"2024-02-22T13:49:20+00:00","breadcrumb":{"@id":"https:\/\/enseyes.com\/sv\/byo-premium-mc\/#breadcrumb"},"inLanguage":"sv-SE","potentialAction":[{"@type":"ReadAction","target":["https:\/\/enseyes.com\/sv\/byo-premium-mc\/"]}]},{"@type":"BreadcrumbList","@id":"https:\/\/enseyes.com\/sv\/byo-premium-mc\/#breadcrumb","itemListElement":[{"@type":"ListItem","position":1,"name":"Hjem","item":"https:\/\/enseyes.com\/sv\/"},{"@type":"ListItem","position":2,"name":"Byo Premium MC"}]},{"@type":"WebSite","@id":"https:\/\/enseyes.com\/sv\/#website","url":"https:\/\/enseyes.com\/sv\/","name":"EnsEyes","description":"Cornea Care","potentialAction":[{"@type":"SearchAction","target":{"@type":"EntryPoint","urlTemplate":"https:\/\/enseyes.com\/sv\/?s={search_term_string}"},"query-input":{"@type":"PropertyValueSpecification","valueRequired":true,"valueName":"search_term_string"}}],"inLanguage":"sv-SE"}]}},"_links":{"self":[{"href":"https:\/\/enseyes.com\/sv\/wp-json\/wp\/v2\/pages\/50463","targetHints":{"allow":["GET"]}}],"collection":[{"href":"https:\/\/enseyes.com\/sv\/wp-json\/wp\/v2\/pages"}],"about":[{"href":"https:\/\/enseyes.com\/sv\/wp-json\/wp\/v2\/types\/page"}],"author":[{"embeddable":true,"href":"https:\/\/enseyes.com\/sv\/wp-json\/wp\/v2\/users\/172"}],"replies":[{"embeddable":true,"href":"https:\/\/enseyes.com\/sv\/wp-json\/wp\/v2\/comments?post=50463"}],"version-history":[{"count":0,"href":"https:\/\/enseyes.com\/sv\/wp-json\/wp\/v2\/pages\/50463\/revisions"}],"wp:attachment":[{"href":"https:\/\/enseyes.com\/sv\/wp-json\/wp\/v2\/media?parent=50463"}],"curies":[{"name":"wp","href":"https:\/\/api.w.org\/{rel}","templated":true}]}}